{"id":796,"date":"2021-11-24T07:17:40","date_gmt":"2021-11-24T07:17:40","guid":{"rendered":"https:\/\/bestcharcoalmachine.com\/?p=796"},"modified":"2022-09-28T16:52:18","modified_gmt":"2022-09-28T08:52:18","slug":"wood-peeling-machine","status":"publish","type":"product","link":"https:\/\/bestcharcoalmachine.com\/fr\/product\/wood-peeling-machine\/","title":{"rendered":"Machine \u00e0 \u00e9plucher le bois | \u00c9corceuse de grumes | Machine \u00e0 \u00e9corcher le bois"},"content":{"rendered":"<div class=\"kk-star-ratings kksr-auto kksr-align-left kksr-valign-top\"     data-payload='{&quot;align&quot;:&quot;left&quot;,&quot;id&quot;:&quot;796&quot;,&quot;slug&quot;:&quot;default&quot;,&quot;valign&quot;:&quot;top&quot;,&quot;ignore&quot;:&quot;&quot;,&quot;reference&quot;:&quot;auto&quot;,&quot;class&quot;:&quot;&quot;,&quot;count&quot;:&quot;11&quot;,&quot;legendonly&quot;:&quot;&quot;,&quot;readonly&quot;:&quot;&quot;,&quot;score&quot;:&quot;4.8&quot;,&quot;starsonly&quot;:&quot;&quot;,&quot;best&quot;:&quot;5&quot;,&quot;gap&quot;:&quot;5&quot;,&quot;greet&quot;:&quot;Rate this product&quot;,&quot;legend&quot;:&quot;4.8\\\/5 - (11 votes)&quot;,&quot;size&quot;:&quot;24&quot;,&quot;title&quot;:&quot;Wood Peeling Machine | Log Debarker | Wood Debarking Machine&quot;,&quot;width&quot;:&quot;136.7&quot;,&quot;_legend&quot;:&quot;{score}\\\/{best} - ({count} {votes})&quot;,&quot;font_factor&quot;:&quot;1.25&quot;}'>              <div class=\"kksr-stars\">      <div class=\"kksr-stars-inactive\">             <div class=\"kksr-star\" data-star=\"1\" style=\"padding-right: 5px\">               <div class=\"kksr-icon\" style=\"width: 24px; height: 24px;\"><\/div>         <\/div>             <div class=\"kksr-star\" data-star=\"2\" style=\"padding-right: 5px\">               <div class=\"kksr-icon\" style=\"width: 24px; height: 24px;\"><\/div>         <\/div>             <div class=\"kksr-star\" data-star=\"3\" style=\"padding-right: 5px\">               <div class=\"kksr-icon\" style=\"width: 24px; height: 24px;\"><\/div>         <\/div>             <div class=\"kksr-star\" data-star=\"4\" style=\"padding-right: 5px\">               <div class=\"kksr-icon\" style=\"width: 24px; height: 24px;\"><\/div>         <\/div>             <div class=\"kksr-star\" data-star=\"5\" style=\"padding-right: 5px\">               <div class=\"kksr-icon\" style=\"width: 24px; height: 24px;\"><\/div>         <\/div>     <\/div>      <div class=\"kksr-stars-active\" style=\"width: 136.7px;\">             <div class=\"kksr-star\" style=\"padding-right: 5px\">               <div class=\"kksr-icon\" style=\"width: 24px; height: 24px;\"><\/div>         <\/div>             <div class=\"kksr-star\" style=\"padding-right: 5px\">               <div class=\"kksr-icon\" style=\"width: 24px; height: 24px;\"><\/div>         <\/div>             <div class=\"kksr-star\" style=\"padding-right: 5px\">               <div class=\"kksr-icon\" style=\"width: 24px; height: 24px;\"><\/div>         <\/div>             <div class=\"kksr-star\" style=\"padding-right: 5px\">               <div class=\"kksr-icon\" style=\"width: 24px; height: 24px;\"><\/div>         <\/div>             <div class=\"kksr-star\" style=\"padding-right: 5px\">               <div class=\"kksr-icon\" style=\"width: 24px; height: 24px;\"><\/div>         <\/div>     <\/div> <\/div>                   <div class=\"kksr-legend\" style=\"font-size: 19.2px;\">             4,8\/5 - (11 votes)    <\/div>     <\/div>  <p>La machine \u00e0 \u00e9plucher le bois, \u00e9galement appel\u00e9e machine \u00e0 \u00e9corcher le bois, appartient \u00e0 une s\u00e9rie de produits de machines de transformation du bois. Comme son nom l\u2019indique, l\u2019\u00e9quipement sert \u00e0 d\u00e9coller l\u2019\u00e9corce du bois. Le bois \u00e9corch\u00e9 est meilleur pour la suite du processus afin d'apporter plus de profits. Il existe une machine \u00e0 \u00e9plucher les grumes verticales et une \u00e9corceuse \u00e0 grumes horizontale \u00e0 vendre. Le type vertical s'applique au bois de 5 \u00e0 35 cm de diam\u00e8tre. Tandis que l'horizontale peut traiter des b\u00fbches d'un diam\u00e8tre ne d\u00e9passant pas 30 cm. Tous deux ont leurs propres caract\u00e9ristiques et mod\u00e8les diff\u00e9rents. Vous pouvez choisir le type appropri\u00e9 en fonction de vos besoins.<\/p>    <h2 class=\"wp-block-heading\">Mati\u00e8res premi\u00e8res et industries applicables pour l'\u00e9corceuse de grumes<\/h2>    <p>La machine \u00e0 \u00e9plucher le bois peut \u00e9corcer diff\u00e9rents types de bois avec diff\u00e9rents types, diam\u00e8tres et longueurs, tels que l'eucalyptus, les arbres fruitiers, le pin, le criquet, le h\u00eatre, l'acacia, etc. La machine \u00e0 \u00e9plucher verticale convient au diam\u00e8tre du bois de 5 \u00e0 35 cm. . Tandis que l'horizontale ne peut traiter que des b\u00fbches d'un diam\u00e8tre de 30 cm maximum. L'\u00e9quipement convient aux grandes, moyennes et petites usines de papier, aux usines de p\u00e2te \u00e0 papier, aux usines de copeaux de bois, aux usines de transformation du bois, aux usines de panneaux \u00e0 base de bois (contreplaqu\u00e9, panneaux de fibres de densit\u00e9 moyenne, panneaux de densit\u00e9), etc.<\/p>    <figure class=\"wp-block-gallery has-nested-images columns-default is-cropped wp-block-gallery-2 is-layout-flex wp-block-gallery-is-layout-flex\"> <figure class=\"wp-block-image size-large\"><img loading=\"lazy\" decoding=\"async\" width=\"720\" height=\"540\" data-id=\"2587\" src=\"https:\/\/bestcharcoalmachine.com\/wp-content\/uploads\/2021\/11\/raw-material-log.jpg\" alt=\"mati\u00e8re premi\u00e8re\" class=\"wp-image-2587\"\/><figcaption>mati\u00e8re premi\u00e8re<\/figcaption><\/figure>    <figure class=\"wp-block-image size-large\"><img loading=\"lazy\" decoding=\"async\" width=\"720\" height=\"540\" data-id=\"2588\" src=\"https:\/\/bestcharcoalmachine.com\/wp-content\/uploads\/2021\/11\/vertical-type-wood-peeling-effect-1.jpg\" alt=\"effet de pelage du bois de type vertical\" class=\"wp-image-2588\"\/><figcaption>effet de pelage du bois de type vertical<\/figcaption><\/figure> <\/figure>    <h2 class=\"wp-block-heading\" id=\"h-vertical-log-debarker\">\u00c9corceuse de grumes verticale <\/h2>    <h3 class=\"wp-block-heading\">Br\u00e8ve description de la machine \u00e0 \u00e9plucher le bois verticale<\/h3>    <p>L'\u00e9corceuse verticale convient \u00e0 ces grumes d'un diam\u00e8tre de bois compris entre 5 cm et 35 cm. La mati\u00e8re premi\u00e8re commune fait r\u00e9f\u00e9rence \u00e0 l'eucalyptus, aux arbres fruitiers, au pin, au criquet, au h\u00eatre, \u00e0 l'acacia, etc. L'\u00e9quipement se compose principalement d'un ch\u00e2ssis, de 4 rouleaux d'alimentation, d'un disque de coupe avec 4 couteaux, de 4 rouleaux de d\u00e9chargement, etc. Par rapport aux \u00e9corceuses horizontales, le type vertical peut peler plus proprement. Chaque minute peut g\u00e9rer 10 minutes. Si le bois est trop long et trop lourd, vous pouvez l'associer \u00e0 un convoyeur d'alimentation pour \u00e9conomiser du travail et du temps, am\u00e9liorant ainsi l'efficacit\u00e9.<\/p>    <figure class=\"wp-block-image aligncenter size-full\"><img loading=\"lazy\" decoding=\"async\" width=\"720\" height=\"540\" src=\"https:\/\/bestcharcoalmachine.com\/wp-content\/uploads\/2021\/11\/log-debarker.jpg\" alt=\"\u00e9corceuse de grumes\" class=\"wp-image-2591\"\/><figcaption>\u00e9corceuse de grumes<\/figcaption><\/figure>    <h3 class=\"wp-block-heading\">Principe de fonctionnement de l'\u00e9corceuse de bois verticale<\/h3>    <p>Lorsque le bois est introduit dans les rouleaux d'alimentation, il sera pouss\u00e9 vers l'avant vers le disque de coupe, puis les quatre lames s'ouvriront et tourneront rapidement autour du bois. Pendant le processus, les lames agissent en continu sur la surface de la b\u00fbche pour d\u00e9coller l'\u00e9corce du bois. Finalement, la partie pel\u00e9e avancera et sortira des rouleaux de d\u00e9chargement. L'effet peeling est excellent, pratique pour le traiter davantage.<\/p>    <figure class=\"wp-block-gallery has-nested-images columns-default is-cropped wp-block-gallery-3 is-layout-flex wp-block-gallery-is-layout-flex\"> <figure class=\"wp-block-image size-large\"><img loading=\"lazy\" decoding=\"async\" width=\"720\" height=\"540\" data-id=\"2571\" src=\"https:\/\/bestcharcoalmachine.com\/wp-content\/uploads\/2021\/11\/feeding-rollers_.jpg\" alt=\"\" class=\"wp-image-2571\"\/><figcaption>rouleaux d'alimentation<\/figcaption><\/figure>    <figure class=\"wp-block-image size-large\"><img loading=\"lazy\" decoding=\"async\" width=\"720\" height=\"540\" data-id=\"2572\" src=\"https:\/\/bestcharcoalmachine.com\/wp-content\/uploads\/2021\/11\/four-spinning-blades_.jpg\" alt=\"quatre lames tournantes\" class=\"wp-image-2572\"\/><figcaption>quatre lames tournantes<\/figcaption><\/figure> <\/figure>    <figure class=\"wp-block-gallery has-nested-images columns-default is-cropped wp-block-gallery-4 is-layout-flex wp-block-gallery-is-layout-flex\"> <figure class=\"wp-block-image size-large\"><img loading=\"lazy\" decoding=\"async\" width=\"720\" height=\"540\" data-id=\"2574\" src=\"https:\/\/bestcharcoalmachine.com\/wp-content\/uploads\/2021\/11\/feeding-roller.jpg\" alt=\"\" class=\"wp-image-2574\"\/><figcaption>rouleau d'alimentation<\/figcaption><\/figure>    <figure class=\"wp-block-image size-large\"><img loading=\"lazy\" decoding=\"async\" width=\"720\" height=\"540\" data-id=\"2575\" src=\"https:\/\/bestcharcoalmachine.com\/wp-content\/uploads\/2021\/11\/metal-spring-for-tightness_-1.jpg\" alt=\"ressort m\u00e9tallique pour l&#039;\u00e9tanch\u00e9it\u00e9\" class=\"wp-image-2575\"\/><figcaption>ressort m\u00e9tallique pour l'\u00e9tanch\u00e9it\u00e9<\/figcaption><\/figure> <\/figure>    <h3 class=\"wp-block-heading\" id=\"h-working-video-of-wood-debaking-machine\">Vid\u00e9o de travail de la machine \u00e0 d\u00e9mouler le bois<\/h3>    <p>Des clients chiliens ont achet\u00e9 nos \u00e9plucheuses verticales et les ont imm\u00e9diatement mises en service. Apr\u00e8s l'avoir utilis\u00e9, ils ont \u00e9t\u00e9 tr\u00e8s satisfaits de l'\u00e9plucheur et nous ont envoy\u00e9 une vid\u00e9o de la machine en action. La vid\u00e9o montre le processus de travail utilisant le mouvement lent des lames pelant l'\u00e9corce de la b\u00fbche.<\/p>    <figure class=\"wp-block-embed is-type-video is-provider-youtube wp-block-embed-youtube wp-embed-aspect-16-9 wp-has-aspect-ratio\"><div class=\"wp-block-embed__wrapper\"> <iframe loading=\"lazy\" title=\"2022 meilleure machine \u00e0 \u00e9plucher le bois verticale | Machine \u00e0 \u00e9corcer les grumes \u00e0 vendre\" width=\"500\" height=\"281\" src=\"https:\/\/www.youtube.com\/embed\/lPXq06hmcmY?start=7&#038;feature=oembed\" frameborder=\"0\" allow=\"accelerometer; autoplay; clipboard-write; encrypted-media; gyroscope; picture-in-picture; web-share\" referrerpolicy=\"strict-origin-when-cross-origin\" allowfullscreen><\/iframe> <\/div><\/figure>    <h3 class=\"wp-block-heading\" id=\"h-features-of-vertical-log-debbarker\">Caract\u00e9ristiques de l'\u00e9corceuse de grumes verticale<\/h3>    <p>1. Les machines \u00e0 \u00e9plucher le bois verticales utilisent une conception ouverte. Alimentation du bois d'un c\u00f4t\u00e9, et le bois sera \u00e9vacu\u00e9 de l'autre c\u00f4t\u00e9. L'\u00e9corceuse \u00e0 grumes con\u00e7ue avec quatre lames pr\u00e9sente un degr\u00e9 de pelage \u00e9lev\u00e9, une productivit\u00e9 \u00e9lev\u00e9e et de petits dommages au bois.<\/p>    <p>2. \u00c0 l'aide de la machine \u00e0 \u00e9plucher verticale, le mat\u00e9riau peut \u00eatre aliment\u00e9 par une extr\u00e9mit\u00e9 et d\u00e9charg\u00e9 par l'autre extr\u00e9mit\u00e9 pour le fonctionnement de la cha\u00eene de montage, ce qui \u00e9limine le besoin de coupures de courant pour l'alimentation et la d\u00e9charge.<\/p>    <figure class=\"wp-block-gallery has-nested-images columns-default is-cropped wp-block-gallery-5 is-layout-flex wp-block-gallery-is-layout-flex\"> <figure class=\"wp-block-image size-large\"><img loading=\"lazy\" decoding=\"async\" width=\"720\" height=\"540\" data-id=\"2577\" src=\"https:\/\/bestcharcoalmachine.com\/wp-content\/uploads\/2021\/11\/wood-peeling-machine-working-scene.jpg\" alt=\"\" class=\"wp-image-2577\"\/><figcaption>sc\u00e8ne de travail de la machine \u00e0 \u00e9plucher le bois<\/figcaption><\/figure>    <figure class=\"wp-block-image size-large\"><img loading=\"lazy\" decoding=\"async\" width=\"720\" height=\"540\" data-id=\"2578\" src=\"https:\/\/bestcharcoalmachine.com\/wp-content\/uploads\/2021\/11\/designed-with-four-blades.jpg\" alt=\"con\u00e7u avec quatre lames\" class=\"wp-image-2578\"\/><figcaption>con\u00e7u avec quatre lames<\/figcaption><\/figure> <\/figure>    <p class=\"translation-block\">3. La machine \u00e0 \u00e9corcer peut traiter une large gamme de mati\u00e8res premi\u00e8res, et peut \u00e9corcer des segments de bois de diff\u00e9rentes esp\u00e8ces d'arbres, diam\u00e8tres et longueurs, et le taux d'\u00e9cor\u00e7age peut atteindre 90 %. Le bois provenant de l'\u00e9corce peut \u00eatre utilis\u00e9 pour <a href=\"https:\/\/bestcharcoalmachine.com\/fr\/wood-working-equipment\/wood-shaving-machine\/\">des copeaux de bois<\/a>, la sculpture sur bois, ou <a href=\"https:\/\/bestcharcoalmachine.com\/fr\/wood-working-equipment\/wood-chipper\/\">\u00eatre broy\u00e9 en copeaux de bois<\/a> pour fabriquer du papier.<\/p>    <p>4. Parce que le bo\u00eetier est fixe, la machine \u00e0 \u00e9plucher le bois verticale a une faible consommation d'\u00e9nergie, une faible charge de travail de maintenance et des vibrations et un bruit beaucoup plus faibles que les machines \u00e0 \u00e9plucher g\u00e9n\u00e9rales.<\/p>    <p>5. L'\u00e9corceuse de bois peut \u00eatre \u00e9quip\u00e9e de lignes de production automatiques en fonction des besoins du client et des exigences du site. La b\u00fbche la plus longue est sci\u00e9e en petits morceaux de taille \u00e9gale, puis \u00e9quip\u00e9e d'un convoyeur pour alimenter automatiquement le mat\u00e9riau, le rouleau d'alimentation enverra le bois dans la machine \u00e0 \u00e9plucher le bois, puis le bois pel\u00e9 sera laiss\u00e9 tomber par le rouleau de sortie.<\/p>    <h3 class=\"wp-block-heading\">Les donn\u00e9es techniques de la machine \u00e0 \u00e9plucher le bois verticale<\/h3>    <figure class=\"wp-block-table is-style-stripes\"><table><tbody><tr><td>Mod\u00e8le<\/td><td>WD-WP320<\/td><td>WD-WP370<\/td><\/tr><tr><td>Pouvoir<\/td><td>7,5+2,2 kW<\/td><td>7,5+2,2 kW<\/td><\/tr><tr><td>Vitesse de travail<\/td><td>10 m\/min<\/td><td>10 m\/min<\/td><\/tr><tr><td>Diam\u00e8tre du bois applicable<\/td><td>50-320mm<\/td><td>80-350mm<\/td><\/tr><tr><td>Taille de la machine<\/td><td>2450*1400*1700mm<\/td><td>2450*1400*1700mm<\/td><\/tr><\/tbody><\/table><\/figure>    <p>La principale diff\u00e9rence entre les deux mod\u00e8les r\u00e9side dans les diam\u00e8tres du bois. L'entr\u00e9e de l'\u00e9corceuse de grumes WD-WP320 peut accueillir des grumes d'un diam\u00e8tre de 50 \u00e0 320 mm. Pendant ce temps, l'orifice d'alimentation de la machine \u00e0 \u00e9plucher le bois WD-WP370 peut traiter des diam\u00e8tres de 80 \u00e0 350 mm. De plus, les autres param\u00e8tres de ces deux mod\u00e8les sont les m\u00eames.<\/p>    <h2 class=\"wp-block-heading\">\u00c9corceuse de bois horizontale<\/h2>    <h3 class=\"wp-block-heading\">Description de l'\u00e9corceuse de grumes horizontale<\/h3>    <p>Les machines \u00e0 \u00e9plucher les b\u00fbches de bois horizontales peuvent traiter diff\u00e9rents types de bois d'un diam\u00e8tre ne d\u00e9passant pas 30 cm. La machine se compose d'une chambre de pelage, de rouleaux \u00e0 couteaux doubles (ou simples), de moteurs doubles (ou simples) et d'un orifice de d\u00e9charge. Les mati\u00e8res premi\u00e8res sont des b\u00fbches ou des branches de petit diam\u00e8tre et de forme incurv\u00e9e. Il peut traiter plusieurs types de bois ensemble, m\u00eame s\u2019ils sont de tailles diff\u00e9rentes. La longueur commune de la chambre d'\u00e9cor\u00e7age de la machine est de 5 m, 6 m, 12 m, etc. Et elle peut \u00eatre allong\u00e9e en fonction des besoins des clients. En outre, il adopte un mat\u00e9riau durable avec une longue dur\u00e9e de service.<\/p>    <figure class=\"wp-block-image aligncenter size-full\"><img loading=\"lazy\" decoding=\"async\" width=\"720\" height=\"540\" src=\"https:\/\/bestcharcoalmachine.com\/wp-content\/uploads\/2021\/11\/horizontal-log-debarker.jpg\" alt=\"\u00e9corceuse \u00e0 grumes horizontale\" class=\"wp-image-2579\"\/><figcaption>\u00e9corceuse \u00e0 grumes horizontale<\/figcaption><\/figure>    <h3 class=\"wp-block-heading\">Comment fonctionne l\u2019\u00e9corceuse \u00e0 bois horizontale ?<\/h3>    <p>Mettez les mati\u00e8res premi\u00e8res dans la chambre de pelage manuellement ou \u00e0 la machine. Les rouleaux \u00e0 couteaux tournent autour de leur propre axe pour frotter la surface de ces bois et les faire rouler de mani\u00e8re irr\u00e9guli\u00e8re. Sous le frottement entre les rouleaux de lames et le bois, le bois et le bois, et le bois et la machine, les \u00e9corces de ces b\u00fbches se d\u00e9collent rapidement.<\/p>    <figure class=\"wp-block-image aligncenter size-full\"><img loading=\"lazy\" decoding=\"async\" width=\"720\" height=\"540\" src=\"https:\/\/bestcharcoalmachine.com\/wp-content\/uploads\/2021\/11\/double-knife-rollers-of-horizontal-wood-debarker.jpg\" alt=\"rouleaux-\u00e0-double-couteau-d&#039;\u00e9corceuse-\u00e0-bois-horizontale\" class=\"wp-image-2580\"\/><figcaption>rouleaux-\u00e0-double-couteau-d'\u00e9corceuse-\u00e0-bois-horizontale<\/figcaption><\/figure>    <h3 class=\"wp-block-heading\" id=\"h-advantages-of-horizontal-wood-debarking-machine\">Avantages de la machine \u00e0 \u00e9corcer le bois horizontale<\/h3>    <p>La machine d'\u00e9cor\u00e7age horizontale a une grande capacit\u00e9 de traitement, une efficacit\u00e9 de travail \u00e9lev\u00e9e, une structure solide et des mat\u00e9riaux de fabrication r\u00e9sistants \u00e0 l'usure. En outre, l\u2019\u00e9quipement peut traiter ensemble diff\u00e9rentes tailles de bois, du plus petit au plus gros. Mais elle ne peut pas atteindre un excellent effet de pelage identique \u00e0 celui de la machine \u00e0 peler verticale. Par cons\u00e9quent, il est pr\u00e9f\u00e9rable de choisir le type vertical si vous avez des exigences \u00e9lev\u00e9es concernant le degr\u00e9 de pelage.<\/p>    <h3 class=\"wp-block-heading\">Param\u00e8tres de la machine \u00e0 \u00e9plucher le bois horizontale<\/h3>    <figure class=\"wp-block-table is-style-stripes\"><table><tbody><tr><td>Mod\u00e8le<\/td><td>6m (un seul rouleau)<\/td><td>6m (doubles rouleaux)<\/td><td>9m (doubles rouleaux)<\/td><td>12m (doubles rouleaux)<\/td><\/tr><tr><td>Capacit\u00e9<\/td><td>3-7 t\/h<\/td><td>7-15 t\/h<\/td><td>15-25t\/heure<\/td><td>25-30t\/heure<\/td><\/tr><tr><td>Pouvoir<\/td><td>7,5 kW<\/td><td>7,5*2kw<\/td><td>7,5*2kw<\/td><td>7,5*2kw<\/td><\/tr><tr><td>Longueur<\/td><td>6300mm<\/td><td>6300mm<\/td><td>9000 mm<\/td><td>12600mm<\/td><\/tr><tr><td>Largeur<\/td><td>1200 mm<\/td><td>1310mm<\/td><td>1500mm<\/td><td>1550 mm<\/td><\/tr><tr><td>Hauteur<\/td><td>1500mm<\/td><td>1550 mm<\/td><td>1600mm<\/td><td>1650 mm<\/td><\/tr><\/tbody><\/table><\/figure>    <h2 class=\"wp-block-heading\">Modes d'alimentation de l'\u00e9corceuse de grumes<\/h2>    <p>Nous proposons deux options de dispositifs d'alimentation entra\u00een\u00e9s, moteur \u00e9lectrique ou moteur diesel. Le moteur \u00e9lectrique est de petite taille, peu bruyant et doit \u00eatre connect\u00e9 \u00e0 l\u2019alimentation \u00e9lectrique. Elle est limit\u00e9e par la g\u00e9ographie, par exemple par le travail sur le terrain loin de la source d'\u00e9nergie. Alors que le moteur diesel a une forte puissance, solide et durable, fonctionne de mani\u00e8re fiable, s'appliquant aux travaux sur le terrain sans \u00e9lectricit\u00e9. Mais son bruit est fort et le moteur diesel a du mal \u00e0 d\u00e9marrer en hiver. Vous pouvez choisir celui qui vous convient en fonction de votre situation r\u00e9elle. Si vous avez des questions ou des doutes, n'h\u00e9sitez pas \u00e0 nous consulter.<\/p>    <figure class=\"wp-block-gallery has-nested-images columns-default is-cropped wp-block-gallery-6 is-layout-flex wp-block-gallery-is-layout-flex\"> <figure class=\"wp-block-image size-large\"><img loading=\"lazy\" decoding=\"async\" width=\"720\" height=\"540\" data-id=\"2581\" src=\"https:\/\/bestcharcoalmachine.com\/wp-content\/uploads\/2021\/11\/the-vertical-wood-debarking-machine-with-an-electric-motor-1.jpg\" alt=\"l&#039;\u00e9corceuse-verticale-\u00e0-bois-avec-moteur-\u00e9lectrique\" class=\"wp-image-2581\"\/><figcaption>l'\u00e9corceuse-verticale-\u00e0-bois-avec-moteur-\u00e9lectrique<\/figcaption><\/figure>    <figure class=\"wp-block-image size-large\"><img loading=\"lazy\" decoding=\"async\" width=\"720\" height=\"540\" data-id=\"2582\" src=\"https:\/\/bestcharcoalmachine.com\/wp-content\/uploads\/2021\/11\/the-diesel-generator-vertical-log-debarking-machine-1.jpg\" alt=\"la-machine-d&#039;\u00e9cor\u00e7age-de-grumes-verticales-avec-g\u00e9n\u00e9rateur-diesel\" class=\"wp-image-2582\"\/><figcaption>la-machine-d'\u00e9cor\u00e7age-de-grumes-verticales-avec-g\u00e9n\u00e9rateur-diesel<\/figcaption><\/figure> <\/figure>    <h2 class=\"wp-block-heading\" id=\"h-loading-and-delivery-of-wood-peeling-machine\">Chargement et livraison de la machine \u00e0 \u00e9plucher le bois<\/h2>    <figure class=\"wp-block-gallery has-nested-images columns-default is-cropped wp-block-gallery-7 is-layout-flex wp-block-gallery-is-layout-flex\"> <figure class=\"wp-block-image size-large\"><img loading=\"lazy\" decoding=\"async\" width=\"720\" height=\"540\" data-id=\"2583\" src=\"https:\/\/bestcharcoalmachine.com\/wp-content\/uploads\/2021\/11\/delivery-package-of-the-wood-peeling-machine.jpg\" alt=\"colis-de-livraison-de-la-machine-\u00e0-\u00e9plucher-le-bois\" class=\"wp-image-2583\"\/><figcaption>colis-de-livraison-de-la-machine-\u00e0-\u00e9plucher-le-bois<\/figcaption><\/figure>    <figure class=\"wp-block-image size-large\"><img loading=\"lazy\" decoding=\"async\" width=\"720\" height=\"540\" data-id=\"2584\" src=\"https:\/\/bestcharcoalmachine.com\/wp-content\/uploads\/2021\/11\/log-debarking-machine-with-plastic-protection-films.jpg\" alt=\"\u00e9corceuse-de-grumes-avec-films-de-protection-plastique\" class=\"wp-image-2584\"\/><figcaption>\u00e9corceuse-de-grumes-avec-films-de-protection-plastique<\/figcaption><\/figure> <\/figure>    <figure class=\"wp-block-gallery has-nested-images columns-default is-cropped wp-block-gallery-8 is-layout-flex wp-block-gallery-is-layout-flex\"> <figure class=\"wp-block-image size-large\"><img loading=\"lazy\" decoding=\"async\" width=\"720\" height=\"540\" data-id=\"2585\" src=\"https:\/\/bestcharcoalmachine.com\/wp-content\/uploads\/2021\/11\/wood-paking-box-1.jpg\" alt=\"caisse-d&#039;emballage-en-bois\" class=\"wp-image-2585\"\/><figcaption>caisse-d'emballage-en-bois<\/figcaption><\/figure>    <figure class=\"wp-block-image size-large\"><img loading=\"lazy\" decoding=\"async\" width=\"720\" height=\"540\" data-id=\"2586\" src=\"https:\/\/bestcharcoalmachine.com\/wp-content\/uploads\/2021\/11\/loading-and-delivery-1-2.jpg\" alt=\"chargement et livraison\" class=\"wp-image-2586\"\/><figcaption>chargement et livraison<\/figcaption><\/figure> <\/figure>    <h2 class=\"wp-block-heading\" id=\"h-successful-cases-of-wood-peeling-machine\">Cas r\u00e9ussis de machine \u00e0 \u00e9plucher le bois<\/h2>    <p class=\"translation-block\">Notre <a href=\"https:\/\/bestcharcoalmachine.com\/fr\/info\/one-log-debarking-machine-exported-to-ukraine\/\">client en Ukraine a r\u00e9cemment choisi notre \u00e9corceur de b\u00fbches<\/a> et son usine de transformation du bois a besoin d'une machine \u00e0 \u00e9corcer le bois pour enlever les \u00e9corces des b\u00fbches. Apr\u00e8s avoir compris les besoins du client, notre directeur des ventes Beco lui a envoy\u00e9 tous les param\u00e8tres de l'\u00e9plucheur de bois, et le client ukrainien a trouv\u00e9 que le mod\u00e8le WD-250 \u00e9tait le plus id\u00e9al. Apr\u00e8s la pr\u00e9sentation patiente et professionnelle de Beco, le client a pass\u00e9 une commande pour notre machine \u00e0 \u00e9plucher le bois, qui est maintenant en service.<\/p>    <h2 class=\"wp-block-heading\" id=\"h-wood-debarker-feedback-video-from-customers\">Vid\u00e9o de commentaires des clients sur l'\u00e9corceuse de bois<\/h2>    <p>Notre client en Bulgarie a achet\u00e9 notre \u00e9corceuse de bois, apr\u00e8s avoir re\u00e7u l'\u00e9corceuse lod, il a commenc\u00e9 \u00e0 l'utiliser dans son usine de bois. Ils ont pris une vid\u00e9o de commentaires et ont d\u00e9clar\u00e9 que l\u2019\u00e9corceuse de grumes \u00e9tait de bonne qualit\u00e9. La vid\u00e9o suivante est tir\u00e9e de notre client.<\/p>    <figure class=\"wp-block-embed is-type-video is-provider-youtube wp-block-embed-youtube wp-embed-aspect-16-9 wp-has-aspect-ratio\"><div class=\"wp-block-embed__wrapper\"> <iframe loading=\"lazy\" title=\"Commentaires sur la machine \u00e0 \u00e9corcer le bois d&#039;un client en Bulgarie | Vid\u00e9o de travail de la machine \u00e0 \u00e9plucher les b\u00fbches\" width=\"500\" height=\"281\" src=\"https:\/\/www.youtube.com\/embed\/d6mxaB_xkY0?start=28&#038;feature=oembed\" frameborder=\"0\" allow=\"accelerometer; autoplay; clipboard-write; encrypted-media; gyroscope; picture-in-picture; web-share\" referrerpolicy=\"strict-origin-when-cross-origin\" allowfullscreen><\/iframe> <\/div><\/figure>","protected":false},"excerpt":{"rendered":"<p>La machine \u00e0 \u00e9plucher le bois est utilis\u00e9e pour d\u00e9coller l\u2019\u00e9corce des b\u00fbches. \u00e9corceuse de b\u00fbches verticale pour 5-35 cm et horizontale pour un diam\u00e8tre ne d\u00e9passant pas 30 cm<\/p>","protected":false},"author":1,"featured_media":2219,"parent":0,"template":"","tags":[],"product-type":[51],"class_list":["post-796","product","type-product","status-publish","has-post-thumbnail","hentry","product-type-wood-working-equipment"],"_links":{"self":[{"href":"https:\/\/bestcharcoalmachine.com\/fr\/wp-json\/wp\/v2\/product\/796","targetHints":{"allow":["GET"]}}],"collection":[{"href":"https:\/\/bestcharcoalmachine.com\/fr\/wp-json\/wp\/v2\/product"}],"about":[{"href":"https:\/\/bestcharcoalmachine.com\/fr\/wp-json\/wp\/v2\/types\/product"}],"author":[{"embeddable":true,"href":"https:\/\/bestcharcoalmachine.com\/fr\/wp-json\/wp\/v2\/users\/1"}],"wp:featuredmedia":[{"embeddable":true,"href":"https:\/\/bestcharcoalmachine.com\/fr\/wp-json\/wp\/v2\/media\/2219"}],"wp:attachment":[{"href":"https:\/\/bestcharcoalmachine.com\/fr\/wp-json\/wp\/v2\/media?parent=796"}],"wp:term":[{"taxonomy":"post_tag","embeddable":true,"href":"https:\/\/bestcharcoalmachine.com\/fr\/wp-json\/wp\/v2\/tags?post=796"},{"taxonomy":"product-type","embeddable":true,"href":"https:\/\/bestcharcoalmachine.com\/fr\/wp-json\/wp\/v2\/product-type?post=796"}],"curies":[{"name":"wp","href":"https:\/\/api.w.org\/{rel}","templated":true}]}}