{"id":720,"date":"2021-11-24T06:39:43","date_gmt":"2021-11-24T06:39:43","guid":{"rendered":"https:\/\/bestcharcoalmachine.com\/?p=720"},"modified":"2025-09-12T17:02:12","modified_gmt":"2025-09-12T09:02:12","slug":"wood-shaving-machine","status":"publish","type":"product","link":"https:\/\/bestcharcoalmachine.com\/fr\/product\/wood-shaving-machine\/","title":{"rendered":"Machine \u00e0 raser le bois pour liti\u00e8re d'animaux | Machine \u00e0 raser les b\u00fbches de bois"},"content":{"rendered":"<div class=\"kk-star-ratings kksr-auto kksr-align-left kksr-valign-top\"     data-payload='{&quot;align&quot;:&quot;left&quot;,&quot;id&quot;:&quot;720&quot;,&quot;slug&quot;:&quot;default&quot;,&quot;valign&quot;:&quot;top&quot;,&quot;ignore&quot;:&quot;&quot;,&quot;reference&quot;:&quot;auto&quot;,&quot;class&quot;:&quot;&quot;,&quot;count&quot;:&quot;21&quot;,&quot;legendonly&quot;:&quot;&quot;,&quot;readonly&quot;:&quot;&quot;,&quot;score&quot;:&quot;4.7&quot;,&quot;starsonly&quot;:&quot;&quot;,&quot;best&quot;:&quot;5&quot;,&quot;gap&quot;:&quot;5&quot;,&quot;greet&quot;:&quot;Rate this product&quot;,&quot;legend&quot;:&quot;4.7\\\/5 - (21 votes)&quot;,&quot;size&quot;:&quot;24&quot;,&quot;title&quot;:&quot;Wood Shaving Machine for Animal Bedding | Wood Log Shaver Machine&quot;,&quot;width&quot;:&quot;133.8&quot;,&quot;_legend&quot;:&quot;{score}\\\/{best} - ({count} {votes})&quot;,&quot;font_factor&quot;:&quot;1.25&quot;}'>              <div class=\"kksr-stars\">      <div class=\"kksr-stars-inactive\">             <div class=\"kksr-star\" data-star=\"1\" style=\"padding-right: 5px\">               <div class=\"kksr-icon\" style=\"width: 24px; height: 24px;\"><\/div>         <\/div>             <div class=\"kksr-star\" data-star=\"2\" style=\"padding-right: 5px\">               <div class=\"kksr-icon\" style=\"width: 24px; height: 24px;\"><\/div>         <\/div>             <div class=\"kksr-star\" data-star=\"3\" style=\"padding-right: 5px\">               <div class=\"kksr-icon\" style=\"width: 24px; height: 24px;\"><\/div>         <\/div>             <div class=\"kksr-star\" data-star=\"4\" style=\"padding-right: 5px\">               <div class=\"kksr-icon\" style=\"width: 24px; height: 24px;\"><\/div>         <\/div>             <div class=\"kksr-star\" data-star=\"5\" style=\"padding-right: 5px\">               <div class=\"kksr-icon\" style=\"width: 24px; height: 24px;\"><\/div>         <\/div>     <\/div>      <div class=\"kksr-stars-active\" style=\"width: 133.8px;\">             <div class=\"kksr-star\" style=\"padding-right: 5px\">               <div class=\"kksr-icon\" style=\"width: 24px; height: 24px;\"><\/div>         <\/div>             <div class=\"kksr-star\" style=\"padding-right: 5px\">               <div class=\"kksr-icon\" style=\"width: 24px; height: 24px;\"><\/div>         <\/div>             <div class=\"kksr-star\" style=\"padding-right: 5px\">               <div class=\"kksr-icon\" style=\"width: 24px; height: 24px;\"><\/div>         <\/div>             <div class=\"kksr-star\" style=\"padding-right: 5px\">               <div class=\"kksr-icon\" style=\"width: 24px; height: 24px;\"><\/div>         <\/div>             <div class=\"kksr-star\" style=\"padding-right: 5px\">               <div class=\"kksr-icon\" style=\"width: 24px; height: 24px;\"><\/div>         <\/div>     <\/div> <\/div>                   <div class=\"kksr-legend\" style=\"font-size: 19.2px;\">             4,7\/5 - (21 votes)    <\/div>     <\/div>  <p class=\"translation-block\">La machine \u00e0 copeaux de bois peut transformer des grumes, des branches, des b\u00e2tons et des planches en copeaux de bois. C'est une machine id\u00e9ale pour les usines de panneaux de copeaux, les usines de panneaux, les scieries et les papeteries. Les produits finis peuvent \u00eatre utilis\u00e9s pour la liti\u00e8re animale, les panneaux et le transport, etc. Avec une capacit\u00e9 de traitement de <strong>300\u20132500 kg\/h<\/strong>, elle r\u00e9pond aux besoins de production \u00e0 petite et grande \u00e9chelle.<\/p>    <p>Notre groupe motopropulseur propose deux modes : moteur \u00e9lectrique et groupe \u00e9lectrog\u00e8ne diesel. Pour bien collecter les mat\u00e9riaux finaux, elle peut \u00eatre \u00e9quip\u00e9e d'un tapis roulant pour transporter ces copeaux de bois vers un emplacement donn\u00e9. De plus, nous proposons des services de personnalisation selon des exigences sp\u00e9cifiques.<\/p>    <figure class=\"wp-block-embed is-type-video is-provider-youtube wp-block-embed-youtube wp-embed-aspect-16-9 wp-has-aspect-ratio\"><div class=\"wp-block-embed__wrapper\"> <iframe loading=\"lazy\" title=\"Comment fabriquer des copeaux de bois \u2013 D\u00e9monstration commerciale de machine \u00e0 copeaux #bois #menuiserie #copeaux #grume #bois_de_sciage\" width=\"500\" height=\"281\" src=\"https:\/\/www.youtube.com\/embed\/eCq4h1JDN8E?feature=oembed\" frameborder=\"0\" allow=\"accelerometer; autoplay; clipboard-write; encrypted-media; gyroscope; picture-in-picture; web-share\" referrerpolicy=\"strict-origin-when-cross-origin\" allowfullscreen><\/iframe> <\/div><figcaption class=\"wp-element-caption\">Vid\u00e9o de fonctionnement de la machine \u00e0 copeaux de bois<\/figcaption><\/figure>    <h2 class=\"wp-block-heading\" id=\"h-raw-materials-of-wood-shaving-machine\">Mati\u00e8res premi\u00e8res de la machine \u00e0 raser le bois<\/h2>    <p class=\"translation-block\">Les mat\u00e9riaux bruts de la machine \u00e0 raboter le bois sont des troncs, des planches en bois, <a href=\"https:\/\/en.wikipedia.org\/wiki\/Branch\" data-type=\"link\" data-id=\"https:\/\/en.wikipedia.org\/wiki\/Branch\" target=\"_blank\" rel=\"noopener\">branches<\/a>, etc. En g\u00e9n\u00e9ral, les fabricants habitu\u00e9s \u00e0 produire des produits pour animaux de compagnie de haute qualit\u00e9 utilisent des troncs qui ont \u00e9t\u00e9 \u00e9corc\u00e9s avec une <a href=\"https:\/\/bestcharcoalmachine.com\/fr\/wood-working-equipment\/wood-peeling-machine\/\">machine \u00e0 \u00e9corcer le bois<\/a>. <\/p>    <p>Les copeaux ainsi produits ont une couleur uniforme, une qualit\u00e9 stable et des marges b\u00e9n\u00e9ficiaires plus \u00e9lev\u00e9es. De plus, les fabricants de papier utilisent \u00e9galement du bois \u00e9corc\u00e9.<\/p>    <figure class=\"wp-block-gallery has-nested-images columns-default is-cropped wp-block-gallery-2 is-layout-flex wp-block-gallery-is-layout-flex\"> <figure class=\"wp-block-image size-large\"><img loading=\"lazy\" decoding=\"async\" width=\"720\" height=\"540\" data-id=\"2532\" src=\"https:\/\/bestcharcoalmachine.com\/wp-content\/uploads\/2021\/11\/logs.jpg\" alt=\"journaux\" class=\"wp-image-2532\"\/><figcaption class=\"wp-element-caption\">journaux<\/figcaption><\/figure>    <figure class=\"wp-block-image size-large\"><img loading=\"lazy\" decoding=\"async\" width=\"720\" height=\"540\" data-id=\"2540\" src=\"https:\/\/bestcharcoalmachine.com\/wp-content\/uploads\/2021\/11\/debarked-logs.jpg\" alt=\"grumes \u00e9corc\u00e9es\" class=\"wp-image-2540\"\/><figcaption class=\"wp-element-caption\">grumes \u00e9corc\u00e9es<\/figcaption><\/figure>    <figure class=\"wp-block-image size-large\"><img loading=\"lazy\" decoding=\"async\" width=\"720\" height=\"540\" data-id=\"2533\" src=\"https:\/\/bestcharcoalmachine.com\/wp-content\/uploads\/2021\/11\/wooden-boards.jpg\" alt=\"des planches de bois\" class=\"wp-image-2533\"\/><figcaption class=\"wp-element-caption\">des planches de bois<\/figcaption><\/figure> <\/figure>    <h2 class=\"wp-block-heading\">Structure de la machine \u00e0 raser les b\u00fbches<\/h2>    <p>La machine \u00e0 raser le bois est principalement compos\u00e9e du corps principal du cadre, de l'entr\u00e9e, de la sortie, de la lame, du moteur, etc. Une fois que la mati\u00e8re premi\u00e8re entre dans le corps de la machine par l'entr\u00e9e, la lame coupe le bois en copeaux et est finalement d\u00e9charg\u00e9e par la sortie. L'ensemble du processus de travail est tr\u00e8s rapide, ce qui rend possible une production de masse. <\/p>    <p>La taille et l'\u00e9paisseur des copeaux sont modifiables en ajustant la longueur de la lame et le degr\u00e9 d'inclinaison de la lame pour r\u00e9pondre aux besoins des diff\u00e9rents clients. En outre, la position et la longueur de l'entr\u00e9e et de la sortie peuvent \u00e9galement \u00eatre personnalis\u00e9es en fonction des exigences.<\/p>    <figure class=\"wp-block-gallery has-nested-images columns-default is-cropped wp-block-gallery-3 is-layout-flex wp-block-gallery-is-layout-flex\"> <figure class=\"wp-block-image size-large\"><img decoding=\"async\" data-id=\"1008\" src=\"https:\/\/bestcharcoalmachine.com\/wp-content\/uploads\/2021\/11\/the-front-of-the-wood-shaver-with-a-motor.jpg\" alt=\"l&#039;avant du rasoir \u00e0 bois avec un moteur\" class=\"wp-image-1008\"\/><figcaption class=\"wp-element-caption\">l'avant du rasoir \u00e0 bois avec un moteur<\/figcaption><\/figure>    <figure class=\"wp-block-image size-large\"><img decoding=\"async\" data-id=\"1010\" src=\"https:\/\/bestcharcoalmachine.com\/wp-content\/uploads\/2021\/11\/the-side-of-the-wood-shaving-machine.jpg\" alt=\"le c\u00f4t\u00e9 de la machine \u00e0 raser le bois\" class=\"wp-image-1010\"\/><figcaption class=\"wp-element-caption\">le c\u00f4t\u00e9 de la machine \u00e0 raser le bois<\/figcaption><\/figure> <\/figure>    <h2 class=\"wp-block-heading\" id=\"h-features-of-wood-shaver-equipment\">Caract\u00e9ristiques de la machine \u00e0 copeaux de bois<\/h2>    <div class=\"wp-block-media-text is-stacked-on-mobile\"><figure class=\"wp-block-media-text__media\"><img loading=\"lazy\" decoding=\"async\" width=\"720\" height=\"540\" src=\"https:\/\/bestcharcoalmachine.com\/wp-content\/uploads\/2021\/11\/wood-shaving-machines-in-our-plant.jpg\" alt=\"\" class=\"wp-image-2534 size-full\"\/><\/figure><div class=\"wp-block-media-text__content\"> <ul class=\"wp-block-list\"> <li>En ajustant l'angle d'inclinaison du couteau, l'\u00e9paisseur des copeaux peut \u00eatre ajust\u00e9e. La taille et l'\u00e9paisseur du produit fini peuvent \u00eatre ajust\u00e9es de mani\u00e8re flexible pour r\u00e9pondre \u00e0 divers besoins.<\/li>    <li>Les copeaux de bois trait\u00e9s par les machines sont presque les m\u00eames que les copeaux de bois pouss\u00e9s par les raboteuses manuelles, et la texture est tr\u00e8s bonne. L'utilisation de machines peut consid\u00e9rablement am\u00e9liorer l'efficacit\u00e9 et r\u00e9duire les co\u00fbts de main-d'\u0153uvre.<\/li>    <li>La conception structurelle de la machine et la fabrication des composants sont toutes r\u00e9alis\u00e9es par notre usine. Le co\u00fbt de maintenance est faible et la machine \u00e0 raser peut avoir une longue dur\u00e9e de vie.<\/li> <\/ul> <\/div><\/div>    <div class=\"wp-block-media-text has-media-on-the-right is-stacked-on-mobile\"><div class=\"wp-block-media-text__content\"> <ul class=\"wp-block-list\"> <li>Les copeaux de bois peuvent \u00eatre utilis\u00e9s comme combustible biologique, comme mat\u00e9riau de remplissage pour le transport d'objets fragiles et comme remplissage de lit d'animaux dans les fermes pour les vaches, les porcs, les moutons ou toutes sortes d'animaux.<\/li>    <li>Un service de personnalisation est disponible. Certains clients souhaitent que la taille des copeaux soit plus petite. Notre usine peut fournir un pulv\u00e9risateur de copeaux. L'int\u00e9rieur de la machine est \u00e9quip\u00e9 de marteaux qui peuvent briser les mati\u00e8res premi\u00e8res en petits morceaux. <\/li>    <li>La machine \u00e0 raser peut \u00eatre \u00e9quip\u00e9e d'un moteur ou d'un moteur diesel. Le moteur diesel n'est pas limit\u00e9 par la tension et est facile \u00e0 d\u00e9placer.<\/li> <\/ul> <\/div><figure class=\"wp-block-media-text__media\"><img loading=\"lazy\" decoding=\"async\" width=\"720\" height=\"540\" src=\"https:\/\/bestcharcoalmachine.com\/wp-content\/uploads\/2021\/11\/log-shavers.jpg\" alt=\"rasoirs \u00e0 b\u00fbches\" class=\"wp-image-2535 size-full\"\/><\/figure><\/div>    <h2 class=\"wp-block-heading\">Les lames de la machine \u00e0 raser les b\u00fbches<\/h2>    <p>La lame de la machine \u00e0 raser le bois joue un r\u00f4le tr\u00e8s important dans l\u2019ensemble du processus de rasage du bois. La taille et l'\u00e9paisseur des produits finaux sont li\u00e9es \u00e0 la longueur et \u00e0 l'angle d'inclinaison de la lame. Les lames de haute qualit\u00e9 sont plus b\u00e9n\u00e9fiques pour la production de copeaux de haute qualit\u00e9. Nos lames adoptent un mat\u00e9riau en acier au carbone, qui a non seulement une longue dur\u00e9e de vie mais est \u00e9galement facile \u00e0 d\u00e9monter et \u00e0 installer.<\/p>    <p>Quelle que soit sa qualit\u00e9, elle n\u00e9cessite un bon entretien pour une dur\u00e9e de vie plus longue. Pour une production importante et prolong\u00e9e, les lames peuvent s'user et s'\u00e9mousser, ce qui affectera l'effet des copeaux de bois. Nous fournissons des aff\u00fbteurs de couteaux sp\u00e9ciaux, qui peuvent rendre la lame tranchante. Nous fournissons des vid\u00e9os d'installation.<\/p>    <figure class=\"wp-block-gallery has-nested-images columns-default is-cropped wp-block-gallery-4 is-layout-flex wp-block-gallery-is-layout-flex\"> <figure class=\"wp-block-image size-large\"><img decoding=\"async\" data-id=\"972\" src=\"https:\/\/bestcharcoalmachine.com\/wp-content\/uploads\/2021\/11\/the-cutting-disk-with-blades.jpg\" alt=\"le disque de coupe avec les lames\" class=\"wp-image-972\"\/><figcaption class=\"wp-element-caption\">le disque de coupe avec les lames<\/figcaption><\/figure>    <figure class=\"wp-block-image size-large\"><img decoding=\"async\" data-id=\"974\" src=\"https:\/\/bestcharcoalmachine.com\/wp-content\/uploads\/2021\/11\/the-round-disk-in-the-chipping-chamber.jpg\" alt=\"le disque rond dans la chambre de broyage\" class=\"wp-image-974\"\/><figcaption class=\"wp-element-caption\">le disque rond dans la chambre de broyage<\/figcaption><\/figure>    <figure class=\"wp-block-image size-large\"><img decoding=\"async\" data-id=\"973\" src=\"https:\/\/bestcharcoalmachine.com\/wp-content\/uploads\/2021\/11\/the-blades-on-the-cutting-disk.jpg\" alt=\"les lames sur le disque de coupe\" class=\"wp-image-973\"\/><figcaption class=\"wp-element-caption\">les lames sur le disque de coupe<\/figcaption><\/figure> <\/figure>    <h2 class=\"wp-block-heading\">Applications de la machine \u00e0 raser le bois<\/h2>    <div class=\"wp-block-media-text is-stacked-on-mobile\"><figure class=\"wp-block-media-text__media\"><img loading=\"lazy\" decoding=\"async\" width=\"720\" height=\"540\" src=\"https:\/\/bestcharcoalmachine.com\/wp-content\/uploads\/2021\/11\/mahogany-shavings-in-large-size.jpg\" alt=\"copeaux d&#039;acajou de grande taille\" class=\"wp-image-2538 size-full\"\/><\/figure><div class=\"wp-block-media-text__content\"> <p>La machine \u00e0 copeaux de bois a un large \u00e9ventail d'applications. Les copeaux qu'elle produit peuvent servir de mati\u00e8res premi\u00e8res pour la fabrication de contreplaqu\u00e9, la p\u00e2te \u00e0 papier dans les papeteries et le combustible pour la production d'\u00e9nergie \u00e0 partir de la biomasse.<\/p> <\/div><\/div>    <div class=\"wp-block-media-text has-media-on-the-right is-stacked-on-mobile\"><div class=\"wp-block-media-text__content\"> <p>De plus, ces copeaux sont couramment utilis\u00e9s comme liti\u00e8re pour animaux domestiques et volailles, ainsi que comme mat\u00e9riau de rembourrage pour le transport de marchandises fragiles. Cela rend la machine adapt\u00e9e non seulement aux petites et moyennes entreprises, mais aussi aux m\u00e9nages individuels de transformation du bois.<\/p> <\/div><figure class=\"wp-block-media-text__media\"><img loading=\"lazy\" decoding=\"async\" width=\"720\" height=\"540\" src=\"https:\/\/bestcharcoalmachine.com\/wp-content\/uploads\/2021\/11\/small-size-pine-wood-shavings.jpg\" alt=\"copeaux de bois de pin de petite taille\" class=\"wp-image-2539 size-full\"\/><\/figure><\/div>    <div class=\"wp-block-media-text is-stacked-on-mobile\"><figure class=\"wp-block-media-text__media\"><img loading=\"lazy\" decoding=\"async\" width=\"720\" height=\"540\" src=\"https:\/\/bestcharcoalmachine.com\/wp-content\/uploads\/2021\/11\/thick-shavings-for-bedding-resist-the-cold-winter.jpg\" alt=\"les copeaux \u00e9pais pour la literie r\u00e9sistent au froid de l&#039;hiver\" class=\"wp-image-2537 size-full\"\/><\/figure><div class=\"wp-block-media-text__content\"> <p>When the cold wave and low temperature hit, the zoo opened a &#8220;warm mode&#8221; for the chimpanzees. <\/p>    <p>Le sol est recouvert de liti\u00e8re telle que des copeaux et de la paille pour r\u00e9sister au froid hivernal.<\/p> <\/div><\/div>    <h2 class=\"wp-block-heading\" id=\"h-video-of-wood-shaving-machine\">Param\u00e8tres du rasoir \u00e0 bois \u00e0 vendre<\/h2>    <figure class=\"wp-block-table\"><table><tbody><tr><td>MOD\u00c8LE<\/td><td>CAPACIT\u00c9<\/td><td>TAILLE D'ENTR\u00c9E<\/td><td>POUVOIR<\/td><\/tr><tr><td>WD-WS420<\/td><td>300 KG\/H<\/td><td>6 cm<\/td><td>7,5 kW<\/td><\/tr><tr><td>WD-WS600<\/td><td>500 KG\/H<\/td><td>12 cm<\/td><td>15kw<\/td><\/tr><tr><td>WD-WS800<\/td><td>1000 KG\/H<\/td><td>16 cm<\/td><td>30kw<\/td><\/tr><tr><td>WD-WS1000<\/td><td>1500 KG\/H<\/td><td>20 cm<\/td><td>55kw<\/td><\/tr><tr><td>WD-WS1200<\/td><td>2000 KG\/H<\/td><td>24 cm<\/td><td>55kw<\/td><\/tr><tr><td>WD-WS1500<\/td><td>2500 KG\/H<\/td><td>32 cm<\/td><td>75kw<\/td><\/tr><\/tbody><\/table><figcaption class=\"wp-element-caption\">param\u00e8tres de la machine \u00e0 raser le bois<\/figcaption><\/figure>    <p>Les mod\u00e8les les plus populaires sont les 420, 600 et 800. Les clients d'Afrique du Sud et du Moyen-Orient les utilisent pour fabriquer des copeaux de bois, qui sont souvent utilis\u00e9s pour fabriquer des nids pour le b\u00e9tail et la volaille.<\/p>    <figure class=\"wp-block-gallery has-nested-images columns-default is-cropped wp-block-gallery-5 is-layout-flex wp-block-gallery-is-layout-flex\"> <figure class=\"wp-block-image size-large\"><img loading=\"lazy\" decoding=\"async\" width=\"720\" height=\"540\" data-id=\"3923\" src=\"https:\/\/bestcharcoalmachine.com\/wp-content\/uploads\/2021\/11\/commercial-wood-shaver.webp\" alt=\"rasoir \u00e0 bois professionnel\" class=\"wp-image-3923\" srcset=\"https:\/\/bestcharcoalmachine.com\/wp-content\/uploads\/2021\/11\/commercial-wood-shaver.webp 720w, https:\/\/bestcharcoalmachine.com\/wp-content\/uploads\/2021\/11\/commercial-wood-shaver-300x225.webp 300w, https:\/\/bestcharcoalmachine.com\/wp-content\/uploads\/2021\/11\/commercial-wood-shaver-16x12.webp 16w\" sizes=\"auto, (max-width: 720px) 100vw, 720px\" \/><figcaption class=\"wp-element-caption\">rasoir \u00e0 bois professionnel<\/figcaption><\/figure>    <figure class=\"wp-block-image size-large\"><img loading=\"lazy\" decoding=\"async\" width=\"720\" height=\"540\" data-id=\"3924\" src=\"https:\/\/bestcharcoalmachine.com\/wp-content\/uploads\/2021\/11\/exported-wood-shaving-machine.webp\" alt=\"machine \u00e0 raser le bois export\u00e9e\" class=\"wp-image-3924\" srcset=\"https:\/\/bestcharcoalmachine.com\/wp-content\/uploads\/2021\/11\/exported-wood-shaving-machine.webp 720w, https:\/\/bestcharcoalmachine.com\/wp-content\/uploads\/2021\/11\/exported-wood-shaving-machine-300x225.webp 300w, https:\/\/bestcharcoalmachine.com\/wp-content\/uploads\/2021\/11\/exported-wood-shaving-machine-16x12.webp 16w\" sizes=\"auto, (max-width: 720px) 100vw, 720px\" \/><figcaption class=\"wp-element-caption\">machine \u00e0 raser le bois export\u00e9e<\/figcaption><\/figure> <\/figure>    <figure class=\"wp-block-gallery has-nested-images columns-default is-cropped wp-block-gallery-6 is-layout-flex wp-block-gallery-is-layout-flex\"> <figure class=\"wp-block-image size-large\"><img loading=\"lazy\" decoding=\"async\" width=\"720\" height=\"540\" data-id=\"1862\" src=\"https:\/\/bestcharcoalmachine.com\/wp-content\/uploads\/2021\/12\/chicken-bedding.jpg\" alt=\"liti\u00e8re de poulet\" class=\"wp-image-1862\" srcset=\"https:\/\/bestcharcoalmachine.com\/wp-content\/uploads\/2021\/12\/chicken-bedding.jpg 720w, https:\/\/bestcharcoalmachine.com\/wp-content\/uploads\/2021\/12\/chicken-bedding-300x225.jpg 300w\" sizes=\"auto, (max-width: 720px) 100vw, 720px\" \/><figcaption class=\"wp-element-caption\">liti\u00e8re de poulet<\/figcaption><\/figure>    <figure class=\"wp-block-image size-large\"><img loading=\"lazy\" decoding=\"async\" width=\"720\" height=\"540\" data-id=\"2076\" src=\"https:\/\/bestcharcoalmachine.com\/wp-content\/uploads\/2021\/12\/paper-making.jpg\" alt=\"fabrication du papier\" class=\"wp-image-2076\" srcset=\"https:\/\/bestcharcoalmachine.com\/wp-content\/uploads\/2021\/12\/paper-making.jpg 720w, https:\/\/bestcharcoalmachine.com\/wp-content\/uploads\/2021\/12\/paper-making-300x225.jpg 300w\" sizes=\"auto, (max-width: 720px) 100vw, 720px\" \/><figcaption class=\"wp-element-caption\">fabrication du papier<\/figcaption><\/figure>    <figure class=\"wp-block-image size-large\"><img loading=\"lazy\" decoding=\"async\" width=\"720\" height=\"540\" data-id=\"2086\" src=\"https:\/\/bestcharcoalmachine.com\/wp-content\/uploads\/2021\/12\/plywood.jpg\" alt=\"contre-plaqu\u00e9\" class=\"wp-image-2086\" srcset=\"https:\/\/bestcharcoalmachine.com\/wp-content\/uploads\/2021\/12\/plywood.jpg 720w, https:\/\/bestcharcoalmachine.com\/wp-content\/uploads\/2021\/12\/plywood-300x225.jpg 300w\" sizes=\"auto, (max-width: 720px) 100vw, 720px\" \/><figcaption class=\"wp-element-caption\">contre-plaqu\u00e9<\/figcaption><\/figure> <\/figure>    <h2 class=\"wp-block-heading\" id=\"h-routine-maintenance-of-wood-shaving-machine\">Entretien courant de la machine \u00e0 raser le bois<\/h2>    <div class=\"wp-block-media-text has-media-on-the-right is-stacked-on-mobile\"><div class=\"wp-block-media-text__content\"> <ul class=\"wp-block-list\"> <li>Pour que la machine fonctionne normalement, le roulement doit \u00eatre rempli de beurre \u00e0 temps et la raboteuse doit \u00eatre remplie de beurre toutes les 3 \u00e0 4 heures de fonctionnement continu.<\/li>    <li>L'int\u00e9rieur de la machine doit \u00eatre nettoy\u00e9 avant que chaque personne ne quitte le travail, et les mat\u00e9riaux broy\u00e9s ne doivent pas \u00eatre laiss\u00e9s sur place et les lames ne doivent pas \u00eatre coinc\u00e9es.<\/li>    <li>Coupez l'alimentation apr\u00e8s l'avoir utilis\u00e9 quotidiennement et r\u00e9glez la tension de la ceinture pour qu'elle descende d'environ 8 cm.<\/li> <\/ul> <\/div><figure class=\"wp-block-media-text__media\"><img loading=\"lazy\" decoding=\"async\" width=\"720\" height=\"540\" src=\"https:\/\/bestcharcoalmachine.com\/wp-content\/uploads\/2021\/11\/log-shaver.webp\" alt=\"rasoir \u00e0 b\u00fbches\" class=\"wp-image-3925 size-full\" srcset=\"https:\/\/bestcharcoalmachine.com\/wp-content\/uploads\/2021\/11\/log-shaver.webp 720w, https:\/\/bestcharcoalmachine.com\/wp-content\/uploads\/2021\/11\/log-shaver-300x225.webp 300w, https:\/\/bestcharcoalmachine.com\/wp-content\/uploads\/2021\/11\/log-shaver-16x12.webp 16w\" sizes=\"auto, (max-width: 720px) 100vw, 720px\" \/><\/figure><\/div>    <h2 class=\"wp-block-heading\">Conclusion<\/h2>    <p>Maximisez l'utilisation du bois et r\u00e9pondez aux divers besoins de diverses industries avec notre machine \u00e0 raser le bois. Que ce soit pour le travail du bois, la liti\u00e8re des animaux, l'emballage, le transport ou la production d'\u00e9nergie, notre machine est indispensable. <\/p>    <p>Investissez d\u00e8s aujourd\u2019hui dans une machine \u00e0 raser le bois pour lib\u00e9rer votre potentiel de production, am\u00e9liorer votre efficacit\u00e9 et explorer de nouvelles opportunit\u00e9s pour votre entreprise\u00a0!<\/p>    <figure class=\"wp-block-gallery has-nested-images columns-default is-cropped wp-block-gallery-7 is-layout-flex wp-block-gallery-is-layout-flex\"> <figure class=\"wp-block-image size-large\"><img loading=\"lazy\" decoding=\"async\" width=\"720\" height=\"540\" data-id=\"3926\" src=\"https:\/\/bestcharcoalmachine.com\/wp-content\/uploads\/2021\/11\/log-shaving-machine.webp\" alt=\"machine \u00e0 raser les b\u00fbches\" class=\"wp-image-3926\" srcset=\"https:\/\/bestcharcoalmachine.com\/wp-content\/uploads\/2021\/11\/log-shaving-machine.webp 720w, https:\/\/bestcharcoalmachine.com\/wp-content\/uploads\/2021\/11\/log-shaving-machine-300x225.webp 300w, https:\/\/bestcharcoalmachine.com\/wp-content\/uploads\/2021\/11\/log-shaving-machine-16x12.webp 16w\" sizes=\"auto, (max-width: 720px) 100vw, 720px\" \/><figcaption class=\"wp-element-caption\">machine \u00e0 raser les b\u00fbches<\/figcaption><\/figure>    <figure class=\"wp-block-image size-large\"><img loading=\"lazy\" decoding=\"async\" width=\"720\" height=\"540\" data-id=\"3927\" src=\"https:\/\/bestcharcoalmachine.com\/wp-content\/uploads\/2021\/11\/wood-shaver.webp\" alt=\"rasoir \u00e0 bois\" class=\"wp-image-3927\" srcset=\"https:\/\/bestcharcoalmachine.com\/wp-content\/uploads\/2021\/11\/wood-shaver.webp 720w, https:\/\/bestcharcoalmachine.com\/wp-content\/uploads\/2021\/11\/wood-shaver-300x225.webp 300w, https:\/\/bestcharcoalmachine.com\/wp-content\/uploads\/2021\/11\/wood-shaver-16x12.webp 16w\" sizes=\"auto, (max-width: 720px) 100vw, 720px\" \/><figcaption class=\"wp-element-caption\">rasoir \u00e0 bois<\/figcaption><\/figure> <\/figure>","protected":false},"excerpt":{"rendered":"<p>La machine \u00e0 copeaux de bois peut transformer des grumes, des branches, des b\u00e2tons et des planches en copeaux de bois.<\/p>","protected":false},"author":1,"featured_media":2531,"parent":0,"template":"","tags":[64,66,68,63],"product-type":[51],"class_list":["post-720","product","type-product","status-publish","has-post-thumbnail","hentry","tag-log","tag-lumber","tag-shaver","tag-wood","product-type-wood-working-equipment"],"_links":{"self":[{"href":"https:\/\/bestcharcoalmachine.com\/fr\/wp-json\/wp\/v2\/product\/720","targetHints":{"allow":["GET"]}}],"collection":[{"href":"https:\/\/bestcharcoalmachine.com\/fr\/wp-json\/wp\/v2\/product"}],"about":[{"href":"https:\/\/bestcharcoalmachine.com\/fr\/wp-json\/wp\/v2\/types\/product"}],"author":[{"embeddable":true,"href":"https:\/\/bestcharcoalmachine.com\/fr\/wp-json\/wp\/v2\/users\/1"}],"wp:featuredmedia":[{"embeddable":true,"href":"https:\/\/bestcharcoalmachine.com\/fr\/wp-json\/wp\/v2\/media\/2531"}],"wp:attachment":[{"href":"https:\/\/bestcharcoalmachine.com\/fr\/wp-json\/wp\/v2\/media?parent=720"}],"wp:term":[{"taxonomy":"post_tag","embeddable":true,"href":"https:\/\/bestcharcoalmachine.com\/fr\/wp-json\/wp\/v2\/tags?post=720"},{"taxonomy":"product-type","embeddable":true,"href":"https:\/\/bestcharcoalmachine.com\/fr\/wp-json\/wp\/v2\/product-type?post=720"}],"curies":[{"name":"wp","href":"https:\/\/api.w.org\/{rel}","templated":true}]}}