{"id":3661,"date":"2023-02-22T11:14:59","date_gmt":"2023-02-22T03:14:59","guid":{"rendered":"https:\/\/bestcharcoalmachine.com\/?post_type=product&#038;p=3661"},"modified":"2024-02-22T16:00:53","modified_gmt":"2024-02-22T08:00:53","slug":"wood-pallet-making-machine","status":"publish","type":"product","link":"https:\/\/bestcharcoalmachine.com\/fr\/product\/wood-pallet-making-machine\/","title":{"rendered":"Machine de fabrication de palettes en bois \u4e28 Machine \u00e0 palettes en bois comprim\u00e9"},"content":{"rendered":"<div class=\"kk-star-ratings kksr-auto kksr-align-left kksr-valign-top\"     data-payload='{&quot;align&quot;:&quot;left&quot;,&quot;id&quot;:&quot;3661&quot;,&quot;slug&quot;:&quot;default&quot;,&quot;valign&quot;:&quot;top&quot;,&quot;ignore&quot;:&quot;&quot;,&quot;reference&quot;:&quot;auto&quot;,&quot;class&quot;:&quot;&quot;,&quot;count&quot;:&quot;20&quot;,&quot;legendonly&quot;:&quot;&quot;,&quot;readonly&quot;:&quot;&quot;,&quot;score&quot;:&quot;4.7&quot;,&quot;starsonly&quot;:&quot;&quot;,&quot;best&quot;:&quot;5&quot;,&quot;gap&quot;:&quot;5&quot;,&quot;greet&quot;:&quot;Rate this product&quot;,&quot;legend&quot;:&quot;4.7\\\/5 - (20 votes)&quot;,&quot;size&quot;:&quot;24&quot;,&quot;title&quot;:&quot;Wood Pallet Making Machine\u4e28Compressed wood pallet machine&quot;,&quot;width&quot;:&quot;133.8&quot;,&quot;_legend&quot;:&quot;{score}\\\/{best} - ({count} {votes})&quot;,&quot;font_factor&quot;:&quot;1.25&quot;}'>              <div class=\"kksr-stars\">      <div class=\"kksr-stars-inactive\">             <div class=\"kksr-star\" data-star=\"1\" style=\"padding-right: 5px\">               <div class=\"kksr-icon\" style=\"width: 24px; height: 24px;\"><\/div>         <\/div>             <div class=\"kksr-star\" data-star=\"2\" style=\"padding-right: 5px\">               <div class=\"kksr-icon\" style=\"width: 24px; height: 24px;\"><\/div>         <\/div>             <div class=\"kksr-star\" data-star=\"3\" style=\"padding-right: 5px\">               <div class=\"kksr-icon\" style=\"width: 24px; height: 24px;\"><\/div>         <\/div>             <div class=\"kksr-star\" data-star=\"4\" style=\"padding-right: 5px\">               <div class=\"kksr-icon\" style=\"width: 24px; height: 24px;\"><\/div>         <\/div>             <div class=\"kksr-star\" data-star=\"5\" style=\"padding-right: 5px\">               <div class=\"kksr-icon\" style=\"width: 24px; height: 24px;\"><\/div>         <\/div>     <\/div>      <div class=\"kksr-stars-active\" style=\"width: 133.8px;\">             <div class=\"kksr-star\" style=\"padding-right: 5px\">               <div class=\"kksr-icon\" style=\"width: 24px; height: 24px;\"><\/div>         <\/div>             <div class=\"kksr-star\" style=\"padding-right: 5px\">               <div class=\"kksr-icon\" style=\"width: 24px; height: 24px;\"><\/div>         <\/div>             <div class=\"kksr-star\" style=\"padding-right: 5px\">               <div class=\"kksr-icon\" style=\"width: 24px; height: 24px;\"><\/div>         <\/div>             <div class=\"kksr-star\" style=\"padding-right: 5px\">               <div class=\"kksr-icon\" style=\"width: 24px; height: 24px;\"><\/div>         <\/div>             <div class=\"kksr-star\" style=\"padding-right: 5px\">               <div class=\"kksr-icon\" style=\"width: 24px; height: 24px;\"><\/div>         <\/div>     <\/div> <\/div>                   <div class=\"kksr-legend\" style=\"font-size: 19.2px;\">             4,7\/5 - (20 votes)    <\/div>     <\/div>  <p>La machine \u00e0 palettes en bois comprim\u00e9 est sp\u00e9cialis\u00e9e dans la fabrication de toutes sortes de palettes en bois. La machine hydraulique de fabrication de palettes en bois peut presser toutes sortes de copeaux de bois, de balles de riz, de balles de noix de coco, etc. dans des palettes en bois de haute densit\u00e9 et de haute duret\u00e9. <\/p>    <p>Shuliy Group est un fabricant professionnel de machines \u00e0 palettes en bois, nos machines ont \u00e9t\u00e9 export\u00e9es vers le Mexique, la Slovaquie, l'Arabie Saoudite et d'autres pays. Si vous \u00eates int\u00e9ress\u00e9, n'h\u00e9sitez pas \u00e0 nous consulter.<\/p>    <figure class=\"wp-block-embed is-type-video is-provider-youtube wp-block-embed-youtube wp-embed-aspect-16-9 wp-has-aspect-ratio\"><div class=\"wp-block-embed__wrapper\"> <iframe loading=\"lazy\" title=\"L&#039;efficacit\u00e9 red\u00e9finie\u00a0: soyez t\u00e9moin de la pr\u00e9cision de notre presse \u00e0 palettes en bois avanc\u00e9e en action\u00a0! #woodworking\" width=\"500\" height=\"281\" src=\"https:\/\/www.youtube.com\/embed\/omO9d_SFjFc?feature=oembed\" frameborder=\"0\" allow=\"accelerometer; autoplay; clipboard-write; encrypted-media; gyroscope; picture-in-picture; web-share\" referrerpolicy=\"strict-origin-when-cross-origin\" allowfullscreen><\/iframe> <\/div><figcaption class=\"wp-element-caption\">vid\u00e9o de travail de la machine \u00e0 palettes en bois<\/figcaption><\/figure>    <h2 class=\"wp-block-heading\">Introduction des palettes en bois compress\u00e9<\/h2>    <p>Les palettes en bois compress\u00e9 sont des palettes en bois press\u00e9es par moulage haute pression pour le transport logistique. Il s'agit de nouvelles palettes \u00e9cologiques fabriqu\u00e9es \u00e0 partir de copeaux de bois, de copeaux et d'autres fibres v\u00e9g\u00e9tales de haute qualit\u00e9. La sciure sera s\u00e9ch\u00e9e, coll\u00e9e et moul\u00e9e \u00e0 haute temp\u00e9rature et pression. <\/p>    <p>Les palettes en bois compress\u00e9 sont d\u00e9sormais tr\u00e8s largement utilis\u00e9es dans la logistique et le transport, elles sont abordables, ont une bonne capacit\u00e9 de charge, \u00e9conomisent de l'espace et sont respectueuses de l'environnement.<\/p>    <figure class=\"wp-block-gallery has-nested-images columns-default is-cropped wp-block-gallery-2 is-layout-flex wp-block-gallery-is-layout-flex\"> <figure class=\"wp-block-image size-large\"><img loading=\"lazy\" decoding=\"async\" width=\"720\" height=\"540\" data-id=\"3671\" src=\"https:\/\/bestcharcoalmachine.com\/wp-content\/uploads\/2023\/02\/wood-pallet1.jpg\" alt=\"Palette en bois\" class=\"wp-image-3671\"\/><figcaption class=\"wp-element-caption\">Palette en bois<\/figcaption><\/figure>    <figure class=\"wp-block-image size-large\"><img loading=\"lazy\" decoding=\"async\" width=\"720\" height=\"540\" data-id=\"3668\" src=\"https:\/\/bestcharcoalmachine.com\/wp-content\/uploads\/2023\/02\/Trays-can-be-stacked-to-save-space1.jpg\" alt=\"Les plateaux peuvent \u00eatre empil\u00e9s pour \u00e9conomiser de l&#039;espace\" class=\"wp-image-3668\"\/><figcaption class=\"wp-element-caption\">Les plateaux peuvent \u00eatre empil\u00e9s pour \u00e9conomiser de l'espace<\/figcaption><\/figure> <\/figure>    <h2 class=\"wp-block-heading\">Mati\u00e8res premi\u00e8res de la machine de fabrication de palettes en bois<\/h2>    <p>De nombreuses mati\u00e8res premi\u00e8res sont utilis\u00e9es pour fabriquer des palettes en bois, notamment les d\u00e9chets de palettes, les copeaux de b\u00fbches, les d\u00e9chets de bois, les coques de noix de coco, les balles de riz et tout autre mat\u00e9riau contenant des fibres de bois. Cela rend ce type particulier de palette tr\u00e8s respectueux de l\u2019environnement.<\/p>    <h2 class=\"wp-block-heading\">Comment fabriquer une palette en bois ?<\/h2>    <p>La cr\u00e9ation de palettes de bois implique plusieurs \u00e9tapes cl\u00e9s pour garantir une qualit\u00e9 et une durabilit\u00e9 optimales. Voici un guide d\u00e9taill\u00e9 sur la fa\u00e7on de fabriquer des palettes en bois\u00a0:<\/p>   <div id=\"rank-math-howto\" class=\"rank-math-block\" > <div class=\"rank-math-howto-description\">  <\/div>  <div class=\"rank-math-steps\"> <div id=\"howto-step-1708587716593\" class=\"rank-math-step\"> <h3 class=\"rank-math-step-title\">1. Concassage du bois\u00a0:<\/h3> <div class=\"rank-math-step-content\"><p class=\"translation-block\">Le processus commence par le broyage des mat\u00e9riaux en bois bruts en plus petits morceaux \u00e0 l'aide d'un <a href=\"https:\/\/bestcharcoalmachine.com\/fr\/product\/wood-crusher-machine\/\">broyeur de bois<\/a>. Cette \u00e9tape est cruciale pour pr\u00e9parer le bois pour un traitement ult\u00e9rieur.<\/p> <\/div> <\/div> <div id=\"howto-step-1708587739018\" class=\"rank-math-step\"> <h3 class=\"rank-math-step-title\">2. S\u00e9chage de la sciure\u00a0:<\/h3> <div class=\"rank-math-step-content\"><p>Si les copeaux de bois obtenus par concassage ont une teneur \u00e9lev\u00e9e en humidit\u00e9, ils doivent subir un s\u00e9chage pour r\u00e9duire le niveau d'humidit\u00e9 \u00e0 moins de 10%. Ceci est g\u00e9n\u00e9ralement r\u00e9alis\u00e9 \u00e0 l'aide d'un s\u00e9choir sp\u00e9cialis\u00e9, garantissant que les copeaux de bois sont correctement s\u00e9ch\u00e9s avant de passer \u00e0 l'\u00e9tape suivante.<\/p> <\/div> <\/div> <div id=\"howto-step-1708587759638\" class=\"rank-math-step\"> <h3 class=\"rank-math-step-title\">3. M\u00e9lange de colle et de copeaux de bois\u00a0:<\/h3> <div class=\"rank-math-step-content\"><img loading=\"lazy\" decoding=\"async\" width=\"720\" height=\"540\" src=\"https:\/\/bestcharcoalmachine.com\/wp-content\/uploads\/2023\/04\/wood-pallet-pressing-machine1.jpg\" class=\"attachment-full size-full\" alt=\"presse \u00e0 palettes en bois\" \/><p>Avant de comprimer les copeaux de bois, ils sont m\u00e9lang\u00e9s \u00e0 de la colle pour am\u00e9liorer la densit\u00e9 et la duret\u00e9 des palettes obtenues. De la colle liquide est soigneusement ajout\u00e9e aux copeaux de bois dans la bonne proportion pour garantir une bonne adh\u00e9rence et une bonne r\u00e9sistance. Le processus de m\u00e9lange garantit que la colle est r\u00e9partie uniform\u00e9ment dans les copeaux de bois, facilitant ainsi une liaison efficace lors de la compression.<\/p> <\/div> <\/div> <div id=\"howto-step-1708587775437\" class=\"rank-math-step\"> <h3 class=\"rank-math-step-title\">4. Compression\u00a0:<\/h3> <div class=\"rank-math-step-content\"><p>Une fois que les copeaux de bois sont soigneusement m\u00e9lang\u00e9s \u00e0 la colle, ils sont pr\u00eats \u00e0 \u00eatre compress\u00e9s. Cela consiste \u00e0 placer le m\u00e9lange dans une presse \u00e0 palettes en bois, o\u00f9 il subit une compression \u00e0 haute pression. Le processus de compression donne au m\u00e9lange la forme et la taille souhait\u00e9es, formant ainsi des palettes en bois solides et durables.<\/p> <\/div> <\/div> <div id=\"howto-step-1708587798700\" class=\"rank-math-step\"> <h3 class=\"rank-math-step-title\">5. Refroidissement et solidification\u00a0:<\/h3> <div class=\"rank-math-step-content\"><p>Apr\u00e8s compression, les palettes de bois nouvellement form\u00e9es peuvent refroidir et se solidifier. Cette \u00e9tape est essentielle pour garantir que les palettes conservent leur forme et leur int\u00e9grit\u00e9 structurelle. Une fois refroidies, les palettes sont inspect\u00e9es pour garantir la qualit\u00e9 avant d\u2019\u00eatre pr\u00eates \u00e0 l\u2019emploi.<\/p> <\/div> <\/div> <\/div> <\/div>       <p>En suivant ces \u00e9tapes minutieuses, des palettes de bois de qualit\u00e9 sup\u00e9rieure sont produites, pr\u00eates \u00e0 r\u00e9pondre aux divers besoins de diverses industries allant de la logistique \u00e0 la fabrication.<\/p>    <figure class=\"wp-block-image aligncenter size-full\"><img loading=\"lazy\" decoding=\"async\" width=\"720\" height=\"540\" src=\"https:\/\/bestcharcoalmachine.com\/wp-content\/uploads\/2023\/02\/raw-materials1.jpg\" alt=\"mati\u00e8res premi\u00e8res\" class=\"wp-image-3667\"\/><figcaption class=\"wp-element-caption\">mati\u00e8res premi\u00e8res<\/figcaption><\/figure>    <h2 class=\"wp-block-heading\">Principe de fonctionnement de la machine de fabrication de palettes en bois<\/h2>    <p>Avant de comprimer les copeaux de bois, la machine de fabrication de palettes en bois doit \u00eatre pr\u00e9chauff\u00e9e. Nous pouvons utiliser la vapeur g\u00e9n\u00e9r\u00e9e par la chaudi\u00e8re comme source de chaleur de la machine \u00e0 palettes en bois. De plus, nous pouvons utiliser le four \u00e0 mazout thermoconducteur pour chauffer le moule de la machine de fabrication de palettes en bois.<\/p>    <p>Apr\u00e8s pr\u00e9chauffage, nous r\u00e9partissons uniform\u00e9ment les copeaux de bois dans le moule de la machine de fabrication de palettes. Allumez la machine, le moule sup\u00e9rieur de la machine descendra lentement et pressera les copeaux de bois, il faut environ sept minutes pour fabriquer une palette en bois.<\/p>    <figure class=\"wp-block-image aligncenter size-full\"><img loading=\"lazy\" decoding=\"async\" width=\"720\" height=\"540\" src=\"https:\/\/bestcharcoalmachine.com\/wp-content\/uploads\/2023\/02\/wood-pallet-making-machine1.jpg\" alt=\"machine de fabrication de palettes en bois\" class=\"wp-image-3673\"\/><figcaption class=\"wp-element-caption\">machine de fabrication de palettes en bois \u00e0 vendre<\/figcaption><\/figure>    <h2 class=\"wp-block-heading\">Perspective de machine \u00e0 palettes en bois \u00e0 vendre<\/h2>    <p>Les principales dimensions des palettes en bois sont 1200*1000 12-20 mm, 1200*800 14-20 mm, 1100*1100 12-20 mm, etc. De plus, selon les besoins du client, nous pouvons commander d\u2019autres sp\u00e9cifications. <\/p>    <p>Les palettes en bois sont principalement utilis\u00e9es pour le transport ou l'emballage et sont \u00e9galement des \u00e9l\u00e9ments n\u00e9cessaires pour les entreprises de logistique et les entreprises de stockage. Les palettes en bois sont exemptes de quarantaine et de prix bas, ce qui est bien accueilli par les clients.<\/p>    <p>Une machine \u00e0 palettes en bois est une machine n\u00e9cessaire \u00e0 la fabrication de palettes en bois, qui offre un rendement \u00e9lev\u00e9 et une qualit\u00e9 sup\u00e9rieure. En raison de leur vaste gamme de produits, les machines \u00e0 palettes en bois sont d\u00e9sormais rares. Gr\u00e2ce au d\u00e9veloppement du march\u00e9 international, la machine deviendra de plus en plus populaire aupr\u00e8s des utilisateurs.<\/p>    <h2 class=\"wp-block-heading\">Vid\u00e9o de la machine \u00e0 palettes en bois compress\u00e9<\/h2>    <figure class=\"wp-block-embed is-type-video is-provider-youtube wp-block-embed-youtube wp-embed-aspect-16-9 wp-has-aspect-ratio\"><div class=\"wp-block-embed__wrapper\"> <iframe loading=\"lazy\" title=\"Ligne de production de palettes en bois | Machine de fabrication de palettes en bois\" width=\"500\" height=\"281\" src=\"https:\/\/www.youtube.com\/embed\/pTIZTKd8BQQ?start=11&#038;feature=oembed\" frameborder=\"0\" allow=\"accelerometer; autoplay; clipboard-write; encrypted-media; gyroscope; picture-in-picture; web-share\" referrerpolicy=\"strict-origin-when-cross-origin\" allowfullscreen><\/iframe> <\/div><figcaption class=\"wp-element-caption\">Processus de travail de la machine \u00e0 palettes en bois comprim\u00e9<\/figcaption><\/figure>    <h2 class=\"wp-block-heading\">Param\u00e8tres techniques de la machine \u00e0 palettes en bois<\/h2>    <figure class=\"wp-block-table\"><table><tbody><tr><td>Mod\u00e8le<\/td><td>SL-1000<\/td><\/tr><tr><td>Pouvoir<\/td><td>15kw<\/td><\/tr><tr><td>Pression<\/td><td>1000 tonnes<\/td><\/tr><tr><td>Capacit\u00e9<\/td><td>Produire une palette n\u00e9cessite 4 \u00e0 5 minutes (peut \u00eatre contr\u00f4l\u00e9 par vous-m\u00eame)<\/td><\/tr><tr><td>Dimension<\/td><td>1,9*1,3*4m<\/td><\/tr><tr><td>Poids<\/td><td>21000kg<\/td><\/tr><\/tbody><\/table><figcaption class=\"wp-element-caption\">param\u00e8tres de la machine de fabrication de palettes en bois comprim\u00e9<\/figcaption><\/figure>    <figure class=\"wp-block-image aligncenter size-full\"><img loading=\"lazy\" decoding=\"async\" width=\"720\" height=\"540\" src=\"https:\/\/bestcharcoalmachine.com\/wp-content\/uploads\/2023\/02\/wood-pallet-machine1.jpg\" alt=\"machine \u00e0 palettes en bois \u00e0 bon prix\" class=\"wp-image-3669\"\/><figcaption class=\"wp-element-caption\">machine \u00e0 palettes en bois \u00e0 bon prix<\/figcaption><\/figure>    <h2 class=\"wp-block-heading\">Investissez dans le fabricant de palettes en bois de Shuliy<\/h2>    <p class=\"translation-block\">En choisissant notre machine \u00e0 fabriquer des <a href=\"https:\/\/en.wikipedia.org\/wiki\/Pallet\" data-type=\"link\" data-id=\"https:\/\/en.wikipedia.org\/wiki\/Pallet\" target=\"_blank\" rel=\"noopener\">palettes en bois<\/a>, vous n'investissez pas seulement dans un \u00e9quipement ; vous investissez dans l'avenir de votre entreprise. Notre machine combine une technologie de pointe avec un savoir-faire pr\u00e9cis pour offrir des solutions durables et de haute qualit\u00e9 pour la fabrication de palettes en bois.<\/p>    <p>Faites le premier pas vers la transformation de votre ligne de production avec notre machine de fabrication de palettes en bois. N'h\u00e9sitez pas ! Contactez-nous maintenant pour les prix et plus de d\u00e9tails. Notre \u00e9quipe d\u00e9vou\u00e9e est l\u00e0 pour vous accompagner \u00e0 chaque \u00e9tape du processus. De plus, nous vous invitons chaleureusement \u00e0 visiter notre usine et \u00e0 d\u00e9couvrir notre technologie par vous-m\u00eame.<\/p>    <p>Saisissez cette opportunit\u00e9 pour r\u00e9volutionner vos op\u00e9rations commerciales. Choisissez notre machine de fabrication de palettes en bois et construisons ensemble un avenir meilleur\u00a0!<\/p>    <figure class=\"wp-block-image aligncenter size-full\"><img loading=\"lazy\" decoding=\"async\" width=\"720\" height=\"540\" src=\"https:\/\/bestcharcoalmachine.com\/wp-content\/uploads\/2023\/02\/wood-pallet-making-machine-21.jpg\" alt=\"machine de fabrication de palettes en bois \" class=\"wp-image-3670\"\/><figcaption class=\"wp-element-caption\">machine de fabrication de palettes en bois <\/figcaption><\/figure>    <p><\/p>","protected":false},"excerpt":{"rendered":"<p>La machine \u00e0 palettes en bois comprim\u00e9 est sp\u00e9cialis\u00e9e dans la fabrication de toutes sortes de palettes en bois. La machine hydraulique de fabrication de palettes en bois peut presser toutes sortes de copeaux de bois, de balles de riz, de balles de noix de coco, etc. dans des palettes en bois de haute densit\u00e9 et de haute duret\u00e9.<\/p>","protected":false},"author":1,"featured_media":3664,"parent":0,"template":"","tags":[],"product-type":[51],"class_list":["post-3661","product","type-product","status-publish","has-post-thumbnail","hentry","product-type-wood-working-equipment"],"_links":{"self":[{"href":"https:\/\/bestcharcoalmachine.com\/fr\/wp-json\/wp\/v2\/product\/3661","targetHints":{"allow":["GET"]}}],"collection":[{"href":"https:\/\/bestcharcoalmachine.com\/fr\/wp-json\/wp\/v2\/product"}],"about":[{"href":"https:\/\/bestcharcoalmachine.com\/fr\/wp-json\/wp\/v2\/types\/product"}],"author":[{"embeddable":true,"href":"https:\/\/bestcharcoalmachine.com\/fr\/wp-json\/wp\/v2\/users\/1"}],"wp:featuredmedia":[{"embeddable":true,"href":"https:\/\/bestcharcoalmachine.com\/fr\/wp-json\/wp\/v2\/media\/3664"}],"wp:attachment":[{"href":"https:\/\/bestcharcoalmachine.com\/fr\/wp-json\/wp\/v2\/media?parent=3661"}],"wp:term":[{"taxonomy":"post_tag","embeddable":true,"href":"https:\/\/bestcharcoalmachine.com\/fr\/wp-json\/wp\/v2\/tags?post=3661"},{"taxonomy":"product-type","embeddable":true,"href":"https:\/\/bestcharcoalmachine.com\/fr\/wp-json\/wp\/v2\/product-type?post=3661"}],"curies":[{"name":"wp","href":"https:\/\/api.w.org\/{rel}","templated":true}]}}