{"id":3503,"date":"2022-11-30T18:13:23","date_gmt":"2022-11-30T10:13:23","guid":{"rendered":"https:\/\/bestcharcoalmachine.com\/?post_type=product&#038;p=3503"},"modified":"2023-01-05T15:35:15","modified_gmt":"2023-01-05T07:35:15","slug":"biomass-wood-pellet-machine","status":"publish","type":"product","link":"https:\/\/bestcharcoalmachine.com\/fr\/product\/biomass-wood-pellet-machine\/","title":{"rendered":"Machine \u00e0 granul\u00e9s de bois biomasse | Moulin d'extrudeuse de granul\u00e9s de bois \u00e0 vendre"},"content":{"rendered":"<div class=\"kk-star-ratings kksr-auto kksr-align-left kksr-valign-top\"     data-payload='{&quot;align&quot;:&quot;left&quot;,&quot;id&quot;:&quot;3503&quot;,&quot;slug&quot;:&quot;default&quot;,&quot;valign&quot;:&quot;top&quot;,&quot;ignore&quot;:&quot;&quot;,&quot;reference&quot;:&quot;auto&quot;,&quot;class&quot;:&quot;&quot;,&quot;count&quot;:&quot;17&quot;,&quot;legendonly&quot;:&quot;&quot;,&quot;readonly&quot;:&quot;&quot;,&quot;score&quot;:&quot;4.6&quot;,&quot;starsonly&quot;:&quot;&quot;,&quot;best&quot;:&quot;5&quot;,&quot;gap&quot;:&quot;5&quot;,&quot;greet&quot;:&quot;Rate this product&quot;,&quot;legend&quot;:&quot;4.6\\\/5 - (17 votes)&quot;,&quot;size&quot;:&quot;24&quot;,&quot;title&quot;:&quot;Biomass Wood Pellet Machine | Wood Pellet Extruder Mill for Sale&quot;,&quot;width&quot;:&quot;130.9&quot;,&quot;_legend&quot;:&quot;{score}\\\/{best} - ({count} {votes})&quot;,&quot;font_factor&quot;:&quot;1.25&quot;}'>              <div class=\"kksr-stars\">      <div class=\"kksr-stars-inactive\">             <div class=\"kksr-star\" data-star=\"1\" style=\"padding-right: 5px\">               <div class=\"kksr-icon\" style=\"width: 24px; height: 24px;\"><\/div>         <\/div>             <div class=\"kksr-star\" data-star=\"2\" style=\"padding-right: 5px\">               <div class=\"kksr-icon\" style=\"width: 24px; height: 24px;\"><\/div>         <\/div>             <div class=\"kksr-star\" data-star=\"3\" style=\"padding-right: 5px\">               <div class=\"kksr-icon\" style=\"width: 24px; height: 24px;\"><\/div>         <\/div>             <div class=\"kksr-star\" data-star=\"4\" style=\"padding-right: 5px\">               <div class=\"kksr-icon\" style=\"width: 24px; height: 24px;\"><\/div>         <\/div>             <div class=\"kksr-star\" data-star=\"5\" style=\"padding-right: 5px\">               <div class=\"kksr-icon\" style=\"width: 24px; height: 24px;\"><\/div>         <\/div>     <\/div>      <div class=\"kksr-stars-active\" style=\"width: 130.9px;\">             <div class=\"kksr-star\" style=\"padding-right: 5px\">               <div class=\"kksr-icon\" style=\"width: 24px; height: 24px;\"><\/div>         <\/div>             <div class=\"kksr-star\" style=\"padding-right: 5px\">               <div class=\"kksr-icon\" style=\"width: 24px; height: 24px;\"><\/div>         <\/div>             <div class=\"kksr-star\" style=\"padding-right: 5px\">               <div class=\"kksr-icon\" style=\"width: 24px; height: 24px;\"><\/div>         <\/div>             <div class=\"kksr-star\" style=\"padding-right: 5px\">               <div class=\"kksr-icon\" style=\"width: 24px; height: 24px;\"><\/div>         <\/div>             <div class=\"kksr-star\" style=\"padding-right: 5px\">               <div class=\"kksr-icon\" style=\"width: 24px; height: 24px;\"><\/div>         <\/div>     <\/div> <\/div>                   <div class=\"kksr-legend\" style=\"font-size: 19.2px;\">             4,6\/5 - (17 votes)    <\/div>     <\/div>  <p>La machine \u00e0 granul\u00e9s de bois \u00e0 biomasse Shuliy produit principalement des granul\u00e9s de bois respectueux de l'environnement et sans pollution. La machine \u00e0 granul\u00e9s de biomasse est tr\u00e8s populaire sur le march\u00e9 et nos machines ont \u00e9t\u00e9 export\u00e9es dans le monde entier, aidant de nombreux fabricants \u00e0 obtenir des avantages \u00e9conomiques.<\/p>    <h2 class=\"wp-block-heading\">Introduction de la machine \u00e0 granul\u00e9s de bois biomasse<\/h2>    <p>Le moulin \u00e0 granul\u00e9s de biomasse est une structure verticale et adopte une technologie de granulation centrifuge \u00e0 haute efficacit\u00e9 en anneau. La machine peut traiter des arbres, des planches, des \u00e9corces, des copeaux et d'autres mati\u00e8res premi\u00e8res broy\u00e9s par extrusion physique, les sciures seront press\u00e9es en particules en forme de tige de 8 \u00e0 12 mm de diam\u00e8tre. Le produit final est bien form\u00e9, dense et peut \u00eatre utilis\u00e9 comme combustible \u00e0 la place du charbon.<\/p>    <h2 class=\"wp-block-heading\">Mati\u00e8res premi\u00e8res de la machine \u00e0 granul\u00e9s de bois<\/h2>    <p>Le moulin \u00e0 granul\u00e9s de bois est aujourd'hui largement utilis\u00e9 dans les usines de combustion biologique, les centrales \u00e9lectriques, les usines de transformation du bois, les usines d'engrais, les usines alimentaires, les \u00e9tablissements vinicoles, etc. Le moulin \u00e0 granul\u00e9s de bois est un \u00e9quipement de moulage \u00e0 haute et basse densit\u00e9, principalement applicable aux mat\u00e9riaux en bois\u00a0: toutes sortes d'arbres, branches, planches, \u00e9corces, copeaux, chutes d'usines de meubles, etc.<\/p>    <h2 class=\"wp-block-heading\">Vid\u00e9o de fonctionnement de la machine \u00e0 granul\u00e9s de biomasse<\/h2>    <figure class=\"wp-block-embed is-type-video is-provider-youtube wp-block-embed-youtube wp-embed-aspect-16-9 wp-has-aspect-ratio\"><div class=\"wp-block-embed__wrapper\"> <iframe loading=\"lazy\" title=\"Comment fabriquer des pellets de bois avec des balles de riz ? | Machine de fabrication de granul\u00e9s de bois \u00e0 vendre\" width=\"500\" height=\"281\" src=\"https:\/\/www.youtube.com\/embed\/DEHbn3LI0t8?feature=oembed\" frameborder=\"0\" allow=\"accelerometer; autoplay; clipboard-write; encrypted-media; gyroscope; picture-in-picture; web-share\" referrerpolicy=\"strict-origin-when-cross-origin\" allowfullscreen><\/iframe> <\/div><\/figure>    <h2 class=\"wp-block-heading\">Param\u00e8tres du moulin \u00e0 granul\u00e9s de bois \u00e0 vendre<\/h2>    <figure class=\"wp-block-table\"><table><tbody><tr><td>Mod\u00e8le<\/td><td>Capacit\u00e9 (t\/h)<\/td><td>Puissance (kW)<\/td><\/tr><tr><td>WD-380<\/td><td>0.2-0.3<\/td><td>22+0.75<\/td><\/tr><tr><td>WD-450<\/td><td>0.6-0.8<\/td><td>55+1.5+1.1+0.37+0.55<\/td><\/tr><tr><td>WD-560A<\/td><td>1-1.3<\/td><td>90+1.5+1.5+0.55+0.37<\/td><\/tr><tr><td>WD-560B<\/td><td>1.2-1.5<\/td><td>90+1.5+1.5+0.55+0.37<\/td><\/tr><tr><td>WD-560C<\/td><td>1.2-1.5<\/td><td>90+1.5+1.5+0.55+0.37<\/td><\/tr><tr><td>WD-700<\/td><td>2-2.5<\/td><td>160+2.2+0.37+0.75+1.5<\/td><\/tr><tr><td>WD-880<\/td><td>3-4<\/td><td>220+3+0.55+2.2+1.1<\/td><\/tr><\/tbody><\/table><figcaption class=\"wp-element-caption\">d\u00e9tails de l'extrudeuse de granul\u00e9s de bois<\/figcaption><\/figure>    <h2 class=\"wp-block-heading\">Caract\u00e9ristiques de la machine \u00e0 granul\u00e9s de bois biomasse<\/h2>    <ul class=\"wp-block-list\"> <li>La machine \u00e0 granul\u00e9s de biomasse est \u00e9quip\u00e9e d'un dispositif de d\u00e9charge ind\u00e9pendant pour assurer le taux de formation des granul\u00e9s.<\/li>    <li>L'extrudeuse de granul\u00e9s de bois est \u00e9quip\u00e9e d'un syst\u00e8me de ravitaillement automatique pour assurer une production continue 24 heures sur 24.<\/li>    <li>La machine adopte une structure verticale \u00e0 haute pression, elle a une vitesse \u00e9lev\u00e9e avec un rendement \u00e9lev\u00e9, un rendement \u00e9lev\u00e9 et une bonne stabilit\u00e9.<\/li>    <li>Si les clients disposent de beaucoup de mati\u00e8res premi\u00e8res et d\u2019une grande capacit\u00e9 de production, plusieurs usines de granul\u00e9s de bois peuvent \u00eatre utilis\u00e9es en parall\u00e8le.<\/li> <\/ul>    <h2 class=\"wp-block-heading\">Machine \u00e0 granul\u00e9s de bois biomasse en stock<\/h2>    <figure class=\"wp-block-gallery has-nested-images columns-default is-cropped wp-block-gallery-2 is-layout-flex wp-block-gallery-is-layout-flex\"> <figure class=\"wp-block-image size-large\"><img loading=\"lazy\" decoding=\"async\" width=\"720\" height=\"540\" data-id=\"3505\" src=\"https:\/\/bestcharcoalmachine.com\/wp-content\/uploads\/2022\/11\/biomass-wood-pellet-machine_1.jpg\" alt=\"machine \u00e0 granul\u00e9s de bois de biomasse\" class=\"wp-image-3505\"\/><figcaption class=\"wp-element-caption\">machine \u00e0 granul\u00e9s de bois de biomasse<\/figcaption><\/figure>    <figure class=\"wp-block-image size-large\"><img loading=\"lazy\" decoding=\"async\" width=\"720\" height=\"540\" data-id=\"3506\" src=\"https:\/\/bestcharcoalmachine.com\/wp-content\/uploads\/2022\/11\/biomass-pellet-machine_1.jpg\" alt=\"machine \u00e0 granul\u00e9s de biomasse\" class=\"wp-image-3506\"\/><figcaption class=\"wp-element-caption\">machine \u00e0 granul\u00e9s de biomasse<\/figcaption><\/figure> <\/figure>    <h2 class=\"wp-block-heading\">Application des produits finaux de l'extrudeuse de granul\u00e9s de bois <\/h2>    <ul class=\"wp-block-list\"> <li>Les granul\u00e9s de bois peuvent \u00eatre utilis\u00e9s pour le chauffage civil et l\u2019\u00e9nergie vitale. Les granul\u00e9s de copeaux de bois ont une efficacit\u00e9 de combustion \u00e9lev\u00e9e et sont faciles \u00e0 stocker et \u00e0 utiliser.<\/li>    <li>Les granul\u00e9s de bois peuvent \u00eatre utilis\u00e9s dans l\u2019industrie comme combustible pour les chaudi\u00e8res industrielles \u00e0 biomasse. Les granul\u00e9s de bois peuvent remplacer les sources d'\u00e9nergie telles que le charbon et le gaz naturel et r\u00e9soudre la pollution de l'environnement. De plus, l\u2019efficacit\u00e9 de combustion des pellets de copeaux de bois d\u00e9passe celle du charbon ordinaire.<\/li>    <li>Les granul\u00e9s de sciure de bois peuvent \u00eatre utilis\u00e9s comme combustible pour la production d\u2019\u00e9nergie thermique.<\/li>    <li>Ils peuvent \u00e9galement \u00eatre utilis\u00e9s comme mat\u00e9riau de base pour les champignons, les champignons shiitake, etc.<\/li> <\/ul>","protected":false},"excerpt":{"rendered":"<p>Shuliy biomass wood pellet machine mainly produces environmentally friendly and pollution-free wood pellets. The biomass pellet machine is very popular in the market and our machines have been exported to all over the world, helping many manufacturers to achieve economic benefits. Introduction of biomass wood pellet machine biomass pellet mill is a vertical structure and [&hellip;]<\/p>\n","protected":false},"author":1,"featured_media":3508,"parent":0,"template":"","tags":[62],"product-type":[51],"class_list":["post-3503","product","type-product","status-publish","has-post-thumbnail","hentry","tag-wood-pellet-machine","product-type-wood-working-equipment"],"_links":{"self":[{"href":"https:\/\/bestcharcoalmachine.com\/fr\/wp-json\/wp\/v2\/product\/3503","targetHints":{"allow":["GET"]}}],"collection":[{"href":"https:\/\/bestcharcoalmachine.com\/fr\/wp-json\/wp\/v2\/product"}],"about":[{"href":"https:\/\/bestcharcoalmachine.com\/fr\/wp-json\/wp\/v2\/types\/product"}],"author":[{"embeddable":true,"href":"https:\/\/bestcharcoalmachine.com\/fr\/wp-json\/wp\/v2\/users\/1"}],"wp:featuredmedia":[{"embeddable":true,"href":"https:\/\/bestcharcoalmachine.com\/fr\/wp-json\/wp\/v2\/media\/3508"}],"wp:attachment":[{"href":"https:\/\/bestcharcoalmachine.com\/fr\/wp-json\/wp\/v2\/media?parent=3503"}],"wp:term":[{"taxonomy":"post_tag","embeddable":true,"href":"https:\/\/bestcharcoalmachine.com\/fr\/wp-json\/wp\/v2\/tags?post=3503"},{"taxonomy":"product-type","embeddable":true,"href":"https:\/\/bestcharcoalmachine.com\/fr\/wp-json\/wp\/v2\/product-type?post=3503"}],"curies":[{"name":"wp","href":"https:\/\/api.w.org\/{rel}","templated":true}]}}