{"id":3488,"date":"2022-11-28T18:13:21","date_gmt":"2022-11-28T10:13:21","guid":{"rendered":"https:\/\/bestcharcoalmachine.com\/?post_type=product&#038;p=3488"},"modified":"2024-03-05T15:46:47","modified_gmt":"2024-03-05T07:46:47","slug":"wood-pellet-machine","status":"publish","type":"product","link":"https:\/\/bestcharcoalmachine.com\/fr\/product\/wood-pellet-machine\/","title":{"rendered":"Machine \u00e0 granul\u00e9s de bois | Moulin \u00e0 granul\u00e9s de bois industriel"},"content":{"rendered":"<div class=\"kk-star-ratings kksr-auto kksr-align-left kksr-valign-top\"     data-payload='{&quot;align&quot;:&quot;left&quot;,&quot;id&quot;:&quot;3488&quot;,&quot;slug&quot;:&quot;default&quot;,&quot;valign&quot;:&quot;top&quot;,&quot;ignore&quot;:&quot;&quot;,&quot;reference&quot;:&quot;auto&quot;,&quot;class&quot;:&quot;&quot;,&quot;count&quot;:&quot;24&quot;,&quot;legendonly&quot;:&quot;&quot;,&quot;readonly&quot;:&quot;&quot;,&quot;score&quot;:&quot;4.8&quot;,&quot;starsonly&quot;:&quot;&quot;,&quot;best&quot;:&quot;5&quot;,&quot;gap&quot;:&quot;5&quot;,&quot;greet&quot;:&quot;Rate this product&quot;,&quot;legend&quot;:&quot;4.8\\\/5 - (24 votes)&quot;,&quot;size&quot;:&quot;24&quot;,&quot;title&quot;:&quot;Wood Pellet Machine | Industrial Wood Pellet Mill&quot;,&quot;width&quot;:&quot;136.7&quot;,&quot;_legend&quot;:&quot;{score}\\\/{best} - ({count} {votes})&quot;,&quot;font_factor&quot;:&quot;1.25&quot;}'>              <div class=\"kksr-stars\">      <div class=\"kksr-stars-inactive\">             <div class=\"kksr-star\" data-star=\"1\" style=\"padding-right: 5px\">               <div class=\"kksr-icon\" style=\"width: 24px; height: 24px;\"><\/div>         <\/div>             <div class=\"kksr-star\" data-star=\"2\" style=\"padding-right: 5px\">               <div class=\"kksr-icon\" style=\"width: 24px; height: 24px;\"><\/div>         <\/div>             <div class=\"kksr-star\" data-star=\"3\" style=\"padding-right: 5px\">               <div class=\"kksr-icon\" style=\"width: 24px; height: 24px;\"><\/div>         <\/div>             <div class=\"kksr-star\" data-star=\"4\" style=\"padding-right: 5px\">               <div class=\"kksr-icon\" style=\"width: 24px; height: 24px;\"><\/div>         <\/div>             <div class=\"kksr-star\" data-star=\"5\" style=\"padding-right: 5px\">               <div class=\"kksr-icon\" style=\"width: 24px; height: 24px;\"><\/div>         <\/div>     <\/div>      <div class=\"kksr-stars-active\" style=\"width: 136.7px;\">             <div class=\"kksr-star\" style=\"padding-right: 5px\">               <div class=\"kksr-icon\" style=\"width: 24px; height: 24px;\"><\/div>         <\/div>             <div class=\"kksr-star\" style=\"padding-right: 5px\">               <div class=\"kksr-icon\" style=\"width: 24px; height: 24px;\"><\/div>         <\/div>             <div class=\"kksr-star\" style=\"padding-right: 5px\">               <div class=\"kksr-icon\" style=\"width: 24px; height: 24px;\"><\/div>         <\/div>             <div class=\"kksr-star\" style=\"padding-right: 5px\">               <div class=\"kksr-icon\" style=\"width: 24px; height: 24px;\"><\/div>         <\/div>             <div class=\"kksr-star\" style=\"padding-right: 5px\">               <div class=\"kksr-icon\" style=\"width: 24px; height: 24px;\"><\/div>         <\/div>     <\/div> <\/div>                   <div class=\"kksr-legend\" style=\"font-size: 19.2px;\">             4,8\/5 - (24 votes)    <\/div>     <\/div>  <p>La machine \u00e0 granul\u00e9s de bois Shuliy \u00e0 vendre est attrayante pour les clients d\u00e9termin\u00e9s \u00e0 d\u00e9marrer une entreprise de fabrication de granul\u00e9s de bois. L'usine de granul\u00e9s de bois peut utiliser une vari\u00e9t\u00e9 de d\u00e9chets agricoles pour fabriquer du combustible en granul\u00e9s. Par cons\u00e9quent, l'usine de granul\u00e9s de bois peut r\u00e9aliser une grande valeur \u00e9conomique et ne pose pas de probl\u00e8mes environnementaux.<\/p>    <p>En tant que pierre angulaire de la production d\u2019\u00e9nergie biomasse, les machines \u00e0 granul\u00e9s de bois jouent un r\u00f4le central dans la soci\u00e9t\u00e9 moderne. Nos machines transforment non seulement diverses mati\u00e8res premi\u00e8res telles que la sciure, la paille et les d\u00e9chets agricoles en granul\u00e9s de bois de haute qualit\u00e9, mais sont \u00e9galement reconnues pour leur efficacit\u00e9, leur fiabilit\u00e9 et leur respect de l'environnement. <\/p>    <p>Que vous soyez dans l'industrie de la transformation du bois, de l'agriculture ou de l'\u00e9nergie biomasse, notre machine \u00e0 granul\u00e9s de bois sera un partenaire indispensable. Explorons ensemble le potentiel illimit\u00e9 des machines \u00e0 granul\u00e9s de bois et construisons un avenir propre et durable\u00a0!<\/p>    <figure class=\"wp-block-embed is-type-video is-provider-youtube wp-block-embed-youtube wp-embed-aspect-16-9 wp-has-aspect-ratio\"><div class=\"wp-block-embed__wrapper\"> <iframe loading=\"lazy\" title=\"Des mati\u00e8res premi\u00e8res aux granul\u00e9s de qualit\u00e9 : explication du broyage des granul\u00e9s alimentaires #woodworking #woodmachine\" width=\"500\" height=\"281\" src=\"https:\/\/www.youtube.com\/embed\/Q95TO8hcQ80?feature=oembed\" frameborder=\"0\" allow=\"accelerometer; autoplay; clipboard-write; encrypted-media; gyroscope; picture-in-picture; web-share\" referrerpolicy=\"strict-origin-when-cross-origin\" allowfullscreen><\/iframe> <\/div><figcaption class=\"wp-element-caption\">Vid\u00e9o de travail de la machine \u00e0 granul\u00e9s de bois<\/figcaption><\/figure>    <h2 class=\"wp-block-heading\">Introduction de la machine \u00e0 granul\u00e9s de bois<\/h2>    <p>Le moulin industriel \u00e0 granul\u00e9s de bois est une sorte de machine de moulage de combustible en granul\u00e9s, elle est \u00e9galement appel\u00e9e machine \u00e0 granul\u00e9s de sciure de bois. La machine \u00e0 granul\u00e9s de bois transformera diverses branches, notamment les copeaux de bois, la paille de ma\u00efs, le son de bois, la farine de bois et d'autres mat\u00e9riaux, en de nombreux petits granul\u00e9s de bois compress\u00e9s. <\/p>    <p>Ces granul\u00e9s de sciure de bois peuvent \u00eatre utilis\u00e9s dans les foyers familiaux, les chaudi\u00e8res industrielles et le combustible des centrales \u00e9lectriques \u00e0 biomasse. Ils peuvent remplacer le charbon, le p\u00e9trole lourd et le gaz naturel, r\u00e9duisant ainsi la pollution de l\u2019environnement.<\/p>    <figure class=\"wp-block-gallery has-nested-images columns-default is-cropped wp-block-gallery-2 is-layout-flex wp-block-gallery-is-layout-flex\"> <figure class=\"wp-block-image size-large\"><img loading=\"lazy\" decoding=\"async\" width=\"720\" height=\"540\" data-id=\"3499\" src=\"https:\/\/bestcharcoalmachine.com\/wp-content\/uploads\/2022\/11\/wood-pellet-mill-2.jpg\" alt=\"moulin \u00e0 granul\u00e9s de bois\" class=\"wp-image-3499\"\/><figcaption class=\"wp-element-caption\">moulin \u00e0 granul\u00e9s de bois<\/figcaption><\/figure>    <figure class=\"wp-block-image size-large\"><img loading=\"lazy\" decoding=\"async\" width=\"720\" height=\"540\" data-id=\"3496\" src=\"https:\/\/bestcharcoalmachine.com\/wp-content\/uploads\/2022\/11\/wood-pellet-machine-2-1.jpg\" alt=\"machine \u00e0 granul\u00e9s de bois \" class=\"wp-image-3496\"\/><figcaption class=\"wp-element-caption\">machine \u00e0 granul\u00e9s de bois <\/figcaption><\/figure> <\/figure>    <h2 class=\"wp-block-heading\">Vid\u00e9o de travail d'une usine de granul\u00e9s de bois<\/h2>    <p>La vid\u00e9o montre la vid\u00e9o de test d'une petite machine \u00e0 granul\u00e9s de bois dans notre usine. <\/p>    <p>Dans la vid\u00e9o, vous pouvez voir que les granul\u00e9s de sciure de bois compress\u00e9s finaux sont en bon \u00e9tat et que l'efficacit\u00e9 de la machine \u00e0 granul\u00e9s de sciure de bois est \u00e9lev\u00e9e.<\/p>    <figure class=\"wp-block-embed is-type-video is-provider-youtube wp-block-embed-youtube wp-embed-aspect-16-9 wp-has-aspect-ratio\"><div class=\"wp-block-embed__wrapper\"> <iframe loading=\"lazy\" title=\"Machine de fabrication de granul\u00e9s de sciure | Comment fabriquer des pellets de bois compress\u00e9s ?\" width=\"500\" height=\"281\" src=\"https:\/\/www.youtube.com\/embed\/69bBDikqlB4?feature=oembed\" frameborder=\"0\" allow=\"accelerometer; autoplay; clipboard-write; encrypted-media; gyroscope; picture-in-picture; web-share\" referrerpolicy=\"strict-origin-when-cross-origin\" allowfullscreen><\/iframe> <\/div><figcaption class=\"wp-element-caption\">processus de travail du moulin \u00e0 granul\u00e9s alimentaires<\/figcaption><\/figure>    <h2 class=\"wp-block-heading\">Mati\u00e8res premi\u00e8res de petite machine \u00e0 granul\u00e9s de bois<\/h2>    <p class=\"translation-block\">La gamme de mati\u00e8res premi\u00e8res adapt\u00e9es aux granul\u00e9s de bois est \u00e9tendue, les copeaux de bois \u00e9tant une option courante. G\u00e9n\u00e9ralement, les blocs de bois et les branches sont transform\u00e9s en copeaux de bois \u00e0 l'aide d'un <a href=\"https:\/\/bestcharcoalmachine.com\/fr\/product\/wood-crusher-machine\/\" data-type=\"link\" data-id=\"https:\/\/bestcharcoalmachine.com\/product\/wood-crusher-machine\/\">broyeur de bois<\/a> avant d'\u00eatre utilis\u00e9s comme mati\u00e8res premi\u00e8res. <\/p>    <p>De plus, divers d\u00e9chets agricoles tels que les tiges de r\u00e9colte, les coques de noix de coco, les coques d'arachide, les mauvaises herbes et autres r\u00e9sidus organiques peuvent \u00e9galement servir d'intrants viables pour la machine \u00e0 granul\u00e9s de bois.<\/p>    <figure class=\"wp-block-image aligncenter size-full\"><img loading=\"lazy\" decoding=\"async\" width=\"720\" height=\"540\" src=\"https:\/\/bestcharcoalmachine.com\/wp-content\/uploads\/2022\/11\/raw-materials-of-wood-pellets.jpg\" alt=\"mati\u00e8res premi\u00e8res de granul\u00e9s de bois\" class=\"wp-image-3490\"\/><figcaption class=\"wp-element-caption\">mati\u00e8res premi\u00e8res de granul\u00e9s de bois<\/figcaption><\/figure>    <h2 class=\"wp-block-heading\">Param\u00e8tres de la machine \u00e0 granul\u00e9s de bois \u00e0 vendre<\/h2>    <p>Nous proposons aux clients quatre mod\u00e8les d\u2019usines industrielles de granul\u00e9s de bois. Leur rendement d\u00e9pend du volume d'alimentation de la mati\u00e8re premi\u00e8re que vous souhaitez traiter. <\/p>    <p>Le WD-250 et le WD-300 conviennent aux petites usines de fabrication de granul\u00e9s. Le WD-350 et le WD-400 conviennent aux grandes usines de fabrication de granul\u00e9s. Veuillez consulter leurs param\u00e8tres dans le tableau suivant.<\/p>    <figure class=\"wp-block-table\"><table><tbody><tr><td>Mod\u00e8le<\/td><td>WD-250<\/td><td>WD-300<\/td><td>WD-350<\/td><td>WD-400<\/td><\/tr><tr><td>Puissance (kw)<\/td><td>15<\/td><td>22<\/td><td>30<\/td><td>37<\/td><\/tr><tr><td>Capacit\u00e9 (kg\/h)<\/td><td>100-200<\/td><td>200-300<\/td><td>300-400<\/td><td>400-500<\/td><\/tr><\/tbody><\/table><figcaption class=\"wp-element-caption\">machine \u00e0 granul\u00e9s de sciure de bois \u00e0 vendre<\/figcaption><\/figure>    <h2 class=\"wp-block-heading\">Comment choisir une machine \u00e0 granul\u00e9s de sciure de bois ?<\/h2>    <h3 class=\"wp-block-heading\">1. Facteurs de prix<\/h3>    <p>G\u00e9n\u00e9ralement, les machines avec un rendement plus \u00e9lev\u00e9 ont un prix plus \u00e9lev\u00e9. Les clients doivent tenir compte de leur propre quantit\u00e9 de mati\u00e8res premi\u00e8res et de leur budget lorsqu\u2019ils d\u00e9cident quelle machine acheter.<\/p>    <figure class=\"wp-block-image size-full\"><img loading=\"lazy\" decoding=\"async\" width=\"720\" height=\"540\" src=\"https:\/\/bestcharcoalmachine.com\/wp-content\/uploads\/2022\/11\/machine-to-make-wood-pellets.webp\" alt=\"machine \u00e0 fabriquer des granul\u00e9s de bois\" class=\"wp-image-3863\" srcset=\"https:\/\/bestcharcoalmachine.com\/wp-content\/uploads\/2022\/11\/machine-to-make-wood-pellets.webp 720w, https:\/\/bestcharcoalmachine.com\/wp-content\/uploads\/2022\/11\/machine-to-make-wood-pellets-300x225.webp 300w\" sizes=\"auto, (max-width: 720px) 100vw, 720px\" \/><figcaption class=\"wp-element-caption\">machine \u00e0 fabriquer des granul\u00e9s de bois<\/figcaption><\/figure>    <h3 class=\"wp-block-heading\">2. Qualit\u00e9 des machines<\/h3>    <p>La qualit\u00e9 d\u2019une machine \u00e0 granul\u00e9s de bois est primordiale. Les clients peuvent \u00e9valuer la qualit\u00e9 de chaque composant, le niveau d'automatisation de la ligne de production ainsi que les m\u00e9thodes op\u00e9rationnelles et de transport. Une ligne de production ferm\u00e9e r\u00e9duit consid\u00e9rablement la poussi\u00e8re et am\u00e9liore la qualit\u00e9 du produit.<\/p>    <h3 class=\"wp-block-heading\">3. Choisir les fabricants<\/h3>    <p>Actuellement, la demande de machines \u00e0 granul\u00e9s de bois est \u00e9lev\u00e9e, ce qui entra\u00eene une augmentation du nombre de fabricants. Cependant, la qualit\u00e9 des machines varie. Les clients doivent opter pour des fabricants r\u00e9put\u00e9s poss\u00e9dant une vaste exp\u00e9rience. Il est conseill\u00e9 de proc\u00e9der \u00e0 des inspections sur place des capacit\u00e9s des fabricants et du service apr\u00e8s-vente associ\u00e9 pour garantir un investissement satisfaisant.<\/p>    <h2 class=\"wp-block-heading\">Pourquoi choisir les fabricants de machines \u00e0 granul\u00e9s de sciure de bois Shuliy\u00a0?<\/h2>    <figure class=\"wp-block-image size-full\"><img loading=\"lazy\" decoding=\"async\" width=\"720\" height=\"540\" src=\"https:\/\/bestcharcoalmachine.com\/wp-content\/uploads\/2022\/11\/wood-pelletizer-machine.webp\" alt=\"machine \u00e0 granuler le bois\" class=\"wp-image-3864\" srcset=\"https:\/\/bestcharcoalmachine.com\/wp-content\/uploads\/2022\/11\/wood-pelletizer-machine.webp 720w, https:\/\/bestcharcoalmachine.com\/wp-content\/uploads\/2022\/11\/wood-pelletizer-machine-300x225.webp 300w\" sizes=\"auto, (max-width: 720px) 100vw, 720px\" \/><figcaption class=\"wp-element-caption\">machine \u00e0 granuler le bois<\/figcaption><\/figure>    <ol class=\"wp-block-list\"> <li>Vaste exp\u00e9rience : avec plus de dix ans d'exp\u00e9rience dans la conception, la fabrication, l'installation et l'exportation, Shuliy Machinery s'est impos\u00e9e comme un leader de confiance dans l'industrie. Notre pr\u00e9sence de longue date refl\u00e8te notre engagement envers la qualit\u00e9 et la fiabilit\u00e9.<\/li>    <li>Solutions personnalis\u00e9es : Chez Shuliy Machinery, nous comprenons que chaque client a des besoins et des exigences uniques. C'est pourquoi nous proposons des projets uniques et personnalis\u00e9s, adapt\u00e9s pour r\u00e9pondre aux demandes sp\u00e9cifiques de nos clients. De la conception initiale \u00e0 l'installation finale, nous travaillons en \u00e9troite collaboration avec nos clients pour garantir leur satisfaction.<\/li>    <li>Services complets\u00a0:\u00a0\u00c0 partir du moment o\u00f9 vous nous contactez avec votre demande d'usine de granul\u00e9s de bois, nous fournissons des services complets pour vous guider tout au long du processus. Notre \u00e9quipe d'experts se consacre \u00e0 offrir l'excellence \u00e0 chaque \u00e9tape, de la consultation au support apr\u00e8s-vente.<\/li>    <li>Assurance qualit\u00e9 : lorsque vous choisissez Shuliy Machinery, vous pouvez \u00eatre assur\u00e9 que vous investissez dans un produit de haute qualit\u00e9. Nous adh\u00e9rons \u00e0 des mesures de contr\u00f4le de qualit\u00e9 strictes tout au long du processus de fabrication pour garantir que nos machines \u00e0 granul\u00e9s de sciure r\u00e9pondent aux normes les plus \u00e9lev\u00e9es de performance et de durabilit\u00e9.<\/li>    <li>Port\u00e9e mondiale : Gr\u00e2ce \u00e0 notre vaste exp\u00e9rience en exportation, nous avons servi avec succ\u00e8s des clients du monde entier. Que vous soyez situ\u00e9 localement ou \u00e0 l'\u00e9tranger, vous pouvez compter sur Shuliy Machinery pour fournir des produits et services de premier ordre o\u00f9 que vous soyez.<\/li> <\/ol>    <figure class=\"wp-block-gallery has-nested-images columns-default is-cropped wp-block-gallery-3 is-layout-flex wp-block-gallery-is-layout-flex\"> <figure class=\"wp-block-image size-full\"><img loading=\"lazy\" decoding=\"async\" width=\"720\" height=\"540\" data-id=\"3494\" src=\"https:\/\/bestcharcoalmachine.com\/wp-content\/uploads\/2022\/11\/sawdust-pellet-machine.jpg\" alt=\"\" class=\"wp-image-3494\"\/><figcaption class=\"wp-element-caption\">moulin \u00e0 granul\u00e9s de bois<\/figcaption><\/figure>    <figure class=\"wp-block-image size-full\"><img loading=\"lazy\" decoding=\"async\" width=\"720\" height=\"540\" data-id=\"3498\" src=\"https:\/\/bestcharcoalmachine.com\/wp-content\/uploads\/2022\/11\/wood-pellet-machine.jpg\" alt=\"machine \u00e0 granul\u00e9s de bois\" class=\"wp-image-3498\"\/><figcaption class=\"wp-element-caption\">machine \u00e0 granul\u00e9s de bois<\/figcaption><\/figure> <\/figure>    <h2 class=\"wp-block-heading\">Quel est le prix de la machine \u00e0 granul\u00e9s de sciure de bois Shuliy\u00a0?<\/h2>    <p>Lorsqu\u2019il s\u2019agit d\u2019acheter une machine \u00e0 granul\u00e9s de sciure de bois, le prix est une consid\u00e9ration cruciale pour les clients. Le prix d\u2019une machine \u00e0 granul\u00e9s de sciure de bois est influenc\u00e9 par divers facteurs. Ceux-ci incluent la capacit\u00e9 et le mod\u00e8le de la machine \u00e0 granul\u00e9s, le fabricant, les appareils compl\u00e9mentaires en option et les frais de livraison.<\/p>    <p>Il est important de noter que si les clients ont des exigences sp\u00e9cifiques ou des besoins de personnalisation, cela peut affecter le prix final. Pour obtenir des informations d\u00e9taill\u00e9es sur les prix, les clients sont encourag\u00e9s \u00e0 nous contacter directement. <\/p>    <p>Vous pouvez facilement nous contacter en laissant un message sur notre site Internet, et notre \u00e9quipe vous proposera dans les plus brefs d\u00e9lais un devis complet adapt\u00e9 \u00e0 vos besoins. Nous accordons la priorit\u00e9 \u00e0 la transparence et visons \u00e0 garantir que nos clients disposent de toutes les informations n\u00e9cessaires pour prendre des d\u00e9cisions \u00e9clair\u00e9es concernant leurs achats.<\/p>    <figure class=\"wp-block-image size-full\"><img loading=\"lazy\" decoding=\"async\" width=\"720\" height=\"540\" src=\"https:\/\/bestcharcoalmachine.com\/wp-content\/uploads\/2022\/11\/wood-pellet-maker-machine.webp\" alt=\"machine de fabrication de granul\u00e9s de bois\" class=\"wp-image-3865\" srcset=\"https:\/\/bestcharcoalmachine.com\/wp-content\/uploads\/2022\/11\/wood-pellet-maker-machine.webp 720w, https:\/\/bestcharcoalmachine.com\/wp-content\/uploads\/2022\/11\/wood-pellet-maker-machine-300x225.webp 300w\" sizes=\"auto, (max-width: 720px) 100vw, 720px\" \/><figcaption class=\"wp-element-caption\">machine de fabrication de granul\u00e9s de bois<\/figcaption><\/figure>    <h2 class=\"wp-block-heading\">Investissez dans l'usine de granul\u00e9s alimentaires Shuliy<\/h2>    <p class=\"translation-block\">Investir dans une <a href=\"https:\/\/en.wikipedia.org\/wiki\/Pellet_mill\" data-type=\"link\" data-id=\"https:\/\/en.wikipedia.org\/wiki\/Pellet_mill\" target=\"_blank\" rel=\"noopener\">machine \u00e0 granul\u00e9s<\/a> de sciure de bois est un choix judicieux pour am\u00e9liorer la productivit\u00e9 et r\u00e9duire les co\u00fbts. Notre machine transforme non seulement la sciure de bois et d'autres mat\u00e9riaux r\u00e9siduels en granul\u00e9s de bois de haute qualit\u00e9, mais g\u00e9n\u00e8re \u00e9galement des retours substantiels pour votre entreprise. <\/p>    <p>Choisissez d\u00e8s maintenant notre machine \u00e0 granul\u00e9s de sciure de bois pour lib\u00e9rer votre potentiel de production\u00a0! Contactez notre \u00e9quipe et construisons ensemble le chemin de votre r\u00e9ussite !<\/p>    <figure class=\"wp-block-gallery has-nested-images columns-default is-cropped wp-block-gallery-4 is-layout-flex wp-block-gallery-is-layout-flex\"> <figure class=\"wp-block-image size-large\"><img loading=\"lazy\" decoding=\"async\" width=\"720\" height=\"540\" data-id=\"3866\" src=\"https:\/\/bestcharcoalmachine.com\/wp-content\/uploads\/2022\/11\/sawdust-pellet-machine-for-sale.webp\" alt=\"machine \u00e0 granul\u00e9s de sciure de bois \u00e0 vendre\" class=\"wp-image-3866\" srcset=\"https:\/\/bestcharcoalmachine.com\/wp-content\/uploads\/2022\/11\/sawdust-pellet-machine-for-sale.webp 720w, https:\/\/bestcharcoalmachine.com\/wp-content\/uploads\/2022\/11\/sawdust-pellet-machine-for-sale-300x225.webp 300w\" sizes=\"auto, (max-width: 720px) 100vw, 720px\" \/><figcaption class=\"wp-element-caption\">machine \u00e0 granul\u00e9s de sciure de bois \u00e0 vendre<\/figcaption><\/figure>    <figure class=\"wp-block-image size-large\"><img loading=\"lazy\" decoding=\"async\" width=\"720\" height=\"540\" data-id=\"3867\" src=\"https:\/\/bestcharcoalmachine.com\/wp-content\/uploads\/2022\/11\/sawdust-pellet-machine-in-stock.webp\" alt=\"machine \u00e0 granul\u00e9s de sciure de bois en stock\" class=\"wp-image-3867\" srcset=\"https:\/\/bestcharcoalmachine.com\/wp-content\/uploads\/2022\/11\/sawdust-pellet-machine-in-stock.webp 720w, https:\/\/bestcharcoalmachine.com\/wp-content\/uploads\/2022\/11\/sawdust-pellet-machine-in-stock-300x225.webp 300w\" sizes=\"auto, (max-width: 720px) 100vw, 720px\" \/><figcaption class=\"wp-element-caption\">machine \u00e0 granul\u00e9s de sciure de bois en stock<\/figcaption><\/figure> <\/figure>","protected":false},"excerpt":{"rendered":"<p>La machine \u00e0 granul\u00e9s de bois Shuliy \u00e0 vendre est attrayante pour les clients d\u00e9termin\u00e9s \u00e0 d\u00e9marrer une entreprise de fabrication de granul\u00e9s de bois. L\u2019usine de granul\u00e9s de bois peut utiliser une vari\u00e9t\u00e9 de d\u00e9chets agricoles pour fabriquer du combustible en granul\u00e9s.<\/p>","protected":false},"author":1,"featured_media":3491,"parent":0,"template":"","tags":[62],"product-type":[51],"class_list":["post-3488","product","type-product","status-publish","has-post-thumbnail","hentry","tag-wood-pellet-machine","product-type-wood-working-equipment"],"_links":{"self":[{"href":"https:\/\/bestcharcoalmachine.com\/fr\/wp-json\/wp\/v2\/product\/3488","targetHints":{"allow":["GET"]}}],"collection":[{"href":"https:\/\/bestcharcoalmachine.com\/fr\/wp-json\/wp\/v2\/product"}],"about":[{"href":"https:\/\/bestcharcoalmachine.com\/fr\/wp-json\/wp\/v2\/types\/product"}],"author":[{"embeddable":true,"href":"https:\/\/bestcharcoalmachine.com\/fr\/wp-json\/wp\/v2\/users\/1"}],"wp:featuredmedia":[{"embeddable":true,"href":"https:\/\/bestcharcoalmachine.com\/fr\/wp-json\/wp\/v2\/media\/3491"}],"wp:attachment":[{"href":"https:\/\/bestcharcoalmachine.com\/fr\/wp-json\/wp\/v2\/media?parent=3488"}],"wp:term":[{"taxonomy":"post_tag","embeddable":true,"href":"https:\/\/bestcharcoalmachine.com\/fr\/wp-json\/wp\/v2\/tags?post=3488"},{"taxonomy":"product-type","embeddable":true,"href":"https:\/\/bestcharcoalmachine.com\/fr\/wp-json\/wp\/v2\/product-type?post=3488"}],"curies":[{"name":"wp","href":"https:\/\/api.w.org\/{rel}","templated":true}]}}