{"id":3061,"date":"2022-03-11T08:17:57","date_gmt":"2022-03-11T08:17:57","guid":{"rendered":"https:\/\/bestcharcoalmachine.com\/?post_type=product&#038;p=3061"},"modified":"2023-02-22T10:59:51","modified_gmt":"2023-02-22T02:59:51","slug":"coal-briquette-processing-plant-coal-making-machine-1","status":"publish","type":"product","link":"https:\/\/bestcharcoalmachine.com\/fr\/product\/coal-briquette-processing-plant-coal-making-machine-1\/","title":{"rendered":"Usine de traitement de briquettes de charbon | Machine de fabrication de charbon"},"content":{"rendered":"<div class=\"kk-star-ratings kksr-auto kksr-align-left kksr-valign-top\"     data-payload='{&quot;align&quot;:&quot;left&quot;,&quot;id&quot;:&quot;3061&quot;,&quot;slug&quot;:&quot;default&quot;,&quot;valign&quot;:&quot;top&quot;,&quot;ignore&quot;:&quot;&quot;,&quot;reference&quot;:&quot;auto&quot;,&quot;class&quot;:&quot;&quot;,&quot;count&quot;:&quot;15&quot;,&quot;legendonly&quot;:&quot;&quot;,&quot;readonly&quot;:&quot;&quot;,&quot;score&quot;:&quot;4.6&quot;,&quot;starsonly&quot;:&quot;&quot;,&quot;best&quot;:&quot;5&quot;,&quot;gap&quot;:&quot;5&quot;,&quot;greet&quot;:&quot;Rate this product&quot;,&quot;legend&quot;:&quot;4.6\\\/5 - (15 votes)&quot;,&quot;size&quot;:&quot;24&quot;,&quot;title&quot;:&quot;Coal Briquette Processing Plant |  Coal Making Machine&quot;,&quot;width&quot;:&quot;130.9&quot;,&quot;_legend&quot;:&quot;{score}\\\/{best} - ({count} {votes})&quot;,&quot;font_factor&quot;:&quot;1.25&quot;}'>              <div class=\"kksr-stars\">      <div class=\"kksr-stars-inactive\">             <div class=\"kksr-star\" data-star=\"1\" style=\"padding-right: 5px\">               <div class=\"kksr-icon\" style=\"width: 24px; height: 24px;\"><\/div>         <\/div>             <div class=\"kksr-star\" data-star=\"2\" style=\"padding-right: 5px\">               <div class=\"kksr-icon\" style=\"width: 24px; height: 24px;\"><\/div>         <\/div>             <div class=\"kksr-star\" data-star=\"3\" style=\"padding-right: 5px\">               <div class=\"kksr-icon\" style=\"width: 24px; height: 24px;\"><\/div>         <\/div>             <div class=\"kksr-star\" data-star=\"4\" style=\"padding-right: 5px\">               <div class=\"kksr-icon\" style=\"width: 24px; height: 24px;\"><\/div>         <\/div>             <div class=\"kksr-star\" data-star=\"5\" style=\"padding-right: 5px\">               <div class=\"kksr-icon\" style=\"width: 24px; height: 24px;\"><\/div>         <\/div>     <\/div>      <div class=\"kksr-stars-active\" style=\"width: 130.9px;\">             <div class=\"kksr-star\" style=\"padding-right: 5px\">               <div class=\"kksr-icon\" style=\"width: 24px; height: 24px;\"><\/div>         <\/div>             <div class=\"kksr-star\" style=\"padding-right: 5px\">               <div class=\"kksr-icon\" style=\"width: 24px; height: 24px;\"><\/div>         <\/div>             <div class=\"kksr-star\" style=\"padding-right: 5px\">               <div class=\"kksr-icon\" style=\"width: 24px; height: 24px;\"><\/div>         <\/div>             <div class=\"kksr-star\" style=\"padding-right: 5px\">               <div class=\"kksr-icon\" style=\"width: 24px; height: 24px;\"><\/div>         <\/div>             <div class=\"kksr-star\" style=\"padding-right: 5px\">               <div class=\"kksr-icon\" style=\"width: 24px; height: 24px;\"><\/div>         <\/div>     <\/div> <\/div>                   <div class=\"kksr-legend\" style=\"font-size: 19.2px;\">             4,6\/5 - (15 votes)    <\/div>     <\/div>  <p>Le d\u00e9veloppement rapide de la m\u00e9canisation de l'extraction du charbon nous a cr\u00e9\u00e9 un espace pour d\u00e9velopper une usine de traitement de briquettes de charbon. L'\u00e9quipement de fabrication de briquettes est le projet d'investissement pr\u00e9f\u00e9r\u00e9 pour les \u00e9conomies d'\u00e9nergie et la r\u00e9duction des \u00e9missions dans l'industrie du charbon. La poudre de charbon fine n'est pas facile \u00e0 transporter et \u00e0 utiliser comme combustible, c'est pourquoi la poudre de charbon est g\u00e9n\u00e9ralement press\u00e9e sous forme de boules, de carr\u00e9s, de nid d'abeilles et d'autres formes de blocs gr\u00e2ce \u00e0 un \u00e9quipement de briquettes de charbon.<\/p>    <h2 class=\"wp-block-heading\">Application de la ligne de production de briquettes de charbon comprim\u00e9<\/h2>    <p>La cha\u00eene de production de briquettes de charbon peut presser la bave de charbon, les cendres de charbon et d'autres produits de charbon en vrac s\u00e9ch\u00e9s dans une certaine mesure en briquettes, briquettes et divers produits carbon\u00e9s, qui peuvent \u00eatre directement fondus et appliqu\u00e9s\u00a0; en m\u00eame temps, il peut \u00e9galement r\u00e9aliser le formage de divers types de poudre de fer. Le moulage de la poudre min\u00e9rale. L'\u00e9quipement a \u00e9t\u00e9 largement utilis\u00e9 dans la m\u00e9tallurgie, les mines, le charbon, les mat\u00e9riaux r\u00e9fractaires, les abrasifs, les engrais, la c\u00e9ramique et d'autres industries.<\/p>    <figure class=\"wp-block-image aligncenter size-full\"><img loading=\"lazy\" decoding=\"async\" width=\"720\" height=\"540\" src=\"https:\/\/bestcharcoalmachine.com\/wp-content\/uploads\/2021\/12\/raw-material.jpg\" alt=\"\" class=\"wp-image-2992\"\/><figcaption class=\"wp-element-caption\">La ligne de production transformera le charbon en briquettes<\/figcaption><\/figure>    <h2 class=\"wp-block-heading\">Quelles sont les principales \u00e9tapes d\u2019une usine de traitement de briquettes de charbon ?<\/h2>    <p>d\u00e9chiquetage-m\u00e9lange-pressage et formage-s\u00e9chage-emballage<\/p>    <ul class=\"wp-block-list\"> <li>D\u00e9chiquetage. Mettez les mati\u00e8res premi\u00e8res dans le pulv\u00e9risateur de charbon et le charbon pulv\u00e9ris\u00e9 mesure environ 8 mm de diam\u00e8tre. Contrairement au charbon de bois, le charbon n\u2019a pas besoin d\u2019\u00eatre pulv\u00e9ris\u00e9 particuli\u00e8rement finement lors du traitement du charbon. Habituellement, il est pulv\u00e9ris\u00e9 en environ 8 mm de poudre de charbon avec un pulv\u00e9risateur de charbon.<\/li>    <li>M\u00e9lange. Dans cette \u00e9tape, m\u00e9langez la poudre de charbon pulv\u00e9ris\u00e9e, le liant et l\u2019eau. Mettez ces trois ingr\u00e9dients dans un m\u00e9langeur \u00e0 double arbre dans une certaine proportion pour m\u00e9langer.<\/li>    <li>Pressage et formage. Le briquetage est l\u2019\u00e9tape la plus importante de l\u2019usine de traitement des briquettes de charbon. WOOD Machinery dispose de trois machines de fabrication de charbon diff\u00e9rentes, dont <a href=\"https:\/\/bestcharcoalmachine.com\/fr\/charcoal-briquette-machine\/\">machine de fabrication de briquettes de charbon de bois<\/a>, <a href=\"https:\/\/bestcharcoalmachine.com\/fr\/honeycomb-coal-briquette-machine\/\">fabricant de charbon en nid d'abeille <\/a>et <a href=\"https:\/\/bestcharcoalmachine.com\/fr\/charcoal-ball-press-machine\/\">presse \u00e0 boules de charbon de bois. <\/a><\/li>    <li>S\u00e9chage. Les charbons pr\u00e9par\u00e9s doivent \u00eatre s\u00e9ch\u00e9s pour \u00e9liminer l'exc\u00e8s d'eau, la taille de notre \u00e9quipement de s\u00e9chage peut \u00eatre personnalis\u00e9e selon la demande des clients.<\/li>    <li>Emballage. L'emballage est pour un meilleur transport. Les machines WOOD fournissent des machines d'emballage de charbon professionnelles pour \u00e9viter aux clients les probl\u00e8mes li\u00e9s au charbon fragile et difficile \u00e0 transporter.<\/li> <\/ul>    <h2 class=\"wp-block-heading\" id=\"h-main-equipment-of-coal-briquette-processing-plant\">\u00c9quipement principal de l'usine de traitement de briquettes de charbon<\/h2>    <h3 class=\"wp-block-heading\">Pulv\u00e9risateur de charbon<\/h3>    <p class=\"translation-block\">Le <a href=\"https:\/\/bestcharcoalmachine.com\/fr\/product\/compound-coal-crusher\/\">broyeur de charbon composite<\/a> est principalement utilis\u00e9 dans les centrales \u00e0 charbon, les mines de charbon, les centrales \u00e9lectriques et d'autres usines qui traitent le charbon. C'est un nouveau type d'\u00e9quipement de concassage qui convient au concassage et au traitement de mat\u00e9riaux avec une humidit\u00e9 et une viscosit\u00e9 plus \u00e9lev\u00e9es. La taille des particules de sortie du broyeur composite peut \u00eatre ajust\u00e9e arbitrairement, son rapport de concassage est \u00e9lev\u00e9 et l'efficacit\u00e9 de concassage est \u00e9lev\u00e9e.<\/p>    <figure class=\"wp-block-gallery has-nested-images columns-default is-cropped wp-block-gallery-2 is-layout-flex wp-block-gallery-is-layout-flex\"> <figure class=\"wp-block-image size-large\"><img decoding=\"async\" data-id=\"1639\" src=\"https:\/\/bestcharcoalmachine.com\/wp-content\/uploads\/2021\/12\/coal-pulverizer.jpg\" alt=\"pulv\u00e9risateur de charbon\" class=\"wp-image-1639\"\/><figcaption class=\"wp-element-caption\">pulv\u00e9risateur de charbon<\/figcaption><\/figure>    <figure class=\"wp-block-image size-large\"><img decoding=\"async\" data-id=\"1640\" src=\"https:\/\/bestcharcoalmachine.com\/wp-content\/uploads\/2021\/12\/coal-shredder-displayed-in-our-plant.jpg\" alt=\"broyeur de charbon expos\u00e9 dans notre usine\" class=\"wp-image-1640\"\/><figcaption class=\"wp-element-caption\">broyeur de charbon expos\u00e9 dans notre usine<\/figcaption><\/figure> <\/figure>    <h3 class=\"wp-block-heading\" id=\"h-double-shaft-mixer\">M\u00e9langeur \u00e0 double arbre<\/h3>    <p>Ce m\u00e9langeur est tr\u00e8s appropri\u00e9 pour remuer la poudre de charbon. Comme les mati\u00e8res premi\u00e8res doivent \u00eatre pr\u00e9par\u00e9es \u00e0 l\u2019avance, de l\u2019eau et des liants sont ajout\u00e9s \u00e0 la fine poudre de charbon broy\u00e9e. Mettez tous les mat\u00e9riaux dans le m\u00e9langeur et il les remuera tr\u00e8s uniform\u00e9ment.<\/p>    <figure class=\"wp-block-gallery has-nested-images columns-default is-cropped wp-block-gallery-3 is-layout-flex wp-block-gallery-is-layout-flex\"> <figure class=\"wp-block-image size-large\"><img decoding=\"async\" data-id=\"1641\" src=\"https:\/\/bestcharcoalmachine.com\/wp-content\/uploads\/2021\/12\/double-shaft-mixer.jpg\" alt=\"\" class=\"wp-image-1641\"\/><figcaption class=\"wp-element-caption\">m\u00e9langeur \u00e0 double arbre<\/figcaption><\/figure>    <figure class=\"wp-block-image size-large\"><img decoding=\"async\" data-id=\"1642\" src=\"https:\/\/bestcharcoalmachine.com\/wp-content\/uploads\/2021\/12\/double-shaft-mixer-for-mixing-coal-powder-water-and-binder.jpg\" alt=\"m\u00e9langeur \u00e0 double arbre pour m\u00e9langer la poudre de charbon, l&#039;eau et le liant\" class=\"wp-image-1642\"\/><figcaption class=\"wp-element-caption\">m\u00e9langeur \u00e0 double arbre pour m\u00e9langer la poudre de charbon, l'eau et le liant<\/figcaption><\/figure> <\/figure>    <h3 class=\"wp-block-heading\">Machine de fabrication de charbon<\/h3>    <p class=\"translation-block\">La <a href=\"https:\/\/bestcharcoalmachine.com\/fr\/charcoal-briquettes-machines\/attachment\/charcoal-briquette-machine\/\">machine \u00e0 briquettes de charbon<\/a> extrude le charbon pulv\u00e9ris\u00e9 m\u00e9lang\u00e9 en tiges de charbon sous haute pression. Nous avons une vari\u00e9t\u00e9 de moules diff\u00e9rents pour fabriquer des briquettes de charbon de diff\u00e9rentes formes. Comme la machine fonctionne en continu, nous avons pr\u00e9par\u00e9 une vari\u00e9t\u00e9 d'\u00e9quipements de coupe.<\/p>    <figure class=\"wp-block-gallery has-nested-images columns-default is-cropped wp-block-gallery-4 is-layout-flex wp-block-gallery-is-layout-flex\"> <figure class=\"wp-block-image size-full\"><img loading=\"lazy\" decoding=\"async\" width=\"720\" height=\"540\" data-id=\"2233\" src=\"https:\/\/bestcharcoalmachine.com\/wp-content\/uploads\/2021\/11\/Working-scene-of-coal-press-machine.jpg\" alt=\"Sc\u00e8ne de travail de la presse \u00e0 charbon\" class=\"wp-image-2233\" srcset=\"https:\/\/bestcharcoalmachine.com\/wp-content\/uploads\/2021\/11\/Working-scene-of-coal-press-machine.jpg 720w, https:\/\/bestcharcoalmachine.com\/wp-content\/uploads\/2021\/11\/Working-scene-of-coal-press-machine-300x225.jpg 300w\" sizes=\"auto, (max-width: 720px) 100vw, 720px\" \/><figcaption class=\"wp-element-caption\">Sc\u00e8ne de travail de la presse \u00e0 charbon<\/figcaption><\/figure>    <figure class=\"wp-block-image size-large\"><img decoding=\"async\" data-id=\"1464\" src=\"https:\/\/bestcharcoalmachine.com\/wp-content\/uploads\/2021\/12\/charcoal-briquette-machine-1.jpg\" alt=\"machine \u00e0 briquettes de charbon de bois\" class=\"wp-image-1464\"\/><figcaption class=\"wp-element-caption\">machine \u00e0 briquettes de charbon de bois<\/figcaption><\/figure> <\/figure>    <h3 class=\"wp-block-heading\">Machine \u00e0 briquettes de charbon en nid d'abeille<\/h3>    <p class=\"translation-block\"><a href=\"https:\/\/bestcharcoalmachine.com\/fr\/charcoal-briquette-machine\/honeycomb-coal-briquette-machine\/\">La machine \u00e0 briquettes de charbon en nid d'abeille<\/a> est \u00e9galement l'une des machines utilis\u00e9es pour la formation de charbon pulv\u00e9ris\u00e9. La machine \u00e0 briquettes de charbon en nid d'abeille peut facilement \u00e9changer des moules. Les fonctions de la machine \u00e0 briquettes peuvent \u00eatre consid\u00e9rablement \u00e9largies en rempla\u00e7ant les moules de diff\u00e9rentes formes, qui sont tr\u00e8s populaires aupr\u00e8s des utilisateurs.<\/p>    <figure class=\"wp-block-gallery has-nested-images columns-default is-cropped wp-block-gallery-5 is-layout-flex wp-block-gallery-is-layout-flex\"> <figure class=\"wp-block-image size-full\"><img loading=\"lazy\" decoding=\"async\" width=\"720\" height=\"540\" data-id=\"2234\" src=\"https:\/\/bestcharcoalmachine.com\/wp-content\/uploads\/2021\/11\/working-scene.jpg\" alt=\"sc\u00e8ne de travail\" class=\"wp-image-2234\" srcset=\"https:\/\/bestcharcoalmachine.com\/wp-content\/uploads\/2021\/11\/working-scene.jpg 720w, https:\/\/bestcharcoalmachine.com\/wp-content\/uploads\/2021\/11\/working-scene-300x225.jpg 300w\" sizes=\"auto, (max-width: 720px) 100vw, 720px\" \/><figcaption class=\"wp-element-caption\">sc\u00e8ne de travail<\/figcaption><\/figure>    <figure class=\"wp-block-image size-large\"><img decoding=\"async\" data-id=\"1496\" src=\"https:\/\/bestcharcoalmachine.com\/wp-content\/uploads\/2021\/12\/coal-briquette-machine.jpg\" alt=\"machine \u00e0 briquettes de charbon\" class=\"wp-image-1496\"\/><figcaption class=\"wp-element-caption\">machine \u00e0 briquettes de charbon<\/figcaption><\/figure> <\/figure>    <h3 class=\"wp-block-heading\">Presse \u00e0 boulets de charbon<\/h3>    <p class=\"translation-block\">La <a href=\"https:\/\/bestcharcoalmachine.com\/fr\/charcoal-briquette-machine\/charcoal-ball-press-machine\/\">machine \u00e0 presser des boules de charbon<\/a> est un \u00e9quipement de formation qui presse des mat\u00e9riaux en poudre en diff\u00e9rentes formes. Les formes de moules les plus courantes sont de type oreiller, de type barre, rond, etc. WOOD machinery peut fournir un type personnalis\u00e9 selon votre demande. Nous pouvons \u00e9galement fabriquer des boules de charbon avec lettrage \u00e0 l'aide de moules sp\u00e9ciaux.<\/p>    <figure class=\"wp-block-gallery has-nested-images columns-default is-cropped wp-block-gallery-6 is-layout-flex wp-block-gallery-is-layout-flex\"> <figure class=\"wp-block-image size-large\"><img loading=\"lazy\" decoding=\"async\" width=\"720\" height=\"540\" data-id=\"2782\" src=\"https:\/\/bestcharcoalmachine.com\/wp-content\/uploads\/2021\/12\/charcoal-ball-press-machine-1.jpg\" alt=\"presse \u00e0 boules de charbon de bois\" class=\"wp-image-2782\"\/><figcaption class=\"wp-element-caption\">presse \u00e0 boules de charbon de bois<\/figcaption><\/figure>    <figure class=\"wp-block-image size-large\"><img loading=\"lazy\" decoding=\"async\" width=\"720\" height=\"540\" data-id=\"2421\" src=\"https:\/\/bestcharcoalmachine.com\/wp-content\/uploads\/2022\/01\/charcoal-ball-press-machines-in-our-plant.jpg\" alt=\"presses \u00e0 billes de charbon de bois dans notre usine\" class=\"wp-image-2421\"\/><figcaption class=\"wp-element-caption\">presses \u00e0 billes de charbon de bois dans notre usine<\/figcaption><\/figure> <\/figure>    <h3 class=\"wp-block-heading\" id=\"h-drying-equipment\">Mat\u00e9riel de s\u00e9chage<\/h3>    <p class=\"translation-block\">La <a href=\"https:\/\/bestcharcoalmachine.com\/fr\/product\/box-type-charcoal-dryer\/\">chambre de s\u00e9chage du charbon <\/a>est la machine la plus couramment utilis\u00e9e pour s\u00e9cher le charbon, adapt\u00e9e au s\u00e9chage des boules de charbon, des b\u00e2tons de charbon, des briquettes de charbon en nid d'abeille, etc. WOOD machinery propose \u00e9galement des <a href=\"https:\/\/bestcharcoalmachine.com\/fr\/product\/mesh-belt-dryer\/\">s\u00e9chage par tapis m\u00e9tallique<\/a>, qui conviennent au s\u00e9chage de briquettes avec une duret\u00e9 relativement \u00e9lev\u00e9e. Le taux d'humidit\u00e9 du produit fini apr\u00e8s s\u00e9chage est d'environ 3 % \u00e0 5 %.<\/p>    <figure class=\"wp-block-gallery has-nested-images columns-default is-cropped wp-block-gallery-7 is-layout-flex wp-block-gallery-is-layout-flex\"> <figure class=\"wp-block-image size-large\"><img loading=\"lazy\" decoding=\"async\" width=\"720\" height=\"540\" data-id=\"1813\" src=\"https:\/\/bestcharcoalmachine.com\/wp-content\/uploads\/2021\/12\/briquette-drying-machine.jpg\" alt=\"machine \u00e0 s\u00e9cher les briquettes\" class=\"wp-image-1813\" srcset=\"https:\/\/bestcharcoalmachine.com\/wp-content\/uploads\/2021\/12\/briquette-drying-machine.jpg 720w, https:\/\/bestcharcoalmachine.com\/wp-content\/uploads\/2021\/12\/briquette-drying-machine-300x225.jpg 300w\" sizes=\"auto, (max-width: 720px) 100vw, 720px\" \/><figcaption class=\"wp-element-caption\">machine \u00e0 s\u00e9cher les briquettes<\/figcaption><\/figure>    <figure class=\"wp-block-image size-large\"><img loading=\"lazy\" decoding=\"async\" width=\"720\" height=\"540\" data-id=\"2047\" src=\"https:\/\/bestcharcoalmachine.com\/wp-content\/uploads\/2021\/12\/mesh-belt-dryer-3.jpg\" alt=\"s\u00e9choir \u00e0 bande grillag\u00e9e\" class=\"wp-image-2047\" srcset=\"https:\/\/bestcharcoalmachine.com\/wp-content\/uploads\/2021\/12\/mesh-belt-dryer-3.jpg 720w, https:\/\/bestcharcoalmachine.com\/wp-content\/uploads\/2021\/12\/mesh-belt-dryer-3-300x225.jpg 300w\" sizes=\"auto, (max-width: 720px) 100vw, 720px\" \/><figcaption class=\"wp-element-caption\">s\u00e9choir \u00e0 bande grillag\u00e9e<\/figcaption><\/figure> <\/figure>    <h3 class=\"wp-block-heading\" id=\"h-coal-briquette-packing-machine\">Machine d'emballage de briquettes de charbon<\/h3>    <p class=\"translation-block\">Si les clients souhaitent emballer des briquettes et des briquettes, nous avons des <a href=\"https:\/\/bestcharcoalmachine.com\/fr\/briquettes-packing-machine\/charcoal-briquette-packing-machine-2\/\">machines d'emballage professionnelles<\/a> qui peuvent choisir diff\u00e9rentes m\u00e9thodes d'emballage selon les besoins des clients.<\/p>    <figure class=\"wp-block-gallery has-nested-images columns-default is-cropped wp-block-gallery-8 is-layout-flex wp-block-gallery-is-layout-flex\"> <figure class=\"wp-block-image size-large\"><img loading=\"lazy\" decoding=\"async\" width=\"720\" height=\"540\" data-id=\"2971\" src=\"https:\/\/bestcharcoalmachine.com\/wp-content\/uploads\/2022\/03\/packing-machine.jpg\" alt=\"\" class=\"wp-image-2971\"\/><\/figure>    <figure class=\"wp-block-image size-large\"><img loading=\"lazy\" decoding=\"async\" width=\"621\" height=\"454\" data-id=\"2991\" src=\"https:\/\/bestcharcoalmachine.com\/wp-content\/uploads\/2022\/03\/briquettes-edited-1.jpg\" alt=\"\" class=\"wp-image-2991\"\/><\/figure> <\/figure>    <h2 class=\"wp-block-heading\" id=\"h-advantages-of-coal-briquette-processing-plant\">Avantages de l'usine de traitement de briquettes de charbon<\/h2>    <ul class=\"wp-block-list\"> <li>Cette ligne de production produit du charbon propre avec un degr\u00e9 \u00e9lev\u00e9 d'automatisation, ce qui est plus efficace que le charbon artisanal traditionnel et permet de r\u00e9duire les co\u00fbts.<\/li>    <li>Le charbon propre est respectueux de l\u2019environnement, peut r\u00e9duire les \u00e9missions de gaz d\u2019\u00e9chappement et constitue une mesure importante pour prot\u00e9ger l\u2019environnement.<\/li>    <li>Les machines de la ligne de production peuvent \u00eatre adapt\u00e9es en fonction des besoins des clients. Parmi eux, il existe diff\u00e9rents types de machines de formage de briquettes de charbon, qui peuvent fabriquer des blocs de charbon de diff\u00e9rentes formes. Par cons\u00e9quent, cette ligne de production est tr\u00e8s appr\u00e9ci\u00e9e des clients.<\/li> <\/ul>    <figure class=\"wp-block-image aligncenter size-full\"><img loading=\"lazy\" decoding=\"async\" width=\"720\" height=\"540\" src=\"https:\/\/bestcharcoalmachine.com\/wp-content\/uploads\/2021\/12\/coal-briquettes.jpg\" alt=\"\" class=\"wp-image-2987\"\/><figcaption class=\"wp-element-caption\">briquettes faites \u00e0 la main<\/figcaption><\/figure>    <h2 class=\"wp-block-heading\" id=\"h-coal-briquette-production-line-exported-to-romania\">Ligne de production de briquettes de charbon export\u00e9e vers la Roumanie<\/h2>    <p class=\"translation-block\">R\u00e9cemment, nous avons export\u00e9 une ligne de production compl\u00e8te pour la fabrication de briquettes de charbon <a href=\"https:\/\/bestcharcoalmachine.com\/fr\/news\/coal-briquette-production-line-exported-to-romania\/\">en Roumanie<\/a>. Un client de Roumanie a vu une vid\u00e9o de notre machine \u00e0 charbon sur YouTube, il a cliqu\u00e9 pour visiter notre cha\u00eene et \u00e9tait ravi de voir la machine qu'il voulait. Apr\u00e8s avoir communiqu\u00e9 avec le client, nous avons confirm\u00e9 la demande : le client a besoin d'une machine WD-BP430 et d'\u00e9quipements connexes. Le client poss\u00e8de une usine de traitement du charbon en Roumanie, qui produit toujours des briquettes. Notre responsable des ventes lui a configur\u00e9 une ligne de production, comprenant un broyeur de charbon, des m\u00e9langeurs \u00e0 double arbre, une machine \u00e0 briquettes de charbon, une machine d'emballage et des dispositifs de transport.<\/p>    <figure class=\"wp-block-gallery has-nested-images columns-default is-cropped wp-block-gallery-9 is-layout-flex wp-block-gallery-is-layout-flex\"> <figure class=\"wp-block-image size-large\"><img loading=\"lazy\" decoding=\"async\" width=\"720\" height=\"540\" data-id=\"2963\" src=\"https:\/\/bestcharcoalmachine.com\/wp-content\/uploads\/2022\/03\/coal-briquette-production-line-for-Romania1.jpg\" alt=\"ligne de production de briquettes de charbon pour la Roumanie\" class=\"wp-image-2963\"\/><figcaption class=\"wp-element-caption\">ligne de production de briquettes de charbon pour la Roumanie<\/figcaption><\/figure>    <figure class=\"wp-block-image size-large\"><img loading=\"lazy\" decoding=\"async\" width=\"720\" height=\"540\" data-id=\"2961\" src=\"https:\/\/bestcharcoalmachine.com\/wp-content\/uploads\/2022\/03\/Coal-briquette-production-line1.jpg\" alt=\"Ligne de production de briquettes de charbon\" class=\"wp-image-2961\"\/><figcaption class=\"wp-element-caption\">Ligne de production de briquettes de charbon<\/figcaption><\/figure> <\/figure>    <figure class=\"wp-block-gallery has-nested-images columns-default is-cropped wp-block-gallery-10 is-layout-flex wp-block-gallery-is-layout-flex\"> <figure class=\"wp-block-image size-large\"><img loading=\"lazy\" decoding=\"async\" width=\"720\" height=\"540\" data-id=\"2964\" src=\"https:\/\/bestcharcoalmachine.com\/wp-content\/uploads\/2022\/03\/coal-briquettes-making-machine.jpg\" alt=\"briquettes de charbon faisant la machine\" class=\"wp-image-2964\"\/><figcaption class=\"wp-element-caption\">briquettes de charbon faisant la machine<\/figcaption><\/figure>    <figure class=\"wp-block-image size-large\"><img loading=\"lazy\" decoding=\"async\" width=\"720\" height=\"540\" data-id=\"2966\" src=\"https:\/\/bestcharcoalmachine.com\/wp-content\/uploads\/2022\/03\/coal-powder-mixers.jpg\" alt=\"m\u00e9langeurs de poudre de charbon\" class=\"wp-image-2966\"\/><figcaption class=\"wp-element-caption\">m\u00e9langeurs de poudre de charbon<\/figcaption><\/figure> <\/figure>    <h2 class=\"wp-block-heading\" id=\"h-sales-service-of-coal-briquette-production-line\">Service de vente de ligne de production de briquettes de charbon<\/h2>    <ul class=\"wp-block-list\"> <li>Service avant-vente\u00a0: vous fournir la planification de projet, la conception de processus et d\u00e9velopper un ensemble d'\u00e9quipements qui vous convient\u00a0; concevez et fabriquez la ligne de production de briquettes de charbon en fonction de vos besoins particuliers et dispensez une formation pour votre op\u00e9ration technique.<\/li>    <li>Service en vente\u00a0: \u00e9quipement de production pr\u00e9cis, et accompagner notre client pour finaliser l'acceptation de l'\u00e9quipement, aider \u00e0 la pr\u00e9paration du plan d'installation et du processus d\u00e9taill\u00e9.<\/li>    <li>Notre soci\u00e9t\u00e9 enverra des techniciens sur le site des clients pour guider l'installation de l'\u00e9quipement, mettre en service la machine de fabrication de briquettes de charbon en production normale et former les op\u00e9rateurs \u00e0 l'utilisation et \u00e0 la maintenance.<\/li> <\/ul>","protected":false},"excerpt":{"rendered":"<p>The rapid development of the mechanization of coal mining has created a space for us to develop coal briquette processing plant. Briquette equipment is the preferred investment project for energy conservation and emission reduction in the coal industry. Fine coal powder is not easy to transport and use as fuel, so the coal powder is [&hellip;]<\/p>\n","protected":false},"author":1,"featured_media":1869,"parent":0,"template":"","tags":[],"product-type":[52],"class_list":["post-3061","product","type-product","status-publish","has-post-thumbnail","hentry","product-type-product-line"],"_links":{"self":[{"href":"https:\/\/bestcharcoalmachine.com\/fr\/wp-json\/wp\/v2\/product\/3061","targetHints":{"allow":["GET"]}}],"collection":[{"href":"https:\/\/bestcharcoalmachine.com\/fr\/wp-json\/wp\/v2\/product"}],"about":[{"href":"https:\/\/bestcharcoalmachine.com\/fr\/wp-json\/wp\/v2\/types\/product"}],"author":[{"embeddable":true,"href":"https:\/\/bestcharcoalmachine.com\/fr\/wp-json\/wp\/v2\/users\/1"}],"wp:featuredmedia":[{"embeddable":true,"href":"https:\/\/bestcharcoalmachine.com\/fr\/wp-json\/wp\/v2\/media\/1869"}],"wp:attachment":[{"href":"https:\/\/bestcharcoalmachine.com\/fr\/wp-json\/wp\/v2\/media?parent=3061"}],"wp:term":[{"taxonomy":"post_tag","embeddable":true,"href":"https:\/\/bestcharcoalmachine.com\/fr\/wp-json\/wp\/v2\/tags?post=3061"},{"taxonomy":"product-type","embeddable":true,"href":"https:\/\/bestcharcoalmachine.com\/fr\/wp-json\/wp\/v2\/product-type?post=3061"}],"curies":[{"name":"wp","href":"https:\/\/api.w.org\/{rel}","templated":true}]}}