{"id":2857,"date":"2022-02-25T09:39:26","date_gmt":"2022-02-25T09:39:26","guid":{"rendered":"https:\/\/bestcharcoalmachine.com\/"},"modified":"2022-12-09T09:57:40","modified_gmt":"2022-12-09T01:57:40","slug":"wood-pallet-block-production-line","status":"publish","type":"product","link":"https:\/\/bestcharcoalmachine.com\/fr\/product\/wood-pallet-block-production-line\/","title":{"rendered":"Ligne de production de blocs de palettes en bois | Machine de fabrication de briques de sciure de bois"},"content":{"rendered":"<div class=\"kk-star-ratings kksr-auto kksr-align-left kksr-valign-top\"     data-payload='{&quot;align&quot;:&quot;left&quot;,&quot;id&quot;:&quot;2857&quot;,&quot;slug&quot;:&quot;default&quot;,&quot;valign&quot;:&quot;top&quot;,&quot;ignore&quot;:&quot;&quot;,&quot;reference&quot;:&quot;auto&quot;,&quot;class&quot;:&quot;&quot;,&quot;count&quot;:&quot;8&quot;,&quot;legendonly&quot;:&quot;&quot;,&quot;readonly&quot;:&quot;&quot;,&quot;score&quot;:&quot;4.6&quot;,&quot;starsonly&quot;:&quot;&quot;,&quot;best&quot;:&quot;5&quot;,&quot;gap&quot;:&quot;5&quot;,&quot;greet&quot;:&quot;Rate this product&quot;,&quot;legend&quot;:&quot;4.6\\\/5 - (8 votes)&quot;,&quot;size&quot;:&quot;24&quot;,&quot;title&quot;:&quot;Wood Pallet Block Production Line | Sawdust Brick Making Machine&quot;,&quot;width&quot;:&quot;130.9&quot;,&quot;_legend&quot;:&quot;{score}\\\/{best} - ({count} {votes})&quot;,&quot;font_factor&quot;:&quot;1.25&quot;}'>              <div class=\"kksr-stars\">      <div class=\"kksr-stars-inactive\">             <div class=\"kksr-star\" data-star=\"1\" style=\"padding-right: 5px\">               <div class=\"kksr-icon\" style=\"width: 24px; height: 24px;\"><\/div>         <\/div>             <div class=\"kksr-star\" data-star=\"2\" style=\"padding-right: 5px\">               <div class=\"kksr-icon\" style=\"width: 24px; height: 24px;\"><\/div>         <\/div>             <div class=\"kksr-star\" data-star=\"3\" style=\"padding-right: 5px\">               <div class=\"kksr-icon\" style=\"width: 24px; height: 24px;\"><\/div>         <\/div>             <div class=\"kksr-star\" data-star=\"4\" style=\"padding-right: 5px\">               <div class=\"kksr-icon\" style=\"width: 24px; height: 24px;\"><\/div>         <\/div>             <div class=\"kksr-star\" data-star=\"5\" style=\"padding-right: 5px\">               <div class=\"kksr-icon\" style=\"width: 24px; height: 24px;\"><\/div>         <\/div>     <\/div>      <div class=\"kksr-stars-active\" style=\"width: 130.9px;\">             <div class=\"kksr-star\" style=\"padding-right: 5px\">               <div class=\"kksr-icon\" style=\"width: 24px; height: 24px;\"><\/div>         <\/div>             <div class=\"kksr-star\" style=\"padding-right: 5px\">               <div class=\"kksr-icon\" style=\"width: 24px; height: 24px;\"><\/div>         <\/div>             <div class=\"kksr-star\" style=\"padding-right: 5px\">               <div class=\"kksr-icon\" style=\"width: 24px; height: 24px;\"><\/div>         <\/div>             <div class=\"kksr-star\" style=\"padding-right: 5px\">               <div class=\"kksr-icon\" style=\"width: 24px; height: 24px;\"><\/div>         <\/div>             <div class=\"kksr-star\" style=\"padding-right: 5px\">               <div class=\"kksr-icon\" style=\"width: 24px; height: 24px;\"><\/div>         <\/div>     <\/div> <\/div>                   <div class=\"kksr-legend\" style=\"font-size: 19.2px;\">             4,6\/5 - (8 votes)    <\/div>     <\/div>  <figure class=\"wp-block-image aligncenter size-full\"><img loading=\"lazy\" decoding=\"async\" width=\"720\" height=\"540\" src=\"https:\/\/bestcharcoalmachine.com\/wp-content\/uploads\/2022\/02\/Wood-Pallet-Block-Production-Line-1.jpg\" alt=\"Ligne de production de blocs de palettes en bois\" class=\"wp-image-2860\"\/><figcaption class=\"wp-element-caption\">Ligne de production de blocs de palettes en bois<\/figcaption><\/figure>    <p>La ligne de production de blocs de palettes en bois utilise de la sciure de bois, des copeaux, de la paille et d'autres d\u00e9chets comme mati\u00e8res premi\u00e8res. Apr\u00e8s avoir broy\u00e9, s\u00e9ch\u00e9 et m\u00e9lang\u00e9 la colle, elle est chauff\u00e9e et pressuris\u00e9e par une machine de fabrication de briques de sciure de bois pour produire des cales de palette. Le bloc de palette en bois form\u00e9 \u00e0 haute temp\u00e9rature et haute pression a un aspect lisse et plat, une duret\u00e9 \u00e9lev\u00e9e et un prix avantageux. C'est un produit id\u00e9al pour fabriquer des pieds de palettes en bois. La taille de la machine de fabrication de briquettes de bois peut \u00eatre personnalis\u00e9e en fonction des besoins du client, et la pression et la densit\u00e9 du bloc de bois peuvent \u00e9galement \u00eatre ajust\u00e9es.<\/p>    <h2 class=\"wp-block-heading\" id=\"h-raw-materials-of-wood-pallet-block-production-line\">Mati\u00e8res premi\u00e8res de la ligne de production de blocs de palettes en bois<\/h2>    <p>Les mati\u00e8res premi\u00e8res de la cha\u00eene de production de briques de sciure de bois sont tr\u00e8s larges, comprenant principalement des copeaux de bois, des copeaux, de la paille, etc. Ces mati\u00e8res premi\u00e8res sont g\u00e9n\u00e9ralement des restes d'usines de meubles et d'usines de transformation du bois, peu co\u00fbteuses et faciles \u00e0 collecter. Ces mati\u00e8res premi\u00e8res doivent garantir que la taille est de 6 \u00e0 8 mm. S'ils ne sont pas satisfaits, ils doivent \u00eatre pulv\u00e9ris\u00e9s avec un pulv\u00e9risateur. Le degr\u00e9 de s\u00e9chage n\u00e9cessite que la teneur en humidit\u00e9 soit inf\u00e9rieure \u00e0 12%, qui peut \u00eatre trait\u00e9e par un s\u00e9choir.<\/p>    <figure class=\"wp-block-gallery has-nested-images columns-default is-cropped wp-block-gallery-2 is-layout-flex wp-block-gallery-is-layout-flex\"> <figure class=\"wp-block-image size-large\"><img loading=\"lazy\" decoding=\"async\" width=\"720\" height=\"540\" data-id=\"2864\" src=\"https:\/\/bestcharcoalmachine.com\/wp-content\/uploads\/2022\/02\/wood-shavings-1.jpg\" alt=\"copeaux de bois\" class=\"wp-image-2864\"\/><figcaption class=\"wp-element-caption\">copeaux de bois<\/figcaption><\/figure>    <figure class=\"wp-block-image size-large\"><img loading=\"lazy\" decoding=\"async\" width=\"720\" height=\"540\" data-id=\"2865\" src=\"https:\/\/bestcharcoalmachine.com\/wp-content\/uploads\/2022\/02\/wood-chips.jpg\" alt=\"les copeaux de bois\" class=\"wp-image-2865\"\/><figcaption class=\"wp-element-caption\">les copeaux de bois<\/figcaption><\/figure> <\/figure>    <h2 class=\"wp-block-heading\">Principales \u00e9tapes de la cha\u00eene de production de briques en bois<\/h2>    <p>Il y a principalement quatre \u00e9tapes dans la cha\u00eene de production de blocs de palettes en bois, l'\u00e9quipement et les exigences sp\u00e9cifiques sont les suivants.<\/p>    <div class=\"wp-block-media-text is-stacked-on-mobile\"><figure class=\"wp-block-media-text__media\"><img loading=\"lazy\" decoding=\"async\" width=\"720\" height=\"540\" src=\"https:\/\/bestcharcoalmachine.com\/wp-content\/uploads\/2021\/11\/wood-hammer-mill.jpg\" alt=\"broyeur \u00e0 marteaux en bois\" class=\"wp-image-2221 size-full\" srcset=\"https:\/\/bestcharcoalmachine.com\/wp-content\/uploads\/2021\/11\/wood-hammer-mill.jpg 720w, https:\/\/bestcharcoalmachine.com\/wp-content\/uploads\/2021\/11\/wood-hammer-mill-300x225.jpg 300w\" sizes=\"auto, (max-width: 720px) 100vw, 720px\" \/><\/figure><div class=\"wp-block-media-text__content\"> <h3 class=\"wp-block-heading\">\u00c9tape 1\u00a0: Pulv\u00e9risation (concasseur \u00e0 marteaux en bois)<\/h3>    <p class=\"translation-block\">Afin de garantir la duret\u00e9 et la r\u00e9gularit\u00e9 du bloc de bois apr\u00e8s le formage, lorsque la taille de la mati\u00e8re premi\u00e8re est sup\u00e9rieure \u00e0 8 mm, un <a href=\"https:\/\/bestcharcoalmachine.com\/fr\/wood-working-equipment\/hammer-mill\/\">pulv\u00e9risateur<\/a> est n\u00e9cessaire pour pulv\u00e9riser les copeaux de bois ou les copeaux jusqu\u2019\u00e0 6-8 mm.<\/p> <\/div><\/div>    <div class=\"wp-block-media-text is-stacked-on-mobile\"><figure class=\"wp-block-media-text__media\"><img loading=\"lazy\" decoding=\"async\" width=\"720\" height=\"540\" src=\"https:\/\/bestcharcoalmachine.com\/wp-content\/uploads\/2021\/11\/Industry-biomass-rotary-dryer.jpg\" alt=\"S\u00e9choir rotatif \u00e0 biomasse industrielle\" class=\"wp-image-2250 size-full\" srcset=\"https:\/\/bestcharcoalmachine.com\/wp-content\/uploads\/2021\/11\/Industry-biomass-rotary-dryer.jpg 720w, https:\/\/bestcharcoalmachine.com\/wp-content\/uploads\/2021\/11\/Industry-biomass-rotary-dryer-300x225.jpg 300w\" sizes=\"auto, (max-width: 720px) 100vw, 720px\" \/><\/figure><div class=\"wp-block-media-text__content\"> <h3 class=\"wp-block-heading\">\u00c9tape 2\u00a0:\u00a0S\u00e9chage (s\u00e9choir rotatif \u00e0 biomasse)<\/h3>    <p class=\"translation-block\">Les copeaux de bois pulv\u00e9ris\u00e9s doivent \u00eatre s\u00e9ch\u00e9s davantage par une <a href=\"https:\/\/bestcharcoalmachine.com\/fr\/drying-machine\/industry-biomass-rotary-dryer\/\">s\u00e9cheuse rotative biomasse<\/a> sp\u00e9cialement con\u00e7ue pour s\u00e9cher les copeaux de bois, et les copeaux de bois avec un taux d\u2019humidit\u00e9 inf\u00e9rieur \u00e0 12 % peuvent \u00eatre trait\u00e9s \u00e0 l\u2019\u00e9tape suivante.<\/p> <\/div><\/div>    <div class=\"wp-block-media-text is-stacked-on-mobile\"><figure class=\"wp-block-media-text__media\"><img loading=\"lazy\" decoding=\"async\" width=\"720\" height=\"540\" src=\"https:\/\/bestcharcoalmachine.com\/wp-content\/uploads\/2022\/02\/mixing-machine1.jpg\" alt=\"m\u00e9langeur\" class=\"wp-image-2861 size-full\"\/><\/figure><div class=\"wp-block-media-text__content\"> <h3 class=\"wp-block-heading\">\u00c9tape 3 : Collage (M\u00e9langeur de colle)<\/h3>    <p>M\u00e9langez la colle sp\u00e9ciale qui repr\u00e9sente 16-20% des mati\u00e8res premi\u00e8res avec les copeaux de bois secs et utilisez un m\u00e9langeur de colle pour bien les m\u00e9langer. Cette \u00e9tape va augmenter la viscosit\u00e9 des mati\u00e8res premi\u00e8res et faciliter le moulage ult\u00e9rieur.<\/p> <\/div><\/div>    <div class=\"wp-block-media-text is-stacked-on-mobile\"><figure class=\"wp-block-media-text__media\"><img loading=\"lazy\" decoding=\"async\" width=\"720\" height=\"540\" src=\"https:\/\/bestcharcoalmachine.com\/wp-content\/uploads\/2022\/02\/wood-block-machine1-2.jpg\" alt=\"machine \u00e0 blocs de bois\" class=\"wp-image-2863 size-full\"\/><\/figure><div class=\"wp-block-media-text__content\"> <h2 class=\"wp-block-heading\">\u00c9tape 4 : Formage (Machine de fabrication de briquettes de bois)<\/h2>    <p class=\"translation-block\">C\u2019est l\u2019\u00e9tape la plus importante de toute la ligne de production. Les mati\u00e8res premi\u00e8res m\u00e9lang\u00e9es sont vers\u00e9es dans la <a href=\"https:\/\/bestcharcoalmachine.com\/fr\/product\/wood-block-machine\/attachment\/wood-block-machine\/\">machine \u00e0 fabriquer des briquettes de sciure<\/a>, et la sciure est press\u00e9e en b\u00e2tons de bois par haute temp\u00e9rature et haute pression. <\/p>    <p>Ces b\u00e2tons ont une densit\u00e9 et une duret\u00e9 \u00e9lev\u00e9es. Apr\u00e8s d\u00e9coupe, ils peuvent \u00eatre utilis\u00e9s comme repose-pieds pour palettes en bois.<\/p> <\/div><\/div>    <h2 class=\"wp-block-heading\">Application de machine de fabrication de briques de sciure de bois <\/h2>    <p>Les blocs de palettes en bois sont principalement utilis\u00e9s comme \u00e9l\u00e9ment important des palettes et des bo\u00eetes d'emballage sans fumigation. Il est tr\u00e8s appr\u00e9ci\u00e9 des clients en raison de sa solidit\u00e9, de ses caract\u00e9ristiques de remplacement des b\u00fbches et de sa belle apparence.<\/p>    <p>Les briquettes fabriqu\u00e9es dans cette ligne de production sont exemptes de fumigation et ont un prix inf\u00e9rieur \u00e0 celui des blocs de bois massif. Le processus est simple et ne comprend que quatre \u00e9quipements \u00e0 grand rendement. La couleur des blocs de bois est similaire \u00e0 celle du panneau. La ligne de production de blocs de palettes utilise des d\u00e9chets de mati\u00e8res premi\u00e8res pour \u00e9conomiser les ressources foresti\u00e8res. En raison de son avantage de prix exceptionnel et de ses caract\u00e9ristiques de protection de l'environnement, il a \u00e9t\u00e9 appr\u00e9ci\u00e9 par l'industrie de l'emballage.<\/p>    <figure class=\"wp-block-image aligncenter size-full\"><img loading=\"lazy\" decoding=\"async\" width=\"720\" height=\"540\" src=\"https:\/\/bestcharcoalmachine.com\/wp-content\/uploads\/2022\/02\/Sawdust-brick-making-machine-application1.jpg\" alt=\"application de machine de fabrication de briques de sciure de bois\" class=\"wp-image-2873\"\/><\/figure>    <figure class=\"wp-block-image aligncenter size-full\"><img loading=\"lazy\" decoding=\"async\" width=\"720\" height=\"540\" src=\"https:\/\/bestcharcoalmachine.com\/wp-content\/uploads\/2022\/02\/Sawdust-brick.jpg\" alt=\"application de briques de sciure de bois\" class=\"wp-image-2866\"\/><figcaption class=\"wp-element-caption\">application de briques de sciure de bois<\/figcaption><\/figure>    <h2 class=\"wp-block-heading\">Avantages de la ligne de production de blocs de palettes en bois<\/h2>    <p>1. Nous pouvons proposer diff\u00e9rents types de dispositifs de coupe pour la machine de fabrication de briquettes de bois en fonction des demandes des clients. <\/p>    <div class=\"wp-block-media-text is-stacked-on-mobile\"><figure class=\"wp-block-media-text__media\"><img loading=\"lazy\" decoding=\"async\" width=\"720\" height=\"540\" src=\"https:\/\/bestcharcoalmachine.com\/wp-content\/uploads\/2022\/02\/block-cutting-machine1.jpg\" alt=\"machine de d\u00e9coupe de blocs\" class=\"wp-image-2871 size-full\"\/><\/figure><div class=\"wp-block-media-text__content\"> <p>La scie multi-lames peut couper les b\u00e2tons de bois de la m\u00eame taille en m\u00eame temps, avec une efficacit\u00e9 de coupe \u00e9lev\u00e9e et une charge de travail importante, ce qui convient mieux aux usines de transformation \u00e0 grande \u00e9chelle.<\/p> <\/div><\/div>    <div class=\"wp-block-media-text has-media-on-the-right is-stacked-on-mobile\"><div class=\"wp-block-media-text__content\"> <p>La scie \u00e0 double lame est dot\u00e9e de deux lames tranchantes, qui ont une forte capacit\u00e9 de coupe et peuvent couper du bois avec des bords lisses. C'est le meilleur choix pour les petits processeurs de palettes \u00e0 un prix abordable.<\/p> <\/div><figure class=\"wp-block-media-text__media\"><img loading=\"lazy\" decoding=\"async\" width=\"720\" height=\"540\" src=\"https:\/\/bestcharcoalmachine.com\/wp-content\/uploads\/2022\/02\/cutting-machine1.jpg\" alt=\"Machine de d\u00e9coupe\" class=\"wp-image-2872 size-full\"\/><\/figure><\/div>    <p>2. Un malaxeur de colle peut prendre en charge les mati\u00e8res premi\u00e8res de deux machines de fabrication de briques de sciure de bois, et l'usine de traitement peut utiliser plusieurs machines pour travailler en m\u00eame temps en fonction de sa propre production. De cette fa\u00e7on, l\u2019usine peut am\u00e9liorer le volume de production et l\u2019efficacit\u00e9 de la production.<\/p>    <figure class=\"wp-block-image aligncenter size-full\"><img loading=\"lazy\" decoding=\"async\" width=\"720\" height=\"540\" src=\"https:\/\/bestcharcoalmachine.com\/wp-content\/uploads\/2022\/02\/multiple-machines-working-together.jpg\" alt=\"plusieurs machines travaillant ensemble\" class=\"wp-image-2875\"\/><figcaption class=\"wp-element-caption\">plusieurs machines travaillant ensemble<\/figcaption><\/figure>    <h2 class=\"wp-block-heading\">Chargement et livraison d'une ligne de production de briques en sciure de bois <\/h2>    <p class=\"translation-block\">Notre client indon\u00e9sien est un fabricant de <a href=\"https:\/\/en.wikipedia.org\/wiki\/Pallet\" target=\"_blank\" rel=\"noopener\">palette en bois<\/a>, et c\u2019est aussi un \u00e9cologiste. Les ressources foresti\u00e8res sont riches dans son pays, mais il n\u2019a pas choisi des palettes en bois massif et a utilis\u00e9 des copeaux de bois recycl\u00e9s comme mati\u00e8res premi\u00e8res.<\/p>    <p>Apr\u00e8s une enqu\u00eate approfondie sur notre Apr\u00e8s avoir construit l'usine, il a choisi d'investir dans une ligne de production de briquettes de bois respectueuse de l'environnement. Le rendement de la machine de fabrication de sciure est de 4 \u00e0 5 m3\/24h. Il nous a expliqu\u00e9 que ces palettes en bois peuvent toujours \u00eatre recycl\u00e9es et r\u00e9utilis\u00e9es une fois us\u00e9es.<\/p>    <figure class=\"wp-block-gallery has-nested-images columns-default is-cropped wp-block-gallery-3 is-layout-flex wp-block-gallery-is-layout-flex\"> <figure class=\"wp-block-image size-large\"><img loading=\"lazy\" decoding=\"async\" width=\"720\" height=\"540\" data-id=\"2867\" src=\"https:\/\/bestcharcoalmachine.com\/wp-content\/uploads\/2022\/02\/high-quality-pallet-block-machine-for-exporting1.jpg\" alt=\"machine de blocs de palettes de haute qualit\u00e9 pour l&#039;exportation\" class=\"wp-image-2867\"\/><figcaption class=\"wp-element-caption\">machine de blocs de palettes de haute qualit\u00e9 pour l'exportation<\/figcaption><\/figure>    <figure class=\"wp-block-image size-large\"><img loading=\"lazy\" decoding=\"async\" width=\"720\" height=\"540\" data-id=\"2868\" src=\"https:\/\/bestcharcoalmachine.com\/wp-content\/uploads\/2022\/02\/loading-2.jpg\" alt=\"livraison de machine de fabrication de briques de sciure de bois\" class=\"wp-image-2868\"\/><figcaption class=\"wp-element-caption\">livraison de la ligne de production de blocs de palettes en bois<\/figcaption><\/figure> <\/figure>    <figure class=\"wp-block-gallery has-nested-images columns-default is-cropped wp-block-gallery-4 is-layout-flex wp-block-gallery-is-layout-flex\"> <figure class=\"wp-block-image size-large\"><img loading=\"lazy\" decoding=\"async\" width=\"720\" height=\"540\" data-id=\"2869\" src=\"https:\/\/bestcharcoalmachine.com\/wp-content\/uploads\/2022\/02\/wood-briquette-production-line.jpg\" alt=\"\" class=\"wp-image-2869\"\/><figcaption class=\"wp-element-caption\">ligne de production de briquettes de bois<\/figcaption><\/figure>    <figure class=\"wp-block-image size-large\"><img loading=\"lazy\" decoding=\"async\" width=\"720\" height=\"540\" data-id=\"2870\" src=\"https:\/\/bestcharcoalmachine.com\/wp-content\/uploads\/2022\/02\/loading-of.jpg\" alt=\"chargement de la ligne de production de blocs de palettes en bois\" class=\"wp-image-2870\"\/><figcaption class=\"wp-element-caption\">chargement d'une ligne de production de blocs de palettes en bois<\/figcaption><\/figure> <\/figure>    <h2 class=\"wp-block-heading\" id=\"h-factory-stove-of-wood-briquette-making-machines\">Po\u00eale d'usine de machines de fabrication de briquettes de bois <\/h2>    <p>Nous avons suffisamment de machines en stock, si vous \u00eates int\u00e9ress\u00e9, n'h\u00e9sitez pas \u00e0 consulter la ligne de production de blocs de palettes en bois, notre directeur commercial et notre centre technologique concevront et fourniront la ligne de production la plus appropri\u00e9e pour vous.<\/p>    <figure class=\"wp-block-gallery has-nested-images columns-default is-cropped wp-block-gallery-5 is-layout-flex wp-block-gallery-is-layout-flex\"> <figure class=\"wp-block-image size-large\"><img loading=\"lazy\" decoding=\"async\" width=\"720\" height=\"540\" data-id=\"2877\" src=\"https:\/\/bestcharcoalmachine.com\/wp-content\/uploads\/2022\/02\/wood-briquette-making-machines.jpg\" alt=\"machines de fabrication de briquettes de bois\" class=\"wp-image-2877\"\/><figcaption class=\"wp-element-caption\">machines de fabrication de briquettes de bois<\/figcaption><\/figure>    <figure class=\"wp-block-image size-large\"><img loading=\"lazy\" decoding=\"async\" width=\"720\" height=\"540\" data-id=\"2878\" src=\"https:\/\/bestcharcoalmachine.com\/wp-content\/uploads\/2022\/02\/factory-stove.jpg\" alt=\"po\u00eale d&#039;usine\" class=\"wp-image-2878\"\/><figcaption class=\"wp-element-caption\">ligne de production de blocs de palettes en bois<\/figcaption><\/figure> <\/figure>","protected":false},"excerpt":{"rendered":"<p>The wood pallet block production line uses sawdust, shavings, straw, and other waste materials as raw materials. After crushing, drying, and mixing glue, it is heated and pressurized by a sawdust brick making machine to produce pallet foot blocks. The wooden pallet block formed by high temperature and high pressure has a smooth and flat [&hellip;]<\/p>\n","protected":false},"author":1,"featured_media":2860,"parent":0,"template":"","tags":[],"product-type":[52],"class_list":["post-2857","product","type-product","status-publish","has-post-thumbnail","hentry","product-type-product-line"],"_links":{"self":[{"href":"https:\/\/bestcharcoalmachine.com\/fr\/wp-json\/wp\/v2\/product\/2857","targetHints":{"allow":["GET"]}}],"collection":[{"href":"https:\/\/bestcharcoalmachine.com\/fr\/wp-json\/wp\/v2\/product"}],"about":[{"href":"https:\/\/bestcharcoalmachine.com\/fr\/wp-json\/wp\/v2\/types\/product"}],"author":[{"embeddable":true,"href":"https:\/\/bestcharcoalmachine.com\/fr\/wp-json\/wp\/v2\/users\/1"}],"wp:featuredmedia":[{"embeddable":true,"href":"https:\/\/bestcharcoalmachine.com\/fr\/wp-json\/wp\/v2\/media\/2860"}],"wp:attachment":[{"href":"https:\/\/bestcharcoalmachine.com\/fr\/wp-json\/wp\/v2\/media?parent=2857"}],"wp:term":[{"taxonomy":"post_tag","embeddable":true,"href":"https:\/\/bestcharcoalmachine.com\/fr\/wp-json\/wp\/v2\/tags?post=2857"},{"taxonomy":"product-type","embeddable":true,"href":"https:\/\/bestcharcoalmachine.com\/fr\/wp-json\/wp\/v2\/product-type?post=2857"}],"curies":[{"name":"wp","href":"https:\/\/api.w.org\/{rel}","templated":true}]}}