{"id":2708,"date":"2022-02-14T09:35:40","date_gmt":"2022-02-14T09:35:40","guid":{"rendered":"https:\/\/bestcharcoalmachine.com\/"},"modified":"2022-09-27T17:42:10","modified_gmt":"2022-09-27T09:42:10","slug":"wood-block-machine","status":"publish","type":"product","link":"https:\/\/bestcharcoalmachine.com\/fr\/product\/wood-block-machine\/","title":{"rendered":"Machine \u00e0 blocs de bois | Presse \u00e0 blocs de palettes"},"content":{"rendered":"<div class=\"kk-star-ratings kksr-auto kksr-align-left kksr-valign-top\"     data-payload='{&quot;align&quot;:&quot;left&quot;,&quot;id&quot;:&quot;2708&quot;,&quot;slug&quot;:&quot;default&quot;,&quot;valign&quot;:&quot;top&quot;,&quot;ignore&quot;:&quot;&quot;,&quot;reference&quot;:&quot;auto&quot;,&quot;class&quot;:&quot;&quot;,&quot;count&quot;:&quot;5&quot;,&quot;legendonly&quot;:&quot;&quot;,&quot;readonly&quot;:&quot;&quot;,&quot;score&quot;:&quot;4.8&quot;,&quot;starsonly&quot;:&quot;&quot;,&quot;best&quot;:&quot;5&quot;,&quot;gap&quot;:&quot;5&quot;,&quot;greet&quot;:&quot;Rate this product&quot;,&quot;legend&quot;:&quot;4.8\\\/5 - (5 votes)&quot;,&quot;size&quot;:&quot;24&quot;,&quot;title&quot;:&quot;Wood Block Machine | Pallet Block Press Machine&quot;,&quot;width&quot;:&quot;136.7&quot;,&quot;_legend&quot;:&quot;{score}\\\/{best} - ({count} {votes})&quot;,&quot;font_factor&quot;:&quot;1.25&quot;}'>              <div class=\"kksr-stars\">      <div class=\"kksr-stars-inactive\">             <div class=\"kksr-star\" data-star=\"1\" style=\"padding-right: 5px\">               <div class=\"kksr-icon\" style=\"width: 24px; height: 24px;\"><\/div>         <\/div>             <div class=\"kksr-star\" data-star=\"2\" style=\"padding-right: 5px\">               <div class=\"kksr-icon\" style=\"width: 24px; height: 24px;\"><\/div>         <\/div>             <div class=\"kksr-star\" data-star=\"3\" style=\"padding-right: 5px\">               <div class=\"kksr-icon\" style=\"width: 24px; height: 24px;\"><\/div>         <\/div>             <div class=\"kksr-star\" data-star=\"4\" style=\"padding-right: 5px\">               <div class=\"kksr-icon\" style=\"width: 24px; height: 24px;\"><\/div>         <\/div>             <div class=\"kksr-star\" data-star=\"5\" style=\"padding-right: 5px\">               <div class=\"kksr-icon\" style=\"width: 24px; height: 24px;\"><\/div>         <\/div>     <\/div>      <div class=\"kksr-stars-active\" style=\"width: 136.7px;\">             <div class=\"kksr-star\" style=\"padding-right: 5px\">               <div class=\"kksr-icon\" style=\"width: 24px; height: 24px;\"><\/div>         <\/div>             <div class=\"kksr-star\" style=\"padding-right: 5px\">               <div class=\"kksr-icon\" style=\"width: 24px; height: 24px;\"><\/div>         <\/div>             <div class=\"kksr-star\" style=\"padding-right: 5px\">               <div class=\"kksr-icon\" style=\"width: 24px; height: 24px;\"><\/div>         <\/div>             <div class=\"kksr-star\" style=\"padding-right: 5px\">               <div class=\"kksr-icon\" style=\"width: 24px; height: 24px;\"><\/div>         <\/div>             <div class=\"kksr-star\" style=\"padding-right: 5px\">               <div class=\"kksr-icon\" style=\"width: 24px; height: 24px;\"><\/div>         <\/div>     <\/div> <\/div>                   <div class=\"kksr-legend\" style=\"font-size: 19.2px;\">             4,8\/5 - (5 votes)    <\/div>     <\/div>  <p>La machine \u00e0 blocs de bois est principalement utilis\u00e9e pour chauffer et presser des copeaux de bois afin de produire des cales de palette. Les blocs de bois obtenus sont d'apparence lisse et plate et sont id\u00e9aux pour fabriquer des repose-pieds et des pieds sur des palettes en bois. L'\u00e9quipement est de structure simple, facile \u00e0 utiliser. Notre machine de fabrication de blocs de bois comprim\u00e9 peut \u00eatre personnalis\u00e9e en taille en fonction des besoins du client, et la pression et la densit\u00e9 des blocs de bois peuvent \u00e9galement \u00eatre ajust\u00e9es. <\/p>    <figure class=\"wp-block-image aligncenter size-full\"><img loading=\"lazy\" decoding=\"async\" width=\"720\" height=\"540\" src=\"https:\/\/bestcharcoalmachine.com\/wp-content\/uploads\/2022\/02\/wood-block-making-machine1.jpg\" alt=\"machine de fabrication de blocs de bois\" class=\"wp-image-2711\"\/><figcaption>machine \u00e0 blocs de bois<\/figcaption><\/figure>    <figure class=\"wp-block-image aligncenter size-full\"><img loading=\"lazy\" decoding=\"async\" width=\"720\" height=\"540\" src=\"https:\/\/bestcharcoalmachine.com\/wp-content\/uploads\/2022\/02\/wood-block-machine1.jpg\" alt=\"machine \u00e0 blocs de bois\" class=\"wp-image-2713\"\/><figcaption>machine \u00e0 blocs de bois<\/figcaption><\/figure>    <h2 class=\"wp-block-heading\" id=\"raw-materials-of-wood-block-press-machine\">Mati\u00e8res premi\u00e8res de la presse \u00e0 blocs de bois<\/h2>    <p class=\"translation-block\">La machine de fabrication de palettes en bois utilise des copeaux de bois, des copeaux et d'autres mat\u00e9riaux comme mati\u00e8res premi\u00e8res. Mais ces mati\u00e8res premi\u00e8res doivent \u00eatre trait\u00e9es \u00e0 l'avance. Si la taille de la sciure est sup\u00e9rieure \u00e0 8 mm, elle doit \u00eatre pulv\u00e9ris\u00e9e par un<a href=\"https:\/\/bestcharcoalmachine.com\/fr\/wood-working-equipment\/hammer-mill\/\"> pulv\u00e9risateur<\/a>. Si la teneur en humidit\u00e9 est sup\u00e9rieure \u00e0 12%, l'humidit\u00e9 doit \u00eatre s\u00e9ch\u00e9e par un s\u00e9choir avant de passer \u00e0 l'\u00e9tape suivante. Afin de donner une forme et de la fermet\u00e9 aux copeaux de bois, il est n\u00e9cessaire d'ajouter 16 \u00e0 20% de colle aux copeaux de bois et de bien les m\u00e9langer. WOOD machinery a con\u00e7u une <strong>ligne de production compl\u00e8te de blocs de bois<\/strong> pour vous afin de r\u00e9soudre le probl\u00e8me de la mise en correspondance des machines.<\/p>    <figure class=\"wp-block-gallery has-nested-images columns-default is-cropped wp-block-gallery-2 is-layout-flex wp-block-gallery-is-layout-flex\"> <figure class=\"wp-block-image size-large\"><img loading=\"lazy\" decoding=\"async\" width=\"720\" height=\"540\" data-id=\"2715\" src=\"https:\/\/bestcharcoalmachine.com\/wp-content\/uploads\/2022\/02\/wood-shavings.jpg\" alt=\"copeaux de bois\" class=\"wp-image-2715\"\/><figcaption>copeaux de bois<\/figcaption><\/figure>    <figure class=\"wp-block-image size-large\"><img loading=\"lazy\" decoding=\"async\" width=\"720\" height=\"540\" data-id=\"2716\" src=\"https:\/\/bestcharcoalmachine.com\/wp-content\/uploads\/2022\/02\/sawdust.jpg\" alt=\"sciure\" class=\"wp-image-2716\"\/><figcaption>sciure<\/figcaption><\/figure> <\/figure>    <h2 class=\"wp-block-heading\" id=\"h-structure-of-wood-block-making-machine\">Structure de la machine de fabrication de blocs de bois<\/h2>    <div class=\"wp-block-media-text is-stacked-on-mobile\"><figure class=\"wp-block-media-text__media\"><img loading=\"lazy\" decoding=\"async\" width=\"720\" height=\"540\" src=\"https:\/\/bestcharcoalmachine.com\/wp-content\/uploads\/2022\/02\/feeding-inlet.jpg\" alt=\"entr\u00e9e d&#039;alimentation\" class=\"wp-image-2717 size-full\"\/><\/figure><div class=\"wp-block-media-text__content\"> <p id=\"large-feeding-port-is-convenient-for-feeding\">Le grand port d'alimentation est pratique pour l'alimentation.<\/p> <\/div><\/div>    <div class=\"wp-block-media-text has-media-on-the-right is-stacked-on-mobile\"><figure class=\"wp-block-media-text__media\"><img loading=\"lazy\" decoding=\"async\" width=\"720\" height=\"540\" src=\"https:\/\/bestcharcoalmachine.com\/wp-content\/uploads\/2022\/02\/stiring-device.jpg\" alt=\"dispositif d&#039;agitation\" class=\"wp-image-2719 size-full\"\/><\/figure><div class=\"wp-block-media-text__content\"> <p id=\"the-stirring-device-makes-the-material-more-uniform-and-the-feeding-is-smoother\">Le dispositif d'agitation rend le mat\u00e9riau plus uniforme et l'alimentation est plus douce.<\/p> <\/div><\/div>    <div class=\"wp-block-media-text is-stacked-on-mobile\"><figure class=\"wp-block-media-text__media\"><img loading=\"lazy\" decoding=\"async\" width=\"720\" height=\"540\" src=\"https:\/\/bestcharcoalmachine.com\/wp-content\/uploads\/2022\/02\/Hydraulic-steel-rods.jpg\" alt=\"Tiges d&#039;acier hydrauliques\" class=\"wp-image-2723 size-full\"\/><\/figure><div class=\"wp-block-media-text__content\"> <p id=\"using-a-hydraulic-drive-system-instead-of-traditional-screw-propulsion-makes-the-machine-is-more-durable\">L\u2019utilisation d\u2019un syst\u00e8me d\u2019entra\u00eenement hydraulique au lieu de la propulsion \u00e0 vis traditionnelle rend la machine \u00e0 blocs de bois plus durable.<\/p> <\/div><\/div>    <div class=\"wp-block-media-text has-media-on-the-right is-stacked-on-mobile\"><figure class=\"wp-block-media-text__media\"><img loading=\"lazy\" decoding=\"async\" width=\"720\" height=\"540\" src=\"https:\/\/bestcharcoalmachine.com\/wp-content\/uploads\/2022\/02\/motor.jpg\" alt=\"moteur\" class=\"wp-image-2724 size-full\"\/><\/figure><div class=\"wp-block-media-text__content\"> <p id=\"the-motor-rotates-fast-which-will-help-the-wood-pallet-block-machine-runs-smoothly\">Le moteur tourne rapidement, ce qui aidera la machine \u00e0 blocs de palettes en bois \u00e0 fonctionner sans probl\u00e8me.<\/p> <\/div><\/div>    <div class=\"wp-block-media-text is-stacked-on-mobile\"><figure class=\"wp-block-media-text__media\"><img loading=\"lazy\" decoding=\"async\" width=\"720\" height=\"540\" src=\"https:\/\/bestcharcoalmachine.com\/wp-content\/uploads\/2022\/02\/Export-of-wooden-sticks.jpg\" alt=\"Exportation de b\u00e2tons de bois\" class=\"wp-image-2725 size-full\"\/><\/figure><div class=\"wp-block-media-text__content\"> <p id=\"the-discharge-port-is-sturdy-and-durable-and-the-size-can-be-customized\">Le port de d\u00e9charge est robuste et durable, et la taille peut \u00eatre personnalis\u00e9e.<\/p> <\/div><\/div>    <h2 class=\"wp-block-heading\" id=\"h-advantages-of-pallet-block-press-machine\">Avantages de la presse \u00e0 blocs de palettes<\/h2>    <ul class=\"wp-block-list\"><li>La plupart des mati\u00e8res premi\u00e8res sont des d\u00e9chets et des rebuts issus du processus de transformation du bois, le tapis de palette final est donc un produit respectueux de l'environnement. Conform\u00e9ment au concept de d\u00e9veloppement durable, il offre de larges perspectives de march\u00e9.<\/li><li>Les blocs de bois produits par la presse \u00e0 blocs de bois ont une surface lisse, imperm\u00e9able et difficile \u00e0 fissurer.<\/li><li>La presse \u00e0 blocs de palettes est de structure simple et facile \u00e0 utiliser. Les copeaux de bois sont extrud\u00e9s \u00e0 haute temp\u00e9rature puis imm\u00e9diatement \u00e9vacu\u00e9s. Les travailleurs peuvent produire des blocs de bois id\u00e9aux apr\u00e8s une simple formation.<\/li><\/ul>    <h2 class=\"wp-block-heading\" id=\"h-parameters-of-wood-block-machine\">Param\u00e8tres de la machine \u00e0 blocs de bois<\/h2>    <figure class=\"wp-block-table\"><table><tbody><tr><td>Mod\u00e8le<\/td><td>WD-WB100<\/td><\/tr><tr><td>Pouvoir total<\/td><td>15kw<\/td><\/tr><tr><td>Capacit\u00e9<\/td><td>4-5 m3\/24h<\/td><\/tr><tr><td>Densit\u00e9 des blocs<\/td><td>550-600 kg\/m3<\/td><\/tr><tr><td>Dimension<\/td><td>4800*760*1300mm<\/td><\/tr><tr><td>Poids<\/td><td>1200 kg<\/td><\/tr><\/tbody><\/table><\/figure>    <p>La production sp\u00e9cifique sera l\u00e9g\u00e8rement diff\u00e9rente selon les diff\u00e9rentes mati\u00e8res premi\u00e8res.<\/p>    <h2 class=\"wp-block-heading\" id=\"h-video-of-pallet-block-press-machine\">Vid\u00e9o de la presse \u00e0 blocs de palettes<\/h2>    <figure class=\"wp-block-embed is-type-video is-provider-youtube wp-block-embed-youtube wp-embed-aspect-16-9 wp-has-aspect-ratio\"><div class=\"wp-block-embed__wrapper\"> <iframe loading=\"lazy\" title=\"Machine de fabrication de blocs de palettes en bois \u00e0 vendre | Comment produire facilement des blocs de palettes\" width=\"500\" height=\"281\" src=\"https:\/\/www.youtube.com\/embed\/OB51cbHmHU4?start=9&#038;feature=oembed\" frameborder=\"0\" allow=\"accelerometer; autoplay; clipboard-write; encrypted-media; gyroscope; picture-in-picture; web-share\" referrerpolicy=\"strict-origin-when-cross-origin\" allowfullscreen><\/iframe> <\/div><\/figure>    <h2 class=\"wp-block-heading\" id=\"h-application-of-wood-block-machine\">Application de la machine \u00e0 blocs de bois<\/h2>    <figure class=\"wp-block-gallery has-nested-images columns-default is-cropped wp-block-gallery-3 is-layout-flex wp-block-gallery-is-layout-flex\"> <figure class=\"wp-block-image size-large\"><img loading=\"lazy\" decoding=\"async\" width=\"720\" height=\"540\" data-id=\"2733\" src=\"https:\/\/bestcharcoalmachine.com\/wp-content\/uploads\/2022\/02\/product1.jpg\" alt=\"produit\" class=\"wp-image-2733\"\/><figcaption>produit<\/figcaption><\/figure>    <figure class=\"wp-block-image size-large\"><img loading=\"lazy\" decoding=\"async\" width=\"720\" height=\"540\" data-id=\"2735\" src=\"https:\/\/bestcharcoalmachine.com\/wp-content\/uploads\/2022\/02\/wood-pallets1.jpg\" alt=\"palettes en bois\" class=\"wp-image-2735\"\/><figcaption>palettes en bois<\/figcaption><\/figure> <\/figure>    <p>Les blocs de palettes en bois sont principalement utilis\u00e9s dans l\u2019industrie du transport et constituent une partie importante des palettes en bois. Les palettes en bois peuvent jouer un tr\u00e8s bon r\u00f4le dans la protection des produits transport\u00e9s et sont largement utilis\u00e9es dans l'emballage et le traitement des palettes de produits dans les domaines de la logistique, des machines et de l'\u00e9lectronique, des mat\u00e9riaux de construction en c\u00e9ramique, des appareils de quincaillerie, des instruments de pr\u00e9cision, des mines, de l'acier, des navires et d'autres industries. . En raison de la large application des palettes en bois, les blocs de palettes en bois sont \u00e9galement essentiels.<\/p>    <h2 class=\"wp-block-heading\" id=\"loading-and-delivery-of-wood-block-making-machine\">Chargement et livraison de machine de fabrication de blocs de bois<\/h2>    <figure class=\"wp-block-gallery has-nested-images columns-default is-cropped wp-block-gallery-4 is-layout-flex wp-block-gallery-is-layout-flex\"> <figure class=\"wp-block-image size-large\"><img loading=\"lazy\" decoding=\"async\" width=\"720\" height=\"540\" data-id=\"2727\" src=\"https:\/\/bestcharcoalmachine.com\/wp-content\/uploads\/2022\/02\/wood.jpg\" alt=\"bois\" class=\"wp-image-2727\"\/><\/figure>    <figure class=\"wp-block-image size-large\"><img loading=\"lazy\" decoding=\"async\" width=\"720\" height=\"540\" data-id=\"2728\" src=\"https:\/\/bestcharcoalmachine.com\/wp-content\/uploads\/2022\/02\/wood-block-machine-1.jpg\" alt=\"machine \u00e0 blocs de bois\" class=\"wp-image-2728\"\/><\/figure> <\/figure>    <figure class=\"wp-block-gallery has-nested-images columns-default is-cropped wp-block-gallery-5 is-layout-flex wp-block-gallery-is-layout-flex\"> <figure class=\"wp-block-image size-large\"><img loading=\"lazy\" decoding=\"async\" width=\"720\" height=\"540\" data-id=\"2729\" src=\"https:\/\/bestcharcoalmachine.com\/wp-content\/uploads\/2022\/02\/loading-1.jpg\" alt=\"\" class=\"wp-image-2729\"\/><figcaption>chargement<\/figcaption><\/figure>    <figure class=\"wp-block-image size-large\"><img loading=\"lazy\" decoding=\"async\" width=\"720\" height=\"540\" data-id=\"2730\" src=\"https:\/\/bestcharcoalmachine.com\/wp-content\/uploads\/2022\/02\/machine.jpg\" alt=\"machine\" class=\"wp-image-2730\"\/><figcaption>machine<\/figcaption><\/figure> <\/figure>","protected":false},"excerpt":{"rendered":"<p>The wood block machine is mainly used to heat and press wood chips to produce pallet foot blocks. The resulting wood blocks are smooth and flat in appearance and are ideal for making foot piers and legs on wooden pallets. The equipment is simple in structure, easy to operate. Our compressed wood block making machine [&hellip;]<\/p>\n","protected":false},"author":1,"featured_media":2710,"parent":0,"template":"","tags":[],"product-type":[50],"class_list":["post-2708","product","type-product","status-publish","has-post-thumbnail","hentry","product-type-biomass-briquette-machine"],"_links":{"self":[{"href":"https:\/\/bestcharcoalmachine.com\/fr\/wp-json\/wp\/v2\/product\/2708","targetHints":{"allow":["GET"]}}],"collection":[{"href":"https:\/\/bestcharcoalmachine.com\/fr\/wp-json\/wp\/v2\/product"}],"about":[{"href":"https:\/\/bestcharcoalmachine.com\/fr\/wp-json\/wp\/v2\/types\/product"}],"author":[{"embeddable":true,"href":"https:\/\/bestcharcoalmachine.com\/fr\/wp-json\/wp\/v2\/users\/1"}],"wp:featuredmedia":[{"embeddable":true,"href":"https:\/\/bestcharcoalmachine.com\/fr\/wp-json\/wp\/v2\/media\/2710"}],"wp:attachment":[{"href":"https:\/\/bestcharcoalmachine.com\/fr\/wp-json\/wp\/v2\/media?parent=2708"}],"wp:term":[{"taxonomy":"post_tag","embeddable":true,"href":"https:\/\/bestcharcoalmachine.com\/fr\/wp-json\/wp\/v2\/tags?post=2708"},{"taxonomy":"product-type","embeddable":true,"href":"https:\/\/bestcharcoalmachine.com\/fr\/wp-json\/wp\/v2\/product-type?post=2708"}],"curies":[{"name":"wp","href":"https:\/\/api.w.org\/{rel}","templated":true}]}}