{"id":2688,"date":"2022-02-11T09:18:40","date_gmt":"2022-02-11T09:18:40","guid":{"rendered":"https:\/\/bestcharcoalmachine.com\/"},"modified":"2023-02-09T11:44:51","modified_gmt":"2023-02-09T03:44:51","slug":"newest-charcoal-making-machine","status":"publish","type":"product","link":"https:\/\/bestcharcoalmachine.com\/fr\/product\/newest-charcoal-making-machine\/","title":{"rendered":"Nouvelle machine de fabrication de charbon de bois | Four de carbonisation de coquille de noix de coco"},"content":{"rendered":"<div class=\"kk-star-ratings kksr-auto kksr-align-left kksr-valign-top\"     data-payload='{&quot;align&quot;:&quot;left&quot;,&quot;id&quot;:&quot;2688&quot;,&quot;slug&quot;:&quot;default&quot;,&quot;valign&quot;:&quot;top&quot;,&quot;ignore&quot;:&quot;&quot;,&quot;reference&quot;:&quot;auto&quot;,&quot;class&quot;:&quot;&quot;,&quot;count&quot;:&quot;26&quot;,&quot;legendonly&quot;:&quot;&quot;,&quot;readonly&quot;:&quot;&quot;,&quot;score&quot;:&quot;4.8&quot;,&quot;starsonly&quot;:&quot;&quot;,&quot;best&quot;:&quot;5&quot;,&quot;gap&quot;:&quot;5&quot;,&quot;greet&quot;:&quot;Rate this product&quot;,&quot;legend&quot;:&quot;4.8\\\/5 - (26 votes)&quot;,&quot;size&quot;:&quot;24&quot;,&quot;title&quot;:&quot;Newest Charcoal Making Machine | Coconut Shell Carbonization Furnace&quot;,&quot;width&quot;:&quot;136.7&quot;,&quot;_legend&quot;:&quot;{score}\\\/{best} - ({count} {votes})&quot;,&quot;font_factor&quot;:&quot;1.25&quot;}'>              <div class=\"kksr-stars\">      <div class=\"kksr-stars-inactive\">             <div class=\"kksr-star\" data-star=\"1\" style=\"padding-right: 5px\">               <div class=\"kksr-icon\" style=\"width: 24px; height: 24px;\"><\/div>         <\/div>             <div class=\"kksr-star\" data-star=\"2\" style=\"padding-right: 5px\">               <div class=\"kksr-icon\" style=\"width: 24px; height: 24px;\"><\/div>         <\/div>             <div class=\"kksr-star\" data-star=\"3\" style=\"padding-right: 5px\">               <div class=\"kksr-icon\" style=\"width: 24px; height: 24px;\"><\/div>         <\/div>             <div class=\"kksr-star\" data-star=\"4\" style=\"padding-right: 5px\">               <div class=\"kksr-icon\" style=\"width: 24px; height: 24px;\"><\/div>         <\/div>             <div class=\"kksr-star\" data-star=\"5\" style=\"padding-right: 5px\">               <div class=\"kksr-icon\" style=\"width: 24px; height: 24px;\"><\/div>         <\/div>     <\/div>      <div class=\"kksr-stars-active\" style=\"width: 136.7px;\">             <div class=\"kksr-star\" style=\"padding-right: 5px\">               <div class=\"kksr-icon\" style=\"width: 24px; height: 24px;\"><\/div>         <\/div>             <div class=\"kksr-star\" style=\"padding-right: 5px\">               <div class=\"kksr-icon\" style=\"width: 24px; height: 24px;\"><\/div>         <\/div>             <div class=\"kksr-star\" style=\"padding-right: 5px\">               <div class=\"kksr-icon\" style=\"width: 24px; height: 24px;\"><\/div>         <\/div>             <div class=\"kksr-star\" style=\"padding-right: 5px\">               <div class=\"kksr-icon\" style=\"width: 24px; height: 24px;\"><\/div>         <\/div>             <div class=\"kksr-star\" style=\"padding-right: 5px\">               <div class=\"kksr-icon\" style=\"width: 24px; height: 24px;\"><\/div>         <\/div>     <\/div> <\/div>                   <div class=\"kksr-legend\" style=\"font-size: 19.2px;\">             4,8\/5 - (26 votes)    <\/div>     <\/div>  <p class=\"translation-block\">La derni\u00e8re machine \u00e0 fabriquer du charbon est \u00e9galement appel\u00e9e four de carbonisation de coque de noix de coco, qui est un nouveau four de carbonisation respectueux de l'environnement lanc\u00e9 par <a href=\"\/fr\/\">WOOD machinery<\/a>. La derni\u00e8re machine \u00e0 fabriquer du charbon adopte un design modulaire, ce qui facilite l'installation et l'entretien. La technologie d'automatisation avanc\u00e9e et le contr\u00f4le pr\u00e9cis de la temp\u00e9rature peuvent traiter une large gamme de mati\u00e8res premi\u00e8res. Elle r\u00e9alise v\u00e9ritablement l'utilisation multifonctionnelle d'une seule machine, qui peut \u00eatre utilis\u00e9e pour carboniser des biomasses telles que les coques de noix de coco, les sciures et la paille, et peut \u00e9galement carboniser les boues et les d\u00e9chets domestiques.<\/p>    <figure class=\"wp-block-image aligncenter size-full\"><img loading=\"lazy\" decoding=\"async\" width=\"720\" height=\"540\" src=\"https:\/\/bestcharcoalmachine.com\/wp-content\/uploads\/2022\/02\/coconut-shell-carbonization-furnace.jpg\" alt=\"four de carbonisation de coquilles de noix de coco\" class=\"wp-image-2700\"\/><figcaption class=\"wp-element-caption\">four de carbonisation de coquilles de noix de coco<\/figcaption><\/figure>    <figure class=\"wp-block-image aligncenter size-full\"><img loading=\"lazy\" decoding=\"async\" width=\"720\" height=\"540\" src=\"https:\/\/bestcharcoalmachine.com\/wp-content\/uploads\/2022\/02\/newest-charcoal-machine.jpg\" alt=\"nouvelle machine \u00e0 charbon de bois\" class=\"wp-image-2701\"\/><figcaption class=\"wp-element-caption\">nouvelle machine \u00e0 charbon de bois<\/figcaption><\/figure>    <h2 class=\"wp-block-heading\" id=\"h-raw-materials-of-newest-charcoal-making-machine\">Mati\u00e8res premi\u00e8res de la nouvelle machine de fabrication de charbon de bois<\/h2>    <p>Le nouveau four de carbonisation peut traiter divers d\u00e9chets de biomasse, tels que les pailles, les balles de riz, la sciure, l'\u00e9corce, les branches, les coquilles de noix de coco, les coquilles de noix, les coquilles de palmier, les coquilles d'arachide, les noyaux de dattes, les \u00e9corces de fruits, les os de b\u0153uf, le marc de caf\u00e9, les noyaux d'olives. , etc.<\/p>    <figure class=\"wp-block-gallery has-nested-images columns-default is-cropped wp-block-gallery-2 is-layout-flex wp-block-gallery-is-layout-flex\"> <figure class=\"wp-block-image size-large\"><img loading=\"lazy\" decoding=\"async\" width=\"720\" height=\"540\" data-id=\"2690\" src=\"https:\/\/bestcharcoalmachine.com\/wp-content\/uploads\/2022\/02\/materials1.jpg\" alt=\"mat\u00e9riaux\" class=\"wp-image-2690\"\/><\/figure>    <figure class=\"wp-block-image size-large\"><img loading=\"lazy\" decoding=\"async\" width=\"720\" height=\"540\" data-id=\"2691\" src=\"https:\/\/bestcharcoalmachine.com\/wp-content\/uploads\/2022\/02\/newest-charcoal-making-machine1.jpg\" alt=\"nouvelle machine de fabrication de charbon de bois\" class=\"wp-image-2691\"\/><\/figure> <\/figure>    <p>La machine \u00e0 charbon de bois en continu peut non seulement carboniser nos coquilles de noix de coco ou notre sciure de bois communes, mais \u00e9galement carboniser presque tous les d\u00e9chets et boues de biomasse. Par exemple, les d\u00e9chets domestiques, les d\u00e9chets de papeterie, les boues fluviales, les boues industrielles, etc. La carbonisation des d\u00e9chets est plus respectueuse de l'environnement que la combustion traditionnelle, ce qui peut r\u00e9duire le volume des d\u00e9chets, r\u00e9duire la pollution de l'environnement et \u00e9conomiser de l'\u00e9nergie.<\/p>    <figure class=\"wp-block-image aligncenter size-full\"><img loading=\"lazy\" decoding=\"async\" width=\"720\" height=\"540\" src=\"https:\/\/bestcharcoalmachine.com\/wp-content\/uploads\/2022\/02\/raw-materials1.jpg\" alt=\"mati\u00e8res premi\u00e8res\" class=\"wp-image-2693\"\/><figcaption class=\"wp-element-caption\">mati\u00e8res premi\u00e8res<\/figcaption><\/figure>    <p>La machine de fabrication de charbon de bois peut \u00e9galement carboniser des substances chimiques, telles que le coke activ\u00e9, l'oxyde de magn\u00e9sium, l'oxyde de sodium, etc.<\/p>    <h2 class=\"wp-block-heading\" id=\"h-carbonization-effect-of-charcoal-making-machine\">Effet de carbonisation de la machine de fabrication de charbon de bois<\/h2>    <figure class=\"wp-block-gallery has-nested-images columns-default is-cropped wp-block-gallery-3 is-layout-flex wp-block-gallery-is-layout-flex\"> <figure class=\"wp-block-image size-large\"><img loading=\"lazy\" decoding=\"async\" width=\"720\" height=\"540\" data-id=\"2695\" src=\"https:\/\/bestcharcoalmachine.com\/wp-content\/uploads\/2022\/02\/product.jpg\" alt=\"\" class=\"wp-image-2695\"\/><\/figure>    <figure class=\"wp-block-image size-large\"><img loading=\"lazy\" decoding=\"async\" width=\"720\" height=\"540\" data-id=\"2696\" src=\"https:\/\/bestcharcoalmachine.com\/wp-content\/uploads\/2022\/02\/charcoal.jpg\" alt=\"\" class=\"wp-image-2696\"\/><\/figure> <\/figure>    <h2 class=\"wp-block-heading\" id=\"h-working-principle-of-charcoal-making-machine\">Principe de fonctionnement de la machine \u00e0 fabriquer du charbon de bois<\/h2>    <h3 class=\"wp-block-heading\" id=\"crushing-and-drying\">Concassage et s\u00e9chage<\/h3>    <p class=\"translation-block\">Les mat\u00e9riaux de plus de 20 mm doivent d'abord <a href=\"https:\/\/bestcharcoalmachine.com\/fr\/wood-working-equipment\/hammer-mill\/\">\u00eatre broy\u00e9s<\/a>. De plus, les mat\u00e9riaux avec un taux d'humidit\u00e9 sup\u00e9rieur \u00e0 25 % doivent \u00eatre s\u00e9ch\u00e9s avec des \u00e9quipements de s\u00e9chage, tels que des coques de noix de coco fra\u00eeches ou des bambous, qui ont g\u00e9n\u00e9ralement un taux d'humidit\u00e9 plus \u00e9lev\u00e9.<\/p>    <h3 class=\"wp-block-heading\" id=\"carbonization\">Carbonisation<\/h3>    <p>Le four de carbonisation principal est pr\u00e9chauff\u00e9, puis le mat\u00e9riau s\u00e9ch\u00e9 est transport\u00e9 vers le chargeur par la bande transporteuse, puis entre dans le four de carbonisation principal pour la carbonisation. Si la mati\u00e8re premi\u00e8re est une coquille de noix de coco ou d'autres coquilles de fruits, elle peut \u00eatre \u00e9vacu\u00e9e par le syst\u00e8me de refroidissement par eau apr\u00e8s carbonisation pendant 18 \u00e0 20 minutes.<\/p>    <h3 class=\"wp-block-heading\" id=\"generate-flammable-gas\">G\u00e9n\u00e9rer du gaz inflammable<\/h3>    <p>Apr\u00e8s environ 20 minutes d'alimentation, un gaz combustible est g\u00e9n\u00e9r\u00e9, qui entre d'abord dans le syst\u00e8me de d\u00e9poussi\u00e9rage du cyclone pour le nettoyage, puis entre dans le condenseur pour \u00eatre s\u00e9par\u00e9 en vinaigre de bois et goudron. Le gaz restant est aspir\u00e9 vers l'ext\u00e9rieur du four principal par le ventilateur \u00e0 tirage induit et chauff\u00e9.<\/p>    <h3 class=\"wp-block-heading\" id=\"utilize-and-treat-waste-gas\">Utiliser et traiter les gaz r\u00e9siduaires<\/h3>    <p>Une partie des gaz de combustion de la chaleur r\u00e9siduelle peut \u00eatre utilis\u00e9e pour chauffer le s\u00e9choir, et les gaz de combustion restants sont \u00e9vacu\u00e9s par le nettoyage \u00e0 l'eau et la pulv\u00e9risation d'eau et d'autres syst\u00e8mes de d\u00e9poussi\u00e9rage.<\/p>    <h2 class=\"wp-block-heading\" id=\"h-advantages-of-coconut-shell-carbonization-furnace\">Avantages du four de carbonisation de coquilles de noix de coco<\/h2>    <ul class=\"wp-block-list\"> <li>Les gaz de combustion g\u00e9n\u00e9r\u00e9s par la machine pendant le processus de carbonisation sont trait\u00e9s par plusieurs dispositifs de d\u00e9poussi\u00e9rage pour r\u00e9pondre aux exigences standard en mati\u00e8re d'\u00e9missions.<\/li>    <li>Bien que la temp\u00e9rature de carbonisation soit de plusieurs centaines de degr\u00e9s, la temp\u00e9rature du bo\u00eetier est inf\u00e9rieure \u00e0 35\u2103, ce qui peut garantir la s\u00e9curit\u00e9 des travailleurs et de l'environnement de travail.<\/li>    <li>La chambre de combustion de la nouvelle machine de fabrication de charbon de bois est con\u00e7ue avec de la fibre c\u00e9ramique, qui a un bon effet d'isolation thermique et une dur\u00e9e de vie allant jusqu'\u00e0 12 ans, \u00e9vitant ainsi la pollution secondaire des b\u00e9tons.<\/li>    <li>Le four de carbonisation a un degr\u00e9 \u00e9lev\u00e9 d'automatisation et utilise une technologie intelligente de contr\u00f4le d'\u00e9quipement et de conversion de fr\u00e9quence pour ajuster la temp\u00e9rature afin de rendre la machine plus \u00e9conome en \u00e9nergie.<\/li>    <li>Le four de carbonisation continue adopte une conception \u00e0 double four pour former une structure thermique \u00e0 plusieurs \u00e9tages, le cylindre int\u00e9rieur est pr\u00e9chauff\u00e9 et s\u00e9ch\u00e9 et l'efficacit\u00e9 thermique est plus \u00e9lev\u00e9e, ce qui rend la machine de fabrication de carbone plus \u00e9conome en \u00e9nergie\u00a0;<\/li> <\/ul>    <figure class=\"wp-block-image aligncenter size-full\"><img loading=\"lazy\" decoding=\"async\" width=\"720\" height=\"540\" src=\"https:\/\/bestcharcoalmachine.com\/wp-content\/uploads\/2022\/02\/double-furnace.jpg\" alt=\"double four\" class=\"wp-image-2702\"\/><figcaption class=\"wp-element-caption\">double four<\/figcaption><\/figure>    <h2 class=\"wp-block-heading\" id=\"charcoal-making-machine-parameters\">Param\u00e8tres de la machine de fabrication de charbon de bois<\/h2>    <figure class=\"wp-block-table\"><table><tbody><tr><td>Mod\u00e8le<\/td><td>WD-0812<\/td><td>WD-1015<\/td><td>WD-1218<\/td><td>WD-1320<\/td><\/tr><tr><td>Capacit\u00e9 d'alimentation horaire<\/td><td>500 kg<\/td><td>0,8 \u00e0 1\u00a0tonne<\/td><td>1,5-2 tonnes<\/td><td>2,5-3 tonnes<\/td><\/tr><tr><td>M\u00e9thode de travail<\/td><td>carbonisation continue<\/td><td><\/td><td><\/td><td><\/td><\/tr><tr><td>Taille du r\u00e9acteur<\/td><td>800mm<\/td><td>1000mm<\/td><td>1300 mm<\/td><td>1700mm<\/td><\/tr><tr><td>Mat\u00e9riaux chauffants<\/td><td>Charbon de bois, bois, diesel, gaz naturel, GPL, pellets de biomasse, etc.<\/td><td><\/td><td><\/td><td><\/td><\/tr><tr><td>Pouvoir total<\/td><td>40 kW\/h<\/td><td>55 kW\/h<\/td><td>60 kW\/h<\/td><td>72 kW\/h<\/td><\/tr><tr><td>Surface au sol (L*W*H)<\/td><td>30m*15m*7m<\/td><td>35*15*7m<\/td><td>45*15*10m<\/td><td>50*15*10m<\/td><\/tr><tr><td>Pression de fonctionnement<\/td><td>Pression constante<\/td><td>Pression constante<\/td><td>Pression constante<\/td><td>Pression constante<\/td><\/tr><tr><td>M\u00e9thode de refroidissement<\/td><td>Recyclage de l'eau de refroidissement<\/td><td><\/td><td><\/td><td><\/td><\/tr><\/tbody><\/table><\/figure>    <p>Les m\u00e9thodes de chauffage sont diverses, notamment le charbon de bois, le bois, le diesel, le gaz naturel, le GPL, les granul\u00e9s de biomasse, etc. Les clients doivent faire attention \u00e0 la surface occup\u00e9e par le four de carbonisation, le plus petit prendra 35*15*7\u00a0m.<\/p>    <h2 class=\"wp-block-heading\" id=\"h-loading-and-delivery-of-newest-carbonization-furnace\">Chargement et livraison du nouveau four de carbonisation<\/h2>    <figure class=\"wp-block-gallery has-nested-images columns-default is-cropped wp-block-gallery-4 is-layout-flex wp-block-gallery-is-layout-flex\"> <figure class=\"wp-block-image size-large\"><img loading=\"lazy\" decoding=\"async\" width=\"720\" height=\"540\" data-id=\"2698\" src=\"https:\/\/bestcharcoalmachine.com\/wp-content\/uploads\/2022\/02\/loading.jpg\" alt=\"\" class=\"wp-image-2698\"\/><\/figure>    <figure class=\"wp-block-image size-large\"><img loading=\"lazy\" decoding=\"async\" width=\"720\" height=\"540\" data-id=\"2699\" src=\"https:\/\/bestcharcoalmachine.com\/wp-content\/uploads\/2022\/02\/charcoal-making-machine.jpg\" alt=\"\" class=\"wp-image-2699\"\/><\/figure> <\/figure>    <p>La Malaisie est riche en ressources naturelles et on y trouve de nombreux arbres. Afin d'utiliser pleinement les d\u00e9chets de bois, l'usine locale de transformation du bois a achet\u00e9 notre four de carbonisation pour carboniser les coques de palmier et le bois d'\u0153uvre qui sont vendus directement pour un b\u00e9n\u00e9fice suppl\u00e9mentaire. <\/p>    <p>Ils ont choisi la machine de fabrication de charbon de bois WD-1015, qui peut produire 0,8 \u00e0 1\u00a0tonne par heure. Apr\u00e8s avoir re\u00e7u le four de carbonisation, ils ont lanc\u00e9 leur propre entreprise de charbon de bois.<\/p>    <figure class=\"wp-block-image aligncenter size-full\"><img loading=\"lazy\" decoding=\"async\" width=\"720\" height=\"540\" src=\"https:\/\/bestcharcoalmachine.com\/wp-content\/uploads\/2022\/02\/charcoal-machine.png\" alt=\"machine \u00e0 charbon de bois\" class=\"wp-image-2705\"\/><figcaption class=\"wp-element-caption\">Machine \u00e0 charbon WD-1015 en Malaisie<\/figcaption><\/figure>","protected":false},"excerpt":{"rendered":"<p>The newest charcoal making machine is also called the coconut shell carbonization furnace, which is a new environmentally friendly carbonization furnace launched by WOOD machinery. The newest charcoal making machine adopts a modular design, which is easy for installation and maintenance. Advanced automation technology and precise temperature control can deal with a wide range of [&hellip;]<\/p>\n","protected":false},"author":1,"featured_media":2694,"parent":0,"template":"","tags":[],"product-type":[47],"class_list":["post-2688","product","type-product","status-publish","has-post-thumbnail","hentry","product-type-carbonization-furnace"],"_links":{"self":[{"href":"https:\/\/bestcharcoalmachine.com\/fr\/wp-json\/wp\/v2\/product\/2688","targetHints":{"allow":["GET"]}}],"collection":[{"href":"https:\/\/bestcharcoalmachine.com\/fr\/wp-json\/wp\/v2\/product"}],"about":[{"href":"https:\/\/bestcharcoalmachine.com\/fr\/wp-json\/wp\/v2\/types\/product"}],"author":[{"embeddable":true,"href":"https:\/\/bestcharcoalmachine.com\/fr\/wp-json\/wp\/v2\/users\/1"}],"wp:featuredmedia":[{"embeddable":true,"href":"https:\/\/bestcharcoalmachine.com\/fr\/wp-json\/wp\/v2\/media\/2694"}],"wp:attachment":[{"href":"https:\/\/bestcharcoalmachine.com\/fr\/wp-json\/wp\/v2\/media?parent=2688"}],"wp:term":[{"taxonomy":"post_tag","embeddable":true,"href":"https:\/\/bestcharcoalmachine.com\/fr\/wp-json\/wp\/v2\/tags?post=2688"},{"taxonomy":"product-type","embeddable":true,"href":"https:\/\/bestcharcoalmachine.com\/fr\/wp-json\/wp\/v2\/product-type?post=2688"}],"curies":[{"name":"wp","href":"https:\/\/api.w.org\/{rel}","templated":true}]}}