{"id":2433,"date":"2022-01-17T08:46:49","date_gmt":"2022-01-17T08:46:49","guid":{"rendered":"https:\/\/bestcharcoalmachine.com\/?page_id=2433"},"modified":"2022-03-11T10:08:59","modified_gmt":"2022-03-11T10:08:59","slug":"mineral-powder-briquetting-line","status":"publish","type":"product","link":"https:\/\/bestcharcoalmachine.com\/fr\/product\/mineral-powder-briquetting-line\/","title":{"rendered":"Ligne de briquetage de poudre min\u00e9rale | Presse \u00e0 billes de charbon de bois"},"content":{"rendered":"<div class=\"kk-star-ratings kksr-auto kksr-align-left kksr-valign-top\"     data-payload='{&quot;align&quot;:&quot;left&quot;,&quot;id&quot;:&quot;2433&quot;,&quot;slug&quot;:&quot;default&quot;,&quot;valign&quot;:&quot;top&quot;,&quot;ignore&quot;:&quot;&quot;,&quot;reference&quot;:&quot;auto&quot;,&quot;class&quot;:&quot;&quot;,&quot;count&quot;:&quot;8&quot;,&quot;legendonly&quot;:&quot;&quot;,&quot;readonly&quot;:&quot;&quot;,&quot;score&quot;:&quot;4.7&quot;,&quot;starsonly&quot;:&quot;&quot;,&quot;best&quot;:&quot;5&quot;,&quot;gap&quot;:&quot;5&quot;,&quot;greet&quot;:&quot;Rate this product&quot;,&quot;legend&quot;:&quot;4.7\\\/5 - (8 votes)&quot;,&quot;size&quot;:&quot;24&quot;,&quot;title&quot;:&quot;Mineral Powder Briquetting Line | Charcoal  Ball Press Machine&quot;,&quot;width&quot;:&quot;133.8&quot;,&quot;_legend&quot;:&quot;{score}\\\/{best} - ({count} {votes})&quot;,&quot;font_factor&quot;:&quot;1.25&quot;}'>              <div class=\"kksr-stars\">      <div class=\"kksr-stars-inactive\">             <div class=\"kksr-star\" data-star=\"1\" style=\"padding-right: 5px\">               <div class=\"kksr-icon\" style=\"width: 24px; height: 24px;\"><\/div>         <\/div>             <div class=\"kksr-star\" data-star=\"2\" style=\"padding-right: 5px\">               <div class=\"kksr-icon\" style=\"width: 24px; height: 24px;\"><\/div>         <\/div>             <div class=\"kksr-star\" data-star=\"3\" style=\"padding-right: 5px\">               <div class=\"kksr-icon\" style=\"width: 24px; height: 24px;\"><\/div>         <\/div>             <div class=\"kksr-star\" data-star=\"4\" style=\"padding-right: 5px\">               <div class=\"kksr-icon\" style=\"width: 24px; height: 24px;\"><\/div>         <\/div>             <div class=\"kksr-star\" data-star=\"5\" style=\"padding-right: 5px\">               <div class=\"kksr-icon\" style=\"width: 24px; height: 24px;\"><\/div>         <\/div>     <\/div>      <div class=\"kksr-stars-active\" style=\"width: 133.8px;\">             <div class=\"kksr-star\" style=\"padding-right: 5px\">               <div class=\"kksr-icon\" style=\"width: 24px; height: 24px;\"><\/div>         <\/div>             <div class=\"kksr-star\" style=\"padding-right: 5px\">               <div class=\"kksr-icon\" style=\"width: 24px; height: 24px;\"><\/div>         <\/div>             <div class=\"kksr-star\" style=\"padding-right: 5px\">               <div class=\"kksr-icon\" style=\"width: 24px; height: 24px;\"><\/div>         <\/div>             <div class=\"kksr-star\" style=\"padding-right: 5px\">               <div class=\"kksr-icon\" style=\"width: 24px; height: 24px;\"><\/div>         <\/div>             <div class=\"kksr-star\" style=\"padding-right: 5px\">               <div class=\"kksr-icon\" style=\"width: 24px; height: 24px;\"><\/div>         <\/div>     <\/div> <\/div>                   <div class=\"kksr-legend\" style=\"font-size: 19.2px;\">             4,7\/5 - (8 votes)    <\/div>     <\/div>  <div class=\"wp-block-image\"><figure class=\"aligncenter size-full\"><img loading=\"lazy\" decoding=\"async\" width=\"720\" height=\"540\" src=\"https:\/\/bestcharcoalmachine.com\/wp-content\/uploads\/2022\/01\/mineral-powder-briquetting-line-1.jpg\" alt=\"ligne de briquetage de poudre min\u00e9rale\" class=\"wp-image-2439\"\/><figcaption>ligne de briquetage de poudre min\u00e9rale<\/figcaption><\/figure><\/div>    <p>La ligne de briquetage de poudre min\u00e9rale est principalement utilis\u00e9e pour le processus de briquetage de diverses poudres de minerai, de d\u00e9chets de l'industrie sid\u00e9rurgique ou m\u00e9tallurgique, de poudre de charbon de bois, de boues, de scories d'acier, etc. L'ensemble de la cha\u00eene de production comprend principalement des concasseurs, un broyeur \u00e0 roues, une machine de formage et s\u00e9choir. La machine \u00e0 briquettes de charbon de bois comprime la poussi\u00e8re min\u00e9rale en blocs et les r\u00e9utilise, ce qui r\u00e9duit le gaspillage de ressources et \u00e9conomise les co\u00fbts \u00e9nerg\u00e9tiques. Par cons\u00e9quent, la ligne de formage de poudre min\u00e9rale est bien accueillie par de nombreuses personnes de l\u2019industrie.<\/p>    <h2 class=\"wp-block-heading\" id=\"h-raw-materials-of-mineral-powder-briquetting-line\">Mati\u00e8res premi\u00e8res de la ligne de briquetage de poudre min\u00e9rale<\/h2>    <p>Les mati\u00e8res premi\u00e8res de la ligne de briquetage de poudre min\u00e9rale comprennent de la poudre de charbon de bois et diverses poudres min\u00e9rales. La poudre de charbon de bois est obtenue en carbonisant des b\u00fbches, des coques de noix de coco, etc. La poudre min\u00e9rale fait g\u00e9n\u00e9ralement r\u00e9f\u00e9rence \u00e0 la poudre obtenue apr\u00e8s traitement des minerais extraits. Les poudres min\u00e9rales courantes comprennent la poudre de minerai de fer, le minerai de mangan\u00e8se, le minerai de chrome, la silice, la bauxite, la fluorite, la magn\u00e9site, la dolomite, le calcaire, la chaux vive, le minerai de cuivre, etc.<\/p>    <div class=\"wp-block-image\"><figure class=\"aligncenter size-full\"><img loading=\"lazy\" decoding=\"async\" width=\"720\" height=\"540\" src=\"https:\/\/bestcharcoalmachine.com\/wp-content\/uploads\/2022\/01\/mineral-powder-briquetting-line.jpg\" alt=\"ligne de briquetage de poudre min\u00e9rale\" class=\"wp-image-2438\"\/><figcaption>poudre min\u00e9rale <\/figcaption><\/figure><\/div>    <h2 class=\"wp-block-heading\">Pr\u00e9paration avant le moulage de la poudre de minerai<\/h2>    <h3 class=\"wp-block-heading\">Broyer les mat\u00e9riaux en poudre<\/h3>    <p class=\"translation-block\">Obtenir une poudre avec de petites particules est la premi\u00e8re \u00e9tape n\u00e9cessaire dans le processus de formation min\u00e9rale. Un pulv\u00e9risateur est requis pour broyer les mati\u00e8res premi\u00e8res. Un <a href=\"https:\/\/bestcharcoalmachine.com\/fr\/wood-working-equipment\/hammer-mill\/\">moulin \u00e0 marteaux<\/a> peut broyer les blocs de charbon en poudre fine de charbon, et un <a href=\"https:\/\/bestcharcoalmachine.com\/fr\/grinder-and-mixer\/compound-coal-crusher\/\">broyeur compos\u00e9<\/a> traitera de nombreux types de mat\u00e9riaux min\u00e9raux.<\/p>    <figure class=\"wp-block-gallery has-nested-images columns-default is-cropped wp-block-gallery-2 is-layout-flex wp-block-gallery-is-layout-flex\"> <figure class=\"wp-block-image size-large\"><img loading=\"lazy\" decoding=\"async\" width=\"720\" height=\"540\" data-id=\"2220\" src=\"https:\/\/bestcharcoalmachine.com\/wp-content\/uploads\/2021\/11\/wood-hammer-mill-of-the-charcoal-briquette-production-line.jpg\" alt=\"moulin \u00e0 bois\" class=\"wp-image-2220\" srcset=\"https:\/\/bestcharcoalmachine.com\/wp-content\/uploads\/2021\/11\/wood-hammer-mill-of-the-charcoal-briquette-production-line.jpg 720w, https:\/\/bestcharcoalmachine.com\/wp-content\/uploads\/2021\/11\/wood-hammer-mill-of-the-charcoal-briquette-production-line-300x225.jpg 300w\" sizes=\"auto, (max-width: 720px) 100vw, 720px\" \/><figcaption>broyeur \u00e0 charbon de bois<\/figcaption><\/figure>    <figure class=\"wp-block-image size-large\"><img loading=\"lazy\" decoding=\"async\" width=\"720\" height=\"540\" data-id=\"2414\" src=\"https:\/\/bestcharcoalmachine.com\/wp-content\/uploads\/2022\/01\/coal-crusher.jpg\" alt=\"concasseur compos\u00e9\" class=\"wp-image-2414\"\/><figcaption>concasseur compos\u00e9<\/figcaption><\/figure> <\/figure>    <h3 class=\"wp-block-heading\">Pr\u00e9parer le liant et l'eau<\/h3>    <p class=\"translation-block\">La poudre min\u00e9rale est plus difficile \u00e0 briqueter que d'autres mat\u00e9riaux en raison de sa faible plasticit\u00e9, et nous avons besoin d'une pression \u00e9lev\u00e9e et de liants r\u00e9partis uniform\u00e9ment pour les presser en billes. Avant le moulage, l'utilisation d'un <a href=\"https:\/\/bestcharcoalmachine.com\/fr\/grinder-and-mixer\/charcoal-wheel-grinding-mill\/\">moulin \u00e0 meules<\/a> pour m\u00e9langer la poudre min\u00e9rale avec de l'eau et du liant de mani\u00e8re homog\u00e8ne est tr\u00e8s importante. Cette \u00e9tape vous aidera \u00e0 fabriquer des briquettes de haute qualit\u00e9. Diff\u00e9rents minerais n\u00e9cessitent l'utilisation de liants diff\u00e9rents pour obtenir un meilleur effet de m\u00e9lange. WOOD Machinery peut assortir vos ingr\u00e9dients avec l'adh\u00e9sif le plus adapt\u00e9.<\/p>    <div class=\"wp-block-image\"><figure class=\"aligncenter size-full\"><img loading=\"lazy\" decoding=\"async\" width=\"720\" height=\"540\" src=\"https:\/\/bestcharcoalmachine.com\/wp-content\/uploads\/2021\/12\/3-mixing-and-pressing.jpg\" alt=\"m\u00e9lange et pressage\" class=\"wp-image-1778\" srcset=\"https:\/\/bestcharcoalmachine.com\/wp-content\/uploads\/2021\/12\/3-mixing-and-pressing.jpg 720w, https:\/\/bestcharcoalmachine.com\/wp-content\/uploads\/2021\/12\/3-mixing-and-pressing-300x225.jpg 300w\" sizes=\"auto, (max-width: 720px) 100vw, 720px\" \/><figcaption>m\u00e9langer et presser<\/figcaption><\/figure><\/div>    <h3 class=\"wp-block-heading\">Choisissez une machine \u00e0 briquettes min\u00e9rales appropri\u00e9e<\/h3>    <p class=\"translation-block\">La forte pression de la <a href=\"https:\/\/bestcharcoalmachine.com\/fr\/charcoal-briquette-machine\/charcoal-ball-press-machine\/\">machine \u00e0 briquetage de charbon<\/a> transforme la poudre min\u00e9rale en billes de charbon \u00e0 haute densit\u00e9. C'est l'\u00e9tape la plus importante de la ligne de briquetage de poudre min\u00e9rale. De mani\u00e8re g\u00e9n\u00e9rale, plus le mod\u00e8le est grand, plus la pression est \u00e9lev\u00e9e et plus la densit\u00e9 du produit fini est \u00e9lev\u00e9e. Comme des mati\u00e8res premi\u00e8res diff\u00e9rentes n\u00e9cessitent des pressions diff\u00e9rentes, les clients peuvent choisir la machine \u00e0 pression appropri\u00e9e selon les caract\u00e9ristiques de leurs propres mati\u00e8res premi\u00e8res.<\/p>    <div class=\"wp-block-image\"><figure class=\"aligncenter size-full\"><img loading=\"lazy\" decoding=\"async\" width=\"720\" height=\"540\" src=\"https:\/\/bestcharcoalmachine.com\/wp-content\/uploads\/2021\/12\/charcoal-ball-press-machine-2.jpg\" alt=\"presse \u00e0 boules de charbon de bois\" class=\"wp-image-1826\" srcset=\"https:\/\/bestcharcoalmachine.com\/wp-content\/uploads\/2021\/12\/charcoal-ball-press-machine-2.jpg 720w, https:\/\/bestcharcoalmachine.com\/wp-content\/uploads\/2021\/12\/charcoal-ball-press-machine-2-300x225.jpg 300w\" sizes=\"auto, (max-width: 720px) 100vw, 720px\" \/><figcaption>presse \u00e0 boules de charbon de bois<\/figcaption><\/figure><\/div>    <h2 class=\"wp-block-heading\">S\u00e9choirs \u00e9quip\u00e9s de ligne de briquetage de poudre min\u00e9rale<\/h2>    <p class=\"translation-block\">Le s\u00e9chage \u00e9limine l'exc\u00e8s d'humidit\u00e9 des billes min\u00e9rales. S'ils ne sont pas s\u00e9ch\u00e9s et emball\u00e9s directement, cela peut affecter le pouvoir de combustion. Il existe deux types d'\u00e9quipements de s\u00e9chage vendus par WOOD Machinery : <a href=\"https:\/\/bestcharcoalmachine.com\/fr\/drying-machine\/box-type-charcoal-dryer\/\">s\u00e9choir en chambre<\/a> et <a href=\"https:\/\/bestcharcoalmachine.com\/fr\/drying-machine\/mesh-belt-dryer\/\">s\u00e9cheur \u00e0 bande en treillis<\/a>. Les briquettes fabriqu\u00e9es par la machine \u00e0 briquetage sont plac\u00e9es sur le plateau dans la chambre de s\u00e9chage et s\u00e8chent avec la circulation d'air chaud. Le s\u00e9cheur \u00e0 bande en treillis adopte une drive \u00e0 bande en acier inoxydable ou en acier carbone multi-couches pour faire circuler l'air chaud et r\u00e9aliser le s\u00e9chage.<\/p>    <figure class=\"wp-block-gallery has-nested-images columns-default is-cropped wp-block-gallery-3 is-layout-flex wp-block-gallery-is-layout-flex\"> <figure class=\"wp-block-image size-large\"><img loading=\"lazy\" decoding=\"async\" width=\"720\" height=\"540\" data-id=\"2242\" src=\"https:\/\/bestcharcoalmachine.com\/wp-content\/uploads\/2021\/12\/Box-type-Charcoal-Dryer-3.jpg\" alt=\"S\u00e9choir \u00e0 charbon de bois de type bo\u00eete\" class=\"wp-image-2242\" srcset=\"https:\/\/bestcharcoalmachine.com\/wp-content\/uploads\/2021\/12\/Box-type-Charcoal-Dryer-3.jpg 720w, https:\/\/bestcharcoalmachine.com\/wp-content\/uploads\/2021\/12\/Box-type-Charcoal-Dryer-3-300x225.jpg 300w\" sizes=\"auto, (max-width: 720px) 100vw, 720px\" \/><figcaption>s\u00e9choir \u00e0 charbon de bois en forme de bo\u00eete<\/figcaption><\/figure>    <figure class=\"wp-block-image size-large\"><img loading=\"lazy\" decoding=\"async\" width=\"720\" height=\"540\" data-id=\"2244\" src=\"https:\/\/bestcharcoalmachine.com\/wp-content\/uploads\/2021\/12\/Mesh-Belt-Dryer-4.jpg\" alt=\"S\u00e9choir \u00e0 bande maill\u00e9e\" class=\"wp-image-2244\" srcset=\"https:\/\/bestcharcoalmachine.com\/wp-content\/uploads\/2021\/12\/Mesh-Belt-Dryer-4.jpg 720w, https:\/\/bestcharcoalmachine.com\/wp-content\/uploads\/2021\/12\/Mesh-Belt-Dryer-4-300x225.jpg 300w\" sizes=\"auto, (max-width: 720px) 100vw, 720px\" \/><figcaption>s\u00e9choir \u00e0 bande maill\u00e9e<\/figcaption><\/figure> <\/figure>    <h2 class=\"wp-block-heading\" id=\"h-pakaging-machine-of-charcoal-powder-forming-process\">Machine d'emballage de processus de formation de poudre de charbon de bois<\/h2>    <p class=\"translation-block\">Une <a href=\"https:\/\/bestcharcoalmachine.com\/fr\/briquettes-packing-machine\/charcoal-briquette-packing-machine-2\/\">machine d'emballage quantitative <\/a> est utilis\u00e9e pour emballer des boules de charbon de forme r\u00e9guli\u00e8re et des briquettes min\u00e9rales. Le poids peut \u00eatre r\u00e9gl\u00e9 en fonction des demandes des clients. Apr\u00e8s l'emballage, elles peuvent \u00eatre vendues directement.<\/p>    <div class=\"wp-block-image\"><figure class=\"aligncenter size-full\"><img loading=\"lazy\" decoding=\"async\" width=\"720\" height=\"540\" src=\"https:\/\/bestcharcoalmachine.com\/wp-content\/uploads\/2022\/01\/packing-machine.jpg\" alt=\"machine d&#039;emballage\" class=\"wp-image-2428\"\/><figcaption>machine d'emballage<\/figcaption><\/figure><\/div>    <h2 class=\"wp-block-heading\">N\u00e9cessit\u00e9 d'une presse \u00e0 boules de charbon de bois<\/h2>    <p>D'une part, la ligne de production de briquettes de poudre de minerai peut fa\u00e7onner les d\u00e9chets lors du processus de m\u00e9tallurgie et de fusion du fer. Il peut r\u00e9aliser l\u2019utilisation des d\u00e9chets et \u00e9conomiser de l\u2019\u00e9nergie. \u00c0 l'heure actuelle, la plupart des mat\u00e9riaux en poudre utilis\u00e9s dans l'industrie m\u00e9tallurgique sont rejet\u00e9s, ce qui entra\u00eene un gaspillage important de ressources min\u00e9rales. Alors que l\u2019\u00e9nergie devient de plus en plus rare, les presses \u00e0 billes min\u00e9rales deviennent de plus en plus populaires sur le march\u00e9.<\/p>    <div class=\"wp-block-image\"><figure class=\"aligncenter size-full\"><img loading=\"lazy\" decoding=\"async\" width=\"720\" height=\"540\" src=\"https:\/\/bestcharcoalmachine.com\/wp-content\/uploads\/2022\/01\/mineral-powder-briquettes.jpg\" alt=\"briquettes de poudre min\u00e9rale\" class=\"wp-image-2437\"\/><figcaption>briquettes de poudre min\u00e9rale<\/figcaption><\/figure><\/div>    <p>D'autre part, les briquettes produites ont une granulom\u00e9trie uniforme, une composition stable et de meilleures caract\u00e9ristiques de fusion. Lorsque les mat\u00e9riaux non form\u00e9s d'origine se transforment en briquettes ordinaires, il est beaucoup plus facile de faciliter leur transport. La machine \u00e0 briquettes de poudre min\u00e9rale peut \u00e9conomiser de l'espace apr\u00e8s avoir compress\u00e9 la poudre min\u00e9rale en blocs afin que le m\u00eame espace puisse \u00eatre plus pleinement utilis\u00e9.<\/p>    <h2 class=\"wp-block-heading\" id=\"h-application-of-mineral-powder-ball\">Application de boule de poudre min\u00e9rale<\/h2>    <figure class=\"wp-block-gallery has-nested-images columns-default is-cropped wp-block-gallery-4 is-layout-flex wp-block-gallery-is-layout-flex\"> <figure class=\"wp-block-image size-large\"><img loading=\"lazy\" decoding=\"async\" width=\"670\" height=\"452\" data-id=\"3067\" src=\"https:\/\/bestcharcoalmachine.com\/wp-content\/uploads\/2022\/01\/Iron-making1.jpg\" alt=\"Fabrication du fer\" class=\"wp-image-3067\"\/><figcaption>Fabrication du fer<\/figcaption><\/figure>    <figure class=\"wp-block-image size-large\"><img loading=\"lazy\" decoding=\"async\" width=\"450\" height=\"300\" data-id=\"3071\" src=\"https:\/\/bestcharcoalmachine.com\/wp-content\/uploads\/2022\/01\/Iron-making11.jpg\" alt=\"\" class=\"wp-image-3071\"\/><\/figure> <\/figure>    <p>Les boules de poudre min\u00e9rale peuvent \u00eatre utilis\u00e9es pour la fabrication du fer dans les hauts fourneaux. La poudre de minerai de fer est m\u00e9lang\u00e9e \u00e0 un certain liant pour former une forme sph\u00e9rique apr\u00e8s une cuisson \u00e0 haute temp\u00e9rature, puis introduite dans le haut fourneau. De cette fa\u00e7on, la perm\u00e9abilit\u00e9 \u00e0 l'air du haut fourneau est meilleure et le pH du haut fourneau peut \u00eatre ajust\u00e9.<\/p>    <p>Une fois que la poudre concentr\u00e9e et la poudre de calcaire sont m\u00e9lang\u00e9es uniform\u00e9ment, elles sont roul\u00e9es ou press\u00e9es en boules vertes d'un diam\u00e8tre de 10 \u00e0 30 mm et s\u00e9ch\u00e9es dans un s\u00e9choir pour consolider les particules. Ce type de boule de poudre min\u00e9rale a une taille de particule uniforme, une bonne perm\u00e9abilit\u00e9 \u00e0 l'air et une bonne r\u00e9ductibilit\u00e9. Cependant, le contr\u00f4le de la temp\u00e9rature lors de la cuisson des pellets est plus strict que celui lors du frittage. Les boules de poudre min\u00e9rale n\u00e9cessitent \u00e9galement des particules fines de mati\u00e8res premi\u00e8res et une faible teneur en humidit\u00e9 de la poudre min\u00e9rale.<\/p>    <h2 class=\"wp-block-heading\">Mesures pour am\u00e9liorer la qualit\u00e9 de la poudre de fer<\/h2>    <p>Il existe de nombreux \u00e9quipements de concassage pour le minerai. Certains fabricants choisissent des concasseurs \u00e0 bas prix. Selon les d\u00e9fauts des fabricants, la consommation et le remplacement des t\u00eates de marteau et des rev\u00eatements du concasseur sont fr\u00e9quents, le rendement horaire est faible et la consommation \u00e9lectrique est \u00e9lev\u00e9e. , La maintenance est difficile, le temps est long et le taux de fonctionnement de l'\u00e9quipement est faible.<\/p>    <p class=\"translation-block\">Si le fabricant adopte une technologie avanc\u00e9e et un <a href=\"https:\/\/bestcharcoalmachine.com\/fr\/product\/compound-coal-crusher\/\">broyeur<\/a> professionnel dans le processus de concassage et de broyage, cela peut permettre d'\u00e9conomiser beaucoup d'\u00e9lectricit\u00e9 et de mat\u00e9riaux, et en m\u00eame temps obtenir la poudre de minerai id\u00e9ale.<\/p>    <h2 class=\"wp-block-heading\">Services de vente de ligne de briquetage de poudre min\u00e9rale<\/h2>    <ul class=\"wp-block-list\"><li>Service avant-vente\u00a0: vous fournir la planification de projet, la conception de processus et d\u00e9velopper un ensemble d'\u00e9quipements qui vous convient\u00a0; concevez et fabriquez la ligne de briquetage de poudre min\u00e9rale en fonction de vos besoins particuliers et dispensez une formation pour votre op\u00e9ration technique.<\/li><li>Service en vente\u00a0: \u00e9quipement de production pr\u00e9cis, et accompagner notre client pour finaliser l'acceptation de l'\u00e9quipement, aider \u00e0 la pr\u00e9paration du plan d'installation et du processus d\u00e9taill\u00e9.<\/li><li>Notre soci\u00e9t\u00e9 enverra des techniciens sur le site des clients pour guider l'installation de l'\u00e9quipement, mettre en service la machine de fabrication de briquettes de charbon en production normale et former les op\u00e9rateurs \u00e0 l'utilisation et \u00e0 la maintenance.<\/li><\/ul>","protected":false},"excerpt":{"rendered":"<p>The mineral powder briquetting line is mainly used for the briquetting process of various ore powders, waste from steelmaking or metallurgical industry, charcoal powder, sludge, steel slag, etc. The whole production line mainly includes crushers, wheel grinding mill, forming machine, and dryer. The charcoal briquette machine compresses the mineral dust into blocks and reuses them, [&hellip;]<\/p>\n","protected":false},"author":1,"featured_media":2439,"parent":0,"template":"","tags":[],"product-type":[52],"class_list":["post-2433","product","type-product","status-publish","has-post-thumbnail","hentry","product-type-product-line"],"_links":{"self":[{"href":"https:\/\/bestcharcoalmachine.com\/fr\/wp-json\/wp\/v2\/product\/2433","targetHints":{"allow":["GET"]}}],"collection":[{"href":"https:\/\/bestcharcoalmachine.com\/fr\/wp-json\/wp\/v2\/product"}],"about":[{"href":"https:\/\/bestcharcoalmachine.com\/fr\/wp-json\/wp\/v2\/types\/product"}],"author":[{"embeddable":true,"href":"https:\/\/bestcharcoalmachine.com\/fr\/wp-json\/wp\/v2\/users\/1"}],"wp:featuredmedia":[{"embeddable":true,"href":"https:\/\/bestcharcoalmachine.com\/fr\/wp-json\/wp\/v2\/media\/2439"}],"wp:attachment":[{"href":"https:\/\/bestcharcoalmachine.com\/fr\/wp-json\/wp\/v2\/media?parent=2433"}],"wp:term":[{"taxonomy":"post_tag","embeddable":true,"href":"https:\/\/bestcharcoalmachine.com\/fr\/wp-json\/wp\/v2\/tags?post=2433"},{"taxonomy":"product-type","embeddable":true,"href":"https:\/\/bestcharcoalmachine.com\/fr\/wp-json\/wp\/v2\/product-type?post=2433"}],"curies":[{"name":"wp","href":"https:\/\/api.w.org\/{rel}","templated":true}]}}