{"id":2397,"date":"2022-01-14T09:00:36","date_gmt":"2022-01-14T09:00:36","guid":{"rendered":"https:\/\/bestcharcoalmachine.com\/?page_id=2397"},"modified":"2022-03-10T09:23:31","modified_gmt":"2022-03-10T09:23:31","slug":"coal-briquettes-production-line","status":"publish","type":"product","link":"https:\/\/bestcharcoalmachine.com\/fr\/product\/coal-briquettes-production-line\/","title":{"rendered":"Ligne de production de briquettes de charbon | Ligne de formage de poudre de charbon"},"content":{"rendered":"<div class=\"kk-star-ratings kksr-auto kksr-align-left kksr-valign-top\"     data-payload='{&quot;align&quot;:&quot;left&quot;,&quot;id&quot;:&quot;2397&quot;,&quot;slug&quot;:&quot;default&quot;,&quot;valign&quot;:&quot;top&quot;,&quot;ignore&quot;:&quot;&quot;,&quot;reference&quot;:&quot;auto&quot;,&quot;class&quot;:&quot;&quot;,&quot;count&quot;:&quot;19&quot;,&quot;legendonly&quot;:&quot;&quot;,&quot;readonly&quot;:&quot;&quot;,&quot;score&quot;:&quot;4.5&quot;,&quot;starsonly&quot;:&quot;&quot;,&quot;best&quot;:&quot;5&quot;,&quot;gap&quot;:&quot;5&quot;,&quot;greet&quot;:&quot;Rate this product&quot;,&quot;legend&quot;:&quot;4.5\\\/5 - (19 votes)&quot;,&quot;size&quot;:&quot;24&quot;,&quot;title&quot;:&quot;Coal Briquettes Production Line | Coal Powder Forming Line&quot;,&quot;width&quot;:&quot;128&quot;,&quot;_legend&quot;:&quot;{score}\\\/{best} - ({count} {votes})&quot;,&quot;font_factor&quot;:&quot;1.25&quot;}'>              <div class=\"kksr-stars\">      <div class=\"kksr-stars-inactive\">             <div class=\"kksr-star\" data-star=\"1\" style=\"padding-right: 5px\">               <div class=\"kksr-icon\" style=\"width: 24px; height: 24px;\"><\/div>         <\/div>             <div class=\"kksr-star\" data-star=\"2\" style=\"padding-right: 5px\">               <div class=\"kksr-icon\" style=\"width: 24px; height: 24px;\"><\/div>         <\/div>             <div class=\"kksr-star\" data-star=\"3\" style=\"padding-right: 5px\">               <div class=\"kksr-icon\" style=\"width: 24px; height: 24px;\"><\/div>         <\/div>             <div class=\"kksr-star\" data-star=\"4\" style=\"padding-right: 5px\">               <div class=\"kksr-icon\" style=\"width: 24px; height: 24px;\"><\/div>         <\/div>             <div class=\"kksr-star\" data-star=\"5\" style=\"padding-right: 5px\">               <div class=\"kksr-icon\" style=\"width: 24px; height: 24px;\"><\/div>         <\/div>     <\/div>      <div class=\"kksr-stars-active\" style=\"width: 128px;\">             <div class=\"kksr-star\" style=\"padding-right: 5px\">               <div class=\"kksr-icon\" style=\"width: 24px; height: 24px;\"><\/div>         <\/div>             <div class=\"kksr-star\" style=\"padding-right: 5px\">               <div class=\"kksr-icon\" style=\"width: 24px; height: 24px;\"><\/div>         <\/div>             <div class=\"kksr-star\" style=\"padding-right: 5px\">               <div class=\"kksr-icon\" style=\"width: 24px; height: 24px;\"><\/div>         <\/div>             <div class=\"kksr-star\" style=\"padding-right: 5px\">               <div class=\"kksr-icon\" style=\"width: 24px; height: 24px;\"><\/div>         <\/div>             <div class=\"kksr-star\" style=\"padding-right: 5px\">               <div class=\"kksr-icon\" style=\"width: 24px; height: 24px;\"><\/div>         <\/div>     <\/div> <\/div>                   <div class=\"kksr-legend\" style=\"font-size: 19.2px;\">             4,5\/5 - (19 votes)    <\/div>     <\/div>  <div class=\"wp-block-image\"><figure class=\"aligncenter size-full\"><img loading=\"lazy\" decoding=\"async\" width=\"720\" height=\"540\" src=\"https:\/\/bestcharcoalmachine.com\/wp-content\/uploads\/2022\/01\/Coal-Briquettes-Production-Line.jpg\" alt=\"Ligne de production de briquettes de charbon\" class=\"wp-image-2413\"\/><figcaption>Ligne de production de briquettes de charbon<\/figcaption><\/figure><\/div>    <p>La ligne de production de briquettes de charbon est une s\u00e9rie de processus permettant de presser du charbon pulv\u00e9ris\u00e9 en briquettes sph\u00e9riques ou en forme de coussin. L'\u00e9quipement de la ligne de formage de poudre de charbon comprend un pulv\u00e9risateur de charbon, un m\u00e9langeur \u00e0 double arbre, une presse \u00e0 billes de charbon, un s\u00e9choir et une machine d'emballage. Les briquettes produites peuvent \u00eatre largement utilis\u00e9es dans des applications domestiques et industrielles. WOOD Machinery peut personnaliser les machines et les adh\u00e9sifs en fonction des diff\u00e9rents besoins des clients, et peut \u00e9galement ajuster et personnaliser les machines de la ligne de production. <\/p>    <h2 class=\"wp-block-heading\" id=\"h-raw-material-of-coal-briquettes-production-line\">Mati\u00e8re premi\u00e8re de la ligne de production de briquettes de charbon<\/h2>    <p>La mati\u00e8re premi\u00e8re de la cha\u00eene de production de briquettes de charbon est le charbon, puis broyez le charbon en poudre de charbon finement broy\u00e9e. Avant la formation, le charbon pulv\u00e9ris\u00e9 doit \u00eatre m\u00e9lang\u00e9 avec le liant et l'eau selon un certain rapport, ce qui peut augmenter la viscosit\u00e9 des briquettes et aider le charbon pulv\u00e9ris\u00e9 \u00e0 mieux se former.<\/p>    <div class=\"wp-block-image\"><figure class=\"aligncenter size-full\"><img loading=\"lazy\" decoding=\"async\" width=\"720\" height=\"540\" src=\"https:\/\/bestcharcoalmachine.com\/wp-content\/uploads\/2022\/01\/raw-materials1.jpg\" alt=\"\" class=\"wp-image-3004\"\/><figcaption>processus de transformation du charbon<\/figcaption><\/figure><\/div>    <h2 class=\"wp-block-heading\">Principales \u00e9tapes de la ligne de formation de poudre de charbon<\/h2>    <p>Broyage\u2013M\u00e9lange\u2013Formage\u2013S\u00e9chage\u2013Emballage<\/p>    <div class=\"wp-block-media-text alignwide is-stacked-on-mobile\"><figure class=\"wp-block-media-text__media\"><img loading=\"lazy\" decoding=\"async\" width=\"720\" height=\"540\" src=\"https:\/\/bestcharcoalmachine.com\/wp-content\/uploads\/2022\/01\/coal-crusher.jpg\" alt=\"broyeur de charbon\" class=\"wp-image-2414 size-full\"\/><\/figure><div class=\"wp-block-media-text__content\"> <h3 class=\"wp-block-heading\">\u00c9tape 1 : Broyage<\/h3>    <p class=\"translation-block\">Un <a href=\"https:\/\/bestcharcoalmachine.com\/fr\/grinder-and-mixer\/compound-coal-crusher\/\">cureur<\/a> compos\u00e9 est adapt\u00e9 aux mat\u00e9riaux de construction, \u00e0 l\u2019exploitation mini\u00e8re, \u00e0 la m\u00e9tallurgie, \u00e0 l\u2019industrie chimique et \u00e0 d\u2019autres industries. Il est g\u00e9n\u00e9ralement utilis\u00e9 pour broyer le calcaire, le charbon et d\u2019autres minerais. Dans cette ligne de production de briquettes de charbon, il pulverise le charbon en charbon pulv\u00e9ris\u00e9 fin, qui est ensuite aliment\u00e9 par un convoyeur \u00e0 bande dans un m\u00e9langeur \u00e0 double axe.<\/p> <\/div><\/div>    <div class=\"wp-block-media-text alignwide is-stacked-on-mobile\"><figure class=\"wp-block-media-text__media\"><img loading=\"lazy\" decoding=\"async\" width=\"720\" height=\"540\" src=\"https:\/\/bestcharcoalmachine.com\/wp-content\/uploads\/2022\/01\/double-shaft-mixer.jpg\" alt=\"m\u00e9langeur \u00e0 double arbre\" class=\"wp-image-2412 size-full\"\/><\/figure><div class=\"wp-block-media-text__content\"> <h3 class=\"wp-block-heading\">\u00c9tape 2 : M\u00e9lange<\/h3>    <p>Dans cette \u00e9tape, m\u00e9langez la poudre de charbon pulv\u00e9ris\u00e9e, le liant et l\u2019eau. Mettez ces trois ingr\u00e9dients dans un m\u00e9langeur \u00e0 double arbre dans une certaine proportion pour m\u00e9langer.<\/p> <\/div><\/div>    <div class=\"wp-block-media-text alignwide is-stacked-on-mobile\"><figure class=\"wp-block-media-text__media\"><img loading=\"lazy\" decoding=\"async\" width=\"720\" height=\"540\" src=\"https:\/\/bestcharcoalmachine.com\/wp-content\/uploads\/2021\/12\/charcoal-ball-press-machine-2.jpg\" alt=\"presse \u00e0 boules de charbon de bois\" class=\"wp-image-1826 size-full\" srcset=\"https:\/\/bestcharcoalmachine.com\/wp-content\/uploads\/2021\/12\/charcoal-ball-press-machine-2.jpg 720w, https:\/\/bestcharcoalmachine.com\/wp-content\/uploads\/2021\/12\/charcoal-ball-press-machine-2-300x225.jpg 300w\" sizes=\"auto, (max-width: 720px) 100vw, 720px\" \/><\/figure><div class=\"wp-block-media-text__content\"> <h3 class=\"wp-block-heading\">\u00c9tape 3\u00a0:\u00a0Formage<\/h3>    <p class=\"translation-block\">La <a href=\"https:\/\/bestcharcoalmachine.com\/fr\/charcoal-briquette-machine\/charcoal-ball-press-machine\/\">machine de presse \u00e0 billes de charbon<\/a> utilise deux rouleaux pour presser le charbon pulv\u00e9ris\u00e9 pr\u00e9par\u00e9 et produit des briquettes de charbon \u00e0 haute densit\u00e9 par haute pression. Plus le mod\u00e8le de machine est grand, plus la pression et la production sont importantes. La briquette peut \u00eatre con\u00e7ue en forme ronde, en oreiller, carr\u00e9, etc. Cette machine est largement utilis\u00e9e dans l\u2019industrie du charbon et dans l\u2019industrie m\u00e9tallurgique.<\/p> <\/div><\/div>    <h3 class=\"wp-block-heading\" id=\"h-step-4-drying\">\u00c9tape 4 : S\u00e9chage <\/h3>    <p class=\"translation-block\">En raison de l\u2019ajout d\u2019eau et d\u2019un liant, les briquettes pr\u00e9par\u00e9es auront un taux d\u2019humidit\u00e9 relativement \u00e9lev\u00e9, ce qui affectera le rendement de combustion. Par cons\u00e9quent, les briquettes de charbon doivent \u00eatre s\u00e9ch\u00e9es avec un s\u00e9choir pour r\u00e9duire l\u2019humidit\u00e9. WOOD Machinery propose deux types de s\u00e9choirs : un <a href=\"https:\/\/bestcharcoalmachine.com\/fr\/product\/box-type-charcoal-dryer\/\">s\u00e9choir \u00e0 bo\u00eete<\/a>, et un <a href=\"https:\/\/bestcharcoalmachine.com\/fr\/drying-machine\/mesh-belt-dryer\/\">s\u00e9choir \u00e0 bande transporteuse<\/a>.<\/p>    <figure class=\"wp-block-gallery has-nested-images columns-default is-cropped wp-block-gallery-2 is-layout-flex wp-block-gallery-is-layout-flex\"> <figure class=\"wp-block-image size-large\"><img loading=\"lazy\" decoding=\"async\" width=\"720\" height=\"540\" data-id=\"2242\" src=\"https:\/\/bestcharcoalmachine.com\/wp-content\/uploads\/2021\/12\/Box-type-Charcoal-Dryer-3.jpg\" alt=\"S\u00e9choir \u00e0 charbon de bois de type bo\u00eete\" class=\"wp-image-2242\" srcset=\"https:\/\/bestcharcoalmachine.com\/wp-content\/uploads\/2021\/12\/Box-type-Charcoal-Dryer-3.jpg 720w, https:\/\/bestcharcoalmachine.com\/wp-content\/uploads\/2021\/12\/Box-type-Charcoal-Dryer-3-300x225.jpg 300w\" sizes=\"auto, (max-width: 720px) 100vw, 720px\" \/><figcaption>S\u00e9choir \u00e0 charbon de bois de type bo\u00eete<\/figcaption><\/figure>    <figure class=\"wp-block-image size-large\"><img loading=\"lazy\" decoding=\"async\" width=\"720\" height=\"540\" data-id=\"2244\" src=\"https:\/\/bestcharcoalmachine.com\/wp-content\/uploads\/2021\/12\/Mesh-Belt-Dryer-4.jpg\" alt=\"S\u00e9choir \u00e0 bande maill\u00e9e\" class=\"wp-image-2244\" srcset=\"https:\/\/bestcharcoalmachine.com\/wp-content\/uploads\/2021\/12\/Mesh-Belt-Dryer-4.jpg 720w, https:\/\/bestcharcoalmachine.com\/wp-content\/uploads\/2021\/12\/Mesh-Belt-Dryer-4-300x225.jpg 300w\" sizes=\"auto, (max-width: 720px) 100vw, 720px\" \/><figcaption>S\u00e9choir \u00e0 bande maill\u00e9e<\/figcaption><\/figure> <\/figure>    <div class=\"wp-block-media-text alignwide is-stacked-on-mobile\"><figure class=\"wp-block-media-text__media\"><img loading=\"lazy\" decoding=\"async\" width=\"720\" height=\"540\" src=\"https:\/\/bestcharcoalmachine.com\/wp-content\/uploads\/2022\/01\/packing-machine.jpg\" alt=\"machine d&#039;emballage\" class=\"wp-image-2428 size-full\"\/><\/figure><div class=\"wp-block-media-text__content\"> <h3 class=\"wp-block-heading\" id=\"h-step-5-packaging\">\u00c9tape 5 : Emballage<\/h3>    <p class=\"translation-block\">Les briquettes s\u00e8ches peuvent \u00eatre emball\u00e9es avec une <a href=\"https:\/\/bestcharcoalmachine.com\/fr\/briquettes-packing-machine\/charcoal-briquette-packing-machine-2\/\">machine d\u2019emballage<\/a> quantitative. D\u00e9finir le poids d\u2019abord, et la machine cessera de d\u00e9charger apr\u00e8s \u00eatre tomb\u00e9e sous le poids fix\u00e9.<\/p> <\/div><\/div>    <h2 class=\"wp-block-heading\" id=\"h-round-and-pillow-coal-briquettes-application\">Application de briquettes de charbon rondes et coussin\u00e9es<\/h2>    <p>La ligne de formation de poudre de charbon peut produire des produits sph\u00e9riques, en forme d'oreiller et carr\u00e9s.<span class=\"has-inline-color has-green-color\"> <\/span><span class=\"has-inline-color has-gray-dark-color\">briquettes de charbon<\/span><span class=\"has-inline-color has-yellow-color\"> <\/span>peuvent \u00eatre produits, en g\u00e9n\u00e9ral, les clients pr\u00e9f\u00e8rent utiliser des briquettes sph\u00e9riques et en forme de coussin compte tenu de leur aspect pratique et de leur prix.<\/p>    <p>La briquette comprend les briquettes \u00e0 usage civil et les briquettes industrielles. Les briquettes \u00e0 usage civil font r\u00e9f\u00e9rence au charbon utilis\u00e9 dans la vie quotidienne, notamment dans les secteurs de la cuisine, du chauffage et des services de restauration. La production de briquettes industrielles est relativement complexe et comporte des exigences \u00e9lev\u00e9es. Elle est g\u00e9n\u00e9ralement divis\u00e9e dans les cat\u00e9gories suivantes : briquette g\u00e9n\u00e9ratrice de gaz, briquette de chaudi\u00e8re et briquette respectueuse de l'environnement.<\/p>    <figure class=\"wp-block-gallery has-nested-images columns-default is-cropped wp-block-gallery-3 is-layout-flex wp-block-gallery-is-layout-flex\"> <figure class=\"wp-block-image size-large\"><img loading=\"lazy\" decoding=\"async\" width=\"720\" height=\"540\" data-id=\"2415\" src=\"https:\/\/bestcharcoalmachine.com\/wp-content\/uploads\/2022\/01\/round-coal-briquettes.jpg\" alt=\"briquettes de charbon rondes\" class=\"wp-image-2415\"\/><figcaption>briquettes de charbon rondes<\/figcaption><\/figure>    <figure class=\"wp-block-image size-large\"><img loading=\"lazy\" decoding=\"async\" width=\"720\" height=\"540\" data-id=\"2416\" src=\"https:\/\/bestcharcoalmachine.com\/wp-content\/uploads\/2022\/01\/pillow-shaped-briquettes.jpg\" alt=\"briquettes en forme d&#039;oreiller\" class=\"wp-image-2416\"\/><figcaption>briquettes en forme d'oreiller<\/figcaption><\/figure> <\/figure>    <h2 class=\"wp-block-heading\" id=\"h-turn-coal-into-clean-energy\">Transformez le charbon en \u00e9nergie propre<\/h2>    <p>Le charbon propre est fabriqu\u00e9 en traitant le charbon gr\u00e2ce \u00e0 une technologie moderne, en ajoutant des liants et des composants chimiques. La ligne de production de briquettes de charbon peut facilement r\u00e9aliser toute l\u2019\u00e9tape de traitement, les op\u00e9rateurs n\u2019ont qu\u2019\u00e0 verser les proportions correctes d\u2019ingr\u00e9dients dans le m\u00e9langeur et la machine fait le reste. <\/p>    <p>Par rapport au charbon ordinaire, la m\u00eame quantit\u00e9 de combustion peut r\u00e9duire consid\u00e9rablement les \u00e9missions de polluants tels que le dioxyde de soufre, les oxydes d'azote et la poussi\u00e8re, ce qui est plus propre en comparaison. Chaque hiver est une p\u00e9riode importante de pollution de l\u2019air, parmi laquelle le chauffage au charbon des habitants constitue l\u2019une des principales sources de pollution. Promouvoir l'utilisation de charbon propre peut soulager efficacement la pression du chauffage en hiver et construire un syst\u00e8me de chauffage propre.<\/p>    <figure class=\"wp-block-gallery has-nested-images columns-default is-cropped wp-block-gallery-4 is-layout-flex wp-block-gallery-is-layout-flex\"> <figure class=\"wp-block-image size-large\"><img loading=\"lazy\" decoding=\"async\" width=\"720\" height=\"540\" data-id=\"2995\" src=\"https:\/\/bestcharcoalmachine.com\/wp-content\/uploads\/2022\/01\/coal-packages1.jpg\" alt=\"\" class=\"wp-image-2995\"\/><figcaption>charbon propre emball\u00e9<\/figcaption><\/figure>    <figure class=\"wp-block-image size-large\"><img loading=\"lazy\" decoding=\"async\" width=\"576\" height=\"421\" data-id=\"2998\" src=\"https:\/\/bestcharcoalmachine.com\/wp-content\/uploads\/2022\/03\/clean-coal1-edited-1.jpg\" alt=\"charbon propre\" class=\"wp-image-2998\"\/><figcaption>charbon propre<\/figcaption><\/figure> <\/figure>    <h2 class=\"wp-block-heading\">Affichage des machines d'usine des machines de formage de poudre de charbon<\/h2>    <p>Notre usine dispose d'un inventaire suffisant et divers mod\u00e8les sont facilement disponibles. Si les clients ont des exigences particuli\u00e8res concernant le rendement ou la forme de la ligne de production de briquettes, nous pouvons les concevoir et les personnaliser.<\/p>    <figure class=\"wp-block-gallery has-nested-images columns-default is-cropped wp-block-gallery-5 is-layout-flex wp-block-gallery-is-layout-flex\"> <figure class=\"wp-block-image size-large\"><img loading=\"lazy\" decoding=\"async\" width=\"720\" height=\"540\" data-id=\"2424\" src=\"https:\/\/bestcharcoalmachine.com\/wp-content\/uploads\/2022\/01\/coal-ball-press-machine-in-plant-1.jpg\" alt=\"presse \u00e0 boulets de charbon en usine\" class=\"wp-image-2424\"\/><figcaption>presse \u00e0 boulets de charbon en usine<\/figcaption><\/figure>    <figure class=\"wp-block-image size-large\"><img loading=\"lazy\" decoding=\"async\" width=\"720\" height=\"540\" data-id=\"2421\" src=\"https:\/\/bestcharcoalmachine.com\/wp-content\/uploads\/2022\/01\/charcoal-ball-press-machines-in-our-plant.jpg\" alt=\"presses \u00e0 billes de charbon de bois dans notre usine\" class=\"wp-image-2421\"\/><figcaption>presses \u00e0 billes de charbon de bois dans notre usine<\/figcaption><\/figure> <\/figure>    <h2 class=\"wp-block-heading\" id=\"h-successful-case-of-coal-briquette-production-line-to-romania\">Cas r\u00e9ussi d'une ligne de production de briquettes de charbon en Roumanie<\/h2>    <p class=\"translation-block\">Un client de Roumanie a vu une vid\u00e9o de notre presse \u00e0 billes de charbon sur YouTube, il a cliqu\u00e9 pour visiter notre cha\u00eene et a \u00e9t\u00e9 ravi de voir la machine qu\u2019il voulait. Puis il a consult\u00e9 notre responsable des ventes au sujet de la ligne de production associ\u00e9e; apr\u00e8s avoir compris sa demande, nous lui avons recommand\u00e9 cette ligne de production de briquettes de charbon. D\u00e9sormais, l\u2019ensemble de la ligne de production a \u00e9t\u00e9<a href=\"https:\/\/bestcharcoalmachine.com\/fr\/news\/coal-briquette-production-line-exported-to-romania\/\"> exp\u00e9di\u00e9 en Roumanie<\/a>.<\/p>    <figure class=\"wp-block-gallery has-nested-images columns-default is-cropped wp-block-gallery-6 is-layout-flex wp-block-gallery-is-layout-flex\"> <figure class=\"wp-block-image size-large\"><img loading=\"lazy\" decoding=\"async\" width=\"720\" height=\"540\" data-id=\"2963\" src=\"https:\/\/bestcharcoalmachine.com\/wp-content\/uploads\/2022\/03\/coal-briquette-production-line-for-Romania1.jpg\" alt=\"ligne de production de briquettes de charbon pour la Roumanie\" class=\"wp-image-2963\"\/><figcaption>ligne de production de briquettes de charbon pour la Roumanie<\/figcaption><\/figure>    <figure class=\"wp-block-image size-large\"><img loading=\"lazy\" decoding=\"async\" width=\"720\" height=\"540\" data-id=\"2962\" src=\"https:\/\/bestcharcoalmachine.com\/wp-content\/uploads\/2022\/03\/the-whole-production-line.jpg\" alt=\"toute la cha\u00eene de production\" class=\"wp-image-2962\"\/><figcaption>toute la cha\u00eene de production<\/figcaption><\/figure> <\/figure>    <figure class=\"wp-block-gallery has-nested-images columns-default is-cropped wp-block-gallery-7 is-layout-flex wp-block-gallery-is-layout-flex\"> <figure class=\"wp-block-image size-large\"><img loading=\"lazy\" decoding=\"async\" width=\"720\" height=\"540\" data-id=\"2966\" src=\"https:\/\/bestcharcoalmachine.com\/wp-content\/uploads\/2022\/03\/coal-powder-mixers.jpg\" alt=\"m\u00e9langeurs de poudre de charbon\" class=\"wp-image-2966\"\/><figcaption>m\u00e9langeurs de poudre de charbon<\/figcaption><\/figure>    <figure class=\"wp-block-image size-large\"><img loading=\"lazy\" decoding=\"async\" width=\"720\" height=\"540\" data-id=\"2964\" src=\"https:\/\/bestcharcoalmachine.com\/wp-content\/uploads\/2022\/03\/coal-briquettes-making-machine.jpg\" alt=\"briquettes de charbon faisant la machine\" class=\"wp-image-2964\"\/><figcaption>briquettes de charbon faisant la machine<\/figcaption><\/figure> <\/figure>    <h2 class=\"wp-block-heading\" id=\"h-sales-services-of-coal-powder-forming-line\">Services de vente de ligne de formage de poudre de charbon<\/h2>    <ul class=\"wp-block-list\"><li>Service avant-vente\u00a0: vous fournir la planification de projet, la conception de processus et d\u00e9velopper un ensemble d'\u00e9quipements qui vous convient\u00a0; concevez et fabriquez la ligne de formage de poudre de charbon en fonction de vos besoins particuliers et proposez une formation pour votre op\u00e9ration technique.<\/li><li>Service en vente\u00a0: \u00e9quipement de production pr\u00e9cis, et accompagner notre client pour finaliser l'acceptation de l'\u00e9quipement, aider \u00e0 la pr\u00e9paration du plan d'installation et du processus d\u00e9taill\u00e9.<\/li><li>Notre soci\u00e9t\u00e9 enverra des techniciens sur le site des clients pour guider l'installation de l'\u00e9quipement, mettre en service la machine de fabrication de briquettes de charbon en production normale et former les op\u00e9rateurs \u00e0 l'utilisation et \u00e0 la maintenance.<\/li><\/ul>","protected":false},"excerpt":{"rendered":"<p>The coal briquettes production line is a series of processes for pressing pulverized coal into spherical or pillow-like briquettes. The equipment of the coal powder forming line includes a coal pulverizer, double shaft mixer, coal ball pressing machine, dryer and packaging machine. The briquettes produced can be widely used in domestic and industrial applications. WOOD [&hellip;]<\/p>\n","protected":false},"author":1,"featured_media":2413,"parent":0,"template":"","tags":[],"product-type":[52],"class_list":["post-2397","product","type-product","status-publish","has-post-thumbnail","hentry","product-type-product-line"],"_links":{"self":[{"href":"https:\/\/bestcharcoalmachine.com\/fr\/wp-json\/wp\/v2\/product\/2397","targetHints":{"allow":["GET"]}}],"collection":[{"href":"https:\/\/bestcharcoalmachine.com\/fr\/wp-json\/wp\/v2\/product"}],"about":[{"href":"https:\/\/bestcharcoalmachine.com\/fr\/wp-json\/wp\/v2\/types\/product"}],"author":[{"embeddable":true,"href":"https:\/\/bestcharcoalmachine.com\/fr\/wp-json\/wp\/v2\/users\/1"}],"wp:featuredmedia":[{"embeddable":true,"href":"https:\/\/bestcharcoalmachine.com\/fr\/wp-json\/wp\/v2\/media\/2413"}],"wp:attachment":[{"href":"https:\/\/bestcharcoalmachine.com\/fr\/wp-json\/wp\/v2\/media?parent=2397"}],"wp:term":[{"taxonomy":"post_tag","embeddable":true,"href":"https:\/\/bestcharcoalmachine.com\/fr\/wp-json\/wp\/v2\/tags?post=2397"},{"taxonomy":"product-type","embeddable":true,"href":"https:\/\/bestcharcoalmachine.com\/fr\/wp-json\/wp\/v2\/product-type?post=2397"}],"curies":[{"name":"wp","href":"https:\/\/api.w.org\/{rel}","templated":true}]}}