{"id":2292,"date":"2021-12-30T09:17:59","date_gmt":"2021-12-30T09:17:59","guid":{"rendered":"https:\/\/bestcharcoalmachine.com\/"},"modified":"2022-09-28T16:53:33","modified_gmt":"2022-09-28T08:53:33","slug":"tree-branch-crusher-machine","status":"publish","type":"product","link":"https:\/\/bestcharcoalmachine.com\/fr\/product\/tree-branch-crusher-machine\/","title":{"rendered":"Machine de broyeur de branches d'arbre | D\u00e9chiqueteuse \u00e0 bois industrielle"},"content":{"rendered":"<div class=\"kk-star-ratings kksr-auto kksr-align-left kksr-valign-top\"     data-payload='{&quot;align&quot;:&quot;left&quot;,&quot;id&quot;:&quot;2292&quot;,&quot;slug&quot;:&quot;default&quot;,&quot;valign&quot;:&quot;top&quot;,&quot;ignore&quot;:&quot;&quot;,&quot;reference&quot;:&quot;auto&quot;,&quot;class&quot;:&quot;&quot;,&quot;count&quot;:&quot;19&quot;,&quot;legendonly&quot;:&quot;&quot;,&quot;readonly&quot;:&quot;&quot;,&quot;score&quot;:&quot;4.6&quot;,&quot;starsonly&quot;:&quot;&quot;,&quot;best&quot;:&quot;5&quot;,&quot;gap&quot;:&quot;5&quot;,&quot;greet&quot;:&quot;Rate this product&quot;,&quot;legend&quot;:&quot;4.6\\\/5 - (19 votes)&quot;,&quot;size&quot;:&quot;24&quot;,&quot;title&quot;:&quot;Tree Branch Crusher Machine | Industrial Wood Chipper&quot;,&quot;width&quot;:&quot;130.9&quot;,&quot;_legend&quot;:&quot;{score}\\\/{best} - ({count} {votes})&quot;,&quot;font_factor&quot;:&quot;1.25&quot;}'>              <div class=\"kksr-stars\">      <div class=\"kksr-stars-inactive\">             <div class=\"kksr-star\" data-star=\"1\" style=\"padding-right: 5px\">               <div class=\"kksr-icon\" style=\"width: 24px; height: 24px;\"><\/div>         <\/div>             <div class=\"kksr-star\" data-star=\"2\" style=\"padding-right: 5px\">               <div class=\"kksr-icon\" style=\"width: 24px; height: 24px;\"><\/div>         <\/div>             <div class=\"kksr-star\" data-star=\"3\" style=\"padding-right: 5px\">               <div class=\"kksr-icon\" style=\"width: 24px; height: 24px;\"><\/div>         <\/div>             <div class=\"kksr-star\" data-star=\"4\" style=\"padding-right: 5px\">               <div class=\"kksr-icon\" style=\"width: 24px; height: 24px;\"><\/div>         <\/div>             <div class=\"kksr-star\" data-star=\"5\" style=\"padding-right: 5px\">               <div class=\"kksr-icon\" style=\"width: 24px; height: 24px;\"><\/div>         <\/div>     <\/div>      <div class=\"kksr-stars-active\" style=\"width: 130.9px;\">             <div class=\"kksr-star\" style=\"padding-right: 5px\">               <div class=\"kksr-icon\" style=\"width: 24px; height: 24px;\"><\/div>         <\/div>             <div class=\"kksr-star\" style=\"padding-right: 5px\">               <div class=\"kksr-icon\" style=\"width: 24px; height: 24px;\"><\/div>         <\/div>             <div class=\"kksr-star\" style=\"padding-right: 5px\">               <div class=\"kksr-icon\" style=\"width: 24px; height: 24px;\"><\/div>         <\/div>             <div class=\"kksr-star\" style=\"padding-right: 5px\">               <div class=\"kksr-icon\" style=\"width: 24px; height: 24px;\"><\/div>         <\/div>             <div class=\"kksr-star\" style=\"padding-right: 5px\">               <div class=\"kksr-icon\" style=\"width: 24px; height: 24px;\"><\/div>         <\/div>     <\/div> <\/div>                   <div class=\"kksr-legend\" style=\"font-size: 19.2px;\">             4,6\/5 - (19 votes)    <\/div>     <\/div>  <p>Une machine \u00e0 broyer les branches d\u2019arbres est utilis\u00e9e pour couper les troncs et les branches d\u2019arbres en morceaux. L\u2019utilisation de d\u00e9chiqueteuses de bois peut r\u00e9duire consid\u00e9rablement le temps, la main-d\u2019\u0153uvre et le budget requis pour r\u00e9aliser les travaux forestiers. WOOD Machinery propose une vari\u00e9t\u00e9 de mod\u00e8les de broyeurs de bois industriels, qui peuvent r\u00e9pondre au bris de diff\u00e9rentes sc\u00e8nes. Bienvenue \u00e0 vous renseigner.<\/p>    <h2 class=\"wp-block-heading\">Br\u00e8ve introduction du broyeur de branches<\/h2>    <p>Le broyeur de branches de jardin est un broyeur de branches d\u00e9velopp\u00e9 par notre entreprise apr\u00e8s des ann\u00e9es d'\u00e9tudes de march\u00e9 et en r\u00e9ponse \u00e0 l'appel du service gouvernemental de protection de l'environnement. Son but est de briser en morceaux les branches fra\u00eeches ou taill\u00e9es. Convient aux projets de verdissement urbain, au jardinage ou aux travaux forestiers. \u00c0 l'heure actuelle, il existe deux modes de puissance principaux pour le travail du broyeur d'arbres, le grand mod\u00e8le utilise un moteur diesel et le petit mod\u00e8le utilise g\u00e9n\u00e9ralement un moteur \u00e0 essence.<\/p>    <h2 class=\"wp-block-heading\" id=\"h-branch-grinder-details\">D\u00e9tails du broyeur de branches<\/h2>    <div class=\"wp-block-media-text is-stacked-on-mobile\"><figure class=\"wp-block-media-text__media\"><img loading=\"lazy\" decoding=\"async\" width=\"720\" height=\"540\" src=\"https:\/\/bestcharcoalmachine.com\/wp-content\/uploads\/2021\/12\/enlarged-feeding-inlet.jpg\" alt=\"entr\u00e9e d&#039;alimentation \u00e9largie\" class=\"wp-image-2611 size-full\"\/><\/figure><div class=\"wp-block-media-text__content\"> <p>Le port d'alimentation de notre broyeur de branches d'arbres a \u00e9t\u00e9 agrandi, par cons\u00e9quent, des branches de grand volume peuvent \u00e9galement \u00eatre facilement introduites dans la machine de broyage de branches.<\/p> <\/div><\/div>    <div class=\"wp-block-media-text has-media-on-the-right is-stacked-on-mobile\"><figure class=\"wp-block-media-text__media\"><img loading=\"lazy\" decoding=\"async\" width=\"720\" height=\"540\" src=\"https:\/\/bestcharcoalmachine.com\/wp-content\/uploads\/2021\/12\/forced-feed-rollers.jpg\" alt=\"rouleaux \u00e0 alimentation forc\u00e9e\" class=\"wp-image-2612 size-full\"\/><\/figure><div class=\"wp-block-media-text__content\"> <p>Le port d'alimentation est \u00e9quip\u00e9 d'un rouleau d'alimentation forc\u00e9, ce qui facilite grandement l'op\u00e9ration d'alimentation.<\/p> <\/div><\/div>    <div class=\"wp-block-media-text is-stacked-on-mobile\"><figure class=\"wp-block-media-text__media\"><img loading=\"lazy\" decoding=\"async\" width=\"720\" height=\"540\" src=\"https:\/\/bestcharcoalmachine.com\/wp-content\/uploads\/2021\/12\/cutting-blades-1.jpg\" alt=\"lames de coupe\" class=\"wp-image-2624 size-full\"\/><\/figure><div class=\"wp-block-media-text__content\"> <p> Les lames de coupe de la machine de broyage de branches d'arbres \u00e0 l'int\u00e9rieur du pulv\u00e9risateur sont en acier au mangan\u00e8se, tranchantes et r\u00e9sistantes \u00e0 l'usure, ce qui peut am\u00e9liorer l'efficacit\u00e9 du pulv\u00e9risateur. <\/p> <\/div><\/div>    <div class=\"wp-block-media-text has-media-on-the-right is-stacked-on-mobile\"><figure class=\"wp-block-media-text__media\"><img loading=\"lazy\" decoding=\"async\" width=\"720\" height=\"540\" src=\"https:\/\/bestcharcoalmachine.com\/wp-content\/uploads\/2021\/12\/belts.jpg\" alt=\"ceintures\" class=\"wp-image-2629 size-full\"\/><\/figure><div class=\"wp-block-media-text__content\"> <p>La d\u00e9chiqueteuse de bois industrielle est \u00e9quip\u00e9e d'une transmission multi-courroies, la conversion de puissance est donc suffisante et l'efficacit\u00e9 du travail est \u00e9lev\u00e9e.<\/p> <\/div><\/div>    <div class=\"wp-block-media-text is-stacked-on-mobile\"><figure class=\"wp-block-media-text__media\"><img loading=\"lazy\" decoding=\"async\" width=\"720\" height=\"540\" src=\"https:\/\/bestcharcoalmachine.com\/wp-content\/uploads\/2021\/12\/night-work-lights.jpg\" alt=\"lumi\u00e8re\" class=\"wp-image-2625 size-full\"\/><\/figure><div class=\"wp-block-media-text__content\"> <p>La veilleuse rend les op\u00e9rations nocturnes plus s\u00fbres et plus pratiques<\/p> <\/div><\/div>    <h2 class=\"wp-block-heading\" id=\"h-raw-materials-of-industrial-wood-chipper\">Mati\u00e8res premi\u00e8res de la d\u00e9chiqueteuse de bois industrielle<\/h2>    <p> Les broyeurs de branches sont principalement utilis\u00e9s pour broyer diverses branches et feuilles coup\u00e9es sur divers arbres. Ces branches fra\u00eeches contiennent beaucoup d\u2019eau, elles seront donc plus molles. Les branches et feuilles broy\u00e9es peuvent \u00eatre utilis\u00e9es comme paillis, sommier de jardin, engrais organique, etc. <\/p>    <figure class=\"wp-block-image aligncenter size-full\"><img loading=\"lazy\" decoding=\"async\" width=\"720\" height=\"540\" src=\"https:\/\/bestcharcoalmachine.com\/wp-content\/uploads\/2021\/12\/raw-materials-of-tree-branch-crusher-machine.jpg\" alt=\"mati\u00e8res premi\u00e8res de la machine de broyeur de branches d&#039;arbre\" class=\"wp-image-2631\"\/><figcaption>mati\u00e8res premi\u00e8res de la machine de broyeur de branches d'arbre<\/figcaption><\/figure>    <p class=\"translation-block\"> Diff\u00e9rent de la <a href=\"https:\/\/bestcharcoalmachine.com\/fr\/wood-working-equipment\/wood-crusher-machine\/\">concasseuse de bois<\/a>, la machine broyeuse de branches broie principalement des branches fra\u00eeches qui contiennent de l\u2019humidit\u00e9. Les d\u00e9chiqueteuses de bois se chargent de b\u00fbches relativement s\u00e8ches. <\/p>    <h2 class=\"wp-block-heading\" id=\"h-branch-crusher-application-field\">Domaine d'application du broyeur de branches<\/h2>    <figure class=\"wp-block-gallery has-nested-images columns-default is-cropped wp-block-gallery-2 is-layout-flex wp-block-gallery-is-layout-flex\"> <figure class=\"wp-block-image size-large\"><img loading=\"lazy\" decoding=\"async\" width=\"720\" height=\"540\" data-id=\"2617\" src=\"https:\/\/bestcharcoalmachine.com\/wp-content\/uploads\/2021\/12\/community-gardening.jpg\" alt=\"jardinage communautaire\" class=\"wp-image-2617\"\/><figcaption>jardinage communautaire<\/figcaption><\/figure>    <figure class=\"wp-block-image size-large\"><img loading=\"lazy\" decoding=\"async\" width=\"720\" height=\"540\" data-id=\"2618\" src=\"https:\/\/bestcharcoalmachine.com\/wp-content\/uploads\/2021\/12\/golf-course.jpg\" alt=\"terrain de golf\" class=\"wp-image-2618\"\/><figcaption>terrain de golf<\/figcaption><\/figure>    <figure class=\"wp-block-image size-large\"><img loading=\"lazy\" decoding=\"async\" width=\"720\" height=\"540\" data-id=\"2619\" src=\"https:\/\/bestcharcoalmachine.com\/wp-content\/uploads\/2021\/12\/road-tree-maintenance.jpg\" alt=\"entretien des arbres routiers\" class=\"wp-image-2619\"\/><figcaption>entretien des arbres routiers<\/figcaption><\/figure> <\/figure>    <figure class=\"wp-block-gallery has-nested-images columns-default is-cropped wp-block-gallery-3 is-layout-flex wp-block-gallery-is-layout-flex\"> <figure class=\"wp-block-image size-large\"><img loading=\"lazy\" decoding=\"async\" width=\"720\" height=\"540\" data-id=\"2620\" src=\"https:\/\/bestcharcoalmachine.com\/wp-content\/uploads\/2021\/12\/bamboo-forest.jpg\" alt=\"\" class=\"wp-image-2620\"\/><figcaption>for\u00eat de bambous<\/figcaption><\/figure>    <figure class=\"wp-block-image size-large\"><img loading=\"lazy\" decoding=\"async\" width=\"720\" height=\"540\" data-id=\"2622\" src=\"https:\/\/bestcharcoalmachine.com\/wp-content\/uploads\/2021\/12\/biomass-power-generation.jpg\" alt=\"production d&#039;\u00e9nergie \u00e0 partir de biomasse\" class=\"wp-image-2622\"\/><figcaption>production d'\u00e9nergie \u00e0 partir de biomasse<\/figcaption><\/figure>    <figure class=\"wp-block-image size-large\"><img loading=\"lazy\" decoding=\"async\" width=\"720\" height=\"540\" data-id=\"2621\" src=\"https:\/\/bestcharcoalmachine.com\/wp-content\/uploads\/2021\/12\/orchards.jpg\" alt=\"vergers\" class=\"wp-image-2621\"\/><figcaption>vergers<\/figcaption><\/figure> <\/figure>    <p>La machine de broyage de branches d'arbres convient au d\u00e9chiquetage d'\u00e9corce, de feuilles, de branches humides, de bandes de bois, de poteaux de bambou, de feuilles de bambou, de petites branches et d'autres mat\u00e9riaux, et la granularit\u00e9 de sortie est r\u00e9glable. Ce broyeur de branches convient aux \u00e9quipements industriels sp\u00e9ciaux tels que les jardins, les vergers, l'entretien des arbres routiers, les parcs et le verdissement des communaut\u00e9s.<\/p>    <h2 class=\"wp-block-heading\" id=\"h-necessity-of-tree-branch-crusher-machine\">N\u00e9cessit\u00e9 d'une machine de broyage de branches d'arbres<\/h2>    <p class=\"translation-block\">L\u2019<a href=\"https:\/\/bestcharcoalmachine.com\/fr\/news\/the-branch-shredder-turns-waste-branches-into-treasures\/\">utilisation d\u2019un broyeur de branches<\/a> est vaste. Pour faire fonctionner une ferme\/ verger, il est n\u00e9cessaire de tailler les branches us\u00e9es des arbres r\u00e9guli\u00e8rement. Les arbres de rue en ville et les plantes dans les parcs n\u00e9cessitent \u00e9galement une taille r\u00e9guli\u00e8re.<\/p>    <p>Dans le pass\u00e9, en raison de l'indiff\u00e9rence de la conscience de la protection de l'environnement, les gens pouvaient directement br\u00fbler les branches et les feuilles taill\u00e9es. Cependant, avec la d\u00e9t\u00e9rioration de l\u2019environnement et l\u2019am\u00e9lioration de la conscience environnementale des gens, les gens utiliseront un broyeur de branches pour briser et briser les branches taill\u00e9es. La sciure de bois ult\u00e9rieure peut \u00eatre utilis\u00e9e comme engrais organique naturel lorsqu'elle est dispers\u00e9e dans l'espace vert, et elle peut \u00e9galement am\u00e9liorer la capacit\u00e9 de stockage de l'eau du sol.<\/p>    <p>Apr\u00e8s concassage, il peut \u00eatre utilis\u00e9 comme paillis, sommier de jardin, engrais organique, champignon comestible, production d'\u00e9nergie biomasse, et peut \u00e9galement \u00eatre utilis\u00e9 dans la production de panneaux haute densit\u00e9, de panneaux de particules, d'industrie du papier, etc.<\/p>    <h2 class=\"wp-block-heading\">Caract\u00e9ristiques de la d\u00e9chiqueteuse \u00e0 bois industrielle<\/h2>    <ol class=\"wp-block-list\"><li>Le broyeur de verdissement des routes est \u00e9quip\u00e9 d'un dispositif de traction qui peut \u00eatre connect\u00e9 au v\u00e9hicule de transport avant, ce qui est pratique \u00e0 d\u00e9placer. Les d\u00e9bris d\u00e9charg\u00e9s du port de d\u00e9chargement peuvent \u00eatre directement collect\u00e9s sur le camion de transport.<\/li><li>La machine de broyage de marque d'arbres a une large gamme d'applications et convient aux paysages tels que les jardins, le verdissement des routes urbaines et le traitement des d\u00e9chets de bois dans les fermes foresti\u00e8res.<\/li><li>La d\u00e9chiqueteuse \u00e0 bois est robuste et durable, a une longue dur\u00e9e de vie et est facile \u00e0 utiliser lors de son utilisation. Il peut \u00eatre utilis\u00e9 par les salari\u00e9s gr\u00e2ce \u00e0 une simple formation.<\/li><\/ol>    <figure class=\"wp-block-gallery has-nested-images columns-default is-cropped wp-block-gallery-4 is-layout-flex wp-block-gallery-is-layout-flex\"> <figure class=\"wp-block-image size-large\"><img loading=\"lazy\" decoding=\"async\" width=\"720\" height=\"540\" data-id=\"2626\" src=\"https:\/\/bestcharcoalmachine.com\/wp-content\/uploads\/2021\/12\/large-size-branch-crusher-machine.jpg\" alt=\"\" class=\"wp-image-2626\"\/><figcaption>machine de broyeur de branche d'arbre de grande taille<\/figcaption><\/figure>    <figure class=\"wp-block-image size-large\"><img loading=\"lazy\" decoding=\"async\" width=\"720\" height=\"540\" data-id=\"2627\" src=\"https:\/\/bestcharcoalmachine.com\/wp-content\/uploads\/2021\/12\/branch-crusher.jpg\" alt=\"petit concasseur de branches d&#039;essence\" class=\"wp-image-2627\"\/><figcaption>petit concasseur de branches d'essence<\/figcaption><\/figure> <\/figure>    <h2 class=\"wp-block-heading\" id=\"h-diesel-engine-branch-crusher-parameters\">Param\u00e8tres du broyeur de branches de moteur diesel<\/h2>    <figure class=\"wp-block-table\"><table><tbody><tr><td>Mod\u00e8le<\/td><td>WD-6130<\/td><td>WD-6145<\/td><\/tr><tr><td>Diam\u00e8tre de la roue \u00e0 rouleaux<\/td><td>300 mm<\/td><td>500 mm<\/td><\/tr><tr><td>R\u00e9partition du pouvoir<\/td><td>Moteur diesel 32 CV<\/td><td>R4105ZP diesel<\/td><\/tr><tr><td>Vitesse de l'h\u00f4te<\/td><td>2200 tr\/min<\/td><td>1800 tr\/min<\/td><\/tr><tr><td>Nombre de lames<\/td><td>4 pi\u00e8ces<\/td><td>7 pi\u00e8ces<\/td><\/tr><tr><td>Longueur de la lame<\/td><td>300 mm<\/td><td>230 mm<\/td><\/tr><tr><td>Diam\u00e8tre du rouleau d'alimentation<\/td><td>280mm<\/td><td>600 mm<\/td><\/tr><tr><td>Puissance du g\u00e9n\u00e9rateur<\/td><td>600w<\/td><td>600w<\/td><\/tr><tr><td>Capacit\u00e9<\/td><td>1-2 t\/h<\/td><td>3-5 t\/h<\/td><\/tr><\/tbody><\/table><\/figure>    <p>Les mod\u00e8les ci-dessus peuvent \u00eatre personnalis\u00e9s selon les besoins des utilisateurs.<\/p>    <h2 class=\"wp-block-heading\" id=\"h-small-size-gasoline-branch-chipper-parameters\">Param\u00e8tres du broyeur \u00e0 essence de petite taille<\/h2>    <figure class=\"wp-block-table\"><table><tbody><tr><td>Mod\u00e8le<\/td><td>WD-160<\/td><td>WD-365<\/td><\/tr><tr><td>Diam\u00e8tre de branche cass\u00e9e<\/td><td>1-6 cm<\/td><td>1-10 cm<\/td><\/tr><tr><td>Vitesse ext\u00e9rieure<\/td><td>2800 tr\/min<\/td><td>2800 tr\/min<\/td><\/tr><tr><td>Puissance de sortie <\/td><td>7,5 CV\/3 600 tr\/min<\/td><td>13 CV\/3600 tr\/min <\/td><\/tr><tr><td>Capacit\u00e9 du r\u00e9servoir<\/td><td>3,6 L<\/td><td>6,5L<\/td><\/tr><tr><td>Capacit\u00e9 du syst\u00e8me d'huile moteur<\/td><td>1,1L<\/td><td>1,1L<\/td><\/tr><tr><td>Type de carburant<\/td><td>92#<\/td><td>92#<\/td><\/tr><\/tbody><\/table><\/figure>    <p>Les mod\u00e8les ci-dessus peuvent \u00eatre personnalis\u00e9s selon les besoins des utilisateurs.<\/p>    <h2 class=\"wp-block-heading\" id=\"h-tree-branch-crusher-machine-display\">Affichage de la machine de broyage de branches d'arbre<\/h2>    <figure class=\"wp-block-gallery has-nested-images columns-default is-cropped wp-block-gallery-5 is-layout-flex wp-block-gallery-is-layout-flex\"> <figure class=\"wp-block-image size-large\"><img loading=\"lazy\" decoding=\"async\" width=\"720\" height=\"540\" data-id=\"2632\" src=\"https:\/\/bestcharcoalmachine.com\/wp-content\/uploads\/2021\/12\/branch-crusher-1.jpg\" alt=\"broyeur de branches\" class=\"wp-image-2632\"\/><figcaption>broyeur de branches de moteur diesel<\/figcaption><\/figure>    <figure class=\"wp-block-image size-large\"><img loading=\"lazy\" decoding=\"async\" width=\"720\" height=\"540\" data-id=\"2633\" src=\"https:\/\/bestcharcoalmachine.com\/wp-content\/uploads\/2021\/12\/tree-branch-crusher.jpg\" alt=\"broyeur de branches d&#039;arbre\" class=\"wp-image-2633\"\/><figcaption>broyeur de branches d'arbre \u00e0 moteur diesel<\/figcaption><\/figure> <\/figure>    <figure class=\"wp-block-gallery has-nested-images columns-default is-cropped wp-block-gallery-6 is-layout-flex wp-block-gallery-is-layout-flex\"> <figure class=\"wp-block-image size-large\"><img loading=\"lazy\" decoding=\"async\" width=\"720\" height=\"540\" data-id=\"2634\" src=\"https:\/\/bestcharcoalmachine.com\/wp-content\/uploads\/2021\/12\/wood-crushers.jpg\" alt=\"\" class=\"wp-image-2634\"\/><figcaption>concasseurs de bois \u00e0 moteur diesel<\/figcaption><\/figure>    <figure class=\"wp-block-image size-large\"><img loading=\"lazy\" decoding=\"async\" width=\"720\" height=\"540\" data-id=\"2614\" src=\"https:\/\/bestcharcoalmachine.com\/wp-content\/uploads\/2021\/12\/small-type-diesel-engine-crusher-1.jpg\" alt=\"concasseur \u00e0 moteur diesel de petit type\" class=\"wp-image-2614\"\/><figcaption>concasseur \u00e0 moteur \u00e0 essence de petit type<\/figcaption><\/figure> <\/figure>","protected":false},"excerpt":{"rendered":"<p>A tree branch crusher machine is used to cut tree trunks and branches into pieces. The use of wood chippers can significantly reduce the time, manpower, and budget required to complete forestry work. WOOD machinery has a variety of models of industrial wood shredders, which can meet the smashing of different scenes. Welcome to inquire. [&hellip;]<\/p>\n","protected":false},"author":1,"featured_media":2307,"parent":0,"template":"","tags":[],"product-type":[51],"class_list":["post-2292","product","type-product","status-publish","has-post-thumbnail","hentry","product-type-wood-working-equipment"],"_links":{"self":[{"href":"https:\/\/bestcharcoalmachine.com\/fr\/wp-json\/wp\/v2\/product\/2292","targetHints":{"allow":["GET"]}}],"collection":[{"href":"https:\/\/bestcharcoalmachine.com\/fr\/wp-json\/wp\/v2\/product"}],"about":[{"href":"https:\/\/bestcharcoalmachine.com\/fr\/wp-json\/wp\/v2\/types\/product"}],"author":[{"embeddable":true,"href":"https:\/\/bestcharcoalmachine.com\/fr\/wp-json\/wp\/v2\/users\/1"}],"wp:featuredmedia":[{"embeddable":true,"href":"https:\/\/bestcharcoalmachine.com\/fr\/wp-json\/wp\/v2\/media\/2307"}],"wp:attachment":[{"href":"https:\/\/bestcharcoalmachine.com\/fr\/wp-json\/wp\/v2\/media?parent=2292"}],"wp:term":[{"taxonomy":"post_tag","embeddable":true,"href":"https:\/\/bestcharcoalmachine.com\/fr\/wp-json\/wp\/v2\/tags?post=2292"},{"taxonomy":"product-type","embeddable":true,"href":"https:\/\/bestcharcoalmachine.com\/fr\/wp-json\/wp\/v2\/product-type?post=2292"}],"curies":[{"name":"wp","href":"https:\/\/api.w.org\/{rel}","templated":true}]}}