{"id":1741,"date":"2021-12-24T03:17:46","date_gmt":"2021-12-24T03:17:46","guid":{"rendered":"https:\/\/bestcharcoalmachine.com\/?p=1741"},"modified":"2022-03-02T09:59:44","modified_gmt":"2022-03-02T09:59:44","slug":"compound-coal-crusher","status":"publish","type":"product","link":"https:\/\/bestcharcoalmachine.com\/fr\/product\/compound-coal-crusher\/","title":{"rendered":"Concasseur De Charbon Compos\u00e9 | Pulv\u00e9risateur de charbon vertical"},"content":{"rendered":"<div class=\"kk-star-ratings kksr-auto kksr-align-left kksr-valign-top\"     data-payload='{&quot;align&quot;:&quot;left&quot;,&quot;id&quot;:&quot;1741&quot;,&quot;slug&quot;:&quot;default&quot;,&quot;valign&quot;:&quot;top&quot;,&quot;ignore&quot;:&quot;&quot;,&quot;reference&quot;:&quot;auto&quot;,&quot;class&quot;:&quot;&quot;,&quot;count&quot;:&quot;26&quot;,&quot;legendonly&quot;:&quot;&quot;,&quot;readonly&quot;:&quot;&quot;,&quot;score&quot;:&quot;4.8&quot;,&quot;starsonly&quot;:&quot;&quot;,&quot;best&quot;:&quot;5&quot;,&quot;gap&quot;:&quot;5&quot;,&quot;greet&quot;:&quot;Rate this product&quot;,&quot;legend&quot;:&quot;4.8\\\/5 - (26 votes)&quot;,&quot;size&quot;:&quot;24&quot;,&quot;title&quot;:&quot;Compound Coal Crusher | Vertical Coal Pulverizer&quot;,&quot;width&quot;:&quot;136.7&quot;,&quot;_legend&quot;:&quot;{score}\\\/{best} - ({count} {votes})&quot;,&quot;font_factor&quot;:&quot;1.25&quot;}'>              <div class=\"kksr-stars\">      <div class=\"kksr-stars-inactive\">             <div class=\"kksr-star\" data-star=\"1\" style=\"padding-right: 5px\">               <div class=\"kksr-icon\" style=\"width: 24px; height: 24px;\"><\/div>         <\/div>             <div class=\"kksr-star\" data-star=\"2\" style=\"padding-right: 5px\">               <div class=\"kksr-icon\" style=\"width: 24px; height: 24px;\"><\/div>         <\/div>             <div class=\"kksr-star\" data-star=\"3\" style=\"padding-right: 5px\">               <div class=\"kksr-icon\" style=\"width: 24px; height: 24px;\"><\/div>         <\/div>             <div class=\"kksr-star\" data-star=\"4\" style=\"padding-right: 5px\">               <div class=\"kksr-icon\" style=\"width: 24px; height: 24px;\"><\/div>         <\/div>             <div class=\"kksr-star\" data-star=\"5\" style=\"padding-right: 5px\">               <div class=\"kksr-icon\" style=\"width: 24px; height: 24px;\"><\/div>         <\/div>     <\/div>      <div class=\"kksr-stars-active\" style=\"width: 136.7px;\">             <div class=\"kksr-star\" style=\"padding-right: 5px\">               <div class=\"kksr-icon\" style=\"width: 24px; height: 24px;\"><\/div>         <\/div>             <div class=\"kksr-star\" style=\"padding-right: 5px\">               <div class=\"kksr-icon\" style=\"width: 24px; height: 24px;\"><\/div>         <\/div>             <div class=\"kksr-star\" style=\"padding-right: 5px\">               <div class=\"kksr-icon\" style=\"width: 24px; height: 24px;\"><\/div>         <\/div>             <div class=\"kksr-star\" style=\"padding-right: 5px\">               <div class=\"kksr-icon\" style=\"width: 24px; height: 24px;\"><\/div>         <\/div>             <div class=\"kksr-star\" style=\"padding-right: 5px\">               <div class=\"kksr-icon\" style=\"width: 24px; height: 24px;\"><\/div>         <\/div>     <\/div> <\/div>                   <div class=\"kksr-legend\" style=\"font-size: 19.2px;\">             4,8\/5 - (26 votes)    <\/div>     <\/div>  <p class=\"translation-block\">Le concasseur de charbon composite est \u00e9galement connu sous le nom de pulv\u00e9risateur de charbon vertical. Le concasseur de charbon est un nouveau type d'\u00e9quipement industriel lanc\u00e9 en r\u00e9ponse \u00e0 la situation actuelle de la <a href=\"https:\/\/bestcharcoalmachine.com\/fr\/product\/coal-briquettes-production-line\/attachment\/coal-briquettes-production-line\/\">centrale \u00e0 charbon<\/a>. Son rendement \u00e9lev\u00e9 et sa faible consommation sont ses caract\u00e9ristiques exceptionnelles. Le fuselage est fabriqu\u00e9 \u00e0 partir de mat\u00e9riaux r\u00e9sistants \u00e0 l'usure avec une longue dur\u00e9e de vie et une large gamme de mat\u00e9riaux de concassage, tels que le charbon, le schiste bitumineux, le laitier et d'autres mat\u00e9riaux, qui sont appr\u00e9ci\u00e9s par de nombreux fabricants.<\/p>    <h2 class=\"wp-block-heading\">Br\u00e8ve introduction du pulv\u00e9risateur de charbon vertical<\/h2>    <p>Le broyeur de charbon compos\u00e9 est principalement utilis\u00e9 dans les centrales \u00e0 charbon, les mines de charbon, les centrales \u00e9lectriques et autres usines qui traitent le charbon. Il s'agit d'un nouveau type d'\u00e9quipement de concassage adapt\u00e9 au concassage et au traitement de mat\u00e9riaux pr\u00e9sentant une humidit\u00e9 et une viscosit\u00e9 plus \u00e9lev\u00e9es. Le pulv\u00e9risateur vertical peut broyer du charbon, du minerai, de la roche ou d'autres mat\u00e9riaux moyennement durs secs ou contenant moins d'humidit\u00e9 que 20%. Le broyeur de charbon est de structure simple et facile \u00e0 utiliser. La poudre de charbon broy\u00e9e peut \u00eatre soit plac\u00e9e dans une machine \u00e0 briquettes en nid d'abeilles pour le formage, soit une machine \u00e0 briquettes peut \u00eatre utilis\u00e9e pour fabriquer des briquettes.<\/p>    <div class=\"wp-block-image\"><figure class=\"aligncenter size-full\"><img loading=\"lazy\" decoding=\"async\" width=\"720\" height=\"540\" src=\"https:\/\/bestcharcoalmachine.com\/wp-content\/uploads\/2021\/12\/coal-crusher-2.jpg\" alt=\"\" class=\"wp-image-2911\"\/><\/figure><\/div>    <h2 class=\"wp-block-heading\" id=\"h-application-of-compound-coal-crusher\">Application du broyeur de charbon compos\u00e9<\/h2>    <p class=\"translation-block\">Ses performances ont atteint le niveau avanc\u00e9 national, utilis\u00e9es pour le concassage de divers minerais moyennement durs, et peuvent \u00eatre largement utilis\u00e9es dans les industries mini\u00e8re, m\u00e9tallurgique, r\u00e9fractaire, cimenti\u00e8re, charbonni\u00e8re, verri\u00e8re, c\u00e9ramique, \u00e9lectrique, etc. Sa r\u00e9sistance \u00e0 la compression n'exc\u00e8de pas 140 MPa et son humidit\u00e9 n'exc\u00e8de pas 15%. Dans la <a href=\"https:\/\/bestcharcoalmachine.com\/fr\/coal-briquette-processing-plant\/\">ligne de production de briquettes de charbon<\/a>, les machines WOOD \u00e9quipent des pulv\u00e9risateurs de charbon pour concasser le charbon.<\/p>    <div class=\"wp-block-image\"><figure class=\"aligncenter size-full\"><img decoding=\"async\" src=\"https:\/\/bestcharcoalmachine.com\/wp-content\/uploads\/2021\/12\/application-of-compound-coal-crusher.jpg\" alt=\"application du broyeur de charbon compos\u00e9\" class=\"wp-image-1766\"\/><figcaption>application du broyeur de charbon compos\u00e9<\/figcaption><\/figure><\/div>    <h2 class=\"wp-block-heading\" id=\"h-advantages-of-vertical-coal-pulverizer\">Avantages du pulv\u00e9risateur de charbon vertical<\/h2>    <ul class=\"wp-block-list\"><li>La taille des particules de sortie du broyeur compos\u00e9 peut \u00eatre ajust\u00e9e arbitrairement, son rapport de concassage est grand et l'efficacit\u00e9 de concassage est \u00e9lev\u00e9e.<\/li><li>Le mat\u00e9riau apr\u00e8s le broyeur de charbon a une teneur \u00e9lev\u00e9e en humidit\u00e9, de sorte que le mat\u00e9riau avec une forte teneur en boue ne doit pas \u00eatre bloqu\u00e9.<\/li><li>Les pi\u00e8ces d'usure du broyeur de charbon compos\u00e9 sont constitu\u00e9es de mat\u00e9riaux en alliage multi-\u00e9l\u00e9ments de haute duret\u00e9 et de haute t\u00e9nacit\u00e9, la machine est r\u00e9sistante \u00e0 l'usure et la dur\u00e9e de vie est augment\u00e9e de 2 \u00e0 3 fois.<\/li><li>La consommation d'\u00e9nergie et la consommation \u00e9lectrique du pulv\u00e9risateur de charbon vertical sont tr\u00e8s faibles, l'efficacit\u00e9 de la production est \u00e9lev\u00e9e, les \u00e9conomies d'\u00e9nergie et le co\u00fbt de production total sont ultra faibles.<\/li><\/ul>    <div class=\"wp-block-image\"><figure class=\"aligncenter size-full\"><img loading=\"lazy\" decoding=\"async\" width=\"720\" height=\"540\" src=\"https:\/\/bestcharcoalmachine.com\/wp-content\/uploads\/2021\/12\/coal-crusher.jpg\" alt=\"\" class=\"wp-image-1870\" srcset=\"https:\/\/bestcharcoalmachine.com\/wp-content\/uploads\/2021\/12\/coal-crusher.jpg 720w, https:\/\/bestcharcoalmachine.com\/wp-content\/uploads\/2021\/12\/coal-crusher-300x225.jpg 300w\" sizes=\"auto, (max-width: 720px) 100vw, 720px\" \/><\/figure><\/div>    <div class=\"wp-block-image\"><figure class=\"aligncenter size-full is-resized\"><img loading=\"lazy\" decoding=\"async\" src=\"https:\/\/bestcharcoalmachine.com\/wp-content\/uploads\/2021\/12\/compound-coal-crusher-in-our-factory.jpg\" alt=\"broyeur de charbon compos\u00e9 dans notre usine\" class=\"wp-image-1745\" width=\"720\" height=\"540\"\/><figcaption>broyeur de charbon compos\u00e9 dans notre usine<\/figcaption><\/figure><\/div>    <h2 class=\"wp-block-heading\" id=\"h-technical-parameters-of-compound-coal-pulverizer\">Param\u00e8tres techniques du pulv\u00e9risateur de charbon compos\u00e9<\/h2>    <figure class=\"wp-block-table\"><table><tbody><tr><td>Taper<\/td><td>WD-CC800<\/td><td>WD-CC1000<\/td><td>WD-CC1250<\/td><td>WD-CC1500<\/td><td>WD-CC1750<\/td><\/tr><tr><td>Diam\u00e8tre de la roue \uff08mm)<\/td><td>650<\/td><td>800<\/td><td>1000<\/td><td>1250<\/td><td>1560<\/td><\/tr><tr><td>Hauteur du cylindre (mm)<\/td><td>800<\/td><td>850<\/td><td>850<\/td><td>1000<\/td><td>1410<\/td><\/tr><tr><td>Vitesse de broche (tr\/min)<\/td><td>1350<\/td><td>970<\/td><td>740<\/td><td>650<\/td><td>600<\/td><\/tr><tr><td>taille de la mati\u00e8re premi\u00e8re (mm)<\/td><td>50<\/td><td>70<\/td><td>100<\/td><td>100<\/td><td>100<\/td><\/tr><tr><td>Taille de d\u00e9charge (mm)<\/td><td>0-5<\/td><td> 0-5 <\/td><td> 0-5 <\/td><td> 0-5 <\/td><td> 0-5 <\/td><\/tr><tr><td>Capacit\u00e9 de traitement (t\/h)<\/td><td>5-15<\/td><td>10-30<\/td><td>20-60<\/td><td>30-80<\/td><td>40-100<\/td><\/tr><tr><td>Puissance du moteur (kw)<\/td><td>30<\/td><td>50<\/td><td>75<\/td><td>110<\/td><td>132<\/td><\/tr><tr><td>Poids (t)<\/td><td>2.3<\/td><td>4.5<\/td><td>9.73<\/td><td>18.1<\/td><td>26.61<\/td><\/tr><\/tbody><\/table><\/figure>    <p>De mani\u00e8re g\u00e9n\u00e9rale, la taille plus petite est plus appr\u00e9ci\u00e9e en raison de son bon prix. Mais la grande centrale \u00e0 charbon pr\u00e9f\u00e8re le WD-CC1500 pour sa grande capacit\u00e9.<\/p>    <h2 class=\"wp-block-heading\">Application de pulv\u00e9risateur de charbon dans la ligne de production de briquettes de charbon<\/h2>    <p class=\"translation-block\">La mati\u00e8re premi\u00e8re de la <a href=\"https:\/\/bestcharcoalmachine.com\/fr\/product\/coal-briquettes-production-line\/attachment\/coal-briquettes-production-line\/\">ligne de production de briquettes de charbon<\/a> est de la poudre de charbon finement broy\u00e9e. Ainsi, la premi\u00e8re \u00e9tape de la production consiste \u00e0 utiliser un concasseur de charbon composite pour d\u00e9chiqueter le charbon. Avant le formage, le charbon pulv\u00e9ris\u00e9 doit \u00eatre m\u00e9lang\u00e9 avec le liant et l'eau selon un certain rapport, ce qui peut augmenter la viscosit\u00e9 des briquettes et aider le charbon pulv\u00e9ris\u00e9 \u00e0 mieux se former.<\/p>    <p>L'\u00e9quipement connexe du broyeur de charbon compos\u00e9 comprend une presse \u00e0 billes de charbon et une presse \u00e0 briquettes en nid d'abeille.<\/p>    <div class=\"wp-block-media-text is-stacked-on-mobile\"><figure class=\"wp-block-media-text__media\"><img loading=\"lazy\" decoding=\"async\" width=\"720\" height=\"540\" src=\"https:\/\/bestcharcoalmachine.com\/wp-content\/uploads\/2021\/12\/Charcoal-Ball-Press-Machine.jpg\" alt=\"Presse-boules de charbon de bois\" class=\"wp-image-1825 size-full\" srcset=\"https:\/\/bestcharcoalmachine.com\/wp-content\/uploads\/2021\/12\/Charcoal-Ball-Press-Machine.jpg 720w, https:\/\/bestcharcoalmachine.com\/wp-content\/uploads\/2021\/12\/Charcoal-Ball-Press-Machine-300x225.jpg 300w\" sizes=\"auto, (max-width: 720px) 100vw, 720px\" \/><\/figure><div class=\"wp-block-media-text__content\"> <p id=\"h-\" class=\"translation-block\">La <a href=\"https:\/\/bestcharcoalmachine.com\/fr\/charcoal-briquette-machine\/charcoal-ball-press-machine\/\">machine de pressage de boulets de charbon<\/a> est une machine de formage importante pour la poudre de charbon, qui peut les presser en diff\u00e9rentes formes, y compris rondes, en forme de coussin, carr\u00e9es, etc. <\/p>    <p id=\"h-\">Il utilise deux rouleaux pour presser la poudre de charbon pulv\u00e9ris\u00e9e pr\u00e9par\u00e9e et produit des briquettes de charbon \u00e0 haute densit\u00e9 \u00e0 haute pression. Cette machine est largement utilis\u00e9e dans l\u2019industrie charbonni\u00e8re et l\u2019industrie m\u00e9tallurgique.<\/p> <\/div><\/div>    <div class=\"wp-block-media-text has-media-on-the-right is-stacked-on-mobile\"><figure class=\"wp-block-media-text__media\"><img loading=\"lazy\" decoding=\"async\" width=\"720\" height=\"540\" src=\"https:\/\/bestcharcoalmachine.com\/wp-content\/uploads\/2021\/12\/Honeycomb-Coal-Briquette-Machine.jpg\" alt=\"Machine \u00e0 briquettes de charbon en nid d&#039;abeille\" class=\"wp-image-1993 size-full\" srcset=\"https:\/\/bestcharcoalmachine.com\/wp-content\/uploads\/2021\/12\/Honeycomb-Coal-Briquette-Machine.jpg 720w, https:\/\/bestcharcoalmachine.com\/wp-content\/uploads\/2021\/12\/Honeycomb-Coal-Briquette-Machine-300x225.jpg 300w\" sizes=\"auto, (max-width: 720px) 100vw, 720px\" \/><\/figure><div class=\"wp-block-media-text__content\"> <p class=\"translation-block\">La <a href=\"https:\/\/bestcharcoalmachine.com\/fr\/charcoal-briquette-machine\/honeycomb-coal-briquette-machine\/\">machine \u00e0 briquettes de charbon en nid d'abeille<\/a> est un \u00e9quipement de machine \u00e0 briquettes qui presse la poudre de charbon. Diverses formes peuvent \u00eatre fabriqu\u00e9es, qui comprennent principalement des formes hexagonales et en nid d'abeille.<\/p> <\/div><\/div>    <h2 class=\"wp-block-heading\" id=\"h-difference-between-charcoal-hammer-mill-and-coal-crusher\">Diff\u00e9rence entre un broyeur \u00e0 charbon et un broyeur \u00e0 charbon <\/h2>    <p class=\"translation-block\">La capacit\u00e9 du concasseur de charbon composite est sup\u00e9rieure \u00e0 celle du <a href=\"https:\/\/bestcharcoalmachine.com\/fr\/wood-working-equipment\/hammer-mill\/\">broyeur \u00e0 marteaux<\/a>, le prix est inf\u00e9rieur, ce qui convient mieux aux usines disposant d'un budget limit\u00e9. Mais s'il est utilis\u00e9 pour concasser du charbon de bois, l'effet n'est pas aussi bon que celui du broyeur \u00e0 marteaux. Par cons\u00e9quent, pour le concassage du charbon de bois, nous recommandons aux clients d'utiliser un broyeur \u00e0 marteaux, qui peut concasser le charbon de bois tr\u00e8s finement et atteindre la norme de fabrication de charbon de narguil\u00e9.<\/p>    <figure class=\"wp-block-gallery has-nested-images columns-default is-cropped wp-block-gallery-2 is-layout-flex wp-block-gallery-is-layout-flex\"> <figure class=\"wp-block-image size-large\"><img loading=\"lazy\" decoding=\"async\" width=\"720\" height=\"540\" data-id=\"2221\" src=\"https:\/\/bestcharcoalmachine.com\/wp-content\/uploads\/2021\/11\/wood-hammer-mill.jpg\" alt=\"broyeur \u00e0 marteaux en bois\" class=\"wp-image-2221\" srcset=\"https:\/\/bestcharcoalmachine.com\/wp-content\/uploads\/2021\/11\/wood-hammer-mill.jpg 720w, https:\/\/bestcharcoalmachine.com\/wp-content\/uploads\/2021\/11\/wood-hammer-mill-300x225.jpg 300w\" sizes=\"auto, (max-width: 720px) 100vw, 720px\" \/><figcaption>broyeur \u00e0 marteaux en bois<\/figcaption><\/figure>    <figure class=\"wp-block-image size-large\"><img loading=\"lazy\" decoding=\"async\" width=\"720\" height=\"540\" data-id=\"2845\" src=\"https:\/\/bestcharcoalmachine.com\/wp-content\/uploads\/2021\/12\/shisha-charcoal-1.jpg\" alt=\"charbon de chicha\" class=\"wp-image-2845\"\/><figcaption>charbon de chicha<\/figcaption><\/figure> <\/figure>","protected":false},"excerpt":{"rendered":"<p>The compound coal crusher is also known as the vertical coal pulverizer. The coal crusher is a new type of industrial equipment launched in response to the current situation of the coal plant. Its high efficiency and low consumption are its outstanding characteristics. The fuselage is made of wear-resistant materials with long service life and [&hellip;]<\/p>\n","protected":false},"author":1,"featured_media":2259,"parent":0,"template":"","tags":[],"product-type":[48],"class_list":["post-1741","product","type-product","status-publish","has-post-thumbnail","hentry","product-type-grinder-and-mixer"],"_links":{"self":[{"href":"https:\/\/bestcharcoalmachine.com\/fr\/wp-json\/wp\/v2\/product\/1741","targetHints":{"allow":["GET"]}}],"collection":[{"href":"https:\/\/bestcharcoalmachine.com\/fr\/wp-json\/wp\/v2\/product"}],"about":[{"href":"https:\/\/bestcharcoalmachine.com\/fr\/wp-json\/wp\/v2\/types\/product"}],"author":[{"embeddable":true,"href":"https:\/\/bestcharcoalmachine.com\/fr\/wp-json\/wp\/v2\/users\/1"}],"wp:featuredmedia":[{"embeddable":true,"href":"https:\/\/bestcharcoalmachine.com\/fr\/wp-json\/wp\/v2\/media\/2259"}],"wp:attachment":[{"href":"https:\/\/bestcharcoalmachine.com\/fr\/wp-json\/wp\/v2\/media?parent=1741"}],"wp:term":[{"taxonomy":"post_tag","embeddable":true,"href":"https:\/\/bestcharcoalmachine.com\/fr\/wp-json\/wp\/v2\/tags?post=1741"},{"taxonomy":"product-type","embeddable":true,"href":"https:\/\/bestcharcoalmachine.com\/fr\/wp-json\/wp\/v2\/product-type?post=1741"}],"curies":[{"name":"wp","href":"https:\/\/api.w.org\/{rel}","templated":true}]}}