{"id":1734,"date":"2021-12-23T08:41:09","date_gmt":"2021-12-23T08:41:09","guid":{"rendered":"https:\/\/bestcharcoalmachine.com\/?p=1734"},"modified":"2022-03-03T09:47:14","modified_gmt":"2022-03-03T09:47:14","slug":"box-type-charcoal-dryer","status":"publish","type":"product","link":"https:\/\/bestcharcoalmachine.com\/fr\/product\/box-type-charcoal-dryer\/","title":{"rendered":"S\u00e8che-charbon de type bo\u00eete | Machine de s\u00e9chage de briquettes de charbon de bois"},"content":{"rendered":"<div class=\"kk-star-ratings kksr-auto kksr-align-left kksr-valign-top\"     data-payload='{&quot;align&quot;:&quot;left&quot;,&quot;id&quot;:&quot;1734&quot;,&quot;slug&quot;:&quot;default&quot;,&quot;valign&quot;:&quot;top&quot;,&quot;ignore&quot;:&quot;&quot;,&quot;reference&quot;:&quot;auto&quot;,&quot;class&quot;:&quot;&quot;,&quot;count&quot;:&quot;19&quot;,&quot;legendonly&quot;:&quot;&quot;,&quot;readonly&quot;:&quot;&quot;,&quot;score&quot;:&quot;4.5&quot;,&quot;starsonly&quot;:&quot;&quot;,&quot;best&quot;:&quot;5&quot;,&quot;gap&quot;:&quot;5&quot;,&quot;greet&quot;:&quot;Rate this product&quot;,&quot;legend&quot;:&quot;4.5\\\/5 - (19 votes)&quot;,&quot;size&quot;:&quot;24&quot;,&quot;title&quot;:&quot;Box-type Charcoal Dryer | Charcoal Briquette Drying Machine&quot;,&quot;width&quot;:&quot;128&quot;,&quot;_legend&quot;:&quot;{score}\\\/{best} - ({count} {votes})&quot;,&quot;font_factor&quot;:&quot;1.25&quot;}'>              <div class=\"kksr-stars\">      <div class=\"kksr-stars-inactive\">             <div class=\"kksr-star\" data-star=\"1\" style=\"padding-right: 5px\">               <div class=\"kksr-icon\" style=\"width: 24px; height: 24px;\"><\/div>         <\/div>             <div class=\"kksr-star\" data-star=\"2\" style=\"padding-right: 5px\">               <div class=\"kksr-icon\" style=\"width: 24px; height: 24px;\"><\/div>         <\/div>             <div class=\"kksr-star\" data-star=\"3\" style=\"padding-right: 5px\">               <div class=\"kksr-icon\" style=\"width: 24px; height: 24px;\"><\/div>         <\/div>             <div class=\"kksr-star\" data-star=\"4\" style=\"padding-right: 5px\">               <div class=\"kksr-icon\" style=\"width: 24px; height: 24px;\"><\/div>         <\/div>             <div class=\"kksr-star\" data-star=\"5\" style=\"padding-right: 5px\">               <div class=\"kksr-icon\" style=\"width: 24px; height: 24px;\"><\/div>         <\/div>     <\/div>      <div class=\"kksr-stars-active\" style=\"width: 128px;\">             <div class=\"kksr-star\" style=\"padding-right: 5px\">               <div class=\"kksr-icon\" style=\"width: 24px; height: 24px;\"><\/div>         <\/div>             <div class=\"kksr-star\" style=\"padding-right: 5px\">               <div class=\"kksr-icon\" style=\"width: 24px; height: 24px;\"><\/div>         <\/div>             <div class=\"kksr-star\" style=\"padding-right: 5px\">               <div class=\"kksr-icon\" style=\"width: 24px; height: 24px;\"><\/div>         <\/div>             <div class=\"kksr-star\" style=\"padding-right: 5px\">               <div class=\"kksr-icon\" style=\"width: 24px; height: 24px;\"><\/div>         <\/div>             <div class=\"kksr-star\" style=\"padding-right: 5px\">               <div class=\"kksr-icon\" style=\"width: 24px; height: 24px;\"><\/div>         <\/div>     <\/div> <\/div>                   <div class=\"kksr-legend\" style=\"font-size: 19.2px;\">             4,5\/5 - (19 votes)    <\/div>     <\/div>  <p class=\"translation-block\">Le s\u00e9choir \u00e0 charbon de type bo\u00eete est tr\u00e8s courant dans l'industrie du charbon de bois. En g\u00e9n\u00e9ral, le s\u00e9chage et <a href=\"https:\/\/bestcharcoalmachine.com\/fr\/briquettes-packing-machine\/charcoal-briquette-packing-machine-2\/\">l'emballage<\/a> des briquettes sont les derni\u00e8res \u00e9tapes de la <a href=\"https:\/\/bestcharcoalmachine.com\/fr\/product-line\/barbecue-charcoal-production-line\/\">ligne de production de charbon<\/a>. Le processus de moulage de divers types de briquettes de charbon, comme les charbons \u00e0 chicha et les boules de charbon, n\u00e9cessite l'ajout d'une certaine proportion de liant et d'eau. Par cons\u00e9quent, le carbone \u00e0 base de biomasse fra\u00eechement produit a une teneur en humidit\u00e9 plus \u00e9lev\u00e9e et doit \u00eatre s\u00e9ch\u00e9 pour am\u00e9liorer divers indicateurs de r\u00e9sistance.<\/p>    <h2 class=\"wp-block-heading\">Application du s\u00e9choir \u00e0 charbon<\/h2>    <p>La salle de s\u00e9chage de charbon de bois de type bo\u00eete a un large \u00e9ventail d'applications et peut \u00eatre utilis\u00e9e dans de nombreux domaines tels que le charbon de bois, l'alimentation, les produits agricoles et secondaires, les fruits, les mati\u00e8res m\u00e9dicinales chinoises et les produits aquatiques. Pour les usines de transformation du charbon de bois, leurs mati\u00e8res premi\u00e8res sont toujours du charbon de narguil\u00e9, des briquettes de charbon de bois en nid d'abeille, des boules de charbon de bois pour barbecue, etc. <\/p>    <figure class=\"wp-block-gallery has-nested-images columns-default is-cropped wp-block-gallery-2 is-layout-flex wp-block-gallery-is-layout-flex\"> <figure class=\"wp-block-image size-large\"><img loading=\"lazy\" decoding=\"async\" width=\"720\" height=\"540\" data-id=\"1996\" src=\"https:\/\/bestcharcoalmachine.com\/wp-content\/uploads\/2021\/12\/honeycomb-coal-display.jpg\" alt=\"\" class=\"wp-image-1996\" srcset=\"https:\/\/bestcharcoalmachine.com\/wp-content\/uploads\/2021\/12\/honeycomb-coal-display.jpg 720w, https:\/\/bestcharcoalmachine.com\/wp-content\/uploads\/2021\/12\/honeycomb-coal-display-300x225.jpg 300w\" sizes=\"auto, (max-width: 720px) 100vw, 720px\" \/><figcaption>briquettes de charbon de bois en nid d'abeille<\/figcaption><\/figure>    <figure class=\"wp-block-image size-large\"><img loading=\"lazy\" decoding=\"async\" width=\"720\" height=\"540\" data-id=\"2844\" src=\"https:\/\/bestcharcoalmachine.com\/wp-content\/uploads\/2021\/12\/hookah-charcoal.jpg\" alt=\"charbon de narguil\u00e9\" class=\"wp-image-2844\"\/><figcaption>charbon de narguil\u00e9<\/figcaption><\/figure> <\/figure>    <figure class=\"wp-block-gallery has-nested-images columns-default is-cropped wp-block-gallery-3 is-layout-flex wp-block-gallery-is-layout-flex\"> <figure class=\"wp-block-image size-large\"><img loading=\"lazy\" decoding=\"async\" width=\"720\" height=\"540\" data-id=\"2924\" src=\"https:\/\/bestcharcoalmachine.com\/wp-content\/uploads\/2021\/12\/BBQ-charcoal-balls.jpg\" alt=\"Boules de charbon de bois pour barbecue\" class=\"wp-image-2924\"\/><figcaption>Boules de charbon de bois pour barbecue<\/figcaption><\/figure>    <figure class=\"wp-block-image size-large\"><img loading=\"lazy\" decoding=\"async\" width=\"720\" height=\"540\" data-id=\"2813\" src=\"https:\/\/bestcharcoalmachine.com\/wp-content\/uploads\/2022\/02\/charcoal-briquettes-of-hexagon-shapes1.jpg\" alt=\"briquettes de charbon de bois de forme hexagonale\" class=\"wp-image-2813\"\/><figcaption>briquettes de charbon de bois de forme hexagonale<\/figcaption><\/figure> <\/figure>    <p>En raison de la large gamme de mati\u00e8res premi\u00e8res, les transformateurs de produits alimentaires peuvent \u00e9galement s\u00e9cher les fruits et l\u00e9gumes avec ce s\u00e9choir de type bo\u00eete.<\/p>    <figure class=\"wp-block-gallery has-nested-images columns-default is-cropped wp-block-gallery-4 is-layout-flex wp-block-gallery-is-layout-flex\"> <figure class=\"wp-block-image size-large\"><img loading=\"lazy\" decoding=\"async\" width=\"720\" height=\"540\" data-id=\"2927\" src=\"https:\/\/bestcharcoalmachine.com\/wp-content\/uploads\/2021\/12\/strawberry-drying1.jpg\" alt=\"s\u00e9chage des fraises\" class=\"wp-image-2927\"\/><figcaption>s\u00e9chage des fraises<\/figcaption><\/figure>    <figure class=\"wp-block-image size-large\"><img loading=\"lazy\" decoding=\"async\" width=\"720\" height=\"540\" data-id=\"2926\" src=\"https:\/\/bestcharcoalmachine.com\/wp-content\/uploads\/2021\/12\/mongo-drying1.jpg\" alt=\"\" class=\"wp-image-2926\"\/><figcaption>s\u00e9chage du mongo<\/figcaption><\/figure> <\/figure>    <h2 class=\"wp-block-heading\" id=\"h-structures-of-box-type-charcoal-dryer\">Structures de s\u00e9choir \u00e0 charbon de bois en forme de bo\u00eete<\/h2>    <p>Le s\u00e9choir \u00e0 charbon de bois de type caisson est principalement compos\u00e9 d'un corps de caisson isolant, d'une armoire de commande, de ventilateurs, d'\u00e9tag\u00e8res, d'un conduit de ventilation, d'un syst\u00e8me de mesure de la temp\u00e9rature et de l'humidit\u00e9 et d'un dispositif de d\u00e9poussi\u00e9rage. Les panneaux muraux du caisson d'isolation thermique sont en acier color\u00e9 de 4 mm \u00e0 l'avant et \u00e0 l'arri\u00e8re et en laine de roche d'isolation thermique de 7 mm au milieu. Si le mode de chauffage est le chauffage par pompe \u00e0 chaleur, une pompe \u00e0 chaleur doit \u00eatre configur\u00e9e.<\/p>    <figure class=\"wp-block-gallery has-nested-images columns-default is-cropped wp-block-gallery-5 is-layout-flex wp-block-gallery-is-layout-flex\"> <figure class=\"wp-block-image size-large\"><img decoding=\"async\" data-id=\"1746\" src=\"https:\/\/bestcharcoalmachine.com\/wp-content\/uploads\/2021\/12\/insulation-rock-wool.jpg\" alt=\"\" class=\"wp-image-1746\"\/><figcaption>laine de roche isolante<\/figcaption><\/figure>    <figure class=\"wp-block-image size-large\"><img decoding=\"async\" data-id=\"1747\" src=\"https:\/\/bestcharcoalmachine.com\/wp-content\/uploads\/2021\/12\/shelf-of-the-drying-room.jpg\" alt=\"\u00e9tag\u00e8re de la salle de s\u00e9chage\" class=\"wp-image-1747\"\/><figcaption>\u00e9tag\u00e8re de la salle de s\u00e9chage<\/figcaption><\/figure> <\/figure>    <h2 class=\"wp-block-heading\" id=\"h-video-of-charcoal-briquette-drying-machine\">Vid\u00e9o de la machine de s\u00e9chage de briquettes de charbon de bois<\/h2>    <p>Dans cette vid\u00e9o, le s\u00e9choir \u00e0 charbon de bois traite de nombreux types de mati\u00e8res premi\u00e8res comme la f\u00e9cule de patate douce, la mangue et les briquettes de charbon de bois, ce qui montre la vaste gamme de mati\u00e8res premi\u00e8res du s\u00e9choir de type bo\u00eete.<\/p>    <figure class=\"wp-block-embed is-type-video is-provider-youtube wp-block-embed-youtube wp-embed-aspect-16-9 wp-has-aspect-ratio\"><div class=\"wp-block-embed__wrapper\"> <iframe loading=\"lazy\" title=\"S\u00e9choir \u00e0 briquettes de charbon de bois de type bo\u00eete | Machine multifonctionnelle de s\u00e9chage de charbon de bois, de fruits et de l\u00e9gumes \u00e0 vendre\" width=\"500\" height=\"281\" src=\"https:\/\/www.youtube.com\/embed\/N9lUvGFxORo?start=26&#038;feature=oembed\" frameborder=\"0\" allow=\"accelerometer; autoplay; clipboard-write; encrypted-media; gyroscope; picture-in-picture; web-share\" referrerpolicy=\"strict-origin-when-cross-origin\" allowfullscreen><\/iframe> <\/div><\/figure>    <h2 class=\"wp-block-heading\">Principe de fonctionnement de la machine de s\u00e9chage de briquettes de charbon de bois<\/h2>    <p>La m\u00e9thode de chauffage de la machine de s\u00e9chage de briquettes de charbon de bois comprend principalement la m\u00e9thode traditionnelle de combustion du charbon \u00e0 bois et la m\u00e9thode plus respectueuse de l'environnement de combustion de granul\u00e9s de bois peut \u00e9galement \u00eatre utilis\u00e9e. Bien entendu, une pompe \u00e0 chaleur peut \u00e9galement \u00eatre utilis\u00e9e pour le chauffage. R\u00e9glez diff\u00e9rentes temp\u00e9ratures selon diff\u00e9rents mat\u00e9riaux, la temp\u00e9rature maximale est de 120 degr\u00e9s Celsius, si le charbon de bois est s\u00e9ch\u00e9, la temp\u00e9rature maximale est de 70 \u00e0 80 degr\u00e9s Celsius.<\/p>    <p>L'air chaud circule en continu \u00e0 travers les tuyaux autour de la salle de s\u00e9chage et, dans la bo\u00eete de s\u00e9chage, il est chauff\u00e9 par la circulation de l'air chaud pour obtenir l'effet de s\u00e9chage des mat\u00e9riaux. La bo\u00eete de s\u00e9chage est \u00e9quip\u00e9e d'un port d'\u00e9vacuation de l'humidit\u00e9, qui peut \u00e9liminer efficacement la vapeur d'eau et assurer l'effet de s\u00e9chage.<\/p>    <figure class=\"wp-block-gallery has-nested-images columns-default is-cropped wp-block-gallery-6 is-layout-flex wp-block-gallery-is-layout-flex\"> <figure class=\"wp-block-image size-large\"><img decoding=\"async\" data-id=\"1748\" src=\"https:\/\/bestcharcoalmachine.com\/wp-content\/uploads\/2021\/12\/Charcoal-Briquette-Drying-Machine.jpg\" alt=\"machine de s\u00e9chage de briquettes de charbon de bois\" class=\"wp-image-1748\"\/><figcaption>machine de s\u00e9chage de briquettes de charbon de bois<\/figcaption><\/figure>    <figure class=\"wp-block-image size-large\"><img decoding=\"async\" data-id=\"1749\" src=\"https:\/\/bestcharcoalmachine.com\/wp-content\/uploads\/2021\/12\/Box-type-Charcoal-Dryer-1.jpg\" alt=\"s\u00e9choir \u00e0 charbon de bois en forme de bo\u00eete\" class=\"wp-image-1749\"\/><figcaption>s\u00e9choir \u00e0 charbon de bois en forme de bo\u00eete<\/figcaption><\/figure> <\/figure>    <h2 class=\"wp-block-heading\">Avantages du s\u00e9choir \u00e0 charbon de bois en forme de bo\u00eete<\/h2>    <ol class=\"wp-block-list\"><li>Le s\u00e9choir \u00e0 charbon est un \u00e9quipement intelligent int\u00e9grant la d\u00e9shumidification, le chauffage, la temp\u00e9rature des gaz d'\u00e9chappement et le contr\u00f4le de la temp\u00e9rature.<\/li><li>La conception unique de r\u00e9cup\u00e9ration de chaleur des gaz d'\u00e9chappement peut r\u00e9duire la perte de chaleur des gaz d'\u00e9chappement et l'\u00e9conomie d'\u00e9nergie globale est meilleure.<\/li><li>Le s\u00e9choir \u00e0 charbon peut moduler la temp\u00e9rature et l'humidit\u00e9 en fonction des caract\u00e9ristiques du mat\u00e9riau s\u00e9ch\u00e9, avec un haut degr\u00e9 d'intelligence.<\/li><li>Il n'est pas n\u00e9cessaire d'\u00eatre surveill\u00e9 pendant le processus de s\u00e9chage et l'unit\u00e9 s'arr\u00eatera automatiquement une fois le mat\u00e9riau s\u00e9ch\u00e9 ou la temp\u00e9rature de s\u00e9chage atteinte.<\/li><li>L'installation et la d\u00e9molition de la machine de s\u00e9chage de briquettes de charbon de bois sont tr\u00e8s pratiques, elles occupent une petite surface et peuvent \u00eatre utilis\u00e9es \u00e0 l'int\u00e9rieur et \u00e0 l'ext\u00e9rieur.<\/li><\/ol>    <h2 class=\"wp-block-heading\">Avantages du s\u00e9choir \u00e0 charbon \u00e0 pompe \u00e0 chaleur<\/h2>    <p>Les m\u00e9thodes traditionnelles de s\u00e9chage au gaz et par chaudi\u00e8re au charbon sont non seulement longues et co\u00fbteuses en main d'\u0153uvre, mais pr\u00e9sentent \u00e9galement des risques potentiels en mati\u00e8re de pollution, de s\u00e9curit\u00e9 et de s\u00e9curit\u00e9 alimentaire. Ils seront progressivement \u00e9limin\u00e9s lorsque la production verte sera privil\u00e9gi\u00e9e. De l\u00e0 est n\u00e9 le s\u00e8che-linge \u00e0 pompe \u00e0 chaleur, qui utilise une petite quantit\u00e9 d'\u00e9nergie \u00e9lectrique pour absorber la chaleur de l'air et la transf\u00e9rer vers la salle de s\u00e9chage. Les s\u00e9choirs \u00e0 pompe \u00e0 chaleur sont l'un des repr\u00e9sentants des machines utilisant de nouvelles sources d'\u00e9nergie et sont privil\u00e9gi\u00e9s par de nombreux fabricants de protection de l'environnement.<\/p>    <p>La salle de s\u00e9chage du charbon de bois par pompe \u00e0 chaleur peut atteindre un rendement \u00e9lev\u00e9 et des \u00e9conomies d'\u00e9nergie. Il suffit de consommer une petite quantit\u00e9 d'\u00e9nergie \u00e9lectrique pour absorber une grande quantit\u00e9 de chaleur dans l'air, et la consommation d'\u00e9nergie n'est que de 1\/4 de celle des s\u00e9choirs \u00e9lectriques ordinaires\u00a0; De plus, par rapport aux s\u00e9choirs au charbon, au fioul et au gaz, une salle de s\u00e9chage au charbon de bois \u00e9quip\u00e9e d'une pompe \u00e0 chaleur peut permettre d'\u00e9conomiser environ 601 TP3T de co\u00fbts d'exploitation.<\/p>    <figure class=\"wp-block-gallery has-nested-images columns-default is-cropped wp-block-gallery-7 is-layout-flex wp-block-gallery-is-layout-flex\"> <figure class=\"wp-block-image size-large\"><img decoding=\"async\" data-id=\"1750\" src=\"https:\/\/bestcharcoalmachine.com\/wp-content\/uploads\/2021\/12\/heat-pump-drying-machine.jpg\" alt=\"Machine de s\u00e9chage \u00e0 pompe \u00e0 chaleur\" class=\"wp-image-1750\"\/><figcaption>Machine de s\u00e9chage \u00e0 pompe \u00e0 chaleur<\/figcaption><\/figure>    <figure class=\"wp-block-image size-large\"><img decoding=\"async\" data-id=\"1751\" src=\"https:\/\/bestcharcoalmachine.com\/wp-content\/uploads\/2021\/12\/heat-pump-dryer.jpg\" alt=\"s\u00e8che-linge pompe \u00e0 chaleur\" class=\"wp-image-1751\"\/><figcaption>s\u00e8che-linge pompe \u00e0 chaleur<\/figcaption><\/figure> <\/figure>    <h2 class=\"wp-block-heading\" id=\"h-parameters-of-charcoal-briquette-drying-machine\">Param\u00e8tres de la machine de s\u00e9chage de briquettes de charbon de bois<\/h2>    <p>Ce sont les deux mod\u00e8les les plus vendus et sont chauff\u00e9s au bois ou au charbon. La longueur de chaque chariot est d'un m\u00e8tre, la longueur de la salle de s\u00e9chage avec 8 chariots est de 8 m\u00e8tres et chaque chariot peut contenir 10 plateaux. Par exemple, la bo\u00eete de s\u00e9chage du mod\u00e8le WD-BD 08 mesure 8 m\u00e8tres de long et peut contenir 8 chariots avec 80 plateaux.<\/p>    <figure class=\"wp-block-table\"><table><tbody><tr><td>Mod\u00e8le<\/td><td>WD-BD 08<\/td><td>WD-BD 010<\/td><\/tr><tr><td>Taille de la salle de s\u00e9chage<\/td><td>8 m*2,3 m*2,5 m<\/td><td>1mX2,3mX2,5m<\/td><\/tr><tr><td>Ventilateur de circulation<\/td><td>6 pi\u00e8ces<\/td><td>6 pi\u00e8ces<\/td><\/tr><tr><td>Ventilateur de d\u00e9shumidification<\/td><td>2 pi\u00e8ces<\/td><td>2 pi\u00e8ces<\/td><\/tr><tr><td>Chariot<\/td><td>8 pi\u00e8ces<\/td><td>10 pi\u00e8ces<\/td><\/tr><tr><td>Plateau<\/td><td>80 pi\u00e8ces<\/td><td>100 pi\u00e8ces<\/td><\/tr><\/tbody><\/table><\/figure>    <h2 class=\"wp-block-heading\" id=\"h-box-type-charcoal-dryer-shipped-to-libya\">S\u00e9choir \u00e0 charbon de bois de type bo\u00eete exp\u00e9di\u00e9 en Libye<\/h2>    <p>L\u2019usine de charbon de bois du client libyen s\u2019agrandissait et produisait de plus en plus de briquettes de charbon de bois. Le s\u00e9chage naturel ne pouvant plus r\u00e9pondre \u00e0 ses besoins, il a d\u00e9cid\u00e9 d'investir dans un s\u00e9choir pour gagner en efficacit\u00e9. <\/p>    <p class=\"translation-block\">Apr\u00e8s avoir appris l'\u00e9chelle de l'usine de charbon du client libyen, la responsable des ventes Crystal lui a recommand\u00e9 une chambre de s\u00e9chage avec une production quotidienne de 3 tonnes et une longueur de 10 m\u00e8tres, \u00e9quip\u00e9e de 100 palettes. Le <a href=\"https:\/\/bestcharcoalmachine.com\/fr\/news\/charcoal-dryer-with-daily-output-of-3-tons-shipped-to-libya\/\">cas du client libyen<\/a> est tr\u00e8s r\u00e9ussi. Les images suivantes sont les param\u00e8tres d\u00e9taill\u00e9s du s\u00e9choir achet\u00e9 par les clients libyens.<\/p>    <figure class=\"wp-block-gallery has-nested-images columns-default is-cropped wp-block-gallery-8 is-layout-flex wp-block-gallery-is-layout-flex\"> <figure class=\"wp-block-image size-large\"><img loading=\"lazy\" decoding=\"async\" width=\"540\" height=\"720\" data-id=\"2885\" src=\"https:\/\/bestcharcoalmachine.com\/wp-content\/uploads\/2022\/02\/charcoal-dryer.jpg\" alt=\"s\u00e9choir \u00e0 charbon\" class=\"wp-image-2885\"\/><figcaption>s\u00e9choir \u00e0 charbon<\/figcaption><\/figure>    <figure class=\"wp-block-image size-large\"><img loading=\"lazy\" decoding=\"async\" width=\"540\" height=\"720\" data-id=\"2888\" src=\"https:\/\/bestcharcoalmachine.com\/wp-content\/uploads\/2022\/02\/ten-pallets.jpg\" alt=\"\" class=\"wp-image-2888\"\/><\/figure>    <figure class=\"wp-block-image size-large\"><img loading=\"lazy\" decoding=\"async\" width=\"540\" height=\"720\" data-id=\"2883\" src=\"https:\/\/bestcharcoalmachine.com\/wp-content\/uploads\/2022\/02\/loading-3.jpg\" alt=\"\" class=\"wp-image-2883\"\/><\/figure> <\/figure>    <figure class=\"wp-block-gallery has-nested-images columns-default is-cropped wp-block-gallery-9 is-layout-flex wp-block-gallery-is-layout-flex\"> <figure class=\"wp-block-image size-large\"><img loading=\"lazy\" decoding=\"async\" width=\"540\" height=\"720\" data-id=\"2882\" src=\"https:\/\/bestcharcoalmachine.com\/wp-content\/uploads\/2022\/02\/Charcoal-dryer-to-Libya1.jpg\" alt=\"S\u00e9choir \u00e0 charbon en Libye\" class=\"wp-image-2882\"\/><figcaption>S\u00e9choir \u00e0 charbon en Libye<\/figcaption><\/figure>    <figure class=\"wp-block-image size-large\"><img loading=\"lazy\" decoding=\"async\" width=\"720\" height=\"540\" data-id=\"2892\" src=\"https:\/\/bestcharcoalmachine.com\/wp-content\/uploads\/2022\/02\/Charcoal-dryer-to-Libya1-1.jpg\" alt=\"S\u00e9choir \u00e0 charbon en Libye\" class=\"wp-image-2892\"\/><figcaption>S\u00e9choir \u00e0 charbon en Libye<\/figcaption><\/figure>    <figure class=\"wp-block-image size-large\"><img loading=\"lazy\" decoding=\"async\" width=\"540\" height=\"720\" data-id=\"2886\" src=\"https:\/\/bestcharcoalmachine.com\/wp-content\/uploads\/2022\/02\/charcoal-dryer-machine.jpg\" alt=\"\" class=\"wp-image-2886\"\/><figcaption>Machine \u00e0 s\u00e9cher le charbon de bois<\/figcaption><\/figure> <\/figure>","protected":false},"excerpt":{"rendered":"<p>The box-type charcoal dryer is very common in the wood charcoal industry. Usually, drying and packing briquettes are the last steps of the charcoal production line. The molding process of various types of charcoal briquettes like shisha charcoals and charcoal balls requires the addition of a certain proportion of binder and water. Therefore, the freshly [&hellip;]<\/p>\n","protected":false},"author":1,"featured_media":2242,"parent":0,"template":"","tags":[],"product-type":[49],"class_list":["post-1734","product","type-product","status-publish","has-post-thumbnail","hentry","product-type-drying-machine"],"_links":{"self":[{"href":"https:\/\/bestcharcoalmachine.com\/fr\/wp-json\/wp\/v2\/product\/1734","targetHints":{"allow":["GET"]}}],"collection":[{"href":"https:\/\/bestcharcoalmachine.com\/fr\/wp-json\/wp\/v2\/product"}],"about":[{"href":"https:\/\/bestcharcoalmachine.com\/fr\/wp-json\/wp\/v2\/types\/product"}],"author":[{"embeddable":true,"href":"https:\/\/bestcharcoalmachine.com\/fr\/wp-json\/wp\/v2\/users\/1"}],"wp:featuredmedia":[{"embeddable":true,"href":"https:\/\/bestcharcoalmachine.com\/fr\/wp-json\/wp\/v2\/media\/2242"}],"wp:attachment":[{"href":"https:\/\/bestcharcoalmachine.com\/fr\/wp-json\/wp\/v2\/media?parent=1734"}],"wp:term":[{"taxonomy":"post_tag","embeddable":true,"href":"https:\/\/bestcharcoalmachine.com\/fr\/wp-json\/wp\/v2\/tags?post=1734"},{"taxonomy":"product-type","embeddable":true,"href":"https:\/\/bestcharcoalmachine.com\/fr\/wp-json\/wp\/v2\/product-type?post=1734"}],"curies":[{"name":"wp","href":"https:\/\/api.w.org\/{rel}","templated":true}]}}