{"id":1722,"date":"2021-12-22T09:44:32","date_gmt":"2021-12-22T09:44:32","guid":{"rendered":"https:\/\/bestcharcoalmachine.com\/?p=1722"},"modified":"2022-03-07T05:51:25","modified_gmt":"2022-03-07T05:51:25","slug":"mesh-belt-dryer","status":"publish","type":"product","link":"https:\/\/bestcharcoalmachine.com\/fr\/product\/mesh-belt-dryer\/","title":{"rendered":"S\u00e9choir \u00e0 bande maill\u00e9e | Machine de s\u00e9chage de charbon de bois"},"content":{"rendered":"<div class=\"kk-star-ratings kksr-auto kksr-align-left kksr-valign-top\"     data-payload='{&quot;align&quot;:&quot;left&quot;,&quot;id&quot;:&quot;1722&quot;,&quot;slug&quot;:&quot;default&quot;,&quot;valign&quot;:&quot;top&quot;,&quot;ignore&quot;:&quot;&quot;,&quot;reference&quot;:&quot;auto&quot;,&quot;class&quot;:&quot;&quot;,&quot;count&quot;:&quot;16&quot;,&quot;legendonly&quot;:&quot;&quot;,&quot;readonly&quot;:&quot;&quot;,&quot;score&quot;:&quot;4.6&quot;,&quot;starsonly&quot;:&quot;&quot;,&quot;best&quot;:&quot;5&quot;,&quot;gap&quot;:&quot;5&quot;,&quot;greet&quot;:&quot;Rate this product&quot;,&quot;legend&quot;:&quot;4.6\\\/5 - (16 votes)&quot;,&quot;size&quot;:&quot;24&quot;,&quot;title&quot;:&quot;Mesh Belt Dryer | Charcoal Drying Machine&quot;,&quot;width&quot;:&quot;130.9&quot;,&quot;_legend&quot;:&quot;{score}\\\/{best} - ({count} {votes})&quot;,&quot;font_factor&quot;:&quot;1.25&quot;}'>              <div class=\"kksr-stars\">      <div class=\"kksr-stars-inactive\">             <div class=\"kksr-star\" data-star=\"1\" style=\"padding-right: 5px\">               <div class=\"kksr-icon\" style=\"width: 24px; height: 24px;\"><\/div>         <\/div>             <div class=\"kksr-star\" data-star=\"2\" style=\"padding-right: 5px\">               <div class=\"kksr-icon\" style=\"width: 24px; height: 24px;\"><\/div>         <\/div>             <div class=\"kksr-star\" data-star=\"3\" style=\"padding-right: 5px\">               <div class=\"kksr-icon\" style=\"width: 24px; height: 24px;\"><\/div>         <\/div>             <div class=\"kksr-star\" data-star=\"4\" style=\"padding-right: 5px\">               <div class=\"kksr-icon\" style=\"width: 24px; height: 24px;\"><\/div>         <\/div>             <div class=\"kksr-star\" data-star=\"5\" style=\"padding-right: 5px\">               <div class=\"kksr-icon\" style=\"width: 24px; height: 24px;\"><\/div>         <\/div>     <\/div>      <div class=\"kksr-stars-active\" style=\"width: 130.9px;\">             <div class=\"kksr-star\" style=\"padding-right: 5px\">               <div class=\"kksr-icon\" style=\"width: 24px; height: 24px;\"><\/div>         <\/div>             <div class=\"kksr-star\" style=\"padding-right: 5px\">               <div class=\"kksr-icon\" style=\"width: 24px; height: 24px;\"><\/div>         <\/div>             <div class=\"kksr-star\" style=\"padding-right: 5px\">               <div class=\"kksr-icon\" style=\"width: 24px; height: 24px;\"><\/div>         <\/div>             <div class=\"kksr-star\" style=\"padding-right: 5px\">               <div class=\"kksr-icon\" style=\"width: 24px; height: 24px;\"><\/div>         <\/div>             <div class=\"kksr-star\" style=\"padding-right: 5px\">               <div class=\"kksr-icon\" style=\"width: 24px; height: 24px;\"><\/div>         <\/div>     <\/div> <\/div>                   <div class=\"kksr-legend\" style=\"font-size: 19.2px;\">             4,6\/5 - (16 votes)    <\/div>     <\/div>  <p class=\"translation-block\">Dans toutes les principales lignes de production de charbon de bois, on peut voir un s\u00e9choir pour briquettes de charbon de bois. Apr\u00e8s la formation du charbon de bois ou du charbon, il y a souvent une teneur en humidit\u00e9 \u00e9lev\u00e9e. \u00c0 ce moment-l\u00e0, le fabricant de charbon de bois doit utiliser une machine de s\u00e9chage de charbon de bois pour r\u00e9duire l'humidit\u00e9 \u00e0 5 %-8 %, puis passer \u00e0 l'\u00e9tape suivante de l'emballage. WOOD machinery propose deux types de s\u00e9choirs pour briquettes de charbon de bois, y compris des <a href=\"https:\/\/bestcharcoalmachine.com\/fr\/product\/box-type-charcoal-dryer\/\">s\u00e9choirs \u00e0 charbon de bois de type bo\u00eete<\/a> et des s\u00e9choirs \u00e0 bande transporteuse. Les clients peuvent choisir en fonction de leurs propres exigences.<\/p>    <div class=\"wp-block-image\"><figure class=\"aligncenter size-full\"><img loading=\"lazy\" decoding=\"async\" width=\"720\" height=\"540\" src=\"https:\/\/bestcharcoalmachine.com\/wp-content\/uploads\/2021\/12\/charcoal-briquettes-dryer-1.jpg\" alt=\"s\u00e9choir \u00e0 briquettes de charbon de bois\" class=\"wp-image-2245\" srcset=\"https:\/\/bestcharcoalmachine.com\/wp-content\/uploads\/2021\/12\/charcoal-briquettes-dryer-1.jpg 720w, https:\/\/bestcharcoalmachine.com\/wp-content\/uploads\/2021\/12\/charcoal-briquettes-dryer-1-300x225.jpg 300w\" sizes=\"auto, (max-width: 720px) 100vw, 720px\" \/><figcaption>s\u00e9choir \u00e0 briquettes de charbon de bois<\/figcaption><\/figure><\/div>    <div class=\"wp-block-image\"><figure class=\"aligncenter size-full\"><img loading=\"lazy\" decoding=\"async\" width=\"720\" height=\"540\" src=\"https:\/\/bestcharcoalmachine.com\/wp-content\/uploads\/2021\/12\/mesh-belt-dryer.jpg\" alt=\"s\u00e9choir \u00e0 bande grillag\u00e9e\" class=\"wp-image-2044\" srcset=\"https:\/\/bestcharcoalmachine.com\/wp-content\/uploads\/2021\/12\/mesh-belt-dryer.jpg 720w, https:\/\/bestcharcoalmachine.com\/wp-content\/uploads\/2021\/12\/mesh-belt-dryer-300x225.jpg 300w\" sizes=\"auto, (max-width: 720px) 100vw, 720px\" \/><figcaption>s\u00e9choir \u00e0 bande grillag\u00e9e<\/figcaption><\/figure><\/div>    <h2 class=\"wp-block-heading\">Introduction du s\u00e9choir \u00e0 bande \u00e0 mailles de charbon<\/h2>    <p class=\"translation-block\">Le s\u00e9choir \u00e0 bande transporteuse pour charbon convient tr\u00e8s bien au s\u00e9chage du charbon de type. Le s\u00e9choir \u00e0 bande transporteuse transporte principalement les b\u00e2tons et les boules finis press\u00e9s directement vers le convoyeur plat par le convoyeur, et distribue uniform\u00e9ment les produits finis par le grattoir \u00e0 l'extr\u00e9mit\u00e9 sup\u00e9rieure du convoyeur plat dans la machine de s\u00e9chage de charbon de bois, am\u00e9liorant ainsi la perm\u00e9abilit\u00e9 \u00e0 l'air du mat\u00e9riau pour obtenir l'effet de s\u00e9chage. Une fois les briquettes de charbon de bois s\u00e9ch\u00e9es, elles seront emball\u00e9es en sacs par une <a href=\"https:\/\/bestcharcoalmachine.com\/fr\/product\/briquettes-packing-machine\/\">machine d'emballage de briquettes<\/a>.<\/p>    <h2 class=\"wp-block-heading\">Principe de fonctionnement du s\u00e9choir \u00e0 briquettes de charbon de bois<\/h2>    <p>Le principe principal du s\u00e9choir \u00e0 bande maill\u00e9e est de r\u00e9partir uniform\u00e9ment le mat\u00e9riau sur la bande maill\u00e9e, et il est entra\u00een\u00e9 par le dispositif de transmission pour se d\u00e9placer d'avant en arri\u00e8re dans le s\u00e9choir. L'air chaud circule \u00e0 travers le mat\u00e9riau et la vapeur d'eau g\u00e9n\u00e9r\u00e9e par le mat\u00e9riau passe par le trou d'\u00e9vacuation de l'humidit\u00e9. Afin d'atteindre l'objectif de s\u00e9chage des mat\u00e9riaux.<\/p>    <h2 class=\"wp-block-heading\" id=\"h-applications-of-charcoal-mesh-belt-dryer\">Applications du s\u00e9choir \u00e0 bande \u00e0 mailles de charbon de bois<\/h2>    <p>Le s\u00e9choir \u00e0 bande maill\u00e9e est un \u00e9quipement de s\u00e9chage continu couramment utilis\u00e9\u00a0; il convient au s\u00e9chage de mat\u00e9riaux en flocons, en bandes et granulaires avec une bonne ventilation. Par exemple, les fruits, les l\u00e9gumes, les plantes m\u00e9dicinales et les cultures. <\/p>    <div class=\"wp-block-image\"><figure class=\"aligncenter size-full\"><img loading=\"lazy\" decoding=\"async\" width=\"720\" height=\"540\" src=\"https:\/\/bestcharcoalmachine.com\/wp-content\/uploads\/2021\/12\/The-drying-scene-of-honeysucklechrysanthemum-and-traditional-Chinese-medicine1.jpg\" alt=\"La sc\u00e8ne de s\u00e9chage du ch\u00e8vrefeuille, du chrysanth\u00e8me et de la m\u00e9decine traditionnelle chinoise\" class=\"wp-image-2952\"\/><figcaption>La sc\u00e8ne de s\u00e9chage du ch\u00e8vrefeuille, du chrysanth\u00e8me et de la m\u00e9decine traditionnelle chinoise<\/figcaption><\/figure><\/div>    <p class=\"translation-block\">Le s\u00e9choir \u00e0 charbon de bois peut \u00e9galement \u00eatre largement utilis\u00e9 dans les industries du charbon de bois fa\u00e7onn\u00e9, comme les <a href=\"https:\/\/bestcharcoalmachine.com\/fr\/product-line\/barbecue-charcoal-production-line\/\">briquettes de charbon de bois BBQ<\/a>, les blocs de charbon, particuli\u00e8rement adapt\u00e9 aux <a href=\"https:\/\/bestcharcoalmachine.com\/fr\/product-line\/shisha-charcoal-production-line-1-3\/\">lignes de production de charbon de bois de narguil\u00e9<\/a> pour \u00e9liminer l'exc\u00e8s d'eau du charbon de bois de narguil\u00e9.<\/p>    <figure class=\"wp-block-gallery has-nested-images columns-default is-cropped wp-block-gallery-2 is-layout-flex wp-block-gallery-is-layout-flex\"> <figure class=\"wp-block-image size-large\"><img loading=\"lazy\" decoding=\"async\" width=\"720\" height=\"395\" data-id=\"2956\" src=\"https:\/\/bestcharcoalmachine.com\/wp-content\/uploads\/2022\/03\/hookah-charcoal-edited.jpg\" alt=\"charbon de narguil\u00e9\" class=\"wp-image-2956\"\/><figcaption>charbon de narguil\u00e9<\/figcaption><\/figure>    <figure class=\"wp-block-image size-large\"><img loading=\"lazy\" decoding=\"async\" width=\"720\" height=\"540\" data-id=\"2924\" src=\"https:\/\/bestcharcoalmachine.com\/wp-content\/uploads\/2021\/12\/BBQ-charcoal-balls.jpg\" alt=\"\" class=\"wp-image-2924\"\/><figcaption>Boules de charbon de bois pour barbecue<\/figcaption><\/figure> <\/figure>    <h2 class=\"wp-block-heading\">Structures de machine de s\u00e9chage de charbon de bois<\/h2>    <p>La ceinture maill\u00e9e adopte une ceinture maill\u00e9e en acier au carbone de 12 \u00e0 60 mailles. S'il y a des exigences particuli\u00e8res, elle peut \u00e9galement \u00eatre personnalis\u00e9e en une ceinture \u00e0 mailles en acier inoxydable. Afin d'\u00e9conomiser de l'espace, le s\u00e9choir peut \u00eatre transform\u00e9 en un type multicouche. Les plus courants ont deux pi\u00e8ces et trois \u00e9tages, et deux pi\u00e8ces et cinq. La couche et la longueur sont de 6 \u00e0 40 m et la largeur est de 0,6 \u00e0 3,0 m.<\/p>    <p>La vitesse de rotation de la bande \u00e0 mailles d\u00e9pend du type de mat\u00e9riau et de la teneur en eau. Pour obtenir le meilleur effet de s\u00e9chage, la teneur en humidit\u00e9 du mat\u00e9riau, la vitesse de la bande maill\u00e9e, le volume d'air et la temp\u00e9rature de l'air doivent \u00eatre appropri\u00e9s et raisonnables.<\/p>    <figure class=\"wp-block-gallery has-nested-images columns-default is-cropped wp-block-gallery-3 is-layout-flex wp-block-gallery-is-layout-flex\"> <figure class=\"wp-block-image size-large\"><img loading=\"lazy\" decoding=\"async\" width=\"720\" height=\"540\" data-id=\"2246\" src=\"https:\/\/bestcharcoalmachine.com\/wp-content\/uploads\/2021\/12\/mesg-belt-of-the-dryer.jpg\" alt=\"courroie message du s\u00e8che-linge\" class=\"wp-image-2246\" srcset=\"https:\/\/bestcharcoalmachine.com\/wp-content\/uploads\/2021\/12\/mesg-belt-of-the-dryer.jpg 720w, https:\/\/bestcharcoalmachine.com\/wp-content\/uploads\/2021\/12\/mesg-belt-of-the-dryer-300x225.jpg 300w\" sizes=\"auto, (max-width: 720px) 100vw, 720px\" \/><figcaption>courroie message du s\u00e8che-linge<\/figcaption><\/figure>    <figure class=\"wp-block-image size-large\"><img loading=\"lazy\" decoding=\"async\" width=\"720\" height=\"540\" data-id=\"2248\" src=\"https:\/\/bestcharcoalmachine.com\/wp-content\/uploads\/2021\/12\/details-3.jpg\" alt=\"d\u00e9tails\" class=\"wp-image-2248\" srcset=\"https:\/\/bestcharcoalmachine.com\/wp-content\/uploads\/2021\/12\/details-3.jpg 720w, https:\/\/bestcharcoalmachine.com\/wp-content\/uploads\/2021\/12\/details-3-300x225.jpg 300w\" sizes=\"auto, (max-width: 720px) 100vw, 720px\" \/><figcaption>d\u00e9tails<\/figcaption><\/figure> <\/figure>    <h2 class=\"wp-block-heading\" id=\"h-advantages-of-charcoal-drying-machine\">Avantages de la machine \u00e0 s\u00e9cher le charbon de bois<\/h2>    <ul class=\"wp-block-list\"><li>L'int\u00e9rieur et l'ext\u00e9rieur de la bo\u00eete de s\u00e9chage sont en acier inoxydable, antirouille, r\u00e9sistant \u00e0 la corrosion et \u00e0 l'humidit\u00e9.<\/li><li>Le corps du s\u00e9choir \u00e0 charbon de bois adopte une porte bidirectionnelle, ce qui permet au personnel de v\u00e9rifier les mat\u00e9riaux, de d\u00e9monter les pi\u00e8ces et de le nettoyer facilement.<\/li><li>Le mat\u00e9riau s\u00e9ch\u00e9 est retourn\u00e9 de la couche sup\u00e9rieure et tombe naturellement sur la ceinture \u00e0 mailles inf\u00e9rieure, le mat\u00e9riau est chauff\u00e9 uniform\u00e9ment et la forme ne sera pas endommag\u00e9e.<\/li><\/ul>    <h2 class=\"wp-block-heading\">Param\u00e8tres du s\u00e9choir \u00e0 bande maill\u00e9e<\/h2>    <figure class=\"wp-block-table\"><table><tbody><tr><td>Mod\u00e8le<\/td><td>LTWD-6<\/td><td>LTWD-8<\/td><td>LTWD-10<\/td><td>LTWD-12<\/td><td>LTWD-16<\/td><td>LTWD-20<\/td><td>LTWD-24<\/td><td>LTWD-30<\/td><\/tr><tr><td>Largeur de la ceinture<\/td><td>600 mm<\/td><td>800mm<\/td><td>1000mm<\/td><td>1200 mm<\/td><td>1600mm<\/td><td>2000 mm<\/td><td>2400mm<\/td><td>3000mm<\/td><\/tr><tr><td>Longueur de la section de s\u00e9chage<\/td><td>6-12<\/td><td>6-12<\/td><td>6-16<\/td><td>8-16<\/td><td>8-22<\/td><td>10-26<\/td><td>12-30<\/td><td>12-40<\/td><\/tr><tr><td>Longueur de la section d'alimentation<\/td><td>1<\/td><td>1<\/td><td>1<\/td><td>1<\/td><td>1<\/td><td>1.5<\/td><td>1.5<\/td><td>2<\/td><\/tr><tr><td>Longueur de la section de transmission<\/td><td>1<\/td><td>1<\/td><td>1<\/td><td>1<\/td><td>1<\/td><td>1.5<\/td><td>1.5<\/td><td>2<\/td><\/tr><tr><td>Zone de s\u00e9chage<\/td><td>3,6-36\u00a0m2<\/td><td>4,8-48\u00a0m2<\/td><td>6-80\u00a0m2<\/td><td>7,2-96\u00a0m2<\/td><td>12,8-105,6\u00a0m2<\/td><td>20-260\u00a0m2<\/td><td>28,8-360\u00a0m2<\/td><td>36-600\u00a0m2<\/td><\/tr><tr><td>Num\u00e9ro d'unit\u00e9<\/td><td>1-5<\/td><\/tr><tr><td>Espacement interlamellaire<\/td><td>400-600\u00a0mm<\/td><\/tr><\/tbody><\/table><\/figure>    <p>Diff\u00e9rents types de mati\u00e8res premi\u00e8res ont des temp\u00e9ratures et des dur\u00e9es de s\u00e9chage diff\u00e9rentes, et diff\u00e9rents types de s\u00e9choirs doivent \u00eatre utilis\u00e9s. Bienvenue \u00e0 nous consulter, le directeur commercial vous recommandera le mod\u00e8le le plus appropri\u00e9 en fonction de vos mati\u00e8res premi\u00e8res et de votre production.<\/p>","protected":false},"excerpt":{"rendered":"<p>In all major charcoal production lines, we can see a charcoal briquettes dryer. After the charcoal or coal is formed, there is often a high moisture content. At this time, the charcoal manufacturer needs to use a charcoal drying machine to reduce the moisture to 5%-8%, and then proceed to the next step of packaging. [&hellip;]<\/p>\n","protected":false},"author":1,"featured_media":2244,"parent":0,"template":"","tags":[],"product-type":[49],"class_list":["post-1722","product","type-product","status-publish","has-post-thumbnail","hentry","product-type-drying-machine"],"_links":{"self":[{"href":"https:\/\/bestcharcoalmachine.com\/fr\/wp-json\/wp\/v2\/product\/1722","targetHints":{"allow":["GET"]}}],"collection":[{"href":"https:\/\/bestcharcoalmachine.com\/fr\/wp-json\/wp\/v2\/product"}],"about":[{"href":"https:\/\/bestcharcoalmachine.com\/fr\/wp-json\/wp\/v2\/types\/product"}],"author":[{"embeddable":true,"href":"https:\/\/bestcharcoalmachine.com\/fr\/wp-json\/wp\/v2\/users\/1"}],"wp:featuredmedia":[{"embeddable":true,"href":"https:\/\/bestcharcoalmachine.com\/fr\/wp-json\/wp\/v2\/media\/2244"}],"wp:attachment":[{"href":"https:\/\/bestcharcoalmachine.com\/fr\/wp-json\/wp\/v2\/media?parent=1722"}],"wp:term":[{"taxonomy":"post_tag","embeddable":true,"href":"https:\/\/bestcharcoalmachine.com\/fr\/wp-json\/wp\/v2\/tags?post=1722"},{"taxonomy":"product-type","embeddable":true,"href":"https:\/\/bestcharcoalmachine.com\/fr\/wp-json\/wp\/v2\/product-type?post=1722"}],"curies":[{"name":"wp","href":"https:\/\/api.w.org\/{rel}","templated":true}]}}