{"id":1709,"date":"2021-12-22T07:08:14","date_gmt":"2021-12-22T07:08:14","guid":{"rendered":"https:\/\/bestcharcoalmachine.com\/?p=1709"},"modified":"2022-03-02T09:12:22","modified_gmt":"2022-03-02T09:12:22","slug":"raymond-mill","status":"publish","type":"product","link":"https:\/\/bestcharcoalmachine.com\/fr\/product\/raymond-mill\/","title":{"rendered":"Moulin Raymond | Rectifieuse de poudre de charbon superfine"},"content":{"rendered":"<div class=\"kk-star-ratings kksr-auto kksr-align-left kksr-valign-top\"     data-payload='{&quot;align&quot;:&quot;left&quot;,&quot;id&quot;:&quot;1709&quot;,&quot;slug&quot;:&quot;default&quot;,&quot;valign&quot;:&quot;top&quot;,&quot;ignore&quot;:&quot;&quot;,&quot;reference&quot;:&quot;auto&quot;,&quot;class&quot;:&quot;&quot;,&quot;count&quot;:&quot;24&quot;,&quot;legendonly&quot;:&quot;&quot;,&quot;readonly&quot;:&quot;&quot;,&quot;score&quot;:&quot;4.6&quot;,&quot;starsonly&quot;:&quot;&quot;,&quot;best&quot;:&quot;5&quot;,&quot;gap&quot;:&quot;5&quot;,&quot;greet&quot;:&quot;Rate this product&quot;,&quot;legend&quot;:&quot;4.6\\\/5 - (24 votes)&quot;,&quot;size&quot;:&quot;24&quot;,&quot;title&quot;:&quot;Raymond Mill | Superfine Charcoal Powder Grinding Machine&quot;,&quot;width&quot;:&quot;130.9&quot;,&quot;_legend&quot;:&quot;{score}\\\/{best} - ({count} {votes})&quot;,&quot;font_factor&quot;:&quot;1.25&quot;}'>              <div class=\"kksr-stars\">      <div class=\"kksr-stars-inactive\">             <div class=\"kksr-star\" data-star=\"1\" style=\"padding-right: 5px\">               <div class=\"kksr-icon\" style=\"width: 24px; height: 24px;\"><\/div>         <\/div>             <div class=\"kksr-star\" data-star=\"2\" style=\"padding-right: 5px\">               <div class=\"kksr-icon\" style=\"width: 24px; height: 24px;\"><\/div>         <\/div>             <div class=\"kksr-star\" data-star=\"3\" style=\"padding-right: 5px\">               <div class=\"kksr-icon\" style=\"width: 24px; height: 24px;\"><\/div>         <\/div>             <div class=\"kksr-star\" data-star=\"4\" style=\"padding-right: 5px\">               <div class=\"kksr-icon\" style=\"width: 24px; height: 24px;\"><\/div>         <\/div>             <div class=\"kksr-star\" data-star=\"5\" style=\"padding-right: 5px\">               <div class=\"kksr-icon\" style=\"width: 24px; height: 24px;\"><\/div>         <\/div>     <\/div>      <div class=\"kksr-stars-active\" style=\"width: 130.9px;\">             <div class=\"kksr-star\" style=\"padding-right: 5px\">               <div class=\"kksr-icon\" style=\"width: 24px; height: 24px;\"><\/div>         <\/div>             <div class=\"kksr-star\" style=\"padding-right: 5px\">               <div class=\"kksr-icon\" style=\"width: 24px; height: 24px;\"><\/div>         <\/div>             <div class=\"kksr-star\" style=\"padding-right: 5px\">               <div class=\"kksr-icon\" style=\"width: 24px; height: 24px;\"><\/div>         <\/div>             <div class=\"kksr-star\" style=\"padding-right: 5px\">               <div class=\"kksr-icon\" style=\"width: 24px; height: 24px;\"><\/div>         <\/div>             <div class=\"kksr-star\" style=\"padding-right: 5px\">               <div class=\"kksr-icon\" style=\"width: 24px; height: 24px;\"><\/div>         <\/div>     <\/div> <\/div>                   <div class=\"kksr-legend\" style=\"font-size: 19.2px;\">             4,6\/5 - (24 votes)    <\/div>     <\/div>  <p class=\"translation-block\">Le moulin Raymond est adapt\u00e9 \u00e0 la pr\u00e9paration de diverses poudres min\u00e9rales et poudres de charbon, telles que le traitement en poudre fine des minerais bruts, des gypse, du charbon de bois et d'autres mat\u00e9riaux. Dans l'usine WOOD, nous avons \u00e9quip\u00e9 un moulin Raymond pour la <a href=\"https:\/\/bestcharcoalmachine.com\/fr\/shisha-charcoal-production-line\/\">ligne de production de charbon \u00e0 chicha<\/a>, le but \u00e9tant de r\u00e9duire la poudre de charbon \u00e0 l'\u00e9tat le plus id\u00e9al, afin que le charbon \u00e0 chicha produit ait une densit\u00e9 plus \u00e9lev\u00e9e et une meilleure qualit\u00e9.<\/p>    <h2 class=\"wp-block-heading\">Mati\u00e8res premi\u00e8res du moulin Raymond<\/h2>    <p>La rectifieuse de poudre de charbon de bois est largement utilis\u00e9e dans les domaines du charbon, de la m\u00e9tallurgie, des mat\u00e9riaux de construction, de l'industrie chimique, des mines et autres. Le broyeur Raymond broyera les mat\u00e9riaux, la duret\u00e9 des mat\u00e9riaux ne doit pas d\u00e9passer le niveau de duret\u00e9 Mohs 7 et l'humidit\u00e9 ne doit pas d\u00e9passer 6%. Les mat\u00e9riaux sp\u00e9cifiques comprennent le charbon, le gypse, le talc, le calcaire, le marbre, le feldspath potassique, la barytine, la dolomite, le granit, le kaolin, la pierre m\u00e9dicale, le minerai de fer, etc.<\/p>    <p>La finesse est comprise entre 0,613 mm et 0,044 mm. Gr\u00e2ce \u00e0 l'action combin\u00e9e de l'analyseur et du ventilateur, le broyeur Raymond peut r\u00e9pondre aux exigences des diff\u00e9rents utilisateurs.<\/p>    <div class=\"wp-block-image\"><figure class=\"aligncenter size-full\"><img loading=\"lazy\" decoding=\"async\" width=\"720\" height=\"540\" src=\"https:\/\/bestcharcoalmachine.com\/wp-content\/uploads\/2021\/12\/Raw-materials-of-Raymond-mill-21.jpg\" alt=\"Mati\u00e8res premi\u00e8res du moulin Raymond \" class=\"wp-image-2899\"\/><figcaption>Mati\u00e8res premi\u00e8res du moulin Raymond <\/figcaption><\/figure><\/div>    <h2 class=\"wp-block-heading\" id=\"h-advantages-of-charcoal-powder-grinding-machine\">Avantages de la rectifieuse de poudre de charbon de bois<\/h2>    <p>De nos jours, alors que la demande de l\u2019industrie en poudre ultra fine augmente, les broyeurs ont \u00e9galement marqu\u00e9 le d\u00e9but d\u2019une dynamique de reprise. En tant que repr\u00e9sentant le plus largement utilis\u00e9, le pulv\u00e9risateur Raymond pr\u00e9sente de nombreux avantages exceptionnels qui expliquent pourquoi le pulv\u00e9risateur Raymond est si populaire.<\/p>    <ul class=\"wp-block-list\"><li>Cette machine est am\u00e9lior\u00e9e sur la base d'un grand \u00e9quipement de concassage ultra-fin. Il a les fonctions d'alimentation et de broyage uniques, d'alimentation et de d\u00e9charge continues, et la finesse est contr\u00f4l\u00e9e par un ventilateur et un analyseur.<\/li><li>Il existe plus de 300 types de mat\u00e9riaux adapt\u00e9s au traitement du broyeur Raymond, ils sont donc largement utilis\u00e9s dans les industries mini\u00e8res, m\u00e9tallurgiques, des mat\u00e9riaux de construction, du charbon et des m\u00e9taux non ferreux.<\/li><li>La finesse adapt\u00e9e au traitement de broyage Raymond peut \u00eatre ajust\u00e9e entre 50 et 400 mesh, ce qui r\u00e9pond aux diff\u00e9rentes demandes des clients.<\/li><li>La machine occupe une petite surface, une faible consommation d'\u00e9nergie, une installation simple, un fonctionnement et un entretien pratiques.<\/li><\/ul>    <h2 class=\"wp-block-heading\">Structures du moulin Raymond<\/h2>    <p>L'ensemble de la structure du pulv\u00e9risateur Raymond est compos\u00e9 d'un moteur principal, d'un ventilateur, d'une machine d'analyse et d'un syst\u00e8me de d\u00e9poussi\u00e9rage des pipelines. Selon les besoins de l'utilisateur, il peut \u00eatre \u00e9quip\u00e9 de concasseurs, de palans, de bacs de stockage, d'alimentateurs vibrants \u00e9lectromagn\u00e9tiques, d'armoires de commande \u00e9lectrique, etc. Une fois le mat\u00e9riau broy\u00e9 par le concasseur, le mat\u00e9riau est envoy\u00e9 au bac de stockage par ascenseur, puis le le mat\u00e9riau concass\u00e9 est envoy\u00e9 uniform\u00e9ment et continuellement vers la chambre de broyage principale par le chargeur vibrant \u00e9lectromagn\u00e9tique pour le broyage.<\/p>    <div class=\"wp-block-image\"><figure class=\"aligncenter size-full\"><img decoding=\"async\" src=\"https:\/\/bestcharcoalmachine.com\/wp-content\/uploads\/2021\/12\/raymon-mill-for-fine-crushing.jpg\" alt=\"broyeur raymon pour le concassage fin\" class=\"wp-image-1589\"\/><figcaption>Broyeur Raymond pour concassage fin<\/figcaption><\/figure><\/div>    <h2 class=\"wp-block-heading\" id=\"h-main-factors-affecting-the-output-of-raymond-mill\">Principaux facteurs affectant la production de l'usine Raymond<\/h2>    <p class=\"translation-block\">Les <strong>facteurs qui affecteront le rendement du broyeur Raymond<\/strong> sont nombreux. La duret\u00e9 du mat\u00e9riau affectera le rendement du broyeur Raymond. Plus le mat\u00e9riau est dur, plus il est difficile \u00e0 pulv\u00e9riser, et plus l'usure de l'\u00e9quipement est importante. L'humidit\u00e9 du mat\u00e9riau affectera \u00e9galement le rendement. C'est-\u00e0-dire que lorsque la teneur en eau du mat\u00e9riau est importante, le mat\u00e9riau adh\u00e8re facilement au broyeur Raymond, et il est \u00e9galement facile de le bloquer pendant le processus d'alimentation et de transport, ce qui r\u00e9duit la capacit\u00e9 de Raymond.<\/p>    <h2 class=\"wp-block-heading\">Param\u00e8tres du moulin Raymond<\/h2>    <figure class=\"wp-block-table\"><table><tbody><tr><td>Mod\u00e8le<\/td><td>WD-RM3R1410<\/td><td>WD-RM3R1815<\/td><td>WD-RM3R2215<\/td><\/tr><tr><td>Longueur (mm)<\/td><td>3340<\/td><td>2300<\/td><td>3500<\/td><\/tr><tr><td>Largeur (mm)<\/td><td>3865<\/td><td>2860<\/td><td>4280<\/td><\/tr><tr><td>Haut (mm)<\/td><td>4500<\/td><td>2800<\/td><td>4900<\/td><\/tr><\/tbody><\/table><\/figure>    <h2 class=\"wp-block-heading\" id=\"h-factory-stock-of-coal-powder-grinding-machine\">Stock d'usine de rectifieuse de poudre de charbon<\/h2>    <p>Notre inventaire est tr\u00e8s suffisant, apr\u00e8s votre consultation, le directeur des ventes vous recommandera le mod\u00e8le de moulin Raymond appropri\u00e9 en fonction de vos besoins, bienvenue \u00e0 nous contacter.<\/p>    <figure class=\"wp-block-gallery has-nested-images columns-default is-cropped wp-block-gallery-2 is-layout-flex wp-block-gallery-is-layout-flex\"> <figure class=\"wp-block-image size-large\"><img loading=\"lazy\" decoding=\"async\" width=\"720\" height=\"540\" data-id=\"2904\" src=\"https:\/\/bestcharcoalmachine.com\/wp-content\/uploads\/2021\/12\/raymond-mill-1.jpg\" alt=\"\" class=\"wp-image-2904\"\/><\/figure>    <figure class=\"wp-block-image size-large\"><img loading=\"lazy\" decoding=\"async\" width=\"720\" height=\"540\" data-id=\"2905\" src=\"https:\/\/bestcharcoalmachine.com\/wp-content\/uploads\/2021\/12\/raymond-mill-machine.jpg\" alt=\"\" class=\"wp-image-2905\"\/><\/figure> <\/figure>    <figure class=\"wp-block-gallery has-nested-images columns-default is-cropped wp-block-gallery-3 is-layout-flex wp-block-gallery-is-layout-flex\"> <figure class=\"wp-block-image size-large\"><img loading=\"lazy\" decoding=\"async\" width=\"720\" height=\"540\" data-id=\"2906\" src=\"https:\/\/bestcharcoalmachine.com\/wp-content\/uploads\/2021\/12\/raymond.jpg\" alt=\"\" class=\"wp-image-2906\"\/><\/figure>    <figure class=\"wp-block-image size-large\"><img loading=\"lazy\" decoding=\"async\" width=\"720\" height=\"540\" data-id=\"2907\" src=\"https:\/\/bestcharcoalmachine.com\/wp-content\/uploads\/2021\/12\/coal-crusher-1.jpg\" alt=\"\" class=\"wp-image-2907\"\/><\/figure> <\/figure>    <h2 class=\"wp-block-heading\" id=\"h-raymond-mill-precautions-maitainence\">Pr\u00e9cautions et entretien du moulin Raymond <\/h2>    <ul class=\"wp-block-list\"><li>Avant l'installation de la machine de broyage de poudre de charbon, l'op\u00e9rateur doit avoir une formation technique appropri\u00e9e et \u00eatre familier avec les proc\u00e9dures de fonctionnement. Lors de l'utilisation du moulin Raymond, il devrait y avoir une personne fixe responsable d'en prendre soin.<\/li><li>Apr\u00e8s que le moulin Raymond ait \u00e9t\u00e9 utilis\u00e9 pendant un certain temps, il devrait \u00eatre r\u00e9vis\u00e9. Dans le m\u00eame temps, les pi\u00e8ces d'usure telles que les rouleaux abrasifs, les anneaux abrasifs et les lames doivent \u00eatre r\u00e9par\u00e9es et remplac\u00e9es. <\/li><li>Les boulons et \u00e9crous de connexion du dispositif \u00e0 rouleaux abrasifs doivent \u00eatre soigneusement v\u00e9rifi\u00e9s avant et apr\u00e8s utilisation. V\u00e9rifiez s'il y a du jeu et si l'huile lubrifiante a \u00e9t\u00e9 suffisamment ajout\u00e9e.<\/li><li>La dur\u00e9e d'utilisation du dispositif \u00e0 rouleaux broyeurs d\u00e9passe 500 heures et le rouleau broyeur doit \u00eatre remplac\u00e9. Lors du remplacement des rouleaux abrasifs, les roulements doivent \u00eatre nettoy\u00e9s. Pendant ce temps, les pi\u00e8ces endommag\u00e9es doivent \u00eatre remplac\u00e9es \u00e0 temps. Les outils de graissage peuvent \u00eatre utilis\u00e9s avec des pompes \u00e0 graissage manuelles et des pistolets graisseurs.<\/li><\/ul>","protected":false},"excerpt":{"rendered":"<p>Raymond mill is suitable for the preparation of various mineral powder and coal powder, such as the fine powder processing of raw material ore, gypsum ore, charcoal and other materials. In the WOOD machinery factory, we equipped a Raymond mill for the hookah charcoal production line, the purpose is to pulverize the charcoal powder to [&hellip;]<\/p>\n","protected":false},"author":1,"featured_media":2104,"parent":0,"template":"","tags":[],"product-type":[48],"class_list":["post-1709","product","type-product","status-publish","has-post-thumbnail","hentry","product-type-grinder-and-mixer"],"_links":{"self":[{"href":"https:\/\/bestcharcoalmachine.com\/fr\/wp-json\/wp\/v2\/product\/1709","targetHints":{"allow":["GET"]}}],"collection":[{"href":"https:\/\/bestcharcoalmachine.com\/fr\/wp-json\/wp\/v2\/product"}],"about":[{"href":"https:\/\/bestcharcoalmachine.com\/fr\/wp-json\/wp\/v2\/types\/product"}],"author":[{"embeddable":true,"href":"https:\/\/bestcharcoalmachine.com\/fr\/wp-json\/wp\/v2\/users\/1"}],"wp:featuredmedia":[{"embeddable":true,"href":"https:\/\/bestcharcoalmachine.com\/fr\/wp-json\/wp\/v2\/media\/2104"}],"wp:attachment":[{"href":"https:\/\/bestcharcoalmachine.com\/fr\/wp-json\/wp\/v2\/media?parent=1709"}],"wp:term":[{"taxonomy":"post_tag","embeddable":true,"href":"https:\/\/bestcharcoalmachine.com\/fr\/wp-json\/wp\/v2\/tags?post=1709"},{"taxonomy":"product-type","embeddable":true,"href":"https:\/\/bestcharcoalmachine.com\/fr\/wp-json\/wp\/v2\/product-type?post=1709"}],"curies":[{"name":"wp","href":"https:\/\/api.w.org\/{rel}","templated":true}]}}