{"id":1706,"date":"2021-12-21T08:53:15","date_gmt":"2021-12-21T08:53:15","guid":{"rendered":"https:\/\/bestcharcoalmachine.com\/?p=1706"},"modified":"2022-03-04T06:54:38","modified_gmt":"2022-03-04T06:54:38","slug":"charcoal-wheel-grinding-mill","status":"publish","type":"product","link":"https:\/\/bestcharcoalmachine.com\/fr\/product\/charcoal-wheel-grinding-mill\/","title":{"rendered":"Broyeur \u00e0 meule de charbon de bois | M\u00e9langeur de poudre de charbon de bois"},"content":{"rendered":"<div class=\"kk-star-ratings kksr-auto kksr-align-left kksr-valign-top\"     data-payload='{&quot;align&quot;:&quot;left&quot;,&quot;id&quot;:&quot;1706&quot;,&quot;slug&quot;:&quot;default&quot;,&quot;valign&quot;:&quot;top&quot;,&quot;ignore&quot;:&quot;&quot;,&quot;reference&quot;:&quot;auto&quot;,&quot;class&quot;:&quot;&quot;,&quot;count&quot;:&quot;5&quot;,&quot;legendonly&quot;:&quot;&quot;,&quot;readonly&quot;:&quot;&quot;,&quot;score&quot;:&quot;4.7&quot;,&quot;starsonly&quot;:&quot;&quot;,&quot;best&quot;:&quot;5&quot;,&quot;gap&quot;:&quot;5&quot;,&quot;greet&quot;:&quot;Rate this product&quot;,&quot;legend&quot;:&quot;4.7\\\/5 - (5 votes)&quot;,&quot;size&quot;:&quot;24&quot;,&quot;title&quot;:&quot;Charcoal Wheel Grinding Mill | Charcoal Powder Mixer&quot;,&quot;width&quot;:&quot;133.8&quot;,&quot;_legend&quot;:&quot;{score}\\\/{best} - ({count} {votes})&quot;,&quot;font_factor&quot;:&quot;1.25&quot;}'>              <div class=\"kksr-stars\">      <div class=\"kksr-stars-inactive\">             <div class=\"kksr-star\" data-star=\"1\" style=\"padding-right: 5px\">               <div class=\"kksr-icon\" style=\"width: 24px; height: 24px;\"><\/div>         <\/div>             <div class=\"kksr-star\" data-star=\"2\" style=\"padding-right: 5px\">               <div class=\"kksr-icon\" style=\"width: 24px; height: 24px;\"><\/div>         <\/div>             <div class=\"kksr-star\" data-star=\"3\" style=\"padding-right: 5px\">               <div class=\"kksr-icon\" style=\"width: 24px; height: 24px;\"><\/div>         <\/div>             <div class=\"kksr-star\" data-star=\"4\" style=\"padding-right: 5px\">               <div class=\"kksr-icon\" style=\"width: 24px; height: 24px;\"><\/div>         <\/div>             <div class=\"kksr-star\" data-star=\"5\" style=\"padding-right: 5px\">               <div class=\"kksr-icon\" style=\"width: 24px; height: 24px;\"><\/div>         <\/div>     <\/div>      <div class=\"kksr-stars-active\" style=\"width: 133.8px;\">             <div class=\"kksr-star\" style=\"padding-right: 5px\">               <div class=\"kksr-icon\" style=\"width: 24px; height: 24px;\"><\/div>         <\/div>             <div class=\"kksr-star\" style=\"padding-right: 5px\">               <div class=\"kksr-icon\" style=\"width: 24px; height: 24px;\"><\/div>         <\/div>             <div class=\"kksr-star\" style=\"padding-right: 5px\">               <div class=\"kksr-icon\" style=\"width: 24px; height: 24px;\"><\/div>         <\/div>             <div class=\"kksr-star\" style=\"padding-right: 5px\">               <div class=\"kksr-icon\" style=\"width: 24px; height: 24px;\"><\/div>         <\/div>             <div class=\"kksr-star\" style=\"padding-right: 5px\">               <div class=\"kksr-icon\" style=\"width: 24px; height: 24px;\"><\/div>         <\/div>     <\/div> <\/div>                   <div class=\"kksr-legend\" style=\"font-size: 19.2px;\">             4,7\/5 - (5 votes)    <\/div>     <\/div>  <p class=\"translation-block\">Le moulin \u00e0 meule \u00e0 charbon, \u00e9galement connu sous le nom de m\u00e9lange de poudre de charbon, est la machine auxiliaire de l'usine de briquettes de charbon et constitue l'\u00e9quipement principal de la ligne de production de charbon. Il est utilis\u00e9 pour m\u00e9langer et presser la poudre de charbon, le liant et l'eau afin que les mat\u00e9riaux ayant une faible densit\u00e9 sp\u00e9cifique puissent \u00eatre enti\u00e8rement int\u00e9gr\u00e9s. Parce que la densit\u00e9 du mat\u00e9riau est augment\u00e9e, le mat\u00e9riau peut \u00eatre mieux form\u00e9 apr\u00e8s \u00eatre entr\u00e9 dans la machine \u00e0 charbon \u00e0 chicha. C'est un dispositif n\u00e9cessaire pour <a href=\"https:\/\/bestcharcoalmachine.com\/fr\/shisha-charcoal-production-line\/\">les lignes de production de charbon \u00e0 chicha<\/a> et divers types de <a href=\"https:\/\/bestcharcoalmachine.com\/fr\/barbecue-charcoal-production-line\/\">lignes de production de charbon<\/a>.<\/p>    <div class=\"wp-block-image\"><figure class=\"aligncenter size-full\"><img loading=\"lazy\" decoding=\"async\" width=\"720\" height=\"540\" src=\"https:\/\/bestcharcoalmachine.com\/wp-content\/uploads\/2021\/12\/charcoal-wheel-grinding-mill-1.jpg\" alt=\"\" class=\"wp-image-1859\" srcset=\"https:\/\/bestcharcoalmachine.com\/wp-content\/uploads\/2021\/12\/charcoal-wheel-grinding-mill-1.jpg 720w, https:\/\/bestcharcoalmachine.com\/wp-content\/uploads\/2021\/12\/charcoal-wheel-grinding-mill-1-300x225.jpg 300w\" sizes=\"auto, (max-width: 720px) 100vw, 720px\" \/><figcaption>M\u00e9langeur de poudre de charbon de bois<\/figcaption><\/figure><\/div>    <h2 class=\"wp-block-heading\" id=\"h-why-is-charcoal-powder-mixer-so-important\">Pourquoi le m\u00e9langeur de poudre de charbon de bois est-il si important\u00a0?<\/h2>    <p id=\"h-\">Le broyeur \u00e0 charbon de bois est l'un des \u00e9quipements auxiliaires importants pour la cha\u00eene de production de charbon de barbecue et de charbon de narguil\u00e9. Pour fabriquer du charbon de bois fini de haute qualit\u00e9, le pr\u00e9-m\u00e9lange et le pressage de la poudre de charbon de bois sont une \u00e9tape indispensable.<\/p>    <p>Premi\u00e8rement, une simple agitation manuelle a une faible efficacit\u00e9, une grande quantit\u00e9 d'ing\u00e9nierie et une basse pression, ce qui ne peut pas \u00e9liminer efficacement l'air entre les particules de mat\u00e9riau et augmenter la densit\u00e9 de la poudre de charbon de bois. Deuxi\u00e8mement, si le m\u00e9lange n'est pas bon, l'humidit\u00e9 et le liant ne peuvent pas \u00eatre compl\u00e8tement m\u00e9lang\u00e9s avec la poudre de charbon de bois, et le charbon de narguil\u00e9 ult\u00e9rieur ne fonctionnera pas bien, ce qui affectera l'effet d'utilisation.<\/p>    <figure class=\"wp-block-gallery has-nested-images columns-default is-cropped wp-block-gallery-2 is-layout-flex wp-block-gallery-is-layout-flex\"> <figure class=\"wp-block-image size-large\"><img loading=\"lazy\" decoding=\"async\" width=\"360\" height=\"270\" data-id=\"2939\" src=\"https:\/\/bestcharcoalmachine.com\/wp-content\/uploads\/2021\/12\/charcoal-grinding.jpg\" alt=\"broyage du charbon de bois\" class=\"wp-image-2939\"\/><figcaption>broyage du charbon de bois<\/figcaption><\/figure>    <figure class=\"wp-block-image size-large\"><img loading=\"lazy\" decoding=\"async\" width=\"360\" height=\"270\" data-id=\"2940\" src=\"https:\/\/bestcharcoalmachine.com\/wp-content\/uploads\/2021\/12\/coal-powder.jpg\" alt=\"poudre de charbon\" class=\"wp-image-2940\"\/><figcaption>poudre de charbon<\/figcaption><\/figure> <\/figure>    <h2 class=\"wp-block-heading\" id=\"h-working-principle-of-charcoal-grinder\">Principe de fonctionnement du broyeur \u00e0 charbon<\/h2>    <p>La poudre de charbon de bois, le liant et l'eau sont m\u00e9lang\u00e9s dans le broyeur, et le m\u00e9lange des mat\u00e9riaux est termin\u00e9 environ 20 minutes apr\u00e8s que les roues du broyeur ont press\u00e9 le mat\u00e9riau uniform\u00e9ment. Le mat\u00e9riau m\u00e9lang\u00e9 sera d\u00e9charg\u00e9 du port de d\u00e9charge. Pendant le processus de m\u00e9lange, il existe \u00e0 la fois des fonctions d'agitation et d'extrusion. Premi\u00e8rement, l'air entre les particules de mat\u00e9riau peut \u00eatre mieux \u00e9limin\u00e9 et la densit\u00e9 de la poudre de charbon de bois peut \u00eatre augment\u00e9e. Deuxi\u00e8mement, la teneur en humidit\u00e9 du mat\u00e9riau de boue m\u00e9lang\u00e9e est uniforme, la surface des particules est enti\u00e8rement mouill\u00e9e et l'effet de m\u00e9lange final est bon.<\/p>    <h2 class=\"wp-block-heading\" id=\"h-charcoal-powder-mixer-details-feature\">Caract\u00e9ristique des d\u00e9tails du m\u00e9langeur de poudre de charbon de bois<\/h2>    <div class=\"wp-block-media-text is-stacked-on-mobile\"><figure class=\"wp-block-media-text__media\"><img loading=\"lazy\" decoding=\"async\" width=\"720\" height=\"540\" src=\"https:\/\/bestcharcoalmachine.com\/wp-content\/uploads\/2021\/11\/wheels-inside-the-mill.jpg\" alt=\"roues-\u00e0-l&#039;int\u00e9rieur-du-moulin\" class=\"wp-image-2206 size-full\" srcset=\"https:\/\/bestcharcoalmachine.com\/wp-content\/uploads\/2021\/11\/wheels-inside-the-mill.jpg 720w, https:\/\/bestcharcoalmachine.com\/wp-content\/uploads\/2021\/11\/wheels-inside-the-mill-300x225.jpg 300w\" sizes=\"auto, (max-width: 720px) 100vw, 720px\" \/><\/figure><div class=\"wp-block-media-text__content\"> <p>Le mat\u00e9riau des rouleaux est dur, pr\u00e9sente une r\u00e9sistance \u00e9lev\u00e9e aux acides et aux alcalis et une r\u00e9sistance \u00e0 l'usure, de sorte que la dur\u00e9e de vie est relativement longue.<\/p> <\/div><\/div>    <div class=\"wp-block-media-text has-media-on-the-right is-stacked-on-mobile\"><figure class=\"wp-block-media-text__media\"><img loading=\"lazy\" decoding=\"async\" width=\"522\" height=\"351\" src=\"https:\/\/bestcharcoalmachine.com\/wp-content\/uploads\/2021\/12\/charcoal-grinder-motor.png\" alt=\"moteur de broyeur \u00e0 charbon de bois\" class=\"wp-image-2936 size-full\"\/><\/figure><div class=\"wp-block-media-text__content\"> <p>Nous utilisons un moteur en cuivre pur, qui a une puissance suffisante et ne peut \u00eatre remplac\u00e9 mais non r\u00e9par\u00e9 que pendant la p\u00e9riode de garantie.<\/p> <\/div><\/div>    <h2 class=\"wp-block-heading\" id=\"h-advantages-of-charcoal-wheel-grinder-mill\">Avantages du broyeur \u00e0 charbon de bois<\/h2>    <ul class=\"wp-block-list\"><li>L'utilisation d'un broyeur \u00e0 charbon peut permettre un m\u00e9lange plus uniforme de la poudre de charbon, de l'eau et du liant, \u00e9conomisant ainsi le temps de fusion des mat\u00e9riaux\u00a0;<\/li><li>Le m\u00e9langeur de poudre de charbon de bois peut \u00e9conomiser beaucoup de main d'\u0153uvre et de produits finis. G\u00e9n\u00e9ralement, la production de charbon de bois dans une usine est tr\u00e8s importante. C'est un choix qui permet de gagner du temps et de la main-d'\u0153uvre pour remplacer la main-d'\u0153uvre par des machines.<\/li><li>Une fois le mat\u00e9riau initialement transform\u00e9 dans la machine \u00e0 charbon de narguil\u00e9 ou dans la presse \u00e0 billes, l'usure des parties vuln\u00e9rables de la machine peut \u00e9galement \u00eatre r\u00e9duite et la dur\u00e9e de vie de la machine peut \u00eatre prolong\u00e9e.<\/li><\/ul>    <h2 class=\"wp-block-heading\" id=\"h-parameters-of-powder-mixer\">Param\u00e8tres du m\u00e9langeur de poudre<\/h2>    <figure class=\"wp-block-table\"><table><tbody><tr><td>Mod\u00e8le<\/td><td>WD-CG1<\/td><td>WD-CG2<\/td><td>WD-CG3<\/td><td>WD-CG4<\/td><td>WD-CG5<\/td><td>WD-CG6<\/td><td>WD-CG7<\/td><td>WD-CG8<\/td><\/tr><tr><td>Diam\u00e8tre\u00a0(mm)<\/td><td>1000<\/td><td>1200<\/td><td>1500<\/td><td>1600<\/td><td>1800<\/td><td>2000<\/td><td>2500<\/td><td>3000<\/td><\/tr><tr><td>Quantit\u00e9 d'alimentation (Kg\/h)<\/td><td>110<\/td><td>150<\/td><td>3500<\/td><td>350<\/td><td>550<\/td><td>900<\/td><td>1700<\/td><td>2000<\/td><\/tr><tr><td>Temps de m\u00e9lange (\u00a0min)<\/td><td>3-8<\/td><td>3-5<\/td><td>3-5<\/td><td>3-5<\/td><td>3-5<\/td><td>2-5<\/td><td>2-5<\/td><td>2-5<\/td><\/tr><tr><td>Vitesse (tr\/min)<\/td><td>41<\/td><td>41<\/td><td>37<\/td><td>37<\/td><td>36.1<\/td><td>35<\/td><td>30<\/td><td>30<\/td><\/tr><tr><td>Puissance (kw)<\/td><td>5.5<\/td><td>7.5<\/td><td>15<\/td><td>18.5<\/td><td>22<\/td><td>22<\/td><td>30<\/td><td>37<\/td><\/tr><tr><td>Capacit\u00e9 (t\/h)<\/td><td>1.5-2.5<\/td><td>1.5-3<\/td><td>7<\/td><td>9<\/td><td>13<\/td><td>18<\/td><td>30<\/td><td>40<\/td><\/tr><\/tbody><\/table><\/figure>    <h2 class=\"wp-block-heading\">Utilisation des pr\u00e9cautions du broyeur \u00e0 charbon<\/h2>    <ul class=\"wp-block-list\"><li>Allumez d'abord le broyeur \u00e0 charbon, puis d\u00e9chargez le mat\u00e9riau\u00a0;<\/li><li>N'ajoutez pas trop de mati\u00e8re et la hauteur dans le f\u00fbt ne peut pas d\u00e9passer la moiti\u00e9 de la hauteur du rouleau ;<\/li><li>Le temps de m\u00e9lange est de 10 \u00e0 15 minutes. Lorsque le mat\u00e9riau est agit\u00e9 jusqu'\u00e0 ce qu'il devienne grumeleux, cela indique que le mat\u00e9riau et le liant sont enti\u00e8rement int\u00e9gr\u00e9s et que l'orifice de d\u00e9charge peut \u00eatre ouvert pour \u00e9vacuer le mat\u00e9riau. Une fois le mat\u00e9riau d\u00e9charg\u00e9, le lot suivant peut \u00eatre agit\u00e9.<\/li><\/ul>    <h2 class=\"wp-block-heading\" id=\"h-charcoal-grinder-application-in-production-line\">Application de broyeur de charbon de bois dans une ligne de production<\/h2>    <h3 class=\"wp-block-heading\">Ligne de production de charbon de chicha<\/h3>    <p class=\"translation-block\"><a href=\"https:\/\/bestcharcoalmachine.com\/fr\/product-line\/shisha-charcoal-production-line-1-3\/\">Les \u00e9tapes de production de charbon \u00e0 chicha<\/a> comprennent principalement : carbonisation des mati\u00e8res premi\u00e8res \u2014 broyage des mat\u00e9riaux carbonis\u00e9s \u2014 m\u00e9lange de poudre de charbon, d'eau et d'adh\u00e9sif \u2014 formation de charbon \u00e0 chicha \u2014 s\u00e9chage \u2014 emballage.<\/p>    <div class=\"wp-block-media-text has-media-on-the-right is-stacked-on-mobile\"><figure class=\"wp-block-media-text__media\"><img loading=\"lazy\" decoding=\"async\" width=\"720\" height=\"540\" src=\"https:\/\/bestcharcoalmachine.com\/wp-content\/uploads\/2022\/01\/rotary-shisha-charcoal-machine.jpg\" alt=\"machine \u00e0 charbon de chicha rotative\" class=\"wp-image-2376 size-full\"\/><\/figure><div class=\"wp-block-media-text__content\"> <p class=\"translation-block\">La <a href=\"https:\/\/bestcharcoalmachine.com\/fr\/product\/rotary-shisha-charcoal-machine\/attachment\/rotary-shisha-charcoal-machine\/\">machine \u00e0 charbon \u00e0 chicha<\/a> utilise du charbon finement broy\u00e9 pour fabriquer des blocs de charbon \u00e0 chicha. <\/p> <\/div><\/div>    <h3 class=\"wp-block-heading\">Projet de briquettes de charbon de bois pour barbecue<\/h3>    <p class=\"translation-block\">La <a href=\"https:\/\/bestcharcoalmachine.com\/fr\/product-line\/barbecue-charcoal-production-line\/\">ligne de production de charbon barbecue<\/a> est une ligne de traitement de briquettes de barbecue automatis\u00e9e, con\u00e7ue ind\u00e9pendamment par l'usine WOOD. Le projet de briquettes de charbon BBQ comprend principalement un four de carbonisation, un broyeur \u00e0 charbon, des convoyeurs \u00e0 vis, un broyeur \u00e0 charbon, une machine de formation de charbon, un s\u00e9choir \u00e0 briquettes et une machine d'emballage de charbon barbecue.<\/p>    <div class=\"wp-block-media-text is-stacked-on-mobile\"><figure class=\"wp-block-media-text__media\"><img loading=\"lazy\" decoding=\"async\" width=\"720\" height=\"540\" src=\"https:\/\/bestcharcoalmachine.com\/wp-content\/uploads\/2021\/12\/Charcoal-Ball-Press-Machine.jpg\" alt=\"Presse-boules de charbon de bois\" class=\"wp-image-1825 size-full\" srcset=\"https:\/\/bestcharcoalmachine.com\/wp-content\/uploads\/2021\/12\/Charcoal-Ball-Press-Machine.jpg 720w, https:\/\/bestcharcoalmachine.com\/wp-content\/uploads\/2021\/12\/Charcoal-Ball-Press-Machine-300x225.jpg 300w\" sizes=\"auto, (max-width: 720px) 100vw, 720px\" \/><\/figure><div class=\"wp-block-media-text__content\"> <p class=\"translation-block\">La <a href=\"https:\/\/bestcharcoalmachine.com\/fr\/charcoal-briquette-machine\/charcoal-ball-press-machine\/\">machine presses \u00e0 charbon<\/a> est l\u2019\u00e9quipement ind\u00e9pendant de l\u2019ensemble de la ligne de production. La qualit\u00e9 de celui-ci d\u00e9terminera la qualit\u00e9 des boules de charbon.<\/p> <\/div><\/div>    <h2 class=\"wp-block-heading\" id=\"h-charcoal-wheel-grinding-mill-in-stock\">Broyeur \u00e0 meule de charbon de bois en stock<\/h2>    <p>Nos broyeurs \u00e0 charbon sont en stock suffisant. Vous \u00eates invit\u00e9s \u00e0 consulter et \u00e0 acheter \u00e0 tout moment. Notre responsable commercial s\u00e9lectionnera le mod\u00e8le appropri\u00e9 et vous enverra un devis d\u00e8s que possible apr\u00e8s r\u00e9ception de votre demande.<\/p>    <figure class=\"wp-block-gallery has-nested-images columns-default is-cropped wp-block-gallery-3 is-layout-flex wp-block-gallery-is-layout-flex\"> <figure class=\"wp-block-image size-large\"><img decoding=\"async\" data-id=\"1718\" src=\"https:\/\/bestcharcoalmachine.com\/wp-content\/uploads\/2021\/12\/charcoal-wheel-grinding-mill-in-stock.jpg\" alt=\"\" class=\"wp-image-1718\"\/><figcaption>broyeur \u00e0 charbon de bois en stock<\/figcaption><\/figure>    <figure class=\"wp-block-image size-large\"><img decoding=\"async\" data-id=\"1719\" src=\"https:\/\/bestcharcoalmachine.com\/wp-content\/uploads\/2021\/12\/brand-new-machines-in-factory.jpg\" alt=\"machines neuves en usine\" class=\"wp-image-1719\"\/><figcaption>machines neuves en usine<\/figcaption><\/figure> <\/figure>    <h2 class=\"wp-block-heading\" id=\"h-loading-and-delivery-of-charcoal-grinder\">Chargement et livraison du broyeur \u00e0 charbon<\/h2>    <p>Un client en Malaisie a achet\u00e9 une machine pour son usine de transformation de charbon de chicha, qui est maintenant en service, et le client a signal\u00e9 que la machine augmentait la densit\u00e9 de la mati\u00e8re premi\u00e8re, permettant au charbon de chicha produit de br\u00fbler plus longtemps.<\/p>    <figure class=\"wp-block-gallery has-nested-images columns-default is-cropped wp-block-gallery-4 is-layout-flex wp-block-gallery-is-layout-flex\"> <figure class=\"wp-block-image size-large\"><img decoding=\"async\" data-id=\"1714\" src=\"https:\/\/bestcharcoalmachine.com\/wp-content\/uploads\/2021\/12\/loading-and-delivery-1.jpg\" alt=\"\" class=\"wp-image-1714\"\/><figcaption>chargement et livraison<\/figcaption><\/figure>    <figure class=\"wp-block-image size-large\"><img decoding=\"async\" data-id=\"1716\" src=\"https:\/\/bestcharcoalmachine.com\/wp-content\/uploads\/2021\/12\/packing-picture.jpg\" alt=\"photo d&#039;emballage\" class=\"wp-image-1716\"\/><figcaption>photo d'emballage<\/figcaption><\/figure>    <figure class=\"wp-block-image size-large\"><img decoding=\"async\" data-id=\"1717\" src=\"https:\/\/bestcharcoalmachine.com\/wp-content\/uploads\/2021\/12\/delivery.jpg\" alt=\"livraison\" class=\"wp-image-1717\"\/><figcaption>livraison<\/figcaption><\/figure> <\/figure>","protected":false},"excerpt":{"rendered":"<p>The charcoal wheel grinding mill, also known as the charcoal powder mix, is the auxiliary machine of the charcoal briquette plant and is the primary processing equipment of the charcoal production line. It is used to mix and press charcoal powder, binder and water so that materials with a small specific gravity can be fully [&hellip;]<\/p>\n","protected":false},"author":1,"featured_media":1860,"parent":0,"template":"","tags":[],"product-type":[48],"class_list":["post-1706","product","type-product","status-publish","has-post-thumbnail","hentry","product-type-grinder-and-mixer"],"_links":{"self":[{"href":"https:\/\/bestcharcoalmachine.com\/fr\/wp-json\/wp\/v2\/product\/1706","targetHints":{"allow":["GET"]}}],"collection":[{"href":"https:\/\/bestcharcoalmachine.com\/fr\/wp-json\/wp\/v2\/product"}],"about":[{"href":"https:\/\/bestcharcoalmachine.com\/fr\/wp-json\/wp\/v2\/types\/product"}],"author":[{"embeddable":true,"href":"https:\/\/bestcharcoalmachine.com\/fr\/wp-json\/wp\/v2\/users\/1"}],"wp:featuredmedia":[{"embeddable":true,"href":"https:\/\/bestcharcoalmachine.com\/fr\/wp-json\/wp\/v2\/media\/1860"}],"wp:attachment":[{"href":"https:\/\/bestcharcoalmachine.com\/fr\/wp-json\/wp\/v2\/media?parent=1706"}],"wp:term":[{"taxonomy":"post_tag","embeddable":true,"href":"https:\/\/bestcharcoalmachine.com\/fr\/wp-json\/wp\/v2\/tags?post=1706"},{"taxonomy":"product-type","embeddable":true,"href":"https:\/\/bestcharcoalmachine.com\/fr\/wp-json\/wp\/v2\/product-type?post=1706"}],"curies":[{"name":"wp","href":"https:\/\/api.w.org\/{rel}","templated":true}]}}