{"id":1673,"date":"2021-12-21T01:38:40","date_gmt":"2021-12-21T01:38:40","guid":{"rendered":"https:\/\/bestcharcoalmachine.com\/?p=1673"},"modified":"2022-12-26T17:34:20","modified_gmt":"2022-12-26T09:34:20","slug":"charcoal-briquette-packing-machine-2","status":"publish","type":"product","link":"https:\/\/bestcharcoalmachine.com\/fr\/product\/charcoal-briquette-packing-machine-2\/","title":{"rendered":"Machine d'emballage de briquettes de charbon de bois | Machine de conditionnement de charbon de narguil\u00e9"},"content":{"rendered":"<div class=\"kk-star-ratings kksr-auto kksr-align-left kksr-valign-top\"     data-payload='{&quot;align&quot;:&quot;left&quot;,&quot;id&quot;:&quot;1673&quot;,&quot;slug&quot;:&quot;default&quot;,&quot;valign&quot;:&quot;top&quot;,&quot;ignore&quot;:&quot;&quot;,&quot;reference&quot;:&quot;auto&quot;,&quot;class&quot;:&quot;&quot;,&quot;count&quot;:&quot;27&quot;,&quot;legendonly&quot;:&quot;&quot;,&quot;readonly&quot;:&quot;&quot;,&quot;score&quot;:&quot;4.8&quot;,&quot;starsonly&quot;:&quot;&quot;,&quot;best&quot;:&quot;5&quot;,&quot;gap&quot;:&quot;5&quot;,&quot;greet&quot;:&quot;Rate this product&quot;,&quot;legend&quot;:&quot;4.8\\\/5 - (27 votes)&quot;,&quot;size&quot;:&quot;24&quot;,&quot;title&quot;:&quot;Charcoal Briquette Packing Machine |  Hookah Coal Packaging Machine&quot;,&quot;width&quot;:&quot;136.7&quot;,&quot;_legend&quot;:&quot;{score}\\\/{best} - ({count} {votes})&quot;,&quot;font_factor&quot;:&quot;1.25&quot;}'>              <div class=\"kksr-stars\">      <div class=\"kksr-stars-inactive\">             <div class=\"kksr-star\" data-star=\"1\" style=\"padding-right: 5px\">               <div class=\"kksr-icon\" style=\"width: 24px; height: 24px;\"><\/div>         <\/div>             <div class=\"kksr-star\" data-star=\"2\" style=\"padding-right: 5px\">               <div class=\"kksr-icon\" style=\"width: 24px; height: 24px;\"><\/div>         <\/div>             <div class=\"kksr-star\" data-star=\"3\" style=\"padding-right: 5px\">               <div class=\"kksr-icon\" style=\"width: 24px; height: 24px;\"><\/div>         <\/div>             <div class=\"kksr-star\" data-star=\"4\" style=\"padding-right: 5px\">               <div class=\"kksr-icon\" style=\"width: 24px; height: 24px;\"><\/div>         <\/div>             <div class=\"kksr-star\" data-star=\"5\" style=\"padding-right: 5px\">               <div class=\"kksr-icon\" style=\"width: 24px; height: 24px;\"><\/div>         <\/div>     <\/div>      <div class=\"kksr-stars-active\" style=\"width: 136.7px;\">             <div class=\"kksr-star\" style=\"padding-right: 5px\">               <div class=\"kksr-icon\" style=\"width: 24px; height: 24px;\"><\/div>         <\/div>             <div class=\"kksr-star\" style=\"padding-right: 5px\">               <div class=\"kksr-icon\" style=\"width: 24px; height: 24px;\"><\/div>         <\/div>             <div class=\"kksr-star\" style=\"padding-right: 5px\">               <div class=\"kksr-icon\" style=\"width: 24px; height: 24px;\"><\/div>         <\/div>             <div class=\"kksr-star\" style=\"padding-right: 5px\">               <div class=\"kksr-icon\" style=\"width: 24px; height: 24px;\"><\/div>         <\/div>             <div class=\"kksr-star\" style=\"padding-right: 5px\">               <div class=\"kksr-icon\" style=\"width: 24px; height: 24px;\"><\/div>         <\/div>     <\/div> <\/div>                   <div class=\"kksr-legend\" style=\"font-size: 19.2px;\">             4,8\/5 - (27 votes)    <\/div>     <\/div>  <p>La machine d'emballage de briquettes de charbon de bois est principalement utilis\u00e9e pour l'emballage de charbon de bois, de charbon de narguil\u00e9, de charbon d'allumage, de charbon de barbecue, de tiges de biomasse, de charbon propre et d'autres produits. Apr\u00e8s emballage, l'apparence est exquise et belle, pratique pour le stockage et le transport, et rapide et pratique \u00e0 utiliser. WOOD Machinery a un projet d\u2019emballage automatique mature. La machine d'emballage automatique emballe des blocs rapides et pr\u00e9sente une efficacit\u00e9 de travail \u00e9lev\u00e9e. Dites-nous simplement les mati\u00e8res premi\u00e8res que vous souhaitez emballer et nous pourrons adapter une solution d'emballage de charbon de bois ou de charbon de narguil\u00e9 adapt\u00e9e \u00e0 vos besoins.<\/p>    <h2 class=\"wp-block-heading\">Br\u00e8ve introduction de la machine d'emballage de briquettes de charbon de bois<\/h2>    <p>WOOD Machinery s'engage \u00e0 fournir \u00e0 ses clients des machines d'emballage de charbon de bois de la plus haute qualit\u00e9. Afin de r\u00e9pondre aux besoins des utilisateurs, nous produisons trois types de machines d'emballage de charbon de bois, notamment des machines d'emballage de charbon de narguil\u00e9, des machines d'emballage quantitatives et des machines d'emballage r\u00e9tractable. Les clients peuvent choisir diff\u00e9rentes machines d'emballage de briquettes de charbon de bois en fonction de leurs mati\u00e8res premi\u00e8res.<\/p>    <h2 class=\"wp-block-heading\" id=\"h-shisha-charcoal-packing-machine\">Machine d'emballage de charbon de bois pour chicha<\/h2>    <h3 class=\"wp-block-heading\">Emballage de charbon de chicha rond<\/h3>    <p class=\"translation-block\">Les briquettes de hookah fabriqu\u00e9es par une <a href=\"https:\/\/bestcharcoalmachine.com\/fr\/shisha-charcoal-machine\/\">machine \u00e0 charbon \u00e0 shisha<\/a> peuvent \u00eatre bien emball\u00e9es \u00e0 cette \u00e9tape.<\/p>    <figure class=\"wp-block-image aligncenter size-full\"><img loading=\"lazy\" decoding=\"async\" width=\"720\" height=\"540\" src=\"https:\/\/bestcharcoalmachine.com\/wp-content\/uploads\/2021\/12\/round-briquettes-of-shisha-charcoal-production-line.jpg\" alt=\"ligne-de-production-de-briquettes-rondes-de-charbon-de-chicha\" class=\"wp-image-2112\" srcset=\"https:\/\/bestcharcoalmachine.com\/wp-content\/uploads\/2021\/12\/round-briquettes-of-shisha-charcoal-production-line.jpg 720w, https:\/\/bestcharcoalmachine.com\/wp-content\/uploads\/2021\/12\/round-briquettes-of-shisha-charcoal-production-line-300x225.jpg 300w\" sizes=\"auto, (max-width: 720px) 100vw, 720px\" \/><figcaption class=\"wp-element-caption\">briquettes-rondes-de-<a href=\"https:\/\/en.wikipedia.org\/wiki\/Shisha\" target=\"_blank\" rel=\"noopener\">chicha<\/a>-ligne-de-production-de-charbon<\/figcaption><\/figure>    <figure class=\"wp-block-image aligncenter size-full\"><img loading=\"lazy\" decoding=\"async\" width=\"720\" height=\"540\" src=\"https:\/\/bestcharcoalmachine.com\/wp-content\/uploads\/2021\/12\/The-shisha-packing-machine-is-working.jpg\" alt=\"La machine \u00e0 emballer la chicha fonctionne\" class=\"wp-image-1768\" srcset=\"https:\/\/bestcharcoalmachine.com\/wp-content\/uploads\/2021\/12\/The-shisha-packing-machine-is-working.jpg 720w, https:\/\/bestcharcoalmachine.com\/wp-content\/uploads\/2021\/12\/The-shisha-packing-machine-is-working-300x225.jpg 300w\" sizes=\"auto, (max-width: 720px) 100vw, 720px\" \/><figcaption class=\"wp-element-caption\">La machine \u00e0 emballer la chicha fonctionne<\/figcaption><\/figure>    <h4 class=\"wp-block-heading\">Caract\u00e9ristiques structurelles de la machine d'emballage de briquettes de charbon de bois<\/h4>    <ul class=\"wp-block-list\"> <li>Cette machine d'emballage de briquettes de charbon de bois adopte un contr\u00f4le par \u00e9cran tactile, le circuit de contr\u00f4le principal adopte une puce intelligente, une mesure pr\u00e9cise, un r\u00e9glage pratique et rapide des param\u00e8tres, une op\u00e9ration simple et un r\u00e9glage pratique.<\/li>    <li>La fonction d'autodiagnostic des d\u00e9fauts, l'affichage des d\u00e9fauts est clair en un coup d'\u0153il.<\/li>    <li>Saisissez num\u00e9riquement la position de scellage et de coupe pour rendre la position de scellage et de coupe plus pr\u00e9cise.<\/li>    <li>Contr\u00f4le PID ind\u00e9pendant de la temp\u00e9rature, mieux adapt\u00e9 \u00e0 divers mat\u00e9riaux d'emballage.<\/li>    <li>Le syst\u00e8me de transmission est simple, facile \u00e0 entretenir, moins d\u2019usure et longue dur\u00e9e de vie.<\/li>    <li>Les performances d'\u00e9tanch\u00e9it\u00e9 sont bonnes, l'effet d'emballage est magnifique et la date de production, le gonflage et l'angle de pliage tridimensionnel peuvent \u00eatre imprim\u00e9s simultan\u00e9ment.<\/li> <\/ul>    <h2 class=\"wp-block-heading\" id=\"h-more-details-of-hookah-packing-machine\">Plus de d\u00e9tails sur la machine \u00e0 emballer le narguil\u00e9<\/h2>    <div class=\"wp-block-media-text is-stacked-on-mobile\"><figure class=\"wp-block-media-text__media\"><img loading=\"lazy\" decoding=\"async\" width=\"720\" height=\"540\" src=\"https:\/\/bestcharcoalmachine.com\/wp-content\/uploads\/2021\/12\/conveyor-of-the-packing-device-1.jpg\" alt=\"convoyeur du dispositif d&#039;emballage\" class=\"wp-image-1769 size-full\" srcset=\"https:\/\/bestcharcoalmachine.com\/wp-content\/uploads\/2021\/12\/conveyor-of-the-packing-device-1.jpg 720w, https:\/\/bestcharcoalmachine.com\/wp-content\/uploads\/2021\/12\/conveyor-of-the-packing-device-1-300x225.jpg 300w\" sizes=\"auto, (max-width: 720px) 100vw, 720px\" \/><\/figure><div class=\"wp-block-media-text__content\"> <p>La bande transporteuse est tr\u00e8s large et la vitesse de transport est r\u00e9glable, ce qui peut transporter en continu une grande quantit\u00e9 de charbon de narguil\u00e9, ce qui permet d'\u00e9conomiser consid\u00e9rablement les co\u00fbts de main-d'\u0153uvre tout en garantissant la forme compl\u00e8te du charbon de narguil\u00e9.<\/p> <\/div><\/div>    <div class=\"wp-block-media-text has-media-on-the-right is-stacked-on-mobile\"><div class=\"wp-block-media-text__content\"> <p>L'\u00e9quipement de distribution de mat\u00e9riel divise le charbon de narguil\u00e9 envoy\u00e9 par le tapis roulant en groupes, la quantit\u00e9 de chaque groupe est g\u00e9n\u00e9ralement de 10 et la quantit\u00e9 peut \u00e9galement \u00eatre personnalis\u00e9e. <\/p>    <p>Le dispositif de distribution peut regrouper rapidement et pr\u00e9cis\u00e9ment les blocs de carbone, ce qui am\u00e9liore l'efficacit\u00e9 de l'emballage.<\/p> <\/div><figure class=\"wp-block-media-text__media\"><img loading=\"lazy\" decoding=\"async\" width=\"720\" height=\"540\" src=\"https:\/\/bestcharcoalmachine.com\/wp-content\/uploads\/2021\/12\/packing-machine-1.jpg\" alt=\"\" class=\"wp-image-2069 size-full\" srcset=\"https:\/\/bestcharcoalmachine.com\/wp-content\/uploads\/2021\/12\/packing-machine-1.jpg 720w, https:\/\/bestcharcoalmachine.com\/wp-content\/uploads\/2021\/12\/packing-machine-1-300x225.jpg 300w\" sizes=\"auto, (max-width: 720px) 100vw, 720px\" \/><\/figure><\/div>    <div class=\"wp-block-media-text is-stacked-on-mobile\"><figure class=\"wp-block-media-text__media\"><img loading=\"lazy\" decoding=\"async\" width=\"720\" height=\"540\" src=\"https:\/\/bestcharcoalmachine.com\/wp-content\/uploads\/2021\/12\/details-1.jpg\" alt=\"\" class=\"wp-image-1907 size-full\" srcset=\"https:\/\/bestcharcoalmachine.com\/wp-content\/uploads\/2021\/12\/details-1.jpg 720w, https:\/\/bestcharcoalmachine.com\/wp-content\/uploads\/2021\/12\/details-1-300x225.jpg 300w\" sizes=\"auto, (max-width: 720px) 100vw, 720px\" \/><\/figure><div class=\"wp-block-media-text__content\"> <p>Utilisez l'\u00e9cran bilingue pour d\u00e9finir facilement les param\u00e8tres et les fonctions, et utilisez la bobine de film multi-liens pour tirer en douceur.<\/p> <\/div><\/div>    <h2 class=\"wp-block-heading\" id=\"h-video-of-packing-round-shisha-charcoal\">Vid\u00e9o de l'emballage du charbon de chicha rond<\/h2>    <figure class=\"wp-block-embed is-type-video is-provider-youtube wp-block-embed-youtube wp-embed-aspect-16-9 wp-has-aspect-ratio\"><div class=\"wp-block-embed__wrapper\"> <iframe loading=\"lazy\" title=\"Machine d&#039;emballage de charbon de Shisha \u00e0 vendre\" width=\"500\" height=\"281\" src=\"https:\/\/www.youtube.com\/embed\/mpClag14eF4?start=2&#038;feature=oembed\" frameborder=\"0\" allow=\"accelerometer; autoplay; clipboard-write; encrypted-media; gyroscope; picture-in-picture; web-share\" referrerpolicy=\"strict-origin-when-cross-origin\" allowfullscreen><\/iframe> <\/div><\/figure>    <h2 class=\"wp-block-heading\">Param\u00e8tres de la machine d'emballage de briquettes de charbon de bois<\/h2>    <figure class=\"wp-block-table\"><table><tbody><tr><td>Taper<\/td><td>WD-HP 280<\/td><td>&nbsp;Remarque<\/td><\/tr><tr><td>Largeur du film d'emballage<\/td><td>100-280mm<\/td><td>&nbsp;<\/td><\/tr><tr><td>Longueur de sac<\/td><td>80-300mm<\/td><td>&nbsp;<\/td><\/tr><tr><td>Hauteur d'emballage<\/td><td>5-60mm<\/td><td>&nbsp;Au-dessus de 60 mm peut \u00eatre personnalis\u00e9 selon les exigences du client<\/td><\/tr><tr><td>Diam\u00e8tre du rouleau de film<\/td><td>\u2264320mm<\/td><\/tr><tr><td>Capacit\u00e9<\/td><td>120\u00a0sacs\/min<\/td><td>&nbsp;<\/td><\/tr><tr><td>Pouvoir<\/td><td>220V50HZ 3,55kw<\/td><td> <\/td><\/tr><tr><td>Taille<\/td><td>(L)4000\u00d7(L)900\u00d7(H)1500mm<\/td><td>&nbsp;<\/td><\/tr><tr><td>Poids<\/td><td>500 kg<\/td><td><\/td><\/tr><\/tbody><\/table><\/figure>    <h3 class=\"gb-headline gb-headline-7b051e28 gb-headline-text\">Vid\u00e9o d'emballage de charbon de narguil\u00e9 en forme de cube<\/h3>    <p>L'emballage du charbon de chicha cubique est un peu diff\u00e9rent de l'emballage du charbon de bois rond, si vous \u00eates int\u00e9ress\u00e9, n'h\u00e9sitez pas \u00e0 nous consulter et \u00e0 laisser vos commentaires et demandes au bas de la page. Notre directeur commercial vous enverra les d\u00e9tails connexes.<\/p>    <figure class=\"wp-block-embed is-type-video is-provider-youtube wp-block-embed-youtube wp-embed-aspect-16-9 wp-has-aspect-ratio\"><div class=\"wp-block-embed__wrapper\"> <iframe loading=\"lazy\" title=\"Comment le cube de charbon de chicha sera-t-il emball\u00e9 | Machine d&#039;emballage de charbon de bois pour narguil\u00e9\" width=\"500\" height=\"281\" src=\"https:\/\/www.youtube.com\/embed\/Ij1GaNTI-Og?start=37&#038;feature=oembed\" frameborder=\"0\" allow=\"accelerometer; autoplay; clipboard-write; encrypted-media; gyroscope; picture-in-picture; web-share\" referrerpolicy=\"strict-origin-when-cross-origin\" allowfullscreen><\/iframe> <\/div><\/figure>    <h2 class=\"wp-block-heading\">Machine d'emballage quantitative de charbon de bois pour barbecue<\/h2>    <h3 class=\"wp-block-heading\">Introduction de la machine d'emballage de briquettes de charbon de bois<\/h3>    <p class=\"translation-block\">Une machine d'emballage quantitative est utilis\u00e9e pour emballer des briquettes de barbecue fabriqu\u00e9es par une <a href=\"https:\/\/bestcharcoalmachine.com\/fr\/charcoal-ball-press-machine\/\">machine \u00e0 presser le charbon BBQ<\/a>. Elle est principalement compos\u00e9e de quatre parties : dispositif de pes\u00e9e automatique, dispositif de transport, dispositif de couture et contr\u00f4le par ordinateur. La machine d'emballage de briquettes de charbon est adapt\u00e9e \u00e0 l'emballage automatique et quantitatif de divers types de carbone, briquettes, particules biologiques, mat\u00e9riaux granulaires (aliments, sable de quartz), engrais organiques, particules en poudre, mat\u00e9riaux m\u00e9lang\u00e9s, mat\u00e9riaux en flocons et mat\u00e9riaux irr\u00e9guliers. Elle pr\u00e9sente des caract\u00e9ristiques de structure raisonnable, d'apparence esth\u00e9tique, de fonctionnement stable, d'\u00e9conomie d'\u00e9nergie et d'\u00e9lectricit\u00e9, de fonctionnement pratique et de pes\u00e9e pr\u00e9cise.<\/p>    <figure class=\"wp-block-gallery has-nested-images columns-default is-cropped wp-block-gallery-2 is-layout-flex wp-block-gallery-is-layout-flex\"> <figure class=\"wp-block-image size-large\"><img decoding=\"async\" data-id=\"1689\" src=\"https:\/\/bestcharcoalmachine.com\/wp-content\/uploads\/2021\/12\/quantitative-charcoal-packing-machine.jpg\" alt=\"machine d&#039;emballage quantitative de charbon de bois\" class=\"wp-image-1689\"\/><figcaption class=\"wp-element-caption\">machine d'emballage quantitative de charbon de bois<\/figcaption><\/figure>    <figure class=\"wp-block-image size-large\"><img decoding=\"async\" data-id=\"1698\" src=\"https:\/\/bestcharcoalmachine.com\/wp-content\/uploads\/2021\/12\/packaged-BBQ-briquettes.jpg\" alt=\"briquettes de barbecue emball\u00e9es\" class=\"wp-image-1698\"\/><figcaption class=\"wp-element-caption\">briquettes de barbecue emball\u00e9es<\/figcaption><\/figure> <\/figure>    <h3 class=\"wp-block-heading\">Caract\u00e9ristiques de la machine d'emballage de briquettes de charbon de bois BBQ<\/h3>    <ul class=\"wp-block-list\"> <li>Utilisation d'un processus de production d'acier au carbone.<\/li>    <li>L'\u00e9quipement adopte un pesage au godet, un capteur de suspension ind\u00e9pendant et un convertisseur de fr\u00e9quence pour contr\u00f4ler la vitesse du moteur, et la transmission du signal est stable pour garantir la vitesse de pes\u00e9e.<\/li>    <li>Alimentation par courroie, aucun dommage d'extrusion au mat\u00e9riau.<\/li>    <li>La machine principale adopte une alimentation rapide, moyenne et lente \u00e0 trois vitesses pour garantir la pr\u00e9cision et la vitesse de mesure.<\/li> <\/ul>    <figure class=\"wp-block-gallery has-nested-images columns-default is-cropped wp-block-gallery-3 is-layout-flex wp-block-gallery-is-layout-flex\"> <figure class=\"wp-block-image size-large\"><img decoding=\"async\" data-id=\"1690\" src=\"https:\/\/bestcharcoalmachine.com\/wp-content\/uploads\/2021\/12\/BBQ-briquette-packing-machine.jpg\" alt=\"Machine d&#039;emballage de briquettes de barbecue\" class=\"wp-image-1690\"\/><figcaption class=\"wp-element-caption\">Machine d'emballage de briquettes de barbecue<\/figcaption><\/figure>    <figure class=\"wp-block-image size-large\"><img decoding=\"async\" data-id=\"1694\" src=\"https:\/\/bestcharcoalmachine.com\/wp-content\/uploads\/2021\/12\/controller.jpg\" alt=\"manette\" class=\"wp-image-1694\"\/><figcaption class=\"wp-element-caption\">manette<\/figcaption><\/figure> <\/figure>    <h3 class=\"wp-block-heading\">Comment ajuster le poids du produit ?<\/h3>    <ol class=\"wp-block-list\"> <li>Allumez la machine.<\/li>    <li>D\u00e9finissez les donn\u00e9es cibles, puis cliquez sur \u00ab confirmer \u00bb.<\/li>    <li>D\u00e9finir le plomb (L'emballage ralentit \u00e0 la fin).<\/li>    <li>Appuyez longuement sur \u00ab\u00a0r\u00e9viser\u00a0\u00bb, suspendez un poids avec un poids connu, entrez le poids et confirmez.<\/li> <\/ol>    <h2 class=\"wp-block-heading\" id=\"h-parameters-of-bbq-charcoal-briquette-packing-machine\">Param\u00e8tres de la machine d'emballage de briquettes de charbon de bois BBQ<\/h2>    <figure class=\"wp-block-table\"><table><tbody><tr><td>Mod\u00e8le<\/td><td>WD-BP<\/td><\/tr><tr><td>Poids d'emballage<\/td><td>20-50 kg\/sac<\/td><\/tr><tr><td>Vitesse d'emballage<\/td><td>300-400 sacs\/h<\/td><\/tr><tr><td>Pouvoir<\/td><td>1,7 kW<\/td><\/tr><tr><td>Dimension<\/td><td>3000*1150*2550mm<\/td><\/tr><\/tbody><\/table><\/figure>    <h2 class=\"wp-block-heading\">Machine d'emballage r\u00e9tractable<\/h2>    <h3 class=\"wp-block-heading\">Introduction de la machine d'emballage r\u00e9tractable<\/h3>    <p class=\"translation-block\">La machine de scellage et de d\u00e9coupe est une machine d'emballage enti\u00e8rement automatique et sans intervention humaine, largement utilis\u00e9e dans la production et l'emballage en masse, avec une efficacit\u00e9 de travail \u00e9lev\u00e9e, un approvisionnement automatique en film et un poin\u00e7onnage, ainsi qu'un scellage et une d\u00e9coupe automatiques du film. Elle peut \u00eatre utilis\u00e9e avec une <a href=\"https:\/\/bestcharcoalmachine.com\/fr\/charcoal-briquette-production-line\/\">ligne de production de briquettes de charbon<\/a> ou une <a href=\"https:\/\/bestcharcoalmachine.com\/fr\/coal-briquette-processing-plant\/\">usine de traitement de briquettes de charbon<\/a>. C'est le premier choix pour le scellage de charbon et l'emballage r\u00e9tractable.<\/p>    <figure class=\"wp-block-image aligncenter size-large\"><img decoding=\"async\" src=\"https:\/\/bestcharcoalmachine.com\/wp-content\/uploads\/2021\/12\/Sealing-and-cutting-machine-3.jpg\" alt=\"machine \u00e0 sceller et \u00e0 d\u00e9couper\" class=\"wp-image-1695\"\/><figcaption class=\"wp-element-caption\">machine \u00e0 sceller et \u00e0 d\u00e9couper<\/figcaption><\/figure>    <h3 class=\"wp-block-heading\">Effet d'emballage de la machine d'emballage de briquettes de charbon de bois<\/h3>    <figure class=\"wp-block-gallery has-nested-images columns-default is-cropped wp-block-gallery-4 is-layout-flex wp-block-gallery-is-layout-flex\"> <figure class=\"wp-block-image size-large\"><img loading=\"lazy\" decoding=\"async\" width=\"720\" height=\"540\" data-id=\"3555\" src=\"https:\/\/bestcharcoalmachine.com\/wp-content\/uploads\/2021\/11\/packed-bio-briquettes.jpg\" alt=\"bio-briquettes emball\u00e9es\" class=\"wp-image-3555\"\/><figcaption class=\"wp-element-caption\">bio-briquettes emball\u00e9es<\/figcaption><\/figure>    <figure class=\"wp-block-image size-large\"><img loading=\"lazy\" decoding=\"async\" width=\"720\" height=\"540\" data-id=\"3557\" src=\"https:\/\/bestcharcoalmachine.com\/wp-content\/uploads\/2021\/11\/sawdust-briquettes.jpg\" alt=\"briquettes de sciure emball\u00e9es\" class=\"wp-image-3557\"\/><figcaption class=\"wp-element-caption\">briquettes de sciure emball\u00e9es<\/figcaption><\/figure> <\/figure>    <figure class=\"wp-block-gallery has-nested-images columns-default is-cropped wp-block-gallery-5 is-layout-flex wp-block-gallery-is-layout-flex\"> <figure class=\"wp-block-image size-large\"><img loading=\"lazy\" decoding=\"async\" width=\"720\" height=\"540\" data-id=\"3559\" src=\"https:\/\/bestcharcoalmachine.com\/wp-content\/uploads\/2021\/11\/sawdust-briquette.jpg\" alt=\"\" class=\"wp-image-3559\"\/><\/figure>    <figure class=\"wp-block-image size-large\"><img loading=\"lazy\" decoding=\"async\" width=\"720\" height=\"540\" data-id=\"2065\" src=\"https:\/\/bestcharcoalmachine.com\/wp-content\/uploads\/2021\/12\/packaged-honeycomb-coal.jpg\" alt=\"charbon en nid d&#039;abeille emball\u00e9\" class=\"wp-image-2065\" srcset=\"https:\/\/bestcharcoalmachine.com\/wp-content\/uploads\/2021\/12\/packaged-honeycomb-coal.jpg 720w, https:\/\/bestcharcoalmachine.com\/wp-content\/uploads\/2021\/12\/packaged-honeycomb-coal-300x225.jpg 300w\" sizes=\"auto, (max-width: 720px) 100vw, 720px\" \/><figcaption class=\"wp-element-caption\">charbon en nid d'abeille emball\u00e9<\/figcaption><\/figure> <\/figure>    <h3 class=\"wp-block-heading\">Vid\u00e9o de travail de la machine d'emballage de briquettes de charbon de bois<\/h3>    <figure class=\"wp-block-embed is-type-video is-provider-youtube wp-block-embed-youtube wp-embed-aspect-16-9 wp-has-aspect-ratio\"><div class=\"wp-block-embed__wrapper\"> <iframe loading=\"lazy\" title=\"Machine d&#039;emballage de briquettes de charbon de bois | Comment emballer automatiquement des briquettes de sciure de bois ?\" width=\"500\" height=\"281\" src=\"https:\/\/www.youtube.com\/embed\/EcaYnJMTlE0?start=21&#038;feature=oembed\" frameborder=\"0\" allow=\"accelerometer; autoplay; clipboard-write; encrypted-media; gyroscope; picture-in-picture; web-share\" referrerpolicy=\"strict-origin-when-cross-origin\" allowfullscreen><\/iframe> <\/div><\/figure>    <h3 class=\"wp-block-heading\" id=\"h-features-of-shrink-packing-machine\">Caract\u00e9ristiques de la machine d'emballage r\u00e9tractable<\/h3>    <ul class=\"wp-block-list\"> <li>La machine d'emballage a un haut degr\u00e9 d'automatisation et est facile \u00e0 utiliser, il suffit de d\u00e9finir les param\u00e8tres sur le panneau de commande.<\/li>    <li>Le produit fini emball\u00e9 a un joint plat et est largement utilis\u00e9, et peut \u00eatre utilis\u00e9 pour emballer des aliments, des boissons, des nids d'abeilles, des produits de premi\u00e8re n\u00e9cessit\u00e9, des produits \u00e9lectroniques, etc.<\/li>    <li>Il y a un endroit sp\u00e9cial sous la machine pour recycler les exc\u00e9dents de film d\u00e9coup\u00e9s afin de garantir la propret\u00e9 de l'atelier.<\/li> <\/ul>    <h2 class=\"wp-block-heading\" id=\"h-shrink-packing-machine-parameters\">R\u00e9tr\u00e9cir les param\u00e8tres de la machine \u00e0 emballer des briquettes de charbon de bois<\/h2>    <figure class=\"wp-block-table\"><table><tbody><tr><td>Mod\u00e8le<\/td><td>WD-SP<\/td><\/tr><tr><td>Tension<\/td><td>220 V\/50-60 Hz, 2,2 kW.<\/td><\/tr><tr><td>Capacit\u00e9 d'emballage<\/td><td>0-30 pi\u00e8ces\/min<\/td><\/tr><tr><td>Max. Taille du scellant<\/td><td>L+2H\u2264550 mm, L+H\u226435 mm, H\u2264140 mm<\/td><\/tr><tr><td>Temp\u00e9rature de scellage<\/td><td>140 \u2103-180 \u2103<\/td><\/tr><tr><td>\u00c9paisseur du film<\/td><td>0,015-0,1 mm<\/td><\/tr><tr><td>Film r\u00e9tractable<\/td><td>POF, PVC, PE<\/td><\/tr><tr><td>Taille de la machine<\/td><td>1760*900*1580mm<\/td><\/tr><\/tbody><\/table><\/figure>","protected":false},"excerpt":{"rendered":"<p>The charcoal briquette packing machine is mainly used for the packaging of charcoal, hookah charcoal, ignition charcoal, barbecue charcoal, biomass rods, clean coal, and other products. After packaging, the appearance is exquisite and beautiful, convenient for storage and transportation, and quick and convenient to use. WOOD Machinery has a mature automatic packaging project. The automatic [&hellip;]<\/p>\n","protected":false},"author":1,"featured_media":1765,"parent":0,"template":"","tags":[],"product-type":[2],"class_list":["post-1673","product","type-product","status-publish","has-post-thumbnail","hentry","product-type-briquettes-packing-machine"],"_links":{"self":[{"href":"https:\/\/bestcharcoalmachine.com\/fr\/wp-json\/wp\/v2\/product\/1673","targetHints":{"allow":["GET"]}}],"collection":[{"href":"https:\/\/bestcharcoalmachine.com\/fr\/wp-json\/wp\/v2\/product"}],"about":[{"href":"https:\/\/bestcharcoalmachine.com\/fr\/wp-json\/wp\/v2\/types\/product"}],"author":[{"embeddable":true,"href":"https:\/\/bestcharcoalmachine.com\/fr\/wp-json\/wp\/v2\/users\/1"}],"wp:featuredmedia":[{"embeddable":true,"href":"https:\/\/bestcharcoalmachine.com\/fr\/wp-json\/wp\/v2\/media\/1765"}],"wp:attachment":[{"href":"https:\/\/bestcharcoalmachine.com\/fr\/wp-json\/wp\/v2\/media?parent=1673"}],"wp:term":[{"taxonomy":"post_tag","embeddable":true,"href":"https:\/\/bestcharcoalmachine.com\/fr\/wp-json\/wp\/v2\/tags?post=1673"},{"taxonomy":"product-type","embeddable":true,"href":"https:\/\/bestcharcoalmachine.com\/fr\/wp-json\/wp\/v2\/product-type?post=1673"}],"curies":[{"name":"wp","href":"https:\/\/api.w.org\/{rel}","templated":true}]}}