{"id":1459,"date":"2021-12-08T09:48:39","date_gmt":"2021-12-08T09:48:39","guid":{"rendered":"https:\/\/bestcharcoalmachine.com\/?p=1459"},"modified":"2023-01-04T16:03:36","modified_gmt":"2023-01-04T08:03:36","slug":"honeycomb-coal-briquette-machine","status":"publish","type":"product","link":"https:\/\/bestcharcoalmachine.com\/fr\/product\/honeycomb-coal-briquette-machine\/","title":{"rendered":"Machine \u00e0 briquettes de charbon en nid d'abeille | Machine de presse \u00e0 charbon de bois"},"content":{"rendered":"<div class=\"kk-star-ratings kksr-auto kksr-align-left kksr-valign-top\"     data-payload='{&quot;align&quot;:&quot;left&quot;,&quot;id&quot;:&quot;1459&quot;,&quot;slug&quot;:&quot;default&quot;,&quot;valign&quot;:&quot;top&quot;,&quot;ignore&quot;:&quot;&quot;,&quot;reference&quot;:&quot;auto&quot;,&quot;class&quot;:&quot;&quot;,&quot;count&quot;:&quot;6&quot;,&quot;legendonly&quot;:&quot;&quot;,&quot;readonly&quot;:&quot;&quot;,&quot;score&quot;:&quot;4.6&quot;,&quot;starsonly&quot;:&quot;&quot;,&quot;best&quot;:&quot;5&quot;,&quot;gap&quot;:&quot;5&quot;,&quot;greet&quot;:&quot;Rate this product&quot;,&quot;legend&quot;:&quot;4.6\\\/5 - (6 votes)&quot;,&quot;size&quot;:&quot;24&quot;,&quot;title&quot;:&quot;Honeycomb Coal Briquette Machine | Charcoal Press Machine&quot;,&quot;width&quot;:&quot;130.9&quot;,&quot;_legend&quot;:&quot;{score}\\\/{best} - ({count} {votes})&quot;,&quot;font_factor&quot;:&quot;1.25&quot;}'>              <div class=\"kksr-stars\">      <div class=\"kksr-stars-inactive\">             <div class=\"kksr-star\" data-star=\"1\" style=\"padding-right: 5px\">               <div class=\"kksr-icon\" style=\"width: 24px; height: 24px;\"><\/div>         <\/div>             <div class=\"kksr-star\" data-star=\"2\" style=\"padding-right: 5px\">               <div class=\"kksr-icon\" style=\"width: 24px; height: 24px;\"><\/div>         <\/div>             <div class=\"kksr-star\" data-star=\"3\" style=\"padding-right: 5px\">               <div class=\"kksr-icon\" style=\"width: 24px; height: 24px;\"><\/div>         <\/div>             <div class=\"kksr-star\" data-star=\"4\" style=\"padding-right: 5px\">               <div class=\"kksr-icon\" style=\"width: 24px; height: 24px;\"><\/div>         <\/div>             <div class=\"kksr-star\" data-star=\"5\" style=\"padding-right: 5px\">               <div class=\"kksr-icon\" style=\"width: 24px; height: 24px;\"><\/div>         <\/div>     <\/div>      <div class=\"kksr-stars-active\" style=\"width: 130.9px;\">             <div class=\"kksr-star\" style=\"padding-right: 5px\">               <div class=\"kksr-icon\" style=\"width: 24px; height: 24px;\"><\/div>         <\/div>             <div class=\"kksr-star\" style=\"padding-right: 5px\">               <div class=\"kksr-icon\" style=\"width: 24px; height: 24px;\"><\/div>         <\/div>             <div class=\"kksr-star\" style=\"padding-right: 5px\">               <div class=\"kksr-icon\" style=\"width: 24px; height: 24px;\"><\/div>         <\/div>             <div class=\"kksr-star\" style=\"padding-right: 5px\">               <div class=\"kksr-icon\" style=\"width: 24px; height: 24px;\"><\/div>         <\/div>             <div class=\"kksr-star\" style=\"padding-right: 5px\">               <div class=\"kksr-icon\" style=\"width: 24px; height: 24px;\"><\/div>         <\/div>     <\/div> <\/div>                   <div class=\"kksr-legend\" style=\"font-size: 19.2px;\">             4,6\/5 - (6 votes)    <\/div>     <\/div>  <p class=\"translation-block\">La machine \u00e0 briquettes de charbon en forme de nid d'abeille est \u00e9galement appel\u00e9e machine \u00e0 presse \u00e0 charbon en nid d'abeille. C'est un \u00e9quipement de machine \u00e0 briquettes qui \u00e9crase le charbon brut ou tamise la poudre de charbon et la poudre de coke, en ajoutant des additifs dans une certaine proportion, et en les perforant en forme de briquette. Diff\u00e9rentes formes peuvent \u00eatre fabriqu\u00e9es en changeant les moules de diff\u00e9rentes formes. Cela \u00e9largit consid\u00e9rablement les fonctions de la machine \u00e0 briquettes et est appr\u00e9ci\u00e9 par la majorit\u00e9 des utilisateurs. C'est un produit de machine \u00e0 briquettes id\u00e9al pour les entrepreneurs. WOOD Machinery fournit une <a href=\"https:\/\/bestcharcoalmachine.com\/fr\/product\/coal-briquette-processing-plant-coal-making-machine-1\/\">ligne de production de charbon<\/a> compl\u00e8te pour nos clients, si int\u00e9ress\u00e9, n'h\u00e9sitez pas \u00e0 nous consulter \u00e0 tout moment.<\/p>    <figure class=\"wp-block-gallery has-nested-images columns-default is-cropped wp-block-gallery-2 is-layout-flex wp-block-gallery-is-layout-flex\"> <figure class=\"wp-block-image size-large\"><img loading=\"lazy\" decoding=\"async\" width=\"720\" height=\"540\" data-id=\"2796\" src=\"https:\/\/bestcharcoalmachine.com\/wp-content\/uploads\/2021\/12\/Honeycomb-coal-briquette-machine-2.jpg\" alt=\"\" class=\"wp-image-2796\"\/><figcaption class=\"wp-element-caption\">Machine \u00e0 briquettes de charbon en nid d'abeille<\/figcaption><\/figure>    <figure class=\"wp-block-image size-large\"><img loading=\"lazy\" decoding=\"async\" width=\"720\" height=\"540\" data-id=\"2797\" src=\"https:\/\/bestcharcoalmachine.com\/wp-content\/uploads\/2021\/12\/Charcoal-press-machine-1.jpg\" alt=\"Presse \u00e0 charbon\" class=\"wp-image-2797\"\/><figcaption class=\"wp-element-caption\">Presse \u00e0 charbon<\/figcaption><\/figure> <\/figure>    <h2 class=\"wp-block-heading\" id=\"h-raw-materials-of-honeycomb-briquette-press-machine\">Mati\u00e8res premi\u00e8res de la presse \u00e0 briquettes en nid d'abeille<\/h2>    <p>La mati\u00e8re premi\u00e8re des briquettes est la poudre de charbon de bois, la poudre de charbon et l'argile. D'une part, l'argile peut agir comme un liant et la briquette n'est pas facile \u00e0 disperser apr\u00e8s avoir br\u00fbl\u00e9. D\u2019un autre c\u00f4t\u00e9, l\u2019ajout de loess peut augmenter le profit du produit fini. De plus, la poudre d'herbe et la poussi\u00e8re de ma\u00efs peuvent \u00e9galement \u00eatre press\u00e9es dans un nid d'abeilles.<\/p>    <figure class=\"wp-block-image aligncenter size-full\"><img loading=\"lazy\" decoding=\"async\" width=\"720\" height=\"540\" src=\"https:\/\/bestcharcoalmachine.com\/wp-content\/uploads\/2021\/12\/raw-materials-of-honeycomb-briquetting-machine1.jpg\" alt=\"mati\u00e8res premi\u00e8res de la machine \u00e0 briquettes en nid d&#039;abeille\" class=\"wp-image-2804\"\/><figcaption class=\"wp-element-caption\">mati\u00e8res premi\u00e8res de la machine \u00e0 briquettes en nid d'abeille<\/figcaption><\/figure>    <h2 class=\"wp-block-heading\" id=\"products-display-of-honeycomb-coal-briquette-machine\">Affichage des produits de la machine \u00e0 briquettes de charbon en nid d'abeille<\/h2>    <p>Les briquettes de charbon en nid d'abeille sont principalement utilis\u00e9es pour l'incendie et le chauffage des maisons. Le diam\u00e8tre de production des briquettes est de 12 cm \u00e0 16 cm. La machine \u00e0 briquettes de charbon en nid d'abeille peut facilement \u00e9changer des moules. Les fonctions de la machine \u00e0 briquettes peuvent \u00eatre consid\u00e9rablement \u00e9tendues en rempla\u00e7ant les moules de diff\u00e9rentes formes, tr\u00e8s appr\u00e9ci\u00e9s des utilisateurs.<\/p>    <figure class=\"wp-block-image aligncenter size-full\"><img decoding=\"async\" src=\"https:\/\/bestcharcoalmachine.com\/wp-content\/uploads\/2021\/12\/honeycomb-coal-briquettes-of-many-shapes.jpg\" alt=\"briquettes de charbon en nid d&#039;abeille de nombreuses formes\" class=\"wp-image-1493\"\/><figcaption class=\"wp-element-caption\">briquettes de charbon en nid d'abeille de nombreuses formes<\/figcaption><\/figure>    <figure class=\"wp-block-image aligncenter size-full\"><img decoding=\"async\" src=\"https:\/\/bestcharcoalmachine.com\/wp-content\/uploads\/2021\/12\/honeycomb-coal-display.jpg\" alt=\"pr\u00e9sentoir \u00e0 charbon en nid d&#039;abeille\" class=\"wp-image-1506\"\/><figcaption class=\"wp-element-caption\">pr\u00e9sentoir \u00e0 charbon en nid d'abeille<\/figcaption><\/figure>    <figure class=\"wp-block-image aligncenter size-full\"><img decoding=\"async\" src=\"https:\/\/bestcharcoalmachine.com\/wp-content\/uploads\/2021\/12\/Hexagonal-coal.jpg\" alt=\"Charbon hexagonal\" class=\"wp-image-1507\"\/><figcaption class=\"wp-element-caption\">Charbon hexagonal<\/figcaption><\/figure>    <h2 class=\"wp-block-heading\">Vid\u00e9o de travail de la machine \u00e0 briquettes<\/h2>    <figure class=\"wp-block-embed is-type-video is-provider-youtube wp-block-embed-youtube wp-embed-aspect-16-9 wp-has-aspect-ratio\"><div class=\"wp-block-embed__wrapper\"> <iframe loading=\"lazy\" title=\"Quels produits la machine \u00e0 briquettes de charbon de bois peut-elle fabriquer\u00a0? | Meilleure machine de pressage de briquettes pour vous\" width=\"500\" height=\"281\" src=\"https:\/\/www.youtube.com\/embed\/kQ_0RebwF4o?feature=oembed\" frameborder=\"0\" allow=\"accelerometer; autoplay; clipboard-write; encrypted-media; gyroscope; picture-in-picture; web-share\" referrerpolicy=\"strict-origin-when-cross-origin\" allowfullscreen><\/iframe> <\/div><\/figure>    <h2 class=\"wp-block-heading\" id=\"structures-of-honeycomb-coal-briquette-machine\">Structures de machine \u00e0 briquettes de charbon en nid d'abeille <\/h2>    <p>La structure de la machine \u00e0 charbon en nid d'abeille est simple, toutes les pi\u00e8ces coop\u00e8rent les unes avec les autres et le fonctionnement est coordonn\u00e9 et stable. La machine \u00e0 charbon en nid d'abeille a une structure simple et est divis\u00e9e en cinq parties : corps, transmission, alimentation, poin\u00e7onnage et transport.<\/p>    <ul class=\"wp-block-list\"> <li>Partie du corps\u00a0: elle est compos\u00e9e d'un plateau et d'une base qui constitue le squelette de la machine.<\/li>    <li>Pi\u00e8ce de transmission\u00a0: elle est compos\u00e9e d\u2019un moteur, d\u2019une poulie \u00e0 courroie, d\u2019un engrenage, d\u2019un arbre de transmission et d\u2019autres composants. Le moteur entra\u00eene la poulie pour faire tourner l'arbre de transmission et la transmet \u00e0 l'arbre d'entra\u00eenement via deux engrenages.<\/li>    <li>Partie d'alimentation\u00a0: elle est compos\u00e9e d'un arbre rotatif, d'une tr\u00e9mie et d'un agitateur. Il est entra\u00een\u00e9 par un engrenage axial pour remuer le charbon dans le cylindre du moule.<\/li>    <li>La partie d'estampage est principalement compos\u00e9e de quatre tiges coulissantes, de poutres coulissantes, de poin\u00e7ons, de si\u00e8ges de poin\u00e7on, de poin\u00e7ons, de plaques de pression mobiles, de fonds de matrice mobiles et de ressorts.<\/li>    <li>La partie de transport est compos\u00e9e d'un cadre de transport, d'une poulie \u00e0 courroie, d'un support et d'une bande transporteuse. La bande transporteuse tourne de mani\u00e8re al\u00e9atoire pour envoyer le charbon form\u00e9 hors du corps de la machine, et les vis r\u00e9glables sur le cadre du convoyeur peuvent ajuster l'\u00e9tanch\u00e9it\u00e9 de la bande transporteuse.<\/li> <\/ul>    <figure class=\"wp-block-gallery has-nested-images columns-default is-cropped wp-block-gallery-3 is-layout-flex wp-block-gallery-is-layout-flex\"> <figure class=\"wp-block-image size-large\"><img decoding=\"async\" data-id=\"1499\" src=\"https:\/\/bestcharcoalmachine.com\/wp-content\/uploads\/2021\/12\/pressing-device.jpg\" alt=\"dispositif de pressage\" class=\"wp-image-1499\"\/><figcaption class=\"wp-element-caption\">dispositif de pressage<\/figcaption><\/figure>    <figure class=\"wp-block-image size-large\"><img decoding=\"async\" data-id=\"1500\" src=\"https:\/\/bestcharcoalmachine.com\/wp-content\/uploads\/2021\/12\/movable-mold-bottom.jpg\" alt=\"fond de moule mobile\" class=\"wp-image-1500\"\/><figcaption class=\"wp-element-caption\">fond de moule mobile<\/figcaption><\/figure>    <figure class=\"wp-block-image size-large\"><img decoding=\"async\" data-id=\"1503\" src=\"https:\/\/bestcharcoalmachine.com\/wp-content\/uploads\/2021\/12\/Structures-of-honeycomb-coal-briquette-machine-2.jpg\" alt=\"Structures de machine \u00e0 briquettes de charbon en nid d&#039;abeille\" class=\"wp-image-1503\"\/><figcaption class=\"wp-element-caption\">Structures de machine \u00e0 briquettes de charbon en nid d'abeille<\/figcaption><\/figure> <\/figure>    <h2 class=\"wp-block-heading\" id=\"working-principle-of-briquette-machine\">Principe de fonctionnement de la machine \u00e0 briquettes<\/h2>    <p>Le principe de fonctionnement de la machine est que le moteur ou le moteur diesel entra\u00eene la poulie \u00e0 courroie pour entra\u00eener le culbuteur de la machine, et le moule est plac\u00e9 sur la plaque de moule pour entrer dans la pr\u00e9-compression de la premi\u00e8re aiguille de poin\u00e7onnage et la formation de la deuxi\u00e8me aiguille de poin\u00e7onnage. . Le mode d'alimentation de la machine peut \u00eatre un moteur \u00e9lectrique ou un moteur diesel.<\/p>    <figure class=\"wp-block-gallery has-nested-images columns-default is-cropped wp-block-gallery-4 is-layout-flex wp-block-gallery-is-layout-flex\"> <figure class=\"wp-block-image size-large\"><img decoding=\"async\" data-id=\"1494\" src=\"https:\/\/bestcharcoalmachine.com\/wp-content\/uploads\/2021\/12\/honeycomb-charcoal-briquette-machine-working-scene.jpg\" alt=\"sc\u00e8ne de travail de la machine \u00e0 briquettes de charbon de bois en nid d&#039;abeille\" class=\"wp-image-1494\"\/><figcaption class=\"wp-element-caption\">sc\u00e8ne de travail de la machine \u00e0 briquettes de charbon de bois en nid d'abeille<\/figcaption><\/figure>    <figure class=\"wp-block-image size-large\"><img loading=\"lazy\" decoding=\"async\" width=\"720\" height=\"540\" data-id=\"2234\" src=\"https:\/\/bestcharcoalmachine.com\/wp-content\/uploads\/2021\/11\/working-scene.jpg\" alt=\"sc\u00e8ne de travail\" class=\"wp-image-2234\" srcset=\"https:\/\/bestcharcoalmachine.com\/wp-content\/uploads\/2021\/11\/working-scene.jpg 720w, https:\/\/bestcharcoalmachine.com\/wp-content\/uploads\/2021\/11\/working-scene-300x225.jpg 300w\" sizes=\"auto, (max-width: 720px) 100vw, 720px\" \/><figcaption class=\"wp-element-caption\">sc\u00e8ne de travail<\/figcaption><\/figure> <\/figure>    <h2 class=\"wp-block-heading\" id=\"h-features-of-honeycomb-coal-briquette-machine\">Caract\u00e9ristiques de la machine \u00e0 briquettes de charbon en nid d'abeille<\/h2>    <ul class=\"wp-block-list\"> <li>Les briquettes en nid d'abeilles sont pr\u00e9-comprim\u00e9es puis form\u00e9es. Le produit fini a une haute densit\u00e9 et n'est pas facile \u00e0 craquer.<\/li>    <li>La machine est de bonne qualit\u00e9, ne s'ab\u00eeme pas facilement, ne comporte aucun accessoire, est tr\u00e8s pratique \u00e0 entretenir et a une longue dur\u00e9e de vie. Le point d'entretien est tr\u00e8s simple, il suffit d'ajouter du beurre aux engrenages internes de la bande transporteuse et d'ajouter de l'huile aux roulements une fois par semaine. Ajoutez ensuite \u00e0 nouveau de l'huile pendant 10 jours et 15 jours pour l'entretien.<\/li> <\/ul>    <h2 class=\"wp-block-heading\" id=\"h-honeycomb-coal-press-machine-factory-stock\">Stock d'usine de presse \u00e0 charbon en nid d'abeille<\/h2>    <figure class=\"wp-block-image aligncenter size-full\"><img loading=\"lazy\" decoding=\"async\" width=\"720\" height=\"540\" src=\"https:\/\/bestcharcoalmachine.com\/wp-content\/uploads\/2021\/12\/honeycomb-coal-briquette-machines-in-factory1.jpg\" alt=\"Machines \u00e0 briquettes de charbon en nid d&#039;abeille en usine\" class=\"wp-image-2802\"\/><figcaption class=\"wp-element-caption\">Machines \u00e0 briquettes de charbon en nid d'abeille en usine<\/figcaption><\/figure>    <figure class=\"wp-block-image aligncenter size-full\"><img loading=\"lazy\" decoding=\"async\" width=\"720\" height=\"540\" src=\"https:\/\/bestcharcoalmachine.com\/wp-content\/uploads\/2021\/12\/honeycomb-charcoal-briquette-machine1.jpg\" alt=\"machine \u00e0 briquettes de charbon de bois en nid d&#039;abeille\" class=\"wp-image-2803\"\/><figcaption class=\"wp-element-caption\">machine \u00e0 briquettes de charbon de bois en nid d'abeille<\/figcaption><\/figure>    <h2 class=\"wp-block-heading\" id=\"parameters-of-honeycomb-charcoal-press-machine\">Param\u00e8tres de la presse \u00e0 charbon de bois en nid d'abeille<\/h2>    <figure class=\"wp-block-table\"><table><tbody><tr><td>Mod\u00e8le<\/td><td>Pouvoir<\/td><td>Diam\u00e8tre maximum du charbon de bois<\/td><td>Capacit\u00e9<\/td><\/tr><tr><td>WD-HC120<\/td><td>5,5 kW<\/td><td>120mm<\/td><td>45 pi\u00e8ces\/heure<\/td><\/tr><tr><td>WD-HC140<\/td><td>7,5 kW<\/td><td>140mm<\/td><td>45 pi\u00e8ces\/heure <\/td><\/tr><tr><td>WD-HC160<\/td><td>11 kW<\/td><td>160mm<\/td><td>45 pi\u00e8ces\/heure <\/td><\/tr><tr><td>WD-HC220<\/td><td>11 kW<\/td><td>220mm<\/td><td>45 pi\u00e8ces\/heure <\/td><\/tr><\/tbody><\/table><\/figure>    <p>Le mod\u00e8le porte le nom du diam\u00e8tre maximum du charbon de bois. Par exemple, la machine dont le diam\u00e8tre des produits est de 120 mm, ce type s'appelle donc WD-HC 120. <\/p>    <h2 class=\"wp-block-heading\" id=\"customer-case-of-honeycomb-charcoal-briquette-machine\">Cas client d'une machine \u00e0 briquettes de charbon de bois en nid d'abeille<\/h2>    <p>Les clients indon\u00e9siens ont l'intention d'investir dans une petite usine de charbon de bois afin de diversifier leurs produits. Ils ont choisi notre machine \u00e0 briquettes, le mod\u00e8le est WD-HC120, le rendement est faible et le risque est faible, ce qui est tr\u00e8s adapt\u00e9 \u00e0 leur investissement initial.<\/p>    <figure class=\"wp-block-gallery has-nested-images columns-default is-cropped wp-block-gallery-5 is-layout-flex wp-block-gallery-is-layout-flex\"> <figure class=\"wp-block-image size-large\"><img loading=\"lazy\" decoding=\"async\" width=\"720\" height=\"540\" data-id=\"2798\" src=\"https:\/\/bestcharcoalmachine.com\/wp-content\/uploads\/2021\/12\/packing-machine-components.jpg\" alt=\"composants de machine \u00e0 emballer\" class=\"wp-image-2798\"\/><figcaption class=\"wp-element-caption\">composants de machine \u00e0 emballer<\/figcaption><\/figure>    <figure class=\"wp-block-image size-large\"><img loading=\"lazy\" decoding=\"async\" width=\"720\" height=\"540\" data-id=\"2799\" src=\"https:\/\/bestcharcoalmachine.com\/wp-content\/uploads\/2021\/12\/packing-honeycomb-charcoal-briquette-machine.jpg\" alt=\"machine \u00e0 briquettes de charbon de bois en nid d&#039;abeille d&#039;emballage\" class=\"wp-image-2799\"\/><figcaption class=\"wp-element-caption\">machine \u00e0 briquettes de charbon de bois en nid d'abeille d'emballage<\/figcaption><\/figure>    <figure class=\"wp-block-image size-large\"><img loading=\"lazy\" decoding=\"async\" width=\"720\" height=\"540\" data-id=\"2800\" src=\"https:\/\/bestcharcoalmachine.com\/wp-content\/uploads\/2021\/12\/honeycomb-charcoal-briquette-machine.jpg\" alt=\"machine \u00e0 briquettes de charbon de bois en nid d&#039;abeille\" class=\"wp-image-2800\"\/><figcaption class=\"wp-element-caption\">machine \u00e0 briquettes de charbon de bois en nid d'abeille<\/figcaption><\/figure> <\/figure>","protected":false},"excerpt":{"rendered":"<p>Honeycomb coal briquette machine is also called honeycomb charcoal press machine.It is a briquette machine equipment that crushes raw coal or sieving coal powder and coke powder, adding additives in a certain proportion, and punching it into a briquette shape. Various shapes can be made by changing molds of different shapes. It greatly expands the [&hellip;]<\/p>\n","protected":false},"author":1,"featured_media":1993,"parent":0,"template":"","tags":[],"product-type":[46],"class_list":["post-1459","product","type-product","status-publish","has-post-thumbnail","hentry","product-type-charcoal-briquette-machine"],"_links":{"self":[{"href":"https:\/\/bestcharcoalmachine.com\/fr\/wp-json\/wp\/v2\/product\/1459","targetHints":{"allow":["GET"]}}],"collection":[{"href":"https:\/\/bestcharcoalmachine.com\/fr\/wp-json\/wp\/v2\/product"}],"about":[{"href":"https:\/\/bestcharcoalmachine.com\/fr\/wp-json\/wp\/v2\/types\/product"}],"author":[{"embeddable":true,"href":"https:\/\/bestcharcoalmachine.com\/fr\/wp-json\/wp\/v2\/users\/1"}],"wp:featuredmedia":[{"embeddable":true,"href":"https:\/\/bestcharcoalmachine.com\/fr\/wp-json\/wp\/v2\/media\/1993"}],"wp:attachment":[{"href":"https:\/\/bestcharcoalmachine.com\/fr\/wp-json\/wp\/v2\/media?parent=1459"}],"wp:term":[{"taxonomy":"post_tag","embeddable":true,"href":"https:\/\/bestcharcoalmachine.com\/fr\/wp-json\/wp\/v2\/tags?post=1459"},{"taxonomy":"product-type","embeddable":true,"href":"https:\/\/bestcharcoalmachine.com\/fr\/wp-json\/wp\/v2\/product-type?post=1459"}],"curies":[{"name":"wp","href":"https:\/\/api.w.org\/{rel}","templated":true}]}}