{"id":1280,"date":"2021-12-02T07:30:33","date_gmt":"2021-12-02T07:30:33","guid":{"rendered":"https:\/\/bestcharcoalmachine.com\/?p=1280"},"modified":"2025-08-21T18:10:18","modified_gmt":"2025-08-21T10:10:18","slug":"horizontal-carbonization-furnace","status":"publish","type":"product","link":"https:\/\/bestcharcoalmachine.com\/fr\/product\/horizontal-carbonization-furnace\/","title":{"rendered":"Four de carbonisation horizontal | Four \u00e0 charbon de bois dur"},"content":{"rendered":"<div class=\"kk-star-ratings kksr-auto kksr-align-left kksr-valign-top\"     data-payload='{&quot;align&quot;:&quot;left&quot;,&quot;id&quot;:&quot;1280&quot;,&quot;slug&quot;:&quot;default&quot;,&quot;valign&quot;:&quot;top&quot;,&quot;ignore&quot;:&quot;&quot;,&quot;reference&quot;:&quot;auto&quot;,&quot;class&quot;:&quot;&quot;,&quot;count&quot;:&quot;7&quot;,&quot;legendonly&quot;:&quot;&quot;,&quot;readonly&quot;:&quot;&quot;,&quot;score&quot;:&quot;4.9&quot;,&quot;starsonly&quot;:&quot;&quot;,&quot;best&quot;:&quot;5&quot;,&quot;gap&quot;:&quot;5&quot;,&quot;greet&quot;:&quot;Rate this product&quot;,&quot;legend&quot;:&quot;4.9\\\/5 - (7 votes)&quot;,&quot;size&quot;:&quot;24&quot;,&quot;title&quot;:&quot;Horizontal Carbonization Furnace | Hardwood Charcoal Furnace&quot;,&quot;width&quot;:&quot;139.6&quot;,&quot;_legend&quot;:&quot;{score}\\\/{best} - ({count} {votes})&quot;,&quot;font_factor&quot;:&quot;1.25&quot;}'>              <div class=\"kksr-stars\">      <div class=\"kksr-stars-inactive\">             <div class=\"kksr-star\" data-star=\"1\" style=\"padding-right: 5px\">               <div class=\"kksr-icon\" style=\"width: 24px; height: 24px;\"><\/div>         <\/div>             <div class=\"kksr-star\" data-star=\"2\" style=\"padding-right: 5px\">               <div class=\"kksr-icon\" style=\"width: 24px; height: 24px;\"><\/div>         <\/div>             <div class=\"kksr-star\" data-star=\"3\" style=\"padding-right: 5px\">               <div class=\"kksr-icon\" style=\"width: 24px; height: 24px;\"><\/div>         <\/div>             <div class=\"kksr-star\" data-star=\"4\" style=\"padding-right: 5px\">               <div class=\"kksr-icon\" style=\"width: 24px; height: 24px;\"><\/div>         <\/div>             <div class=\"kksr-star\" data-star=\"5\" style=\"padding-right: 5px\">               <div class=\"kksr-icon\" style=\"width: 24px; height: 24px;\"><\/div>         <\/div>     <\/div>      <div class=\"kksr-stars-active\" style=\"width: 139.6px;\">             <div class=\"kksr-star\" style=\"padding-right: 5px\">               <div class=\"kksr-icon\" style=\"width: 24px; height: 24px;\"><\/div>         <\/div>             <div class=\"kksr-star\" style=\"padding-right: 5px\">               <div class=\"kksr-icon\" style=\"width: 24px; height: 24px;\"><\/div>         <\/div>             <div class=\"kksr-star\" style=\"padding-right: 5px\">               <div class=\"kksr-icon\" style=\"width: 24px; height: 24px;\"><\/div>         <\/div>             <div class=\"kksr-star\" style=\"padding-right: 5px\">               <div class=\"kksr-icon\" style=\"width: 24px; height: 24px;\"><\/div>         <\/div>             <div class=\"kksr-star\" style=\"padding-right: 5px\">               <div class=\"kksr-icon\" style=\"width: 24px; height: 24px;\"><\/div>         <\/div>     <\/div> <\/div>                   <div class=\"kksr-legend\" style=\"font-size: 19.2px;\">             4,9\/5 - (7 votes)    <\/div>     <\/div>  <p>Le four de carbonisation horizontal traite le charbon et peut traiter diverses mati\u00e8res premi\u00e8res, telles que le bambou, les b\u00fbches, les b\u00e2tons de biomasse d'une machine \u00e0 briquettes de sciure, les coquilles de noix de coco et d'autres mat\u00e9riaux relativement volumineux.<\/p>    <p>Il est dot\u00e9 d'un chauffage interne, o\u00f9 le gaz combustible g\u00e9n\u00e9r\u00e9 par la combustion du bois est r\u00e9utilis\u00e9 pour compl\u00e9ter le processus de carbonisation. De plus, il est \u00e9quip\u00e9 d'un \u00e9quipement de purification des fum\u00e9es pour r\u00e9duire les \u00e9missions de fum\u00e9es r\u00e9siduelles. <\/p>    <p>Le four a une capacit\u00e9 de 900 \u00e0 3000 kg par 12 \u00e0 14 heures, ce qui le rend adapt\u00e9 \u00e0 la production de charbon \u00e0 moyenne et grande \u00e9chelle.<\/p>    <figure class=\"wp-block-embed is-type-video is-provider-youtube wp-block-embed-youtube wp-embed-aspect-16-9 wp-has-aspect-ratio\"><div class=\"wp-block-embed__wrapper\"> <iframe loading=\"lazy\" title=\"Efficace et \u00e9cologique : \u00e0 l&#039;int\u00e9rieur du four de carbonisation horizontal #charbon #\u00e9cologique\" width=\"500\" height=\"281\" src=\"https:\/\/www.youtube.com\/embed\/6Rpev7oJoeo?feature=oembed\" frameborder=\"0\" allow=\"accelerometer; autoplay; clipboard-write; encrypted-media; gyroscope; picture-in-picture; web-share\" referrerpolicy=\"strict-origin-when-cross-origin\" allowfullscreen><\/iframe> <\/div><figcaption class=\"wp-element-caption\">Vid\u00e9o de fonctionnement du four de carbonisation horizontal<\/figcaption><\/figure>    <h2 class=\"wp-block-heading\" id=\"raw-materials\">Mati\u00e8res premi\u00e8res du four de carbonisation horizontal<\/h2>    <p>Le four de carbonisation horizontal est tr\u00e8s polyvalent en termes de mati\u00e8res premi\u00e8res, ce qui le rend adapt\u00e9 \u00e0 une large gamme d'intrants \u00e0 base de biomasse et de bois. Les mat\u00e9riaux couramment trait\u00e9s comprennent le bambou, les b\u00fbches, les coquilles de noix de coco, les briquettes de sciure, les copeaux de bois, les noyaux de fruits et autres r\u00e9sidus agricoles ou forestiers. <\/p>    <p>Sa capacit\u00e9 \u00e0 traiter des mati\u00e8res premi\u00e8res de grande taille et de forme irr\u00e9guli\u00e8re permet aux entreprises d'utiliser efficacement les d\u00e9chets, en les transformant en charbon de haute qualit\u00e9. Cette flexibilit\u00e9 r\u00e9duit non seulement les co\u00fbts des mati\u00e8res premi\u00e8res, mais soutient \u00e9galement la production durable en recyclant les d\u00e9chets organiques en ressources \u00e9nerg\u00e9tiques pr\u00e9cieuses.<\/p>    <figure class=\"wp-block-gallery has-nested-images columns-default is-cropped wp-block-gallery-2 is-layout-flex wp-block-gallery-is-layout-flex\"> <figure class=\"wp-block-image size-large\"><img loading=\"lazy\" decoding=\"async\" width=\"720\" height=\"540\" data-id=\"2663\" src=\"https:\/\/bestcharcoalmachine.com\/wp-content\/uploads\/2021\/12\/bamboo.jpg\" alt=\"bambou\" class=\"wp-image-2663\"\/><figcaption class=\"wp-element-caption\">bambou<\/figcaption><\/figure>    <figure class=\"wp-block-image size-large\"><img loading=\"lazy\" decoding=\"async\" width=\"720\" height=\"540\" data-id=\"2664\" src=\"https:\/\/bestcharcoalmachine.com\/wp-content\/uploads\/2021\/12\/logs-1.jpg\" alt=\"journaux\" class=\"wp-image-2664\"\/><figcaption class=\"wp-element-caption\">journaux<\/figcaption><\/figure> <\/figure>    <figure class=\"wp-block-gallery has-nested-images columns-default is-cropped wp-block-gallery-3 is-layout-flex wp-block-gallery-is-layout-flex\"> <figure class=\"wp-block-image size-large\"><img loading=\"lazy\" decoding=\"async\" width=\"720\" height=\"540\" data-id=\"2666\" src=\"https:\/\/bestcharcoalmachine.com\/wp-content\/uploads\/2021\/12\/biomass-sticks-1.jpg\" alt=\"b\u00e2tons de biomasse\" class=\"wp-image-2666\"\/><figcaption class=\"wp-element-caption\">b\u00e2tons de biomasse<\/figcaption><\/figure>    <figure class=\"wp-block-image size-large\"><img loading=\"lazy\" decoding=\"async\" width=\"720\" height=\"540\" data-id=\"2667\" src=\"https:\/\/bestcharcoalmachine.com\/wp-content\/uploads\/2021\/12\/waste-wood-blocks.jpg\" alt=\"blocs de d\u00e9chets de bois\" class=\"wp-image-2667\"\/><figcaption class=\"wp-element-caption\">blocs de d\u00e9chets de bois<\/figcaption><\/figure> <\/figure>    <h2 class=\"wp-block-heading\" id=\"h-application-of-biomass-carbonization-furnace\">Application du four de carbonisation de la biomasse <\/h2>    <p>Un four de carbonisation horizontal est un type de four de carbonisation de biomasse, utilis\u00e9 pour carboniser des mat\u00e9riaux de biomasse tels que des branches, des blocs de bois, du bambou, des blocs de coquilles de noix de coco, des pi\u00e8ces de rebut dans les usines de meubles, etc. <\/p>    <p>Le mat\u00e9riau peut \u00eatre directement carbonis\u00e9, ou il peut d'abord \u00eatre broy\u00e9 avec une d\u00e9chiqueteuse de bois ou un broyeur de bois, puis carbonis\u00e9 apr\u00e8s avoir \u00e9t\u00e9 transform\u00e9 en b\u00e2tons de bois biologiques avec une machine \u00e0 briquettes de sciure.<\/p>    <figure class=\"wp-block-image is-style-default\"><img loading=\"lazy\" decoding=\"async\" width=\"720\" height=\"540\" src=\"https:\/\/bestcharcoalmachine.com\/wp-content\/uploads\/2021\/12\/hardwood-charcoal-furnace-2.jpg\" alt=\"four \u00e0 charbon de bois dur\" class=\"wp-image-2669\"\/><figcaption class=\"wp-element-caption\">four \u00e0 charbon de bois dur<\/figcaption><\/figure>    <h2 class=\"wp-block-heading\" id=\"h-features-of-horizontal-carbonization-furnace\">Caract\u00e9ristiques du four de carbonisation horizontal <\/h2>    <div class=\"wp-block-media-text is-stacked-on-mobile\"><figure class=\"wp-block-media-text__media\"><img decoding=\"async\" src=\"https:\/\/bestcharcoalmachine.com\/wp-content\/uploads\/2021\/12\/high-temperature-resistance-mineral-wool.jpg\" alt=\"laine min\u00e9rale r\u00e9sistante aux hautes temp\u00e9ratures\" class=\"wp-image-1322 size-full\"\/><\/figure><div class=\"wp-block-media-text__content\"> <p><strong>Le four \u00e0 carboniser est \u00e9quip\u00e9 de mat\u00e9riaux d'isolation<\/strong><\/p>    <p>Le four de carbonisation horizontal de bambou adopte un processus de fabrication horizontal avec une structure \u00e0 double couche \u00e0 l'int\u00e9rieur. <\/p>    <p>Il y a un mat\u00e9riau isolant l\u00e9ger \u00e0 haute temp\u00e9rature au milieu de l'intercouche, ce qui peut maintenir la temp\u00e9rature dans le four sans dissipation.<\/p> <\/div><\/div>    <div class=\"wp-block-media-text has-media-on-the-right is-stacked-on-mobile\"><div class=\"wp-block-media-text__content\"> <p><strong>Le four horizontal de carbonisation est bien \u00e9tanche<\/strong><\/p>    <p>La porte du four est scell\u00e9e avec de la laine de roche \u00e0 haute temp\u00e9rature provenant de l'emballage de la chaudi\u00e8re, aucun air n'entrera et le taux de production de charbon de bois est beaucoup plus \u00e9lev\u00e9 que celui du four de carbonisation conventionnel.<\/p> <\/div><figure class=\"wp-block-media-text__media\"><img loading=\"lazy\" decoding=\"async\" width=\"720\" height=\"540\" src=\"https:\/\/bestcharcoalmachine.com\/wp-content\/uploads\/2021\/12\/horizontal-carbonization-furnace-1.jpg\" alt=\"four de carbonisation horizontal\" class=\"wp-image-2668 size-full\"\/><\/figure><\/div>    <div class=\"wp-block-media-text is-stacked-on-mobile\"><figure class=\"wp-block-media-text__media\"><img loading=\"lazy\" decoding=\"async\" width=\"720\" height=\"540\" src=\"https:\/\/bestcharcoalmachine.com\/wp-content\/uploads\/2021\/12\/Using-a-cart-makes-it-easier-to-put-and-load-charcoals..jpg\" alt=\"L\u2019utilisation d\u2019un chariot facilite la mise et le chargement des charbons.\" class=\"wp-image-2163 size-full\" srcset=\"https:\/\/bestcharcoalmachine.com\/wp-content\/uploads\/2021\/12\/Using-a-cart-makes-it-easier-to-put-and-load-charcoals..jpg 720w, https:\/\/bestcharcoalmachine.com\/wp-content\/uploads\/2021\/12\/Using-a-cart-makes-it-easier-to-put-and-load-charcoals.-300x225.jpg 300w\" sizes=\"auto, (max-width: 720px) 100vw, 720px\" \/><\/figure><div class=\"wp-block-media-text__content\"> <p><strong>Le four \u00e0 charbon de biomasse en bois dur \u00e9conomise du combustible<\/strong><\/p>    <p>Lors de la carbonisation des mat\u00e9riaux, une grande quantit\u00e9 de gaz combustible jaune clair sera produite. <\/p>    <p>Ces gaz peuvent \u00eatre d\u00e9tourn\u00e9s vers la zone de combustion du four de carbonisation par les tuyaux des fours de carbonisation pour une ignition et un chauffage secondaires, ce qui est plus respectueux de l'environnement et \u00e9conomise du carburant.<\/p> <\/div><\/div>    <div class=\"wp-block-media-text has-media-on-the-right is-stacked-on-mobile\"><div class=\"wp-block-media-text__content\"> <p><strong>Alimentation et d\u00e9chargement pratiques<\/strong><\/p>    <p>Le four de carbonisation horizontal est \u00e9quip\u00e9 de rails et de chariots, qui peuvent utiliser pleinement l'espace dans le four, ce qui est plus pratique \u00e0 utiliser et r\u00e9duit l'intensit\u00e9 du travail des travailleurs.<\/p> <\/div><figure class=\"wp-block-media-text__media\"><img loading=\"lazy\" decoding=\"async\" width=\"720\" height=\"540\" src=\"https:\/\/bestcharcoalmachine.com\/wp-content\/uploads\/2021\/12\/The-carbonization-furnace-is-equipped-with-rails-and-carts.jpg\" alt=\"Le four de carbonisation est \u00e9quip\u00e9 de rails et de chariots\" class=\"wp-image-2164 size-full\" srcset=\"https:\/\/bestcharcoalmachine.com\/wp-content\/uploads\/2021\/12\/The-carbonization-furnace-is-equipped-with-rails-and-carts.jpg 720w, https:\/\/bestcharcoalmachine.com\/wp-content\/uploads\/2021\/12\/The-carbonization-furnace-is-equipped-with-rails-and-carts-300x225.jpg 300w\" sizes=\"auto, (max-width: 720px) 100vw, 720px\" \/><\/figure><\/div>    <h2 class=\"wp-block-heading\" id=\"h-2-horizontal-carbonization-furnace-has-good-sealing\">Processus de fonctionnement de la machine horizontale de fabrication de charbon<\/h2>    <div class=\"wp-block-media-text is-stacked-on-mobile\"><figure class=\"wp-block-media-text__media\"><img decoding=\"async\" src=\"https:\/\/bestcharcoalmachine.com\/wp-content\/uploads\/2021\/12\/horizontal-charcoal-furnace.jpg\" alt=\"four \u00e0 charbon horizontal\" class=\"wp-image-1330 size-full\"\/><\/figure><div class=\"wp-block-media-text__content\"> <ul class=\"wp-block-list\"> <li>Trouvez une surface plane et placez-y le four de carbonisation horizontal.<\/li>    <li>Ouvrez la porte du four et chargez les mati\u00e8res premi\u00e8res pour la carbonisation, en remplissant le four autant que possible.<\/li>    <li>Utilisez du bois pour d\u00e9marrer le feu.<\/li>    <li>Lorsque la temp\u00e9rature atteint 150\u2013200 \u00b0C, le gaz combustible s'enflamme automatiquement par le pipeline.<\/li> <\/ul> <\/div><\/div>    <div class=\"wp-block-media-text has-media-on-the-right is-stacked-on-mobile\"><div class=\"wp-block-media-text__content\"> <ul class=\"wp-block-list\"> <li>Laissez la carbonisation se d\u00e9rouler pendant environ 5 heures ; les flammes diminueront progressivement \u00e0 mesure que le gaz interne est consomm\u00e9.<\/li>    <li>Une fois le feu \u00e9teint, la carbonisation est termin\u00e9e.<\/li>    <li>N'ouvrez pas le four imm\u00e9diatement, car les mat\u00e9riaux \u00e0 l'int\u00e9rieur sont extr\u00eamement chauds et peuvent s'enflammer spontan\u00e9ment.<\/li>    <li>Utilisez le syst\u00e8me de pulv\u00e9risation du four pour verser de l'eau ou attendez que la temp\u00e9rature de surface descende en dessous de 50 \u00b0C avant d'ouvrir la porte.<\/li> <\/ul> <\/div><figure class=\"wp-block-media-text__media\"><img loading=\"lazy\" decoding=\"async\" width=\"720\" height=\"540\" src=\"https:\/\/bestcharcoalmachine.com\/wp-content\/uploads\/2023\/12\/commercial-horizontal-carbonization-furnace.webp\" alt=\"four de carbonisation horizontal commercial\" class=\"wp-image-3826 size-full\" srcset=\"https:\/\/bestcharcoalmachine.com\/wp-content\/uploads\/2023\/12\/commercial-horizontal-carbonization-furnace.webp 720w, https:\/\/bestcharcoalmachine.com\/wp-content\/uploads\/2023\/12\/commercial-horizontal-carbonization-furnace-300x225.webp 300w\" sizes=\"auto, (max-width: 720px) 100vw, 720px\" \/><\/figure><\/div>    <h2 class=\"wp-block-heading\" id=\"horizontal-carbonization-furnace-products\">Produits de four de carbonisation horizontale en bambou<\/h2>    <figure class=\"wp-block-gallery has-nested-images columns-default is-cropped wp-block-gallery-4 is-layout-flex wp-block-gallery-is-layout-flex\"> <figure class=\"wp-block-image size-large\"><img decoding=\"async\" data-id=\"1325\" src=\"https:\/\/bestcharcoalmachine.com\/wp-content\/uploads\/2021\/12\/products-made-by-the-horizontal-carbonization-furnace.jpg\" alt=\"produits fabriqu\u00e9s par le four de carbonisation horizontal\" class=\"wp-image-1325\"\/><figcaption class=\"wp-element-caption\">produits fabriqu\u00e9s par le four de carbonisation horizontal<\/figcaption><\/figure>    <figure class=\"wp-block-image size-large\"><img loading=\"lazy\" decoding=\"async\" width=\"720\" height=\"540\" data-id=\"2161\" src=\"https:\/\/bestcharcoalmachine.com\/wp-content\/uploads\/2021\/12\/wood-charcoals.jpg\" alt=\"charbons de bois\" class=\"wp-image-2161\" srcset=\"https:\/\/bestcharcoalmachine.com\/wp-content\/uploads\/2021\/12\/wood-charcoals.jpg 720w, https:\/\/bestcharcoalmachine.com\/wp-content\/uploads\/2021\/12\/wood-charcoals-300x225.jpg 300w\" sizes=\"auto, (max-width: 720px) 100vw, 720px\" \/><figcaption class=\"wp-element-caption\">charbons de bois<\/figcaption><\/figure> <\/figure>    <figure class=\"wp-block-gallery has-nested-images columns-default is-cropped wp-block-gallery-5 is-layout-flex wp-block-gallery-is-layout-flex\"> <figure class=\"wp-block-image size-large\"><img loading=\"lazy\" decoding=\"async\" width=\"720\" height=\"540\" data-id=\"2677\" src=\"https:\/\/bestcharcoalmachine.com\/wp-content\/uploads\/2021\/12\/carbonized-waste-wood-blocks.jpg\" alt=\"blocs de bois de rebut carbonis\u00e9s\" class=\"wp-image-2677\"\/><figcaption class=\"wp-element-caption\">blocs de bois de rebut carbonis\u00e9s<\/figcaption><\/figure>    <figure class=\"wp-block-image size-large\"><img loading=\"lazy\" decoding=\"async\" width=\"720\" height=\"540\" data-id=\"2676\" src=\"https:\/\/bestcharcoalmachine.com\/wp-content\/uploads\/2021\/12\/carbonized-bamboo.jpg\" alt=\"\" class=\"wp-image-2676\"\/><figcaption class=\"wp-element-caption\">bambou carbonis\u00e9<\/figcaption><\/figure> <\/figure>    <h2 class=\"wp-block-heading\" id=\"h-parameters-of-hardwood-charcoal-furnace\">Param\u00e8tres du four \u00e0 charbon de bois dur<\/h2>    <figure class=\"wp-block-table\"><table><tbody><tr><td>Taper<\/td><td>Capacit\u00e9<\/td><td>Poids<\/td><td>Taille <\/td><\/tr><tr><td>WD-HC1300&nbsp;&nbsp;<\/td><td>900-1200kg\/12-14h<\/td><td>2500 kg<\/td><td>3*1,7*2,2 m<\/td><\/tr><tr><td>WD-HC1500&nbsp;<\/td><td>1500-2000kg\/12-14h<\/td><td>4000kg<\/td><td>4,5*1,9*2,3m<\/td><\/tr><tr><td>WD-HC1900&nbsp;&nbsp;<\/td><td>2500-3000kg\/12-14h<\/td><td>5500 kg<\/td><td>5*2,3*2,5m<\/td><\/tr><\/tbody><\/table><figcaption class=\"wp-element-caption\">Param\u00e8tres du four de carbonisation horizontal<\/figcaption><\/figure>    <p>Une machine de fabrication de charbon de bois horizontale a besoin de 12 \u00e0 14 heures pour carboniser les mat\u00e9riaux, le temps de carbonisation sp\u00e9cifique aura un certain \u00e9cart en raison des diff\u00e9rentes mati\u00e8res premi\u00e8res. <\/p>    <h2 class=\"wp-block-heading\" id=\"h-further-processing-of-horizontal-carbonizing-furnace-product\">Traitement ult\u00e9rieur du produit du four de carbonisation horizontal <\/h2>    <p class=\"translation-block\">Apr\u00e8s la carbonisation de diverses mati\u00e8res premi\u00e8res, de nombreux clients choisissent de traiter davantage le charbon. Par exemple, d'abord, pulv\u00e9riser le charbon en poudre de charbon fine, ajouter un liant et m\u00e9langer uniform\u00e9ment, puis utiliser des machines professionnelles pour fabriquer des <a href=\"https:\/\/bestcharcoalmachine.com\/fr\/product-line\/barbecue-charcoal-production-line\/\">boules de charbon de barbecue<\/a> ou du <a href=\"https:\/\/bestcharcoalmachine.com\/fr\/product-line\/shisha-charcoal-production-line-1-3\/\">charbon de chicha<\/a>. <\/p>    <p>Nous avons con\u00e7u et fourni plusieurs lignes de production de charbon compl\u00e8tes, notre directeur des ventes recommandera des machines associ\u00e9es en fonction de votre demande.<\/p>    <figure class=\"wp-block-image size-full\"><img loading=\"lazy\" decoding=\"async\" width=\"720\" height=\"540\" src=\"https:\/\/bestcharcoalmachine.com\/wp-content\/uploads\/2021\/12\/Shisha-Charcoal-Production-Line-1-1.jpg\" alt=\"Ligne de production de charbon de bois pour chicha \u00e0 vendre\" class=\"wp-image-2134\" srcset=\"https:\/\/bestcharcoalmachine.com\/wp-content\/uploads\/2021\/12\/Shisha-Charcoal-Production-Line-1-1.jpg 720w, https:\/\/bestcharcoalmachine.com\/wp-content\/uploads\/2021\/12\/Shisha-Charcoal-Production-Line-1-1-300x225.jpg 300w\" sizes=\"auto, (max-width: 720px) 100vw, 720px\" \/><figcaption class=\"wp-element-caption\">Ligne de production de charbon de bois pour chicha \u00e0 vendre<\/figcaption><\/figure>    <h2 class=\"wp-block-heading\" id=\"h-loading-and-delivery-of-horizontal-charcoal-making-machine\">Conclusion<\/h2>    <p class=\"translation-block\">Avec sa capacit\u00e9 \u00e0 traiter une large gamme de mati\u00e8res premi\u00e8res, son chauffage interne efficace et son syst\u00e8me de purification des fum\u00e9es int\u00e9gr\u00e9, le <a href=\"https:\/\/en.wikipedia.org\/wiki\/Furnace\" data-type=\"link\" data-id=\"https:\/\/en.wikipedia.org\/wiki\/Furnace\" target=\"_blank\" rel=\"noopener\">four<\/a> de carbonisation horizontal offre une solution fiable et respectueuse de l'environnement pour la production de charbon. <\/p>    <p>Sa capacit\u00e9 \u00e9lev\u00e9e, ses performances constantes et ses caract\u00e9ristiques de s\u00e9curit\u00e9 en font un choix id\u00e9al pour les entreprises cherchant \u00e0 produire du charbon de haute qualit\u00e9 de mani\u00e8re efficace et durable.<\/p>    <figure class=\"wp-block-gallery has-nested-images columns-default is-cropped wp-block-gallery-6 is-layout-flex wp-block-gallery-is-layout-flex\"> <figure class=\"wp-block-image size-large\"><img loading=\"lazy\" decoding=\"async\" width=\"720\" height=\"540\" data-id=\"2671\" src=\"https:\/\/bestcharcoalmachine.com\/wp-content\/uploads\/2021\/12\/charcoal-making-machine.jpg\" alt=\"machine de fabrication de charbon de bois\" class=\"wp-image-2671\"\/><figcaption class=\"wp-element-caption\">machine de fabrication de charbon de bois<\/figcaption><\/figure>    <figure class=\"wp-block-image size-large\"><img loading=\"lazy\" decoding=\"async\" width=\"720\" height=\"540\" data-id=\"2672\" src=\"https:\/\/bestcharcoalmachine.com\/wp-content\/uploads\/2021\/12\/carbonizing-machine.jpg\" alt=\"machine de fabrication de charbon de bois\" class=\"wp-image-2672\"\/><figcaption class=\"wp-element-caption\">machine de fabrication de charbon de bois<\/figcaption><\/figure> <\/figure>    <figure class=\"wp-block-gallery has-nested-images columns-default is-cropped wp-block-gallery-7 is-layout-flex wp-block-gallery-is-layout-flex\"> <figure class=\"wp-block-image size-large\"><img loading=\"lazy\" decoding=\"async\" width=\"720\" height=\"540\" data-id=\"2673\" src=\"https:\/\/bestcharcoalmachine.com\/wp-content\/uploads\/2021\/12\/loading.jpg\" alt=\"\" class=\"wp-image-2673\"\/><figcaption class=\"wp-element-caption\">chargement du four de carbonisation horizontal<\/figcaption><\/figure>    <figure class=\"wp-block-image size-large\"><img loading=\"lazy\" decoding=\"async\" width=\"720\" height=\"540\" data-id=\"2674\" src=\"https:\/\/bestcharcoalmachine.com\/wp-content\/uploads\/2021\/12\/machine-delivery.jpg\" alt=\"livraison de machines\" class=\"wp-image-2674\"\/><figcaption class=\"wp-element-caption\">livraison de four de carbonisation horizontal<\/figcaption><\/figure> <\/figure>","protected":false},"excerpt":{"rendered":"<p>Le four de carbonisation horizontal traite le charbon et peut traiter diverses mati\u00e8res premi\u00e8res, telles que le bambou, les b\u00fbches, les b\u00e2tons de biomasse d'une machine \u00e0 briquettes de sciure, les coquilles de noix de coco et d'autres mat\u00e9riaux relativement volumineux.<\/p>","protected":false},"author":1,"featured_media":1999,"parent":0,"template":"","tags":[94],"product-type":[47],"class_list":["post-1280","product","type-product","status-publish","has-post-thumbnail","hentry","tag-horizontal-carbonization-furnace","product-type-carbonization-furnace"],"_links":{"self":[{"href":"https:\/\/bestcharcoalmachine.com\/fr\/wp-json\/wp\/v2\/product\/1280","targetHints":{"allow":["GET"]}}],"collection":[{"href":"https:\/\/bestcharcoalmachine.com\/fr\/wp-json\/wp\/v2\/product"}],"about":[{"href":"https:\/\/bestcharcoalmachine.com\/fr\/wp-json\/wp\/v2\/types\/product"}],"author":[{"embeddable":true,"href":"https:\/\/bestcharcoalmachine.com\/fr\/wp-json\/wp\/v2\/users\/1"}],"wp:featuredmedia":[{"embeddable":true,"href":"https:\/\/bestcharcoalmachine.com\/fr\/wp-json\/wp\/v2\/media\/1999"}],"wp:attachment":[{"href":"https:\/\/bestcharcoalmachine.com\/fr\/wp-json\/wp\/v2\/media?parent=1280"}],"wp:term":[{"taxonomy":"post_tag","embeddable":true,"href":"https:\/\/bestcharcoalmachine.com\/fr\/wp-json\/wp\/v2\/tags?post=1280"},{"taxonomy":"product-type","embeddable":true,"href":"https:\/\/bestcharcoalmachine.com\/fr\/wp-json\/wp\/v2\/product-type?post=1280"}],"curies":[{"name":"wp","href":"https:\/\/api.w.org\/{rel}","templated":true}]}}