{"id":1259,"date":"2021-12-02T01:47:10","date_gmt":"2021-12-02T01:47:10","guid":{"rendered":"https:\/\/bestcharcoalmachine.com\/?p=1259"},"modified":"2025-07-03T18:24:59","modified_gmt":"2025-07-03T10:24:59","slug":"hoist-carbonization-furnace","status":"publish","type":"product","link":"https:\/\/bestcharcoalmachine.com\/fr\/product\/hoist-carbonization-furnace\/","title":{"rendered":"Four de carbonisation de levage | Machine \u00e0 charbon de bois \u00e0 flux d'air vertical"},"content":{"rendered":"<div class=\"kk-star-ratings kksr-auto kksr-align-left kksr-valign-top\"     data-payload='{&quot;align&quot;:&quot;left&quot;,&quot;id&quot;:&quot;1259&quot;,&quot;slug&quot;:&quot;default&quot;,&quot;valign&quot;:&quot;top&quot;,&quot;ignore&quot;:&quot;&quot;,&quot;reference&quot;:&quot;auto&quot;,&quot;class&quot;:&quot;&quot;,&quot;count&quot;:&quot;6&quot;,&quot;legendonly&quot;:&quot;&quot;,&quot;readonly&quot;:&quot;&quot;,&quot;score&quot;:&quot;4.8&quot;,&quot;starsonly&quot;:&quot;&quot;,&quot;best&quot;:&quot;5&quot;,&quot;gap&quot;:&quot;5&quot;,&quot;greet&quot;:&quot;Rate this product&quot;,&quot;legend&quot;:&quot;4.8\\\/5 - (6 votes)&quot;,&quot;size&quot;:&quot;24&quot;,&quot;title&quot;:&quot;Hoist Carbonization Furnace | Vertical Airflow Wood Charcoal Machine&quot;,&quot;width&quot;:&quot;136.7&quot;,&quot;_legend&quot;:&quot;{score}\\\/{best} - ({count} {votes})&quot;,&quot;font_factor&quot;:&quot;1.25&quot;}'>              <div class=\"kksr-stars\">      <div class=\"kksr-stars-inactive\">             <div class=\"kksr-star\" data-star=\"1\" style=\"padding-right: 5px\">               <div class=\"kksr-icon\" style=\"width: 24px; height: 24px;\"><\/div>         <\/div>             <div class=\"kksr-star\" data-star=\"2\" style=\"padding-right: 5px\">               <div class=\"kksr-icon\" style=\"width: 24px; height: 24px;\"><\/div>         <\/div>             <div class=\"kksr-star\" data-star=\"3\" style=\"padding-right: 5px\">               <div class=\"kksr-icon\" style=\"width: 24px; height: 24px;\"><\/div>         <\/div>             <div class=\"kksr-star\" data-star=\"4\" style=\"padding-right: 5px\">               <div class=\"kksr-icon\" style=\"width: 24px; height: 24px;\"><\/div>         <\/div>             <div class=\"kksr-star\" data-star=\"5\" style=\"padding-right: 5px\">               <div class=\"kksr-icon\" style=\"width: 24px; height: 24px;\"><\/div>         <\/div>     <\/div>      <div class=\"kksr-stars-active\" style=\"width: 136.7px;\">             <div class=\"kksr-star\" style=\"padding-right: 5px\">               <div class=\"kksr-icon\" style=\"width: 24px; height: 24px;\"><\/div>         <\/div>             <div class=\"kksr-star\" style=\"padding-right: 5px\">               <div class=\"kksr-icon\" style=\"width: 24px; height: 24px;\"><\/div>         <\/div>             <div class=\"kksr-star\" style=\"padding-right: 5px\">               <div class=\"kksr-icon\" style=\"width: 24px; height: 24px;\"><\/div>         <\/div>             <div class=\"kksr-star\" style=\"padding-right: 5px\">               <div class=\"kksr-icon\" style=\"width: 24px; height: 24px;\"><\/div>         <\/div>             <div class=\"kksr-star\" style=\"padding-right: 5px\">               <div class=\"kksr-icon\" style=\"width: 24px; height: 24px;\"><\/div>         <\/div>     <\/div> <\/div>                   <div class=\"kksr-legend\" style=\"font-size: 19.2px;\">             4,8\/5 - (6 votes)    <\/div>     <\/div>  <p class=\"translation-block\">Le <strong>four de carbonisation Hoist<\/strong>, con\u00e7u avec une structure de levage verticale, simplifie le chargement et le d\u00e9chargement tout en permettant une carbonisation par lots avec des cuves internes interchangeables. Il est bien adapt\u00e9 au traitement d'une large gamme de mat\u00e9riaux de biomasse tels que le bois, les coques de noix de coco et les briquettes de sciure. <\/p>    <p class=\"translation-block\">Avec une production quotidienne de <strong>jusqu'\u00e0 3000 kg de charbon<\/strong>, le four soutient des op\u00e9rations \u00e0 fort volume sans compromettre l'efficacit\u00e9. Sa construction robuste, comprenant une <strong>carapace externe de 6 mm d'\u00e9paisseur<\/strong> et une cuve interne de taille g\u00e9n\u00e9reuse, garantit une durabilit\u00e9 sous une utilisation continue. <\/p>    <p class=\"translation-block\">\u00c9quip\u00e9 d'un syst\u00e8me de recyclage des gaz et d'une unit\u00e9 de purification de la fum\u00e9e, il r\u00e9duit non seulement la consommation de combustible, mais respecte \u00e9galement les normes d'\u00e9mission environnementale, ce qui en fait un choix id\u00e9al pour les producteurs de charbon recherchant \u00e0 la fois <strong>une haute production et une \u00e9co-efficacit\u00e9<\/strong>.<\/p>    <figure class=\"wp-block-embed is-type-video is-provider-youtube wp-block-embed-youtube wp-embed-aspect-16-9 wp-has-aspect-ratio\"><div class=\"wp-block-embed__wrapper\"> <iframe loading=\"lazy\" title=\"Machine \u00e0 charbon \u00e0 haute efficacit\u00e9 | Four \u00e0 bois \u00e0 circulation d&#039;air verticale #carbonisation #charbon\" width=\"500\" height=\"281\" src=\"https:\/\/www.youtube.com\/embed\/ACqN_uBc-GA?feature=oembed\" frameborder=\"0\" allow=\"accelerometer; autoplay; clipboard-write; encrypted-media; gyroscope; picture-in-picture; web-share\" referrerpolicy=\"strict-origin-when-cross-origin\" allowfullscreen><\/iframe> <\/div><figcaption class=\"wp-element-caption\">Vid\u00e9o de fonctionnement du four de carbonisation \u00e0 treuil<\/figcaption><\/figure>    <h2 class=\"wp-block-heading\" id=\"h-applications-of-hoist-carbonization-furnace\">Quels mat\u00e9riaux bruts sont adapt\u00e9s pour le four \u00e0 carbonisation \u00e0 treuil ?<\/h2>    <p class=\"translation-block\">La machine \u00e0 charbon de bois utilise des temp\u00e9ratures \u00e9lev\u00e9es pour carboniser des b\u00fbches, de grosses branches, des bois durs, des coquilles de noix de coco, des coques, des coques de palmiers, du bambou, etc. La machine \u00e0 charbon de bois \u00e0 flux d'air peut \u00e9galement carboniser des b\u00e2tons de biomasse fabriqu\u00e9s par le<a href=\"https:\/\/bestcharcoalmachine.com\/fr\/sawdust-briquette-machine\ufeff-wood-briquettes-making-machine\/\">machine \u00e0 briquettes de sciure<\/a>. Les produits finis peuvent \u00eatre utilis\u00e9s comme combustible ou transform\u00e9s davantage en d'autres formes de blocs de carbone. <\/p>    <p class=\"translation-block\">Un four de carbonisation Hoist joue un r\u00f4le tr\u00e8s important dans le processus de <a href=\"https:\/\/bestcharcoalmachine.com\/fr\/product-line\/barbecue-charcoal-production-line\/\">fabrication de briquettes de charbon<\/a>. Les b\u00fbches, branches et bambous carbonis\u00e9s peuvent \u00eatre broy\u00e9s en poudre de charbon, puis ajouter un peu d'eau appropri\u00e9e et des liants. La poudre de charbon sera form\u00e9e en diverses formes de blocs de charbon.<\/p>    <figure class=\"wp-block-image aligncenter size-full\"><img decoding=\"async\" src=\"https:\/\/bestcharcoalmachine.com\/wp-content\/uploads\/2021\/12\/products-made-by-vertical-carbonization-furnace-display.jpg\" alt=\"applications du four de carbonisation \u00e0 palan\" class=\"wp-image-1307\"\/><figcaption class=\"wp-element-caption\">applications du four de carbonisation \u00e0 palan<\/figcaption><\/figure>    <h2 class=\"wp-block-heading\" id=\"structures-of-wood-charcoal-machine\">Structure du four de carbonisation \u00e0 treuil<\/h2>    <div class=\"wp-block-media-text is-stacked-on-mobile\"><figure class=\"wp-block-media-text__media\"><img loading=\"lazy\" decoding=\"async\" width=\"720\" height=\"540\" src=\"https:\/\/bestcharcoalmachine.com\/wp-content\/uploads\/2021\/12\/wood-charcoal-machine.jpg\" alt=\"machine \u00e0 charbon de bois\" class=\"wp-image-2653 size-full\"\/><\/figure><div class=\"wp-block-media-text__content\"> <ul class=\"wp-block-list\"> <li>Le four est principalement compos\u00e9 d'une \u00e9tag\u00e8re, d'un r\u00e9servoir ext\u00e9rieur, d'un four int\u00e9rieur, de tuyaux de ventilation et d'un syst\u00e8me de purification des fum\u00e9es.<\/li>    <li>Le four int\u00e9rieur sert de chambre principale de carbonisation o\u00f9 les mat\u00e9riaux de biomasse sont carbonis\u00e9s.<\/li>    <li>Un couvercle est install\u00e9 sur le r\u00e9servoir int\u00e9rieur, formant une structure scell\u00e9e avec le bord sup\u00e9rieur du r\u00e9servoir ext\u00e9rieur pour garantir un fonctionnement herm\u00e9tique.<\/li> <\/ul> <\/div><\/div>    <div class=\"wp-block-media-text has-media-on-the-right is-stacked-on-mobile\"><div class=\"wp-block-media-text__content\"> <ul class=\"wp-block-list\"> <li>Des oreilles suspendues sur le r\u00e9servoir int\u00e9rieur et le couvercle permettent un levage facile et une s\u00e9paration de la coque ext\u00e9rieure.<\/li>    <li>La chambre de combustion est s\u00e9par\u00e9e de l'unit\u00e9 principale de carbonisation pour un fonctionnement plus s\u00fbr et plus contr\u00f4l\u00e9.<\/li>    <li>Des doublures de carbonisation mobiles permettent une production continue sans pr\u00e9chauffage entre les lots.<\/li>    <li>Le processus de refroidissement est ind\u00e9pendant du corps du four, rendant la structure simple, s\u00fbre et facile \u00e0 utiliser.<\/li> <\/ul> <\/div><figure class=\"wp-block-media-text__media\"><img loading=\"lazy\" decoding=\"async\" width=\"720\" height=\"540\" src=\"https:\/\/bestcharcoalmachine.com\/wp-content\/uploads\/2021\/12\/carbonizing-furnace.jpg\" alt=\"four de carbonisation\" class=\"wp-image-2659 size-full\"\/><\/figure><\/div>    <h2 class=\"wp-block-heading\" id=\"hoist-carbonization-furnace-working-principle\">Comment fonctionne le four de carbonisation \u00e0 treuil ?<\/h2>    <div class=\"wp-block-media-text is-stacked-on-mobile\"><figure class=\"wp-block-media-text__media\"><img decoding=\"async\" src=\"https:\/\/bestcharcoalmachine.com\/wp-content\/uploads\/2021\/12\/inner-brick-wall-and-pipes.jpg\" alt=\"mur de briques int\u00e9rieur et tuyaux\" class=\"wp-image-1306 size-full\"\/><\/figure><div class=\"wp-block-media-text__content\"> <ul class=\"wp-block-list\"> <li>Le r\u00e9servoir int\u00e9rieur est soulev\u00e9 dans la coque ext\u00e9rieure.<\/li>    <li>Le combustible est br\u00fbl\u00e9 dans la chambre de combustion au fond.<\/li>    <li>Alors que le bois br\u00fble dans le four, un gaz combustible est g\u00e9n\u00e9r\u00e9.<\/li>    <li>Ces gaz circulent et sont chauff\u00e9s dans le tuyau perfor\u00e9.<\/li>    <li>Pas besoin de faire le plein lorsque le carburant est \u00e9puis\u00e9.<\/li>    <li>Observez le tuyau dans la chambre de combustion.<\/li>    <li>La carbonisation se termine lorsque le trou sur le tuyau ne br\u00fble plus.<\/li> <\/ul> <\/div><\/div>    <h2 class=\"wp-block-heading\" id=\"h-operation-steps-of-hoist-carbonization-furnace\">Processus de carbonisation du charbon de bois<\/h2>    <div class=\"wp-block-media-text has-media-on-the-right is-stacked-on-mobile\"><div class=\"wp-block-media-text__content\"> <ul class=\"wp-block-list\"> <li>Ouvrez le couvercle du four de carbonisation.<\/li>    <li>Soulevez le four et placez-le dans la zone de chargement du charbon de bois.<\/li>    <li>Ouvrez le couvercle du r\u00e9servoir int\u00e9rieur, placez le four en biais et installez les tiges.<\/li>    <li>Une fois la tige install\u00e9e, couvrez le couvercle du four et suspendez le four dans le r\u00e9servoir ext\u00e9rieur.<\/li>    <li>Ouvrez tour \u00e0 tour les sorties de fum\u00e9e du corps du four, couvrez herm\u00e9tiquement le couvercle du four et d\u00e9marrez la carbonisation.<\/li> <\/ul> <\/div><figure class=\"wp-block-media-text__media\"><img decoding=\"async\" src=\"https:\/\/bestcharcoalmachine.com\/wp-content\/uploads\/2021\/12\/inside-structure-of-the-inner-tank.jpg\" alt=\"structure int\u00e9rieure du r\u00e9servoir int\u00e9rieur\" class=\"wp-image-1305 size-full\"\/><\/figure><\/div>    <h2 class=\"wp-block-heading\" id=\"advantages-of-airflow-wood-charcoal-machine\">Avantages du four de carbonisation \u00e0 treuil<\/h2>    <div class=\"wp-block-media-text is-stacked-on-mobile\"><figure class=\"wp-block-media-text__media\"><img loading=\"lazy\" decoding=\"async\" width=\"720\" height=\"540\" src=\"https:\/\/bestcharcoalmachine.com\/wp-content\/uploads\/2021\/12\/wood-charcoal-machine1.jpg\" alt=\"machine \u00e0 charbon de bois\" class=\"wp-image-3638 size-full\"\/><\/figure><div class=\"wp-block-media-text__content\"> <ul class=\"wp-block-list\"> <li>Le four a une structure porteuse solide, supportant plus de 2 tonnes et n\u00e9cessitant un entretien minimal.<\/li>    <li>Le gaz combustible est recycl\u00e9 pendant l'op\u00e9ration, \u00e9liminant le besoin de ravitaillement constant et r\u00e9duisant la main-d'\u0153uvre.<\/li>    <li>\u00c0 la fois la coque ext\u00e9rieure et le r\u00e9servoir int\u00e9rieur sont en acier Q245 avec un rev\u00eatement r\u00e9fractaire, garantissant durabilit\u00e9 et r\u00e9sistance \u00e0 l'effondrement.<\/li> <\/ul> <\/div><\/div>    <div class=\"wp-block-media-text has-media-on-the-right is-stacked-on-mobile\"><div class=\"wp-block-media-text__content\"> <ul class=\"wp-block-list\"> <li>Le design compact avec levage t\u00e9l\u00e9command\u00e9 rend l'op\u00e9ration plus s\u00fbre et plus efficace en termes de main-d'\u0153uvre.<\/li>    <li>\u00c9quip\u00e9 de trois cuves int\u00e9rieures, le syst\u00e8me permet une carbonisation continue sans attendre le refroidissement ou le pr\u00e9chauffage.<\/li>    <li>La structure s\u00e9par\u00e9e du four et de la chambre de combustion, ainsi que les rev\u00eatements mobiles, am\u00e9liorent la productivit\u00e9 et la flexibilit\u00e9.<\/li> <\/ul> <\/div><figure class=\"wp-block-media-text__media\"><img loading=\"lazy\" decoding=\"async\" width=\"720\" height=\"540\" src=\"https:\/\/bestcharcoalmachine.com\/wp-content\/uploads\/2021\/12\/furnace.jpg\" alt=\"fourneau\" class=\"wp-image-2654 size-full\"\/><\/figure><\/div>    <h2 class=\"wp-block-heading\" id=\"h-carbonizing-furnace-gallery\">Application des produits du four de carbonisation<\/h2>    <p>Apr\u00e8s carbonisation, les b\u00e2tons de bois de biomasse peuvent \u00eatre utilis\u00e9s directement comme combustible pour le barbecue, le chauffage domestique, etc. Apr\u00e8s que le bambou, les troncs ou les branches aient \u00e9t\u00e9 carbonis\u00e9s, la structure est relativement l\u00e2che et la valeur calorifique n'est pas \u00e9lev\u00e9e. Il est un peu gaspilleur de les utiliser directement comme combustible. <\/p>    <p class=\"translation-block\">Nous recommandons de l'associer \u00e0 une <a href=\"https:\/\/bestcharcoalmachine.com\/fr\/product-line\/barbecue-charcoal-production-line\/\">ligne de production de charbon<\/a>. Dans la ligne de production, nous pulv\u00e9risons le charbon, le m\u00e9langeons avec un liant et utilisons diff\u00e9rentes machines professionnelles pour fabriquer des briquettes de charbon. Ces formes de charbon sont r\u00e9guli\u00e8res, dures et denses, ce qui en fait des blocs de charbon de haute qualit\u00e9.<\/p>    <figure class=\"wp-block-gallery has-nested-images columns-default is-cropped wp-block-gallery-2 is-layout-flex wp-block-gallery-is-layout-flex\"> <figure class=\"wp-block-image size-large\"><img decoding=\"async\" data-id=\"1303\" src=\"https:\/\/bestcharcoalmachine.com\/wp-content\/uploads\/2021\/12\/ourter-shell-of-the-carbonizing-furnace.jpg\" alt=\"coque ext\u00e9rieure du four de carbonisation\" class=\"wp-image-1303\"\/><figcaption class=\"wp-element-caption\">coque ext\u00e9rieure du four de carbonisation<\/figcaption><\/figure>    <figure class=\"wp-block-image size-large\"><img loading=\"lazy\" decoding=\"async\" width=\"720\" height=\"540\" data-id=\"2155\" src=\"https:\/\/bestcharcoalmachine.com\/wp-content\/uploads\/2021\/12\/three-inner-tanks-for-continuously-working.jpg\" alt=\"trois r\u00e9servoirs int\u00e9rieurs pour un travail continu\" class=\"wp-image-2155\" srcset=\"https:\/\/bestcharcoalmachine.com\/wp-content\/uploads\/2021\/12\/three-inner-tanks-for-continuously-working.jpg 720w, https:\/\/bestcharcoalmachine.com\/wp-content\/uploads\/2021\/12\/three-inner-tanks-for-continuously-working-300x225.jpg 300w\" sizes=\"auto, (max-width: 720px) 100vw, 720px\" \/><figcaption class=\"wp-element-caption\">trois r\u00e9servoirs int\u00e9rieurs pour un travail continu<\/figcaption><\/figure> <\/figure>    <h2 class=\"wp-block-heading\" id=\"h-hoist-wood-charcoal-machine-parameters\">Param\u00e8tres de la machine \u00e0 charbon de bois de levage<\/h2>    <figure class=\"wp-block-table\"><table><tbody><tr><td>Mod\u00e8le<\/td><td>WD-C1500<\/td><\/tr><tr><td>Dimension<\/td><td>1940mm*1900mm*1900mm<\/td><\/tr><tr><td>Taille du r\u00e9servoir int\u00e9rieur<\/td><td>1500mm*1500mm<\/td><\/tr><tr><td>\u00c9paisseur de la vessie ext\u00e9rieure<\/td><td>6mm<\/td><\/tr><tr><td>Capacit\u00e9 de sortie<\/td><td>2500-3000kg\/24 heures<\/td><\/tr><tr><td>Capacit\u00e9 de chargement<\/td><td>2600-3000kg\/par 8 heures<\/td><\/tr><tr><td>Poids<\/td><td>2,8 tonnes<\/td><\/tr><\/tbody><\/table><figcaption class=\"wp-element-caption\">Param\u00e8tres du four de carbonisation \u00e0 treuil<\/figcaption><\/figure>    <p>Le mod\u00e8le de four de carbonisation de charbon de bois doit son nom au diam\u00e8tre du r\u00e9servoir int\u00e9rieur. Plus le diam\u00e8tre du four de carbonisation est grand, plus le volume est grand et plus de mati\u00e8res premi\u00e8res peuvent \u00eatre carbonis\u00e9es.<\/p>    <figure class=\"wp-block-image size-large\"><img loading=\"lazy\" decoding=\"async\" width=\"720\" height=\"540\" src=\"https:\/\/bestcharcoalmachine.com\/wp-content\/uploads\/2021\/12\/charcoal-machines.jpg\" alt=\"machines \u00e0 charbon de bois\" class=\"wp-image-2655\"\/><figcaption class=\"wp-element-caption\">machines \u00e0 charbon de bois<\/figcaption><\/figure>    <h2 class=\"wp-block-heading\" id=\"faq-of-hoist-carbonizing-furnace\">FAQ du four de carbonisation de levage <\/h2>   <div id=\"rank-math-faq\" class=\"rank-math-block\"> <div class=\"rank-math-list\"> <div id=\"faq-question-1751532472503\" class=\"rank-math-list-item\"> <h3 class=\"rank-math-question\"><strong>Quel type de combustible est utilis\u00e9 dans la chambre de combustion du four de carbonisation\uff1f<\/strong><\/h3> <div class=\"rank-math-answer\">  <p>Les d\u00e9chets et les mat\u00e9riaux en bois, les coques de noix de coco, le charbon et les granul\u00e9s de bois peuvent \u00eatre utilis\u00e9s (un br\u00fbleur est n\u00e9cessaire).<\/p>  <\/div> <\/div> <div id=\"faq-question-1751532484478\" class=\"rank-math-list-item\"> <h3 class=\"rank-math-question\"><strong>Quelle est la densit\u00e9 du charbon de bois fini ?<\/strong><\/h3> <div class=\"rank-math-answer\">  <p>La densit\u00e9 des b\u00e2tons de bois est d'environ 1 \u00e0 1,3 tonnes de m\u00e8tres cubes et le charbon de bois plus dense est plus r\u00e9sistant \u00e0 la combustion.<\/p>  <\/div> <\/div> <div id=\"faq-question-1751532486028\" class=\"rank-math-list-item\"> <h3 class=\"rank-math-question\"><strong>La fum\u00e9e r\u00e9siduelle et les gaz d'\u00e9chappement produits par le four de carbonisation du palan provoqueront-ils une pollution de l'environnement\u00a0?<\/strong><\/h3> <div class=\"rank-math-answer\">  <p>La machine est \u00e9quip\u00e9e d'un \u00e9quipement de retrait. Nous disposons \u00e9galement d'\u00e9quipements de purification \u00e9lectrostatique \u00e0 haute tension, si les exigences sont \u00e9lev\u00e9es, ce qui peut maximiser la r\u00e9duction des \u00e9missions de fum\u00e9e.<\/p>  <\/div> <\/div> <div id=\"faq-question-1751532542685\" class=\"rank-math-list-item\"> <h3 class=\"rank-math-question\"><strong>Le grignon d'olive peut-il \u00eatre utilis\u00e9 dans un four de carbonisation vertical ?<\/strong><\/h3> <div class=\"rank-math-answer\">  <p class=\"translation-block\">Non, la machine carbonise tous les mat\u00e9riaux durs. Si vous devez l'utiliser, il est recommand\u00e9 d'utiliser une <a href=\"https:\/\/bestcharcoalmachine.com\/fr\/product\/sawdust-briquette-machines\/\" data-type=\"link\" data-id=\"https:\/\/bestcharcoalmachine.com\/product\/sawdust-briquette-machines\/\">machine \u00e0 briquettes de sciure<\/a> pour transformer le tourteau d'olive en une tige de biomasse dure, puis d'utiliser un four de carbonisation Hoist pour le carboniser.<\/p>  <\/div> <\/div> <div id=\"faq-question-1751532543464\" class=\"rank-math-list-item\"> <h3 class=\"rank-math-question\"><strong>Comment mettre les mati\u00e8res premi\u00e8res dans l\u2019entr\u00e9e d\u2019alimentation ?<\/strong><\/h3> <div class=\"rank-math-answer\">  <p>Configurez la grue \u00e0 rang\u00e9es, mettez d'abord les mati\u00e8res premi\u00e8res dans le r\u00e9servoir int\u00e9rieur, utilisez la grue \u00e0 rang\u00e9es pour soulever le r\u00e9servoir int\u00e9rieur et placez-le dans le r\u00e9servoir ext\u00e9rieur, puis br\u00fblez-le.<\/p>  <\/div> <\/div> <div id=\"faq-question-1751532573328\" class=\"rank-math-list-item\"> <h3 class=\"rank-math-question\"><strong>Quel est le rendement du four de carbonisation ?<\/strong><\/h3> <div class=\"rank-math-answer\">  <p>Notre four de carbonisation a trois mod\u00e8les, la sortie est de 300 kg\/4 \u00e0 6 heures\u00a0; 600 kg\/6-8 heures\u00a0; 1000kg\/8-10 heures. Parmi eux, celui-ci avec 1000kg\/8-10 heures est le plus populaire.<\/p>  <\/div> <\/div> <div id=\"faq-question-1751532574032\" class=\"rank-math-list-item\"> <h3 class=\"rank-math-question\"><strong>Pourquoi le charbon de bois obtenu apr\u00e8s combustion est-il inf\u00e9rieur \u00e0 la mati\u00e8re premi\u00e8re ?<\/strong><\/h3> <div class=\"rank-math-answer\">  <p>Parce que l'eau contenue dans le bois s'\u00e9vapore, la lignine est combin\u00e9e et convertie en carbone, et 3 \u00e0 4 tonnes de mati\u00e8res premi\u00e8res peuvent \u00eatre transform\u00e9es en 1 tonne de carbone.<\/p>  <\/div> <\/div> <div id=\"faq-question-1751532575064\" class=\"rank-math-list-item\"> <h3 class=\"rank-math-question\"><strong>Y aura-t-il des sous-produits ?<\/strong><\/h3> <div class=\"rank-math-answer\">  <p>Une petite quantit\u00e9 de goudron de bois et de vinaigre de bois sera produite pendant le processus de carbonisation. Ils sont obtenus par refroidissement naturel et liqu\u00e9faction des fum\u00e9es \u00e9mises lors de la combustion du bois en charbon de bois.<\/p>  <\/div> <\/div> <\/div> <\/div>   <figure class=\"wp-block-image size-large\"><img loading=\"lazy\" decoding=\"async\" width=\"720\" height=\"540\" src=\"https:\/\/bestcharcoalmachine.com\/wp-content\/uploads\/2021\/12\/charcoal-machine.jpg\" alt=\"prix du four de carbonisation \u00e0 levage\" class=\"wp-image-2657\"\/><figcaption class=\"wp-element-caption\">prix du four de carbonisation \u00e0 levage<\/figcaption><\/figure>    <h2 class=\"wp-block-heading\">Conclusion<\/h2>    <p class=\"translation-block\">Avec sa construction durable, son design \u00e9conome en \u00e9nergie et sa capacit\u00e9 \u00e0 fonctionner en continu avec plusieurs cuves internes, le <strong>four de <a href=\"https:\/\/en.wikipedia.org\/wiki\/Carbonization\" data-type=\"link\" data-id=\"https:\/\/en.wikipedia.org\/wiki\/Carbonization\" target=\"_blank\" rel=\"noopener\">carbonisation<\/a> Hoist<\/strong> offre une solution id\u00e9ale pour une production de charbon efficace et \u00e0 grande \u00e9chelle. <\/p>    <p>Que vous cherchiez \u00e0 r\u00e9duire les co\u00fbts de main-d'\u0153uvre, \u00e0 am\u00e9liorer la production ou \u00e0 passer \u00e0 une m\u00e9thode de production plus \u00e9cologique, cette machine r\u00e9pond \u00e0 tous ces crit\u00e8res. <\/p>    <p class=\"translation-block\">Si vous \u00eates pr\u00eat \u00e0 am\u00e9liorer votre ligne de production de charbon, <strong>contactez-nous d\u00e8s aujourd'hui<\/strong> pour une solution personnalis\u00e9e adapt\u00e9e \u00e0 vos besoins.<\/p>    <figure class=\"wp-block-image size-large\"><img loading=\"lazy\" decoding=\"async\" width=\"720\" height=\"540\" src=\"https:\/\/bestcharcoalmachine.com\/wp-content\/uploads\/2021\/12\/carbonization-furnace-2.jpg\" alt=\"four de carbonisation de levage\" class=\"wp-image-2658\"\/><figcaption class=\"wp-element-caption\">four de carbonisation de levage<\/figcaption><\/figure>","protected":false},"excerpt":{"rendered":"<p>Le four de carbonisation Hoist, con\u00e7u avec une structure de levage verticale, simplifie le chargement et le d\u00e9chargement tout en permettant la carbonisation par lots avec des cuves int\u00e9rieures interchangeables.<\/p>","protected":false},"author":1,"featured_media":1973,"parent":0,"template":"","tags":[93],"product-type":[47],"class_list":["post-1259","product","type-product","status-publish","has-post-thumbnail","hentry","tag-hoist-carbonization-furnace","product-type-carbonization-furnace"],"_links":{"self":[{"href":"https:\/\/bestcharcoalmachine.com\/fr\/wp-json\/wp\/v2\/product\/1259","targetHints":{"allow":["GET"]}}],"collection":[{"href":"https:\/\/bestcharcoalmachine.com\/fr\/wp-json\/wp\/v2\/product"}],"about":[{"href":"https:\/\/bestcharcoalmachine.com\/fr\/wp-json\/wp\/v2\/types\/product"}],"author":[{"embeddable":true,"href":"https:\/\/bestcharcoalmachine.com\/fr\/wp-json\/wp\/v2\/users\/1"}],"wp:featuredmedia":[{"embeddable":true,"href":"https:\/\/bestcharcoalmachine.com\/fr\/wp-json\/wp\/v2\/media\/1973"}],"wp:attachment":[{"href":"https:\/\/bestcharcoalmachine.com\/fr\/wp-json\/wp\/v2\/media?parent=1259"}],"wp:term":[{"taxonomy":"post_tag","embeddable":true,"href":"https:\/\/bestcharcoalmachine.com\/fr\/wp-json\/wp\/v2\/tags?post=1259"},{"taxonomy":"product-type","embeddable":true,"href":"https:\/\/bestcharcoalmachine.com\/fr\/wp-json\/wp\/v2\/product-type?post=1259"}],"curies":[{"name":"wp","href":"https:\/\/api.w.org\/{rel}","templated":true}]}}