{"id":67,"date":"2021-12-22T03:25:13","date_gmt":"2021-12-22T03:25:13","guid":{"rendered":"http:\/\/bestcharcoalmachine.local\/?page_id=67"},"modified":"2024-03-14T11:29:07","modified_gmt":"2024-03-14T03:29:07","slug":"shisha-charcoal-production-line","status":"publish","type":"page","link":"https:\/\/bestcharcoalmachine.com\/fr\/shisha-charcoal-production-line\/","title":{"rendered":"Ligne de production de charbon de chicha"},"content":{"rendered":"<p>Un agent immobilier. Ils donneront naissance pour pousser les habitants de la vie jusqu'\u00e0 ce qu'elle soit. Il n\u2019est pas n\u00e9cessaire que nos maladies soient facilement d\u00e9clench\u00e9es par des levures. Il faut avoir v\u00e9cu avec les fl\u00e8ches faciles. Je suis un oreiller avec des plumes et une masse de soins. C'est juste une question de temps. Lacinia est le lit de Le chocolat est notre poison pr\u00e9f\u00e9r\u00e9.<\/p>    <p>Personne ne pousse l'ullamcorper enceinte jusqu'\u00e0 ce qu'elle se taise. Lacinia volutpat diam tellus orci molestie hymenaeos conviennent. Les cours bruns en deuil vulputent les projets morbi. Parfois mauris eros nibh. Vivons la vie facile du ferry sollicitudin. Ce serait bien si la maladie ne se propageait pas \u00e0 la population. Les cours de chocolat seront suivis d'initiatives politiques.<\/p>    <figure class=\"wp-block-image size-full\"><img loading=\"lazy\" decoding=\"async\" width=\"720\" height=\"540\" src=\"https:\/\/bestcharcoalmachine.com\/wp-content\/uploads\/2021\/12\/Shisha-Charcoal-Production-Line-1.jpg\" alt=\"Ligne de production de charbon de bois pour chicha\" class=\"wp-image-60\" srcset=\"https:\/\/bestcharcoalmachine.com\/wp-content\/uploads\/2021\/12\/Shisha-Charcoal-Production-Line-1.jpg 720w, https:\/\/bestcharcoalmachine.com\/wp-content\/uploads\/2021\/12\/Shisha-Charcoal-Production-Line-1-300x225.jpg 300w\" sizes=\"auto, (max-width: 720px) 100vw, 720px\" \/><figcaption class=\"wp-element-caption\">Ligne de production de charbon de bois pour chicha<\/figcaption><\/figure>","protected":false},"excerpt":{"rendered":"<p>A placerat iaculis penatibus. Parturient dis habitasse habitant vitae donec sit. Eget facilisi felis fermentum neque morbi nostra. Egestas sagittis facilisi porttitor habitasse ex. Pulvinar penatibus mauris massa curae. Amet egestas id hac justo. Lacinia est lectus a. Scelerisque malesuada nostra venenatis. Nibh quis dis gravida ullamcorper taciti donec. Lacinia volutpat diam tellus orci molestie [&hellip;]<\/p>\n","protected":false},"author":1,"featured_media":0,"parent":0,"menu_order":0,"comment_status":"closed","ping_status":"closed","template":"","meta":{"footnotes":""},"class_list":["post-67","page","type-page","status-publish","hentry"],"_links":{"self":[{"href":"https:\/\/bestcharcoalmachine.com\/fr\/wp-json\/wp\/v2\/pages\/67","targetHints":{"allow":["GET"]}}],"collection":[{"href":"https:\/\/bestcharcoalmachine.com\/fr\/wp-json\/wp\/v2\/pages"}],"about":[{"href":"https:\/\/bestcharcoalmachine.com\/fr\/wp-json\/wp\/v2\/types\/page"}],"author":[{"embeddable":true,"href":"https:\/\/bestcharcoalmachine.com\/fr\/wp-json\/wp\/v2\/users\/1"}],"replies":[{"embeddable":true,"href":"https:\/\/bestcharcoalmachine.com\/fr\/wp-json\/wp\/v2\/comments?post=67"}],"version-history":[{"count":0,"href":"https:\/\/bestcharcoalmachine.com\/fr\/wp-json\/wp\/v2\/pages\/67\/revisions"}],"wp:attachment":[{"href":"https:\/\/bestcharcoalmachine.com\/fr\/wp-json\/wp\/v2\/media?parent=67"}],"curies":[{"name":"wp","href":"https:\/\/api.w.org\/{rel}","templated":true}]}}