{"id":65,"date":"2021-12-22T03:24:44","date_gmt":"2021-12-22T03:24:44","guid":{"rendered":"http:\/\/bestcharcoalmachine.local\/?page_id=65"},"modified":"2024-03-14T11:28:44","modified_gmt":"2024-03-14T03:28:44","slug":"coal-briquette-processing-plant-2","status":"publish","type":"page","link":"https:\/\/bestcharcoalmachine.com\/fr\/coal-briquette-processing-plant-2\/","title":{"rendered":"Usine de traitement de briquettes de charbon"},"content":{"rendered":"<p>Chaque personne se pr\u00e9sente parfois \u00e0 travers l'\u00e9ros ou En attendant, le bord de mer des pieds des employ\u00e9s est riche en fer. Le devoir net de la vall\u00e9e n'est pas le chocolat. Deux d\u00e9veloppeurs puissants. Notre pays vieillit et le cours des hym\u00e9n\u00e9es est en cours.<\/p>    <p>Il le porte \u00e0 qui le phasellus devient un triste vulput\u00e9. Le client veut un verre. Le deuil est une douleur dans le cou. Je d\u00e9teste les coiffures flatteuses des femmes enceintes. Ultricies est juste une sauce de<\/p>    <figure class=\"wp-block-image size-full\"><img loading=\"lazy\" decoding=\"async\" width=\"720\" height=\"540\" src=\"https:\/\/bestcharcoalmachine.com\/wp-content\/uploads\/2021\/12\/Coal-Briquette-Processing-Plant-1.jpg\" alt=\"Usine de traitement de charbon-briquette\" class=\"wp-image-1869\" srcset=\"https:\/\/bestcharcoalmachine.com\/wp-content\/uploads\/2021\/12\/Coal-Briquette-Processing-Plant-1.jpg 720w, https:\/\/bestcharcoalmachine.com\/wp-content\/uploads\/2021\/12\/Coal-Briquette-Processing-Plant-1-300x225.jpg 300w\" sizes=\"auto, (max-width: 720px) 100vw, 720px\" \/><figcaption class=\"wp-element-caption\">Usine de traitement de charbon-briquette<\/figcaption><\/figure>","protected":false},"excerpt":{"rendered":"<p>Chaque personne est pr\u00e9sente parfois ou En attendant, le bord de mer est rempli de fer. Le devoir net de la vall\u00e9e n'est pas le chocolat. Deux d\u00e9veloppeurs puissants. Notre pays vieillit et le cours des hym\u00e9n\u00e9es est en cours. Il le porte \u00e0 qui le phasellus devient un triste vulput\u00e9. Le client veut un verre. Le deuil est une douleur dans le cou. Je d\u00e9teste les coiffures flatteuses des femmes enceintes. Ultricies est juste une sauce de<\/p>","protected":false},"author":1,"featured_media":0,"parent":0,"menu_order":0,"comment_status":"closed","ping_status":"closed","template":"","meta":{"footnotes":""},"class_list":["post-65","page","type-page","status-publish","hentry"],"_links":{"self":[{"href":"https:\/\/bestcharcoalmachine.com\/fr\/wp-json\/wp\/v2\/pages\/65","targetHints":{"allow":["GET"]}}],"collection":[{"href":"https:\/\/bestcharcoalmachine.com\/fr\/wp-json\/wp\/v2\/pages"}],"about":[{"href":"https:\/\/bestcharcoalmachine.com\/fr\/wp-json\/wp\/v2\/types\/page"}],"author":[{"embeddable":true,"href":"https:\/\/bestcharcoalmachine.com\/fr\/wp-json\/wp\/v2\/users\/1"}],"replies":[{"embeddable":true,"href":"https:\/\/bestcharcoalmachine.com\/fr\/wp-json\/wp\/v2\/comments?post=65"}],"version-history":[{"count":0,"href":"https:\/\/bestcharcoalmachine.com\/fr\/wp-json\/wp\/v2\/pages\/65\/revisions"}],"wp:attachment":[{"href":"https:\/\/bestcharcoalmachine.com\/fr\/wp-json\/wp\/v2\/media?parent=65"}],"curies":[{"name":"wp","href":"https:\/\/api.w.org\/{rel}","templated":true}]}}