{"id":30,"date":"2021-12-21T08:48:35","date_gmt":"2021-12-21T08:48:35","guid":{"rendered":"http:\/\/bestcharcoalmachine.local\/?page_id=30"},"modified":"2023-09-22T16:15:17","modified_gmt":"2023-09-22T08:15:17","slug":"contact-us","status":"publish","type":"page","link":"https:\/\/bestcharcoalmachine.com\/fr\/contact-us\/","title":{"rendered":"Contactez-nous"},"content":{"rendered":"<div class=\"wp-block-columns is-layout-flex wp-container-core-columns-is-layout-28f84493 wp-block-columns-is-layout-flex\"> <div class=\"wp-block-column is-layout-flow wp-block-column-is-layout-flow\"> <p>Si vous \u00eates int\u00e9ress\u00e9 par l'une de nos machines ou services \u00e0 charbon de bois, n'h\u00e9sitez pas \u00e0 consulter librement pour plus d'informations sur les machines \u00e0 charbon de bois et nous pourrons discuter de vos besoins et de votre demande uniques. <\/p>    <p>Nous envoyons des invitations \u00e0 tous les clients potentiels pour visiter notre usine et inspecter personnellement notre \u00e9quipement de machine \u00e0 charbon de bois. Vous pouvez regarder nos machines travailler sur place et discuter en personne avec nos techniciens de la fa\u00e7on de faire fonctionner correctement l\u2019\u00e9quipement. <\/p> <\/div>    <div class=\"wp-block-column is-layout-flow wp-block-column-is-layout-flow\"> <ul class=\"wp-block-list\"> <li><strong>E-mail:<\/strong>\u00a0info@bestcharcoalmachine.com<\/li> <\/ul>    <ul class=\"wp-block-list\"> <li><strong>WhatsAapp\u00a0:\u00a0<\/strong><a href=\"https:\/\/wa.me\/+8617329326135\" data-type=\"link\" data-id=\"https:\/\/wa.me\/+8617329326135\" target=\"_blank\" rel=\"noopener\">+8617329326135<\/a><\/li> <\/ul>    <ul class=\"wp-block-list\"> <li><strong>T\u00e9l\u00e9phone:<\/strong>\u00a0+86 17329326135<\/li> <\/ul> <\/div> <\/div>","protected":false},"excerpt":{"rendered":"<p>If you are interested in any of our charcoal machines or services, welcome to consult for more information freely about charcoal machines and we can discuss your unique needs and demand. We send out invitations to all potential customers to visit our factory and personally inspect our charcoal machine equipment. You can watch our machines [&hellip;]<\/p>\n","protected":false},"author":1,"featured_media":0,"parent":0,"menu_order":0,"comment_status":"closed","ping_status":"closed","template":"","meta":{"footnotes":""},"class_list":["post-30","page","type-page","status-publish","hentry"],"_links":{"self":[{"href":"https:\/\/bestcharcoalmachine.com\/fr\/wp-json\/wp\/v2\/pages\/30","targetHints":{"allow":["GET"]}}],"collection":[{"href":"https:\/\/bestcharcoalmachine.com\/fr\/wp-json\/wp\/v2\/pages"}],"about":[{"href":"https:\/\/bestcharcoalmachine.com\/fr\/wp-json\/wp\/v2\/types\/page"}],"author":[{"embeddable":true,"href":"https:\/\/bestcharcoalmachine.com\/fr\/wp-json\/wp\/v2\/users\/1"}],"replies":[{"embeddable":true,"href":"https:\/\/bestcharcoalmachine.com\/fr\/wp-json\/wp\/v2\/comments?post=30"}],"version-history":[{"count":0,"href":"https:\/\/bestcharcoalmachine.com\/fr\/wp-json\/wp\/v2\/pages\/30\/revisions"}],"wp:attachment":[{"href":"https:\/\/bestcharcoalmachine.com\/fr\/wp-json\/wp\/v2\/media?parent=30"}],"curies":[{"name":"wp","href":"https:\/\/api.w.org\/{rel}","templated":true}]}}