{"id":28,"date":"2021-12-21T08:47:15","date_gmt":"2021-12-21T08:47:15","guid":{"rendered":"http:\/\/bestcharcoalmachine.local\/?page_id=28"},"modified":"2026-04-23T11:21:00","modified_gmt":"2026-04-23T03:21:00","slug":"about-us","status":"publish","type":"page","link":"https:\/\/bestcharcoalmachine.com\/fr\/about-us\/","title":{"rendered":"\u00c0 propos de nous"},"content":{"rendered":"<p>Fond\u00e9e avec plusieurs ann\u00e9es d'exp\u00e9rience dans la fabrication de machines de traitement de la biomasse, Shuliy Machinery est soutenue par une usine professionnelle de grande envergure d\u00e9di\u00e9e \u00e0 la recherche, au d\u00e9veloppement, \u00e0 la production, \u00e0 la vente et au service apr\u00e8s-vente des \u00e9quipements de fabrication de charbon.<\/p>    <p>Nous nous concentrons sur des solutions compl\u00e8tes de production de charbon, couvrant les machines \u00e0 briquettes de charbon, les fours de carbonisation, les machines \u00e0 broyeur de bois, les \u00e9quipements de s\u00e9chage, les machines \u00e0 charbon shisha, les lignes de production de charbon de barbecue et toutes les machines auxiliaires de support.<\/p>    <p>En s'appuyant sur une technologie de production mature, des normes de production strictes et une exp\u00e9rience de fabrication abondante, nous continuons \u00e0 optimiser la structure des machines, l'efficacit\u00e9 \u00e9nerg\u00e9tique et la capacit\u00e9 de production pour r\u00e9pondre aux diff\u00e9rentes demandes de production \u00e0 l'\u00e9chelle mondiale. Tous nos \u00e9quipements principaux sont fabriqu\u00e9s en interne, avec des performances stables, une longue dur\u00e9e de vie et un rendement \u00e9lev\u00e9 en charbon.<\/p>    <figure class=\"wp-block-gallery has-nested-images columns-default is-cropped wp-block-gallery-2 is-layout-flex wp-block-gallery-is-layout-flex\"> <figure class=\"wp-block-image size-large\"><img loading=\"lazy\" decoding=\"async\" width=\"720\" height=\"540\" data-id=\"4319\" src=\"https:\/\/bestcharcoalmachine.com\/wp-content\/uploads\/2026\/04\/shuliy-machinery.webp\" alt=\"Shuliy Machinery\" class=\"wp-image-4319\" srcset=\"https:\/\/bestcharcoalmachine.com\/wp-content\/uploads\/2026\/04\/shuliy-machinery.webp 720w, https:\/\/bestcharcoalmachine.com\/wp-content\/uploads\/2026\/04\/shuliy-machinery-300x225.webp 300w, https:\/\/bestcharcoalmachine.com\/wp-content\/uploads\/2026\/04\/shuliy-machinery-16x12.webp 16w\" sizes=\"auto, (max-width: 720px) 100vw, 720px\" \/><figcaption class=\"wp-element-caption\">Shuliy Machinery<\/figcaption><\/figure>    <figure class=\"wp-block-image size-large\"><img loading=\"lazy\" decoding=\"async\" width=\"720\" height=\"540\" data-id=\"4318\" src=\"https:\/\/bestcharcoalmachine.com\/wp-content\/uploads\/2026\/04\/shuliy-factory.webp\" alt=\"Usine Shuliy\" class=\"wp-image-4318\" srcset=\"https:\/\/bestcharcoalmachine.com\/wp-content\/uploads\/2026\/04\/shuliy-factory.webp 720w, https:\/\/bestcharcoalmachine.com\/wp-content\/uploads\/2026\/04\/shuliy-factory-300x225.webp 300w, https:\/\/bestcharcoalmachine.com\/wp-content\/uploads\/2026\/04\/shuliy-factory-16x12.webp 16w\" sizes=\"auto, (max-width: 720px) 100vw, 720px\" \/><figcaption class=\"wp-element-caption\">Usine Shuliy<\/figcaption><\/figure> <\/figure>    <h2 class=\"wp-block-heading\">Notre force de production<\/h2>    <p>Nous poss\u00e9dons un atelier de production ind\u00e9pendant complet couvrant une grande surface de traitement, \u00e9quip\u00e9 d'un mat\u00e9riel m\u00e9canique complet, de lignes d'assemblage professionnelles et d'un processus de production standardis\u00e9.<\/p>    <p>De la transformation des mati\u00e8res premi\u00e8res, usinage des pi\u00e8ces, assemblage de la machine enti\u00e8re jusqu'au d\u00e9bogage du produit fini, chaque \u00e9tape de production est r\u00e9alis\u00e9e de mani\u00e8re ind\u00e9pendante dans notre usine. Nous disposons d'\u00e9quipes de production professionnelles et de travailleurs techniques qualifi\u00e9s, qui contr\u00f4lent strictement chaque d\u00e9tail de la production.<\/p>    <p>Nous soutenons la production personnalis\u00e9e selon les diff\u00e9rents mati\u00e8res premi\u00e8res, conditions du site et exigences de sortie des clients, ce qui garantit une qualit\u00e9 stable et une livraison fiable pour chaque ensemble de machines \u00e0 charbon.<\/p>    <figure class=\"wp-block-gallery has-nested-images columns-2 is-cropped wp-block-gallery-3 is-layout-flex wp-block-gallery-is-layout-flex\"> <figure class=\"wp-block-image size-large\"><img loading=\"lazy\" decoding=\"async\" width=\"720\" height=\"540\" data-id=\"4310\" src=\"https:\/\/bestcharcoalmachine.com\/wp-content\/uploads\/2026\/04\/biomass-drying-machine-factory.webp\" alt=\"Usine de s\u00e9chage de biomasse\" class=\"wp-image-4310\" srcset=\"https:\/\/bestcharcoalmachine.com\/wp-content\/uploads\/2026\/04\/biomass-drying-machine-factory.webp 720w, https:\/\/bestcharcoalmachine.com\/wp-content\/uploads\/2026\/04\/biomass-drying-machine-factory-300x225.webp 300w, https:\/\/bestcharcoalmachine.com\/wp-content\/uploads\/2026\/04\/biomass-drying-machine-factory-16x12.webp 16w\" sizes=\"auto, (max-width: 720px) 100vw, 720px\" \/><figcaption class=\"wp-element-caption\">Usine de s\u00e9chage de biomasse<\/figcaption><\/figure>    <figure class=\"wp-block-image size-large\"><img loading=\"lazy\" decoding=\"async\" width=\"720\" height=\"540\" data-id=\"4311\" src=\"https:\/\/bestcharcoalmachine.com\/wp-content\/uploads\/2026\/04\/charcoal-briquette-machine-unit.webp\" alt=\"Unit\u00e9 de machine \u00e0 briquettes de charbon\" class=\"wp-image-4311\" srcset=\"https:\/\/bestcharcoalmachine.com\/wp-content\/uploads\/2026\/04\/charcoal-briquette-machine-unit.webp 720w, https:\/\/bestcharcoalmachine.com\/wp-content\/uploads\/2026\/04\/charcoal-briquette-machine-unit-300x225.webp 300w, https:\/\/bestcharcoalmachine.com\/wp-content\/uploads\/2026\/04\/charcoal-briquette-machine-unit-16x12.webp 16w\" sizes=\"auto, (max-width: 720px) 100vw, 720px\" \/><figcaption class=\"wp-element-caption\">Unit\u00e9 de machine \u00e0 briquettes de charbon<\/figcaption><\/figure>    <figure class=\"wp-block-image size-large\"><img loading=\"lazy\" decoding=\"async\" width=\"720\" height=\"540\" data-id=\"4312\" src=\"https:\/\/bestcharcoalmachine.com\/wp-content\/uploads\/2026\/04\/Mechanical-charcoal-production-line.webp\" alt=\"Ligne de production m\u00e9canique de charbon\" class=\"wp-image-4312\" srcset=\"https:\/\/bestcharcoalmachine.com\/wp-content\/uploads\/2026\/04\/Mechanical-charcoal-production-line.webp 720w, https:\/\/bestcharcoalmachine.com\/wp-content\/uploads\/2026\/04\/Mechanical-charcoal-production-line-300x225.webp 300w, https:\/\/bestcharcoalmachine.com\/wp-content\/uploads\/2026\/04\/Mechanical-charcoal-production-line-16x12.webp 16w\" sizes=\"auto, (max-width: 720px) 100vw, 720px\" \/><figcaption class=\"wp-element-caption\">Ligne de production m\u00e9canique de charbon<\/figcaption><\/figure>    <figure class=\"wp-block-image size-large\"><img loading=\"lazy\" decoding=\"async\" width=\"720\" height=\"540\" data-id=\"4313\" src=\"https:\/\/bestcharcoalmachine.com\/wp-content\/uploads\/2026\/04\/sawdust-briquette-making-machine-plant.webp\" alt=\"Usine de briquettes de sciure de bois\" class=\"wp-image-4313\" srcset=\"https:\/\/bestcharcoalmachine.com\/wp-content\/uploads\/2026\/04\/sawdust-briquette-making-machine-plant.webp 720w, https:\/\/bestcharcoalmachine.com\/wp-content\/uploads\/2026\/04\/sawdust-briquette-making-machine-plant-300x225.webp 300w, https:\/\/bestcharcoalmachine.com\/wp-content\/uploads\/2026\/04\/sawdust-briquette-making-machine-plant-16x12.webp 16w\" sizes=\"auto, (max-width: 720px) 100vw, 720px\" \/><figcaption class=\"wp-element-caption\">Usine de briquettes de sciure de bois<\/figcaption><\/figure> <\/figure>    <h2 class=\"wp-block-heading\">Cas de projets mondiaux<\/h2>    <p>Fort de plusieurs ann\u00e9es d'exp\u00e9rience dans l'exportation, nos machines \u00e0 charbon de bois et nos lignes de production compl\u00e8tes ont \u00e9t\u00e9 export\u00e9es dans des dizaines de pays \u00e0 travers le monde, notamment en Russie, en Arabie Saoudite, au N\u00e9pal, en Alg\u00e9rie, en \u00c9quateur et dans de nombreux autres pays d'Asie du Sud-Est, du Moyen-Orient et d'Afrique.<\/p>    <p>Nous avons accumul\u00e9 un grand nombre de cas de r\u00e9ussite en op\u00e9ration sur site dans diff\u00e9rentes r\u00e9gions. En fonction des ressources locales en mati\u00e8res premi\u00e8res et des besoins de production des clients, nous proposons une planification raisonnable de la ligne de production globale, un sch\u00e9ma de configuration de l'\u00e9quipement et des conseils pour la construction sur site. La qualit\u00e9 stable de nos machines et nos solutions de production pratiques ont \u00e9t\u00e9 hautement reconnues par des acheteurs du monde entier.<\/p>    <figure class=\"wp-block-gallery has-nested-images columns-default is-cropped wp-block-gallery-4 is-layout-flex wp-block-gallery-is-layout-flex\"> <figure class=\"wp-block-image size-large\"><img loading=\"lazy\" decoding=\"async\" width=\"720\" height=\"540\" data-id=\"4303\" src=\"https:\/\/bestcharcoalmachine.com\/wp-content\/uploads\/2026\/04\/carbonization-furnace-exported-to-Jordan.webp\" alt=\"Four de carbonisation export\u00e9 vers la Jordanie\" class=\"wp-image-4303\" srcset=\"https:\/\/bestcharcoalmachine.com\/wp-content\/uploads\/2026\/04\/carbonization-furnace-exported-to-Jordan.webp 720w, https:\/\/bestcharcoalmachine.com\/wp-content\/uploads\/2026\/04\/carbonization-furnace-exported-to-Jordan-300x225.webp 300w, https:\/\/bestcharcoalmachine.com\/wp-content\/uploads\/2026\/04\/carbonization-furnace-exported-to-Jordan-16x12.webp 16w\" sizes=\"auto, (max-width: 720px) 100vw, 720px\" \/><figcaption class=\"wp-element-caption\">Four de carbonisation export\u00e9 vers la Jordanie<\/figcaption><\/figure>    <figure class=\"wp-block-image size-large\"><img loading=\"lazy\" decoding=\"async\" width=\"540\" height=\"720\" data-id=\"4304\" src=\"https:\/\/bestcharcoalmachine.com\/wp-content\/uploads\/2026\/04\/Dubai-clients-visit-the-factory.webp\" alt=\"Clients de Duba\u00ef visitent l&#039;usine\" class=\"wp-image-4304\" srcset=\"https:\/\/bestcharcoalmachine.com\/wp-content\/uploads\/2026\/04\/Dubai-clients-visit-the-factory.webp 540w, https:\/\/bestcharcoalmachine.com\/wp-content\/uploads\/2026\/04\/Dubai-clients-visit-the-factory-225x300.webp 225w, https:\/\/bestcharcoalmachine.com\/wp-content\/uploads\/2026\/04\/Dubai-clients-visit-the-factory-9x12.webp 9w\" sizes=\"auto, (max-width: 540px) 100vw, 540px\" \/><figcaption class=\"wp-element-caption\">Clients de Duba\u00ef visitent l'usine<\/figcaption><\/figure>    <figure class=\"wp-block-image size-large\"><img loading=\"lazy\" decoding=\"async\" width=\"540\" height=\"720\" data-id=\"4305\" src=\"https:\/\/bestcharcoalmachine.com\/wp-content\/uploads\/2026\/04\/Japanese-customers-purchase-carbonisation-furnaces.webp\" alt=\"Clients japonais achetant des fours de carbonisation\" class=\"wp-image-4305\" srcset=\"https:\/\/bestcharcoalmachine.com\/wp-content\/uploads\/2026\/04\/Japanese-customers-purchase-carbonisation-furnaces.webp 540w, https:\/\/bestcharcoalmachine.com\/wp-content\/uploads\/2026\/04\/Japanese-customers-purchase-carbonisation-furnaces-225x300.webp 225w, https:\/\/bestcharcoalmachine.com\/wp-content\/uploads\/2026\/04\/Japanese-customers-purchase-carbonisation-furnaces-9x12.webp 9w\" sizes=\"auto, (max-width: 540px) 100vw, 540px\" \/><figcaption class=\"wp-element-caption\">Clients japonais achetant des fours de carbonisation<\/figcaption><\/figure>    <figure class=\"wp-block-image size-large\"><img loading=\"lazy\" decoding=\"async\" width=\"720\" height=\"540\" data-id=\"4306\" src=\"https:\/\/bestcharcoalmachine.com\/wp-content\/uploads\/2026\/04\/Nigerian-clients-visit-the-factory.webp\" alt=\"Clients nig\u00e9rians visitent l&#039;usine\" class=\"wp-image-4306\" srcset=\"https:\/\/bestcharcoalmachine.com\/wp-content\/uploads\/2026\/04\/Nigerian-clients-visit-the-factory.webp 720w, https:\/\/bestcharcoalmachine.com\/wp-content\/uploads\/2026\/04\/Nigerian-clients-visit-the-factory-300x225.webp 300w, https:\/\/bestcharcoalmachine.com\/wp-content\/uploads\/2026\/04\/Nigerian-clients-visit-the-factory-16x12.webp 16w\" sizes=\"auto, (max-width: 720px) 100vw, 720px\" \/><figcaption class=\"wp-element-caption\">Clients nig\u00e9rians visitent l'usine<\/figcaption><\/figure>    <figure class=\"wp-block-image size-large\"><img loading=\"lazy\" decoding=\"async\" width=\"540\" height=\"720\" data-id=\"4307\" src=\"https:\/\/bestcharcoalmachine.com\/wp-content\/uploads\/2026\/04\/Pakistani-customer-purchases-a-log-debarker.webp\" alt=\"Client pakistanais achetant un d\u00e9chiqueteur de b\u00fbches\" class=\"wp-image-4307\" srcset=\"https:\/\/bestcharcoalmachine.com\/wp-content\/uploads\/2026\/04\/Pakistani-customer-purchases-a-log-debarker.webp 540w, https:\/\/bestcharcoalmachine.com\/wp-content\/uploads\/2026\/04\/Pakistani-customer-purchases-a-log-debarker-225x300.webp 225w, https:\/\/bestcharcoalmachine.com\/wp-content\/uploads\/2026\/04\/Pakistani-customer-purchases-a-log-debarker-9x12.webp 9w\" sizes=\"auto, (max-width: 540px) 100vw, 540px\" \/><figcaption class=\"wp-element-caption\">Client pakistanais achetant un d\u00e9chiqueteur de b\u00fbches<\/figcaption><\/figure>    <figure class=\"wp-block-image size-large\"><img loading=\"lazy\" decoding=\"async\" width=\"720\" height=\"540\" data-id=\"4308\" src=\"https:\/\/bestcharcoalmachine.com\/wp-content\/uploads\/2026\/04\/Turkish-clients-visit-the-company.webp\" alt=\"Clients turcs visitent l&#039;entreprise\" class=\"wp-image-4308\" srcset=\"https:\/\/bestcharcoalmachine.com\/wp-content\/uploads\/2026\/04\/Turkish-clients-visit-the-company.webp 720w, https:\/\/bestcharcoalmachine.com\/wp-content\/uploads\/2026\/04\/Turkish-clients-visit-the-company-300x225.webp 300w, https:\/\/bestcharcoalmachine.com\/wp-content\/uploads\/2026\/04\/Turkish-clients-visit-the-company-16x12.webp 16w\" sizes=\"auto, (max-width: 720px) 100vw, 720px\" \/><figcaption class=\"wp-element-caption\">Clients turcs visitent l'entreprise<\/figcaption><\/figure> <\/figure>    <h2 class=\"wp-block-heading\">Qualifications et certifications<\/h2>    <p>Notre principal \u00e9quipement de fabrication de charbon de bois a obtenu une certification internationale officielle. Avec une gestion de production standardis\u00e9e et une qualit\u00e9 m\u00e9canique qualifi\u00e9e, nous respectons les normes du commerce international et les sp\u00e9cifications de s\u00e9curit\u00e9 m\u00e9canique dans toutes nos activit\u00e9s de production et d'exportation.<\/p>    <p>Les certificats de qualification complets offrent une garantie fiable pour le d\u00e9douanement, l'utilisation de l'\u00e9quipement et l'exploitation ult\u00e9rieure.<\/p>    <figure class=\"wp-block-image size-full\"><img loading=\"lazy\" decoding=\"async\" width=\"540\" height=\"720\" src=\"https:\/\/bestcharcoalmachine.com\/wp-content\/uploads\/2026\/04\/charcoal-briquette-making-machine-qualification-certificates.webp\" alt=\"Certificats de qualification pour la fabrication de briquettes de charbon\" class=\"wp-image-4316\" srcset=\"https:\/\/bestcharcoalmachine.com\/wp-content\/uploads\/2026\/04\/charcoal-briquette-making-machine-qualification-certificates.webp 540w, https:\/\/bestcharcoalmachine.com\/wp-content\/uploads\/2026\/04\/charcoal-briquette-making-machine-qualification-certificates-225x300.webp 225w, https:\/\/bestcharcoalmachine.com\/wp-content\/uploads\/2026\/04\/charcoal-briquette-making-machine-qualification-certificates-9x12.webp 9w\" sizes=\"auto, (max-width: 540px) 100vw, 540px\" \/><figcaption class=\"wp-element-caption\">Certificats de qualification pour la fabrication de briquettes de charbon<\/figcaption><\/figure>    <h2 class=\"wp-block-heading\">Service apr\u00e8s-vente complet<\/h2>    <p>Nous fournissons un service global cl\u00e9 en main pour les clients du monde entier tout au long du processus de coop\u00e9ration.<\/p>    <ul class=\"wp-block-list\"> <li>Avant la commande : Planification gratuite de la ligne de production, suggestions de s\u00e9lection d'\u00e9quipement et devis d\u00e9taill\u00e9 selon votre demande.<\/li>    <li>Lors de la coop\u00e9ration : Planification stricte de la production, retour d'information en temps r\u00e9el sur l'avancement de la production et organisation de l'exp\u00e9dition s\u00e9curis\u00e9e en conteneur.<\/li>    <li>Apr\u00e8s livraison : Support technique \u00e0 vie, assistance en ligne pour l'exploitation, conseils d'installation, conseils pour l'entretien de l'\u00e9quipement et service de fourniture de pi\u00e8ces d\u00e9tach\u00e9es.<\/li> <\/ul>    <p>Notre \u00e9quipe de service professionnel est toujours disponible pour r\u00e9soudre tous les probl\u00e8mes rencontr\u00e9s lors de l'utilisation et de la production de la machine.<\/p>    <figure class=\"wp-block-gallery has-nested-images columns-2 is-cropped wp-block-gallery-5 is-layout-flex wp-block-gallery-is-layout-flex\"> <figure class=\"wp-block-image size-large\"><img loading=\"lazy\" decoding=\"async\" width=\"720\" height=\"540\" data-id=\"4322\" src=\"https:\/\/bestcharcoalmachine.com\/wp-content\/uploads\/2026\/04\/Complete-Charcoal-Machine-Container-Loading.webp\" alt=\"Chargement du conteneur pour machine \u00e0 charbon compl\u00e8te\" class=\"wp-image-4322\" srcset=\"https:\/\/bestcharcoalmachine.com\/wp-content\/uploads\/2026\/04\/Complete-Charcoal-Machine-Container-Loading.webp 720w, https:\/\/bestcharcoalmachine.com\/wp-content\/uploads\/2026\/04\/Complete-Charcoal-Machine-Container-Loading-300x225.webp 300w, https:\/\/bestcharcoalmachine.com\/wp-content\/uploads\/2026\/04\/Complete-Charcoal-Machine-Container-Loading-16x12.webp 16w\" sizes=\"auto, (max-width: 720px) 100vw, 720px\" \/><figcaption class=\"wp-element-caption\">Chargement du conteneur pour machine \u00e0 charbon compl\u00e8te<\/figcaption><\/figure>    <figure class=\"wp-block-image size-large\"><img loading=\"lazy\" decoding=\"async\" width=\"720\" height=\"540\" data-id=\"4323\" src=\"https:\/\/bestcharcoalmachine.com\/wp-content\/uploads\/2026\/04\/Full-Set-Charcoal-Production-Line-In-Workshop.webp\" alt=\"Ligne de production de charbon compl\u00e8te en atelier\" class=\"wp-image-4323\" srcset=\"https:\/\/bestcharcoalmachine.com\/wp-content\/uploads\/2026\/04\/Full-Set-Charcoal-Production-Line-In-Workshop.webp 720w, https:\/\/bestcharcoalmachine.com\/wp-content\/uploads\/2026\/04\/Full-Set-Charcoal-Production-Line-In-Workshop-300x225.webp 300w, https:\/\/bestcharcoalmachine.com\/wp-content\/uploads\/2026\/04\/Full-Set-Charcoal-Production-Line-In-Workshop-16x12.webp 16w\" sizes=\"auto, (max-width: 720px) 100vw, 720px\" \/><figcaption class=\"wp-element-caption\">Ligne de production de charbon compl\u00e8te en atelier<\/figcaption><\/figure>    <figure class=\"wp-block-image size-large\"><img loading=\"lazy\" decoding=\"async\" width=\"720\" height=\"540\" data-id=\"4324\" src=\"https:\/\/bestcharcoalmachine.com\/wp-content\/uploads\/2026\/04\/Large-Biomass-Charcoal-Equipment-Shipment.webp\" alt=\"Exp\u00e9dition de grands \u00e9quipements de charbon de biomasse\" class=\"wp-image-4324\" srcset=\"https:\/\/bestcharcoalmachine.com\/wp-content\/uploads\/2026\/04\/Large-Biomass-Charcoal-Equipment-Shipment.webp 720w, https:\/\/bestcharcoalmachine.com\/wp-content\/uploads\/2026\/04\/Large-Biomass-Charcoal-Equipment-Shipment-300x225.webp 300w, https:\/\/bestcharcoalmachine.com\/wp-content\/uploads\/2026\/04\/Large-Biomass-Charcoal-Equipment-Shipment-16x12.webp 16w\" sizes=\"auto, (max-width: 720px) 100vw, 720px\" \/><figcaption class=\"wp-element-caption\">Exp\u00e9dition de grands \u00e9quipements de charbon de biomasse<\/figcaption><\/figure>    <figure class=\"wp-block-image size-large\"><img loading=\"lazy\" decoding=\"async\" width=\"720\" height=\"540\" data-id=\"4325\" src=\"https:\/\/bestcharcoalmachine.com\/wp-content\/uploads\/2026\/04\/Vertical-Carbonization-Furnace-Container-Loading.webp\" alt=\"Chargement du conteneur pour four de carbonisation vertical\" class=\"wp-image-4325\" srcset=\"https:\/\/bestcharcoalmachine.com\/wp-content\/uploads\/2026\/04\/Vertical-Carbonization-Furnace-Container-Loading.webp 720w, https:\/\/bestcharcoalmachine.com\/wp-content\/uploads\/2026\/04\/Vertical-Carbonization-Furnace-Container-Loading-300x225.webp 300w, https:\/\/bestcharcoalmachine.com\/wp-content\/uploads\/2026\/04\/Vertical-Carbonization-Furnace-Container-Loading-16x12.webp 16w\" sizes=\"auto, (max-width: 720px) 100vw, 720px\" \/><figcaption class=\"wp-element-caption\">Chargement du conteneur pour four de carbonisation vertical<\/figcaption><\/figure> <\/figure>    <h2 class=\"wp-block-heading\">Lancez votre activit\u00e9 de charbon de bois avec nous<\/h2>    <p>Si vous recherchez des machines \u00e0 charbon de bois fiables et \u00e0 haute efficacit\u00e9 ainsi que des solutions de lignes de production compl\u00e8tes, nous sommes votre fabricant partenaire id\u00e9al \u00e0 long terme.<\/p>    <p>N'h\u00e9sitez pas \u00e0 nous envoyer vos exigences d\u00e9taill\u00e9es, nous vous fournirons un plan personnalis\u00e9 exclusif et un prix direct d'usine avantageux.<\/p>    <div class=\"wp-block-buttons is-content-justification-left is-layout-flex wp-container-core-buttons-is-layout-fc4fd283 wp-block-buttons-is-layout-flex\"> <div class=\"wp-block-button is-style-outline is-style-outline--6\"><a class=\"wp-block-button__link wp-element-button\" href=\"https:\/\/wa.me\/+8617329326135\" target=\"_blank\" rel=\"noopener\">Obtenez votre devis gratuit d\u00e8s maintenant<\/a><\/div> <\/div>","protected":false},"excerpt":{"rendered":"<p>Founded with years of manufacturing experience in biomass processing machinery, Shuliy machinery is backed by a professional, large-scale factory dedicated to the research, development, production, sales, and after-sales service of charcoal making equipment. We focus on full-set charcoal production solutions, covering charcoal briquette machines, carbonization furnaces, wood crusher machines, drying equipment, shisha charcoal machines, BBQ [&hellip;]<\/p>\n","protected":false},"author":1,"featured_media":0,"parent":0,"menu_order":0,"comment_status":"closed","ping_status":"closed","template":"","meta":{"footnotes":""},"class_list":["post-28","page","type-page","status-publish","hentry"],"_links":{"self":[{"href":"https:\/\/bestcharcoalmachine.com\/fr\/wp-json\/wp\/v2\/pages\/28","targetHints":{"allow":["GET"]}}],"collection":[{"href":"https:\/\/bestcharcoalmachine.com\/fr\/wp-json\/wp\/v2\/pages"}],"about":[{"href":"https:\/\/bestcharcoalmachine.com\/fr\/wp-json\/wp\/v2\/types\/page"}],"author":[{"embeddable":true,"href":"https:\/\/bestcharcoalmachine.com\/fr\/wp-json\/wp\/v2\/users\/1"}],"replies":[{"embeddable":true,"href":"https:\/\/bestcharcoalmachine.com\/fr\/wp-json\/wp\/v2\/comments?post=28"}],"version-history":[{"count":9,"href":"https:\/\/bestcharcoalmachine.com\/fr\/wp-json\/wp\/v2\/pages\/28\/revisions"}],"predecessor-version":[{"id":4331,"href":"https:\/\/bestcharcoalmachine.com\/fr\/wp-json\/wp\/v2\/pages\/28\/revisions\/4331"}],"wp:attachment":[{"href":"https:\/\/bestcharcoalmachine.com\/fr\/wp-json\/wp\/v2\/media?parent=28"}],"curies":[{"name":"wp","href":"https:\/\/api.w.org\/{rel}","templated":true}]}}