{"id":796,"date":"2021-11-24T07:17:40","date_gmt":"2021-11-24T07:17:40","guid":{"rendered":"https:\/\/bestcharcoalmachine.com\/?p=796"},"modified":"2022-09-28T16:52:18","modified_gmt":"2022-09-28T08:52:18","slug":"wood-peeling-machine","status":"publish","type":"product","link":"https:\/\/bestcharcoalmachine.com\/es\/product\/wood-peeling-machine\/","title":{"rendered":"Peladora de madera | Descortezador de troncos | M\u00e1quina descortezadora de madera"},"content":{"rendered":"<div class=\"kk-star-ratings kksr-auto kksr-align-left kksr-valign-top\"     data-payload='{&quot;align&quot;:&quot;left&quot;,&quot;id&quot;:&quot;796&quot;,&quot;slug&quot;:&quot;default&quot;,&quot;valign&quot;:&quot;top&quot;,&quot;ignore&quot;:&quot;&quot;,&quot;reference&quot;:&quot;auto&quot;,&quot;class&quot;:&quot;&quot;,&quot;count&quot;:&quot;11&quot;,&quot;legendonly&quot;:&quot;&quot;,&quot;readonly&quot;:&quot;&quot;,&quot;score&quot;:&quot;4.8&quot;,&quot;starsonly&quot;:&quot;&quot;,&quot;best&quot;:&quot;5&quot;,&quot;gap&quot;:&quot;5&quot;,&quot;greet&quot;:&quot;Rate this product&quot;,&quot;legend&quot;:&quot;4.8\\\/5 - (11 votos)&quot;,&quot;size&quot;:&quot;24&quot;,&quot;title&quot;:&quot;Wood Peeling Machine | Log Debarker | Wood Debarking Machine&quot;,&quot;width&quot;:&quot;136.7&quot;,&quot;_legend&quot;:&quot;{score}\\\/{best} - ({count} {votes})&quot;,&quot;font_factor&quot;:&quot;1.25&quot;}'>              <div class=\"kksr-stars\">      <div class=\"kksr-stars-inactive\">             <div class=\"kksr-star\" data-star=\"1\" style=\"padding-right: 5px\">               <div class=\"kksr-icon\" style=\"width: 24px; height: 24px;\"><\/div>         <\/div>             <div class=\"kksr-star\" data-star=\"2\" style=\"padding-right: 5px\">               <div class=\"kksr-icon\" style=\"width: 24px; height: 24px;\"><\/div>         <\/div>             <div class=\"kksr-star\" data-star=\"3\" style=\"padding-right: 5px\">               <div class=\"kksr-icon\" style=\"width: 24px; height: 24px;\"><\/div>         <\/div>             <div class=\"kksr-star\" data-star=\"4\" style=\"padding-right: 5px\">               <div class=\"kksr-icon\" style=\"width: 24px; height: 24px;\"><\/div>         <\/div>             <div class=\"kksr-star\" data-star=\"5\" style=\"padding-right: 5px\">               <div class=\"kksr-icon\" style=\"width: 24px; height: 24px;\"><\/div>         <\/div>     <\/div>      <div class=\"kksr-stars-active\" style=\"width: 136.7px;\">             <div class=\"kksr-star\" style=\"padding-right: 5px\">               <div class=\"kksr-icon\" style=\"width: 24px; height: 24px;\"><\/div>         <\/div>             <div class=\"kksr-star\" style=\"padding-right: 5px\">               <div class=\"kksr-icon\" style=\"width: 24px; height: 24px;\"><\/div>         <\/div>             <div class=\"kksr-star\" style=\"padding-right: 5px\">               <div class=\"kksr-icon\" style=\"width: 24px; height: 24px;\"><\/div>         <\/div>             <div class=\"kksr-star\" style=\"padding-right: 5px\">               <div class=\"kksr-icon\" style=\"width: 24px; height: 24px;\"><\/div>         <\/div>             <div class=\"kksr-star\" style=\"padding-right: 5px\">               <div class=\"kksr-icon\" style=\"width: 24px; height: 24px;\"><\/div>         <\/div>     <\/div> <\/div>                   <div class=\"kksr-legend\" style=\"font-size: 19.2px;\">             4,8\/5 - (11 votos)    <\/div>     <\/div>  <p>La m\u00e1quina peladora de madera, tambi\u00e9n llamada m\u00e1quina descortezadora de madera, pertenece a una serie de productos de maquinaria para procesamiento de madera. Como su nombre lo indica, el equipo se utiliza para pelar la corteza de la madera. La madera pelada es mejor para el proceso posterior y generar m\u00e1s ganancias. Se venden una m\u00e1quina peladora de troncos vertical y una m\u00e1quina descortezadora de troncos horizontal. El tipo vertical se aplica a la madera con un di\u00e1metro de 5 a 35 cm. Mientras que el horizontal puede procesar troncos de no m\u00e1s de 30 cm de di\u00e1metro. Ambos tienen caracter\u00edsticas propias y modelos diferentes. Puede elegir el tipo adecuado seg\u00fan sus necesidades.<\/p>    <h2 class=\"wp-block-heading\">Materias primas e industrias aplicables para el descortezador de troncos.<\/h2>    <p>La peladora de madera puede descortezar varios tipos de madera con diferentes tipos, di\u00e1metros y longitudes, como eucaliptos, \u00e1rboles frutales, pino, langosta, haya, acacia, etc. La peladora vertical es adecuada para madera con un di\u00e1metro de 5 a 35 cm. . Mientras que el horizontal no puede procesar troncos de m\u00e1s de 30 cm de di\u00e1metro. El equipo es adecuado para f\u00e1bricas de papel, f\u00e1bricas de celulosa, f\u00e1bricas de astillas de madera, plantas de procesamiento de madera, plantas de paneles a base de madera (contrachapados, tableros de fibra de densidad media, tableros de densidad) grandes, medianas y peque\u00f1as, etc.<\/p>    <figure class=\"wp-block-gallery has-nested-images columns-default is-cropped wp-block-gallery-2 is-layout-flex wp-block-gallery-is-layout-flex\"> <figure class=\"wp-block-image size-large\"><img loading=\"lazy\" decoding=\"async\" width=\"720\" height=\"540\" data-id=\"2587\" src=\"https:\/\/bestcharcoalmachine.com\/wp-content\/uploads\/2021\/11\/raw-material-log.jpg\" alt=\"materia prima\" class=\"wp-image-2587\"\/><figcaption>materia prima<\/figcaption><\/figure>    <figure class=\"wp-block-image size-large\"><img loading=\"lazy\" decoding=\"async\" width=\"720\" height=\"540\" data-id=\"2588\" src=\"https:\/\/bestcharcoalmachine.com\/wp-content\/uploads\/2021\/11\/vertical-type-wood-peeling-effect-1.jpg\" alt=\"efecto de pelado de madera de tipo vertical\" class=\"wp-image-2588\"\/><figcaption>efecto de pelado de madera de tipo vertical<\/figcaption><\/figure> <\/figure>    <h2 class=\"wp-block-heading\" id=\"h-vertical-log-debarker\">Descortezadora de troncos vertical <\/h2>    <h3 class=\"wp-block-heading\">Breve descripci\u00f3n de la m\u00e1quina peladora de madera vertical.<\/h3>    <p>La m\u00e1quina descortezadora vertical es adecuada para estos troncos con un di\u00e1metro de madera de 5 cm a 35 cm. La materia prima com\u00fan se refiere a eucaliptos, \u00e1rboles frutales, pinos, algarrobos, hayas, acacias, etc. El equipo consta principalmente de un bastidor, 4 rodillos de alimentaci\u00f3n, un disco de corte con 4 cuchillas, 4 rodillos de descarga, etc. En comparaci\u00f3n con las m\u00e1quinas descortezadoras horizontales, el tipo vertical puede pelar m\u00e1s limpiamente. Cada minuto puede manejar 10 m. Si la madera es demasiado larga y pesada, puede combinarla con un transportador de alimentaci\u00f3n para ahorrar mano de obra y tiempo, mejorando la eficiencia.<\/p>    <figure class=\"wp-block-image aligncenter size-full\"><img loading=\"lazy\" decoding=\"async\" width=\"720\" height=\"540\" src=\"https:\/\/bestcharcoalmachine.com\/wp-content\/uploads\/2021\/11\/log-debarker.jpg\" alt=\"descortezador de troncos\" class=\"wp-image-2591\"\/><figcaption>descortezador de troncos<\/figcaption><\/figure>    <h3 class=\"wp-block-heading\">Principio de funcionamiento del descortezador de madera vertical.<\/h3>    <p>Cuando la madera se introduce en los rodillos de alimentaci\u00f3n, ser\u00e1 forzada hacia el disco de corte. Luego, las cuatro cuchillas se abrir\u00e1n y girar\u00e1n r\u00e1pidamente alrededor de la madera. Durante el proceso, las cuchillas act\u00faan continuamente sobre la superficie del tronco para pelar la corteza de la madera. Finalmente, la parte pelada avanzar\u00e1 y saldr\u00e1 de los rodillos de descarga. El efecto peeling es excelente, es conveniente tratarlo m\u00e1s.<\/p>    <figure class=\"wp-block-gallery has-nested-images columns-default is-cropped wp-block-gallery-3 is-layout-flex wp-block-gallery-is-layout-flex\"> <figure class=\"wp-block-image size-large\"><img loading=\"lazy\" decoding=\"async\" width=\"720\" height=\"540\" data-id=\"2571\" src=\"https:\/\/bestcharcoalmachine.com\/wp-content\/uploads\/2021\/11\/feeding-rollers_.jpg\" alt=\"\" class=\"wp-image-2571\"\/><figcaption>rodillos de alimentaci\u00f3n<\/figcaption><\/figure>    <figure class=\"wp-block-image size-large\"><img loading=\"lazy\" decoding=\"async\" width=\"720\" height=\"540\" data-id=\"2572\" src=\"https:\/\/bestcharcoalmachine.com\/wp-content\/uploads\/2021\/11\/four-spinning-blades_.jpg\" alt=\"cuatro cuchillas giratorias\" class=\"wp-image-2572\"\/><figcaption>cuatro cuchillas giratorias<\/figcaption><\/figure> <\/figure>    <figure class=\"wp-block-gallery has-nested-images columns-default is-cropped wp-block-gallery-4 is-layout-flex wp-block-gallery-is-layout-flex\"> <figure class=\"wp-block-image size-large\"><img loading=\"lazy\" decoding=\"async\" width=\"720\" height=\"540\" data-id=\"2574\" src=\"https:\/\/bestcharcoalmachine.com\/wp-content\/uploads\/2021\/11\/feeding-roller.jpg\" alt=\"\" class=\"wp-image-2574\"\/><figcaption>rodillo de alimentaci\u00f3n<\/figcaption><\/figure>    <figure class=\"wp-block-image size-large\"><img loading=\"lazy\" decoding=\"async\" width=\"720\" height=\"540\" data-id=\"2575\" src=\"https:\/\/bestcharcoalmachine.com\/wp-content\/uploads\/2021\/11\/metal-spring-for-tightness_-1.jpg\" alt=\"resorte de metal para mayor estanqueidad\" class=\"wp-image-2575\"\/><figcaption>resorte de metal para mayor estanqueidad<\/figcaption><\/figure> <\/figure>    <h3 class=\"wp-block-heading\" id=\"h-working-video-of-wood-debaking-machine\">V\u00eddeo de funcionamiento de la m\u00e1quina deshornadora de madera.<\/h3>    <p>Clientes en Chile compraron nuestras peladoras de madera verticales y las pusieron en funcionamiento de inmediato. Despu\u00e9s de usarlo, quedaron muy satisfechos con el pelador y nos enviaron un v\u00eddeo de la m\u00e1quina en acci\u00f3n. El v\u00eddeo muestra el proceso de trabajo mediante el movimiento lento de las cuchillas pelando la corteza del tronco.<\/p>    <figure class=\"wp-block-embed is-type-video is-provider-youtube wp-block-embed-youtube wp-embed-aspect-16-9 wp-has-aspect-ratio\"><div class=\"wp-block-embed__wrapper\"> <iframe loading=\"lazy\" title=\"La mejor peladora de madera vertical de 2022 | Se vende m\u00e1quina descortezadora de troncos\" width=\"500\" height=\"281\" src=\"https:\/\/www.youtube.com\/embed\/lPXq06hmcmY?start=7&#038;feature=oembed\" frameborder=\"0\" allow=\"accelerometer; autoplay; clipboard-write; encrypted-media; gyroscope; picture-in-picture; web-share\" referrerpolicy=\"strict-origin-when-cross-origin\" allowfullscreen><\/iframe> <\/div><\/figure>    <h3 class=\"wp-block-heading\" id=\"h-features-of-vertical-log-debbarker\">Caracter\u00edsticas del descortezador de troncos vertical<\/h3>    <p>1. Las m\u00e1quinas peladoras de madera verticales utilizan un dise\u00f1o abierto. Alimentando madera por un lado, la madera ser\u00e1 descargada por el otro lado. El descortezador de troncos dise\u00f1ado con cuatro cuchillas tiene un alto grado de pelado, alta productividad y peque\u00f1os da\u00f1os a la madera.<\/p>    <p>2.Utilizando la m\u00e1quina peladora vertical, el material se puede alimentar desde un extremo y descargarse desde el otro extremo para la operaci\u00f3n de la l\u00ednea de ensamblaje, lo que supera la necesidad de cortes de energ\u00eda para la alimentaci\u00f3n y descarga.<\/p>    <figure class=\"wp-block-gallery has-nested-images columns-default is-cropped wp-block-gallery-5 is-layout-flex wp-block-gallery-is-layout-flex\"> <figure class=\"wp-block-image size-large\"><img loading=\"lazy\" decoding=\"async\" width=\"720\" height=\"540\" data-id=\"2577\" src=\"https:\/\/bestcharcoalmachine.com\/wp-content\/uploads\/2021\/11\/wood-peeling-machine-working-scene.jpg\" alt=\"\" class=\"wp-image-2577\"\/><figcaption>escena de trabajo de la m\u00e1quina peladora de madera<\/figcaption><\/figure>    <figure class=\"wp-block-image size-large\"><img loading=\"lazy\" decoding=\"async\" width=\"720\" height=\"540\" data-id=\"2578\" src=\"https:\/\/bestcharcoalmachine.com\/wp-content\/uploads\/2021\/11\/designed-with-four-blades.jpg\" alt=\"dise\u00f1ado con cuatro cuchillas\" class=\"wp-image-2578\"\/><figcaption>dise\u00f1ado con cuatro cuchillas<\/figcaption><\/figure> <\/figure>    <p class=\"translation-block\">3. La m\u00e1quina de pelar puede manejar una amplia gama de materias primas y puede pelar secciones de madera de diferentes especies, di\u00e1metros y longitudes, y la tasa de pelado puede alcanzar el 90%. La madera obtenida de la corteza puede utilizarse para <a href=\"https:\/\/bestcharcoalmachine.com\/es\/wood-working-equipment\/wood-shaving-machine\/\">virutas de madera<\/a>, tallado de madera, o <a href=\"https:\/\/bestcharcoalmachine.com\/es\/wood-working-equipment\/wood-chipper\/\">triturarla en astillas para hacer papel<\/a>.<\/p>    <p>4. Debido a que la carcasa es fija, la m\u00e1quina peladora de madera vertical tiene un bajo consumo de energ\u00eda, una peque\u00f1a carga de trabajo de mantenimiento y mucha menor vibraci\u00f3n y ruido que las m\u00e1quinas peladoras generales.<\/p>    <p>5. La m\u00e1quina descortezadora de madera puede equiparse con l\u00edneas de producci\u00f3n autom\u00e1ticas seg\u00fan las necesidades del cliente y los requisitos del sitio. El tronco m\u00e1s largo se corta en trozos peque\u00f1os del mismo tama\u00f1o, luego se equipa con un transportador para alimentar autom\u00e1ticamente el material, el rodillo de alimentaci\u00f3n enviar\u00e1 la madera a la m\u00e1quina peladora de madera y luego el rodillo de salida dejar\u00e1 caer la madera pelada.<\/p>    <h3 class=\"wp-block-heading\">Los datos t\u00e9cnicos de la peladora vertical de madera.<\/h3>    <figure class=\"wp-block-table is-style-stripes\"><table><tbody><tr><td>Modelo<\/td><td>WD-WP320<\/td><td>WD-WP370<\/td><\/tr><tr><td>Fuerza<\/td><td>7,5+2,2 kw<\/td><td>7,5+2,2 kw<\/td><\/tr><tr><td>Velocidad de trabajo<\/td><td>10 m\/min<\/td><td>10 m\/min<\/td><\/tr><tr><td>Di\u00e1metro de madera aplicable<\/td><td>50-320 mm<\/td><td>80-350 mm<\/td><\/tr><tr><td>Tama\u00f1o de la m\u00e1quina<\/td><td>2450*1400*1700mm<\/td><td>2450*1400*1700mm<\/td><\/tr><\/tbody><\/table><\/figure>    <p>La principal diferencia entre dos modelos son los di\u00e1metros de la madera. La entrada del descortezador de troncos WD-WP320 puede adaptarse a troncos con di\u00e1metros de 50 a 320 mm. Mientras tanto, el puerto de alimentaci\u00f3n de la m\u00e1quina peladora de madera WD-WP370 puede manejar di\u00e1metros de 80-350 mm. Adem\u00e1s, los dem\u00e1s par\u00e1metros de esos dos modelos son los mismos.<\/p>    <h2 class=\"wp-block-heading\">Descortezadora de madera horizontal<\/h2>    <h3 class=\"wp-block-heading\">Descripci\u00f3n del descortezador de troncos horizontal<\/h3>    <p>Las m\u00e1quinas peladoras de troncos de madera horizontales pueden procesar varios tipos de madera con un di\u00e1metro no superior a 30 cm. La m\u00e1quina consta de una c\u00e1mara de pelado, rodillos de cuchillas dobles (o simples), motores dobles (o simples) y un puerto de descarga. La materia prima son troncos o ramas de peque\u00f1o di\u00e1metro y forma curva. Puede manejar muchos tipos de madera juntos incluso si son de diferentes tama\u00f1os. La longitud habitual de la c\u00e1mara de descortezado de la m\u00e1quina es de 5 m, 6 m, 12 m, etc. Y se puede alargar seg\u00fan las necesidades del cliente. Adem\u00e1s, adopta material duradero con un largo tiempo de servicio.<\/p>    <figure class=\"wp-block-image aligncenter size-full\"><img loading=\"lazy\" decoding=\"async\" width=\"720\" height=\"540\" src=\"https:\/\/bestcharcoalmachine.com\/wp-content\/uploads\/2021\/11\/horizontal-log-debarker.jpg\" alt=\"descortezadora-horizontal-de-troncos\" class=\"wp-image-2579\"\/><figcaption>descortezadora-horizontal-de-troncos<\/figcaption><\/figure>    <h3 class=\"wp-block-heading\">\u00bfC\u00f3mo funciona la descortezadora de madera horizontal?<\/h3>    <p>Coloque las materias primas en la c\u00e1mara de pelado manualmente o a m\u00e1quina. Los rodillos de las cuchillas giran alrededor de su propio eje para frotar la superficie de estas maderas y hacerlas rodar de forma irregular. Bajo el roce entre los rodillos de cuchillas y la madera, entre la madera y la madera, y entre la madera y la m\u00e1quina, las cortezas de estos troncos se desprenden r\u00e1pidamente.<\/p>    <figure class=\"wp-block-image aligncenter size-full\"><img loading=\"lazy\" decoding=\"async\" width=\"720\" height=\"540\" src=\"https:\/\/bestcharcoalmachine.com\/wp-content\/uploads\/2021\/11\/double-knife-rollers-of-horizontal-wood-debarker.jpg\" alt=\"rodillos-de-doble-cuchilla-descortezadora-de-madera-horizontal\" class=\"wp-image-2580\"\/><figcaption>rodillos-de-doble-cuchilla-descortezadora-de-madera-horizontal<\/figcaption><\/figure>    <h3 class=\"wp-block-heading\" id=\"h-advantages-of-horizontal-wood-debarking-machine\">Ventajas de la descortezada de madera horizontal<\/h3>    <p>La m\u00e1quina descortezadora horizontal tiene una gran capacidad de procesamiento, alta eficiencia de trabajo, estructura fuerte y materiales de fabricaci\u00f3n resistentes al desgaste. Adem\u00e1s, el equipo puede procesar diferentes tama\u00f1os de madera, desde peque\u00f1os hasta grandes, juntos. Pero no puede alcanzar un efecto de pelado excelente como el de la m\u00e1quina peladora vertical. Por lo tanto, es mejor elegir el tipo vertical si tiene altos requisitos en cuanto al grado de pelado.<\/p>    <h3 class=\"wp-block-heading\">Par\u00e1metros de la peladora de madera horizontal.<\/h3>    <figure class=\"wp-block-table is-style-stripes\"><table><tbody><tr><td>Modelo<\/td><td>6m (un solo rodillo)<\/td><td>6m (rodillos dobles)<\/td><td>9m (rodillos dobles)<\/td><td>12m (rodillos dobles)<\/td><\/tr><tr><td>Capacidad<\/td><td>3-7t\/h<\/td><td>7-15t\/h<\/td><td>15-25t\/h<\/td><td>25-30t\/h<\/td><\/tr><tr><td>Fuerza<\/td><td>7,5 kw<\/td><td>7,5*2kw<\/td><td>7,5*2kw<\/td><td>7,5*2kw<\/td><\/tr><tr><td>Longitud<\/td><td>6300 mm<\/td><td>6300 mm<\/td><td>9000mm<\/td><td>12600 mm<\/td><\/tr><tr><td>Ancho<\/td><td>1200 mm<\/td><td>1310 mm<\/td><td>1500 mm<\/td><td>1550 mm<\/td><\/tr><tr><td>Altura<\/td><td>1500 mm<\/td><td>1550 mm<\/td><td>1600 mm<\/td><td>1650 mm<\/td><\/tr><\/tbody><\/table><\/figure>    <h2 class=\"wp-block-heading\">Modos de potencia del descortezador de troncos.<\/h2>    <p>Ofrecemos dos opciones de dispositivos de suministro accionados, motor el\u00e9ctrico o motor di\u00e9sel. El motor el\u00e9ctrico es de tama\u00f1o peque\u00f1o, produce poco ruido y necesita conectarse a la fuente de alimentaci\u00f3n. Est\u00e1 limitado por la geograf\u00eda, como el trabajo de campo lejos de la fuente de energ\u00eda. Mientras que el motor di\u00e9sel tiene gran potencia, resistencia y durabilidad, funciona de manera confiable y se aplica para trabajos de campo sin electricidad. Pero su ruido es fuerte y es dif\u00edcil arrancar el motor di\u00e9sel en invierno. Puede elegir el adecuado seg\u00fan su situaci\u00f3n real. Si tiene alguna pregunta o duda, bienvenido a consultarnos.<\/p>    <figure class=\"wp-block-gallery has-nested-images columns-default is-cropped wp-block-gallery-6 is-layout-flex wp-block-gallery-is-layout-flex\"> <figure class=\"wp-block-image size-large\"><img loading=\"lazy\" decoding=\"async\" width=\"720\" height=\"540\" data-id=\"2581\" src=\"https:\/\/bestcharcoalmachine.com\/wp-content\/uploads\/2021\/11\/the-vertical-wood-debarking-machine-with-an-electric-motor-1.jpg\" alt=\"la-descortezadora-vertical-de-madera-con-motor-electrico\" class=\"wp-image-2581\"\/><figcaption>la-descortezadora-vertical-de-madera-con-motor-electrico<\/figcaption><\/figure>    <figure class=\"wp-block-image size-large\"><img loading=\"lazy\" decoding=\"async\" width=\"720\" height=\"540\" data-id=\"2582\" src=\"https:\/\/bestcharcoalmachine.com\/wp-content\/uploads\/2021\/11\/the-diesel-generator-vertical-log-debarking-machine-1.jpg\" alt=\"la-descortezadora-de-troncos-vertical-con-generador-diesel\" class=\"wp-image-2582\"\/><figcaption>la-descortezadora-de-troncos-vertical-con-generador-diesel<\/figcaption><\/figure> <\/figure>    <h2 class=\"wp-block-heading\" id=\"h-loading-and-delivery-of-wood-peeling-machine\">Carga y entrega de peladora de madera.<\/h2>    <figure class=\"wp-block-gallery has-nested-images columns-default is-cropped wp-block-gallery-7 is-layout-flex wp-block-gallery-is-layout-flex\"> <figure class=\"wp-block-image size-large\"><img loading=\"lazy\" decoding=\"async\" width=\"720\" height=\"540\" data-id=\"2583\" src=\"https:\/\/bestcharcoalmachine.com\/wp-content\/uploads\/2021\/11\/delivery-package-of-the-wood-peeling-machine.jpg\" alt=\"paquete-de-entrega-de-la-peladora-de-madera\" class=\"wp-image-2583\"\/><figcaption>paquete-de-entrega-de-la-peladora-de-madera<\/figcaption><\/figure>    <figure class=\"wp-block-image size-large\"><img loading=\"lazy\" decoding=\"async\" width=\"720\" height=\"540\" data-id=\"2584\" src=\"https:\/\/bestcharcoalmachine.com\/wp-content\/uploads\/2021\/11\/log-debarking-machine-with-plastic-protection-films.jpg\" alt=\"descortezadora-de-troncos-con-pel\u00edculas-protectoras-de-pl\u00e1stico\" class=\"wp-image-2584\"\/><figcaption>descortezadora-de-troncos-con-pel\u00edculas-protectoras-de-pl\u00e1stico<\/figcaption><\/figure> <\/figure>    <figure class=\"wp-block-gallery has-nested-images columns-default is-cropped wp-block-gallery-8 is-layout-flex wp-block-gallery-is-layout-flex\"> <figure class=\"wp-block-image size-large\"><img loading=\"lazy\" decoding=\"async\" width=\"720\" height=\"540\" data-id=\"2585\" src=\"https:\/\/bestcharcoalmachine.com\/wp-content\/uploads\/2021\/11\/wood-paking-box-1.jpg\" alt=\"caja-de-embalaje-de-madera\" class=\"wp-image-2585\"\/><figcaption>caja-de-embalaje-de-madera<\/figcaption><\/figure>    <figure class=\"wp-block-image size-large\"><img loading=\"lazy\" decoding=\"async\" width=\"720\" height=\"540\" data-id=\"2586\" src=\"https:\/\/bestcharcoalmachine.com\/wp-content\/uploads\/2021\/11\/loading-and-delivery-1-2.jpg\" alt=\"carga y entrega\" class=\"wp-image-2586\"\/><figcaption>carga y entrega<\/figcaption><\/figure> <\/figure>    <h2 class=\"wp-block-heading\" id=\"h-successful-cases-of-wood-peeling-machine\">Casos de \u00e9xito de peladora de madera<\/h2>    <p class=\"translation-block\">Nuestro cliente en Ucrania eligi\u00f3 recientemente nuestra descortezadora de troncos y su planta de procesamiento de madera necesita una m\u00e1quina descortezadora de troncos para eliminar la corteza de los troncos. Despu\u00e9s de comprender las necesidades del cliente, nuestro gerente de ventas Beco le envi\u00f3 todos los par\u00e1metros de la peladora de madera, y el cliente ucraniano encontr\u00f3 que el modelo WD-250 era el m\u00e1s ideal. Despu\u00e9s de la introducci\u00f3n paciente y profesional de Beco, el cliente realiz\u00f3 un pedido de nuestra m\u00e1quina peladora de madera, que ahora est\u00e1 en uso.<\/p>    <h2 class=\"wp-block-heading\" id=\"h-wood-debarker-feedback-video-from-customers\">V\u00eddeo de comentarios de los clientes sobre el descortezador de madera<\/h2>    <p>Nuestro cliente en Bulgaria compr\u00f3 nuestra m\u00e1quina descortezadora de madera y, despu\u00e9s de recibir la descortezadora Lod, comenz\u00f3 a utilizarla en su f\u00e1brica de madera. Tomaron un video de comentarios y dijeron que el descortezador de troncos es de buena calidad. El siguiente v\u00eddeo est\u00e1 tomado de nuestro cliente.<\/p>    <figure class=\"wp-block-embed is-type-video is-provider-youtube wp-block-embed-youtube wp-embed-aspect-16-9 wp-has-aspect-ratio\"><div class=\"wp-block-embed__wrapper\"> <iframe loading=\"lazy\" title=\"Comentarios de la m\u00e1quina descortezadora de madera de un cliente en Bulgaria | V\u00eddeo de funcionamiento de la m\u00e1quina peladora de troncos\" width=\"500\" height=\"281\" src=\"https:\/\/www.youtube.com\/embed\/d6mxaB_xkY0?start=28&#038;feature=oembed\" frameborder=\"0\" allow=\"accelerometer; autoplay; clipboard-write; encrypted-media; gyroscope; picture-in-picture; web-share\" referrerpolicy=\"strict-origin-when-cross-origin\" allowfullscreen><\/iframe> <\/div><\/figure>","protected":false},"excerpt":{"rendered":"<p>La m\u00e1quina peladora de madera se utiliza para pelar la corteza de los troncos. Descortezador de troncos vertical para 5-35 cm y horizontal para no m\u00e1s de 30 cm de di\u00e1metro<\/p>","protected":false},"author":1,"featured_media":2219,"parent":0,"template":"","tags":[],"product-type":[51],"class_list":["post-796","product","type-product","status-publish","has-post-thumbnail","hentry","product-type-wood-working-equipment"],"_links":{"self":[{"href":"https:\/\/bestcharcoalmachine.com\/es\/wp-json\/wp\/v2\/product\/796","targetHints":{"allow":["GET"]}}],"collection":[{"href":"https:\/\/bestcharcoalmachine.com\/es\/wp-json\/wp\/v2\/product"}],"about":[{"href":"https:\/\/bestcharcoalmachine.com\/es\/wp-json\/wp\/v2\/types\/product"}],"author":[{"embeddable":true,"href":"https:\/\/bestcharcoalmachine.com\/es\/wp-json\/wp\/v2\/users\/1"}],"wp:featuredmedia":[{"embeddable":true,"href":"https:\/\/bestcharcoalmachine.com\/es\/wp-json\/wp\/v2\/media\/2219"}],"wp:attachment":[{"href":"https:\/\/bestcharcoalmachine.com\/es\/wp-json\/wp\/v2\/media?parent=796"}],"wp:term":[{"taxonomy":"post_tag","embeddable":true,"href":"https:\/\/bestcharcoalmachine.com\/es\/wp-json\/wp\/v2\/tags?post=796"},{"taxonomy":"product-type","embeddable":true,"href":"https:\/\/bestcharcoalmachine.com\/es\/wp-json\/wp\/v2\/product-type?post=796"}],"curies":[{"name":"wp","href":"https:\/\/api.w.org\/{rel}","templated":true}]}}