{"id":720,"date":"2021-11-24T06:39:43","date_gmt":"2021-11-24T06:39:43","guid":{"rendered":"https:\/\/bestcharcoalmachine.com\/?p=720"},"modified":"2025-09-12T17:02:12","modified_gmt":"2025-09-12T09:02:12","slug":"wood-shaving-machine","status":"publish","type":"product","link":"https:\/\/bestcharcoalmachine.com\/es\/product\/wood-shaving-machine\/","title":{"rendered":"M\u00e1quina de afeitar de madera para lechos de animales | M\u00e1quina afeitadora de troncos de madera"},"content":{"rendered":"<div class=\"kk-star-ratings kksr-auto kksr-align-left kksr-valign-top\"     data-payload='{&quot;align&quot;:&quot;left&quot;,&quot;id&quot;:&quot;720&quot;,&quot;slug&quot;:&quot;default&quot;,&quot;valign&quot;:&quot;top&quot;,&quot;ignore&quot;:&quot;&quot;,&quot;reference&quot;:&quot;auto&quot;,&quot;class&quot;:&quot;&quot;,&quot;count&quot;:&quot;21&quot;,&quot;legendonly&quot;:&quot;&quot;,&quot;readonly&quot;:&quot;&quot;,&quot;score&quot;:&quot;4.7&quot;,&quot;starsonly&quot;:&quot;&quot;,&quot;best&quot;:&quot;5&quot;,&quot;gap&quot;:&quot;5&quot;,&quot;greet&quot;:&quot;Rate this product&quot;,&quot;legend&quot;:&quot;4.7\\\/5 - (21 votos)&quot;,&quot;size&quot;:&quot;24&quot;,&quot;title&quot;:&quot;Wood Shaving Machine for Animal Bedding | Wood Log Shaver Machine&quot;,&quot;width&quot;:&quot;133.8&quot;,&quot;_legend&quot;:&quot;{score}\\\/{best} - ({count} {votes})&quot;,&quot;font_factor&quot;:&quot;1.25&quot;}'>              <div class=\"kksr-stars\">      <div class=\"kksr-stars-inactive\">             <div class=\"kksr-star\" data-star=\"1\" style=\"padding-right: 5px\">               <div class=\"kksr-icon\" style=\"width: 24px; height: 24px;\"><\/div>         <\/div>             <div class=\"kksr-star\" data-star=\"2\" style=\"padding-right: 5px\">               <div class=\"kksr-icon\" style=\"width: 24px; height: 24px;\"><\/div>         <\/div>             <div class=\"kksr-star\" data-star=\"3\" style=\"padding-right: 5px\">               <div class=\"kksr-icon\" style=\"width: 24px; height: 24px;\"><\/div>         <\/div>             <div class=\"kksr-star\" data-star=\"4\" style=\"padding-right: 5px\">               <div class=\"kksr-icon\" style=\"width: 24px; height: 24px;\"><\/div>         <\/div>             <div class=\"kksr-star\" data-star=\"5\" style=\"padding-right: 5px\">               <div class=\"kksr-icon\" style=\"width: 24px; height: 24px;\"><\/div>         <\/div>     <\/div>      <div class=\"kksr-stars-active\" style=\"width: 133.8px;\">             <div class=\"kksr-star\" style=\"padding-right: 5px\">               <div class=\"kksr-icon\" style=\"width: 24px; height: 24px;\"><\/div>         <\/div>             <div class=\"kksr-star\" style=\"padding-right: 5px\">               <div class=\"kksr-icon\" style=\"width: 24px; height: 24px;\"><\/div>         <\/div>             <div class=\"kksr-star\" style=\"padding-right: 5px\">               <div class=\"kksr-icon\" style=\"width: 24px; height: 24px;\"><\/div>         <\/div>             <div class=\"kksr-star\" style=\"padding-right: 5px\">               <div class=\"kksr-icon\" style=\"width: 24px; height: 24px;\"><\/div>         <\/div>             <div class=\"kksr-star\" style=\"padding-right: 5px\">               <div class=\"kksr-icon\" style=\"width: 24px; height: 24px;\"><\/div>         <\/div>     <\/div> <\/div>                   <div class=\"kksr-legend\" style=\"font-size: 19.2px;\">             4,7\/5 - (21 votos)    <\/div>     <\/div>  <p class=\"translation-block\">La m\u00e1quina de virutas de madera puede convertir troncos, ramas, palos y tablones en virutas de madera. Es una m\u00e1quina ideal para plantas de tablones, f\u00e1bricas de tableros, aserraderos y f\u00e1bricas de papel. Los productos finales pueden usarse para cama de animales, medios y transporte, etc. Con una capacidad de procesamiento de <strong>300\u20132500 kg\/h<\/strong>, satisface tanto las necesidades de producci\u00f3n a peque\u00f1a escala como a gran escala.<\/p>    <p>Nuestra unidad de potencia tiene dos m\u00e9todos: motor el\u00e9ctrico y generador di\u00e9sel. Para recoger bien los materiales finales, puede equiparse con una cinta transportadora para transportar estas virutas de madera a un lugar determinado. Adem\u00e1s, ofrecemos servicios de personalizaci\u00f3n seg\u00fan requisitos espec\u00edficos.<\/p>    <figure class=\"wp-block-embed is-type-video is-provider-youtube wp-block-embed-youtube wp-embed-aspect-16-9 wp-has-aspect-ratio\"><div class=\"wp-block-embed__wrapper\"> <iframe loading=\"lazy\" title=\"C\u00f3mo hacer virutas de madera \u2013 Demostraci\u00f3n comercial de desbastadora de madera #wood #woodworking #shaving #log #lumber\" width=\"500\" height=\"281\" src=\"https:\/\/www.youtube.com\/embed\/eCq4h1JDN8E?feature=oembed\" frameborder=\"0\" allow=\"accelerometer; autoplay; clipboard-write; encrypted-media; gyroscope; picture-in-picture; web-share\" referrerpolicy=\"strict-origin-when-cross-origin\" allowfullscreen><\/iframe> <\/div><figcaption class=\"wp-element-caption\">V\u00eddeo de funcionamiento de la m\u00e1quina de virutas de madera<\/figcaption><\/figure>    <h2 class=\"wp-block-heading\" id=\"h-raw-materials-of-wood-shaving-machine\">Materias primas de la m\u00e1quina de afeitar para madera.<\/h2>    <p class=\"translation-block\">Las materias primas de la m\u00e1quina de cepillado de madera son troncos, tablas de madera, <a href=\"https:\/\/en.wikipedia.org\/wiki\/Branch\" data-type=\"link\" data-id=\"https:\/\/en.wikipedia.org\/wiki\/Branch\" target=\"_blank\" rel=\"noopener\">ramas<\/a>, etc. Normalmente, los fabricantes que est\u00e1n acostumbrados a hacer productos para mascotas de alta calidad utilizan troncos que han sido pelados con una <a href=\"https:\/\/bestcharcoalmachine.com\/es\/wood-working-equipment\/wood-peeling-machine\/\">m\u00e1quina peladora de madera<\/a>. <\/p>    <p>Las virutas producidas as\u00ed tienen un color uniforme, una calidad estable y mayores m\u00e1rgenes de beneficio. Adem\u00e1s, los fabricantes de papel tambi\u00e9n utilizan madera descortezada.<\/p>    <figure class=\"wp-block-gallery has-nested-images columns-default is-cropped wp-block-gallery-2 is-layout-flex wp-block-gallery-is-layout-flex\"> <figure class=\"wp-block-image size-large\"><img loading=\"lazy\" decoding=\"async\" width=\"720\" height=\"540\" data-id=\"2532\" src=\"https:\/\/bestcharcoalmachine.com\/wp-content\/uploads\/2021\/11\/logs.jpg\" alt=\"registros\" class=\"wp-image-2532\"\/><figcaption class=\"wp-element-caption\">registros<\/figcaption><\/figure>    <figure class=\"wp-block-image size-large\"><img loading=\"lazy\" decoding=\"async\" width=\"720\" height=\"540\" data-id=\"2540\" src=\"https:\/\/bestcharcoalmachine.com\/wp-content\/uploads\/2021\/11\/debarked-logs.jpg\" alt=\"troncos descortezados\" class=\"wp-image-2540\"\/><figcaption class=\"wp-element-caption\">troncos descortezados<\/figcaption><\/figure>    <figure class=\"wp-block-image size-large\"><img loading=\"lazy\" decoding=\"async\" width=\"720\" height=\"540\" data-id=\"2533\" src=\"https:\/\/bestcharcoalmachine.com\/wp-content\/uploads\/2021\/11\/wooden-boards.jpg\" alt=\"tablas de madera\" class=\"wp-image-2533\"\/><figcaption class=\"wp-element-caption\">tablas de madera<\/figcaption><\/figure> <\/figure>    <h2 class=\"wp-block-heading\">Estructura de la m\u00e1quina afeitadora de troncos<\/h2>    <p>La m\u00e1quina afeitadora de madera se compone principalmente del cuerpo principal del marco, entrada, salida, cuchilla, motor, etc. Despu\u00e9s de que la materia prima ingresa al cuerpo de la m\u00e1quina a trav\u00e9s de la entrada, la cuchilla cortar\u00e1 la madera en virutas y finalmente se descargar\u00e1 a trav\u00e9s de la salida. Todo el proceso de trabajo es muy r\u00e1pido, lo que hace posible la producci\u00f3n en masa. <\/p>    <p>El tama\u00f1o y el grosor de las virutas se pueden cambiar ajustando la longitud de la hoja y el grado de inclinaci\u00f3n de la hoja para satisfacer las necesidades de los diferentes clientes. Adem\u00e1s, la posici\u00f3n y longitud de la entrada y salida tambi\u00e9n se pueden personalizar seg\u00fan los requisitos.<\/p>    <figure class=\"wp-block-gallery has-nested-images columns-default is-cropped wp-block-gallery-3 is-layout-flex wp-block-gallery-is-layout-flex\"> <figure class=\"wp-block-image size-large\"><img decoding=\"async\" data-id=\"1008\" src=\"https:\/\/bestcharcoalmachine.com\/wp-content\/uploads\/2021\/11\/the-front-of-the-wood-shaver-with-a-motor.jpg\" alt=\"La parte frontal de la afeitadora de madera con motor.\" class=\"wp-image-1008\"\/><figcaption class=\"wp-element-caption\">La parte frontal de la afeitadora de madera con motor.<\/figcaption><\/figure>    <figure class=\"wp-block-image size-large\"><img decoding=\"async\" data-id=\"1010\" src=\"https:\/\/bestcharcoalmachine.com\/wp-content\/uploads\/2021\/11\/the-side-of-the-wood-shaving-machine.jpg\" alt=\"El lado de la m\u00e1quina de afeitar de madera.\" class=\"wp-image-1010\"\/><figcaption class=\"wp-element-caption\">El lado de la m\u00e1quina de afeitar de madera.<\/figcaption><\/figure> <\/figure>    <h2 class=\"wp-block-heading\" id=\"h-features-of-wood-shaver-equipment\">Caracter\u00edsticas de la m\u00e1quina desbastadora de madera<\/h2>    <div class=\"wp-block-media-text is-stacked-on-mobile\"><figure class=\"wp-block-media-text__media\"><img loading=\"lazy\" decoding=\"async\" width=\"720\" height=\"540\" src=\"https:\/\/bestcharcoalmachine.com\/wp-content\/uploads\/2021\/11\/wood-shaving-machines-in-our-plant.jpg\" alt=\"\" class=\"wp-image-2534 size-full\"\/><\/figure><div class=\"wp-block-media-text__content\"> <ul class=\"wp-block-list\"> <li>Ajustando el \u00e1ngulo de inclinaci\u00f3n del cuchillo, se puede ajustar el grosor de las virutas. El tama\u00f1o y el grosor del producto terminado se pueden ajustar de manera flexible para satisfacer diversas necesidades.<\/li>    <li>Las virutas de madera procesadas por las m\u00e1quinas son casi las mismas que las extra\u00eddas por las cepilladoras manuales, y la textura es muy buena. El uso de m\u00e1quinas puede mejorar enormemente la eficiencia y ahorrar costos de mano de obra.<\/li>    <li>El dise\u00f1o estructural de la m\u00e1quina y la fabricaci\u00f3n de componentes se realizan en nuestra f\u00e1brica. El costo de mantenimiento es bajo y la m\u00e1quina de afeitar puede tener una larga vida \u00fatil.<\/li> <\/ul> <\/div><\/div>    <div class=\"wp-block-media-text has-media-on-the-right is-stacked-on-mobile\"><div class=\"wp-block-media-text__content\"> <ul class=\"wp-block-list\"> <li>Las virutas de madera se pueden utilizar como combustible biol\u00f3gico, como material de relleno para el env\u00edo de objetos fr\u00e1giles y como relleno para camas de animales en plantas agr\u00edcolas para vacas, cerdos, ovejas o todo tipo de animales.<\/li>    <li>El servicio de personalizaci\u00f3n est\u00e1 disponible. Algunos clientes quieren que el tama\u00f1o de las virutas sea m\u00e1s peque\u00f1o. Nuestra f\u00e1brica puede proporcionar un pulverizador de virutas. El interior de la m\u00e1quina tiene martillos que pueden romper la materia prima en pedazos peque\u00f1os. <\/li>    <li>La m\u00e1quina de afeitar puede estar equipada con un motor o un motor di\u00e9sel. El motor di\u00e9sel no est\u00e1 limitado por el voltaje y es f\u00e1cil de mover.<\/li> <\/ul> <\/div><figure class=\"wp-block-media-text__media\"><img loading=\"lazy\" decoding=\"async\" width=\"720\" height=\"540\" src=\"https:\/\/bestcharcoalmachine.com\/wp-content\/uploads\/2021\/11\/log-shavers.jpg\" alt=\"afeitadoras de troncos\" class=\"wp-image-2535 size-full\"\/><\/figure><\/div>    <h2 class=\"wp-block-heading\">Las cuchillas de la m\u00e1quina afeitadora de troncos.<\/h2>    <p>La cuchilla de la m\u00e1quina cortadora de viruta de madera juega un papel muy importante en todo el proceso de viruta de madera. El tama\u00f1o y el espesor de los productos finales est\u00e1n relacionados con la longitud y el \u00e1ngulo de inclinaci\u00f3n de la hoja. Las hojas de alta calidad son m\u00e1s beneficiosas para la producci\u00f3n de virutas de alta calidad. Nuestras hojas adoptan material de acero al carbono, que no solo tiene una larga vida \u00fatil sino que tambi\u00e9n es f\u00e1cil de desmontar e instalar.<\/p>    <p>No importa qu\u00e9 tan buena sea la calidad, necesita un buen mantenimiento para una vida \u00fatil m\u00e1s larga. Para una gran producci\u00f3n durante mucho tiempo, las hojas pueden desgastarse y desafilarse, lo que afectar\u00e1 el efecto del afeitado de la madera. Suministramos afiladores de cuchillos especiales, que pueden afilar la hoja. Proporcionamos v\u00eddeos de instalaci\u00f3n.<\/p>    <figure class=\"wp-block-gallery has-nested-images columns-default is-cropped wp-block-gallery-4 is-layout-flex wp-block-gallery-is-layout-flex\"> <figure class=\"wp-block-image size-large\"><img decoding=\"async\" data-id=\"972\" src=\"https:\/\/bestcharcoalmachine.com\/wp-content\/uploads\/2021\/11\/the-cutting-disk-with-blades.jpg\" alt=\"el disco de corte con cuchillas\" class=\"wp-image-972\"\/><figcaption class=\"wp-element-caption\">el disco de corte con cuchillas<\/figcaption><\/figure>    <figure class=\"wp-block-image size-large\"><img decoding=\"async\" data-id=\"974\" src=\"https:\/\/bestcharcoalmachine.com\/wp-content\/uploads\/2021\/11\/the-round-disk-in-the-chipping-chamber.jpg\" alt=\"el disco redondo en la c\u00e1mara de trituraci\u00f3n\" class=\"wp-image-974\"\/><figcaption class=\"wp-element-caption\">el disco redondo en la c\u00e1mara de trituraci\u00f3n<\/figcaption><\/figure>    <figure class=\"wp-block-image size-large\"><img decoding=\"async\" data-id=\"973\" src=\"https:\/\/bestcharcoalmachine.com\/wp-content\/uploads\/2021\/11\/the-blades-on-the-cutting-disk.jpg\" alt=\"las cuchillas en el disco de corte\" class=\"wp-image-973\"\/><figcaption class=\"wp-element-caption\">las cuchillas en el disco de corte<\/figcaption><\/figure> <\/figure>    <h2 class=\"wp-block-heading\">Aplicaciones de la m\u00e1quina de afeitar para madera.<\/h2>    <div class=\"wp-block-media-text is-stacked-on-mobile\"><figure class=\"wp-block-media-text__media\"><img loading=\"lazy\" decoding=\"async\" width=\"720\" height=\"540\" src=\"https:\/\/bestcharcoalmachine.com\/wp-content\/uploads\/2021\/11\/mahogany-shavings-in-large-size.jpg\" alt=\"virutas de caoba en tama\u00f1o grande\" class=\"wp-image-2538 size-full\"\/><\/figure><div class=\"wp-block-media-text__content\"> <p>La m\u00e1quina de virutas de madera tiene una amplia gama de aplicaciones. Las virutas que produce pueden servir como materia prima para la fabricaci\u00f3n de contrachapado, la pasta de papel en las f\u00e1bricas de celulosa y combustible de energ\u00eda de biomasa.<\/p> <\/div><\/div>    <div class=\"wp-block-media-text has-media-on-the-right is-stacked-on-mobile\"><div class=\"wp-block-media-text__content\"> <p>Adem\u00e1s, estas virutas se utilizan com\u00fanmente como cama para mascotas y aves de corral, as\u00ed como material de amortiguaci\u00f3n para el transporte de mercanc\u00edas fr\u00e1giles. Esto hace que la m\u00e1quina sea adecuada no solo para peque\u00f1as y medianas empresas, sino tambi\u00e9n para hogares individuales de procesamiento de madera.<\/p> <\/div><figure class=\"wp-block-media-text__media\"><img loading=\"lazy\" decoding=\"async\" width=\"720\" height=\"540\" src=\"https:\/\/bestcharcoalmachine.com\/wp-content\/uploads\/2021\/11\/small-size-pine-wood-shavings.jpg\" alt=\"virutas de madera de pino de tama\u00f1o peque\u00f1o\" class=\"wp-image-2539 size-full\"\/><\/figure><\/div>    <div class=\"wp-block-media-text is-stacked-on-mobile\"><figure class=\"wp-block-media-text__media\"><img loading=\"lazy\" decoding=\"async\" width=\"720\" height=\"540\" src=\"https:\/\/bestcharcoalmachine.com\/wp-content\/uploads\/2021\/11\/thick-shavings-for-bedding-resist-the-cold-winter.jpg\" alt=\"virutas gruesas para ropa de cama resisten el fr\u00edo invierno\" class=\"wp-image-2537 size-full\"\/><\/figure><div class=\"wp-block-media-text__content\"> <p>When the cold wave and low temperature hit, the zoo opened a &#8220;warm mode&#8221; for the chimpanzees. <\/p>    <p>El suelo se cubre con lecho como virutas y paja para resistir el fr\u00edo invernal.<\/p> <\/div><\/div>    <h2 class=\"wp-block-heading\" id=\"h-video-of-wood-shaving-machine\">Par\u00e1metros de la afeitadora de madera a la venta.<\/h2>    <figure class=\"wp-block-table\"><table><tbody><tr><td>MODELO<\/td><td>CAPACIDAD<\/td><td>TAMA\u00d1O DE ENTRADA<\/td><td>FUERZA<\/td><\/tr><tr><td>WD-WS420<\/td><td>300 kg\/h<\/td><td>6cm<\/td><td>7,5 kw<\/td><\/tr><tr><td>WD-WS600<\/td><td>500 kg\/h<\/td><td>12cm<\/td><td>15kW<\/td><\/tr><tr><td>WD-WS800<\/td><td>1000 kg\/h<\/td><td>16cm<\/td><td>30kw<\/td><\/tr><tr><td>WD-WS1000<\/td><td>1500 kg\/h<\/td><td>20 cent\u00edmetros<\/td><td>55kw<\/td><\/tr><tr><td>WD-WS1200<\/td><td>2000 kg\/h<\/td><td>24cm<\/td><td>55kw<\/td><\/tr><tr><td>WD-WS1500<\/td><td>2500 kg\/h<\/td><td>32cm<\/td><td>75kw<\/td><\/tr><\/tbody><\/table><figcaption class=\"wp-element-caption\">Par\u00e1metros de la m\u00e1quina de afeitar de madera.<\/figcaption><\/figure>    <p>Los modelos m\u00e1s populares son 420, 600 y 800. Los clientes de Sud\u00e1frica y Oriente Medio los utilizan para fabricar virutas de madera, que a menudo se utilizan para hacer nidos para ganado y aves de corral.<\/p>    <figure class=\"wp-block-gallery has-nested-images columns-default is-cropped wp-block-gallery-5 is-layout-flex wp-block-gallery-is-layout-flex\"> <figure class=\"wp-block-image size-large\"><img loading=\"lazy\" decoding=\"async\" width=\"720\" height=\"540\" data-id=\"3923\" src=\"https:\/\/bestcharcoalmachine.com\/wp-content\/uploads\/2021\/11\/commercial-wood-shaver.webp\" alt=\"afeitadora de madera comercial\" class=\"wp-image-3923\" srcset=\"https:\/\/bestcharcoalmachine.com\/wp-content\/uploads\/2021\/11\/commercial-wood-shaver.webp 720w, https:\/\/bestcharcoalmachine.com\/wp-content\/uploads\/2021\/11\/commercial-wood-shaver-300x225.webp 300w, https:\/\/bestcharcoalmachine.com\/wp-content\/uploads\/2021\/11\/commercial-wood-shaver-16x12.webp 16w\" sizes=\"auto, (max-width: 720px) 100vw, 720px\" \/><figcaption class=\"wp-element-caption\">afeitadora de madera comercial<\/figcaption><\/figure>    <figure class=\"wp-block-image size-large\"><img loading=\"lazy\" decoding=\"async\" width=\"720\" height=\"540\" data-id=\"3924\" src=\"https:\/\/bestcharcoalmachine.com\/wp-content\/uploads\/2021\/11\/exported-wood-shaving-machine.webp\" alt=\"m\u00e1quina de afeitar de madera exportada\" class=\"wp-image-3924\" srcset=\"https:\/\/bestcharcoalmachine.com\/wp-content\/uploads\/2021\/11\/exported-wood-shaving-machine.webp 720w, https:\/\/bestcharcoalmachine.com\/wp-content\/uploads\/2021\/11\/exported-wood-shaving-machine-300x225.webp 300w, https:\/\/bestcharcoalmachine.com\/wp-content\/uploads\/2021\/11\/exported-wood-shaving-machine-16x12.webp 16w\" sizes=\"auto, (max-width: 720px) 100vw, 720px\" \/><figcaption class=\"wp-element-caption\">m\u00e1quina de afeitar de madera exportada<\/figcaption><\/figure> <\/figure>    <figure class=\"wp-block-gallery has-nested-images columns-default is-cropped wp-block-gallery-6 is-layout-flex wp-block-gallery-is-layout-flex\"> <figure class=\"wp-block-image size-large\"><img loading=\"lazy\" decoding=\"async\" width=\"720\" height=\"540\" data-id=\"1862\" src=\"https:\/\/bestcharcoalmachine.com\/wp-content\/uploads\/2021\/12\/chicken-bedding.jpg\" alt=\"ropa de cama para pollos\" class=\"wp-image-1862\" srcset=\"https:\/\/bestcharcoalmachine.com\/wp-content\/uploads\/2021\/12\/chicken-bedding.jpg 720w, https:\/\/bestcharcoalmachine.com\/wp-content\/uploads\/2021\/12\/chicken-bedding-300x225.jpg 300w\" sizes=\"auto, (max-width: 720px) 100vw, 720px\" \/><figcaption class=\"wp-element-caption\">ropa de cama para pollos<\/figcaption><\/figure>    <figure class=\"wp-block-image size-large\"><img loading=\"lazy\" decoding=\"async\" width=\"720\" height=\"540\" data-id=\"2076\" src=\"https:\/\/bestcharcoalmachine.com\/wp-content\/uploads\/2021\/12\/paper-making.jpg\" alt=\"fabricaci\u00f3n de papel\" class=\"wp-image-2076\" srcset=\"https:\/\/bestcharcoalmachine.com\/wp-content\/uploads\/2021\/12\/paper-making.jpg 720w, https:\/\/bestcharcoalmachine.com\/wp-content\/uploads\/2021\/12\/paper-making-300x225.jpg 300w\" sizes=\"auto, (max-width: 720px) 100vw, 720px\" \/><figcaption class=\"wp-element-caption\">fabricaci\u00f3n de papel<\/figcaption><\/figure>    <figure class=\"wp-block-image size-large\"><img loading=\"lazy\" decoding=\"async\" width=\"720\" height=\"540\" data-id=\"2086\" src=\"https:\/\/bestcharcoalmachine.com\/wp-content\/uploads\/2021\/12\/plywood.jpg\" alt=\"madera contrachapada\" class=\"wp-image-2086\" srcset=\"https:\/\/bestcharcoalmachine.com\/wp-content\/uploads\/2021\/12\/plywood.jpg 720w, https:\/\/bestcharcoalmachine.com\/wp-content\/uploads\/2021\/12\/plywood-300x225.jpg 300w\" sizes=\"auto, (max-width: 720px) 100vw, 720px\" \/><figcaption class=\"wp-element-caption\">madera contrachapada<\/figcaption><\/figure> <\/figure>    <h2 class=\"wp-block-heading\" id=\"h-routine-maintenance-of-wood-shaving-machine\">Mantenimiento de rutina de la m\u00e1quina de afeitar para madera.<\/h2>    <div class=\"wp-block-media-text has-media-on-the-right is-stacked-on-mobile\"><div class=\"wp-block-media-text__content\"> <ul class=\"wp-block-list\"> <li>Para que la m\u00e1quina funcione normalmente, el cojinete debe llenarse con mantequilla a tiempo y la cepilladora debe llenarse con mantequilla una vez cada 3-4 horas de funcionamiento continuo.<\/li>    <li>El interior de la m\u00e1quina debe limpiarse antes de salir del trabajo, no deben quedar materiales triturados y las cuchillas no deben atascarse.<\/li>    <li>Apague la alimentaci\u00f3n despu\u00e9s de usarlo todos los d\u00edas y ajuste la tensi\u00f3n del cintur\u00f3n para que baje unos 8 cm.<\/li> <\/ul> <\/div><figure class=\"wp-block-media-text__media\"><img loading=\"lazy\" decoding=\"async\" width=\"720\" height=\"540\" src=\"https:\/\/bestcharcoalmachine.com\/wp-content\/uploads\/2021\/11\/log-shaver.webp\" alt=\"afeitadora de troncos\" class=\"wp-image-3925 size-full\" srcset=\"https:\/\/bestcharcoalmachine.com\/wp-content\/uploads\/2021\/11\/log-shaver.webp 720w, https:\/\/bestcharcoalmachine.com\/wp-content\/uploads\/2021\/11\/log-shaver-300x225.webp 300w, https:\/\/bestcharcoalmachine.com\/wp-content\/uploads\/2021\/11\/log-shaver-16x12.webp 16w\" sizes=\"auto, (max-width: 720px) 100vw, 720px\" \/><\/figure><\/div>    <h2 class=\"wp-block-heading\">Conclusi\u00f3n<\/h2>    <p>Maximice la utilizaci\u00f3n de la madera y satisfaga las diversas necesidades de diversas industrias con nuestra m\u00e1quina afeitadora de madera. Ya sea para trabajar la madera, colocar camas para animales, empaquetar, transportar o producir energ\u00eda, nuestra m\u00e1quina es indispensable. <\/p>    <p>Invierta en una m\u00e1quina afeitadora de madera hoy para desbloquear su potencial de producci\u00f3n, mejorar la eficiencia y explorar nuevas oportunidades para su negocio.<\/p>    <figure class=\"wp-block-gallery has-nested-images columns-default is-cropped wp-block-gallery-7 is-layout-flex wp-block-gallery-is-layout-flex\"> <figure class=\"wp-block-image size-large\"><img loading=\"lazy\" decoding=\"async\" width=\"720\" height=\"540\" data-id=\"3926\" src=\"https:\/\/bestcharcoalmachine.com\/wp-content\/uploads\/2021\/11\/log-shaving-machine.webp\" alt=\"m\u00e1quina de afeitar troncos\" class=\"wp-image-3926\" srcset=\"https:\/\/bestcharcoalmachine.com\/wp-content\/uploads\/2021\/11\/log-shaving-machine.webp 720w, https:\/\/bestcharcoalmachine.com\/wp-content\/uploads\/2021\/11\/log-shaving-machine-300x225.webp 300w, https:\/\/bestcharcoalmachine.com\/wp-content\/uploads\/2021\/11\/log-shaving-machine-16x12.webp 16w\" sizes=\"auto, (max-width: 720px) 100vw, 720px\" \/><figcaption class=\"wp-element-caption\">m\u00e1quina de afeitar troncos<\/figcaption><\/figure>    <figure class=\"wp-block-image size-large\"><img loading=\"lazy\" decoding=\"async\" width=\"720\" height=\"540\" data-id=\"3927\" src=\"https:\/\/bestcharcoalmachine.com\/wp-content\/uploads\/2021\/11\/wood-shaver.webp\" alt=\"afeitadora de madera\" class=\"wp-image-3927\" srcset=\"https:\/\/bestcharcoalmachine.com\/wp-content\/uploads\/2021\/11\/wood-shaver.webp 720w, https:\/\/bestcharcoalmachine.com\/wp-content\/uploads\/2021\/11\/wood-shaver-300x225.webp 300w, https:\/\/bestcharcoalmachine.com\/wp-content\/uploads\/2021\/11\/wood-shaver-16x12.webp 16w\" sizes=\"auto, (max-width: 720px) 100vw, 720px\" \/><figcaption class=\"wp-element-caption\">afeitadora de madera<\/figcaption><\/figure> <\/figure>","protected":false},"excerpt":{"rendered":"<p>La m\u00e1quina de virutas de madera puede convertir troncos, ramas, palos y tablones en virutas de madera.<\/p>","protected":false},"author":1,"featured_media":2531,"parent":0,"template":"","tags":[64,66,68,63],"product-type":[51],"class_list":["post-720","product","type-product","status-publish","has-post-thumbnail","hentry","tag-log","tag-lumber","tag-shaver","tag-wood","product-type-wood-working-equipment"],"_links":{"self":[{"href":"https:\/\/bestcharcoalmachine.com\/es\/wp-json\/wp\/v2\/product\/720","targetHints":{"allow":["GET"]}}],"collection":[{"href":"https:\/\/bestcharcoalmachine.com\/es\/wp-json\/wp\/v2\/product"}],"about":[{"href":"https:\/\/bestcharcoalmachine.com\/es\/wp-json\/wp\/v2\/types\/product"}],"author":[{"embeddable":true,"href":"https:\/\/bestcharcoalmachine.com\/es\/wp-json\/wp\/v2\/users\/1"}],"wp:featuredmedia":[{"embeddable":true,"href":"https:\/\/bestcharcoalmachine.com\/es\/wp-json\/wp\/v2\/media\/2531"}],"wp:attachment":[{"href":"https:\/\/bestcharcoalmachine.com\/es\/wp-json\/wp\/v2\/media?parent=720"}],"wp:term":[{"taxonomy":"post_tag","embeddable":true,"href":"https:\/\/bestcharcoalmachine.com\/es\/wp-json\/wp\/v2\/tags?post=720"},{"taxonomy":"product-type","embeddable":true,"href":"https:\/\/bestcharcoalmachine.com\/es\/wp-json\/wp\/v2\/product-type?post=720"}],"curies":[{"name":"wp","href":"https:\/\/api.w.org\/{rel}","templated":true}]}}