{"id":3661,"date":"2023-02-22T11:14:59","date_gmt":"2023-02-22T03:14:59","guid":{"rendered":"https:\/\/bestcharcoalmachine.com\/?post_type=product&#038;p=3661"},"modified":"2024-02-22T16:00:53","modified_gmt":"2024-02-22T08:00:53","slug":"wood-pallet-making-machine","status":"publish","type":"product","link":"https:\/\/bestcharcoalmachine.com\/es\/product\/wood-pallet-making-machine\/","title":{"rendered":"M\u00e1quina para fabricar paletas de madera \u4e28 M\u00e1quina para fabricar paletas de madera comprimida"},"content":{"rendered":"<div class=\"kk-star-ratings kksr-auto kksr-align-left kksr-valign-top\"     data-payload='{&quot;align&quot;:&quot;left&quot;,&quot;id&quot;:&quot;3661&quot;,&quot;slug&quot;:&quot;default&quot;,&quot;valign&quot;:&quot;top&quot;,&quot;ignore&quot;:&quot;&quot;,&quot;reference&quot;:&quot;auto&quot;,&quot;class&quot;:&quot;&quot;,&quot;count&quot;:&quot;20&quot;,&quot;legendonly&quot;:&quot;&quot;,&quot;readonly&quot;:&quot;&quot;,&quot;score&quot;:&quot;4.7&quot;,&quot;starsonly&quot;:&quot;&quot;,&quot;best&quot;:&quot;5&quot;,&quot;gap&quot;:&quot;5&quot;,&quot;greet&quot;:&quot;Rate this product&quot;,&quot;legend&quot;:&quot;4.7\\\/5 - (20 votos)&quot;,&quot;size&quot;:&quot;24&quot;,&quot;title&quot;:&quot;Wood Pallet Making Machine\u4e28Compressed wood pallet machine&quot;,&quot;width&quot;:&quot;133.8&quot;,&quot;_legend&quot;:&quot;{score}\\\/{best} - ({count} {votes})&quot;,&quot;font_factor&quot;:&quot;1.25&quot;}'>              <div class=\"kksr-stars\">      <div class=\"kksr-stars-inactive\">             <div class=\"kksr-star\" data-star=\"1\" style=\"padding-right: 5px\">               <div class=\"kksr-icon\" style=\"width: 24px; height: 24px;\"><\/div>         <\/div>             <div class=\"kksr-star\" data-star=\"2\" style=\"padding-right: 5px\">               <div class=\"kksr-icon\" style=\"width: 24px; height: 24px;\"><\/div>         <\/div>             <div class=\"kksr-star\" data-star=\"3\" style=\"padding-right: 5px\">               <div class=\"kksr-icon\" style=\"width: 24px; height: 24px;\"><\/div>         <\/div>             <div class=\"kksr-star\" data-star=\"4\" style=\"padding-right: 5px\">               <div class=\"kksr-icon\" style=\"width: 24px; height: 24px;\"><\/div>         <\/div>             <div class=\"kksr-star\" data-star=\"5\" style=\"padding-right: 5px\">               <div class=\"kksr-icon\" style=\"width: 24px; height: 24px;\"><\/div>         <\/div>     <\/div>      <div class=\"kksr-stars-active\" style=\"width: 133.8px;\">             <div class=\"kksr-star\" style=\"padding-right: 5px\">               <div class=\"kksr-icon\" style=\"width: 24px; height: 24px;\"><\/div>         <\/div>             <div class=\"kksr-star\" style=\"padding-right: 5px\">               <div class=\"kksr-icon\" style=\"width: 24px; height: 24px;\"><\/div>         <\/div>             <div class=\"kksr-star\" style=\"padding-right: 5px\">               <div class=\"kksr-icon\" style=\"width: 24px; height: 24px;\"><\/div>         <\/div>             <div class=\"kksr-star\" style=\"padding-right: 5px\">               <div class=\"kksr-icon\" style=\"width: 24px; height: 24px;\"><\/div>         <\/div>             <div class=\"kksr-star\" style=\"padding-right: 5px\">               <div class=\"kksr-icon\" style=\"width: 24px; height: 24px;\"><\/div>         <\/div>     <\/div> <\/div>                   <div class=\"kksr-legend\" style=\"font-size: 19.2px;\">             4,7\/5 - (20 votos)    <\/div>     <\/div>  <p>La m\u00e1quina para paletas de madera comprimida est\u00e1 especializada en la fabricaci\u00f3n de todo tipo de paletas de madera. La m\u00e1quina hidr\u00e1ulica para fabricar paletas de madera puede prensar todo tipo de astillas de madera, c\u00e1scaras de arroz, c\u00e1scaras de coco, etc. para convertirlas en paletas de madera de alta densidad y dureza. <\/p>    <p>Shuliy Group es un fabricante profesional de m\u00e1quinas para paletas de madera. Nuestras m\u00e1quinas se han exportado a M\u00e9xico, Eslovaquia, Arabia Saudita y otros pa\u00edses. Si est\u00e1 interesado, no dude en consultarnos.<\/p>    <figure class=\"wp-block-embed is-type-video is-provider-youtube wp-block-embed-youtube wp-embed-aspect-16-9 wp-has-aspect-ratio\"><div class=\"wp-block-embed__wrapper\"> <iframe loading=\"lazy\" title=\"Eficiencia redefinida: \u00a1sea testigo de la precisi\u00f3n de nuestra avanzada prensa para paletas de madera en acci\u00f3n!#woodworking\" width=\"500\" height=\"281\" src=\"https:\/\/www.youtube.com\/embed\/omO9d_SFjFc?feature=oembed\" frameborder=\"0\" allow=\"accelerometer; autoplay; clipboard-write; encrypted-media; gyroscope; picture-in-picture; web-share\" referrerpolicy=\"strict-origin-when-cross-origin\" allowfullscreen><\/iframe> <\/div><figcaption class=\"wp-element-caption\">Video de trabajo de la m\u00e1quina de paletas de madera.<\/figcaption><\/figure>    <h2 class=\"wp-block-heading\">Introducci\u00f3n de palets de madera comprimida.<\/h2>    <p>Los pal\u00e9s de madera comprimida son pal\u00e9s de madera prensados \u200b\u200bmediante moldeo a alta presi\u00f3n para el transporte log\u00edstico. Se trata de nuevos palets medioambientales fabricados con astillas de madera, virutas y otras fibras vegetales de alta calidad. El aserr\u00edn se secar\u00e1, pegar\u00e1 y moldear\u00e1 a altas temperaturas y presi\u00f3n. <\/p>    <p>Los pal\u00e9s de madera comprimida se utilizan ahora mucho en log\u00edstica y transporte, tienen un precio moderado, tienen buena capacidad de carga, ahorran espacio y son respetuosos con el medio ambiente.<\/p>    <figure class=\"wp-block-gallery has-nested-images columns-default is-cropped wp-block-gallery-2 is-layout-flex wp-block-gallery-is-layout-flex\"> <figure class=\"wp-block-image size-large\"><img loading=\"lazy\" decoding=\"async\" width=\"720\" height=\"540\" data-id=\"3671\" src=\"https:\/\/bestcharcoalmachine.com\/wp-content\/uploads\/2023\/02\/wood-pallet1.jpg\" alt=\"Paleta de madera\" class=\"wp-image-3671\"\/><figcaption class=\"wp-element-caption\">Paleta de madera<\/figcaption><\/figure>    <figure class=\"wp-block-image size-large\"><img loading=\"lazy\" decoding=\"async\" width=\"720\" height=\"540\" data-id=\"3668\" src=\"https:\/\/bestcharcoalmachine.com\/wp-content\/uploads\/2023\/02\/Trays-can-be-stacked-to-save-space1.jpg\" alt=\"Las bandejas se pueden apilar para ahorrar espacio.\" class=\"wp-image-3668\"\/><figcaption class=\"wp-element-caption\">Las bandejas se pueden apilar para ahorrar espacio.<\/figcaption><\/figure> <\/figure>    <h2 class=\"wp-block-heading\">Materias primas de la m\u00e1quina para fabricar paletas de madera.<\/h2>    <p>Hay muchas materias primas que se utilizan para fabricar paletas de madera, incluidas paletas de desecho, virutas de troncos, desechos de madera, c\u00e1scaras de coco, c\u00e1scaras de arroz y cualquier otro material que contenga fibras de madera. Esto hace que este tipo particular de palet sea muy respetuoso con el medio ambiente.<\/p>    <h2 class=\"wp-block-heading\">\u00bfC\u00f3mo hacer paletas de madera?<\/h2>    <p>La creaci\u00f3n de paletas de madera implica varios pasos clave para garantizar una calidad y durabilidad \u00f3ptimas. Aqu\u00ed hay una gu\u00eda detallada sobre c\u00f3mo hacer paletas de madera:<\/p>   <div id=\"rank-math-howto\" class=\"rank-math-block\" > <div class=\"rank-math-howto-description\">  <\/div>  <div class=\"rank-math-steps\"> <div id=\"howto-step-1708587716593\" class=\"rank-math-step\"> <h3 class=\"rank-math-step-title\">1. Trituraci\u00f3n de madera:<\/h3> <div class=\"rank-math-step-content\"><p class=\"translation-block\">El proceso comienza con la trituraci\u00f3n de materias primas de madera en piezas m\u00e1s peque\u00f1as utilizando una <a href=\"https:\/\/bestcharcoalmachine.com\/es\/product\/wood-crusher-machine\/\">trituradora de madera<\/a>. Este paso es crucial para preparar la madera para un procesamiento posterior.<\/p> <\/div> <\/div> <div id=\"howto-step-1708587739018\" class=\"rank-math-step\"> <h3 class=\"rank-math-step-title\">2. Secado de aserr\u00edn:<\/h3> <div class=\"rank-math-step-content\"><p>Si las astillas de madera obtenidas de la trituraci\u00f3n tienen un alto contenido de humedad, es necesario secarlas para reducir el nivel de humedad a menos de 10%. Por lo general, esto se logra utilizando una secadora especializada, asegurando que las astillas de madera se sequen adecuadamente antes de continuar con el siguiente paso.<\/p> <\/div> <\/div> <div id=\"howto-step-1708587759638\" class=\"rank-math-step\"> <h3 class=\"rank-math-step-title\">3. Mezcla de pegamento y astillas de madera:<\/h3> <div class=\"rank-math-step-content\"><img loading=\"lazy\" decoding=\"async\" width=\"720\" height=\"540\" src=\"https:\/\/bestcharcoalmachine.com\/wp-content\/uploads\/2023\/04\/wood-pallet-pressing-machine1.jpg\" class=\"attachment-full size-full\" alt=\"prensadora de paletas de madera\" \/><p>Antes de comprimir las astillas de madera, se mezclan con cola para potenciar la densidad y dureza de las paletas resultantes. Se agrega cuidadosamente pegamento l\u00edquido a las astillas de madera en la proporci\u00f3n adecuada para garantizar una adhesi\u00f3n y resistencia adecuadas. El proceso de mezcla garantiza que el pegamento se distribuya uniformemente por todas las astillas de madera, lo que facilita una uni\u00f3n eficaz durante la compresi\u00f3n.<\/p> <\/div> <\/div> <div id=\"howto-step-1708587775437\" class=\"rank-math-step\"> <h3 class=\"rank-math-step-title\">4. Compresi\u00f3n:<\/h3> <div class=\"rank-math-step-content\"><p>Una vez que las astillas de madera est\u00e9n bien mezcladas con pegamento, estar\u00e1n listas para la compresi\u00f3n. Esto implica colocar la mezcla en una m\u00e1quina prensadora de paletas de madera, donde se somete a compresi\u00f3n a alta presi\u00f3n. El proceso de compresi\u00f3n moldea la mezcla en la forma y tama\u00f1o deseados, formando paletas de madera s\u00f3lidas y duraderas.<\/p> <\/div> <\/div> <div id=\"howto-step-1708587798700\" class=\"rank-math-step\"> <h3 class=\"rank-math-step-title\">5. Enfriamiento y Solidificaci\u00f3n:<\/h3> <div class=\"rank-math-step-content\"><p>Despu\u00e9s de la compresi\u00f3n, las paletas de madera reci\u00e9n formadas se dejan enfriar y solidificar. Este paso es esencial para garantizar que las paletas mantengan su forma e integridad estructural. Una vez enfriadas, las paletas se inspeccionan para garantizar la calidad antes de estar listas para su uso.<\/p> <\/div> <\/div> <\/div> <\/div>       <p>Siguiendo estos meticulosos pasos, se producen tarimas de madera de calidad superior, listas para satisfacer las diversas necesidades de diversas industrias que van desde la log\u00edstica hasta la fabricaci\u00f3n.<\/p>    <figure class=\"wp-block-image aligncenter size-full\"><img loading=\"lazy\" decoding=\"async\" width=\"720\" height=\"540\" src=\"https:\/\/bestcharcoalmachine.com\/wp-content\/uploads\/2023\/02\/raw-materials1.jpg\" alt=\"materias primas\" class=\"wp-image-3667\"\/><figcaption class=\"wp-element-caption\">materias primas<\/figcaption><\/figure>    <h2 class=\"wp-block-heading\">Principio de funcionamiento de la m\u00e1quina para fabricar paletas de madera.<\/h2>    <p>Antes de comprimir las astillas de madera, es necesario precalentar la m\u00e1quina para fabricar paletas de madera. Podemos utilizar el vapor generado por la caldera como fuente de calor de la m\u00e1quina de paletas de madera. Adem\u00e1s, podemos utilizar el horno de aceite termoconductor para calentar el molde de la m\u00e1quina para fabricar paletas de madera.<\/p>    <p>Despu\u00e9s del precalentamiento, esparcimos las astillas de madera uniformemente en el molde de la m\u00e1quina para fabricar paletas. Encienda la m\u00e1quina, el molde superior de la m\u00e1quina descender\u00e1 lentamente y presionar\u00e1 las astillas de madera; se necesitan unos siete minutos para hacer una plataforma de madera.<\/p>    <figure class=\"wp-block-image aligncenter size-full\"><img loading=\"lazy\" decoding=\"async\" width=\"720\" height=\"540\" src=\"https:\/\/bestcharcoalmachine.com\/wp-content\/uploads\/2023\/02\/wood-pallet-making-machine1.jpg\" alt=\"m\u00e1quina para fabricar paletas de madera\" class=\"wp-image-3673\"\/><figcaption class=\"wp-element-caption\">M\u00e1quina para fabricar paletas de madera a la venta<\/figcaption><\/figure>    <h2 class=\"wp-block-heading\">Perspectiva de m\u00e1quina de paletas de madera a la venta.<\/h2>    <p>Los tama\u00f1os principales de palets de madera son 1200*1000 12-20 mm, 1200*800 14-20 mm, 1100*1100 12-20 mm, etc. Adem\u00e1s, seg\u00fan las necesidades del cliente, podemos pedir otras especificaciones. <\/p>    <p>Los pal\u00e9s de madera se utilizan principalmente para la facturaci\u00f3n o el embalaje y tambi\u00e9n son elementos necesarios para las empresas de log\u00edstica y almacenamiento. Los pallets de madera est\u00e1n libres de cuarentena y de precios bajos, lo cual es bien recibido por los clientes.<\/p>    <p>Una m\u00e1quina para paletas de madera es una m\u00e1quina necesaria para fabricar paletas de madera, que tiene un alto rendimiento y una calidad superior. Debido a la amplia gama de productos, las m\u00e1quinas para palets de madera son actualmente escasas. Gracias al desarrollo del mercado internacional, la m\u00e1quina ser\u00e1 cada vez m\u00e1s popular entre los usuarios.<\/p>    <h2 class=\"wp-block-heading\">V\u00eddeo de m\u00e1quina paletizadora de madera comprimida.<\/h2>    <figure class=\"wp-block-embed is-type-video is-provider-youtube wp-block-embed-youtube wp-embed-aspect-16-9 wp-has-aspect-ratio\"><div class=\"wp-block-embed__wrapper\"> <iframe loading=\"lazy\" title=\"L\u00ednea de producci\u00f3n de paletas de madera | M\u00e1quina para fabricar paletas de madera\" width=\"500\" height=\"281\" src=\"https:\/\/www.youtube.com\/embed\/pTIZTKd8BQQ?start=11&#038;feature=oembed\" frameborder=\"0\" allow=\"accelerometer; autoplay; clipboard-write; encrypted-media; gyroscope; picture-in-picture; web-share\" referrerpolicy=\"strict-origin-when-cross-origin\" allowfullscreen><\/iframe> <\/div><figcaption class=\"wp-element-caption\">Proceso de trabajo de la m\u00e1quina de paletas de madera comprimida<\/figcaption><\/figure>    <h2 class=\"wp-block-heading\">Par\u00e1metros t\u00e9cnicos de la m\u00e1quina de paletas de madera.<\/h2>    <figure class=\"wp-block-table\"><table><tbody><tr><td>Modelo<\/td><td>SL-1000<\/td><\/tr><tr><td>Fuerza<\/td><td>15kW<\/td><\/tr><tr><td>Presi\u00f3n<\/td><td>1000 toneladas<\/td><\/tr><tr><td>Capacidad<\/td><td>Producir una paleta necesita de 4 a 5 minutos (puede controlarlo usted mismo)<\/td><\/tr><tr><td>Dimensi\u00f3n<\/td><td>1,9*1,3*4m<\/td><\/tr><tr><td>Peso<\/td><td>21000kg<\/td><\/tr><\/tbody><\/table><figcaption class=\"wp-element-caption\">Par\u00e1metros de la m\u00e1quina para fabricar paletas de madera comprimida.<\/figcaption><\/figure>    <figure class=\"wp-block-image aligncenter size-full\"><img loading=\"lazy\" decoding=\"async\" width=\"720\" height=\"540\" src=\"https:\/\/bestcharcoalmachine.com\/wp-content\/uploads\/2023\/02\/wood-pallet-machine1.jpg\" alt=\"M\u00e1quina de paletas de madera a buen precio.\" class=\"wp-image-3669\"\/><figcaption class=\"wp-element-caption\">M\u00e1quina de paletas de madera a buen precio.<\/figcaption><\/figure>    <h2 class=\"wp-block-heading\">Invierta en el fabricante de paletas de madera de Shuliy<\/h2>    <p class=\"translation-block\">Al elegir nuestra M\u00e1quina para Fabricar Palets de Madera <a href=\"https:\/\/en.wikipedia.org\/wiki\/Pallet\" data-type=\"link\" data-id=\"https:\/\/en.wikipedia.org\/wiki\/Pallet\" target=\"_blank\" rel=\"noopener\">Pallet<\/a>, no solo est\u00e1 invirtiendo en un equipo; est\u00e1 invirtiendo en el futuro de su negocio. Nuestra m\u00e1quina combina tecnolog\u00eda de vanguardia con artesan\u00eda de precisi\u00f3n para ofrecer soluciones duraderas y de alta calidad para la fabricaci\u00f3n de palets de madera.<\/p>    <p>D\u00e9 el primer paso para transformar su l\u00ednea de producci\u00f3n con nuestra m\u00e1quina para fabricar paletas de madera. \u00a1No lo dudes! Cont\u00e1ctenos ahora para conocer precios y m\u00e1s detalles. Nuestro equipo dedicado est\u00e1 aqu\u00ed para apoyarlo en cada paso del camino. Adem\u00e1s, le damos una calurosa bienvenida para que visite nuestra f\u00e1brica y experimente nuestra tecnolog\u00eda de primera mano.<\/p>    <p>Aproveche esta oportunidad para revolucionar sus operaciones comerciales. \u00a1Elija nuestra m\u00e1quina para fabricar paletas de madera y construyamos juntos un futuro mejor!<\/p>    <figure class=\"wp-block-image aligncenter size-full\"><img loading=\"lazy\" decoding=\"async\" width=\"720\" height=\"540\" src=\"https:\/\/bestcharcoalmachine.com\/wp-content\/uploads\/2023\/02\/wood-pallet-making-machine-21.jpg\" alt=\"m\u00e1quina para fabricar paletas de madera \" class=\"wp-image-3670\"\/><figcaption class=\"wp-element-caption\">m\u00e1quina para fabricar paletas de madera <\/figcaption><\/figure>    <p><\/p>","protected":false},"excerpt":{"rendered":"<p>La m\u00e1quina para paletas de madera comprimida est\u00e1 especializada en la fabricaci\u00f3n de todo tipo de paletas de madera. La m\u00e1quina hidr\u00e1ulica para fabricar paletas de madera puede prensar todo tipo de astillas de madera, c\u00e1scaras de arroz, c\u00e1scaras de coco, etc. para convertirlas en paletas de madera de alta densidad y dureza.<\/p>","protected":false},"author":1,"featured_media":3664,"parent":0,"template":"","tags":[],"product-type":[51],"class_list":["post-3661","product","type-product","status-publish","has-post-thumbnail","hentry","product-type-wood-working-equipment"],"_links":{"self":[{"href":"https:\/\/bestcharcoalmachine.com\/es\/wp-json\/wp\/v2\/product\/3661","targetHints":{"allow":["GET"]}}],"collection":[{"href":"https:\/\/bestcharcoalmachine.com\/es\/wp-json\/wp\/v2\/product"}],"about":[{"href":"https:\/\/bestcharcoalmachine.com\/es\/wp-json\/wp\/v2\/types\/product"}],"author":[{"embeddable":true,"href":"https:\/\/bestcharcoalmachine.com\/es\/wp-json\/wp\/v2\/users\/1"}],"wp:featuredmedia":[{"embeddable":true,"href":"https:\/\/bestcharcoalmachine.com\/es\/wp-json\/wp\/v2\/media\/3664"}],"wp:attachment":[{"href":"https:\/\/bestcharcoalmachine.com\/es\/wp-json\/wp\/v2\/media?parent=3661"}],"wp:term":[{"taxonomy":"post_tag","embeddable":true,"href":"https:\/\/bestcharcoalmachine.com\/es\/wp-json\/wp\/v2\/tags?post=3661"},{"taxonomy":"product-type","embeddable":true,"href":"https:\/\/bestcharcoalmachine.com\/es\/wp-json\/wp\/v2\/product-type?post=3661"}],"curies":[{"name":"wp","href":"https:\/\/api.w.org\/{rel}","templated":true}]}}