{"id":3503,"date":"2022-11-30T18:13:23","date_gmt":"2022-11-30T10:13:23","guid":{"rendered":"https:\/\/bestcharcoalmachine.com\/?post_type=product&#038;p=3503"},"modified":"2023-01-05T15:35:15","modified_gmt":"2023-01-05T07:35:15","slug":"biomass-wood-pellet-machine","status":"publish","type":"product","link":"https:\/\/bestcharcoalmachine.com\/es\/product\/biomass-wood-pellet-machine\/","title":{"rendered":"M\u00e1quina de pellets de madera de biomasa | Molino extrusor de pellets de madera para la venta"},"content":{"rendered":"<div class=\"kk-star-ratings kksr-auto kksr-align-left kksr-valign-top\"     data-payload='{&quot;align&quot;:&quot;left&quot;,&quot;id&quot;:&quot;3503&quot;,&quot;slug&quot;:&quot;default&quot;,&quot;valign&quot;:&quot;top&quot;,&quot;ignore&quot;:&quot;&quot;,&quot;reference&quot;:&quot;auto&quot;,&quot;class&quot;:&quot;&quot;,&quot;count&quot;:&quot;17&quot;,&quot;legendonly&quot;:&quot;&quot;,&quot;readonly&quot;:&quot;&quot;,&quot;score&quot;:&quot;4.6&quot;,&quot;starsonly&quot;:&quot;&quot;,&quot;best&quot;:&quot;5&quot;,&quot;gap&quot;:&quot;5&quot;,&quot;greet&quot;:&quot;Rate this product&quot;,&quot;legend&quot;:&quot;4.6\\\/5 - (17 votos)&quot;,&quot;size&quot;:&quot;24&quot;,&quot;title&quot;:&quot;Biomass Wood Pellet Machine | Wood Pellet Extruder Mill for Sale&quot;,&quot;width&quot;:&quot;130.9&quot;,&quot;_legend&quot;:&quot;{score}\\\/{best} - ({count} {votes})&quot;,&quot;font_factor&quot;:&quot;1.25&quot;}'>              <div class=\"kksr-stars\">      <div class=\"kksr-stars-inactive\">             <div class=\"kksr-star\" data-star=\"1\" style=\"padding-right: 5px\">               <div class=\"kksr-icon\" style=\"width: 24px; height: 24px;\"><\/div>         <\/div>             <div class=\"kksr-star\" data-star=\"2\" style=\"padding-right: 5px\">               <div class=\"kksr-icon\" style=\"width: 24px; height: 24px;\"><\/div>         <\/div>             <div class=\"kksr-star\" data-star=\"3\" style=\"padding-right: 5px\">               <div class=\"kksr-icon\" style=\"width: 24px; height: 24px;\"><\/div>         <\/div>             <div class=\"kksr-star\" data-star=\"4\" style=\"padding-right: 5px\">               <div class=\"kksr-icon\" style=\"width: 24px; height: 24px;\"><\/div>         <\/div>             <div class=\"kksr-star\" data-star=\"5\" style=\"padding-right: 5px\">               <div class=\"kksr-icon\" style=\"width: 24px; height: 24px;\"><\/div>         <\/div>     <\/div>      <div class=\"kksr-stars-active\" style=\"width: 130.9px;\">             <div class=\"kksr-star\" style=\"padding-right: 5px\">               <div class=\"kksr-icon\" style=\"width: 24px; height: 24px;\"><\/div>         <\/div>             <div class=\"kksr-star\" style=\"padding-right: 5px\">               <div class=\"kksr-icon\" style=\"width: 24px; height: 24px;\"><\/div>         <\/div>             <div class=\"kksr-star\" style=\"padding-right: 5px\">               <div class=\"kksr-icon\" style=\"width: 24px; height: 24px;\"><\/div>         <\/div>             <div class=\"kksr-star\" style=\"padding-right: 5px\">               <div class=\"kksr-icon\" style=\"width: 24px; height: 24px;\"><\/div>         <\/div>             <div class=\"kksr-star\" style=\"padding-right: 5px\">               <div class=\"kksr-icon\" style=\"width: 24px; height: 24px;\"><\/div>         <\/div>     <\/div> <\/div>                   <div class=\"kksr-legend\" style=\"font-size: 19.2px;\">             4,6\/5 - (17 votos)    <\/div>     <\/div>  <p>La m\u00e1quina de pellets de madera para biomasa Shuliy produce principalmente pellets de madera respetuosos con el medio ambiente y libres de contaminaci\u00f3n. La m\u00e1quina peletizadora de biomasa es muy popular en el mercado y nuestras m\u00e1quinas se han exportado a todo el mundo, ayudando a muchos fabricantes a lograr beneficios econ\u00f3micos.<\/p>    <h2 class=\"wp-block-heading\">Introducci\u00f3n de la m\u00e1quina de pellets de madera de biomasa.<\/h2>    <p>La f\u00e1brica de pellets de biomasa es una estructura vertical y adopta tecnolog\u00eda de granulaci\u00f3n por matriz anular centr\u00edfuga de alta eficiencia. La m\u00e1quina puede procesar \u00e1rboles triturados, tablas, cortezas, virutas y otras materias primas mediante extrusi\u00f3n f\u00edsica; el aserr\u00edn se prensar\u00e1 en part\u00edculas en forma de varilla de 8 a 12 mm de di\u00e1metro. El producto final est\u00e1 bien formado, es denso y puede utilizarse como combustible en lugar de carb\u00f3n.<\/p>    <h2 class=\"wp-block-heading\">Materias primas de la m\u00e1quina de pellets de madera.<\/h2>    <p>Hoy en d\u00eda, la f\u00e1brica de pellets de madera se utiliza ampliamente en plantas de combusti\u00f3n biol\u00f3gica, plantas de energ\u00eda, plantas de procesamiento de madera, plantas de fertilizantes, plantas de alimentos, bodegas, etc. La f\u00e1brica de pellets de madera es un equipo de moldeo de alta y baja densidad, aplicable principalmente a materiales de madera: todo tipo de \u00e1rboles, ramas, tableros, cortezas, virutas, recortes de f\u00e1brica de muebles, etc.<\/p>    <h2 class=\"wp-block-heading\">V\u00eddeo de funcionamiento de la m\u00e1quina de pellets de biomasa.<\/h2>    <figure class=\"wp-block-embed is-type-video is-provider-youtube wp-block-embed-youtube wp-embed-aspect-16-9 wp-has-aspect-ratio\"><div class=\"wp-block-embed__wrapper\"> <iframe loading=\"lazy\" title=\"\u00bfC\u00f3mo hacer pellets de madera con c\u00e1scara de arroz? | Venta de maquina para fabricar pellets de madera\" width=\"500\" height=\"281\" src=\"https:\/\/www.youtube.com\/embed\/DEHbn3LI0t8?feature=oembed\" frameborder=\"0\" allow=\"accelerometer; autoplay; clipboard-write; encrypted-media; gyroscope; picture-in-picture; web-share\" referrerpolicy=\"strict-origin-when-cross-origin\" allowfullscreen><\/iframe> <\/div><\/figure>    <h2 class=\"wp-block-heading\">Par\u00e1metros de la f\u00e1brica de pellets de madera a la venta<\/h2>    <figure class=\"wp-block-table\"><table><tbody><tr><td>Modelo<\/td><td>Capacidad (t\/h)<\/td><td>Potencia (kW)<\/td><\/tr><tr><td>WD-380<\/td><td>0.2-0.3<\/td><td>22+0.75<\/td><\/tr><tr><td>WD-450<\/td><td>0.6-0.8<\/td><td>55+1.5+1.1+0.37+0.55<\/td><\/tr><tr><td>WD-560A<\/td><td>1-1.3<\/td><td>90+1.5+1.5+0.55+0.37<\/td><\/tr><tr><td>WD-560B<\/td><td>1.2-1.5<\/td><td>90+1.5+1.5+0.55+0.37<\/td><\/tr><tr><td>WD-560C<\/td><td>1.2-1.5<\/td><td>90+1.5+1.5+0.55+0.37<\/td><\/tr><tr><td>WD-700<\/td><td>2-2.5<\/td><td>160+2.2+0.37+0.75+1.5<\/td><\/tr><tr><td>WD-880<\/td><td>3-4<\/td><td>220+3+0.55+2.2+1.1<\/td><\/tr><\/tbody><\/table><figcaption class=\"wp-element-caption\">Detalles de la extrusora de pellets de madera.<\/figcaption><\/figure>    <h2 class=\"wp-block-heading\">Caracter\u00edsticas de la m\u00e1quina de pellets de madera de biomasa<\/h2>    <ul class=\"wp-block-list\"> <li>La peletizadora de biomasa est\u00e1 equipada con un dispositivo de descarga independiente para garantizar la tasa de formaci\u00f3n de pellets.<\/li>    <li>La extrusora de pellets de madera est\u00e1 equipada con un sistema de reabastecimiento de combustible autom\u00e1tico para garantizar una producci\u00f3n continua las 24 horas.<\/li>    <li>La m\u00e1quina adopta una estructura vertical con alta presi\u00f3n, tiene alta velocidad con alta eficiencia, alto rendimiento y buena estabilidad.<\/li>    <li>Si los clientes tienen muchas materias primas y una gran capacidad de producci\u00f3n, se puede utilizar m\u00e1s de una f\u00e1brica de pellets de madera en paralelo.<\/li> <\/ul>    <h2 class=\"wp-block-heading\">M\u00e1quina de pellets de madera de biomasa en stock<\/h2>    <figure class=\"wp-block-gallery has-nested-images columns-default is-cropped wp-block-gallery-2 is-layout-flex wp-block-gallery-is-layout-flex\"> <figure class=\"wp-block-image size-large\"><img loading=\"lazy\" decoding=\"async\" width=\"720\" height=\"540\" data-id=\"3505\" src=\"https:\/\/bestcharcoalmachine.com\/wp-content\/uploads\/2022\/11\/biomass-wood-pellet-machine_1.jpg\" alt=\"m\u00e1quina de pellets de madera de biomasa\" class=\"wp-image-3505\"\/><figcaption class=\"wp-element-caption\">m\u00e1quina de pellets de madera de biomasa<\/figcaption><\/figure>    <figure class=\"wp-block-image size-large\"><img loading=\"lazy\" decoding=\"async\" width=\"720\" height=\"540\" data-id=\"3506\" src=\"https:\/\/bestcharcoalmachine.com\/wp-content\/uploads\/2022\/11\/biomass-pellet-machine_1.jpg\" alt=\"peletizadora de biomasa\" class=\"wp-image-3506\"\/><figcaption class=\"wp-element-caption\">peletizadora de biomasa<\/figcaption><\/figure> <\/figure>    <h2 class=\"wp-block-heading\">Aplicaci\u00f3n de productos finales de extrusora de pellets de madera. <\/h2>    <ul class=\"wp-block-list\"> <li>Los pellets de madera se pueden utilizar para calefacci\u00f3n civil y energ\u00eda vital. Los pellets de astillas de madera tienen una alta eficiencia de combusti\u00f3n y son f\u00e1ciles de almacenar y usar.<\/li>    <li>Los pellets de madera se pueden utilizar en la industria como combustible para calderas industriales de biomasa. Los pellets de madera pueden sustituir fuentes de energ\u00eda como el carb\u00f3n y el gas natural y solucionar la contaminaci\u00f3n ambiental. Adem\u00e1s, la eficiencia de combusti\u00f3n de los pellets de astillas de madera supera a la del carb\u00f3n com\u00fan.<\/li>    <li>Los pellets de aserr\u00edn se pueden utilizar como combustible para la generaci\u00f3n de energ\u00eda t\u00e9rmica.<\/li>    <li>Tambi\u00e9n se pueden utilizar como material base para setas, setas shiitake, etc.<\/li> <\/ul>","protected":false},"excerpt":{"rendered":"<p>Shuliy biomass wood pellet machine mainly produces environmentally friendly and pollution-free wood pellets. The biomass pellet machine is very popular in the market and our machines have been exported to all over the world, helping many manufacturers to achieve economic benefits. Introduction of biomass wood pellet machine biomass pellet mill is a vertical structure and [&hellip;]<\/p>\n","protected":false},"author":1,"featured_media":3508,"parent":0,"template":"","tags":[62],"product-type":[51],"class_list":["post-3503","product","type-product","status-publish","has-post-thumbnail","hentry","tag-wood-pellet-machine","product-type-wood-working-equipment"],"_links":{"self":[{"href":"https:\/\/bestcharcoalmachine.com\/es\/wp-json\/wp\/v2\/product\/3503","targetHints":{"allow":["GET"]}}],"collection":[{"href":"https:\/\/bestcharcoalmachine.com\/es\/wp-json\/wp\/v2\/product"}],"about":[{"href":"https:\/\/bestcharcoalmachine.com\/es\/wp-json\/wp\/v2\/types\/product"}],"author":[{"embeddable":true,"href":"https:\/\/bestcharcoalmachine.com\/es\/wp-json\/wp\/v2\/users\/1"}],"wp:featuredmedia":[{"embeddable":true,"href":"https:\/\/bestcharcoalmachine.com\/es\/wp-json\/wp\/v2\/media\/3508"}],"wp:attachment":[{"href":"https:\/\/bestcharcoalmachine.com\/es\/wp-json\/wp\/v2\/media?parent=3503"}],"wp:term":[{"taxonomy":"post_tag","embeddable":true,"href":"https:\/\/bestcharcoalmachine.com\/es\/wp-json\/wp\/v2\/tags?post=3503"},{"taxonomy":"product-type","embeddable":true,"href":"https:\/\/bestcharcoalmachine.com\/es\/wp-json\/wp\/v2\/product-type?post=3503"}],"curies":[{"name":"wp","href":"https:\/\/api.w.org\/{rel}","templated":true}]}}