{"id":3488,"date":"2022-11-28T18:13:21","date_gmt":"2022-11-28T10:13:21","guid":{"rendered":"https:\/\/bestcharcoalmachine.com\/?post_type=product&#038;p=3488"},"modified":"2024-03-05T15:46:47","modified_gmt":"2024-03-05T07:46:47","slug":"wood-pellet-machine","status":"publish","type":"product","link":"https:\/\/bestcharcoalmachine.com\/es\/product\/wood-pellet-machine\/","title":{"rendered":"M\u00e1quina de pellets de madera | Molino de pellets de madera industrial"},"content":{"rendered":"<div class=\"kk-star-ratings kksr-auto kksr-align-left kksr-valign-top\"     data-payload='{&quot;align&quot;:&quot;left&quot;,&quot;id&quot;:&quot;3488&quot;,&quot;slug&quot;:&quot;default&quot;,&quot;valign&quot;:&quot;top&quot;,&quot;ignore&quot;:&quot;&quot;,&quot;reference&quot;:&quot;auto&quot;,&quot;class&quot;:&quot;&quot;,&quot;count&quot;:&quot;24&quot;,&quot;legendonly&quot;:&quot;&quot;,&quot;readonly&quot;:&quot;&quot;,&quot;score&quot;:&quot;4.8&quot;,&quot;starsonly&quot;:&quot;&quot;,&quot;best&quot;:&quot;5&quot;,&quot;gap&quot;:&quot;5&quot;,&quot;greet&quot;:&quot;Rate this product&quot;,&quot;legend&quot;:&quot;4.8\\\/5 - (24 votos)&quot;,&quot;size&quot;:&quot;24&quot;,&quot;title&quot;:&quot;Wood Pellet Machine | Industrial Wood Pellet Mill&quot;,&quot;width&quot;:&quot;136.7&quot;,&quot;_legend&quot;:&quot;{score}\\\/{best} - ({count} {votes})&quot;,&quot;font_factor&quot;:&quot;1.25&quot;}'>              <div class=\"kksr-stars\">      <div class=\"kksr-stars-inactive\">             <div class=\"kksr-star\" data-star=\"1\" style=\"padding-right: 5px\">               <div class=\"kksr-icon\" style=\"width: 24px; height: 24px;\"><\/div>         <\/div>             <div class=\"kksr-star\" data-star=\"2\" style=\"padding-right: 5px\">               <div class=\"kksr-icon\" style=\"width: 24px; height: 24px;\"><\/div>         <\/div>             <div class=\"kksr-star\" data-star=\"3\" style=\"padding-right: 5px\">               <div class=\"kksr-icon\" style=\"width: 24px; height: 24px;\"><\/div>         <\/div>             <div class=\"kksr-star\" data-star=\"4\" style=\"padding-right: 5px\">               <div class=\"kksr-icon\" style=\"width: 24px; height: 24px;\"><\/div>         <\/div>             <div class=\"kksr-star\" data-star=\"5\" style=\"padding-right: 5px\">               <div class=\"kksr-icon\" style=\"width: 24px; height: 24px;\"><\/div>         <\/div>     <\/div>      <div class=\"kksr-stars-active\" style=\"width: 136.7px;\">             <div class=\"kksr-star\" style=\"padding-right: 5px\">               <div class=\"kksr-icon\" style=\"width: 24px; height: 24px;\"><\/div>         <\/div>             <div class=\"kksr-star\" style=\"padding-right: 5px\">               <div class=\"kksr-icon\" style=\"width: 24px; height: 24px;\"><\/div>         <\/div>             <div class=\"kksr-star\" style=\"padding-right: 5px\">               <div class=\"kksr-icon\" style=\"width: 24px; height: 24px;\"><\/div>         <\/div>             <div class=\"kksr-star\" style=\"padding-right: 5px\">               <div class=\"kksr-icon\" style=\"width: 24px; height: 24px;\"><\/div>         <\/div>             <div class=\"kksr-star\" style=\"padding-right: 5px\">               <div class=\"kksr-icon\" style=\"width: 24px; height: 24px;\"><\/div>         <\/div>     <\/div> <\/div>                   <div class=\"kksr-legend\" style=\"font-size: 19.2px;\">             4,8\/5 - (24 votos)    <\/div>     <\/div>  <p>La m\u00e1quina de pellets de madera Shuliy a la venta es atractiva para los clientes decididos a iniciar un negocio de fabricaci\u00f3n de pellets de madera. La f\u00e1brica de pellets de madera puede utilizar una variedad de desechos agr\u00edcolas para producir combustible de pellets, por lo tanto, la f\u00e1brica de pellets de madera puede generar un gran valor econ\u00f3mico y no causa problemas ambientales.<\/p>    <p>Como piedra angular de la producci\u00f3n de energ\u00eda de biomasa, las m\u00e1quinas de pellets de madera desempe\u00f1an un papel fundamental en la sociedad moderna. Nuestras m\u00e1quinas no solo transforman diversas materias primas como aserr\u00edn, paja y desechos agr\u00edcolas en pellets de madera de alta calidad, sino que tambi\u00e9n son reconocidas por su eficiencia, confiabilidad y respeto al medio ambiente. <\/p>    <p>Ya sea que se dedique a la industria del procesamiento de madera, la agricultura o la energ\u00eda de biomasa, nuestra m\u00e1quina de pellets de madera ser\u00e1 un socio indispensable. \u00a1Exploremos juntos el potencial ilimitado de las m\u00e1quinas de pellets de madera y construyamos un futuro limpio y sostenible!<\/p>    <figure class=\"wp-block-embed is-type-video is-provider-youtube wp-block-embed-youtube wp-embed-aspect-16-9 wp-has-aspect-ratio\"><div class=\"wp-block-embed__wrapper\"> <iframe loading=\"lazy\" title=\"De las materias primas a los pellets de calidad: explicaci\u00f3n del fresado de pellets para piensos #woodworking #woodmachine\" width=\"500\" height=\"281\" src=\"https:\/\/www.youtube.com\/embed\/Q95TO8hcQ80?feature=oembed\" frameborder=\"0\" allow=\"accelerometer; autoplay; clipboard-write; encrypted-media; gyroscope; picture-in-picture; web-share\" referrerpolicy=\"strict-origin-when-cross-origin\" allowfullscreen><\/iframe> <\/div><figcaption class=\"wp-element-caption\">V\u00eddeo de trabajo de la m\u00e1quina de pellets de madera<\/figcaption><\/figure>    <h2 class=\"wp-block-heading\">Introducci\u00f3n de la m\u00e1quina de pellets de madera.<\/h2>    <p>La f\u00e1brica de pellets de madera industrial es un tipo de maquinaria de moldeo de combustible de pellets, tambi\u00e9n se llama m\u00e1quina de pellets de aserr\u00edn. La m\u00e1quina de pellets de madera procesar\u00e1 diversas ramas, incluyendo astillas de madera, paja de ma\u00edz, salvado de madera, harina de madera y otros materiales, para obtener muchos pellets de madera peque\u00f1os comprimidos. <\/p>    <p>Esos pellets de aserr\u00edn se pueden utilizar en chimeneas familiares, calderas industriales y combustible para plantas de energ\u00eda de biomasa. Pueden sustituir al carb\u00f3n, al petr\u00f3leo pesado y al gas natural, reduciendo la contaminaci\u00f3n ambiental.<\/p>    <figure class=\"wp-block-gallery has-nested-images columns-default is-cropped wp-block-gallery-2 is-layout-flex wp-block-gallery-is-layout-flex\"> <figure class=\"wp-block-image size-large\"><img loading=\"lazy\" decoding=\"async\" width=\"720\" height=\"540\" data-id=\"3499\" src=\"https:\/\/bestcharcoalmachine.com\/wp-content\/uploads\/2022\/11\/wood-pellet-mill-2.jpg\" alt=\"molino de pellets de madera\" class=\"wp-image-3499\"\/><figcaption class=\"wp-element-caption\">molino de pellets de madera<\/figcaption><\/figure>    <figure class=\"wp-block-image size-large\"><img loading=\"lazy\" decoding=\"async\" width=\"720\" height=\"540\" data-id=\"3496\" src=\"https:\/\/bestcharcoalmachine.com\/wp-content\/uploads\/2022\/11\/wood-pellet-machine-2-1.jpg\" alt=\"m\u00e1quina de pellets de madera \" class=\"wp-image-3496\"\/><figcaption class=\"wp-element-caption\">m\u00e1quina de pellets de madera <\/figcaption><\/figure> <\/figure>    <h2 class=\"wp-block-heading\">V\u00eddeo de funcionamiento de una f\u00e1brica de pellets de madera.<\/h2>    <p>El v\u00eddeo muestra el v\u00eddeo de prueba de una peque\u00f1a m\u00e1quina de pellets de madera en nuestra planta. <\/p>    <p>En el video, puede ver que los pellets de aserr\u00edn comprimidos finales est\u00e1n en buen estado y que la eficiencia de la m\u00e1quina de pellets de aserr\u00edn es alta.<\/p>    <figure class=\"wp-block-embed is-type-video is-provider-youtube wp-block-embed-youtube wp-embed-aspect-16-9 wp-has-aspect-ratio\"><div class=\"wp-block-embed__wrapper\"> <iframe loading=\"lazy\" title=\"M\u00e1quina para fabricar pellets de aserr\u00edn | \u00bfC\u00f3mo hacer pellets de madera comprimida?\" width=\"500\" height=\"281\" src=\"https:\/\/www.youtube.com\/embed\/69bBDikqlB4?feature=oembed\" frameborder=\"0\" allow=\"accelerometer; autoplay; clipboard-write; encrypted-media; gyroscope; picture-in-picture; web-share\" referrerpolicy=\"strict-origin-when-cross-origin\" allowfullscreen><\/iframe> <\/div><figcaption class=\"wp-element-caption\">proceso de trabajo de la prensa de pellets<\/figcaption><\/figure>    <h2 class=\"wp-block-heading\">Materias primas de la peque\u00f1a m\u00e1quina de pellets de madera.<\/h2>    <p class=\"translation-block\">El rango de materias primas adecuadas para pellets de madera es extenso, siendo las virutas de madera una opci\u00f3n com\u00fan. T\u00edpicamente, los bloques de madera y las ramas se procesan en virutas de madera utilizando una <a href=\"https:\/\/bestcharcoalmachine.com\/es\/product\/wood-crusher-machine\/\" data-type=\"link\" data-id=\"https:\/\/bestcharcoalmachine.com\/product\/wood-crusher-machine\/\">trituradora de madera<\/a> antes de ser utilizadas como materia prima. <\/p>    <p>Adem\u00e1s, diversos desechos agr\u00edcolas, como tallos de cultivos, c\u00e1scaras de coco, c\u00e1scaras de man\u00ed, malezas y otros residuos org\u00e1nicos, tambi\u00e9n pueden servir como insumos viables para la m\u00e1quina de pellets de madera.<\/p>    <figure class=\"wp-block-image aligncenter size-full\"><img loading=\"lazy\" decoding=\"async\" width=\"720\" height=\"540\" src=\"https:\/\/bestcharcoalmachine.com\/wp-content\/uploads\/2022\/11\/raw-materials-of-wood-pellets.jpg\" alt=\"materias primas de pellets de madera\" class=\"wp-image-3490\"\/><figcaption class=\"wp-element-caption\">materias primas de pellets de madera<\/figcaption><\/figure>    <h2 class=\"wp-block-heading\">Par\u00e1metros de la m\u00e1quina de pellets de madera a la venta<\/h2>    <p>Disponemos de cuatro modelos de f\u00e1bricas industriales de pellets de madera para que los clientes elijan. Su rendimiento depende del volumen de alimentaci\u00f3n de la materia prima que se desea procesar. <\/p>    <p>WD-250 y WD-300 son adecuados para peque\u00f1as plantas de fabricaci\u00f3n de pellets. WD-350 y WD-400 son adecuados para grandes plantas de fabricaci\u00f3n de pellets. Consulte sus par\u00e1metros en la siguiente tabla.<\/p>    <figure class=\"wp-block-table\"><table><tbody><tr><td>Modelo<\/td><td>WD-250<\/td><td>WD-300<\/td><td>WD-350<\/td><td>WD-400<\/td><\/tr><tr><td>Potencia (kilovatios)<\/td><td>15<\/td><td>22<\/td><td>30<\/td><td>37<\/td><\/tr><tr><td>Capacidad (kg\/h)<\/td><td>100-200<\/td><td>200-300<\/td><td>300-400<\/td><td>400-500<\/td><\/tr><\/tbody><\/table><figcaption class=\"wp-element-caption\">m\u00e1quina de pellets de aserr\u00edn para la venta<\/figcaption><\/figure>    <h2 class=\"wp-block-heading\">\u00bfC\u00f3mo elegir una peletizadora de aserr\u00edn?<\/h2>    <h3 class=\"wp-block-heading\">1. Factores de precio<\/h3>    <p>Generalmente, las m\u00e1quinas con mayor rendimiento tienen un precio m\u00e1s alto. Los clientes deben considerar su propia cantidad de materia prima y su presupuesto al decidir qu\u00e9 m\u00e1quina comprar.<\/p>    <figure class=\"wp-block-image size-full\"><img loading=\"lazy\" decoding=\"async\" width=\"720\" height=\"540\" src=\"https:\/\/bestcharcoalmachine.com\/wp-content\/uploads\/2022\/11\/machine-to-make-wood-pellets.webp\" alt=\"maquina para fabricar pellets de madera\" class=\"wp-image-3863\" srcset=\"https:\/\/bestcharcoalmachine.com\/wp-content\/uploads\/2022\/11\/machine-to-make-wood-pellets.webp 720w, https:\/\/bestcharcoalmachine.com\/wp-content\/uploads\/2022\/11\/machine-to-make-wood-pellets-300x225.webp 300w\" sizes=\"auto, (max-width: 720px) 100vw, 720px\" \/><figcaption class=\"wp-element-caption\">maquina para fabricar pellets de madera<\/figcaption><\/figure>    <h3 class=\"wp-block-heading\">2. Calidad de la m\u00e1quina<\/h3>    <p>La calidad de una m\u00e1quina de pellets de madera es primordial. Los clientes pueden evaluar la calidad de cada componente, el nivel de automatizaci\u00f3n en la l\u00ednea de producci\u00f3n y los m\u00e9todos operativos y de transporte. Una l\u00ednea de producci\u00f3n cerrada reduce significativamente el polvo y mejora la calidad del producto.<\/p>    <h3 class=\"wp-block-heading\">3. Elegir fabricantes<\/h3>    <p>Actualmente, la demanda de m\u00e1quinas de pellets de madera es alta, lo que lleva a un aumento de fabricantes. Sin embargo, la calidad de las m\u00e1quinas var\u00eda. Los clientes deben optar por fabricantes acreditados y con amplia experiencia. Es recomendable realizar inspecciones in situ de las capacidades de los fabricantes y el servicio posventa relacionado para garantizar una inversi\u00f3n satisfactoria.<\/p>    <h2 class=\"wp-block-heading\">\u00bfPor qu\u00e9 elegir los fabricantes de m\u00e1quinas peletizadoras de aserr\u00edn Shuliy?<\/h2>    <figure class=\"wp-block-image size-full\"><img loading=\"lazy\" decoding=\"async\" width=\"720\" height=\"540\" src=\"https:\/\/bestcharcoalmachine.com\/wp-content\/uploads\/2022\/11\/wood-pelletizer-machine.webp\" alt=\"m\u00e1quina peletizadora de madera\" class=\"wp-image-3864\" srcset=\"https:\/\/bestcharcoalmachine.com\/wp-content\/uploads\/2022\/11\/wood-pelletizer-machine.webp 720w, https:\/\/bestcharcoalmachine.com\/wp-content\/uploads\/2022\/11\/wood-pelletizer-machine-300x225.webp 300w\" sizes=\"auto, (max-width: 720px) 100vw, 720px\" \/><figcaption class=\"wp-element-caption\">m\u00e1quina peletizadora de madera<\/figcaption><\/figure>    <ol class=\"wp-block-list\"> <li>Amplia experiencia: con m\u00e1s de diez a\u00f1os de experiencia en dise\u00f1o, fabricaci\u00f3n, instalaci\u00f3n y exportaci\u00f3n, Shuliy Machinery se ha establecido como un l\u00edder confiable en la industria. Nuestra presencia de larga data refleja nuestro compromiso con la calidad y la confiabilidad.<\/li>    <li>Soluciones personalizadas: en Shuliy Machinery, entendemos que cada cliente tiene necesidades y requisitos \u00fanicos. Es por eso que ofrecemos proyectos integrales personalizados dise\u00f1ados para satisfacer las demandas espec\u00edficas de nuestros clientes. Desde el dise\u00f1o inicial hasta la instalaci\u00f3n final, trabajamos estrechamente con nuestros clientes para garantizar su satisfacci\u00f3n.<\/li>    <li>Servicios integrales: desde el momento en que nos contacta con su solicitud de una f\u00e1brica de pellets de madera, brindamos servicios integrales para guiarlo a lo largo de todo el proceso. Nuestro equipo de expertos est\u00e1 dedicado a brindar excelencia en cada etapa, desde la consulta hasta el soporte posventa.<\/li>    <li>Garant\u00eda de calidad: cuando elige Shuliy Machinery, puede estar seguro de que est\u00e1 invirtiendo en un producto de alta calidad. Nos adherimos a estrictas medidas de control de calidad durante todo el proceso de fabricaci\u00f3n para garantizar que nuestras m\u00e1quinas de pellets de aserr\u00edn cumplan con los m\u00e1s altos est\u00e1ndares de rendimiento y durabilidad.<\/li>    <li>Alcance global: con nuestra amplia experiencia en exportaci\u00f3n, hemos atendido con \u00e9xito a clientes de todo el mundo. Ya sea que est\u00e9 ubicado a nivel local o internacional, puede confiar en Shuliy Machinery para brindarle productos y servicios de primer nivel dondequiera que est\u00e9.<\/li> <\/ol>    <figure class=\"wp-block-gallery has-nested-images columns-default is-cropped wp-block-gallery-3 is-layout-flex wp-block-gallery-is-layout-flex\"> <figure class=\"wp-block-image size-full\"><img loading=\"lazy\" decoding=\"async\" width=\"720\" height=\"540\" data-id=\"3494\" src=\"https:\/\/bestcharcoalmachine.com\/wp-content\/uploads\/2022\/11\/sawdust-pellet-machine.jpg\" alt=\"\" class=\"wp-image-3494\"\/><figcaption class=\"wp-element-caption\">molino de pellets de madera<\/figcaption><\/figure>    <figure class=\"wp-block-image size-full\"><img loading=\"lazy\" decoding=\"async\" width=\"720\" height=\"540\" data-id=\"3498\" src=\"https:\/\/bestcharcoalmachine.com\/wp-content\/uploads\/2022\/11\/wood-pellet-machine.jpg\" alt=\"m\u00e1quina de pellets de madera\" class=\"wp-image-3498\"\/><figcaption class=\"wp-element-caption\">m\u00e1quina de pellets de madera<\/figcaption><\/figure> <\/figure>    <h2 class=\"wp-block-heading\">\u00bfCu\u00e1l es el precio de la m\u00e1quina de pellets de aserr\u00edn Shuliy?<\/h2>    <p>Cuando se trata de comprar una m\u00e1quina peletizadora de aserr\u00edn, el precio es una consideraci\u00f3n crucial para los clientes. El precio de una m\u00e1quina peletizadora de aserr\u00edn est\u00e1 influenciado por varios factores. Estos incluyen la capacidad y el modelo de la m\u00e1quina de pellets, el fabricante, los dispositivos complementarios opcionales y los gastos de env\u00edo.<\/p>    <p>Es importante tener en cuenta que si los clientes tienen requisitos espec\u00edficos o necesidades de personalizaci\u00f3n, esto puede afectar el precio final. Para obtener informaci\u00f3n detallada sobre precios, recomendamos a los clientes que se comuniquen con nosotros directamente. <\/p>    <p>Puede ponerse en contacto con nosotros f\u00e1cilmente dejando un mensaje en nuestro sitio web y nuestro equipo le proporcionar\u00e1 de inmediato una cotizaci\u00f3n completa adaptada a sus necesidades. Priorizamos la transparencia y nuestro objetivo es garantizar que nuestros clientes tengan toda la informaci\u00f3n necesaria para tomar decisiones informadas sobre sus compras.<\/p>    <figure class=\"wp-block-image size-full\"><img loading=\"lazy\" decoding=\"async\" width=\"720\" height=\"540\" src=\"https:\/\/bestcharcoalmachine.com\/wp-content\/uploads\/2022\/11\/wood-pellet-maker-machine.webp\" alt=\"m\u00e1quina para fabricar pellets de madera\" class=\"wp-image-3865\" srcset=\"https:\/\/bestcharcoalmachine.com\/wp-content\/uploads\/2022\/11\/wood-pellet-maker-machine.webp 720w, https:\/\/bestcharcoalmachine.com\/wp-content\/uploads\/2022\/11\/wood-pellet-maker-machine-300x225.webp 300w\" sizes=\"auto, (max-width: 720px) 100vw, 720px\" \/><figcaption class=\"wp-element-caption\">m\u00e1quina para fabricar pellets de madera<\/figcaption><\/figure>    <h2 class=\"wp-block-heading\">Invierta en la f\u00e1brica de pellets de pienso Shuliy<\/h2>    <p class=\"translation-block\">Invertir en una <a href=\"https:\/\/en.wikipedia.org\/wiki\/Pellet_mill\" data-type=\"link\" data-id=\"https:\/\/en.wikipedia.org\/wiki\/Pellet_mill\" target=\"_blank\" rel=\"noopener\">m\u00e1quina de pellets de serr\u00edn<\/a> es una opci\u00f3n inteligente para mejorar la productividad y reducir costos. Nuestra m\u00e1quina no solo transforma el serr\u00edn y otros materiales de desecho en pellets de madera de alta calidad, sino que tambi\u00e9n genera importantes beneficios para su negocio. <\/p>    <p>\u00a1Elija nuestra peletizadora de aserr\u00edn ahora para liberar su potencial de producci\u00f3n! \u00a1Contacta con nuestro equipo y construyamos juntos el camino hacia tu \u00e9xito!<\/p>    <figure class=\"wp-block-gallery has-nested-images columns-default is-cropped wp-block-gallery-4 is-layout-flex wp-block-gallery-is-layout-flex\"> <figure class=\"wp-block-image size-large\"><img loading=\"lazy\" decoding=\"async\" width=\"720\" height=\"540\" data-id=\"3866\" src=\"https:\/\/bestcharcoalmachine.com\/wp-content\/uploads\/2022\/11\/sawdust-pellet-machine-for-sale.webp\" alt=\"m\u00e1quina de pellets de aserr\u00edn para la venta\" class=\"wp-image-3866\" srcset=\"https:\/\/bestcharcoalmachine.com\/wp-content\/uploads\/2022\/11\/sawdust-pellet-machine-for-sale.webp 720w, https:\/\/bestcharcoalmachine.com\/wp-content\/uploads\/2022\/11\/sawdust-pellet-machine-for-sale-300x225.webp 300w\" sizes=\"auto, (max-width: 720px) 100vw, 720px\" \/><figcaption class=\"wp-element-caption\">m\u00e1quina de pellets de aserr\u00edn para la venta<\/figcaption><\/figure>    <figure class=\"wp-block-image size-large\"><img loading=\"lazy\" decoding=\"async\" width=\"720\" height=\"540\" data-id=\"3867\" src=\"https:\/\/bestcharcoalmachine.com\/wp-content\/uploads\/2022\/11\/sawdust-pellet-machine-in-stock.webp\" alt=\"M\u00e1quina de pellets de aserr\u00edn en stock\" class=\"wp-image-3867\" srcset=\"https:\/\/bestcharcoalmachine.com\/wp-content\/uploads\/2022\/11\/sawdust-pellet-machine-in-stock.webp 720w, https:\/\/bestcharcoalmachine.com\/wp-content\/uploads\/2022\/11\/sawdust-pellet-machine-in-stock-300x225.webp 300w\" sizes=\"auto, (max-width: 720px) 100vw, 720px\" \/><figcaption class=\"wp-element-caption\">M\u00e1quina de pellets de aserr\u00edn en stock<\/figcaption><\/figure> <\/figure>","protected":false},"excerpt":{"rendered":"<p>La m\u00e1quina de pellets de madera Shuliy a la venta es atractiva para los clientes decididos a iniciar un negocio de fabricaci\u00f3n de pellets de madera. La f\u00e1brica de pellets de madera puede utilizar una variedad de desechos agr\u00edcolas para producir combustible de pellets.<\/p>","protected":false},"author":1,"featured_media":3491,"parent":0,"template":"","tags":[62],"product-type":[51],"class_list":["post-3488","product","type-product","status-publish","has-post-thumbnail","hentry","tag-wood-pellet-machine","product-type-wood-working-equipment"],"_links":{"self":[{"href":"https:\/\/bestcharcoalmachine.com\/es\/wp-json\/wp\/v2\/product\/3488","targetHints":{"allow":["GET"]}}],"collection":[{"href":"https:\/\/bestcharcoalmachine.com\/es\/wp-json\/wp\/v2\/product"}],"about":[{"href":"https:\/\/bestcharcoalmachine.com\/es\/wp-json\/wp\/v2\/types\/product"}],"author":[{"embeddable":true,"href":"https:\/\/bestcharcoalmachine.com\/es\/wp-json\/wp\/v2\/users\/1"}],"wp:featuredmedia":[{"embeddable":true,"href":"https:\/\/bestcharcoalmachine.com\/es\/wp-json\/wp\/v2\/media\/3491"}],"wp:attachment":[{"href":"https:\/\/bestcharcoalmachine.com\/es\/wp-json\/wp\/v2\/media?parent=3488"}],"wp:term":[{"taxonomy":"post_tag","embeddable":true,"href":"https:\/\/bestcharcoalmachine.com\/es\/wp-json\/wp\/v2\/tags?post=3488"},{"taxonomy":"product-type","embeddable":true,"href":"https:\/\/bestcharcoalmachine.com\/es\/wp-json\/wp\/v2\/product-type?post=3488"}],"curies":[{"name":"wp","href":"https:\/\/api.w.org\/{rel}","templated":true}]}}