{"id":3061,"date":"2022-03-11T08:17:57","date_gmt":"2022-03-11T08:17:57","guid":{"rendered":"https:\/\/bestcharcoalmachine.com\/?post_type=product&#038;p=3061"},"modified":"2023-02-22T10:59:51","modified_gmt":"2023-02-22T02:59:51","slug":"coal-briquette-processing-plant-coal-making-machine-1","status":"publish","type":"product","link":"https:\/\/bestcharcoalmachine.com\/es\/product\/coal-briquette-processing-plant-coal-making-machine-1\/","title":{"rendered":"Planta de procesamiento de briquetas de carb\u00f3n | M\u00e1quina para fabricar carb\u00f3n"},"content":{"rendered":"<div class=\"kk-star-ratings kksr-auto kksr-align-left kksr-valign-top\"     data-payload='{&quot;align&quot;:&quot;left&quot;,&quot;id&quot;:&quot;3061&quot;,&quot;slug&quot;:&quot;default&quot;,&quot;valign&quot;:&quot;top&quot;,&quot;ignore&quot;:&quot;&quot;,&quot;reference&quot;:&quot;auto&quot;,&quot;class&quot;:&quot;&quot;,&quot;count&quot;:&quot;15&quot;,&quot;legendonly&quot;:&quot;&quot;,&quot;readonly&quot;:&quot;&quot;,&quot;score&quot;:&quot;4.6&quot;,&quot;starsonly&quot;:&quot;&quot;,&quot;best&quot;:&quot;5&quot;,&quot;gap&quot;:&quot;5&quot;,&quot;greet&quot;:&quot;Rate this product&quot;,&quot;legend&quot;:&quot;4.6\\\/5 - (15 votos)&quot;,&quot;size&quot;:&quot;24&quot;,&quot;title&quot;:&quot;Coal Briquette Processing Plant |  Coal Making Machine&quot;,&quot;width&quot;:&quot;130.9&quot;,&quot;_legend&quot;:&quot;{score}\\\/{best} - ({count} {votes})&quot;,&quot;font_factor&quot;:&quot;1.25&quot;}'>              <div class=\"kksr-stars\">      <div class=\"kksr-stars-inactive\">             <div class=\"kksr-star\" data-star=\"1\" style=\"padding-right: 5px\">               <div class=\"kksr-icon\" style=\"width: 24px; height: 24px;\"><\/div>         <\/div>             <div class=\"kksr-star\" data-star=\"2\" style=\"padding-right: 5px\">               <div class=\"kksr-icon\" style=\"width: 24px; height: 24px;\"><\/div>         <\/div>             <div class=\"kksr-star\" data-star=\"3\" style=\"padding-right: 5px\">               <div class=\"kksr-icon\" style=\"width: 24px; height: 24px;\"><\/div>         <\/div>             <div class=\"kksr-star\" data-star=\"4\" style=\"padding-right: 5px\">               <div class=\"kksr-icon\" style=\"width: 24px; height: 24px;\"><\/div>         <\/div>             <div class=\"kksr-star\" data-star=\"5\" style=\"padding-right: 5px\">               <div class=\"kksr-icon\" style=\"width: 24px; height: 24px;\"><\/div>         <\/div>     <\/div>      <div class=\"kksr-stars-active\" style=\"width: 130.9px;\">             <div class=\"kksr-star\" style=\"padding-right: 5px\">               <div class=\"kksr-icon\" style=\"width: 24px; height: 24px;\"><\/div>         <\/div>             <div class=\"kksr-star\" style=\"padding-right: 5px\">               <div class=\"kksr-icon\" style=\"width: 24px; height: 24px;\"><\/div>         <\/div>             <div class=\"kksr-star\" style=\"padding-right: 5px\">               <div class=\"kksr-icon\" style=\"width: 24px; height: 24px;\"><\/div>         <\/div>             <div class=\"kksr-star\" style=\"padding-right: 5px\">               <div class=\"kksr-icon\" style=\"width: 24px; height: 24px;\"><\/div>         <\/div>             <div class=\"kksr-star\" style=\"padding-right: 5px\">               <div class=\"kksr-icon\" style=\"width: 24px; height: 24px;\"><\/div>         <\/div>     <\/div> <\/div>                   <div class=\"kksr-legend\" style=\"font-size: 19.2px;\">             4,6\/5 - (15 votos)    <\/div>     <\/div>  <p>El r\u00e1pido desarrollo de la mecanizaci\u00f3n de la miner\u00eda del carb\u00f3n nos ha creado un espacio para desarrollar una planta de procesamiento de briquetas de carb\u00f3n. Los equipos de briquetas son el proyecto de inversi\u00f3n preferido para la conservaci\u00f3n de energ\u00eda y la reducci\u00f3n de emisiones en la industria del carb\u00f3n. El polvo fino de carb\u00f3n no es f\u00e1cil de transportar ni utilizar como combustible, por lo que el polvo de carb\u00f3n generalmente se prensa en formas de bolas, cuadrados, panales y otras formas de bloques mediante equipos de briquetas de carb\u00f3n.<\/p>    <h2 class=\"wp-block-heading\">Aplicaci\u00f3n de la l\u00ednea de producci\u00f3n de briquetas de carb\u00f3n comprimido.<\/h2>    <p>La l\u00ednea de producci\u00f3n de briquetas de carb\u00f3n puede prensar el limo de carb\u00f3n, las cenizas de carb\u00f3n y otros productos de carb\u00f3n sueltos secos hasta cierto punto para convertirlos en briquetas, briquetas y diversos productos de carbono, que se pueden fundir y aplicar directamente; al mismo tiempo, tambi\u00e9n puede lograr la formaci\u00f3n y varios tipos de polvo de hierro. El moldeado del polvo mineral. El equipo ha sido ampliamente utilizado en metalurgia, miner\u00eda, carb\u00f3n, materiales refractarios, abrasivos, fertilizantes, cer\u00e1mica y otras industrias.<\/p>    <figure class=\"wp-block-image aligncenter size-full\"><img loading=\"lazy\" decoding=\"async\" width=\"720\" height=\"540\" src=\"https:\/\/bestcharcoalmachine.com\/wp-content\/uploads\/2021\/12\/raw-material.jpg\" alt=\"\" class=\"wp-image-2992\"\/><figcaption class=\"wp-element-caption\">La l\u00ednea de producci\u00f3n convertir\u00e1 el carb\u00f3n en briquetas.<\/figcaption><\/figure>    <h2 class=\"wp-block-heading\">\u00bfCu\u00e1les son los pasos principales de la planta de procesamiento de briquetas de carb\u00f3n?<\/h2>    <p>triturar\u2013mezclar\u2013prensar y formar\u2013secar\u2013envasar<\/p>    <ul class=\"wp-block-list\"> <li>Trituraci\u00f3n. Coloque las materias primas en el pulverizador de carb\u00f3n y el carb\u00f3n pulverizado tendr\u00e1 aproximadamente 8 mm de di\u00e1metro. A diferencia del carb\u00f3n vegetal, al procesar carb\u00f3n no es necesario pulverizarlo de forma especialmente fina. Por lo general, se pulveriza hasta obtener unos 8 mm de polvo de carb\u00f3n con un pulverizador de carb\u00f3n.<\/li>    <li>Mezclando. En este paso, mezcle el polvo de carb\u00f3n pulverizado, el aglutinante y el agua. Pon esos tres ingredientes en una batidora de doble eje en una determinada proporci\u00f3n para mezclar.<\/li>    <li>Prensado y conformado. La fabricaci\u00f3n de briquetas es el paso m\u00e1s importante de la planta procesadora de briquetas de carb\u00f3n. La maquinaria WOOD tiene tres m\u00e1quinas diferentes para fabricar carb\u00f3n, que incluyen <a href=\"https:\/\/bestcharcoalmachine.com\/es\/charcoal-briquette-machine\/\">m\u00e1quina para fabricar briquetas de carb\u00f3n<\/a>, <a href=\"https:\/\/bestcharcoalmachine.com\/es\/honeycomb-coal-briquette-machine\/\">fabricante de carb\u00f3n en forma de panal <\/a>y <a href=\"https:\/\/bestcharcoalmachine.com\/es\/charcoal-ball-press-machine\/\">M\u00e1quina prensadora de bolas de carb\u00f3n. <\/a><\/li>    <li>El secado. Los carbones preparados deben secarse para eliminar el exceso de agua; el tama\u00f1o de nuestro equipo de secado puede personalizarse seg\u00fan la demanda de los clientes.<\/li>    <li>Embalaje. El embalaje es para un mejor transporte. WOOD Machinery proporciona m\u00e1quinas empacadoras de carb\u00f3n profesionales para evitar a los clientes el problema del carb\u00f3n fr\u00e1gil y dif\u00edcil de transportar.<\/li> <\/ul>    <h2 class=\"wp-block-heading\" id=\"h-main-equipment-of-coal-briquette-processing-plant\">Equipo principal de la planta procesadora de briquetas de carb\u00f3n.<\/h2>    <h3 class=\"wp-block-heading\">pulverizador de carb\u00f3n<\/h3>    <p class=\"translation-block\">El <a href=\"https:\/\/bestcharcoalmachine.com\/es\/product\/compound-coal-crusher\/\">triturador de carb\u00f3n compuesto<\/a> se utiliza principalmente en plantas de carb\u00f3n, minas de carb\u00f3n, plantas de energ\u00eda y otras f\u00e1bricas que procesan carb\u00f3n. Es un nuevo tipo de equipo de trituraci\u00f3n que es adecuado para triturar y procesar materiales con mayor humedad y viscosidad. El tama\u00f1o de part\u00edcula de salida del triturador compuesto se puede ajustar arbitrariamente, su relaci\u00f3n de trituraci\u00f3n es grande y la eficiencia de trituraci\u00f3n es alta.<\/p>    <figure class=\"wp-block-gallery has-nested-images columns-default is-cropped wp-block-gallery-2 is-layout-flex wp-block-gallery-is-layout-flex\"> <figure class=\"wp-block-image size-large\"><img decoding=\"async\" data-id=\"1639\" src=\"https:\/\/bestcharcoalmachine.com\/wp-content\/uploads\/2021\/12\/coal-pulverizer.jpg\" alt=\"pulverizador de carbon\" class=\"wp-image-1639\"\/><figcaption class=\"wp-element-caption\">pulverizador de carbon<\/figcaption><\/figure>    <figure class=\"wp-block-image size-large\"><img decoding=\"async\" data-id=\"1640\" src=\"https:\/\/bestcharcoalmachine.com\/wp-content\/uploads\/2021\/12\/coal-shredder-displayed-in-our-plant.jpg\" alt=\"trituradora de carb\u00f3n exhibida en nuestra planta\" class=\"wp-image-1640\"\/><figcaption class=\"wp-element-caption\">trituradora de carb\u00f3n exhibida en nuestra planta<\/figcaption><\/figure> <\/figure>    <h3 class=\"wp-block-heading\" id=\"h-double-shaft-mixer\">Mezclador de doble eje<\/h3>    <p>Este mezclador es muy adecuado para remover carb\u00f3n en polvo. Debido a que las materias primas deben prepararse con anticipaci\u00f3n, se agregan agua y aglutinantes al fino polvo de carb\u00f3n molido. Pon todos los materiales en la batidora y los revolver\u00e1 de manera muy uniforme.<\/p>    <figure class=\"wp-block-gallery has-nested-images columns-default is-cropped wp-block-gallery-3 is-layout-flex wp-block-gallery-is-layout-flex\"> <figure class=\"wp-block-image size-large\"><img decoding=\"async\" data-id=\"1641\" src=\"https:\/\/bestcharcoalmachine.com\/wp-content\/uploads\/2021\/12\/double-shaft-mixer.jpg\" alt=\"\" class=\"wp-image-1641\"\/><figcaption class=\"wp-element-caption\">mezclador de doble eje<\/figcaption><\/figure>    <figure class=\"wp-block-image size-large\"><img decoding=\"async\" data-id=\"1642\" src=\"https:\/\/bestcharcoalmachine.com\/wp-content\/uploads\/2021\/12\/double-shaft-mixer-for-mixing-coal-powder-water-and-binder.jpg\" alt=\"mezclador de doble eje para mezclar carb\u00f3n en polvo, agua y aglutinante\" class=\"wp-image-1642\"\/><figcaption class=\"wp-element-caption\">mezclador de doble eje para mezclar carb\u00f3n en polvo, agua y aglutinante<\/figcaption><\/figure> <\/figure>    <h3 class=\"wp-block-heading\">maquina para fabricar carbon<\/h3>    <p class=\"translation-block\">La <a href=\"https:\/\/bestcharcoalmachine.com\/es\/charcoal-briquettes-machines\/attachment\/charcoal-briquette-machine\/\">m\u00e1quina de briquetas de carb\u00f3n<\/a> extruir\u00e1 el carb\u00f3n pulverizado mezclado en varillas de carb\u00f3n a trav\u00e9s de alta presi\u00f3n. Tenemos una variedad de moldes diferentes para hacer briquetas de carb\u00f3n de diferentes formas. Debido a que la m\u00e1quina trabaja continuamente, hemos preparado una variedad de equipos de corte.<\/p>    <figure class=\"wp-block-gallery has-nested-images columns-default is-cropped wp-block-gallery-4 is-layout-flex wp-block-gallery-is-layout-flex\"> <figure class=\"wp-block-image size-full\"><img loading=\"lazy\" decoding=\"async\" width=\"720\" height=\"540\" data-id=\"2233\" src=\"https:\/\/bestcharcoalmachine.com\/wp-content\/uploads\/2021\/11\/Working-scene-of-coal-press-machine.jpg\" alt=\"Escena-de-trabajo-de-la-m\u00e1quina-de-prensa-de-carb\u00f3n\" class=\"wp-image-2233\" srcset=\"https:\/\/bestcharcoalmachine.com\/wp-content\/uploads\/2021\/11\/Working-scene-of-coal-press-machine.jpg 720w, https:\/\/bestcharcoalmachine.com\/wp-content\/uploads\/2021\/11\/Working-scene-of-coal-press-machine-300x225.jpg 300w\" sizes=\"auto, (max-width: 720px) 100vw, 720px\" \/><figcaption class=\"wp-element-caption\">Escena-de-trabajo-de-la-m\u00e1quina-de-prensa-de-carb\u00f3n<\/figcaption><\/figure>    <figure class=\"wp-block-image size-large\"><img decoding=\"async\" data-id=\"1464\" src=\"https:\/\/bestcharcoalmachine.com\/wp-content\/uploads\/2021\/12\/charcoal-briquette-machine-1.jpg\" alt=\"m\u00e1quina de briquetas de carb\u00f3n\" class=\"wp-image-1464\"\/><figcaption class=\"wp-element-caption\">m\u00e1quina de briquetas de carb\u00f3n<\/figcaption><\/figure> <\/figure>    <h3 class=\"wp-block-heading\">M\u00e1quina de briquetas de carb\u00f3n en forma de panal<\/h3>    <p class=\"translation-block\"><a href=\"https:\/\/bestcharcoalmachine.com\/es\/charcoal-briquette-machine\/honeycomb-coal-briquette-machine\/\">La m\u00e1quina de briquetas de carb\u00f3n en panal<\/a> tambi\u00e9n es una de las m\u00e1quinas utilizadas para la formaci\u00f3n de carb\u00f3n pulverizado. La m\u00e1quina de briquetas de carb\u00f3n en panal puede intercambiar moldes f\u00e1cilmente. Las funciones de la m\u00e1quina de briquetas se pueden ampliar enormemente al reemplazar los moldes de diferentes formas, los cuales son muy populares entre los usuarios.<\/p>    <figure class=\"wp-block-gallery has-nested-images columns-default is-cropped wp-block-gallery-5 is-layout-flex wp-block-gallery-is-layout-flex\"> <figure class=\"wp-block-image size-full\"><img loading=\"lazy\" decoding=\"async\" width=\"720\" height=\"540\" data-id=\"2234\" src=\"https:\/\/bestcharcoalmachine.com\/wp-content\/uploads\/2021\/11\/working-scene.jpg\" alt=\"escena de trabajo\" class=\"wp-image-2234\" srcset=\"https:\/\/bestcharcoalmachine.com\/wp-content\/uploads\/2021\/11\/working-scene.jpg 720w, https:\/\/bestcharcoalmachine.com\/wp-content\/uploads\/2021\/11\/working-scene-300x225.jpg 300w\" sizes=\"auto, (max-width: 720px) 100vw, 720px\" \/><figcaption class=\"wp-element-caption\">escena de trabajo<\/figcaption><\/figure>    <figure class=\"wp-block-image size-large\"><img decoding=\"async\" data-id=\"1496\" src=\"https:\/\/bestcharcoalmachine.com\/wp-content\/uploads\/2021\/12\/coal-briquette-machine.jpg\" alt=\"m\u00e1quina de briquetas de carb\u00f3n\" class=\"wp-image-1496\"\/><figcaption class=\"wp-element-caption\">m\u00e1quina de briquetas de carb\u00f3n<\/figcaption><\/figure> <\/figure>    <h3 class=\"wp-block-heading\">M\u00e1quina de prensa de bolas de carb\u00f3n<\/h3>    <p class=\"translation-block\">La <a href=\"https:\/\/bestcharcoalmachine.com\/es\/charcoal-briquette-machine\/charcoal-ball-press-machine\/\">m\u00e1quina de prensado de bolas de carb\u00f3n<\/a> es un equipo de formaci\u00f3n que presiona materiales en polvo en diferentes formas. Las formas m\u00e1s comunes de los moldes son tipo almohada, tipo barra, redondas, etc. WOOD machinery puede proporcionar tipos personalizados seg\u00fan su demanda. Tambi\u00e9n podemos hacer bolas de carb\u00f3n con letras usando moldes especiales.<\/p>    <figure class=\"wp-block-gallery has-nested-images columns-default is-cropped wp-block-gallery-6 is-layout-flex wp-block-gallery-is-layout-flex\"> <figure class=\"wp-block-image size-large\"><img loading=\"lazy\" decoding=\"async\" width=\"720\" height=\"540\" data-id=\"2782\" src=\"https:\/\/bestcharcoalmachine.com\/wp-content\/uploads\/2021\/12\/charcoal-ball-press-machine-1.jpg\" alt=\"m\u00e1quina de prensa de bolas de carb\u00f3n\" class=\"wp-image-2782\"\/><figcaption class=\"wp-element-caption\">m\u00e1quina de prensa de bolas de carb\u00f3n<\/figcaption><\/figure>    <figure class=\"wp-block-image size-large\"><img loading=\"lazy\" decoding=\"async\" width=\"720\" height=\"540\" data-id=\"2421\" src=\"https:\/\/bestcharcoalmachine.com\/wp-content\/uploads\/2022\/01\/charcoal-ball-press-machines-in-our-plant.jpg\" alt=\"M\u00e1quinas de prensa de bolas de carb\u00f3n en nuestra planta.\" class=\"wp-image-2421\"\/><figcaption class=\"wp-element-caption\">M\u00e1quinas de prensa de bolas de carb\u00f3n en nuestra planta.<\/figcaption><\/figure> <\/figure>    <h3 class=\"wp-block-heading\" id=\"h-drying-equipment\">Equipo de secado<\/h3>    <p class=\"translation-block\">La <a href=\"https:\/\/bestcharcoalmachine.com\/es\/product\/box-type-charcoal-dryer\/\">c\u00e1mara de secado de carb\u00f3n <\/a>es la m\u00e1quina m\u00e1s utilizada para secar carb\u00f3n, adecuada para secar bolas de carb\u00f3n, palos de carb\u00f3n, briquetas de carb\u00f3n en panal, etc. WOOD machinery tambi\u00e9n proporciona <a href=\"https:\/\/bestcharcoalmachine.com\/es\/product\/mesh-belt-dryer\/\">secadores de cinta de malla<\/a>, que son adecuados para secar briquetas con dureza relativamente alta. El contenido de humedad del producto terminado despu\u00e9s del secado es de aproximadamente 3%-5%.<\/p>    <figure class=\"wp-block-gallery has-nested-images columns-default is-cropped wp-block-gallery-7 is-layout-flex wp-block-gallery-is-layout-flex\"> <figure class=\"wp-block-image size-large\"><img loading=\"lazy\" decoding=\"async\" width=\"720\" height=\"540\" data-id=\"1813\" src=\"https:\/\/bestcharcoalmachine.com\/wp-content\/uploads\/2021\/12\/briquette-drying-machine.jpg\" alt=\"secadora-de-briquetas\" class=\"wp-image-1813\" srcset=\"https:\/\/bestcharcoalmachine.com\/wp-content\/uploads\/2021\/12\/briquette-drying-machine.jpg 720w, https:\/\/bestcharcoalmachine.com\/wp-content\/uploads\/2021\/12\/briquette-drying-machine-300x225.jpg 300w\" sizes=\"auto, (max-width: 720px) 100vw, 720px\" \/><figcaption class=\"wp-element-caption\">secadora-de-briquetas<\/figcaption><\/figure>    <figure class=\"wp-block-image size-large\"><img loading=\"lazy\" decoding=\"async\" width=\"720\" height=\"540\" data-id=\"2047\" src=\"https:\/\/bestcharcoalmachine.com\/wp-content\/uploads\/2021\/12\/mesh-belt-dryer-3.jpg\" alt=\"secador-de-cintur\u00f3n-de-malla\" class=\"wp-image-2047\" srcset=\"https:\/\/bestcharcoalmachine.com\/wp-content\/uploads\/2021\/12\/mesh-belt-dryer-3.jpg 720w, https:\/\/bestcharcoalmachine.com\/wp-content\/uploads\/2021\/12\/mesh-belt-dryer-3-300x225.jpg 300w\" sizes=\"auto, (max-width: 720px) 100vw, 720px\" \/><figcaption class=\"wp-element-caption\">secador-de-cintur\u00f3n-de-malla<\/figcaption><\/figure> <\/figure>    <h3 class=\"wp-block-heading\" id=\"h-coal-briquette-packing-machine\">M\u00e1quina envasadora de briquetas de carb\u00f3n<\/h3>    <p class=\"translation-block\">Si los clientes quieren empaquetar briquetas y briquetas, tenemos <a href=\"https:\/\/bestcharcoalmachine.com\/es\/briquettes-packing-machine\/charcoal-briquette-packing-machine-2\/\">m\u00e1quinas de empaquetado profesionales<\/a> que pueden elegir diferentes m\u00e9todos de empaquetado seg\u00fan las necesidades del cliente.<\/p>    <figure class=\"wp-block-gallery has-nested-images columns-default is-cropped wp-block-gallery-8 is-layout-flex wp-block-gallery-is-layout-flex\"> <figure class=\"wp-block-image size-large\"><img loading=\"lazy\" decoding=\"async\" width=\"720\" height=\"540\" data-id=\"2971\" src=\"https:\/\/bestcharcoalmachine.com\/wp-content\/uploads\/2022\/03\/packing-machine.jpg\" alt=\"\" class=\"wp-image-2971\"\/><\/figure>    <figure class=\"wp-block-image size-large\"><img loading=\"lazy\" decoding=\"async\" width=\"621\" height=\"454\" data-id=\"2991\" src=\"https:\/\/bestcharcoalmachine.com\/wp-content\/uploads\/2022\/03\/briquettes-edited-1.jpg\" alt=\"\" class=\"wp-image-2991\"\/><\/figure> <\/figure>    <h2 class=\"wp-block-heading\" id=\"h-advantages-of-coal-briquette-processing-plant\">Ventajas de la planta de procesamiento de briquetas de carb\u00f3n.<\/h2>    <ul class=\"wp-block-list\"> <li>Esta l\u00ednea de producci\u00f3n produce carb\u00f3n limpio con un alto grado de automatizaci\u00f3n, que es m\u00e1s eficiente que el carb\u00f3n tradicional hecho a mano y ahorra costos.<\/li>    <li>El carb\u00f3n limpio es respetuoso con el medio ambiente, puede reducir las emisiones de escape y es una medida importante para proteger el medio ambiente.<\/li>    <li>Las m\u00e1quinas de la l\u00ednea de producci\u00f3n se pueden combinar seg\u00fan las necesidades de los clientes. Entre ellas, existen varios tipos de m\u00e1quinas formadoras de briquetas de carb\u00f3n, que pueden fabricar bloques de carb\u00f3n de diferentes formas. Por lo tanto, esta l\u00ednea de producci\u00f3n es muy popular entre los clientes.<\/li> <\/ul>    <figure class=\"wp-block-image aligncenter size-full\"><img loading=\"lazy\" decoding=\"async\" width=\"720\" height=\"540\" src=\"https:\/\/bestcharcoalmachine.com\/wp-content\/uploads\/2021\/12\/coal-briquettes.jpg\" alt=\"\" class=\"wp-image-2987\"\/><figcaption class=\"wp-element-caption\">briquetas hechas a mano<\/figcaption><\/figure>    <h2 class=\"wp-block-heading\" id=\"h-coal-briquette-production-line-exported-to-romania\">L\u00ednea de producci\u00f3n de briquetas de carb\u00f3n exportada a Rumania<\/h2>    <p class=\"translation-block\">Recientemente, exportamos una l\u00ednea de producci\u00f3n completa para producir briquetas de carb\u00f3n <a href=\"https:\/\/bestcharcoalmachine.com\/es\/news\/coal-briquette-production-line-exported-to-romania\/\">a Rumania<\/a>. Un cliente de Rumania vio un video de nuestra m\u00e1quina de carb\u00f3n en YouTube, hizo clic para visitar nuestro canal y se alegr\u00f3 de ver la m\u00e1quina que quer\u00eda. Despu\u00e9s de comunicarnos con el cliente, confirmamos la demanda: el cliente necesita una m\u00e1quina WD-BP430 y equipos relacionados. El cliente tiene una planta de procesamiento de carb\u00f3n en Rumania, que siempre ha estado produciendo briquetas. Nuestro gerente de ventas le configur\u00f3 una l\u00ednea de producci\u00f3n, que incluye un pulverizador de carb\u00f3n, mezcladores de doble eje, una m\u00e1quina de briquetas de carb\u00f3n, una m\u00e1quina de empaquetado y dispositivos de transporte.<\/p>    <figure class=\"wp-block-gallery has-nested-images columns-default is-cropped wp-block-gallery-9 is-layout-flex wp-block-gallery-is-layout-flex\"> <figure class=\"wp-block-image size-large\"><img loading=\"lazy\" decoding=\"async\" width=\"720\" height=\"540\" data-id=\"2963\" src=\"https:\/\/bestcharcoalmachine.com\/wp-content\/uploads\/2022\/03\/coal-briquette-production-line-for-Romania1.jpg\" alt=\"L\u00ednea de producci\u00f3n de briquetas de carb\u00f3n para Rumania.\" class=\"wp-image-2963\"\/><figcaption class=\"wp-element-caption\">L\u00ednea de producci\u00f3n de briquetas de carb\u00f3n para Rumania.<\/figcaption><\/figure>    <figure class=\"wp-block-image size-large\"><img loading=\"lazy\" decoding=\"async\" width=\"720\" height=\"540\" data-id=\"2961\" src=\"https:\/\/bestcharcoalmachine.com\/wp-content\/uploads\/2022\/03\/Coal-briquette-production-line1.jpg\" alt=\"L\u00ednea de producci\u00f3n de briquetas de carb\u00f3n.\" class=\"wp-image-2961\"\/><figcaption class=\"wp-element-caption\">L\u00ednea de producci\u00f3n de briquetas de carb\u00f3n.<\/figcaption><\/figure> <\/figure>    <figure class=\"wp-block-gallery has-nested-images columns-default is-cropped wp-block-gallery-10 is-layout-flex wp-block-gallery-is-layout-flex\"> <figure class=\"wp-block-image size-large\"><img loading=\"lazy\" decoding=\"async\" width=\"720\" height=\"540\" data-id=\"2964\" src=\"https:\/\/bestcharcoalmachine.com\/wp-content\/uploads\/2022\/03\/coal-briquettes-making-machine.jpg\" alt=\"maquina para fabricar briquetas de carbon\" class=\"wp-image-2964\"\/><figcaption class=\"wp-element-caption\">maquina para fabricar briquetas de carbon<\/figcaption><\/figure>    <figure class=\"wp-block-image size-large\"><img loading=\"lazy\" decoding=\"async\" width=\"720\" height=\"540\" data-id=\"2966\" src=\"https:\/\/bestcharcoalmachine.com\/wp-content\/uploads\/2022\/03\/coal-powder-mixers.jpg\" alt=\"mezcladores de carb\u00f3n en polvo\" class=\"wp-image-2966\"\/><figcaption class=\"wp-element-caption\">mezcladores de carb\u00f3n en polvo<\/figcaption><\/figure> <\/figure>    <h2 class=\"wp-block-heading\" id=\"h-sales-service-of-coal-briquette-production-line\">Servicio de venta de l\u00ednea de producci\u00f3n de briquetas de carb\u00f3n.<\/h2>    <ul class=\"wp-block-list\"> <li>Servicio de preventa: brindarle planificaci\u00f3n de proyectos, dise\u00f1o de procesos y desarrollar un conjunto de equipos que se adapte a sus necesidades; dise\u00f1ar y fabricar la l\u00ednea de producci\u00f3n de briquetas de carb\u00f3n de acuerdo con sus necesidades especiales y brindar capacitaci\u00f3n para su operaci\u00f3n t\u00e9cnica.<\/li>    <li>Servicio de venta: equipos de producci\u00f3n precisos y acompa\u00f1ar a nuestro cliente para completar la aceptaci\u00f3n del equipo, ayudar en la preparaci\u00f3n del plan de instalaci\u00f3n y el proceso detallado.<\/li>    <li>Nuestra empresa enviar\u00e1 t\u00e9cnicos al sitio de los clientes para guiar la instalaci\u00f3n del equipo, poner en marcha la m\u00e1quina para fabricar briquetas de carb\u00f3n en producci\u00f3n normal y capacitar a los operadores para su uso y mantenimiento.<\/li> <\/ul>","protected":false},"excerpt":{"rendered":"<p>The rapid development of the mechanization of coal mining has created a space for us to develop coal briquette processing plant. Briquette equipment is the preferred investment project for energy conservation and emission reduction in the coal industry. Fine coal powder is not easy to transport and use as fuel, so the coal powder is [&hellip;]<\/p>\n","protected":false},"author":1,"featured_media":1869,"parent":0,"template":"","tags":[],"product-type":[52],"class_list":["post-3061","product","type-product","status-publish","has-post-thumbnail","hentry","product-type-product-line"],"_links":{"self":[{"href":"https:\/\/bestcharcoalmachine.com\/es\/wp-json\/wp\/v2\/product\/3061","targetHints":{"allow":["GET"]}}],"collection":[{"href":"https:\/\/bestcharcoalmachine.com\/es\/wp-json\/wp\/v2\/product"}],"about":[{"href":"https:\/\/bestcharcoalmachine.com\/es\/wp-json\/wp\/v2\/types\/product"}],"author":[{"embeddable":true,"href":"https:\/\/bestcharcoalmachine.com\/es\/wp-json\/wp\/v2\/users\/1"}],"wp:featuredmedia":[{"embeddable":true,"href":"https:\/\/bestcharcoalmachine.com\/es\/wp-json\/wp\/v2\/media\/1869"}],"wp:attachment":[{"href":"https:\/\/bestcharcoalmachine.com\/es\/wp-json\/wp\/v2\/media?parent=3061"}],"wp:term":[{"taxonomy":"post_tag","embeddable":true,"href":"https:\/\/bestcharcoalmachine.com\/es\/wp-json\/wp\/v2\/tags?post=3061"},{"taxonomy":"product-type","embeddable":true,"href":"https:\/\/bestcharcoalmachine.com\/es\/wp-json\/wp\/v2\/product-type?post=3061"}],"curies":[{"name":"wp","href":"https:\/\/api.w.org\/{rel}","templated":true}]}}