{"id":2857,"date":"2022-02-25T09:39:26","date_gmt":"2022-02-25T09:39:26","guid":{"rendered":"https:\/\/bestcharcoalmachine.com\/"},"modified":"2022-12-09T09:57:40","modified_gmt":"2022-12-09T01:57:40","slug":"wood-pallet-block-production-line","status":"publish","type":"product","link":"https:\/\/bestcharcoalmachine.com\/es\/product\/wood-pallet-block-production-line\/","title":{"rendered":"L\u00ednea de producci\u00f3n de bloques de paletas de madera | M\u00e1quina para fabricar ladrillos de aserr\u00edn"},"content":{"rendered":"<div class=\"kk-star-ratings kksr-auto kksr-align-left kksr-valign-top\"     data-payload='{&quot;align&quot;:&quot;left&quot;,&quot;id&quot;:&quot;2857&quot;,&quot;slug&quot;:&quot;default&quot;,&quot;valign&quot;:&quot;top&quot;,&quot;ignore&quot;:&quot;&quot;,&quot;reference&quot;:&quot;auto&quot;,&quot;class&quot;:&quot;&quot;,&quot;count&quot;:&quot;8&quot;,&quot;legendonly&quot;:&quot;&quot;,&quot;readonly&quot;:&quot;&quot;,&quot;score&quot;:&quot;4.6&quot;,&quot;starsonly&quot;:&quot;&quot;,&quot;best&quot;:&quot;5&quot;,&quot;gap&quot;:&quot;5&quot;,&quot;greet&quot;:&quot;Rate this product&quot;,&quot;legend&quot;:&quot;4.6\\\/5 - (8 votos)&quot;,&quot;size&quot;:&quot;24&quot;,&quot;title&quot;:&quot;Wood Pallet Block Production Line | Sawdust Brick Making Machine&quot;,&quot;width&quot;:&quot;130.9&quot;,&quot;_legend&quot;:&quot;{score}\\\/{best} - ({count} {votes})&quot;,&quot;font_factor&quot;:&quot;1.25&quot;}'>              <div class=\"kksr-stars\">      <div class=\"kksr-stars-inactive\">             <div class=\"kksr-star\" data-star=\"1\" style=\"padding-right: 5px\">               <div class=\"kksr-icon\" style=\"width: 24px; height: 24px;\"><\/div>         <\/div>             <div class=\"kksr-star\" data-star=\"2\" style=\"padding-right: 5px\">               <div class=\"kksr-icon\" style=\"width: 24px; height: 24px;\"><\/div>         <\/div>             <div class=\"kksr-star\" data-star=\"3\" style=\"padding-right: 5px\">               <div class=\"kksr-icon\" style=\"width: 24px; height: 24px;\"><\/div>         <\/div>             <div class=\"kksr-star\" data-star=\"4\" style=\"padding-right: 5px\">               <div class=\"kksr-icon\" style=\"width: 24px; height: 24px;\"><\/div>         <\/div>             <div class=\"kksr-star\" data-star=\"5\" style=\"padding-right: 5px\">               <div class=\"kksr-icon\" style=\"width: 24px; height: 24px;\"><\/div>         <\/div>     <\/div>      <div class=\"kksr-stars-active\" style=\"width: 130.9px;\">             <div class=\"kksr-star\" style=\"padding-right: 5px\">               <div class=\"kksr-icon\" style=\"width: 24px; height: 24px;\"><\/div>         <\/div>             <div class=\"kksr-star\" style=\"padding-right: 5px\">               <div class=\"kksr-icon\" style=\"width: 24px; height: 24px;\"><\/div>         <\/div>             <div class=\"kksr-star\" style=\"padding-right: 5px\">               <div class=\"kksr-icon\" style=\"width: 24px; height: 24px;\"><\/div>         <\/div>             <div class=\"kksr-star\" style=\"padding-right: 5px\">               <div class=\"kksr-icon\" style=\"width: 24px; height: 24px;\"><\/div>         <\/div>             <div class=\"kksr-star\" style=\"padding-right: 5px\">               <div class=\"kksr-icon\" style=\"width: 24px; height: 24px;\"><\/div>         <\/div>     <\/div> <\/div>                   <div class=\"kksr-legend\" style=\"font-size: 19.2px;\">             4,6\/5 - (8 votos)    <\/div>     <\/div>  <figure class=\"wp-block-image aligncenter size-full\"><img loading=\"lazy\" decoding=\"async\" width=\"720\" height=\"540\" src=\"https:\/\/bestcharcoalmachine.com\/wp-content\/uploads\/2022\/02\/Wood-Pallet-Block-Production-Line-1.jpg\" alt=\"L\u00ednea de producci\u00f3n de bloques de paletas de madera\" class=\"wp-image-2860\"\/><figcaption class=\"wp-element-caption\">L\u00ednea de producci\u00f3n de bloques de paletas de madera<\/figcaption><\/figure>    <p>La l\u00ednea de producci\u00f3n de bloques para paletas de madera utiliza aserr\u00edn, virutas, paja y otros materiales de desecho como materia prima. Despu\u00e9s de triturar, secar y mezclar el pegamento, se calienta y presuriza mediante una m\u00e1quina de fabricaci\u00f3n de ladrillos de aserr\u00edn para producir bloques de patas de paleta. El bloque de paleta de madera formado por alta temperatura y alta presi\u00f3n tiene una apariencia suave y plana, alta dureza y precio favorable. Es un producto ideal para fabricar pies de palets de madera. El tama\u00f1o de la m\u00e1quina para fabricar briquetas de madera se puede personalizar seg\u00fan las necesidades del cliente y tambi\u00e9n se puede ajustar la presi\u00f3n y densidad del bloque de madera.<\/p>    <h2 class=\"wp-block-heading\" id=\"h-raw-materials-of-wood-pallet-block-production-line\">Materias primas de la l\u00ednea de producci\u00f3n de bloques de paletas de madera.<\/h2>    <p>Las materias primas de la l\u00ednea de producci\u00f3n de ladrillos de aserr\u00edn son muy amplias e incluyen principalmente astillas de madera, virutas, paja, etc. Estas materias primas son generalmente restos de f\u00e1bricas de muebles y f\u00e1bricas de procesamiento de madera, que son de bajo costo y f\u00e1ciles de recolectar. Estas materias primas deben asegurarse de que el tama\u00f1o sea de 6 a 8 mm. Si no est\u00e1n satisfechos, se deben pulverizar con un pulverizador. El grado de secado requiere que el contenido de humedad sea inferior a 12%, que puede procesarse con una secadora.<\/p>    <figure class=\"wp-block-gallery has-nested-images columns-default is-cropped wp-block-gallery-2 is-layout-flex wp-block-gallery-is-layout-flex\"> <figure class=\"wp-block-image size-large\"><img loading=\"lazy\" decoding=\"async\" width=\"720\" height=\"540\" data-id=\"2864\" src=\"https:\/\/bestcharcoalmachine.com\/wp-content\/uploads\/2022\/02\/wood-shavings-1.jpg\" alt=\"virutas de madera\" class=\"wp-image-2864\"\/><figcaption class=\"wp-element-caption\">virutas de madera<\/figcaption><\/figure>    <figure class=\"wp-block-image size-large\"><img loading=\"lazy\" decoding=\"async\" width=\"720\" height=\"540\" data-id=\"2865\" src=\"https:\/\/bestcharcoalmachine.com\/wp-content\/uploads\/2022\/02\/wood-chips.jpg\" alt=\"astillas de madera\" class=\"wp-image-2865\"\/><figcaption class=\"wp-element-caption\">astillas de madera<\/figcaption><\/figure> <\/figure>    <h2 class=\"wp-block-heading\">Pasos principales en la l\u00ednea de producci\u00f3n de ladrillos de madera.<\/h2>    <p>Hay principalmente cuatro pasos en la l\u00ednea de producci\u00f3n de bloques para paletas de madera, a continuaci\u00f3n se detallan los equipos y requisitos espec\u00edficos.<\/p>    <div class=\"wp-block-media-text is-stacked-on-mobile\"><figure class=\"wp-block-media-text__media\"><img loading=\"lazy\" decoding=\"async\" width=\"720\" height=\"540\" src=\"https:\/\/bestcharcoalmachine.com\/wp-content\/uploads\/2021\/11\/wood-hammer-mill.jpg\" alt=\"molino de martillos para madera\" class=\"wp-image-2221 size-full\" srcset=\"https:\/\/bestcharcoalmachine.com\/wp-content\/uploads\/2021\/11\/wood-hammer-mill.jpg 720w, https:\/\/bestcharcoalmachine.com\/wp-content\/uploads\/2021\/11\/wood-hammer-mill-300x225.jpg 300w\" sizes=\"auto, (max-width: 720px) 100vw, 720px\" \/><\/figure><div class=\"wp-block-media-text__content\"> <h3 class=\"wp-block-heading\">Paso 1: Pulverizaci\u00f3n (trituradora de martillos de madera)<\/h3>    <p class=\"translation-block\">Para asegurar la dureza y suavidad del bloque de madera despu\u00e9s de la formaci\u00f3n, cuando el tama\u00f1o de la materia prima es mayor a 8 mm, se requiere un <a href=\"https:\/\/bestcharcoalmachine.com\/es\/wood-working-equipment\/hammer-mill\/\">pulverizador<\/a> para pulverizar las virutas o astillas de madera a 6-8 mm.<\/p> <\/div><\/div>    <div class=\"wp-block-media-text is-stacked-on-mobile\"><figure class=\"wp-block-media-text__media\"><img loading=\"lazy\" decoding=\"async\" width=\"720\" height=\"540\" src=\"https:\/\/bestcharcoalmachine.com\/wp-content\/uploads\/2021\/11\/Industry-biomass-rotary-dryer.jpg\" alt=\"Secador rotativo de biomasa industrial\" class=\"wp-image-2250 size-full\" srcset=\"https:\/\/bestcharcoalmachine.com\/wp-content\/uploads\/2021\/11\/Industry-biomass-rotary-dryer.jpg 720w, https:\/\/bestcharcoalmachine.com\/wp-content\/uploads\/2021\/11\/Industry-biomass-rotary-dryer-300x225.jpg 300w\" sizes=\"auto, (max-width: 720px) 100vw, 720px\" \/><\/figure><div class=\"wp-block-media-text__content\"> <h3 class=\"wp-block-heading\">Paso 2: Secado (secador rotativo de biomasa)<\/h3>    <p class=\"translation-block\">Las virutas de madera pulverizadas deben ser secadas adicionalmente por un <a href=\"https:\/\/bestcharcoalmachine.com\/es\/drying-machine\/industry-biomass-rotary-dryer\/\">secador rotatorio de biomasa<\/a> dise\u00f1ado espec\u00edficamente para secar virutas de madera, y las virutas de madera con un contenido de humedad inferior al 12% pueden ser procesadas en el siguiente paso.<\/p> <\/div><\/div>    <div class=\"wp-block-media-text is-stacked-on-mobile\"><figure class=\"wp-block-media-text__media\"><img loading=\"lazy\" decoding=\"async\" width=\"720\" height=\"540\" src=\"https:\/\/bestcharcoalmachine.com\/wp-content\/uploads\/2022\/02\/mixing-machine1.jpg\" alt=\"maquina mezcladora\" class=\"wp-image-2861 size-full\"\/><\/figure><div class=\"wp-block-media-text__content\"> <h3 class=\"wp-block-heading\">Paso 3: Pegado (M\u00e1quina mezcladora de pegamento)<\/h3>    <p>Mezcle el pegamento especial que representa 16-20% de las materias primas con las astillas de madera seca y use una mezcladora de pegamento para mezclarlas bien. Este paso aumentar\u00e1 la viscosidad de las materias primas y facilitar\u00e1 el moldeo posterior.<\/p> <\/div><\/div>    <div class=\"wp-block-media-text is-stacked-on-mobile\"><figure class=\"wp-block-media-text__media\"><img loading=\"lazy\" decoding=\"async\" width=\"720\" height=\"540\" src=\"https:\/\/bestcharcoalmachine.com\/wp-content\/uploads\/2022\/02\/wood-block-machine1-2.jpg\" alt=\"m\u00e1quina de bloques de madera\" class=\"wp-image-2863 size-full\"\/><\/figure><div class=\"wp-block-media-text__content\"> <h2 class=\"wp-block-heading\">Paso 4: Formaci\u00f3n (m\u00e1quina para fabricar briquetas de madera)<\/h2>    <p class=\"translation-block\">Este es el paso m\u00e1s importante de toda la l\u00ednea de producci\u00f3n. Las materias primas mezcladas se vierten en la <a href=\"https:\/\/bestcharcoalmachine.com\/es\/product\/wood-block-machine\/attachment\/wood-block-machine\/\">m\u00e1quina para hacer ladrillos de aserr\u00edn<\/a>, y el aserr\u00edn se presiona en varillas de madera mediante alta temperatura y alta presi\u00f3n. <\/p>    <p>Estas barras tienen alta densidad y alta dureza. Despu\u00e9s del corte, se pueden utilizar como pilares para paletas de madera.<\/p> <\/div><\/div>    <h2 class=\"wp-block-heading\">Aplicaci\u00f3n de la m\u00e1quina para fabricar ladrillos de aserr\u00edn <\/h2>    <p>Los bloques de paletas de madera se utilizan principalmente como parte importante de paletas y cajas de embalaje libres de fumigaci\u00f3n. Es muy popular entre los clientes debido a su resistencia y las caracter\u00edsticas de reemplazo de troncos y su hermosa apariencia.<\/p>    <p>Los brisks elaborados en esta l\u00ednea de producci\u00f3n est\u00e1n libres de fumigaci\u00f3n, los cuales tienen un precio menor que los bloques de madera maciza. El proceso es sencillo y s\u00f3lo incluye cuatro equipos de gran rendimiento. El color de los bloques de madera es similar al color del panel. La l\u00ednea de producci\u00f3n de bloques para paletas utiliza materias primas de desecho para ahorrar recursos forestales. Debido a su excelente ventaja de precio y caracter\u00edsticas de protecci\u00f3n ambiental, ha sido valorado por la industria del embalaje.<\/p>    <figure class=\"wp-block-image aligncenter size-full\"><img loading=\"lazy\" decoding=\"async\" width=\"720\" height=\"540\" src=\"https:\/\/bestcharcoalmachine.com\/wp-content\/uploads\/2022\/02\/Sawdust-brick-making-machine-application1.jpg\" alt=\"Aplicaci\u00f3n de la m\u00e1quina para fabricar ladrillos de aserr\u00edn.\" class=\"wp-image-2873\"\/><\/figure>    <figure class=\"wp-block-image aligncenter size-full\"><img loading=\"lazy\" decoding=\"async\" width=\"720\" height=\"540\" src=\"https:\/\/bestcharcoalmachine.com\/wp-content\/uploads\/2022\/02\/Sawdust-brick.jpg\" alt=\"aplicaci\u00f3n de ladrillos de aserr\u00edn\" class=\"wp-image-2866\"\/><figcaption class=\"wp-element-caption\">aplicaci\u00f3n de ladrillos de aserr\u00edn<\/figcaption><\/figure>    <h2 class=\"wp-block-heading\">Ventajas de la l\u00ednea de producci\u00f3n de bloques de paletas de madera.<\/h2>    <p>1. Podemos ofrecer diferentes tipos de dispositivos de corte para la m\u00e1quina fabricadora de briquetas de madera seg\u00fan las demandas de los clientes. <\/p>    <div class=\"wp-block-media-text is-stacked-on-mobile\"><figure class=\"wp-block-media-text__media\"><img loading=\"lazy\" decoding=\"async\" width=\"720\" height=\"540\" src=\"https:\/\/bestcharcoalmachine.com\/wp-content\/uploads\/2022\/02\/block-cutting-machine1.jpg\" alt=\"m\u00e1quina cortadora de bloques\" class=\"wp-image-2871 size-full\"\/><\/figure><div class=\"wp-block-media-text__content\"> <p>La sierra de hojas m\u00faltiples puede cortar palos de madera del mismo tama\u00f1o al mismo tiempo, con una alta eficiencia de corte y una gran carga de trabajo, lo cual es m\u00e1s adecuado para plantas de procesamiento a gran escala.<\/p> <\/div><\/div>    <div class=\"wp-block-media-text has-media-on-the-right is-stacked-on-mobile\"><div class=\"wp-block-media-text__content\"> <p>La sierra de doble hoja tiene dos hojas afiladas, que tienen una gran capacidad de corte y pueden cortar madera con bordes lisos. Es la mejor opci\u00f3n para procesadores de palets peque\u00f1os a un precio asequible.<\/p> <\/div><figure class=\"wp-block-media-text__media\"><img loading=\"lazy\" decoding=\"async\" width=\"720\" height=\"540\" src=\"https:\/\/bestcharcoalmachine.com\/wp-content\/uploads\/2022\/02\/cutting-machine1.jpg\" alt=\"maquina de cortar\" class=\"wp-image-2872 size-full\"\/><\/figure><\/div>    <p>2. Una m\u00e1quina mezcladora de pegamento puede soportar las materias primas de dos m\u00e1quinas para fabricar ladrillos de aserr\u00edn, y la planta de procesamiento puede utilizar varias m\u00e1quinas para trabajar al mismo tiempo de acuerdo con su propia producci\u00f3n. De esta manera, la planta puede mejorar el volumen de producci\u00f3n y la eficiencia de la producci\u00f3n.<\/p>    <figure class=\"wp-block-image aligncenter size-full\"><img loading=\"lazy\" decoding=\"async\" width=\"720\" height=\"540\" src=\"https:\/\/bestcharcoalmachine.com\/wp-content\/uploads\/2022\/02\/multiple-machines-working-together.jpg\" alt=\"varias m\u00e1quinas trabajando juntas\" class=\"wp-image-2875\"\/><figcaption class=\"wp-element-caption\">varias m\u00e1quinas trabajando juntas<\/figcaption><\/figure>    <h2 class=\"wp-block-heading\">Carga y entrega de l\u00ednea de producci\u00f3n de ladrillos de aserr\u00edn. <\/h2>    <p class=\"translation-block\">Nuestro cliente indonesio es un <a href=\"https:\/\/en.wikipedia.org\/wiki\/Pallet\" target=\"_blank\" rel=\"noopener\">fabricante de palets de madera<\/a>, y tambi\u00e9n es un ecologista. Los recursos forestales son ricos en su pa\u00eds, pero no eligi\u00f3 palets de madera maciza, sino que utiliz\u00f3 astillas de madera recicladas como materias primas.<\/p>    <p>Despu\u00e9s de investigar a fondo nuestra Despu\u00e9s de construir la f\u00e1brica, decidi\u00f3 invertir en una l\u00ednea de producci\u00f3n de briquetas de madera respetuosa con el medio ambiente. La producci\u00f3n de la m\u00e1quina productora de aserr\u00edn es de 4-5 m3\/24h. Nos dijo que estos pal\u00e9s de madera a\u00fan se pueden reciclar y reutilizar una vez desgastados.<\/p>    <figure class=\"wp-block-gallery has-nested-images columns-default is-cropped wp-block-gallery-3 is-layout-flex wp-block-gallery-is-layout-flex\"> <figure class=\"wp-block-image size-large\"><img loading=\"lazy\" decoding=\"async\" width=\"720\" height=\"540\" data-id=\"2867\" src=\"https:\/\/bestcharcoalmachine.com\/wp-content\/uploads\/2022\/02\/high-quality-pallet-block-machine-for-exporting1.jpg\" alt=\"m\u00e1quina bloquera de paletas de alta calidad para exportar\" class=\"wp-image-2867\"\/><figcaption class=\"wp-element-caption\">m\u00e1quina bloquera de paletas de alta calidad para exportar<\/figcaption><\/figure>    <figure class=\"wp-block-image size-large\"><img loading=\"lazy\" decoding=\"async\" width=\"720\" height=\"540\" data-id=\"2868\" src=\"https:\/\/bestcharcoalmachine.com\/wp-content\/uploads\/2022\/02\/loading-2.jpg\" alt=\"entrega de la m\u00e1quina para fabricar ladrillos de aserr\u00edn\" class=\"wp-image-2868\"\/><figcaption class=\"wp-element-caption\">Entrega de la l\u00ednea de producci\u00f3n de bloques de paletas de madera<\/figcaption><\/figure> <\/figure>    <figure class=\"wp-block-gallery has-nested-images columns-default is-cropped wp-block-gallery-4 is-layout-flex wp-block-gallery-is-layout-flex\"> <figure class=\"wp-block-image size-large\"><img loading=\"lazy\" decoding=\"async\" width=\"720\" height=\"540\" data-id=\"2869\" src=\"https:\/\/bestcharcoalmachine.com\/wp-content\/uploads\/2022\/02\/wood-briquette-production-line.jpg\" alt=\"\" class=\"wp-image-2869\"\/><figcaption class=\"wp-element-caption\">l\u00ednea de producci\u00f3n de briquetas de madera<\/figcaption><\/figure>    <figure class=\"wp-block-image size-large\"><img loading=\"lazy\" decoding=\"async\" width=\"720\" height=\"540\" data-id=\"2870\" src=\"https:\/\/bestcharcoalmachine.com\/wp-content\/uploads\/2022\/02\/loading-of.jpg\" alt=\"Carga de la l\u00ednea de producci\u00f3n de bloques de paletas de madera.\" class=\"wp-image-2870\"\/><figcaption class=\"wp-element-caption\">Carga de la l\u00ednea de producci\u00f3n de bloques de paletas de madera.<\/figcaption><\/figure> <\/figure>    <h2 class=\"wp-block-heading\" id=\"h-factory-stove-of-wood-briquette-making-machines\">Estufa de f\u00e1brica de m\u00e1quinas para fabricar briquetas de madera. <\/h2>    <p>Tenemos suficientes m\u00e1quinas en stock, si est\u00e1 interesado, bienvenido a consultar la l\u00ednea de producci\u00f3n de bloques para paletas de madera, nuestro gerente de ventas y centro tecnol\u00f3gico dise\u00f1ar\u00e1n y le proporcionar\u00e1n la l\u00ednea de producci\u00f3n m\u00e1s adecuada para usted.<\/p>    <figure class=\"wp-block-gallery has-nested-images columns-default is-cropped wp-block-gallery-5 is-layout-flex wp-block-gallery-is-layout-flex\"> <figure class=\"wp-block-image size-large\"><img loading=\"lazy\" decoding=\"async\" width=\"720\" height=\"540\" data-id=\"2877\" src=\"https:\/\/bestcharcoalmachine.com\/wp-content\/uploads\/2022\/02\/wood-briquette-making-machines.jpg\" alt=\"maquinas para fabricar briquetas de madera\" class=\"wp-image-2877\"\/><figcaption class=\"wp-element-caption\">maquinas para fabricar briquetas de madera<\/figcaption><\/figure>    <figure class=\"wp-block-image size-large\"><img loading=\"lazy\" decoding=\"async\" width=\"720\" height=\"540\" data-id=\"2878\" src=\"https:\/\/bestcharcoalmachine.com\/wp-content\/uploads\/2022\/02\/factory-stove.jpg\" alt=\"estufa de fabrica\" class=\"wp-image-2878\"\/><figcaption class=\"wp-element-caption\">L\u00ednea de producci\u00f3n de bloques de paletas de madera.<\/figcaption><\/figure> <\/figure>","protected":false},"excerpt":{"rendered":"<p>The wood pallet block production line uses sawdust, shavings, straw, and other waste materials as raw materials. After crushing, drying, and mixing glue, it is heated and pressurized by a sawdust brick making machine to produce pallet foot blocks. The wooden pallet block formed by high temperature and high pressure has a smooth and flat [&hellip;]<\/p>\n","protected":false},"author":1,"featured_media":2860,"parent":0,"template":"","tags":[],"product-type":[52],"class_list":["post-2857","product","type-product","status-publish","has-post-thumbnail","hentry","product-type-product-line"],"_links":{"self":[{"href":"https:\/\/bestcharcoalmachine.com\/es\/wp-json\/wp\/v2\/product\/2857","targetHints":{"allow":["GET"]}}],"collection":[{"href":"https:\/\/bestcharcoalmachine.com\/es\/wp-json\/wp\/v2\/product"}],"about":[{"href":"https:\/\/bestcharcoalmachine.com\/es\/wp-json\/wp\/v2\/types\/product"}],"author":[{"embeddable":true,"href":"https:\/\/bestcharcoalmachine.com\/es\/wp-json\/wp\/v2\/users\/1"}],"wp:featuredmedia":[{"embeddable":true,"href":"https:\/\/bestcharcoalmachine.com\/es\/wp-json\/wp\/v2\/media\/2860"}],"wp:attachment":[{"href":"https:\/\/bestcharcoalmachine.com\/es\/wp-json\/wp\/v2\/media?parent=2857"}],"wp:term":[{"taxonomy":"post_tag","embeddable":true,"href":"https:\/\/bestcharcoalmachine.com\/es\/wp-json\/wp\/v2\/tags?post=2857"},{"taxonomy":"product-type","embeddable":true,"href":"https:\/\/bestcharcoalmachine.com\/es\/wp-json\/wp\/v2\/product-type?post=2857"}],"curies":[{"name":"wp","href":"https:\/\/api.w.org\/{rel}","templated":true}]}}