{"id":2708,"date":"2022-02-14T09:35:40","date_gmt":"2022-02-14T09:35:40","guid":{"rendered":"https:\/\/bestcharcoalmachine.com\/"},"modified":"2022-09-27T17:42:10","modified_gmt":"2022-09-27T09:42:10","slug":"wood-block-machine","status":"publish","type":"product","link":"https:\/\/bestcharcoalmachine.com\/es\/product\/wood-block-machine\/","title":{"rendered":"M\u00e1quina de bloques de madera | M\u00e1quina prensadora de bloques de paletas"},"content":{"rendered":"<div class=\"kk-star-ratings kksr-auto kksr-align-left kksr-valign-top\"     data-payload='{&quot;align&quot;:&quot;left&quot;,&quot;id&quot;:&quot;2708&quot;,&quot;slug&quot;:&quot;default&quot;,&quot;valign&quot;:&quot;top&quot;,&quot;ignore&quot;:&quot;&quot;,&quot;reference&quot;:&quot;auto&quot;,&quot;class&quot;:&quot;&quot;,&quot;count&quot;:&quot;5&quot;,&quot;legendonly&quot;:&quot;&quot;,&quot;readonly&quot;:&quot;&quot;,&quot;score&quot;:&quot;4.8&quot;,&quot;starsonly&quot;:&quot;&quot;,&quot;best&quot;:&quot;5&quot;,&quot;gap&quot;:&quot;5&quot;,&quot;greet&quot;:&quot;Rate this product&quot;,&quot;legend&quot;:&quot;4.8\\\/5 - (5 votos)&quot;,&quot;size&quot;:&quot;24&quot;,&quot;title&quot;:&quot;Wood Block Machine | Pallet Block Press Machine&quot;,&quot;width&quot;:&quot;136.7&quot;,&quot;_legend&quot;:&quot;{score}\\\/{best} - ({count} {votes})&quot;,&quot;font_factor&quot;:&quot;1.25&quot;}'>              <div class=\"kksr-stars\">      <div class=\"kksr-stars-inactive\">             <div class=\"kksr-star\" data-star=\"1\" style=\"padding-right: 5px\">               <div class=\"kksr-icon\" style=\"width: 24px; height: 24px;\"><\/div>         <\/div>             <div class=\"kksr-star\" data-star=\"2\" style=\"padding-right: 5px\">               <div class=\"kksr-icon\" style=\"width: 24px; height: 24px;\"><\/div>         <\/div>             <div class=\"kksr-star\" data-star=\"3\" style=\"padding-right: 5px\">               <div class=\"kksr-icon\" style=\"width: 24px; height: 24px;\"><\/div>         <\/div>             <div class=\"kksr-star\" data-star=\"4\" style=\"padding-right: 5px\">               <div class=\"kksr-icon\" style=\"width: 24px; height: 24px;\"><\/div>         <\/div>             <div class=\"kksr-star\" data-star=\"5\" style=\"padding-right: 5px\">               <div class=\"kksr-icon\" style=\"width: 24px; height: 24px;\"><\/div>         <\/div>     <\/div>      <div class=\"kksr-stars-active\" style=\"width: 136.7px;\">             <div class=\"kksr-star\" style=\"padding-right: 5px\">               <div class=\"kksr-icon\" style=\"width: 24px; height: 24px;\"><\/div>         <\/div>             <div class=\"kksr-star\" style=\"padding-right: 5px\">               <div class=\"kksr-icon\" style=\"width: 24px; height: 24px;\"><\/div>         <\/div>             <div class=\"kksr-star\" style=\"padding-right: 5px\">               <div class=\"kksr-icon\" style=\"width: 24px; height: 24px;\"><\/div>         <\/div>             <div class=\"kksr-star\" style=\"padding-right: 5px\">               <div class=\"kksr-icon\" style=\"width: 24px; height: 24px;\"><\/div>         <\/div>             <div class=\"kksr-star\" style=\"padding-right: 5px\">               <div class=\"kksr-icon\" style=\"width: 24px; height: 24px;\"><\/div>         <\/div>     <\/div> <\/div>                   <div class=\"kksr-legend\" style=\"font-size: 19.2px;\">             4,8\/5 - (5 votos)    <\/div>     <\/div>  <p>La m\u00e1quina para fabricar bloques de madera se utiliza principalmente para calentar y prensar astillas de madera para producir bloques de patas para paletas. Los bloques de madera resultantes tienen una apariencia lisa y plana y son ideales para hacer pilares y patas sobre paletas de madera. El equipo tiene una estructura simple y f\u00e1cil de operar. Nuestra m\u00e1quina para fabricar bloques de madera comprimida se puede personalizar en tama\u00f1o seg\u00fan las necesidades del cliente, y tambi\u00e9n se puede ajustar la presi\u00f3n y densidad de los bloques de madera. <\/p>    <figure class=\"wp-block-image aligncenter size-full\"><img loading=\"lazy\" decoding=\"async\" width=\"720\" height=\"540\" src=\"https:\/\/bestcharcoalmachine.com\/wp-content\/uploads\/2022\/02\/wood-block-making-machine1.jpg\" alt=\"m\u00e1quina para fabricar bloques de madera\" class=\"wp-image-2711\"\/><figcaption>m\u00e1quina de bloques de madera<\/figcaption><\/figure>    <figure class=\"wp-block-image aligncenter size-full\"><img loading=\"lazy\" decoding=\"async\" width=\"720\" height=\"540\" src=\"https:\/\/bestcharcoalmachine.com\/wp-content\/uploads\/2022\/02\/wood-block-machine1.jpg\" alt=\"m\u00e1quina de bloques de madera\" class=\"wp-image-2713\"\/><figcaption>m\u00e1quina de bloques de madera<\/figcaption><\/figure>    <h2 class=\"wp-block-heading\" id=\"raw-materials-of-wood-block-press-machine\">Materias primas de la m\u00e1quina prensadora de bloques de madera.<\/h2>    <p class=\"translation-block\">La m\u00e1quina de bloques de palets de madera utiliza virutas de madera, serr\u00edn y otros materiales como materias primas. Pero estas materias primas necesitan ser procesadas de antemano. Si el tama\u00f1o del serr\u00edn es superior a 8 mm, debe ser pulverizado por un<a href=\"https:\/\/bestcharcoalmachine.com\/es\/wood-working-equipment\/hammer-mill\/\"> pulverizador<\/a>. Si el contenido de humedad es superior al 12%, la humedad debe ser secada por un secador antes de proceder al siguiente paso. Para que la forma y la firmeza de las virutas de madera sean adecuadas, es necesario a\u00f1adir entre un 16% y un 20% de pegamento a las virutas de madera y mezclarlas bien con las virutas de madera. WOOD machinery ha dise\u00f1ado una <strong>l\u00ednea de producci\u00f3n de bloques de madera<\/strong> completa para usted para resolver el problema de la combinaci\u00f3n de m\u00e1quinas.<\/p>    <figure class=\"wp-block-gallery has-nested-images columns-default is-cropped wp-block-gallery-2 is-layout-flex wp-block-gallery-is-layout-flex\"> <figure class=\"wp-block-image size-large\"><img loading=\"lazy\" decoding=\"async\" width=\"720\" height=\"540\" data-id=\"2715\" src=\"https:\/\/bestcharcoalmachine.com\/wp-content\/uploads\/2022\/02\/wood-shavings.jpg\" alt=\"virutas de madera\" class=\"wp-image-2715\"\/><figcaption>virutas de madera<\/figcaption><\/figure>    <figure class=\"wp-block-image size-large\"><img loading=\"lazy\" decoding=\"async\" width=\"720\" height=\"540\" data-id=\"2716\" src=\"https:\/\/bestcharcoalmachine.com\/wp-content\/uploads\/2022\/02\/sawdust.jpg\" alt=\"serr\u00edn\" class=\"wp-image-2716\"\/><figcaption>serr\u00edn<\/figcaption><\/figure> <\/figure>    <h2 class=\"wp-block-heading\" id=\"h-structure-of-wood-block-making-machine\">Estructura de la m\u00e1quina para fabricar bloques de madera.<\/h2>    <div class=\"wp-block-media-text is-stacked-on-mobile\"><figure class=\"wp-block-media-text__media\"><img loading=\"lazy\" decoding=\"async\" width=\"720\" height=\"540\" src=\"https:\/\/bestcharcoalmachine.com\/wp-content\/uploads\/2022\/02\/feeding-inlet.jpg\" alt=\"entrada de alimentaci\u00f3n\" class=\"wp-image-2717 size-full\"\/><\/figure><div class=\"wp-block-media-text__content\"> <p id=\"large-feeding-port-is-convenient-for-feeding\">El puerto de alimentaci\u00f3n grande es conveniente para la alimentaci\u00f3n.<\/p> <\/div><\/div>    <div class=\"wp-block-media-text has-media-on-the-right is-stacked-on-mobile\"><figure class=\"wp-block-media-text__media\"><img loading=\"lazy\" decoding=\"async\" width=\"720\" height=\"540\" src=\"https:\/\/bestcharcoalmachine.com\/wp-content\/uploads\/2022\/02\/stiring-device.jpg\" alt=\"dispositivo de agitaci\u00f3n\" class=\"wp-image-2719 size-full\"\/><\/figure><div class=\"wp-block-media-text__content\"> <p id=\"the-stirring-device-makes-the-material-more-uniform-and-the-feeding-is-smoother\">El dispositivo de agitaci\u00f3n hace que el material sea m\u00e1s uniforme y la alimentaci\u00f3n sea m\u00e1s suave.<\/p> <\/div><\/div>    <div class=\"wp-block-media-text is-stacked-on-mobile\"><figure class=\"wp-block-media-text__media\"><img loading=\"lazy\" decoding=\"async\" width=\"720\" height=\"540\" src=\"https:\/\/bestcharcoalmachine.com\/wp-content\/uploads\/2022\/02\/Hydraulic-steel-rods.jpg\" alt=\"Varillas de acero hidr\u00e1ulicas\" class=\"wp-image-2723 size-full\"\/><\/figure><div class=\"wp-block-media-text__content\"> <p id=\"using-a-hydraulic-drive-system-instead-of-traditional-screw-propulsion-makes-the-machine-is-more-durable\">El uso de un sistema de accionamiento hidr\u00e1ulico en lugar de la propulsi\u00f3n tradicional por tornillo hace que la m\u00e1quina para fabricar bloques de madera sea m\u00e1s duradera.<\/p> <\/div><\/div>    <div class=\"wp-block-media-text has-media-on-the-right is-stacked-on-mobile\"><figure class=\"wp-block-media-text__media\"><img loading=\"lazy\" decoding=\"async\" width=\"720\" height=\"540\" src=\"https:\/\/bestcharcoalmachine.com\/wp-content\/uploads\/2022\/02\/motor.jpg\" alt=\"motor\" class=\"wp-image-2724 size-full\"\/><\/figure><div class=\"wp-block-media-text__content\"> <p id=\"the-motor-rotates-fast-which-will-help-the-wood-pallet-block-machine-runs-smoothly\">El motor gira r\u00e1pido, lo que ayudar\u00e1 a que la m\u00e1quina bloquera de paletas de madera funcione sin problemas.<\/p> <\/div><\/div>    <div class=\"wp-block-media-text is-stacked-on-mobile\"><figure class=\"wp-block-media-text__media\"><img loading=\"lazy\" decoding=\"async\" width=\"720\" height=\"540\" src=\"https:\/\/bestcharcoalmachine.com\/wp-content\/uploads\/2022\/02\/Export-of-wooden-sticks.jpg\" alt=\"Exportaci\u00f3n de palos de madera.\" class=\"wp-image-2725 size-full\"\/><\/figure><div class=\"wp-block-media-text__content\"> <p id=\"the-discharge-port-is-sturdy-and-durable-and-the-size-can-be-customized\">El puerto de descarga es resistente y duradero y el tama\u00f1o se puede personalizar.<\/p> <\/div><\/div>    <h2 class=\"wp-block-heading\" id=\"h-advantages-of-pallet-block-press-machine\">Ventajas de la m\u00e1quina prensadora de bloques de paletas<\/h2>    <ul class=\"wp-block-list\"><li>La mayor\u00eda de las materias primas son desechos y desechos del proceso de procesamiento de la madera, por lo que la estera final para pal\u00e9s es un producto respetuoso con el medio ambiente. En consonancia con el concepto de desarrollo sostenible, tiene amplias perspectivas de mercado.<\/li><li>Los bloques de madera producidos por la m\u00e1quina prensadora de bloques de madera tienen una superficie lisa, resistente al agua y no se agrietan f\u00e1cilmente.<\/li><li>La m\u00e1quina prensadora de bloques de paletas tiene una estructura simple y es f\u00e1cil de operar. Las astillas de madera se extruyen a alta temperatura y luego se descargan inmediatamente. Los trabajadores pueden producir bloques de madera ideales despu\u00e9s de una sencilla formaci\u00f3n.<\/li><\/ul>    <h2 class=\"wp-block-heading\" id=\"h-parameters-of-wood-block-machine\">Par\u00e1metros de la m\u00e1quina bloquera de madera.<\/h2>    <figure class=\"wp-block-table\"><table><tbody><tr><td>Modelo<\/td><td>WD-WB100<\/td><\/tr><tr><td>Poder total<\/td><td>15kW<\/td><\/tr><tr><td>Capacidad<\/td><td>4-5m3\/24h<\/td><\/tr><tr><td>Densidad de bloques<\/td><td>550-600kg\/m3<\/td><\/tr><tr><td>Dimensi\u00f3n<\/td><td>4800*760*1300mm<\/td><\/tr><tr><td>Peso<\/td><td>1200 kilos<\/td><\/tr><\/tbody><\/table><\/figure>    <p>La producci\u00f3n espec\u00edfica ser\u00e1 ligeramente diferente seg\u00fan las diferentes materias primas.<\/p>    <h2 class=\"wp-block-heading\" id=\"h-video-of-pallet-block-press-machine\">V\u00eddeo de la m\u00e1quina prensadora de bloques de palets.<\/h2>    <figure class=\"wp-block-embed is-type-video is-provider-youtube wp-block-embed-youtube wp-embed-aspect-16-9 wp-has-aspect-ratio\"><div class=\"wp-block-embed__wrapper\"> <iframe loading=\"lazy\" title=\"Venta de m\u00e1quina para fabricar bloques de paletas de madera | C\u00f3mo producir bloques de palets f\u00e1cilmente\" width=\"500\" height=\"281\" src=\"https:\/\/www.youtube.com\/embed\/OB51cbHmHU4?start=9&#038;feature=oembed\" frameborder=\"0\" allow=\"accelerometer; autoplay; clipboard-write; encrypted-media; gyroscope; picture-in-picture; web-share\" referrerpolicy=\"strict-origin-when-cross-origin\" allowfullscreen><\/iframe> <\/div><\/figure>    <h2 class=\"wp-block-heading\" id=\"h-application-of-wood-block-machine\">Aplicaci\u00f3n de la m\u00e1quina de bloques de madera.<\/h2>    <figure class=\"wp-block-gallery has-nested-images columns-default is-cropped wp-block-gallery-3 is-layout-flex wp-block-gallery-is-layout-flex\"> <figure class=\"wp-block-image size-large\"><img loading=\"lazy\" decoding=\"async\" width=\"720\" height=\"540\" data-id=\"2733\" src=\"https:\/\/bestcharcoalmachine.com\/wp-content\/uploads\/2022\/02\/product1.jpg\" alt=\"producto\" class=\"wp-image-2733\"\/><figcaption>producto<\/figcaption><\/figure>    <figure class=\"wp-block-image size-large\"><img loading=\"lazy\" decoding=\"async\" width=\"720\" height=\"540\" data-id=\"2735\" src=\"https:\/\/bestcharcoalmachine.com\/wp-content\/uploads\/2022\/02\/wood-pallets1.jpg\" alt=\"palets de madera\" class=\"wp-image-2735\"\/><figcaption>palets de madera<\/figcaption><\/figure> <\/figure>    <p>Los bloques para paletas de madera se utilizan principalmente en la industria del transporte y son una parte importante de las paletas de madera. Los pal\u00e9s de madera pueden desempe\u00f1ar un papel muy bueno en la protecci\u00f3n de los productos transportados y se utilizan ampliamente en el embalaje y procesamiento de pal\u00e9s de productos en log\u00edstica, maquinaria y electr\u00f3nica, materiales de construcci\u00f3n cer\u00e1micos, electrodom\u00e9sticos, instrumentos de precisi\u00f3n, miner\u00eda, acero, barcos y otras industrias. . Debido a la amplia aplicaci\u00f3n de los palets de madera, los bloques de palets de madera tambi\u00e9n son esenciales.<\/p>    <h2 class=\"wp-block-heading\" id=\"loading-and-delivery-of-wood-block-making-machine\">Carga y entrega de m\u00e1quina para fabricar bloques de madera.<\/h2>    <figure class=\"wp-block-gallery has-nested-images columns-default is-cropped wp-block-gallery-4 is-layout-flex wp-block-gallery-is-layout-flex\"> <figure class=\"wp-block-image size-large\"><img loading=\"lazy\" decoding=\"async\" width=\"720\" height=\"540\" data-id=\"2727\" src=\"https:\/\/bestcharcoalmachine.com\/wp-content\/uploads\/2022\/02\/wood.jpg\" alt=\"madera\" class=\"wp-image-2727\"\/><\/figure>    <figure class=\"wp-block-image size-large\"><img loading=\"lazy\" decoding=\"async\" width=\"720\" height=\"540\" data-id=\"2728\" src=\"https:\/\/bestcharcoalmachine.com\/wp-content\/uploads\/2022\/02\/wood-block-machine-1.jpg\" alt=\"m\u00e1quina de bloques de madera\" class=\"wp-image-2728\"\/><\/figure> <\/figure>    <figure class=\"wp-block-gallery has-nested-images columns-default is-cropped wp-block-gallery-5 is-layout-flex wp-block-gallery-is-layout-flex\"> <figure class=\"wp-block-image size-large\"><img loading=\"lazy\" decoding=\"async\" width=\"720\" height=\"540\" data-id=\"2729\" src=\"https:\/\/bestcharcoalmachine.com\/wp-content\/uploads\/2022\/02\/loading-1.jpg\" alt=\"\" class=\"wp-image-2729\"\/><figcaption>cargando<\/figcaption><\/figure>    <figure class=\"wp-block-image size-large\"><img loading=\"lazy\" decoding=\"async\" width=\"720\" height=\"540\" data-id=\"2730\" src=\"https:\/\/bestcharcoalmachine.com\/wp-content\/uploads\/2022\/02\/machine.jpg\" alt=\"m\u00e1quina\" class=\"wp-image-2730\"\/><figcaption>m\u00e1quina<\/figcaption><\/figure> <\/figure>","protected":false},"excerpt":{"rendered":"<p>The wood block machine is mainly used to heat and press wood chips to produce pallet foot blocks. The resulting wood blocks are smooth and flat in appearance and are ideal for making foot piers and legs on wooden pallets. The equipment is simple in structure, easy to operate. Our compressed wood block making machine [&hellip;]<\/p>\n","protected":false},"author":1,"featured_media":2710,"parent":0,"template":"","tags":[],"product-type":[50],"class_list":["post-2708","product","type-product","status-publish","has-post-thumbnail","hentry","product-type-biomass-briquette-machine"],"_links":{"self":[{"href":"https:\/\/bestcharcoalmachine.com\/es\/wp-json\/wp\/v2\/product\/2708","targetHints":{"allow":["GET"]}}],"collection":[{"href":"https:\/\/bestcharcoalmachine.com\/es\/wp-json\/wp\/v2\/product"}],"about":[{"href":"https:\/\/bestcharcoalmachine.com\/es\/wp-json\/wp\/v2\/types\/product"}],"author":[{"embeddable":true,"href":"https:\/\/bestcharcoalmachine.com\/es\/wp-json\/wp\/v2\/users\/1"}],"wp:featuredmedia":[{"embeddable":true,"href":"https:\/\/bestcharcoalmachine.com\/es\/wp-json\/wp\/v2\/media\/2710"}],"wp:attachment":[{"href":"https:\/\/bestcharcoalmachine.com\/es\/wp-json\/wp\/v2\/media?parent=2708"}],"wp:term":[{"taxonomy":"post_tag","embeddable":true,"href":"https:\/\/bestcharcoalmachine.com\/es\/wp-json\/wp\/v2\/tags?post=2708"},{"taxonomy":"product-type","embeddable":true,"href":"https:\/\/bestcharcoalmachine.com\/es\/wp-json\/wp\/v2\/product-type?post=2708"}],"curies":[{"name":"wp","href":"https:\/\/api.w.org\/{rel}","templated":true}]}}