{"id":2688,"date":"2022-02-11T09:18:40","date_gmt":"2022-02-11T09:18:40","guid":{"rendered":"https:\/\/bestcharcoalmachine.com\/"},"modified":"2023-02-09T11:44:51","modified_gmt":"2023-02-09T03:44:51","slug":"newest-charcoal-making-machine","status":"publish","type":"product","link":"https:\/\/bestcharcoalmachine.com\/es\/product\/newest-charcoal-making-machine\/","title":{"rendered":"La m\u00e1quina para fabricar carb\u00f3n m\u00e1s nueva | Horno de carbonizaci\u00f3n de c\u00e1scara de coco"},"content":{"rendered":"<div class=\"kk-star-ratings kksr-auto kksr-align-left kksr-valign-top\"     data-payload='{&quot;align&quot;:&quot;left&quot;,&quot;id&quot;:&quot;2688&quot;,&quot;slug&quot;:&quot;default&quot;,&quot;valign&quot;:&quot;top&quot;,&quot;ignore&quot;:&quot;&quot;,&quot;reference&quot;:&quot;auto&quot;,&quot;class&quot;:&quot;&quot;,&quot;count&quot;:&quot;26&quot;,&quot;legendonly&quot;:&quot;&quot;,&quot;readonly&quot;:&quot;&quot;,&quot;score&quot;:&quot;4.8&quot;,&quot;starsonly&quot;:&quot;&quot;,&quot;best&quot;:&quot;5&quot;,&quot;gap&quot;:&quot;5&quot;,&quot;greet&quot;:&quot;Rate this product&quot;,&quot;legend&quot;:&quot;4.8\\\/5 - (26 votos)&quot;,&quot;size&quot;:&quot;24&quot;,&quot;title&quot;:&quot;Newest Charcoal Making Machine | Coconut Shell Carbonization Furnace&quot;,&quot;width&quot;:&quot;136.7&quot;,&quot;_legend&quot;:&quot;{score}\\\/{best} - ({count} {votes})&quot;,&quot;font_factor&quot;:&quot;1.25&quot;}'>              <div class=\"kksr-stars\">      <div class=\"kksr-stars-inactive\">             <div class=\"kksr-star\" data-star=\"1\" style=\"padding-right: 5px\">               <div class=\"kksr-icon\" style=\"width: 24px; height: 24px;\"><\/div>         <\/div>             <div class=\"kksr-star\" data-star=\"2\" style=\"padding-right: 5px\">               <div class=\"kksr-icon\" style=\"width: 24px; height: 24px;\"><\/div>         <\/div>             <div class=\"kksr-star\" data-star=\"3\" style=\"padding-right: 5px\">               <div class=\"kksr-icon\" style=\"width: 24px; height: 24px;\"><\/div>         <\/div>             <div class=\"kksr-star\" data-star=\"4\" style=\"padding-right: 5px\">               <div class=\"kksr-icon\" style=\"width: 24px; height: 24px;\"><\/div>         <\/div>             <div class=\"kksr-star\" data-star=\"5\" style=\"padding-right: 5px\">               <div class=\"kksr-icon\" style=\"width: 24px; height: 24px;\"><\/div>         <\/div>     <\/div>      <div class=\"kksr-stars-active\" style=\"width: 136.7px;\">             <div class=\"kksr-star\" style=\"padding-right: 5px\">               <div class=\"kksr-icon\" style=\"width: 24px; height: 24px;\"><\/div>         <\/div>             <div class=\"kksr-star\" style=\"padding-right: 5px\">               <div class=\"kksr-icon\" style=\"width: 24px; height: 24px;\"><\/div>         <\/div>             <div class=\"kksr-star\" style=\"padding-right: 5px\">               <div class=\"kksr-icon\" style=\"width: 24px; height: 24px;\"><\/div>         <\/div>             <div class=\"kksr-star\" style=\"padding-right: 5px\">               <div class=\"kksr-icon\" style=\"width: 24px; height: 24px;\"><\/div>         <\/div>             <div class=\"kksr-star\" style=\"padding-right: 5px\">               <div class=\"kksr-icon\" style=\"width: 24px; height: 24px;\"><\/div>         <\/div>     <\/div> <\/div>                   <div class=\"kksr-legend\" style=\"font-size: 19.2px;\">             4,8\/5 - (26 votos)    <\/div>     <\/div>  <p class=\"translation-block\">La m\u00e1quina m\u00e1s nueva para hacer carb\u00f3n tambi\u00e9n se llama horno de carbonizaci\u00f3n de c\u00e1scaras de coco, que es un nuevo horno de carbonizaci\u00f3n ecol\u00f3gico lanzado por <a href=\"\/es\/\">WOOD machinery<\/a>. La m\u00e1quina m\u00e1s nueva para hacer carb\u00f3n adopta un dise\u00f1o modular, que es f\u00e1cil de instalar y mantener. La avanzada tecnolog\u00eda de automatizaci\u00f3n y el control preciso de la temperatura pueden manejar una amplia gama de materias primas. Realmente se logra el uso multiprop\u00f3sito de una m\u00e1quina, que puede usarse para carbonizar biomasa como c\u00e1scaras de coco, aserr\u00edn y paja, y tambi\u00e9n puede carbonizar lodos y desechos dom\u00e9sticos.<\/p>    <figure class=\"wp-block-image aligncenter size-full\"><img loading=\"lazy\" decoding=\"async\" width=\"720\" height=\"540\" src=\"https:\/\/bestcharcoalmachine.com\/wp-content\/uploads\/2022\/02\/coconut-shell-carbonization-furnace.jpg\" alt=\"horno de carbonizaci\u00f3n de c\u00e1scara de coco\" class=\"wp-image-2700\"\/><figcaption class=\"wp-element-caption\">horno de carbonizaci\u00f3n de c\u00e1scara de coco<\/figcaption><\/figure>    <figure class=\"wp-block-image aligncenter size-full\"><img loading=\"lazy\" decoding=\"async\" width=\"720\" height=\"540\" src=\"https:\/\/bestcharcoalmachine.com\/wp-content\/uploads\/2022\/02\/newest-charcoal-machine.jpg\" alt=\"m\u00e1quina de carb\u00f3n m\u00e1s nueva\" class=\"wp-image-2701\"\/><figcaption class=\"wp-element-caption\">m\u00e1quina de carb\u00f3n m\u00e1s nueva<\/figcaption><\/figure>    <h2 class=\"wp-block-heading\" id=\"h-raw-materials-of-newest-charcoal-making-machine\">Materias primas de la m\u00e1quina para fabricar carb\u00f3n vegetal m\u00e1s nueva.<\/h2>    <p>El nuevo horno de carbonizaci\u00f3n puede procesar diversos desechos de biomasa, como paja, c\u00e1scara de arroz, aserr\u00edn, corteza, ramas, c\u00e1scaras de coco, c\u00e1scaras de nueces, c\u00e1scaras de palma, c\u00e1scaras de man\u00ed, huesos de d\u00e1tiles, c\u00e1scaras de frutas, huesos de res, posos de caf\u00e9 y huesos de aceitunas. , etc.<\/p>    <figure class=\"wp-block-gallery has-nested-images columns-default is-cropped wp-block-gallery-2 is-layout-flex wp-block-gallery-is-layout-flex\"> <figure class=\"wp-block-image size-large\"><img loading=\"lazy\" decoding=\"async\" width=\"720\" height=\"540\" data-id=\"2690\" src=\"https:\/\/bestcharcoalmachine.com\/wp-content\/uploads\/2022\/02\/materials1.jpg\" alt=\"materiales\" class=\"wp-image-2690\"\/><\/figure>    <figure class=\"wp-block-image size-large\"><img loading=\"lazy\" decoding=\"async\" width=\"720\" height=\"540\" data-id=\"2691\" src=\"https:\/\/bestcharcoalmachine.com\/wp-content\/uploads\/2022\/02\/newest-charcoal-making-machine1.jpg\" alt=\"nueva m\u00e1quina para fabricar carb\u00f3n\" class=\"wp-image-2691\"\/><\/figure> <\/figure>    <p>La m\u00e1quina de carb\u00f3n continuo no s\u00f3lo puede carbonizar nuestras c\u00e1scaras de coco o aserr\u00edn comunes, sino tambi\u00e9n carbonizar casi todos los desechos y lodos de biomasa. Por ejemplo, residuos dom\u00e9sticos, residuos de f\u00e1bricas de papel, lodos de r\u00edos, lodos industriales, etc. La carbonizaci\u00f3n de basura es m\u00e1s respetuosa con el medio ambiente que la combusti\u00f3n tradicional, que puede reducir el volumen de basura, reducir la contaminaci\u00f3n ambiental y ahorrar energ\u00eda.<\/p>    <figure class=\"wp-block-image aligncenter size-full\"><img loading=\"lazy\" decoding=\"async\" width=\"720\" height=\"540\" src=\"https:\/\/bestcharcoalmachine.com\/wp-content\/uploads\/2022\/02\/raw-materials1.jpg\" alt=\"materias primas\" class=\"wp-image-2693\"\/><figcaption class=\"wp-element-caption\">materias primas<\/figcaption><\/figure>    <p>La m\u00e1quina para fabricar carb\u00f3n vegetal tambi\u00e9n puede carbonizar sustancias qu\u00edmicas, como coque activado, \u00f3xido de magnesio, \u00f3xido de sodio, etc.<\/p>    <h2 class=\"wp-block-heading\" id=\"h-carbonization-effect-of-charcoal-making-machine\">Efecto de carbonizaci\u00f3n de la m\u00e1quina para fabricar carb\u00f3n vegetal.<\/h2>    <figure class=\"wp-block-gallery has-nested-images columns-default is-cropped wp-block-gallery-3 is-layout-flex wp-block-gallery-is-layout-flex\"> <figure class=\"wp-block-image size-large\"><img loading=\"lazy\" decoding=\"async\" width=\"720\" height=\"540\" data-id=\"2695\" src=\"https:\/\/bestcharcoalmachine.com\/wp-content\/uploads\/2022\/02\/product.jpg\" alt=\"\" class=\"wp-image-2695\"\/><\/figure>    <figure class=\"wp-block-image size-large\"><img loading=\"lazy\" decoding=\"async\" width=\"720\" height=\"540\" data-id=\"2696\" src=\"https:\/\/bestcharcoalmachine.com\/wp-content\/uploads\/2022\/02\/charcoal.jpg\" alt=\"\" class=\"wp-image-2696\"\/><\/figure> <\/figure>    <h2 class=\"wp-block-heading\" id=\"h-working-principle-of-charcoal-making-machine\">Principio de funcionamiento de la m\u00e1quina para fabricar carb\u00f3n vegetal.<\/h2>    <h3 class=\"wp-block-heading\" id=\"crushing-and-drying\">Trituraci\u00f3n y secado<\/h3>    <p class=\"translation-block\">Los materiales m\u00e1s grandes de 20 mm necesitan <a href=\"https:\/\/bestcharcoalmachine.com\/es\/wood-working-equipment\/hammer-mill\/\">ser triturados<\/a> primero. Adem\u00e1s, los materiales con una humedad superior al 25% necesitan ser secados con equipos de secado, como c\u00e1scaras de coco frescas o bamb\u00faes, que generalmente tienen un contenido de humedad mayor.<\/p>    <h3 class=\"wp-block-heading\" id=\"carbonization\">Carbonizaci\u00f3n<\/h3>    <p>El horno de carbonizaci\u00f3n principal se precalienta y luego la cinta transportadora transporta el material seco al alimentador y luego ingresa al horno de carbonizaci\u00f3n principal para la carbonizaci\u00f3n. Si la materia prima es c\u00e1scara de coco u otras c\u00e1scaras de fruta, se puede descargar a trav\u00e9s del sistema de enfriamiento de agua despu\u00e9s de la carbonizaci\u00f3n durante 18 a 20 minutos.<\/p>    <h3 class=\"wp-block-heading\" id=\"generate-flammable-gas\">Generar gas inflamable<\/h3>    <p>Despu\u00e9s de aproximadamente 20 minutos de alimentaci\u00f3n, se genera gas combustible, que primero ingresa al sistema de eliminaci\u00f3n de polvo cicl\u00f3nico para su limpieza y luego ingresa al condensador para separarlo en vinagre de madera y alquitr\u00e1n. El gas restante es aspirado hacia el exterior del horno principal por el ventilador de tiro inducido y calentado.<\/p>    <h3 class=\"wp-block-heading\" id=\"utilize-and-treat-waste-gas\">Utilizar y tratar los gases residuales.<\/h3>    <p>Una parte de los gases de combusti\u00f3n de calor residual se puede utilizar para calentar la secadora, y el gas de combusti\u00f3n restante se descarga mediante limpieza con agua y pulverizaci\u00f3n de agua y otros sistemas de eliminaci\u00f3n de polvo.<\/p>    <h2 class=\"wp-block-heading\" id=\"h-advantages-of-coconut-shell-carbonization-furnace\">Ventajas del horno de carbonizaci\u00f3n de c\u00e1scara de coco.<\/h2>    <ul class=\"wp-block-list\"> <li>Los gases de combusti\u00f3n generados por la m\u00e1quina durante el proceso de carbonizaci\u00f3n se tratan mediante m\u00faltiples dispositivos de eliminaci\u00f3n de polvo para cumplir con los requisitos de emisi\u00f3n est\u00e1ndar.<\/li>    <li>Aunque la temperatura de carbonizaci\u00f3n es de varios cientos de grados, la temperatura de la carcasa es inferior a 35 \u2103, lo que puede garantizar la seguridad de los trabajadores y el entorno laboral.<\/li>    <li>La c\u00e1mara de combusti\u00f3n de la m\u00e1quina para fabricar carb\u00f3n vegetal m\u00e1s nueva est\u00e1 dise\u00f1ada con fibra cer\u00e1mica, que tiene un buen efecto de aislamiento t\u00e9rmico y una vida \u00fatil de hasta 12 a\u00f1os, evitando la contaminaci\u00f3n secundaria de los moldes.<\/li>    <li>El horno de carbonizaci\u00f3n tiene un alto grado de automatizaci\u00f3n y utiliza control inteligente de equipos y tecnolog\u00eda de conversi\u00f3n de frecuencia para ajustar la temperatura y hacer que la m\u00e1quina ahorre m\u00e1s energ\u00eda.<\/li>    <li>El horno de carbonizaci\u00f3n continua adopta un dise\u00f1o de horno doble para formar una estructura t\u00e9rmica de m\u00faltiples etapas, el cilindro interno se precalienta y se seca, y la eficiencia t\u00e9rmica es mayor, lo que hace que la m\u00e1quina de fabricaci\u00f3n de carb\u00f3n ahorre m\u00e1s energ\u00eda;<\/li> <\/ul>    <figure class=\"wp-block-image aligncenter size-full\"><img loading=\"lazy\" decoding=\"async\" width=\"720\" height=\"540\" src=\"https:\/\/bestcharcoalmachine.com\/wp-content\/uploads\/2022\/02\/double-furnace.jpg\" alt=\"doble horno\" class=\"wp-image-2702\"\/><figcaption class=\"wp-element-caption\">doble horno<\/figcaption><\/figure>    <h2 class=\"wp-block-heading\" id=\"charcoal-making-machine-parameters\">Par\u00e1metros de la m\u00e1quina para fabricar carb\u00f3n<\/h2>    <figure class=\"wp-block-table\"><table><tbody><tr><td>Modelo<\/td><td>WD-0812<\/td><td>WD-1015<\/td><td>WD-1218<\/td><td>WD-1320<\/td><\/tr><tr><td>Capacidad de alimentaci\u00f3n por hora<\/td><td>500 kilos<\/td><td>0,8-1\u00a0toneladas<\/td><td>1,5-2 toneladas<\/td><td>2,5-3 toneladas<\/td><\/tr><tr><td>M\u00e9todo de trabajo<\/td><td>carbonizaci\u00f3n continua<\/td><td><\/td><td><\/td><td><\/td><\/tr><tr><td>Tama\u00f1o del reactor<\/td><td>800 mm<\/td><td>1000 mm<\/td><td>1300 mm<\/td><td>1700 mm<\/td><\/tr><tr><td>Materiales de calefacci\u00f3n<\/td><td>Carb\u00f3n, le\u00f1a, gas\u00f3leo, gas natural, GLP, pellets de biomasa, etc.<\/td><td><\/td><td><\/td><td><\/td><\/tr><tr><td>Poder total<\/td><td>40 kw\/h<\/td><td>55 kw\/h<\/td><td>60 kw\/h<\/td><td>72 kw\/h<\/td><\/tr><tr><td>\u00c1rea de piso (L*W*H)<\/td><td>30m*15m*7m<\/td><td>35*15*7m<\/td><td>45*15*10m<\/td><td>50*15*10m<\/td><\/tr><tr><td>Presi\u00f3n operacional<\/td><td>Presi\u00f3n constante<\/td><td>Presi\u00f3n constante<\/td><td>Presi\u00f3n constante<\/td><td>Presi\u00f3n constante<\/td><\/tr><tr><td>M\u00e9todo de enfriamiento<\/td><td>Refrigeraci\u00f3n por agua de reciclaje<\/td><td><\/td><td><\/td><td><\/td><\/tr><\/tbody><\/table><\/figure>    <p>Los m\u00e9todos de calentamiento son varios, incluidos carb\u00f3n vegetal, madera, di\u00e9sel, gas natural, GLP, pellets de biomasa, etc. Los clientes deben prestar atenci\u00f3n al \u00e1rea ocupada por el horno de carbonizaci\u00f3n, el m\u00e1s peque\u00f1o ocupar\u00e1 35*15*7 m.<\/p>    <h2 class=\"wp-block-heading\" id=\"h-loading-and-delivery-of-newest-carbonization-furnace\">Carga y entrega del horno de carbonizaci\u00f3n m\u00e1s nuevo.<\/h2>    <figure class=\"wp-block-gallery has-nested-images columns-default is-cropped wp-block-gallery-4 is-layout-flex wp-block-gallery-is-layout-flex\"> <figure class=\"wp-block-image size-large\"><img loading=\"lazy\" decoding=\"async\" width=\"720\" height=\"540\" data-id=\"2698\" src=\"https:\/\/bestcharcoalmachine.com\/wp-content\/uploads\/2022\/02\/loading.jpg\" alt=\"\" class=\"wp-image-2698\"\/><\/figure>    <figure class=\"wp-block-image size-large\"><img loading=\"lazy\" decoding=\"async\" width=\"720\" height=\"540\" data-id=\"2699\" src=\"https:\/\/bestcharcoalmachine.com\/wp-content\/uploads\/2022\/02\/charcoal-making-machine.jpg\" alt=\"\" class=\"wp-image-2699\"\/><\/figure> <\/figure>    <p>Malasia es rica en recursos naturales y hay muchos \u00e1rboles. Para aprovechar al m\u00e1ximo los residuos de madera, la f\u00e1brica local de procesamiento de madera compr\u00f3 nuestro horno de carbonizaci\u00f3n para carbonizar c\u00e1scaras de palma y madera que se venden directamente para obtener ganancias adicionales. <\/p>    <p>Eligieron la m\u00e1quina para fabricar carb\u00f3n vegetal WD-1015, que puede producir entre 0,8 y 1\u00a0toneladas por hora. Despu\u00e9s de recibir el horno de carbonizaci\u00f3n, comenzaron su propio negocio de carb\u00f3n vegetal.<\/p>    <figure class=\"wp-block-image aligncenter size-full\"><img loading=\"lazy\" decoding=\"async\" width=\"720\" height=\"540\" src=\"https:\/\/bestcharcoalmachine.com\/wp-content\/uploads\/2022\/02\/charcoal-machine.png\" alt=\"m\u00e1quina de carb\u00f3n\" class=\"wp-image-2705\"\/><figcaption class=\"wp-element-caption\">M\u00e1quina de carb\u00f3n WD-1015 en Malasia<\/figcaption><\/figure>","protected":false},"excerpt":{"rendered":"<p>The newest charcoal making machine is also called the coconut shell carbonization furnace, which is a new environmentally friendly carbonization furnace launched by WOOD machinery. The newest charcoal making machine adopts a modular design, which is easy for installation and maintenance. Advanced automation technology and precise temperature control can deal with a wide range of [&hellip;]<\/p>\n","protected":false},"author":1,"featured_media":2694,"parent":0,"template":"","tags":[],"product-type":[47],"class_list":["post-2688","product","type-product","status-publish","has-post-thumbnail","hentry","product-type-carbonization-furnace"],"_links":{"self":[{"href":"https:\/\/bestcharcoalmachine.com\/es\/wp-json\/wp\/v2\/product\/2688","targetHints":{"allow":["GET"]}}],"collection":[{"href":"https:\/\/bestcharcoalmachine.com\/es\/wp-json\/wp\/v2\/product"}],"about":[{"href":"https:\/\/bestcharcoalmachine.com\/es\/wp-json\/wp\/v2\/types\/product"}],"author":[{"embeddable":true,"href":"https:\/\/bestcharcoalmachine.com\/es\/wp-json\/wp\/v2\/users\/1"}],"wp:featuredmedia":[{"embeddable":true,"href":"https:\/\/bestcharcoalmachine.com\/es\/wp-json\/wp\/v2\/media\/2694"}],"wp:attachment":[{"href":"https:\/\/bestcharcoalmachine.com\/es\/wp-json\/wp\/v2\/media?parent=2688"}],"wp:term":[{"taxonomy":"post_tag","embeddable":true,"href":"https:\/\/bestcharcoalmachine.com\/es\/wp-json\/wp\/v2\/tags?post=2688"},{"taxonomy":"product-type","embeddable":true,"href":"https:\/\/bestcharcoalmachine.com\/es\/wp-json\/wp\/v2\/product-type?post=2688"}],"curies":[{"name":"wp","href":"https:\/\/api.w.org\/{rel}","templated":true}]}}