{"id":2433,"date":"2022-01-17T08:46:49","date_gmt":"2022-01-17T08:46:49","guid":{"rendered":"https:\/\/bestcharcoalmachine.com\/?page_id=2433"},"modified":"2022-03-11T10:08:59","modified_gmt":"2022-03-11T10:08:59","slug":"mineral-powder-briquetting-line","status":"publish","type":"product","link":"https:\/\/bestcharcoalmachine.com\/es\/product\/mineral-powder-briquetting-line\/","title":{"rendered":"L\u00ednea de briquetas de polvo mineral | M\u00e1quina de prensa de bolas de carb\u00f3n"},"content":{"rendered":"<div class=\"kk-star-ratings kksr-auto kksr-align-left kksr-valign-top\"     data-payload='{&quot;align&quot;:&quot;left&quot;,&quot;id&quot;:&quot;2433&quot;,&quot;slug&quot;:&quot;default&quot;,&quot;valign&quot;:&quot;top&quot;,&quot;ignore&quot;:&quot;&quot;,&quot;reference&quot;:&quot;auto&quot;,&quot;class&quot;:&quot;&quot;,&quot;count&quot;:&quot;8&quot;,&quot;legendonly&quot;:&quot;&quot;,&quot;readonly&quot;:&quot;&quot;,&quot;score&quot;:&quot;4.7&quot;,&quot;starsonly&quot;:&quot;&quot;,&quot;best&quot;:&quot;5&quot;,&quot;gap&quot;:&quot;5&quot;,&quot;greet&quot;:&quot;Rate this product&quot;,&quot;legend&quot;:&quot;4.7\\\/5 - (8 votos)&quot;,&quot;size&quot;:&quot;24&quot;,&quot;title&quot;:&quot;Mineral Powder Briquetting Line | Charcoal  Ball Press Machine&quot;,&quot;width&quot;:&quot;133.8&quot;,&quot;_legend&quot;:&quot;{score}\\\/{best} - ({count} {votes})&quot;,&quot;font_factor&quot;:&quot;1.25&quot;}'>              <div class=\"kksr-stars\">      <div class=\"kksr-stars-inactive\">             <div class=\"kksr-star\" data-star=\"1\" style=\"padding-right: 5px\">               <div class=\"kksr-icon\" style=\"width: 24px; height: 24px;\"><\/div>         <\/div>             <div class=\"kksr-star\" data-star=\"2\" style=\"padding-right: 5px\">               <div class=\"kksr-icon\" style=\"width: 24px; height: 24px;\"><\/div>         <\/div>             <div class=\"kksr-star\" data-star=\"3\" style=\"padding-right: 5px\">               <div class=\"kksr-icon\" style=\"width: 24px; height: 24px;\"><\/div>         <\/div>             <div class=\"kksr-star\" data-star=\"4\" style=\"padding-right: 5px\">               <div class=\"kksr-icon\" style=\"width: 24px; height: 24px;\"><\/div>         <\/div>             <div class=\"kksr-star\" data-star=\"5\" style=\"padding-right: 5px\">               <div class=\"kksr-icon\" style=\"width: 24px; height: 24px;\"><\/div>         <\/div>     <\/div>      <div class=\"kksr-stars-active\" style=\"width: 133.8px;\">             <div class=\"kksr-star\" style=\"padding-right: 5px\">               <div class=\"kksr-icon\" style=\"width: 24px; height: 24px;\"><\/div>         <\/div>             <div class=\"kksr-star\" style=\"padding-right: 5px\">               <div class=\"kksr-icon\" style=\"width: 24px; height: 24px;\"><\/div>         <\/div>             <div class=\"kksr-star\" style=\"padding-right: 5px\">               <div class=\"kksr-icon\" style=\"width: 24px; height: 24px;\"><\/div>         <\/div>             <div class=\"kksr-star\" style=\"padding-right: 5px\">               <div class=\"kksr-icon\" style=\"width: 24px; height: 24px;\"><\/div>         <\/div>             <div class=\"kksr-star\" style=\"padding-right: 5px\">               <div class=\"kksr-icon\" style=\"width: 24px; height: 24px;\"><\/div>         <\/div>     <\/div> <\/div>                   <div class=\"kksr-legend\" style=\"font-size: 19.2px;\">             4,7\/5 - (8 votos)    <\/div>     <\/div>  <div class=\"wp-block-image\"><figure class=\"aligncenter size-full\"><img loading=\"lazy\" decoding=\"async\" width=\"720\" height=\"540\" src=\"https:\/\/bestcharcoalmachine.com\/wp-content\/uploads\/2022\/01\/mineral-powder-briquetting-line-1.jpg\" alt=\"l\u00ednea de briquetas de polvo mineral\" class=\"wp-image-2439\"\/><figcaption>l\u00ednea de briquetas de polvo mineral<\/figcaption><\/figure><\/div>    <p>La l\u00ednea de briquetas de polvo mineral se utiliza principalmente para el proceso de briquetas de diversos polvos de mineral, desechos de la industria sider\u00fargica o metal\u00fargica, polvo de carb\u00f3n, lodos, escoria de acero, etc. Toda la l\u00ednea de producci\u00f3n incluye principalmente trituradoras, molinos de ruedas, m\u00e1quinas formadoras y secadora. La m\u00e1quina de briquetas de carb\u00f3n comprime el polvo mineral en bloques y los reutiliza, lo que reduce el desperdicio de recursos y ahorra costos de energ\u00eda. Por lo tanto, la l\u00ednea de formaci\u00f3n de polvo mineral es bien recibida por muchas personas en la industria.<\/p>    <h2 class=\"wp-block-heading\" id=\"h-raw-materials-of-mineral-powder-briquetting-line\">Materias primas de la l\u00ednea de briquetas de polvo mineral.<\/h2>    <p>Las materias primas de la l\u00ednea de briquetas de polvo mineral incluyen polvo de carb\u00f3n y diversos polvos minerales. El carb\u00f3n en polvo se elabora carbonizando troncos, c\u00e1scaras de coco, etc. El polvo mineral generalmente se refiere al polvo obtenido despu\u00e9s de procesar los minerales extra\u00eddos. Los polvos minerales comunes incluyen polvo de mineral de hierro, mineral de manganeso, mineral de cromo, s\u00edlice, bauxita, fluorita, magnesita, dolomita, piedra caliza, cal viva, mineral de cobre, etc.<\/p>    <div class=\"wp-block-image\"><figure class=\"aligncenter size-full\"><img loading=\"lazy\" decoding=\"async\" width=\"720\" height=\"540\" src=\"https:\/\/bestcharcoalmachine.com\/wp-content\/uploads\/2022\/01\/mineral-powder-briquetting-line.jpg\" alt=\"l\u00ednea de briquetas de polvo mineral\" class=\"wp-image-2438\"\/><figcaption>polvo mineral <\/figcaption><\/figure><\/div>    <h2 class=\"wp-block-heading\">Preparaci\u00f3n antes del moldeo de mineral en polvo.<\/h2>    <h3 class=\"wp-block-heading\">Moler materiales hasta convertirlos en polvo.<\/h3>    <p class=\"translation-block\">Obtener polvo con part\u00edculas peque\u00f1as es lo primero que necesitamos hacer en el proceso de formaci\u00f3n mineral. Se necesita un pulverizador para moler las materias primas. Un <a href=\"https:\/\/bestcharcoalmachine.com\/es\/wood-working-equipment\/hammer-mill\/\">triturador de martillos<\/a> puede triturar bloques de carb\u00f3n en polvo de carb\u00f3n fino. Y un <a href=\"https:\/\/bestcharcoalmachine.com\/es\/grinder-and-mixer\/compound-coal-crusher\/\">triturador compuesto<\/a> se encargar\u00e1 de muchos tipos de materiales minerales.<\/p>    <figure class=\"wp-block-gallery has-nested-images columns-default is-cropped wp-block-gallery-2 is-layout-flex wp-block-gallery-is-layout-flex\"> <figure class=\"wp-block-image size-large\"><img loading=\"lazy\" decoding=\"async\" width=\"720\" height=\"540\" data-id=\"2220\" src=\"https:\/\/bestcharcoalmachine.com\/wp-content\/uploads\/2021\/11\/wood-hammer-mill-of-the-charcoal-briquette-production-line.jpg\" alt=\"molino de martillos de madera\" class=\"wp-image-2220\" srcset=\"https:\/\/bestcharcoalmachine.com\/wp-content\/uploads\/2021\/11\/wood-hammer-mill-of-the-charcoal-briquette-production-line.jpg 720w, https:\/\/bestcharcoalmachine.com\/wp-content\/uploads\/2021\/11\/wood-hammer-mill-of-the-charcoal-briquette-production-line-300x225.jpg 300w\" sizes=\"auto, (max-width: 720px) 100vw, 720px\" \/><figcaption>molino de martillos para carbon<\/figcaption><\/figure>    <figure class=\"wp-block-image size-large\"><img loading=\"lazy\" decoding=\"async\" width=\"720\" height=\"540\" data-id=\"2414\" src=\"https:\/\/bestcharcoalmachine.com\/wp-content\/uploads\/2022\/01\/coal-crusher.jpg\" alt=\"trituradora compuesta\" class=\"wp-image-2414\"\/><figcaption>trituradora compuesta<\/figcaption><\/figure> <\/figure>    <h3 class=\"wp-block-heading\">Preparar aglutinante y agua.<\/h3>    <p class=\"translation-block\">El polvo mineral es m\u00e1s dif\u00edcil de briquetear que otros materiales debido a su baja plasticidad, y necesitamos alta presi\u00f3n y aglutinantes distribuidos de manera uniforme para comprimirlo en bolas. Antes del moldeo, usar una <a href=\"https:\/\/bestcharcoalmachine.com\/es\/grinder-and-mixer\/charcoal-wheel-grinding-mill\/\">m\u00e1quina de molienda con rueda<\/a> para mezclar el polvo mineral con agua y aglutinante de forma homog\u00e9nea es muy importante. Este paso te ayudar\u00e1 a producir briquetas de alta calidad. Diferentes polvos minerales requieren distintos aglutinantes para obtener un mejor efecto de mezcla. WOOD Machinery puede adaptar tus ingredientes al adhesivo m\u00e1s adecuado.<\/p>    <div class=\"wp-block-image\"><figure class=\"aligncenter size-full\"><img loading=\"lazy\" decoding=\"async\" width=\"720\" height=\"540\" src=\"https:\/\/bestcharcoalmachine.com\/wp-content\/uploads\/2021\/12\/3-mixing-and-pressing.jpg\" alt=\"mezcla y prensado\" class=\"wp-image-1778\" srcset=\"https:\/\/bestcharcoalmachine.com\/wp-content\/uploads\/2021\/12\/3-mixing-and-pressing.jpg 720w, https:\/\/bestcharcoalmachine.com\/wp-content\/uploads\/2021\/12\/3-mixing-and-pressing-300x225.jpg 300w\" sizes=\"auto, (max-width: 720px) 100vw, 720px\" \/><figcaption>mezcla y prensado<\/figcaption><\/figure><\/div>    <h3 class=\"wp-block-heading\">Elija la m\u00e1quina briquetadora de minerales adecuada<\/h3>    <p class=\"translation-block\">La alta presi\u00f3n de la <a href=\"https:\/\/bestcharcoalmachine.com\/es\/charcoal-briquette-machine\/charcoal-ball-press-machine\/\">m\u00e1quina de briquetado de carb\u00f3n<\/a> convierte el polvo mineral en bolas de carb\u00f3n de alta densidad. Este es el paso m\u00e1s importante de la l\u00ednea de briquetado de polvo mineral. En t\u00e9rminos generales, cuanto mayor sea el modelo, mayor ser\u00e1 la presi\u00f3n y mayor la densidad del producto terminado. Debido a que diferentes materias primas requieren distintas presiones, los clientes pueden elegir la m\u00e1quina de presi\u00f3n adecuada seg\u00fan las caracter\u00edsticas de sus propias materias primas.<\/p>    <div class=\"wp-block-image\"><figure class=\"aligncenter size-full\"><img loading=\"lazy\" decoding=\"async\" width=\"720\" height=\"540\" src=\"https:\/\/bestcharcoalmachine.com\/wp-content\/uploads\/2021\/12\/charcoal-ball-press-machine-2.jpg\" alt=\"m\u00e1quina de prensa de bolas de carb\u00f3n\" class=\"wp-image-1826\" srcset=\"https:\/\/bestcharcoalmachine.com\/wp-content\/uploads\/2021\/12\/charcoal-ball-press-machine-2.jpg 720w, https:\/\/bestcharcoalmachine.com\/wp-content\/uploads\/2021\/12\/charcoal-ball-press-machine-2-300x225.jpg 300w\" sizes=\"auto, (max-width: 720px) 100vw, 720px\" \/><figcaption>m\u00e1quina de prensa de bolas de carb\u00f3n<\/figcaption><\/figure><\/div>    <h2 class=\"wp-block-heading\">Secadores equipados de l\u00ednea de briquetas de polvo mineral.<\/h2>    <p class=\"translation-block\">El secado elimina la humedad excesiva de las bolas minerales. Si no se secan y envasan directamente, afectar\u00e1 el rendimiento de combusti\u00f3n. Existen dos tipos de equipos de secado vendidos por WOOD Machinery: <a href=\"https:\/\/bestcharcoalmachine.com\/es\/drying-machine\/box-type-charcoal-dryer\/\">c\u00e1mara de secado<\/a> y <a href=\"https:\/\/bestcharcoalmachine.com\/es\/drying-machine\/mesh-belt-dryer\/\">secador de cintur\u00f3n de malla<\/a>. Las briquetas hechas por la briquetadora se colocan en la rejilla de la c\u00e1mara de secado y se secan con la circulaci\u00f3n de aire caliente. El secador de cintur\u00f3n de malla utiliza una conducci\u00f3n de banda de malla de acero inoxidable o acero al carbono de varias capas para transportar aire caliente y lograr el secado.<\/p>    <figure class=\"wp-block-gallery has-nested-images columns-default is-cropped wp-block-gallery-3 is-layout-flex wp-block-gallery-is-layout-flex\"> <figure class=\"wp-block-image size-large\"><img loading=\"lazy\" decoding=\"async\" width=\"720\" height=\"540\" data-id=\"2242\" src=\"https:\/\/bestcharcoalmachine.com\/wp-content\/uploads\/2021\/12\/Box-type-Charcoal-Dryer-3.jpg\" alt=\"Secadora de carb\u00f3n tipo caja\" class=\"wp-image-2242\" srcset=\"https:\/\/bestcharcoalmachine.com\/wp-content\/uploads\/2021\/12\/Box-type-Charcoal-Dryer-3.jpg 720w, https:\/\/bestcharcoalmachine.com\/wp-content\/uploads\/2021\/12\/Box-type-Charcoal-Dryer-3-300x225.jpg 300w\" sizes=\"auto, (max-width: 720px) 100vw, 720px\" \/><figcaption>secador de carb\u00f3n tipo caja<\/figcaption><\/figure>    <figure class=\"wp-block-image size-large\"><img loading=\"lazy\" decoding=\"async\" width=\"720\" height=\"540\" data-id=\"2244\" src=\"https:\/\/bestcharcoalmachine.com\/wp-content\/uploads\/2021\/12\/Mesh-Belt-Dryer-4.jpg\" alt=\"Secador de cinta de malla\" class=\"wp-image-2244\" srcset=\"https:\/\/bestcharcoalmachine.com\/wp-content\/uploads\/2021\/12\/Mesh-Belt-Dryer-4.jpg 720w, https:\/\/bestcharcoalmachine.com\/wp-content\/uploads\/2021\/12\/Mesh-Belt-Dryer-4-300x225.jpg 300w\" sizes=\"auto, (max-width: 720px) 100vw, 720px\" \/><figcaption>secador de cinta de malla<\/figcaption><\/figure> <\/figure>    <h2 class=\"wp-block-heading\" id=\"h-pakaging-machine-of-charcoal-powder-forming-process\">M\u00e1quina envasadora del proceso de formaci\u00f3n de polvo de carb\u00f3n vegetal.<\/h2>    <p class=\"translation-block\">Una <a href=\"https:\/\/bestcharcoalmachine.com\/es\/briquettes-packing-machine\/charcoal-briquette-packing-machine-2\/\">m\u00e1quina de envasado cuantitativo <\/a>se utiliza para envasar bolas de carb\u00f3n y briquetas de mineral de forma regular. El peso se puede ajustar seg\u00fan las demandas de los clientes. Despu\u00e9s del envasado, se pueden vender directamente.<\/p>    <div class=\"wp-block-image\"><figure class=\"aligncenter size-full\"><img loading=\"lazy\" decoding=\"async\" width=\"720\" height=\"540\" src=\"https:\/\/bestcharcoalmachine.com\/wp-content\/uploads\/2022\/01\/packing-machine.jpg\" alt=\"m\u00e1quina de embalaje\" class=\"wp-image-2428\"\/><figcaption>m\u00e1quina de embalaje<\/figcaption><\/figure><\/div>    <h2 class=\"wp-block-heading\">Necesidad de una m\u00e1quina prensadora de bolas de carb\u00f3n.<\/h2>    <p>Por un lado, la l\u00ednea de producci\u00f3n de briquetas de mineral en polvo puede dar forma al material de desecho en el proceso de metalurgia y fundici\u00f3n de hierro. Puede realizar la utilizaci\u00f3n de residuos y ahorrar energ\u00eda. En la actualidad, la mayor\u00eda de los materiales en polvo de la industria metal\u00fargica se desechan, lo que supone un gran desperdicio de recursos minerales. A medida que la energ\u00eda es cada vez m\u00e1s escasa, las m\u00e1quinas prensadoras de bolas minerales se est\u00e1n volviendo cada vez m\u00e1s populares en el mercado.<\/p>    <div class=\"wp-block-image\"><figure class=\"aligncenter size-full\"><img loading=\"lazy\" decoding=\"async\" width=\"720\" height=\"540\" src=\"https:\/\/bestcharcoalmachine.com\/wp-content\/uploads\/2022\/01\/mineral-powder-briquettes.jpg\" alt=\"briquetas de polvo mineral\" class=\"wp-image-2437\"\/><figcaption>briquetas de polvo mineral<\/figcaption><\/figure><\/div>    <p>Por otro lado, las briquetas producidas tienen un tama\u00f1o de part\u00edcula uniforme, una composici\u00f3n estable y mejores caracter\u00edsticas de fundici\u00f3n. Cuando los materiales originales sin forma se convierten en briquetas normales, es mucho m\u00e1s f\u00e1cil facilitar su transporte. La m\u00e1quina briquetadora de polvo mineral puede ahorrar espacio despu\u00e9s de comprimir el polvo mineral en bloques para que el mismo espacio se pueda utilizar al m\u00e1ximo.<\/p>    <h2 class=\"wp-block-heading\" id=\"h-application-of-mineral-powder-ball\">Aplicaci\u00f3n de bola de polvo mineral.<\/h2>    <figure class=\"wp-block-gallery has-nested-images columns-default is-cropped wp-block-gallery-4 is-layout-flex wp-block-gallery-is-layout-flex\"> <figure class=\"wp-block-image size-large\"><img loading=\"lazy\" decoding=\"async\" width=\"670\" height=\"452\" data-id=\"3067\" src=\"https:\/\/bestcharcoalmachine.com\/wp-content\/uploads\/2022\/01\/Iron-making1.jpg\" alt=\"fabricaci\u00f3n de hierro\" class=\"wp-image-3067\"\/><figcaption>fabricaci\u00f3n de hierro<\/figcaption><\/figure>    <figure class=\"wp-block-image size-large\"><img loading=\"lazy\" decoding=\"async\" width=\"450\" height=\"300\" data-id=\"3071\" src=\"https:\/\/bestcharcoalmachine.com\/wp-content\/uploads\/2022\/01\/Iron-making11.jpg\" alt=\"\" class=\"wp-image-3071\"\/><\/figure> <\/figure>    <p>Las bolas de polvo mineral se pueden utilizar para la fabricaci\u00f3n de hierro en altos hornos. El polvo de mineral de hierro se mezcla con un determinado aglutinante para formar una forma esf\u00e9rica despu\u00e9s del horneado a alta temperatura y luego en el alto horno. De esta manera, la permeabilidad al aire del alto horno es mejor y se puede ajustar el pH del alto horno.<\/p>    <p>Despu\u00e9s de mezclar uniformemente el polvo concentrado y el polvo de piedra caliza, se laminan o se prensan para formar bolas verdes con un di\u00e1metro de 10 a 30 mm y se secan en una secadora para consolidar las part\u00edculas. Este tipo de bola de polvo mineral tiene un tama\u00f1o de part\u00edcula uniforme, buena permeabilidad al aire y reducibilidad. Sin embargo, el control de la temperatura en la cocci\u00f3n de pellets es m\u00e1s estricto que en la sinterizaci\u00f3n. Las bolas de polvo mineral tambi\u00e9n requieren un tama\u00f1o de part\u00edcula fino de las materias primas y un bajo contenido de humedad del polvo mineral.<\/p>    <h2 class=\"wp-block-heading\">Medidas para mejorar la calidad del polvo de hierro.<\/h2>    <p>Hay muchos equipos de trituraci\u00f3n para el mineral. Algunos fabricantes eligen trituradoras econ\u00f3micas y econ\u00f3micas. Seg\u00fan las deficiencias de los fabricantes, el consumo y la sustituci\u00f3n de cabezas de martillo y revestimientos de la trituradora son frecuentes, el rendimiento por hora es bajo y el consumo de energ\u00eda es alto. El mantenimiento es dif\u00edcil, el tiempo es largo y la tasa de operaci\u00f3n del equipo es baja.<\/p>    <p class=\"translation-block\">Si el fabricante adopta tecnolog\u00eda avanzada y una <a href=\"https:\/\/bestcharcoalmachine.com\/es\/product\/compound-coal-crusher\/\">trituradora<\/a> profesional en el proceso de trituraci\u00f3n y molienda, puede ahorrar mucha electricidad y consumo de material, y al mismo tiempo obtener el polvo de mineral ideal.<\/p>    <h2 class=\"wp-block-heading\">Servicios de venta de l\u00ednea de briquetas de polvo mineral.<\/h2>    <ul class=\"wp-block-list\"><li>Servicio de preventa: brindarle planificaci\u00f3n de proyectos, dise\u00f1o de procesos y desarrollar un conjunto de equipos que se adapte a sus necesidades; dise\u00f1ar y fabricar la l\u00ednea de briquetas de polvo mineral de acuerdo con sus necesidades especiales y brindar capacitaci\u00f3n para su operaci\u00f3n t\u00e9cnica.<\/li><li>Servicio de venta: equipos de producci\u00f3n precisos y acompa\u00f1ar a nuestro cliente para completar la aceptaci\u00f3n del equipo, ayudar en la preparaci\u00f3n del plan de instalaci\u00f3n y el proceso detallado.<\/li><li>Nuestra empresa enviar\u00e1 t\u00e9cnicos al sitio del cliente para guiar la instalaci\u00f3n del equipo, poner en marcha la m\u00e1quina para fabricar briquetas de carb\u00f3n a producci\u00f3n normal y capacitar a los operadores para su uso y mantenimiento.<\/li><\/ul>","protected":false},"excerpt":{"rendered":"<p>The mineral powder briquetting line is mainly used for the briquetting process of various ore powders, waste from steelmaking or metallurgical industry, charcoal powder, sludge, steel slag, etc. The whole production line mainly includes crushers, wheel grinding mill, forming machine, and dryer. The charcoal briquette machine compresses the mineral dust into blocks and reuses them, [&hellip;]<\/p>\n","protected":false},"author":1,"featured_media":2439,"parent":0,"template":"","tags":[],"product-type":[52],"class_list":["post-2433","product","type-product","status-publish","has-post-thumbnail","hentry","product-type-product-line"],"_links":{"self":[{"href":"https:\/\/bestcharcoalmachine.com\/es\/wp-json\/wp\/v2\/product\/2433","targetHints":{"allow":["GET"]}}],"collection":[{"href":"https:\/\/bestcharcoalmachine.com\/es\/wp-json\/wp\/v2\/product"}],"about":[{"href":"https:\/\/bestcharcoalmachine.com\/es\/wp-json\/wp\/v2\/types\/product"}],"author":[{"embeddable":true,"href":"https:\/\/bestcharcoalmachine.com\/es\/wp-json\/wp\/v2\/users\/1"}],"wp:featuredmedia":[{"embeddable":true,"href":"https:\/\/bestcharcoalmachine.com\/es\/wp-json\/wp\/v2\/media\/2439"}],"wp:attachment":[{"href":"https:\/\/bestcharcoalmachine.com\/es\/wp-json\/wp\/v2\/media?parent=2433"}],"wp:term":[{"taxonomy":"post_tag","embeddable":true,"href":"https:\/\/bestcharcoalmachine.com\/es\/wp-json\/wp\/v2\/tags?post=2433"},{"taxonomy":"product-type","embeddable":true,"href":"https:\/\/bestcharcoalmachine.com\/es\/wp-json\/wp\/v2\/product-type?post=2433"}],"curies":[{"name":"wp","href":"https:\/\/api.w.org\/{rel}","templated":true}]}}