{"id":2397,"date":"2022-01-14T09:00:36","date_gmt":"2022-01-14T09:00:36","guid":{"rendered":"https:\/\/bestcharcoalmachine.com\/?page_id=2397"},"modified":"2022-03-10T09:23:31","modified_gmt":"2022-03-10T09:23:31","slug":"coal-briquettes-production-line","status":"publish","type":"product","link":"https:\/\/bestcharcoalmachine.com\/es\/product\/coal-briquettes-production-line\/","title":{"rendered":"L\u00ednea de producci\u00f3n de briquetas de carb\u00f3n | L\u00ednea de formaci\u00f3n de polvo de carb\u00f3n"},"content":{"rendered":"<div class=\"kk-star-ratings kksr-auto kksr-align-left kksr-valign-top\"     data-payload='{&quot;align&quot;:&quot;left&quot;,&quot;id&quot;:&quot;2397&quot;,&quot;slug&quot;:&quot;default&quot;,&quot;valign&quot;:&quot;top&quot;,&quot;ignore&quot;:&quot;&quot;,&quot;reference&quot;:&quot;auto&quot;,&quot;class&quot;:&quot;&quot;,&quot;count&quot;:&quot;19&quot;,&quot;legendonly&quot;:&quot;&quot;,&quot;readonly&quot;:&quot;&quot;,&quot;score&quot;:&quot;4.5&quot;,&quot;starsonly&quot;:&quot;&quot;,&quot;best&quot;:&quot;5&quot;,&quot;gap&quot;:&quot;5&quot;,&quot;greet&quot;:&quot;Rate this product&quot;,&quot;legend&quot;:&quot;4.5\\\/5 - (19 votos)&quot;,&quot;size&quot;:&quot;24&quot;,&quot;title&quot;:&quot;Coal Briquettes Production Line | Coal Powder Forming Line&quot;,&quot;width&quot;:&quot;128&quot;,&quot;_legend&quot;:&quot;{score}\\\/{best} - ({count} {votes})&quot;,&quot;font_factor&quot;:&quot;1.25&quot;}'>              <div class=\"kksr-stars\">      <div class=\"kksr-stars-inactive\">             <div class=\"kksr-star\" data-star=\"1\" style=\"padding-right: 5px\">               <div class=\"kksr-icon\" style=\"width: 24px; height: 24px;\"><\/div>         <\/div>             <div class=\"kksr-star\" data-star=\"2\" style=\"padding-right: 5px\">               <div class=\"kksr-icon\" style=\"width: 24px; height: 24px;\"><\/div>         <\/div>             <div class=\"kksr-star\" data-star=\"3\" style=\"padding-right: 5px\">               <div class=\"kksr-icon\" style=\"width: 24px; height: 24px;\"><\/div>         <\/div>             <div class=\"kksr-star\" data-star=\"4\" style=\"padding-right: 5px\">               <div class=\"kksr-icon\" style=\"width: 24px; height: 24px;\"><\/div>         <\/div>             <div class=\"kksr-star\" data-star=\"5\" style=\"padding-right: 5px\">               <div class=\"kksr-icon\" style=\"width: 24px; height: 24px;\"><\/div>         <\/div>     <\/div>      <div class=\"kksr-stars-active\" style=\"width: 128px;\">             <div class=\"kksr-star\" style=\"padding-right: 5px\">               <div class=\"kksr-icon\" style=\"width: 24px; height: 24px;\"><\/div>         <\/div>             <div class=\"kksr-star\" style=\"padding-right: 5px\">               <div class=\"kksr-icon\" style=\"width: 24px; height: 24px;\"><\/div>         <\/div>             <div class=\"kksr-star\" style=\"padding-right: 5px\">               <div class=\"kksr-icon\" style=\"width: 24px; height: 24px;\"><\/div>         <\/div>             <div class=\"kksr-star\" style=\"padding-right: 5px\">               <div class=\"kksr-icon\" style=\"width: 24px; height: 24px;\"><\/div>         <\/div>             <div class=\"kksr-star\" style=\"padding-right: 5px\">               <div class=\"kksr-icon\" style=\"width: 24px; height: 24px;\"><\/div>         <\/div>     <\/div> <\/div>                   <div class=\"kksr-legend\" style=\"font-size: 19.2px;\">             4,5\/5 - (19 votos)    <\/div>     <\/div>  <div class=\"wp-block-image\"><figure class=\"aligncenter size-full\"><img loading=\"lazy\" decoding=\"async\" width=\"720\" height=\"540\" src=\"https:\/\/bestcharcoalmachine.com\/wp-content\/uploads\/2022\/01\/Coal-Briquettes-Production-Line.jpg\" alt=\"L\u00ednea de producci\u00f3n de briquetas de carb\u00f3n\" class=\"wp-image-2413\"\/><figcaption>L\u00ednea de producci\u00f3n de briquetas de carb\u00f3n<\/figcaption><\/figure><\/div>    <p>La l\u00ednea de producci\u00f3n de briquetas de carb\u00f3n es una serie de procesos para prensar carb\u00f3n pulverizado en briquetas esf\u00e9ricas o en forma de almohada. El equipo de la l\u00ednea de formaci\u00f3n de polvo de carb\u00f3n incluye un pulverizador de carb\u00f3n, un mezclador de doble eje, una m\u00e1quina prensadora de bolas de carb\u00f3n, una secadora y una m\u00e1quina empacadora. Las briquetas producidas pueden utilizarse ampliamente en aplicaciones dom\u00e9sticas e industriales. WOOD Machinery puede personalizar m\u00e1quinas y adhesivos seg\u00fan las diferentes necesidades de los clientes, y tambi\u00e9n puede ajustar y personalizar las m\u00e1quinas de la l\u00ednea de producci\u00f3n. <\/p>    <h2 class=\"wp-block-heading\" id=\"h-raw-material-of-coal-briquettes-production-line\">Materia prima de la l\u00ednea de producci\u00f3n de briquetas de carb\u00f3n.<\/h2>    <p>La materia prima de la l\u00ednea de producci\u00f3n de briquetas de carb\u00f3n es el carb\u00f3n, luego se muele el carb\u00f3n hasta obtener un polvo de carb\u00f3n finamente molido. Antes de formarse, el carb\u00f3n pulverizado debe mezclarse con el aglutinante y el agua seg\u00fan una determinada proporci\u00f3n, lo que puede aumentar la viscosidad de las briquetas y ayudar a que el carb\u00f3n pulverizado se forme mejor.<\/p>    <div class=\"wp-block-image\"><figure class=\"aligncenter size-full\"><img loading=\"lazy\" decoding=\"async\" width=\"720\" height=\"540\" src=\"https:\/\/bestcharcoalmachine.com\/wp-content\/uploads\/2022\/01\/raw-materials1.jpg\" alt=\"\" class=\"wp-image-3004\"\/><figcaption>proceso de transformaci\u00f3n del carb\u00f3n<\/figcaption><\/figure><\/div>    <h2 class=\"wp-block-heading\">Pasos principales de la l\u00ednea de formaci\u00f3n de polvo de carb\u00f3n.<\/h2>    <p>Molienda\u2013Mezcla\u2013Conformado\u2013Secado\u2013Envasado<\/p>    <div class=\"wp-block-media-text alignwide is-stacked-on-mobile\"><figure class=\"wp-block-media-text__media\"><img loading=\"lazy\" decoding=\"async\" width=\"720\" height=\"540\" src=\"https:\/\/bestcharcoalmachine.com\/wp-content\/uploads\/2022\/01\/coal-crusher.jpg\" alt=\"trituradora de carbon\" class=\"wp-image-2414 size-full\"\/><\/figure><div class=\"wp-block-media-text__content\"> <h3 class=\"wp-block-heading\">Paso 1: molienda<\/h3>    <p class=\"translation-block\">Un <a href=\"https:\/\/bestcharcoalmachine.com\/es\/grinder-and-mixer\/compound-coal-crusher\/\">triturador<\/a> compuesto es adecuado para materiales de construcci\u00f3n, miner\u00eda, metalurgia, industria qu\u00edmica y otras industrias. Se utiliza generalmente para triturar piedra caliza, carb\u00f3n y otros minerales. En esta l\u00ednea de producci\u00f3n de briquetas de carb\u00f3n, pulveriza el carb\u00f3n en carb\u00f3n pulverizado fino, que luego se alimenta a trav\u00e9s de un transportador de banda a un mezclador de doble eje.<\/p> <\/div><\/div>    <div class=\"wp-block-media-text alignwide is-stacked-on-mobile\"><figure class=\"wp-block-media-text__media\"><img loading=\"lazy\" decoding=\"async\" width=\"720\" height=\"540\" src=\"https:\/\/bestcharcoalmachine.com\/wp-content\/uploads\/2022\/01\/double-shaft-mixer.jpg\" alt=\"mezclador de doble eje\" class=\"wp-image-2412 size-full\"\/><\/figure><div class=\"wp-block-media-text__content\"> <h3 class=\"wp-block-heading\">Paso 2: Mezclar<\/h3>    <p>En este paso, mezcle el polvo de carb\u00f3n pulverizado, el aglutinante y el agua. Pon esos tres ingredientes en una batidora de doble eje en una determinada proporci\u00f3n para mezclar.<\/p> <\/div><\/div>    <div class=\"wp-block-media-text alignwide is-stacked-on-mobile\"><figure class=\"wp-block-media-text__media\"><img loading=\"lazy\" decoding=\"async\" width=\"720\" height=\"540\" src=\"https:\/\/bestcharcoalmachine.com\/wp-content\/uploads\/2021\/12\/charcoal-ball-press-machine-2.jpg\" alt=\"m\u00e1quina de prensa de bolas de carb\u00f3n\" class=\"wp-image-1826 size-full\" srcset=\"https:\/\/bestcharcoalmachine.com\/wp-content\/uploads\/2021\/12\/charcoal-ball-press-machine-2.jpg 720w, https:\/\/bestcharcoalmachine.com\/wp-content\/uploads\/2021\/12\/charcoal-ball-press-machine-2-300x225.jpg 300w\" sizes=\"auto, (max-width: 720px) 100vw, 720px\" \/><\/figure><div class=\"wp-block-media-text__content\"> <h3 class=\"wp-block-heading\">Paso 3: Formando<\/h3>    <p class=\"translation-block\">La <a href=\"https:\/\/bestcharcoalmachine.com\/es\/charcoal-briquette-machine\/charcoal-ball-press-machine\/\">m\u00e1quina de prensado de bolas de carb\u00f3n<\/a> utiliza dos rodillos para prensar el polvo de carb\u00f3n pulverizado preparado y produce briquetas de carb\u00f3n de alta densidad mediante alta presi\u00f3n. Cuanto mayor sea el modelo de la m\u00e1quina, mayor ser\u00e1 la presi\u00f3n y mayor ser\u00e1 la producci\u00f3n. La briqueta se puede dise\u00f1ar en forma redonda, de almohada, cuadrada, etc. Esta m\u00e1quina se utiliza ampliamente en la industria del carb\u00f3n y la industria metal\u00fargica.<\/p> <\/div><\/div>    <h3 class=\"wp-block-heading\" id=\"h-step-4-drying\">Paso 4: Secado <\/h3>    <p class=\"translation-block\">Debido a la adici\u00f3n de agua y aglutinante, las briquetas preparadas tendr\u00e1n una humedad relativamente alta, lo que afectar\u00e1 el efecto de combusti\u00f3n. Por lo tanto, las briquetas de carb\u00f3n necesitan ser secadas con un secador para reducir la humedad. WOOD Machinery tiene dos tipos de secadores, uno es un <a href=\"https:\/\/bestcharcoalmachine.com\/es\/product\/box-type-charcoal-dryer\/\">secador de tipo caja<\/a>, el otro es un <a href=\"https:\/\/bestcharcoalmachine.com\/es\/drying-machine\/mesh-belt-dryer\/\">secador de malla<\/a>.<\/p>    <figure class=\"wp-block-gallery has-nested-images columns-default is-cropped wp-block-gallery-2 is-layout-flex wp-block-gallery-is-layout-flex\"> <figure class=\"wp-block-image size-large\"><img loading=\"lazy\" decoding=\"async\" width=\"720\" height=\"540\" data-id=\"2242\" src=\"https:\/\/bestcharcoalmachine.com\/wp-content\/uploads\/2021\/12\/Box-type-Charcoal-Dryer-3.jpg\" alt=\"Secadora de carb\u00f3n tipo caja\" class=\"wp-image-2242\" srcset=\"https:\/\/bestcharcoalmachine.com\/wp-content\/uploads\/2021\/12\/Box-type-Charcoal-Dryer-3.jpg 720w, https:\/\/bestcharcoalmachine.com\/wp-content\/uploads\/2021\/12\/Box-type-Charcoal-Dryer-3-300x225.jpg 300w\" sizes=\"auto, (max-width: 720px) 100vw, 720px\" \/><figcaption>Secadora de carb\u00f3n tipo caja<\/figcaption><\/figure>    <figure class=\"wp-block-image size-large\"><img loading=\"lazy\" decoding=\"async\" width=\"720\" height=\"540\" data-id=\"2244\" src=\"https:\/\/bestcharcoalmachine.com\/wp-content\/uploads\/2021\/12\/Mesh-Belt-Dryer-4.jpg\" alt=\"Secador de cinta de malla\" class=\"wp-image-2244\" srcset=\"https:\/\/bestcharcoalmachine.com\/wp-content\/uploads\/2021\/12\/Mesh-Belt-Dryer-4.jpg 720w, https:\/\/bestcharcoalmachine.com\/wp-content\/uploads\/2021\/12\/Mesh-Belt-Dryer-4-300x225.jpg 300w\" sizes=\"auto, (max-width: 720px) 100vw, 720px\" \/><figcaption>Secador de cinta de malla<\/figcaption><\/figure> <\/figure>    <div class=\"wp-block-media-text alignwide is-stacked-on-mobile\"><figure class=\"wp-block-media-text__media\"><img loading=\"lazy\" decoding=\"async\" width=\"720\" height=\"540\" src=\"https:\/\/bestcharcoalmachine.com\/wp-content\/uploads\/2022\/01\/packing-machine.jpg\" alt=\"m\u00e1quina de embalaje\" class=\"wp-image-2428 size-full\"\/><\/figure><div class=\"wp-block-media-text__content\"> <h3 class=\"wp-block-heading\" id=\"h-step-5-packaging\">Paso 5: embalaje<\/h3>    <p class=\"translation-block\">Las briquetas secadas pueden ser empaquetadas con una <a href=\"https:\/\/bestcharcoalmachine.com\/es\/briquettes-packing-machine\/charcoal-briquette-packing-machine-2\/\">m\u00e1quina de embalaje<\/a> cuantitativa. Primero establece el peso, y la m\u00e1quina dejar\u00e1 de descargar despu\u00e9s de alcanzar el peso establecido.<\/p> <\/div><\/div>    <h2 class=\"wp-block-heading\" id=\"h-round-and-pillow-coal-briquettes-application\">Aplicaci\u00f3n de briquetas de carb\u00f3n redondo y almohada.<\/h2>    <p>La l\u00ednea de formaci\u00f3n de polvo de carb\u00f3n puede producir materiales esf\u00e9ricos, con forma de almohada y cuadrados.<span class=\"has-inline-color has-green-color\"> <\/span><span class=\"has-inline-color has-gray-dark-color\">briquetas de carb\u00f3n<\/span><span class=\"has-inline-color has-yellow-color\"> <\/span>se pueden producir, en general, los clientes prefieren utilizar briquetas esf\u00e9ricas y en forma de almohada por su practicidad y precio.<\/p>    <p>Briquetas incluye briquetas de uso civil y briquetas industriales. Las briquetas de uso civil se refieren al carb\u00f3n utilizado en la vida diaria, incluidas las industrias de cocina, calefacci\u00f3n y servicios de catering. La producci\u00f3n de briquetas industriales es relativamente compleja y exige grandes requisitos. Generalmente se divide en las siguientes categor\u00edas: briquetas formadoras de gas, briquetas para calderas y briquetas respetuosas con el medio ambiente.<\/p>    <figure class=\"wp-block-gallery has-nested-images columns-default is-cropped wp-block-gallery-3 is-layout-flex wp-block-gallery-is-layout-flex\"> <figure class=\"wp-block-image size-large\"><img loading=\"lazy\" decoding=\"async\" width=\"720\" height=\"540\" data-id=\"2415\" src=\"https:\/\/bestcharcoalmachine.com\/wp-content\/uploads\/2022\/01\/round-coal-briquettes.jpg\" alt=\"briquetas de carb\u00f3n redondas\" class=\"wp-image-2415\"\/><figcaption>briquetas de carb\u00f3n redondas<\/figcaption><\/figure>    <figure class=\"wp-block-image size-large\"><img loading=\"lazy\" decoding=\"async\" width=\"720\" height=\"540\" data-id=\"2416\" src=\"https:\/\/bestcharcoalmachine.com\/wp-content\/uploads\/2022\/01\/pillow-shaped-briquettes.jpg\" alt=\"briquetas en forma de almohada\" class=\"wp-image-2416\"\/><figcaption>briquetas en forma de almohada<\/figcaption><\/figure> <\/figure>    <h2 class=\"wp-block-heading\" id=\"h-turn-coal-into-clean-energy\">Convertir el carb\u00f3n en energ\u00eda limpia<\/h2>    <p>El carb\u00f3n limpio se produce procesando carb\u00f3n mediante tecnolog\u00eda moderna, agregando algunos aglutinantes y componentes qu\u00edmicos. La l\u00ednea de producci\u00f3n de briquetas de carb\u00f3n puede completar f\u00e1cilmente todo el paso de procesamiento; los operadores solo necesitan verter las proporciones correctas de los ingredientes en la mezcladora y la m\u00e1quina hace el resto. <\/p>    <p>En comparaci\u00f3n con el carb\u00f3n com\u00fan, la misma cantidad de combusti\u00f3n puede reducir en gran medida la emisi\u00f3n de contaminantes como di\u00f3xido de azufre, \u00f3xidos de nitr\u00f3geno y polvo, que es m\u00e1s limpio en comparaci\u00f3n. Cada invierno es un per\u00edodo grave de contaminaci\u00f3n del aire, entre los cuales la calefacci\u00f3n de carb\u00f3n de los residentes es una de las principales fuentes de contaminaci\u00f3n. Promover el uso de carb\u00f3n limpio puede aliviar eficazmente la presi\u00f3n de calefacci\u00f3n en invierno y construir un sistema de calefacci\u00f3n limpio.<\/p>    <figure class=\"wp-block-gallery has-nested-images columns-default is-cropped wp-block-gallery-4 is-layout-flex wp-block-gallery-is-layout-flex\"> <figure class=\"wp-block-image size-large\"><img loading=\"lazy\" decoding=\"async\" width=\"720\" height=\"540\" data-id=\"2995\" src=\"https:\/\/bestcharcoalmachine.com\/wp-content\/uploads\/2022\/01\/coal-packages1.jpg\" alt=\"\" class=\"wp-image-2995\"\/><figcaption>carb\u00f3n limpio envasado<\/figcaption><\/figure>    <figure class=\"wp-block-image size-large\"><img loading=\"lazy\" decoding=\"async\" width=\"576\" height=\"421\" data-id=\"2998\" src=\"https:\/\/bestcharcoalmachine.com\/wp-content\/uploads\/2022\/03\/clean-coal1-edited-1.jpg\" alt=\"carb\u00f3n limpio\" class=\"wp-image-2998\"\/><figcaption>carb\u00f3n limpio<\/figcaption><\/figure> <\/figure>    <h2 class=\"wp-block-heading\">Exhibici\u00f3n de m\u00e1quinas de f\u00e1brica de m\u00e1quinas formadoras de polvo de carb\u00f3n.<\/h2>    <p>Nuestra f\u00e1brica tiene inventario suficiente y varios modelos est\u00e1n disponibles. Si los clientes tienen requisitos especiales para el rendimiento o la forma de la l\u00ednea de producci\u00f3n de briquetas, podemos dise\u00f1arlos y personalizarlos.<\/p>    <figure class=\"wp-block-gallery has-nested-images columns-default is-cropped wp-block-gallery-5 is-layout-flex wp-block-gallery-is-layout-flex\"> <figure class=\"wp-block-image size-large\"><img loading=\"lazy\" decoding=\"async\" width=\"720\" height=\"540\" data-id=\"2424\" src=\"https:\/\/bestcharcoalmachine.com\/wp-content\/uploads\/2022\/01\/coal-ball-press-machine-in-plant-1.jpg\" alt=\"m\u00e1quina de prensa de bolas de carb\u00f3n en la planta\" class=\"wp-image-2424\"\/><figcaption>m\u00e1quina de prensa de bolas de carb\u00f3n en la planta<\/figcaption><\/figure>    <figure class=\"wp-block-image size-large\"><img loading=\"lazy\" decoding=\"async\" width=\"720\" height=\"540\" data-id=\"2421\" src=\"https:\/\/bestcharcoalmachine.com\/wp-content\/uploads\/2022\/01\/charcoal-ball-press-machines-in-our-plant.jpg\" alt=\"M\u00e1quinas de prensa de bolas de carb\u00f3n en nuestra planta.\" class=\"wp-image-2421\"\/><figcaption>M\u00e1quinas de prensa de bolas de carb\u00f3n en nuestra planta.<\/figcaption><\/figure> <\/figure>    <h2 class=\"wp-block-heading\" id=\"h-successful-case-of-coal-briquette-production-line-to-romania\">Caso exitoso de l\u00ednea de producci\u00f3n de briquetas de carb\u00f3n a Rumania<\/h2>    <p class=\"translation-block\">Un cliente de Rumania vio un video de nuestra m\u00e1quina de prensado de bolas de carb\u00f3n en YouTube, hizo clic para visitar nuestro canal y se alegr\u00f3 de ver la m\u00e1quina que quer\u00eda. Luego consult\u00f3 a nuestro gerente de ventas sobre la l\u00ednea de producci\u00f3n relacionada, despu\u00e9s de conocer su demanda, le recomendamos esta l\u00ednea de producci\u00f3n de briquetas de carb\u00f3n. Ahora toda la l\u00ednea de producci\u00f3n ha sido <a href=\"https:\/\/bestcharcoalmachine.com\/es\/news\/coal-briquette-production-line-exported-to-romania\/\">enviada a Rumania<\/a>.<\/p>    <figure class=\"wp-block-gallery has-nested-images columns-default is-cropped wp-block-gallery-6 is-layout-flex wp-block-gallery-is-layout-flex\"> <figure class=\"wp-block-image size-large\"><img loading=\"lazy\" decoding=\"async\" width=\"720\" height=\"540\" data-id=\"2963\" src=\"https:\/\/bestcharcoalmachine.com\/wp-content\/uploads\/2022\/03\/coal-briquette-production-line-for-Romania1.jpg\" alt=\"L\u00ednea de producci\u00f3n de briquetas de carb\u00f3n para Rumania.\" class=\"wp-image-2963\"\/><figcaption>L\u00ednea de producci\u00f3n de briquetas de carb\u00f3n para Rumania.<\/figcaption><\/figure>    <figure class=\"wp-block-image size-large\"><img loading=\"lazy\" decoding=\"async\" width=\"720\" height=\"540\" data-id=\"2962\" src=\"https:\/\/bestcharcoalmachine.com\/wp-content\/uploads\/2022\/03\/the-whole-production-line.jpg\" alt=\"toda la l\u00ednea de producci\u00f3n\" class=\"wp-image-2962\"\/><figcaption>toda la l\u00ednea de producci\u00f3n<\/figcaption><\/figure> <\/figure>    <figure class=\"wp-block-gallery has-nested-images columns-default is-cropped wp-block-gallery-7 is-layout-flex wp-block-gallery-is-layout-flex\"> <figure class=\"wp-block-image size-large\"><img loading=\"lazy\" decoding=\"async\" width=\"720\" height=\"540\" data-id=\"2966\" src=\"https:\/\/bestcharcoalmachine.com\/wp-content\/uploads\/2022\/03\/coal-powder-mixers.jpg\" alt=\"mezcladores de carb\u00f3n en polvo\" class=\"wp-image-2966\"\/><figcaption>mezcladores de carb\u00f3n en polvo<\/figcaption><\/figure>    <figure class=\"wp-block-image size-large\"><img loading=\"lazy\" decoding=\"async\" width=\"720\" height=\"540\" data-id=\"2964\" src=\"https:\/\/bestcharcoalmachine.com\/wp-content\/uploads\/2022\/03\/coal-briquettes-making-machine.jpg\" alt=\"maquina para fabricar briquetas de carbon\" class=\"wp-image-2964\"\/><figcaption>maquina para fabricar briquetas de carbon<\/figcaption><\/figure> <\/figure>    <h2 class=\"wp-block-heading\" id=\"h-sales-services-of-coal-powder-forming-line\">Servicios de venta de l\u00ednea de formaci\u00f3n de polvo de carb\u00f3n.<\/h2>    <ul class=\"wp-block-list\"><li>Servicio de preventa: brindarle planificaci\u00f3n de proyectos, dise\u00f1o de procesos y desarrollar un conjunto de equipos que se adapte a sus necesidades; Dise\u00f1e y fabrique la l\u00ednea de formaci\u00f3n de polvo de carb\u00f3n de acuerdo con sus necesidades especiales y brinde capacitaci\u00f3n para su operaci\u00f3n t\u00e9cnica.<\/li><li>Servicio de venta: equipos de producci\u00f3n precisos y acompa\u00f1ar a nuestro cliente para completar la aceptaci\u00f3n del equipo, ayudar en la preparaci\u00f3n del plan de instalaci\u00f3n y el proceso detallado.<\/li><li>Nuestra empresa enviar\u00e1 t\u00e9cnicos al sitio del cliente para guiar la instalaci\u00f3n del equipo, poner en marcha la m\u00e1quina para fabricar briquetas de carb\u00f3n a producci\u00f3n normal y capacitar a los operadores para su uso y mantenimiento.<\/li><\/ul>","protected":false},"excerpt":{"rendered":"<p>The coal briquettes production line is a series of processes for pressing pulverized coal into spherical or pillow-like briquettes. The equipment of the coal powder forming line includes a coal pulverizer, double shaft mixer, coal ball pressing machine, dryer and packaging machine. The briquettes produced can be widely used in domestic and industrial applications. WOOD [&hellip;]<\/p>\n","protected":false},"author":1,"featured_media":2413,"parent":0,"template":"","tags":[],"product-type":[52],"class_list":["post-2397","product","type-product","status-publish","has-post-thumbnail","hentry","product-type-product-line"],"_links":{"self":[{"href":"https:\/\/bestcharcoalmachine.com\/es\/wp-json\/wp\/v2\/product\/2397","targetHints":{"allow":["GET"]}}],"collection":[{"href":"https:\/\/bestcharcoalmachine.com\/es\/wp-json\/wp\/v2\/product"}],"about":[{"href":"https:\/\/bestcharcoalmachine.com\/es\/wp-json\/wp\/v2\/types\/product"}],"author":[{"embeddable":true,"href":"https:\/\/bestcharcoalmachine.com\/es\/wp-json\/wp\/v2\/users\/1"}],"wp:featuredmedia":[{"embeddable":true,"href":"https:\/\/bestcharcoalmachine.com\/es\/wp-json\/wp\/v2\/media\/2413"}],"wp:attachment":[{"href":"https:\/\/bestcharcoalmachine.com\/es\/wp-json\/wp\/v2\/media?parent=2397"}],"wp:term":[{"taxonomy":"post_tag","embeddable":true,"href":"https:\/\/bestcharcoalmachine.com\/es\/wp-json\/wp\/v2\/tags?post=2397"},{"taxonomy":"product-type","embeddable":true,"href":"https:\/\/bestcharcoalmachine.com\/es\/wp-json\/wp\/v2\/product-type?post=2397"}],"curies":[{"name":"wp","href":"https:\/\/api.w.org\/{rel}","templated":true}]}}