{"id":2292,"date":"2021-12-30T09:17:59","date_gmt":"2021-12-30T09:17:59","guid":{"rendered":"https:\/\/bestcharcoalmachine.com\/"},"modified":"2022-09-28T16:53:33","modified_gmt":"2022-09-28T08:53:33","slug":"tree-branch-crusher-machine","status":"publish","type":"product","link":"https:\/\/bestcharcoalmachine.com\/es\/product\/tree-branch-crusher-machine\/","title":{"rendered":"M\u00e1quina trituradora de ramas de \u00e1rbol | Trituradora de madera industrial"},"content":{"rendered":"<div class=\"kk-star-ratings kksr-auto kksr-align-left kksr-valign-top\"     data-payload='{&quot;align&quot;:&quot;left&quot;,&quot;id&quot;:&quot;2292&quot;,&quot;slug&quot;:&quot;default&quot;,&quot;valign&quot;:&quot;top&quot;,&quot;ignore&quot;:&quot;&quot;,&quot;reference&quot;:&quot;auto&quot;,&quot;class&quot;:&quot;&quot;,&quot;count&quot;:&quot;19&quot;,&quot;legendonly&quot;:&quot;&quot;,&quot;readonly&quot;:&quot;&quot;,&quot;score&quot;:&quot;4.6&quot;,&quot;starsonly&quot;:&quot;&quot;,&quot;best&quot;:&quot;5&quot;,&quot;gap&quot;:&quot;5&quot;,&quot;greet&quot;:&quot;Rate this product&quot;,&quot;legend&quot;:&quot;4.6\\\/5 - (19 votos)&quot;,&quot;size&quot;:&quot;24&quot;,&quot;title&quot;:&quot;Tree Branch Crusher Machine | Industrial Wood Chipper&quot;,&quot;width&quot;:&quot;130.9&quot;,&quot;_legend&quot;:&quot;{score}\\\/{best} - ({count} {votes})&quot;,&quot;font_factor&quot;:&quot;1.25&quot;}'>              <div class=\"kksr-stars\">      <div class=\"kksr-stars-inactive\">             <div class=\"kksr-star\" data-star=\"1\" style=\"padding-right: 5px\">               <div class=\"kksr-icon\" style=\"width: 24px; height: 24px;\"><\/div>         <\/div>             <div class=\"kksr-star\" data-star=\"2\" style=\"padding-right: 5px\">               <div class=\"kksr-icon\" style=\"width: 24px; height: 24px;\"><\/div>         <\/div>             <div class=\"kksr-star\" data-star=\"3\" style=\"padding-right: 5px\">               <div class=\"kksr-icon\" style=\"width: 24px; height: 24px;\"><\/div>         <\/div>             <div class=\"kksr-star\" data-star=\"4\" style=\"padding-right: 5px\">               <div class=\"kksr-icon\" style=\"width: 24px; height: 24px;\"><\/div>         <\/div>             <div class=\"kksr-star\" data-star=\"5\" style=\"padding-right: 5px\">               <div class=\"kksr-icon\" style=\"width: 24px; height: 24px;\"><\/div>         <\/div>     <\/div>      <div class=\"kksr-stars-active\" style=\"width: 130.9px;\">             <div class=\"kksr-star\" style=\"padding-right: 5px\">               <div class=\"kksr-icon\" style=\"width: 24px; height: 24px;\"><\/div>         <\/div>             <div class=\"kksr-star\" style=\"padding-right: 5px\">               <div class=\"kksr-icon\" style=\"width: 24px; height: 24px;\"><\/div>         <\/div>             <div class=\"kksr-star\" style=\"padding-right: 5px\">               <div class=\"kksr-icon\" style=\"width: 24px; height: 24px;\"><\/div>         <\/div>             <div class=\"kksr-star\" style=\"padding-right: 5px\">               <div class=\"kksr-icon\" style=\"width: 24px; height: 24px;\"><\/div>         <\/div>             <div class=\"kksr-star\" style=\"padding-right: 5px\">               <div class=\"kksr-icon\" style=\"width: 24px; height: 24px;\"><\/div>         <\/div>     <\/div> <\/div>                   <div class=\"kksr-legend\" style=\"font-size: 19.2px;\">             4,6\/5 - (19 votos)    <\/div>     <\/div>  <p>Se utiliza una m\u00e1quina trituradora de ramas de \u00e1rboles para cortar troncos y ramas de \u00e1rboles en pedazos. El uso de trituradoras de madera puede reducir significativamente el tiempo, la mano de obra y el presupuesto necesarios para completar el trabajo forestal. La maquinaria WOOD tiene una variedad de modelos de trituradoras de madera industriales, que pueden afrontar la destrucci\u00f3n de diferentes escenas. Bienvenido a consultar.<\/p>    <h2 class=\"wp-block-heading\">Breve introducci\u00f3n de la trituradora de ramas.<\/h2>    <p>La trituradora de ramas de jard\u00edn es una trituradora de ramas desarrollada por nuestra empresa despu\u00e9s de a\u00f1os de investigaci\u00f3n de mercado y en respuesta al llamado del departamento gubernamental de protecci\u00f3n ambiental. Su finalidad es triturar en pedazos las ramas frescas o podadas. Adecuado para proyectos de ecologizaci\u00f3n urbana, jardiner\u00eda o trabajos forestales. En la actualidad, existen dos modos de potencia principales para el trabajo de la trituradora de \u00e1rboles: el modelo grande utiliza un motor di\u00e9sel y el modelo peque\u00f1o suele utilizar un motor de gasolina.<\/p>    <h2 class=\"wp-block-heading\" id=\"h-branch-grinder-details\">Detalles del molinillo de ramas<\/h2>    <div class=\"wp-block-media-text is-stacked-on-mobile\"><figure class=\"wp-block-media-text__media\"><img loading=\"lazy\" decoding=\"async\" width=\"720\" height=\"540\" src=\"https:\/\/bestcharcoalmachine.com\/wp-content\/uploads\/2021\/12\/enlarged-feeding-inlet.jpg\" alt=\"entrada de alimentaci\u00f3n ampliada\" class=\"wp-image-2611 size-full\"\/><\/figure><div class=\"wp-block-media-text__content\"> <p>El puerto de alimentaci\u00f3n de nuestra m\u00e1quina trituradora de ramas de \u00e1rboles se ha ampliado, por lo tanto, las ramas de gran volumen tambi\u00e9n se pueden alimentar f\u00e1cilmente a la m\u00e1quina trituradora de ramas.<\/p> <\/div><\/div>    <div class=\"wp-block-media-text has-media-on-the-right is-stacked-on-mobile\"><figure class=\"wp-block-media-text__media\"><img loading=\"lazy\" decoding=\"async\" width=\"720\" height=\"540\" src=\"https:\/\/bestcharcoalmachine.com\/wp-content\/uploads\/2021\/12\/forced-feed-rollers.jpg\" alt=\"rodillos de alimentaci\u00f3n forzada\" class=\"wp-image-2612 size-full\"\/><\/figure><div class=\"wp-block-media-text__content\"> <p>El puerto de alimentaci\u00f3n est\u00e1 equipado con un rodillo de alimentaci\u00f3n forzada, lo que facilita mucho la operaci\u00f3n de alimentaci\u00f3n.<\/p> <\/div><\/div>    <div class=\"wp-block-media-text is-stacked-on-mobile\"><figure class=\"wp-block-media-text__media\"><img loading=\"lazy\" decoding=\"async\" width=\"720\" height=\"540\" src=\"https:\/\/bestcharcoalmachine.com\/wp-content\/uploads\/2021\/12\/cutting-blades-1.jpg\" alt=\"cuchillas de corte\" class=\"wp-image-2624 size-full\"\/><\/figure><div class=\"wp-block-media-text__content\"> <p> Las cuchillas de corte de la m\u00e1quina trituradora de ramas de \u00e1rboles dentro del pulverizador est\u00e1n hechas de acero al manganeso, que son afiladas y resistentes al desgaste, lo que puede mejorar la eficiencia del pulverizador. <\/p> <\/div><\/div>    <div class=\"wp-block-media-text has-media-on-the-right is-stacked-on-mobile\"><figure class=\"wp-block-media-text__media\"><img loading=\"lazy\" decoding=\"async\" width=\"720\" height=\"540\" src=\"https:\/\/bestcharcoalmachine.com\/wp-content\/uploads\/2021\/12\/belts.jpg\" alt=\"cinturones\" class=\"wp-image-2629 size-full\"\/><\/figure><div class=\"wp-block-media-text__content\"> <p>La trituradora de madera industrial est\u00e1 equipada con una transmisi\u00f3n de m\u00faltiples correas, por lo que la conversi\u00f3n de energ\u00eda es suficiente y la eficiencia del trabajo es alta.<\/p> <\/div><\/div>    <div class=\"wp-block-media-text is-stacked-on-mobile\"><figure class=\"wp-block-media-text__media\"><img loading=\"lazy\" decoding=\"async\" width=\"720\" height=\"540\" src=\"https:\/\/bestcharcoalmachine.com\/wp-content\/uploads\/2021\/12\/night-work-lights.jpg\" alt=\"luz\" class=\"wp-image-2625 size-full\"\/><\/figure><div class=\"wp-block-media-text__content\"> <p>La luz nocturna hace que el funcionamiento nocturno sea m\u00e1s seguro y pr\u00e1ctico<\/p> <\/div><\/div>    <h2 class=\"wp-block-heading\" id=\"h-raw-materials-of-industrial-wood-chipper\">Materias primas de la trituradora de madera industrial.<\/h2>    <p> Las trituradoras de ramas se utilizan principalmente para triturar diversas ramas y hojas cortadas de varios \u00e1rboles. Estas ramas frescas contienen mucha agua, por lo que estar\u00e1n m\u00e1s suaves. Las ramas y hojas trituradas se pueden utilizar como mantillo, base para parterres, fertilizante org\u00e1nico, etc. <\/p>    <figure class=\"wp-block-image aligncenter size-full\"><img loading=\"lazy\" decoding=\"async\" width=\"720\" height=\"540\" src=\"https:\/\/bestcharcoalmachine.com\/wp-content\/uploads\/2021\/12\/raw-materials-of-tree-branch-crusher-machine.jpg\" alt=\"materias primas de la m\u00e1quina trituradora de ramas de \u00e1rbol\" class=\"wp-image-2631\"\/><figcaption>materias primas de la m\u00e1quina trituradora de ramas de \u00e1rbol<\/figcaption><\/figure>    <p class=\"translation-block\"> A diferencia de la <a href=\"https:\/\/bestcharcoalmachine.com\/es\/wood-working-equipment\/wood-crusher-machine\/\">trituradora de madera<\/a>, la m\u00e1quina trituradora de ramas tritura principalmente ramas frescas que contienen humedad. Las trituradoras de madera trituran troncos relativamente secos. <\/p>    <h2 class=\"wp-block-heading\" id=\"h-branch-crusher-application-field\">Campo de aplicaci\u00f3n de la trituradora de ramas<\/h2>    <figure class=\"wp-block-gallery has-nested-images columns-default is-cropped wp-block-gallery-2 is-layout-flex wp-block-gallery-is-layout-flex\"> <figure class=\"wp-block-image size-large\"><img loading=\"lazy\" decoding=\"async\" width=\"720\" height=\"540\" data-id=\"2617\" src=\"https:\/\/bestcharcoalmachine.com\/wp-content\/uploads\/2021\/12\/community-gardening.jpg\" alt=\"jardiner\u00eda comunitaria\" class=\"wp-image-2617\"\/><figcaption>jardiner\u00eda comunitaria<\/figcaption><\/figure>    <figure class=\"wp-block-image size-large\"><img loading=\"lazy\" decoding=\"async\" width=\"720\" height=\"540\" data-id=\"2618\" src=\"https:\/\/bestcharcoalmachine.com\/wp-content\/uploads\/2021\/12\/golf-course.jpg\" alt=\"campo de golf\" class=\"wp-image-2618\"\/><figcaption>campo de golf<\/figcaption><\/figure>    <figure class=\"wp-block-image size-large\"><img loading=\"lazy\" decoding=\"async\" width=\"720\" height=\"540\" data-id=\"2619\" src=\"https:\/\/bestcharcoalmachine.com\/wp-content\/uploads\/2021\/12\/road-tree-maintenance.jpg\" alt=\"mantenimiento de \u00e1rboles de carretera\" class=\"wp-image-2619\"\/><figcaption>mantenimiento de \u00e1rboles de carretera<\/figcaption><\/figure> <\/figure>    <figure class=\"wp-block-gallery has-nested-images columns-default is-cropped wp-block-gallery-3 is-layout-flex wp-block-gallery-is-layout-flex\"> <figure class=\"wp-block-image size-large\"><img loading=\"lazy\" decoding=\"async\" width=\"720\" height=\"540\" data-id=\"2620\" src=\"https:\/\/bestcharcoalmachine.com\/wp-content\/uploads\/2021\/12\/bamboo-forest.jpg\" alt=\"\" class=\"wp-image-2620\"\/><figcaption>bosque de bamb\u00fa<\/figcaption><\/figure>    <figure class=\"wp-block-image size-large\"><img loading=\"lazy\" decoding=\"async\" width=\"720\" height=\"540\" data-id=\"2622\" src=\"https:\/\/bestcharcoalmachine.com\/wp-content\/uploads\/2021\/12\/biomass-power-generation.jpg\" alt=\"generaci\u00f3n de energ\u00eda con biomasa\" class=\"wp-image-2622\"\/><figcaption>generaci\u00f3n de energ\u00eda con biomasa<\/figcaption><\/figure>    <figure class=\"wp-block-image size-large\"><img loading=\"lazy\" decoding=\"async\" width=\"720\" height=\"540\" data-id=\"2621\" src=\"https:\/\/bestcharcoalmachine.com\/wp-content\/uploads\/2021\/12\/orchards.jpg\" alt=\"huertos\" class=\"wp-image-2621\"\/><figcaption>huertos<\/figcaption><\/figure> <\/figure>    <p>La m\u00e1quina trituradora de ramas de \u00e1rboles es adecuada para triturar cortezas, hojas, ramas h\u00famedas, tiras de madera, postes de bamb\u00fa, hojas de bamb\u00fa, ramas peque\u00f1as y otros materiales, y la granularidad de salida es ajustable. Esta trituradora de ramas es adecuada para equipos industriales especiales como jardines, huertos, mantenimiento de \u00e1rboles en carreteras, parques y \u00e1reas verdes comunitarias.<\/p>    <h2 class=\"wp-block-heading\" id=\"h-necessity-of-tree-branch-crusher-machine\">Necesidad de una m\u00e1quina trituradora de ramas de \u00e1rboles.<\/h2>    <p class=\"translation-block\">La <a href=\"https:\/\/bestcharcoalmachine.com\/es\/news\/the-branch-shredder-turns-waste-branches-into-treasures\/\">aplicaci\u00f3n de una trituradora de ramas<\/a> es amplia. Para operar una plantaci\u00f3n de \u00e1rboles frutales, es necesario podar las ramas de desecho de los \u00e1rboles de forma regular. Los \u00e1rboles de la calle en las ciudades y las plantas en los parques tambi\u00e9n necesitan ser podados regularmente.<\/p>    <p>En el pasado, debido a la indiferencia de la conciencia sobre la protecci\u00f3n del medio ambiente, la gente pod\u00eda quemar directamente las ramas y hojas podadas. Sin embargo, con el deterioro del medio ambiente y la mejora de la conciencia ambiental de la gente, la gente utilizar\u00e1 una trituradora de ramas para triturar y aplastar las ramas podadas. El aserr\u00edn posterior se puede utilizar como fertilizante org\u00e1nico natural cuando se esparce en el espacio verde y tambi\u00e9n puede mejorar la capacidad de almacenamiento de agua del suelo.<\/p>    <p>Despu\u00e9s de la trituraci\u00f3n, se puede usar como mantillo, base para camas de jard\u00edn, fertilizante org\u00e1nico, hongos comestibles, generaci\u00f3n de energ\u00eda de biomasa y tambi\u00e9n se puede usar en la producci\u00f3n de tableros de alta densidad, tableros de part\u00edculas, industria papelera, etc.<\/p>    <h2 class=\"wp-block-heading\">Caracter\u00edsticas de la trituradora de madera industrial.<\/h2>    <ol class=\"wp-block-list\"><li>La trituradora de carreteras est\u00e1 equipada con un dispositivo de tracci\u00f3n que se puede conectar al veh\u00edculo de transporte delantero, lo cual es conveniente para mover. Los desechos descargados por el puerto de descarga se pueden recoger directamente en el cami\u00f3n de transporte.<\/li><li>La m\u00e1quina trituradora de \u00e1rboles tiene una amplia gama de aplicaciones y es adecuada para paisajes como jardines, \u00e1reas verdes de caminos urbanos y procesamiento de madera residual en granjas forestales.<\/li><li>La trituradora de madera es resistente y duradera, tiene una larga vida \u00fatil y es f\u00e1cil de operar cuando la usa. Puede ser utilizado por los empleados mediante una sencilla formaci\u00f3n.<\/li><\/ol>    <figure class=\"wp-block-gallery has-nested-images columns-default is-cropped wp-block-gallery-4 is-layout-flex wp-block-gallery-is-layout-flex\"> <figure class=\"wp-block-image size-large\"><img loading=\"lazy\" decoding=\"async\" width=\"720\" height=\"540\" data-id=\"2626\" src=\"https:\/\/bestcharcoalmachine.com\/wp-content\/uploads\/2021\/12\/large-size-branch-crusher-machine.jpg\" alt=\"\" class=\"wp-image-2626\"\/><figcaption>trituradora de ramas de arbol de gran tamano<\/figcaption><\/figure>    <figure class=\"wp-block-image size-large\"><img loading=\"lazy\" decoding=\"async\" width=\"720\" height=\"540\" data-id=\"2627\" src=\"https:\/\/bestcharcoalmachine.com\/wp-content\/uploads\/2021\/12\/branch-crusher.jpg\" alt=\"trituradora de ramas de gasolina pequena\" class=\"wp-image-2627\"\/><figcaption>trituradora de ramas de gasolina pequena<\/figcaption><\/figure> <\/figure>    <h2 class=\"wp-block-heading\" id=\"h-diesel-engine-branch-crusher-parameters\">Par\u00e1metros de la trituradora de ramas con motor di\u00e9sel<\/h2>    <figure class=\"wp-block-table\"><table><tbody><tr><td>Modelo<\/td><td>WD-6130<\/td><td>WD-6145<\/td><\/tr><tr><td>Di\u00e1metro de la rueda del rodillo<\/td><td>300 mm<\/td><td>500 mm<\/td><\/tr><tr><td>Asignaci\u00f3n de energ\u00eda<\/td><td>motor di\u00e9sel de 32 CV<\/td><td>R4105ZP di\u00e9sel<\/td><\/tr><tr><td>Velocidad del host<\/td><td>2200 rpm<\/td><td>1800 rpm<\/td><\/tr><tr><td>Recuento de hojas<\/td><td>4 piezas<\/td><td>7 piezas<\/td><\/tr><tr><td>Longitud de la hoja<\/td><td>300 mm<\/td><td>230 mm<\/td><\/tr><tr><td>Di\u00e1metro del rodillo de alimentaci\u00f3n<\/td><td>280 mm<\/td><td>600 mm<\/td><\/tr><tr><td>Energ\u00eda del generador<\/td><td>600w<\/td><td>600w<\/td><\/tr><tr><td>Capacidad<\/td><td>1-2t\/h<\/td><td>3-5t\/h<\/td><\/tr><\/tbody><\/table><\/figure>    <p>Los modelos anteriores se pueden personalizar seg\u00fan los requisitos del usuario.<\/p>    <h2 class=\"wp-block-heading\" id=\"h-small-size-gasoline-branch-chipper-parameters\">Par\u00e1metros de la trituradora de ramas de gasolina de tama\u00f1o peque\u00f1o<\/h2>    <figure class=\"wp-block-table\"><table><tbody><tr><td>Modelo<\/td><td>WD-160<\/td><td>WD-365<\/td><\/tr><tr><td>Di\u00e1metro de rama rota<\/td><td>1-6cm<\/td><td>1-10cm<\/td><\/tr><tr><td>velocidad exterior<\/td><td>2800 rpm<\/td><td>2800 rpm<\/td><\/tr><tr><td>Potencia de salida <\/td><td>7,5 CV\/3600 rpm<\/td><td>13HP\/3600rpm <\/td><\/tr><tr><td>Capacidad del tanque<\/td><td>3.6L<\/td><td>6.5L<\/td><\/tr><tr><td>Capacidad del sistema de aceite del motor<\/td><td>1.1L<\/td><td>1.1L<\/td><\/tr><tr><td>Tipo de combustible<\/td><td>92#<\/td><td>92#<\/td><\/tr><\/tbody><\/table><\/figure>    <p>Los modelos anteriores se pueden personalizar seg\u00fan los requisitos del usuario.<\/p>    <h2 class=\"wp-block-heading\" id=\"h-tree-branch-crusher-machine-display\">Exhibici\u00f3n de la m\u00e1quina trituradora de ramas de \u00e1rbol<\/h2>    <figure class=\"wp-block-gallery has-nested-images columns-default is-cropped wp-block-gallery-5 is-layout-flex wp-block-gallery-is-layout-flex\"> <figure class=\"wp-block-image size-large\"><img loading=\"lazy\" decoding=\"async\" width=\"720\" height=\"540\" data-id=\"2632\" src=\"https:\/\/bestcharcoalmachine.com\/wp-content\/uploads\/2021\/12\/branch-crusher-1.jpg\" alt=\"trituradora de ramas\" class=\"wp-image-2632\"\/><figcaption>trituradora de ramas con motor diesel<\/figcaption><\/figure>    <figure class=\"wp-block-image size-large\"><img loading=\"lazy\" decoding=\"async\" width=\"720\" height=\"540\" data-id=\"2633\" src=\"https:\/\/bestcharcoalmachine.com\/wp-content\/uploads\/2021\/12\/tree-branch-crusher.jpg\" alt=\"trituradora de ramas de arbol\" class=\"wp-image-2633\"\/><figcaption>trituradora de ramas de arbol con motor diesel<\/figcaption><\/figure> <\/figure>    <figure class=\"wp-block-gallery has-nested-images columns-default is-cropped wp-block-gallery-6 is-layout-flex wp-block-gallery-is-layout-flex\"> <figure class=\"wp-block-image size-large\"><img loading=\"lazy\" decoding=\"async\" width=\"720\" height=\"540\" data-id=\"2634\" src=\"https:\/\/bestcharcoalmachine.com\/wp-content\/uploads\/2021\/12\/wood-crushers.jpg\" alt=\"\" class=\"wp-image-2634\"\/><figcaption>trituradoras de madera con motor diesel<\/figcaption><\/figure>    <figure class=\"wp-block-image size-large\"><img loading=\"lazy\" decoding=\"async\" width=\"720\" height=\"540\" data-id=\"2614\" src=\"https:\/\/bestcharcoalmachine.com\/wp-content\/uploads\/2021\/12\/small-type-diesel-engine-crusher-1.jpg\" alt=\"trituradora de motor diesel pequeno\" class=\"wp-image-2614\"\/><figcaption>trituradora de motor de gasolina de tipo pequeno<\/figcaption><\/figure> <\/figure>","protected":false},"excerpt":{"rendered":"<p>A tree branch crusher machine is used to cut tree trunks and branches into pieces. The use of wood chippers can significantly reduce the time, manpower, and budget required to complete forestry work. WOOD machinery has a variety of models of industrial wood shredders, which can meet the smashing of different scenes. Welcome to inquire. [&hellip;]<\/p>\n","protected":false},"author":1,"featured_media":2307,"parent":0,"template":"","tags":[],"product-type":[51],"class_list":["post-2292","product","type-product","status-publish","has-post-thumbnail","hentry","product-type-wood-working-equipment"],"_links":{"self":[{"href":"https:\/\/bestcharcoalmachine.com\/es\/wp-json\/wp\/v2\/product\/2292","targetHints":{"allow":["GET"]}}],"collection":[{"href":"https:\/\/bestcharcoalmachine.com\/es\/wp-json\/wp\/v2\/product"}],"about":[{"href":"https:\/\/bestcharcoalmachine.com\/es\/wp-json\/wp\/v2\/types\/product"}],"author":[{"embeddable":true,"href":"https:\/\/bestcharcoalmachine.com\/es\/wp-json\/wp\/v2\/users\/1"}],"wp:featuredmedia":[{"embeddable":true,"href":"https:\/\/bestcharcoalmachine.com\/es\/wp-json\/wp\/v2\/media\/2307"}],"wp:attachment":[{"href":"https:\/\/bestcharcoalmachine.com\/es\/wp-json\/wp\/v2\/media?parent=2292"}],"wp:term":[{"taxonomy":"post_tag","embeddable":true,"href":"https:\/\/bestcharcoalmachine.com\/es\/wp-json\/wp\/v2\/tags?post=2292"},{"taxonomy":"product-type","embeddable":true,"href":"https:\/\/bestcharcoalmachine.com\/es\/wp-json\/wp\/v2\/product-type?post=2292"}],"curies":[{"name":"wp","href":"https:\/\/api.w.org\/{rel}","templated":true}]}}