{"id":1741,"date":"2021-12-24T03:17:46","date_gmt":"2021-12-24T03:17:46","guid":{"rendered":"https:\/\/bestcharcoalmachine.com\/?p=1741"},"modified":"2022-03-02T09:59:44","modified_gmt":"2022-03-02T09:59:44","slug":"compound-coal-crusher","status":"publish","type":"product","link":"https:\/\/bestcharcoalmachine.com\/es\/product\/compound-coal-crusher\/","title":{"rendered":"trituradora de carb\u00f3n compuesto | Pulverizador de carb\u00f3n vertical"},"content":{"rendered":"<div class=\"kk-star-ratings kksr-auto kksr-align-left kksr-valign-top\"     data-payload='{&quot;align&quot;:&quot;left&quot;,&quot;id&quot;:&quot;1741&quot;,&quot;slug&quot;:&quot;default&quot;,&quot;valign&quot;:&quot;top&quot;,&quot;ignore&quot;:&quot;&quot;,&quot;reference&quot;:&quot;auto&quot;,&quot;class&quot;:&quot;&quot;,&quot;count&quot;:&quot;26&quot;,&quot;legendonly&quot;:&quot;&quot;,&quot;readonly&quot;:&quot;&quot;,&quot;score&quot;:&quot;4.8&quot;,&quot;starsonly&quot;:&quot;&quot;,&quot;best&quot;:&quot;5&quot;,&quot;gap&quot;:&quot;5&quot;,&quot;greet&quot;:&quot;Rate this product&quot;,&quot;legend&quot;:&quot;4.8\\\/5 - (26 votos)&quot;,&quot;size&quot;:&quot;24&quot;,&quot;title&quot;:&quot;Compound Coal Crusher | Vertical Coal Pulverizer&quot;,&quot;width&quot;:&quot;136.7&quot;,&quot;_legend&quot;:&quot;{score}\\\/{best} - ({count} {votes})&quot;,&quot;font_factor&quot;:&quot;1.25&quot;}'>              <div class=\"kksr-stars\">      <div class=\"kksr-stars-inactive\">             <div class=\"kksr-star\" data-star=\"1\" style=\"padding-right: 5px\">               <div class=\"kksr-icon\" style=\"width: 24px; height: 24px;\"><\/div>         <\/div>             <div class=\"kksr-star\" data-star=\"2\" style=\"padding-right: 5px\">               <div class=\"kksr-icon\" style=\"width: 24px; height: 24px;\"><\/div>         <\/div>             <div class=\"kksr-star\" data-star=\"3\" style=\"padding-right: 5px\">               <div class=\"kksr-icon\" style=\"width: 24px; height: 24px;\"><\/div>         <\/div>             <div class=\"kksr-star\" data-star=\"4\" style=\"padding-right: 5px\">               <div class=\"kksr-icon\" style=\"width: 24px; height: 24px;\"><\/div>         <\/div>             <div class=\"kksr-star\" data-star=\"5\" style=\"padding-right: 5px\">               <div class=\"kksr-icon\" style=\"width: 24px; height: 24px;\"><\/div>         <\/div>     <\/div>      <div class=\"kksr-stars-active\" style=\"width: 136.7px;\">             <div class=\"kksr-star\" style=\"padding-right: 5px\">               <div class=\"kksr-icon\" style=\"width: 24px; height: 24px;\"><\/div>         <\/div>             <div class=\"kksr-star\" style=\"padding-right: 5px\">               <div class=\"kksr-icon\" style=\"width: 24px; height: 24px;\"><\/div>         <\/div>             <div class=\"kksr-star\" style=\"padding-right: 5px\">               <div class=\"kksr-icon\" style=\"width: 24px; height: 24px;\"><\/div>         <\/div>             <div class=\"kksr-star\" style=\"padding-right: 5px\">               <div class=\"kksr-icon\" style=\"width: 24px; height: 24px;\"><\/div>         <\/div>             <div class=\"kksr-star\" style=\"padding-right: 5px\">               <div class=\"kksr-icon\" style=\"width: 24px; height: 24px;\"><\/div>         <\/div>     <\/div> <\/div>                   <div class=\"kksr-legend\" style=\"font-size: 19.2px;\">             4,8\/5 - (26 votos)    <\/div>     <\/div>  <p class=\"translation-block\">El triturador de carb\u00f3n compuesto tambi\u00e9n se conoce como pulverizador de carb\u00f3n vertical. El triturador de carb\u00f3n es un nuevo tipo de equipo industrial lanzado en respuesta a la situaci\u00f3n actual de la <a href=\"https:\/\/bestcharcoalmachine.com\/es\/product\/coal-briquettes-production-line\/attachment\/coal-briquettes-production-line\/\">planta de carb\u00f3n<\/a>. Su alta eficiencia y bajo consumo son sus caracter\u00edsticas sobresalientes. El fuselaje est\u00e1 hecho de materiales resistentes al desgaste con una larga vida \u00fatil y una amplia gama de materiales de trituraci\u00f3n, como carb\u00f3n, ganga de carb\u00f3n, escoria y otros materiales, que son favorecidos por muchos fabricantes.<\/p>    <h2 class=\"wp-block-heading\">Breve introducci\u00f3n del pulverizador de carb\u00f3n vertical.<\/h2>    <p>La trituradora de carb\u00f3n compuesta se utiliza principalmente en plantas de carb\u00f3n, minas de carb\u00f3n, centrales el\u00e9ctricas y otras f\u00e1bricas que procesan carb\u00f3n. Es un nuevo tipo de equipo de trituraci\u00f3n adecuado para triturar y procesar materiales con mayor humedad y viscosidad. El pulverizador vertical puede triturar carb\u00f3n, mineral, roca u otros materiales de dureza media que est\u00e9n secos o contengan menos de 20% de humedad. La trituradora de carb\u00f3n tiene una estructura simple y f\u00e1cil de operar. El polvo de carb\u00f3n triturado se puede colocar en una m\u00e1quina de briquetas de panal para darle forma, o se puede usar una m\u00e1quina de briquetas para hacer briquetas.<\/p>    <div class=\"wp-block-image\"><figure class=\"aligncenter size-full\"><img loading=\"lazy\" decoding=\"async\" width=\"720\" height=\"540\" src=\"https:\/\/bestcharcoalmachine.com\/wp-content\/uploads\/2021\/12\/coal-crusher-2.jpg\" alt=\"\" class=\"wp-image-2911\"\/><\/figure><\/div>    <h2 class=\"wp-block-heading\" id=\"h-application-of-compound-coal-crusher\">Aplicaci\u00f3n de la trituradora de carb\u00f3n compuesta.<\/h2>    <p class=\"translation-block\">Su rendimiento ha alcanzado el nivel avanzado nacional, se utiliza para triturar diversas menas de dureza media, y puede ser ampliamente utilizado en miner\u00eda, metalurgia, refractarios, cemento, carb\u00f3n, vidrio, cer\u00e1mica, energ\u00eda el\u00e9ctrica y otras industrias. Su resistencia a la compresi\u00f3n no supera los 140 MPa y la humedad no supera el 15%. En la <a href=\"https:\/\/bestcharcharcoalmachine.com\/coal-briquette-processing-plant\/\">l\u00ednea de producci\u00f3n de briquetas de carb\u00f3n<\/a>, la maquinaria WOOD equipa pulverizadores de carb\u00f3n para triturar carb\u00f3n.<\/p>    <div class=\"wp-block-image\"><figure class=\"aligncenter size-full\"><img decoding=\"async\" src=\"https:\/\/bestcharcoalmachine.com\/wp-content\/uploads\/2021\/12\/application-of-compound-coal-crusher.jpg\" alt=\"aplicacion de la trituradora de carbon compuesto\" class=\"wp-image-1766\"\/><figcaption>aplicacion de la trituradora de carbon compuesto<\/figcaption><\/figure><\/div>    <h2 class=\"wp-block-heading\" id=\"h-advantages-of-vertical-coal-pulverizer\">Ventajas del pulverizador de carb\u00f3n vertical.<\/h2>    <ul class=\"wp-block-list\"><li>El tama\u00f1o de part\u00edcula de salida de la trituradora compuesta se puede ajustar arbitrariamente, su relaci\u00f3n de trituraci\u00f3n es grande y la eficiencia de trituraci\u00f3n es alta.<\/li><li>El material despu\u00e9s de la trituradora de carb\u00f3n tiene un alto contenido de humedad, por lo que el material con un gran contenido de lodo no debe bloquearse.<\/li><li>Las piezas de desgaste de la trituradora de carb\u00f3n compuesta est\u00e1n hechas de materiales de aleaci\u00f3n de m\u00faltiples elementos de alta dureza y tenacidad, la m\u00e1quina es resistente al desgaste y la vida \u00fatil aumenta de 2 a 3 veces.<\/li><li>El consumo de energ\u00eda y el consumo de energ\u00eda del pulverizador de carb\u00f3n vertical son muy bajos, la eficiencia de producci\u00f3n es alta, el ahorro de energ\u00eda y el costo total de producci\u00f3n es ultrabajo.<\/li><\/ul>    <div class=\"wp-block-image\"><figure class=\"aligncenter size-full\"><img loading=\"lazy\" decoding=\"async\" width=\"720\" height=\"540\" src=\"https:\/\/bestcharcoalmachine.com\/wp-content\/uploads\/2021\/12\/coal-crusher.jpg\" alt=\"\" class=\"wp-image-1870\" srcset=\"https:\/\/bestcharcoalmachine.com\/wp-content\/uploads\/2021\/12\/coal-crusher.jpg 720w, https:\/\/bestcharcoalmachine.com\/wp-content\/uploads\/2021\/12\/coal-crusher-300x225.jpg 300w\" sizes=\"auto, (max-width: 720px) 100vw, 720px\" \/><\/figure><\/div>    <div class=\"wp-block-image\"><figure class=\"aligncenter size-full is-resized\"><img loading=\"lazy\" decoding=\"async\" src=\"https:\/\/bestcharcoalmachine.com\/wp-content\/uploads\/2021\/12\/compound-coal-crusher-in-our-factory.jpg\" alt=\"trituradora de carb\u00f3n compuesto en nuestra f\u00e1brica\" class=\"wp-image-1745\" width=\"720\" height=\"540\"\/><figcaption>trituradora de carb\u00f3n compuesto en nuestra f\u00e1brica<\/figcaption><\/figure><\/div>    <h2 class=\"wp-block-heading\" id=\"h-technical-parameters-of-compound-coal-pulverizer\">Par\u00e1metros t\u00e9cnicos del pulverizador de carb\u00f3n compuesto.<\/h2>    <figure class=\"wp-block-table\"><table><tbody><tr><td>Tipo<\/td><td>WD-CC800<\/td><td>WD-CC1000<\/td><td>WD-CC1250<\/td><td>WD-CC1500<\/td><td>WD-CC1750<\/td><\/tr><tr><td>Di\u00e1metro de la rueda (mm)<\/td><td>650<\/td><td>800<\/td><td>1000<\/td><td>1250<\/td><td>1560<\/td><\/tr><tr><td>Altura del cilindro (mm)<\/td><td>800<\/td><td>850<\/td><td>850<\/td><td>1000<\/td><td>1410<\/td><\/tr><tr><td>Velocidad del husillo (r\/min)<\/td><td>1350<\/td><td>970<\/td><td>740<\/td><td>650<\/td><td>600<\/td><\/tr><tr><td>Tama\u00f1o de la materia prima (mm)<\/td><td>50<\/td><td>70<\/td><td>100<\/td><td>100<\/td><td>100<\/td><\/tr><tr><td>Tama\u00f1o de descarga (mm)<\/td><td>0-5<\/td><td> 0-5 <\/td><td> 0-5 <\/td><td> 0-5 <\/td><td> 0-5 <\/td><\/tr><tr><td>Capacidad de procesamiento (t\/h)<\/td><td>5-15<\/td><td>10-30<\/td><td>20-60<\/td><td>30-80<\/td><td>40-100<\/td><\/tr><tr><td>Potencia del motor (kilovatios)<\/td><td>30<\/td><td>50<\/td><td>75<\/td><td>110<\/td><td>132<\/td><\/tr><tr><td>Peso (t)<\/td><td>2.3<\/td><td>4.5<\/td><td>9.73<\/td><td>18.1<\/td><td>26.61<\/td><\/tr><\/tbody><\/table><\/figure>    <p>En general, el tama\u00f1o m\u00e1s peque\u00f1o es m\u00e1s popular por su buen precio. Pero la gran planta de carb\u00f3n prefiere la WD-CC1500 por su gran capacidad.<\/p>    <h2 class=\"wp-block-heading\">Aplicaci\u00f3n del pulverizador de carb\u00f3n en la l\u00ednea de producci\u00f3n de briquetas de carb\u00f3n.<\/h2>    <p class=\"translation-block\">La materia prima de la <a href=\"https:\/\/bestcharcoalmachine.com\/es\/product\/coal-briquettes-production-line\/attachment\/coal-briquettes-production-line\/\">l\u00ednea de producci\u00f3n de briquetas de carb\u00f3n<\/a> es polvo de carb\u00f3n finamente molido. Por lo tanto, el primer paso de la producci\u00f3n es usar un triturador de carb\u00f3n compuesto para triturar el carb\u00f3n. Antes de formar, el carb\u00f3n pulverizado necesita ser mezclado con el aglutinante y el agua seg\u00fan una cierta proporci\u00f3n, lo que puede aumentar la viscosidad de las briquetas y ayudar a que el carb\u00f3n pulverizado se forme mejor.<\/p>    <p>El equipo relacionado de la trituradora de carb\u00f3n compuesta incluye una m\u00e1quina prensadora de bolas de carb\u00f3n y una m\u00e1quina prensadora de briquetas de panal.<\/p>    <div class=\"wp-block-media-text is-stacked-on-mobile\"><figure class=\"wp-block-media-text__media\"><img loading=\"lazy\" decoding=\"async\" width=\"720\" height=\"540\" src=\"https:\/\/bestcharcoalmachine.com\/wp-content\/uploads\/2021\/12\/Charcoal-Ball-Press-Machine.jpg\" alt=\"M\u00e1quina-prensadora-de-bolas-de-carb\u00f3n\" class=\"wp-image-1825 size-full\" srcset=\"https:\/\/bestcharcoalmachine.com\/wp-content\/uploads\/2021\/12\/Charcoal-Ball-Press-Machine.jpg 720w, https:\/\/bestcharcoalmachine.com\/wp-content\/uploads\/2021\/12\/Charcoal-Ball-Press-Machine-300x225.jpg 300w\" sizes=\"auto, (max-width: 720px) 100vw, 720px\" \/><\/figure><div class=\"wp-block-media-text__content\"> <p id=\"h-\" class=\"translation-block\">La <a href=\"https:\/\/bestcharcoalmachine.com\/es\/charcoal-briquette-machine\/charcoal-ball-press-machine\/\">m\u00e1quina de prensado de bolas de carb\u00f3n<\/a> es una m\u00e1quina de formaci\u00f3n importante para el polvo de carb\u00f3n, que puede prensarlo en diferentes formas, incluyendo redondas, almohada, cuadradas, etc. <\/p>    <p id=\"h-\">Utiliza dos rodillos para prensar el polvo de carb\u00f3n pulverizado preparado y produce briquetas de carb\u00f3n de alta densidad mediante alta presi\u00f3n. Esta m\u00e1quina es ampliamente utilizada en la industria del carb\u00f3n y la industria metal\u00fargica.<\/p> <\/div><\/div>    <div class=\"wp-block-media-text has-media-on-the-right is-stacked-on-mobile\"><figure class=\"wp-block-media-text__media\"><img loading=\"lazy\" decoding=\"async\" width=\"720\" height=\"540\" src=\"https:\/\/bestcharcoalmachine.com\/wp-content\/uploads\/2021\/12\/Honeycomb-Coal-Briquette-Machine.jpg\" alt=\"M\u00e1quina-briquetas-de-carb\u00f3n-en forma de panal\" class=\"wp-image-1993 size-full\" srcset=\"https:\/\/bestcharcoalmachine.com\/wp-content\/uploads\/2021\/12\/Honeycomb-Coal-Briquette-Machine.jpg 720w, https:\/\/bestcharcoalmachine.com\/wp-content\/uploads\/2021\/12\/Honeycomb-Coal-Briquette-Machine-300x225.jpg 300w\" sizes=\"auto, (max-width: 720px) 100vw, 720px\" \/><\/figure><div class=\"wp-block-media-text__content\"> <p class=\"translation-block\">La <a href=\"https:\/\/bestcharcoalmachine.com\/es\/charcoal-briquette-machine\/honeycomb-coal-briquette-machine\/\">m\u00e1quina de briquetas de carb\u00f3n de nido de abeja<\/a> es un equipo de m\u00e1quina de briquetas que prensa polvo de carb\u00f3n. Se pueden hacer varias formas, que incluyen principalmente formas hexagonales y de nido de abeja.<\/p> <\/div><\/div>    <h2 class=\"wp-block-heading\" id=\"h-difference-between-charcoal-hammer-mill-and-coal-crusher\">Diferencia entre molino de martillos de carb\u00f3n y trituradora de carb\u00f3n <\/h2>    <p class=\"translation-block\">La capacidad del triturador de carb\u00f3n compuesto es mayor que la del <a href=\"https:\/\/bestcharcoalmachine.com\/es\/wood-working-equipment\/hammer-mill\/\">molino de martillos<\/a>, el precio es m\u00e1s bajo, lo que es m\u00e1s adecuado para f\u00e1bricas con un presupuesto bajo. Pero si se usa para triturar carb\u00f3n vegetal, el efecto no es tan bueno como el del molino de martillos. Por lo tanto, para triturar carb\u00f3n vegetal, recomendamos a los clientes que utilicen un molino de martillos, que puede triturar el carb\u00f3n vegetal muy finamente y alcanzar el est\u00e1ndar para la fabricaci\u00f3n de carb\u00f3n de cachimba.<\/p>    <figure class=\"wp-block-gallery has-nested-images columns-default is-cropped wp-block-gallery-2 is-layout-flex wp-block-gallery-is-layout-flex\"> <figure class=\"wp-block-image size-large\"><img loading=\"lazy\" decoding=\"async\" width=\"720\" height=\"540\" data-id=\"2221\" src=\"https:\/\/bestcharcoalmachine.com\/wp-content\/uploads\/2021\/11\/wood-hammer-mill.jpg\" alt=\"molino de martillos para madera\" class=\"wp-image-2221\" srcset=\"https:\/\/bestcharcoalmachine.com\/wp-content\/uploads\/2021\/11\/wood-hammer-mill.jpg 720w, https:\/\/bestcharcoalmachine.com\/wp-content\/uploads\/2021\/11\/wood-hammer-mill-300x225.jpg 300w\" sizes=\"auto, (max-width: 720px) 100vw, 720px\" \/><figcaption>molino de martillos para madera<\/figcaption><\/figure>    <figure class=\"wp-block-image size-large\"><img loading=\"lazy\" decoding=\"async\" width=\"720\" height=\"540\" data-id=\"2845\" src=\"https:\/\/bestcharcoalmachine.com\/wp-content\/uploads\/2021\/12\/shisha-charcoal-1.jpg\" alt=\"carb\u00f3n para shisha\" class=\"wp-image-2845\"\/><figcaption>carb\u00f3n para shisha<\/figcaption><\/figure> <\/figure>","protected":false},"excerpt":{"rendered":"<p>The compound coal crusher is also known as the vertical coal pulverizer. The coal crusher is a new type of industrial equipment launched in response to the current situation of the coal plant. Its high efficiency and low consumption are its outstanding characteristics. The fuselage is made of wear-resistant materials with long service life and [&hellip;]<\/p>\n","protected":false},"author":1,"featured_media":2259,"parent":0,"template":"","tags":[],"product-type":[48],"class_list":["post-1741","product","type-product","status-publish","has-post-thumbnail","hentry","product-type-grinder-and-mixer"],"_links":{"self":[{"href":"https:\/\/bestcharcoalmachine.com\/es\/wp-json\/wp\/v2\/product\/1741","targetHints":{"allow":["GET"]}}],"collection":[{"href":"https:\/\/bestcharcoalmachine.com\/es\/wp-json\/wp\/v2\/product"}],"about":[{"href":"https:\/\/bestcharcoalmachine.com\/es\/wp-json\/wp\/v2\/types\/product"}],"author":[{"embeddable":true,"href":"https:\/\/bestcharcoalmachine.com\/es\/wp-json\/wp\/v2\/users\/1"}],"wp:featuredmedia":[{"embeddable":true,"href":"https:\/\/bestcharcoalmachine.com\/es\/wp-json\/wp\/v2\/media\/2259"}],"wp:attachment":[{"href":"https:\/\/bestcharcoalmachine.com\/es\/wp-json\/wp\/v2\/media?parent=1741"}],"wp:term":[{"taxonomy":"post_tag","embeddable":true,"href":"https:\/\/bestcharcoalmachine.com\/es\/wp-json\/wp\/v2\/tags?post=1741"},{"taxonomy":"product-type","embeddable":true,"href":"https:\/\/bestcharcoalmachine.com\/es\/wp-json\/wp\/v2\/product-type?post=1741"}],"curies":[{"name":"wp","href":"https:\/\/api.w.org\/{rel}","templated":true}]}}