{"id":1734,"date":"2021-12-23T08:41:09","date_gmt":"2021-12-23T08:41:09","guid":{"rendered":"https:\/\/bestcharcoalmachine.com\/?p=1734"},"modified":"2022-03-03T09:47:14","modified_gmt":"2022-03-03T09:47:14","slug":"box-type-charcoal-dryer","status":"publish","type":"product","link":"https:\/\/bestcharcoalmachine.com\/es\/product\/box-type-charcoal-dryer\/","title":{"rendered":"Secadora de carb\u00f3n tipo caja | Secadora de briquetas de carb\u00f3n"},"content":{"rendered":"<div class=\"kk-star-ratings kksr-auto kksr-align-left kksr-valign-top\"     data-payload='{&quot;align&quot;:&quot;left&quot;,&quot;id&quot;:&quot;1734&quot;,&quot;slug&quot;:&quot;default&quot;,&quot;valign&quot;:&quot;top&quot;,&quot;ignore&quot;:&quot;&quot;,&quot;reference&quot;:&quot;auto&quot;,&quot;class&quot;:&quot;&quot;,&quot;count&quot;:&quot;19&quot;,&quot;legendonly&quot;:&quot;&quot;,&quot;readonly&quot;:&quot;&quot;,&quot;score&quot;:&quot;4.5&quot;,&quot;starsonly&quot;:&quot;&quot;,&quot;best&quot;:&quot;5&quot;,&quot;gap&quot;:&quot;5&quot;,&quot;greet&quot;:&quot;Rate this product&quot;,&quot;legend&quot;:&quot;4.5\\\/5 - (19 votos)&quot;,&quot;size&quot;:&quot;24&quot;,&quot;title&quot;:&quot;Box-type Charcoal Dryer | Charcoal Briquette Drying Machine&quot;,&quot;width&quot;:&quot;128&quot;,&quot;_legend&quot;:&quot;{score}\\\/{best} - ({count} {votes})&quot;,&quot;font_factor&quot;:&quot;1.25&quot;}'>              <div class=\"kksr-stars\">      <div class=\"kksr-stars-inactive\">             <div class=\"kksr-star\" data-star=\"1\" style=\"padding-right: 5px\">               <div class=\"kksr-icon\" style=\"width: 24px; height: 24px;\"><\/div>         <\/div>             <div class=\"kksr-star\" data-star=\"2\" style=\"padding-right: 5px\">               <div class=\"kksr-icon\" style=\"width: 24px; height: 24px;\"><\/div>         <\/div>             <div class=\"kksr-star\" data-star=\"3\" style=\"padding-right: 5px\">               <div class=\"kksr-icon\" style=\"width: 24px; height: 24px;\"><\/div>         <\/div>             <div class=\"kksr-star\" data-star=\"4\" style=\"padding-right: 5px\">               <div class=\"kksr-icon\" style=\"width: 24px; height: 24px;\"><\/div>         <\/div>             <div class=\"kksr-star\" data-star=\"5\" style=\"padding-right: 5px\">               <div class=\"kksr-icon\" style=\"width: 24px; height: 24px;\"><\/div>         <\/div>     <\/div>      <div class=\"kksr-stars-active\" style=\"width: 128px;\">             <div class=\"kksr-star\" style=\"padding-right: 5px\">               <div class=\"kksr-icon\" style=\"width: 24px; height: 24px;\"><\/div>         <\/div>             <div class=\"kksr-star\" style=\"padding-right: 5px\">               <div class=\"kksr-icon\" style=\"width: 24px; height: 24px;\"><\/div>         <\/div>             <div class=\"kksr-star\" style=\"padding-right: 5px\">               <div class=\"kksr-icon\" style=\"width: 24px; height: 24px;\"><\/div>         <\/div>             <div class=\"kksr-star\" style=\"padding-right: 5px\">               <div class=\"kksr-icon\" style=\"width: 24px; height: 24px;\"><\/div>         <\/div>             <div class=\"kksr-star\" style=\"padding-right: 5px\">               <div class=\"kksr-icon\" style=\"width: 24px; height: 24px;\"><\/div>         <\/div>     <\/div> <\/div>                   <div class=\"kksr-legend\" style=\"font-size: 19.2px;\">             4,5\/5 - (19 votos)    <\/div>     <\/div>  <p class=\"translation-block\">El secador de carb\u00f3n de tipo caja es muy com\u00fan en la industria del carb\u00f3n de madera. Por lo general, el secado y <a href=\"https:\/\/bestcharcoalmachine.com\/es\/briquettes-packing-machine\/charcoal-briquette-packing-machine-2\/\">empaquetado<\/a> de briquetas son los \u00faltimos pasos de la <a href=\"https:\/\/bestcharcoalmachine.com\/es\/product-line\/barbecue-charcoal-production-line\/\">l\u00ednea de producci\u00f3n de carb\u00f3n<\/a>. El proceso de moldeo de varios tipos de briquetas de carb\u00f3n, como los carbones para shisha y las bolas de carb\u00f3n, requiere la adici\u00f3n de una cierta proporci\u00f3n de aglutinante y agua. Por lo tanto, el carbono basado en biomasa reci\u00e9n producido tiene un mayor contenido de humedad y necesita ser secado para mejorar varios indicadores de resistencia.<\/p>    <h2 class=\"wp-block-heading\">Aplicaci\u00f3n del secador de carb\u00f3n.<\/h2>    <p>La sala de secado de carb\u00f3n tipo caja tiene una amplia gama de aplicaciones y se puede utilizar en muchos campos, como carb\u00f3n vegetal, alimentos, productos agr\u00edcolas y secundarios, frutas, materiales medicinales chinos y productos acu\u00e1ticos. Para las plantas de procesamiento de carb\u00f3n, sus materias primas son siempre carb\u00f3n para narguile, briquetas de carb\u00f3n en forma de panal, bolas de carb\u00f3n para barbacoa, etc. <\/p>    <figure class=\"wp-block-gallery has-nested-images columns-default is-cropped wp-block-gallery-2 is-layout-flex wp-block-gallery-is-layout-flex\"> <figure class=\"wp-block-image size-large\"><img loading=\"lazy\" decoding=\"async\" width=\"720\" height=\"540\" data-id=\"1996\" src=\"https:\/\/bestcharcoalmachine.com\/wp-content\/uploads\/2021\/12\/honeycomb-coal-display.jpg\" alt=\"\" class=\"wp-image-1996\" srcset=\"https:\/\/bestcharcoalmachine.com\/wp-content\/uploads\/2021\/12\/honeycomb-coal-display.jpg 720w, https:\/\/bestcharcoalmachine.com\/wp-content\/uploads\/2021\/12\/honeycomb-coal-display-300x225.jpg 300w\" sizes=\"auto, (max-width: 720px) 100vw, 720px\" \/><figcaption>briquetas de carb\u00f3n vegetal alveolar<\/figcaption><\/figure>    <figure class=\"wp-block-image size-large\"><img loading=\"lazy\" decoding=\"async\" width=\"720\" height=\"540\" data-id=\"2844\" src=\"https:\/\/bestcharcoalmachine.com\/wp-content\/uploads\/2021\/12\/hookah-charcoal.jpg\" alt=\"carb\u00f3n de narguile\" class=\"wp-image-2844\"\/><figcaption>carb\u00f3n de narguile<\/figcaption><\/figure> <\/figure>    <figure class=\"wp-block-gallery has-nested-images columns-default is-cropped wp-block-gallery-3 is-layout-flex wp-block-gallery-is-layout-flex\"> <figure class=\"wp-block-image size-large\"><img loading=\"lazy\" decoding=\"async\" width=\"720\" height=\"540\" data-id=\"2924\" src=\"https:\/\/bestcharcoalmachine.com\/wp-content\/uploads\/2021\/12\/BBQ-charcoal-balls.jpg\" alt=\"bolas de carb\u00f3n para barbacoa\" class=\"wp-image-2924\"\/><figcaption>bolas de carb\u00f3n para barbacoa<\/figcaption><\/figure>    <figure class=\"wp-block-image size-large\"><img loading=\"lazy\" decoding=\"async\" width=\"720\" height=\"540\" data-id=\"2813\" src=\"https:\/\/bestcharcoalmachine.com\/wp-content\/uploads\/2022\/02\/charcoal-briquettes-of-hexagon-shapes1.jpg\" alt=\"briquetas de carb\u00f3n de forma hexagonal\" class=\"wp-image-2813\"\/><figcaption>briquetas de carb\u00f3n de forma hexagonal<\/figcaption><\/figure> <\/figure>    <p>Debido a la amplia gama de materias primas, los procesadores de alimentos tambi\u00e9n pueden secar frutas y verduras con esta secadora tipo caja.<\/p>    <figure class=\"wp-block-gallery has-nested-images columns-default is-cropped wp-block-gallery-4 is-layout-flex wp-block-gallery-is-layout-flex\"> <figure class=\"wp-block-image size-large\"><img loading=\"lazy\" decoding=\"async\" width=\"720\" height=\"540\" data-id=\"2927\" src=\"https:\/\/bestcharcoalmachine.com\/wp-content\/uploads\/2021\/12\/strawberry-drying1.jpg\" alt=\"secado de fresas\" class=\"wp-image-2927\"\/><figcaption>secado de fresas<\/figcaption><\/figure>    <figure class=\"wp-block-image size-large\"><img loading=\"lazy\" decoding=\"async\" width=\"720\" height=\"540\" data-id=\"2926\" src=\"https:\/\/bestcharcoalmachine.com\/wp-content\/uploads\/2021\/12\/mongo-drying1.jpg\" alt=\"\" class=\"wp-image-2926\"\/><figcaption>secado de mangos<\/figcaption><\/figure> <\/figure>    <h2 class=\"wp-block-heading\" id=\"h-structures-of-box-type-charcoal-dryer\">Estructuras de secador de carb\u00f3n tipo caja.<\/h2>    <p>El secador de carb\u00f3n tipo caja se compone principalmente de un cuerpo de caja aislante, un gabinete de control, ventiladores, estantes, un conducto de ventilaci\u00f3n, un sistema de medici\u00f3n de temperatura y humedad y un dispositivo de eliminaci\u00f3n de polvo. Los paneles de pared de la caja de aislamiento t\u00e9rmico est\u00e1n hechos de acero de color de 4 mm en la parte delantera y trasera, y lana de roca de aislamiento t\u00e9rmico de 7 mm en el medio. Si el m\u00e9todo de calefacci\u00f3n es calefacci\u00f3n con bomba de calor, se debe configurar una bomba de calor.<\/p>    <figure class=\"wp-block-gallery has-nested-images columns-default is-cropped wp-block-gallery-5 is-layout-flex wp-block-gallery-is-layout-flex\"> <figure class=\"wp-block-image size-large\"><img decoding=\"async\" data-id=\"1746\" src=\"https:\/\/bestcharcoalmachine.com\/wp-content\/uploads\/2021\/12\/insulation-rock-wool.jpg\" alt=\"\" class=\"wp-image-1746\"\/><figcaption>lana de roca aislante<\/figcaption><\/figure>    <figure class=\"wp-block-image size-large\"><img decoding=\"async\" data-id=\"1747\" src=\"https:\/\/bestcharcoalmachine.com\/wp-content\/uploads\/2021\/12\/shelf-of-the-drying-room.jpg\" alt=\"estante de la sala de secado\" class=\"wp-image-1747\"\/><figcaption>estante de la sala de secado<\/figcaption><\/figure> <\/figure>    <h2 class=\"wp-block-heading\" id=\"h-video-of-charcoal-briquette-drying-machine\">Video de secadora de briquetas de carb\u00f3n.<\/h2>    <p>En este video, la secadora de carb\u00f3n procesa muchos tipos de materias primas como almid\u00f3n de batata, mango y briquetas de carb\u00f3n, lo que muestra la amplia variedad de materias primas de la secadora tipo caja.<\/p>    <figure class=\"wp-block-embed is-type-video is-provider-youtube wp-block-embed-youtube wp-embed-aspect-16-9 wp-has-aspect-ratio\"><div class=\"wp-block-embed__wrapper\"> <iframe loading=\"lazy\" title=\"Secador de briquetas de carb\u00f3n tipo caja | M\u00e1quina secadora multifuncional de carb\u00f3n, frutas y verduras a la venta\" width=\"500\" height=\"281\" src=\"https:\/\/www.youtube.com\/embed\/N9lUvGFxORo?start=26&#038;feature=oembed\" frameborder=\"0\" allow=\"accelerometer; autoplay; clipboard-write; encrypted-media; gyroscope; picture-in-picture; web-share\" referrerpolicy=\"strict-origin-when-cross-origin\" allowfullscreen><\/iframe> <\/div><\/figure>    <h2 class=\"wp-block-heading\">Principio de funcionamiento de la secadora de briquetas de carb\u00f3n<\/h2>    <p>El m\u00e9todo de calentamiento de la m\u00e1quina secadora de briquetas de carb\u00f3n incluye principalmente el m\u00e9todo tradicional de quema de carb\u00f3n y tambi\u00e9n se puede utilizar el m\u00e9todo m\u00e1s ecol\u00f3gico de quemar pellets de madera. Por supuesto, tambi\u00e9n se puede utilizar una bomba de calor para calentar. Establezca diferentes temperaturas seg\u00fan los diferentes materiales, la temperatura m\u00e1xima es de 120 grados Celsius, si el carb\u00f3n est\u00e1 seco, la temperatura m\u00e1xima es de 70 a 80 grados Celsius.<\/p>    <p>El aire caliente circula continuamente a trav\u00e9s de las tuber\u00edas alrededor de la sala de secado y, en la caja de secado, se calienta mediante la circulaci\u00f3n de aire caliente para lograr el efecto de secar los materiales. La caja de secado est\u00e1 equipada con un puerto de escape de humedad, que puede eliminar eficazmente el vapor de agua y garantizar el efecto de secado.<\/p>    <figure class=\"wp-block-gallery has-nested-images columns-default is-cropped wp-block-gallery-6 is-layout-flex wp-block-gallery-is-layout-flex\"> <figure class=\"wp-block-image size-large\"><img decoding=\"async\" data-id=\"1748\" src=\"https:\/\/bestcharcoalmachine.com\/wp-content\/uploads\/2021\/12\/Charcoal-Briquette-Drying-Machine.jpg\" alt=\"secadora de briquetas de carb\u00f3n\" class=\"wp-image-1748\"\/><figcaption>secadora de briquetas de carb\u00f3n<\/figcaption><\/figure>    <figure class=\"wp-block-image size-large\"><img decoding=\"async\" data-id=\"1749\" src=\"https:\/\/bestcharcoalmachine.com\/wp-content\/uploads\/2021\/12\/Box-type-Charcoal-Dryer-1.jpg\" alt=\"secador de carb\u00f3n tipo caja\" class=\"wp-image-1749\"\/><figcaption>secador de carb\u00f3n tipo caja<\/figcaption><\/figure> <\/figure>    <h2 class=\"wp-block-heading\">Ventajas del secador de carb\u00f3n tipo caja<\/h2>    <ol class=\"wp-block-list\"><li>El secador de carb\u00f3n es un equipo inteligente que integra deshumidificaci\u00f3n, calefacci\u00f3n, temperatura de escape y control de temperatura.<\/li><li>El dise\u00f1o exclusivo de recuperaci\u00f3n de calor del escape puede reducir la p\u00e9rdida de calor del escape y el ahorro general de energ\u00eda es mejor.<\/li><li>El secador de carb\u00f3n puede modular la temperatura y la humedad seg\u00fan las caracter\u00edsticas del material secado, con un alto grado de inteligencia.<\/li><li>No es necesario ser supervisado durante el proceso de secado y la unidad se apagar\u00e1 autom\u00e1ticamente despu\u00e9s de que se seque el material o se alcance la temperatura de secado.<\/li><li>La instalaci\u00f3n y demolici\u00f3n de la secadora de briquetas de carb\u00f3n es muy conveniente, ocupa un \u00e1rea peque\u00f1a y se puede usar en interiores y exteriores.<\/li><\/ol>    <h2 class=\"wp-block-heading\">Ventajas del secador de carb\u00f3n con bomba de calor<\/h2>    <p>Los m\u00e9todos tradicionales de secado con calderas y gas a carb\u00f3n no solo consumen mucho tiempo y tienen altos costos de mano de obra, sino que tambi\u00e9n presentan riesgos potenciales de contaminaci\u00f3n, seguridad e inocuidad de los alimentos. Se eliminar\u00e1n gradualmente cuando se haga hincapi\u00e9 en la producci\u00f3n verde. De esto naci\u00f3 la secadora con bomba de calor, que depende de una peque\u00f1a cantidad de energ\u00eda el\u00e9ctrica para absorber el calor del aire y transferirlo a la sala de secado. Los secadores con bomba de calor son uno de los representantes de la maquinaria que utiliza nuevas fuentes de energ\u00eda y son los preferidos por muchos fabricantes de protecci\u00f3n ambiental.<\/p>    <p>La sala de secado de carb\u00f3n vegetal con bomba de calor puede lograr una alta eficiencia y ahorro de energ\u00eda. Solo necesita consumir una peque\u00f1a cantidad de energ\u00eda el\u00e9ctrica para absorber una gran cantidad de calor en el aire, y el consumo de energ\u00eda es solo 1\/4 del de los secadores el\u00e9ctricos comunes; Adem\u00e1s, en comparaci\u00f3n con los secadores de carb\u00f3n, petr\u00f3leo y gas, la sala de secado de carb\u00f3n con bomba de calor puede ahorrar alrededor de 60% de costos operativos.<\/p>    <figure class=\"wp-block-gallery has-nested-images columns-default is-cropped wp-block-gallery-7 is-layout-flex wp-block-gallery-is-layout-flex\"> <figure class=\"wp-block-image size-large\"><img decoding=\"async\" data-id=\"1750\" src=\"https:\/\/bestcharcoalmachine.com\/wp-content\/uploads\/2021\/12\/heat-pump-drying-machine.jpg\" alt=\"secadora con bomba de calor\" class=\"wp-image-1750\"\/><figcaption>secadora con bomba de calor<\/figcaption><\/figure>    <figure class=\"wp-block-image size-large\"><img decoding=\"async\" data-id=\"1751\" src=\"https:\/\/bestcharcoalmachine.com\/wp-content\/uploads\/2021\/12\/heat-pump-dryer.jpg\" alt=\"secadora con bomba de calor\" class=\"wp-image-1751\"\/><figcaption>secadora con bomba de calor<\/figcaption><\/figure> <\/figure>    <h2 class=\"wp-block-heading\" id=\"h-parameters-of-charcoal-briquette-drying-machine\">Par\u00e1metros de la secadora de briquetas de carb\u00f3n.<\/h2>    <p>Estos son los dos modelos m\u00e1s vendidos y se calientan con le\u00f1a o carb\u00f3n. La longitud de cada carro es de un metro, la longitud de la sala de secado con 8 carros es de 8 metros y cada carro tiene capacidad para 10 bandejas. Por ejemplo, la caja de secado del modelo WD-BD 08 tiene 8 metros de largo y puede contener 8 carros con 80 bandejas.<\/p>    <figure class=\"wp-block-table\"><table><tbody><tr><td>Modelo<\/td><td>WD-BD 08<\/td><td>WD-BD 010<\/td><\/tr><tr><td>Tama\u00f1o del cuarto de secado<\/td><td>8m*2,3m*2,5m<\/td><td>1mX2.3mX2.5m<\/td><\/tr><tr><td>ventilador circulante<\/td><td>6 piezas<\/td><td>6 piezas<\/td><\/tr><tr><td>ventilador deshumidificador<\/td><td>2 piezas<\/td><td>2 piezas<\/td><\/tr><tr><td>Carretilla<\/td><td>8 piezas<\/td><td>10 piezas<\/td><\/tr><tr><td>Bandeja<\/td><td>80 piezas<\/td><td>100 piezas<\/td><\/tr><\/tbody><\/table><\/figure>    <h2 class=\"wp-block-heading\" id=\"h-box-type-charcoal-dryer-shipped-to-libya\">Secador de carb\u00f3n tipo caja enviado a Libia<\/h2>    <p>La f\u00e1brica de carb\u00f3n vegetal del cliente libio se estaba ampliando y produc\u00eda cada vez m\u00e1s briquetas de carb\u00f3n. El secado natural ya no pod\u00eda satisfacer sus necesidades, por lo que decidi\u00f3 invertir en una secadora para mejorar la eficiencia. <\/p>    <p class=\"translation-block\">Despu\u00e9s de conocer la escala de la planta de carb\u00f3n del cliente libio, la gerente de ventas Crystal le recomend\u00f3 una sala de secado con una producci\u00f3n diaria de 3 toneladas y una longitud de 10 metros, equipada con 100 palets. El <a href=\"https:\/\/bestcharcoalmachine.com\/es\/news\/charcoal-dryer-with-daily-output-of-3-tons-shipped-to-libya\/\">caso del cliente libio<\/a> es muy exitoso. Las siguientes im\u00e1genes son los par\u00e1metros detallados del secador adquirido por los clientes libios.<\/p>    <figure class=\"wp-block-gallery has-nested-images columns-default is-cropped wp-block-gallery-8 is-layout-flex wp-block-gallery-is-layout-flex\"> <figure class=\"wp-block-image size-large\"><img loading=\"lazy\" decoding=\"async\" width=\"540\" height=\"720\" data-id=\"2885\" src=\"https:\/\/bestcharcoalmachine.com\/wp-content\/uploads\/2022\/02\/charcoal-dryer.jpg\" alt=\"secador de carb\u00f3n\" class=\"wp-image-2885\"\/><figcaption>secador de carb\u00f3n<\/figcaption><\/figure>    <figure class=\"wp-block-image size-large\"><img loading=\"lazy\" decoding=\"async\" width=\"540\" height=\"720\" data-id=\"2888\" src=\"https:\/\/bestcharcoalmachine.com\/wp-content\/uploads\/2022\/02\/ten-pallets.jpg\" alt=\"\" class=\"wp-image-2888\"\/><\/figure>    <figure class=\"wp-block-image size-large\"><img loading=\"lazy\" decoding=\"async\" width=\"540\" height=\"720\" data-id=\"2883\" src=\"https:\/\/bestcharcoalmachine.com\/wp-content\/uploads\/2022\/02\/loading-3.jpg\" alt=\"\" class=\"wp-image-2883\"\/><\/figure> <\/figure>    <figure class=\"wp-block-gallery has-nested-images columns-default is-cropped wp-block-gallery-9 is-layout-flex wp-block-gallery-is-layout-flex\"> <figure class=\"wp-block-image size-large\"><img loading=\"lazy\" decoding=\"async\" width=\"540\" height=\"720\" data-id=\"2882\" src=\"https:\/\/bestcharcoalmachine.com\/wp-content\/uploads\/2022\/02\/Charcoal-dryer-to-Libya1.jpg\" alt=\"Secadora de carb\u00f3n a Libia\" class=\"wp-image-2882\"\/><figcaption>Secadora de carb\u00f3n a Libia<\/figcaption><\/figure>    <figure class=\"wp-block-image size-large\"><img loading=\"lazy\" decoding=\"async\" width=\"720\" height=\"540\" data-id=\"2892\" src=\"https:\/\/bestcharcoalmachine.com\/wp-content\/uploads\/2022\/02\/Charcoal-dryer-to-Libya1-1.jpg\" alt=\"Secadora de carb\u00f3n a Libia\" class=\"wp-image-2892\"\/><figcaption>Secadora de carb\u00f3n a Libia<\/figcaption><\/figure>    <figure class=\"wp-block-image size-large\"><img loading=\"lazy\" decoding=\"async\" width=\"540\" height=\"720\" data-id=\"2886\" src=\"https:\/\/bestcharcoalmachine.com\/wp-content\/uploads\/2022\/02\/charcoal-dryer-machine.jpg\" alt=\"\" class=\"wp-image-2886\"\/><figcaption>maquina secadora de carbon<\/figcaption><\/figure> <\/figure>","protected":false},"excerpt":{"rendered":"<p>The box-type charcoal dryer is very common in the wood charcoal industry. Usually, drying and packing briquettes are the last steps of the charcoal production line. The molding process of various types of charcoal briquettes like shisha charcoals and charcoal balls requires the addition of a certain proportion of binder and water. Therefore, the freshly [&hellip;]<\/p>\n","protected":false},"author":1,"featured_media":2242,"parent":0,"template":"","tags":[],"product-type":[49],"class_list":["post-1734","product","type-product","status-publish","has-post-thumbnail","hentry","product-type-drying-machine"],"_links":{"self":[{"href":"https:\/\/bestcharcoalmachine.com\/es\/wp-json\/wp\/v2\/product\/1734","targetHints":{"allow":["GET"]}}],"collection":[{"href":"https:\/\/bestcharcoalmachine.com\/es\/wp-json\/wp\/v2\/product"}],"about":[{"href":"https:\/\/bestcharcoalmachine.com\/es\/wp-json\/wp\/v2\/types\/product"}],"author":[{"embeddable":true,"href":"https:\/\/bestcharcoalmachine.com\/es\/wp-json\/wp\/v2\/users\/1"}],"wp:featuredmedia":[{"embeddable":true,"href":"https:\/\/bestcharcoalmachine.com\/es\/wp-json\/wp\/v2\/media\/2242"}],"wp:attachment":[{"href":"https:\/\/bestcharcoalmachine.com\/es\/wp-json\/wp\/v2\/media?parent=1734"}],"wp:term":[{"taxonomy":"post_tag","embeddable":true,"href":"https:\/\/bestcharcoalmachine.com\/es\/wp-json\/wp\/v2\/tags?post=1734"},{"taxonomy":"product-type","embeddable":true,"href":"https:\/\/bestcharcoalmachine.com\/es\/wp-json\/wp\/v2\/product-type?post=1734"}],"curies":[{"name":"wp","href":"https:\/\/api.w.org\/{rel}","templated":true}]}}