{"id":1722,"date":"2021-12-22T09:44:32","date_gmt":"2021-12-22T09:44:32","guid":{"rendered":"https:\/\/bestcharcoalmachine.com\/?p=1722"},"modified":"2022-03-07T05:51:25","modified_gmt":"2022-03-07T05:51:25","slug":"mesh-belt-dryer","status":"publish","type":"product","link":"https:\/\/bestcharcoalmachine.com\/es\/product\/mesh-belt-dryer\/","title":{"rendered":"Secador de banda de malla | Secadora de carb\u00f3n"},"content":{"rendered":"<div class=\"kk-star-ratings kksr-auto kksr-align-left kksr-valign-top\"     data-payload='{&quot;align&quot;:&quot;left&quot;,&quot;id&quot;:&quot;1722&quot;,&quot;slug&quot;:&quot;default&quot;,&quot;valign&quot;:&quot;top&quot;,&quot;ignore&quot;:&quot;&quot;,&quot;reference&quot;:&quot;auto&quot;,&quot;class&quot;:&quot;&quot;,&quot;count&quot;:&quot;16&quot;,&quot;legendonly&quot;:&quot;&quot;,&quot;readonly&quot;:&quot;&quot;,&quot;score&quot;:&quot;4.6&quot;,&quot;starsonly&quot;:&quot;&quot;,&quot;best&quot;:&quot;5&quot;,&quot;gap&quot;:&quot;5&quot;,&quot;greet&quot;:&quot;Rate this product&quot;,&quot;legend&quot;:&quot;4.6\\\/5 - (16 votos)&quot;,&quot;size&quot;:&quot;24&quot;,&quot;title&quot;:&quot;Mesh Belt Dryer | Charcoal Drying Machine&quot;,&quot;width&quot;:&quot;130.9&quot;,&quot;_legend&quot;:&quot;{score}\\\/{best} - ({count} {votes})&quot;,&quot;font_factor&quot;:&quot;1.25&quot;}'>              <div class=\"kksr-stars\">      <div class=\"kksr-stars-inactive\">             <div class=\"kksr-star\" data-star=\"1\" style=\"padding-right: 5px\">               <div class=\"kksr-icon\" style=\"width: 24px; height: 24px;\"><\/div>         <\/div>             <div class=\"kksr-star\" data-star=\"2\" style=\"padding-right: 5px\">               <div class=\"kksr-icon\" style=\"width: 24px; height: 24px;\"><\/div>         <\/div>             <div class=\"kksr-star\" data-star=\"3\" style=\"padding-right: 5px\">               <div class=\"kksr-icon\" style=\"width: 24px; height: 24px;\"><\/div>         <\/div>             <div class=\"kksr-star\" data-star=\"4\" style=\"padding-right: 5px\">               <div class=\"kksr-icon\" style=\"width: 24px; height: 24px;\"><\/div>         <\/div>             <div class=\"kksr-star\" data-star=\"5\" style=\"padding-right: 5px\">               <div class=\"kksr-icon\" style=\"width: 24px; height: 24px;\"><\/div>         <\/div>     <\/div>      <div class=\"kksr-stars-active\" style=\"width: 130.9px;\">             <div class=\"kksr-star\" style=\"padding-right: 5px\">               <div class=\"kksr-icon\" style=\"width: 24px; height: 24px;\"><\/div>         <\/div>             <div class=\"kksr-star\" style=\"padding-right: 5px\">               <div class=\"kksr-icon\" style=\"width: 24px; height: 24px;\"><\/div>         <\/div>             <div class=\"kksr-star\" style=\"padding-right: 5px\">               <div class=\"kksr-icon\" style=\"width: 24px; height: 24px;\"><\/div>         <\/div>             <div class=\"kksr-star\" style=\"padding-right: 5px\">               <div class=\"kksr-icon\" style=\"width: 24px; height: 24px;\"><\/div>         <\/div>             <div class=\"kksr-star\" style=\"padding-right: 5px\">               <div class=\"kksr-icon\" style=\"width: 24px; height: 24px;\"><\/div>         <\/div>     <\/div> <\/div>                   <div class=\"kksr-legend\" style=\"font-size: 19.2px;\">             4,6\/5 - (16 votos)    <\/div>     <\/div>  <p class=\"translation-block\">En todas las l\u00edneas de producci\u00f3n principales de carb\u00f3n vegetal, podemos ver un secador de briquetas de carb\u00f3n vegetal. Despu\u00e9s de que se forma el carb\u00f3n vegetal o el carb\u00f3n, a menudo hay un alto contenido de humedad. En este momento, el fabricante de carb\u00f3n vegetal necesita usar una m\u00e1quina secadora de carb\u00f3n vegetal para reducir la humedad al 5% -8%, y luego proceder al siguiente paso de empaquetado. La maquinaria WOOD ofrece dos tipos de secadores de briquetas de carb\u00f3n vegetal, que incluyen secadores de carb\u00f3n vegetal tipo caja y secadores de malla de banda. Los clientes pueden elegir seg\u00fan sus propios requisitos.<\/p>    <div class=\"wp-block-image\"><figure class=\"aligncenter size-full\"><img loading=\"lazy\" decoding=\"async\" width=\"720\" height=\"540\" src=\"https:\/\/bestcharcoalmachine.com\/wp-content\/uploads\/2021\/12\/charcoal-briquettes-dryer-1.jpg\" alt=\"secador de briquetas de carb\u00f3n\" class=\"wp-image-2245\" srcset=\"https:\/\/bestcharcoalmachine.com\/wp-content\/uploads\/2021\/12\/charcoal-briquettes-dryer-1.jpg 720w, https:\/\/bestcharcoalmachine.com\/wp-content\/uploads\/2021\/12\/charcoal-briquettes-dryer-1-300x225.jpg 300w\" sizes=\"auto, (max-width: 720px) 100vw, 720px\" \/><figcaption>secador de briquetas de carb\u00f3n<\/figcaption><\/figure><\/div>    <div class=\"wp-block-image\"><figure class=\"aligncenter size-full\"><img loading=\"lazy\" decoding=\"async\" width=\"720\" height=\"540\" src=\"https:\/\/bestcharcoalmachine.com\/wp-content\/uploads\/2021\/12\/mesh-belt-dryer.jpg\" alt=\"secador-de-cintur\u00f3n-de-malla\" class=\"wp-image-2044\" srcset=\"https:\/\/bestcharcoalmachine.com\/wp-content\/uploads\/2021\/12\/mesh-belt-dryer.jpg 720w, https:\/\/bestcharcoalmachine.com\/wp-content\/uploads\/2021\/12\/mesh-belt-dryer-300x225.jpg 300w\" sizes=\"auto, (max-width: 720px) 100vw, 720px\" \/><figcaption>secador-de-cintur\u00f3n-de-malla<\/figcaption><\/figure><\/div>    <h2 class=\"wp-block-heading\">Introducci\u00f3n del secador de cinta de malla de carb\u00f3n.<\/h2>    <p class=\"translation-block\">El secador de malla de banda para carb\u00f3n es muy adecuado para el secado de carb\u00f3n vegetal de tipo. El secador de malla de banda transporta principalmente las varillas y bolas terminadas prensadas directamente a la cinta transportadora plana a trav\u00e9s del transportador, y distribuye uniformemente los productos terminados a trav\u00e9s del rascador en el extremo superior del transportador plano en la m\u00e1quina secadora de carb\u00f3n vegetal, se mejora la permeabilidad al aire del material para lograr el efecto de secado. Despu\u00e9s de que las briquetas de carb\u00f3n vegetal se secaron, se empaquetar\u00e1n en bolsas mediante una m\u00e1quina de empaquetado de briquetas.<\/p>    <h2 class=\"wp-block-heading\">Principio de funcionamiento del secador de briquetas de carb\u00f3n.<\/h2>    <p>El principio principal de la secadora con correa de malla es distribuir uniformemente el material sobre la correa de malla, y el dispositivo de transmisi\u00f3n lo impulsa para moverse hacia adelante y hacia atr\u00e1s en la secadora. El aire caliente fluye a trav\u00e9s del material y el vapor de agua generado por el material pasa a trav\u00e9s del orificio de escape de humedad. Para lograr el prop\u00f3sito de secar materiales.<\/p>    <h2 class=\"wp-block-heading\" id=\"h-applications-of-charcoal-mesh-belt-dryer\">Aplicaciones del secador de cinta de malla de carb\u00f3n.<\/h2>    <p>El secador de cinta de malla es un equipo de secado continuo de uso com\u00fan; Es adecuado para secar materiales en escamas, tiras y granulados con buena ventilaci\u00f3n. Por ejemplo, frutas, verduras, hierbas medicinales y cultivos. <\/p>    <div class=\"wp-block-image\"><figure class=\"aligncenter size-full\"><img loading=\"lazy\" decoding=\"async\" width=\"720\" height=\"540\" src=\"https:\/\/bestcharcoalmachine.com\/wp-content\/uploads\/2021\/12\/The-drying-scene-of-honeysucklechrysanthemum-and-traditional-Chinese-medicine1.jpg\" alt=\"La escena de secado de madreselva, crisantemo y medicina tradicional china\" class=\"wp-image-2952\"\/><figcaption>La escena del secado de la madreselva, el crisantemo y la medicina tradicional china<\/figcaption><\/figure><\/div>    <p class=\"translation-block\">El secador de carb\u00f3n vegetal tambi\u00e9n se puede utilizar ampliamente en las industrias de carb\u00f3n vegetal conformado, como briquetas de carb\u00f3n para barbacoa, bloques de carb\u00f3n, especialmente adecuado para l\u00edneas de producci\u00f3n de carb\u00f3n para hookah para eliminar el exceso de agua del carb\u00f3n para hookah.<\/p>    <figure class=\"wp-block-gallery has-nested-images columns-default is-cropped wp-block-gallery-2 is-layout-flex wp-block-gallery-is-layout-flex\"> <figure class=\"wp-block-image size-large\"><img loading=\"lazy\" decoding=\"async\" width=\"720\" height=\"395\" data-id=\"2956\" src=\"https:\/\/bestcharcoalmachine.com\/wp-content\/uploads\/2022\/03\/hookah-charcoal-edited.jpg\" alt=\"carb\u00f3n de narguile\" class=\"wp-image-2956\"\/><figcaption>carb\u00f3n de narguile<\/figcaption><\/figure>    <figure class=\"wp-block-image size-large\"><img loading=\"lazy\" decoding=\"async\" width=\"720\" height=\"540\" data-id=\"2924\" src=\"https:\/\/bestcharcoalmachine.com\/wp-content\/uploads\/2021\/12\/BBQ-charcoal-balls.jpg\" alt=\"\" class=\"wp-image-2924\"\/><figcaption>bolas de carb\u00f3n para barbacoa<\/figcaption><\/figure> <\/figure>    <h2 class=\"wp-block-heading\">Estructuras de la secadora de carb\u00f3n.<\/h2>    <p>La correa de malla adopta una correa de malla de acero al carbono de malla 12-60. Si existen requisitos especiales, tambi\u00e9n se puede personalizar en una correa de malla de acero inoxidable. Para ahorrar espacio, la secadora se puede fabricar en tipo multicapa. Los comunes tienen dos habitaciones y tres pisos, y dos habitaciones y cinco. La capa y la longitud son de 6 a 40 m y el ancho es de 0,6 a 3,0 m.<\/p>    <p>La velocidad de rotaci\u00f3n de la cinta de malla depende del tipo de material y del contenido de agua. Para obtener el mejor efecto de secado, el contenido de humedad del material, la velocidad de la cinta de malla, el volumen de aire y la temperatura del aire deben ser apropiados y razonables.<\/p>    <figure class=\"wp-block-gallery has-nested-images columns-default is-cropped wp-block-gallery-3 is-layout-flex wp-block-gallery-is-layout-flex\"> <figure class=\"wp-block-image size-large\"><img loading=\"lazy\" decoding=\"async\" width=\"720\" height=\"540\" data-id=\"2246\" src=\"https:\/\/bestcharcoalmachine.com\/wp-content\/uploads\/2021\/12\/mesg-belt-of-the-dryer.jpg\" alt=\"correa de mensajes de la secadora\" class=\"wp-image-2246\" srcset=\"https:\/\/bestcharcoalmachine.com\/wp-content\/uploads\/2021\/12\/mesg-belt-of-the-dryer.jpg 720w, https:\/\/bestcharcoalmachine.com\/wp-content\/uploads\/2021\/12\/mesg-belt-of-the-dryer-300x225.jpg 300w\" sizes=\"auto, (max-width: 720px) 100vw, 720px\" \/><figcaption>correa de mensajes de la secadora<\/figcaption><\/figure>    <figure class=\"wp-block-image size-large\"><img loading=\"lazy\" decoding=\"async\" width=\"720\" height=\"540\" data-id=\"2248\" src=\"https:\/\/bestcharcoalmachine.com\/wp-content\/uploads\/2021\/12\/details-3.jpg\" alt=\"detalles\" class=\"wp-image-2248\" srcset=\"https:\/\/bestcharcoalmachine.com\/wp-content\/uploads\/2021\/12\/details-3.jpg 720w, https:\/\/bestcharcoalmachine.com\/wp-content\/uploads\/2021\/12\/details-3-300x225.jpg 300w\" sizes=\"auto, (max-width: 720px) 100vw, 720px\" \/><figcaption>detalles<\/figcaption><\/figure> <\/figure>    <h2 class=\"wp-block-heading\" id=\"h-advantages-of-charcoal-drying-machine\">Ventajas de la secadora de carb\u00f3n.<\/h2>    <ul class=\"wp-block-list\"><li>El interior y el exterior de la caja de secado est\u00e1n hechos de acero inoxidable, que no se oxida, es resistente a la corrosi\u00f3n y a la humedad.<\/li><li>El cuerpo de la secadora de carb\u00f3n adopta una puerta de dos v\u00edas, lo cual es conveniente para que el personal revise los materiales, desmonte las piezas y es f\u00e1cil de limpiar.<\/li><li>El material seco se voltea desde la capa superior y cae naturalmente sobre la correa de malla inferior, el material se calienta uniformemente y la forma no se da\u00f1ar\u00e1.<\/li><\/ul>    <h2 class=\"wp-block-heading\">Par\u00e1metros del secador de cinta de malla.<\/h2>    <figure class=\"wp-block-table\"><table><tbody><tr><td>Modelo<\/td><td>LTWD-6<\/td><td>LTWD-8<\/td><td>LTWD-10<\/td><td>LTWD-12<\/td><td>LTWD-16<\/td><td>LTWD-20<\/td><td>LTWD-24<\/td><td>LTWD-30<\/td><\/tr><tr><td>Ancho del cintur\u00f3n<\/td><td>600 mm<\/td><td>800 mm<\/td><td>1000 mm<\/td><td>1200 mm<\/td><td>1600 mm<\/td><td>2000 mm<\/td><td>2400 mm<\/td><td>3000 mm<\/td><\/tr><tr><td>Longitud de la secci\u00f3n de secado<\/td><td>6-12<\/td><td>6-12<\/td><td>6-16<\/td><td>8-16<\/td><td>8-22<\/td><td>10-26<\/td><td>12-30<\/td><td>12-40<\/td><\/tr><tr><td>Longitud de la secci\u00f3n de alimentaci\u00f3n<\/td><td>1<\/td><td>1<\/td><td>1<\/td><td>1<\/td><td>1<\/td><td>1.5<\/td><td>1.5<\/td><td>2<\/td><\/tr><tr><td>Longitud de la secci\u00f3n de transmisi\u00f3n<\/td><td>1<\/td><td>1<\/td><td>1<\/td><td>1<\/td><td>1<\/td><td>1.5<\/td><td>1.5<\/td><td>2<\/td><\/tr><tr><td>\u00c1rea de secado<\/td><td>3,6-36\u00a0m2<\/td><td>4,8-48\u00a0m2<\/td><td>6-80\u00a0m2<\/td><td>7,2-96\u00a0m2<\/td><td>12,8-105,6\u00a0m2<\/td><td>20-260 m2<\/td><td>28,8-360\u00a0m2<\/td><td>36-600 m2<\/td><\/tr><tr><td>Unidad num\u00e9rica<\/td><td>1-5<\/td><\/tr><tr><td>Espaciado interlamelar<\/td><td>400-600 mm<\/td><\/tr><\/tbody><\/table><\/figure>    <p>Los diferentes tipos de materias primas tienen diferentes temperaturas y tiempos de secado, y es necesario utilizar diferentes tipos de secadoras. Bienvenido a consultarnos, el gerente de ventas le recomendar\u00e1 el modelo m\u00e1s adecuado seg\u00fan sus materias primas y producci\u00f3n.<\/p>","protected":false},"excerpt":{"rendered":"<p>In all major charcoal production lines, we can see a charcoal briquettes dryer. After the charcoal or coal is formed, there is often a high moisture content. At this time, the charcoal manufacturer needs to use a charcoal drying machine to reduce the moisture to 5%-8%, and then proceed to the next step of packaging. [&hellip;]<\/p>\n","protected":false},"author":1,"featured_media":2244,"parent":0,"template":"","tags":[],"product-type":[49],"class_list":["post-1722","product","type-product","status-publish","has-post-thumbnail","hentry","product-type-drying-machine"],"_links":{"self":[{"href":"https:\/\/bestcharcoalmachine.com\/es\/wp-json\/wp\/v2\/product\/1722","targetHints":{"allow":["GET"]}}],"collection":[{"href":"https:\/\/bestcharcoalmachine.com\/es\/wp-json\/wp\/v2\/product"}],"about":[{"href":"https:\/\/bestcharcoalmachine.com\/es\/wp-json\/wp\/v2\/types\/product"}],"author":[{"embeddable":true,"href":"https:\/\/bestcharcoalmachine.com\/es\/wp-json\/wp\/v2\/users\/1"}],"wp:featuredmedia":[{"embeddable":true,"href":"https:\/\/bestcharcoalmachine.com\/es\/wp-json\/wp\/v2\/media\/2244"}],"wp:attachment":[{"href":"https:\/\/bestcharcoalmachine.com\/es\/wp-json\/wp\/v2\/media?parent=1722"}],"wp:term":[{"taxonomy":"post_tag","embeddable":true,"href":"https:\/\/bestcharcoalmachine.com\/es\/wp-json\/wp\/v2\/tags?post=1722"},{"taxonomy":"product-type","embeddable":true,"href":"https:\/\/bestcharcoalmachine.com\/es\/wp-json\/wp\/v2\/product-type?post=1722"}],"curies":[{"name":"wp","href":"https:\/\/api.w.org\/{rel}","templated":true}]}}