{"id":1709,"date":"2021-12-22T07:08:14","date_gmt":"2021-12-22T07:08:14","guid":{"rendered":"https:\/\/bestcharcoalmachine.com\/?p=1709"},"modified":"2022-03-02T09:12:22","modified_gmt":"2022-03-02T09:12:22","slug":"raymond-mill","status":"publish","type":"product","link":"https:\/\/bestcharcoalmachine.com\/es\/product\/raymond-mill\/","title":{"rendered":"molino raymond | M\u00e1quina de molienda de polvo de carb\u00f3n superfino"},"content":{"rendered":"<div class=\"kk-star-ratings kksr-auto kksr-align-left kksr-valign-top\"     data-payload='{&quot;align&quot;:&quot;left&quot;,&quot;id&quot;:&quot;1709&quot;,&quot;slug&quot;:&quot;default&quot;,&quot;valign&quot;:&quot;top&quot;,&quot;ignore&quot;:&quot;&quot;,&quot;reference&quot;:&quot;auto&quot;,&quot;class&quot;:&quot;&quot;,&quot;count&quot;:&quot;24&quot;,&quot;legendonly&quot;:&quot;&quot;,&quot;readonly&quot;:&quot;&quot;,&quot;score&quot;:&quot;4.6&quot;,&quot;starsonly&quot;:&quot;&quot;,&quot;best&quot;:&quot;5&quot;,&quot;gap&quot;:&quot;5&quot;,&quot;greet&quot;:&quot;Rate this product&quot;,&quot;legend&quot;:&quot;4.6\\\/5 - (24 votos)&quot;,&quot;size&quot;:&quot;24&quot;,&quot;title&quot;:&quot;Raymond Mill | Superfine Charcoal Powder Grinding Machine&quot;,&quot;width&quot;:&quot;130.9&quot;,&quot;_legend&quot;:&quot;{score}\\\/{best} - ({count} {votes})&quot;,&quot;font_factor&quot;:&quot;1.25&quot;}'>              <div class=\"kksr-stars\">      <div class=\"kksr-stars-inactive\">             <div class=\"kksr-star\" data-star=\"1\" style=\"padding-right: 5px\">               <div class=\"kksr-icon\" style=\"width: 24px; height: 24px;\"><\/div>         <\/div>             <div class=\"kksr-star\" data-star=\"2\" style=\"padding-right: 5px\">               <div class=\"kksr-icon\" style=\"width: 24px; height: 24px;\"><\/div>         <\/div>             <div class=\"kksr-star\" data-star=\"3\" style=\"padding-right: 5px\">               <div class=\"kksr-icon\" style=\"width: 24px; height: 24px;\"><\/div>         <\/div>             <div class=\"kksr-star\" data-star=\"4\" style=\"padding-right: 5px\">               <div class=\"kksr-icon\" style=\"width: 24px; height: 24px;\"><\/div>         <\/div>             <div class=\"kksr-star\" data-star=\"5\" style=\"padding-right: 5px\">               <div class=\"kksr-icon\" style=\"width: 24px; height: 24px;\"><\/div>         <\/div>     <\/div>      <div class=\"kksr-stars-active\" style=\"width: 130.9px;\">             <div class=\"kksr-star\" style=\"padding-right: 5px\">               <div class=\"kksr-icon\" style=\"width: 24px; height: 24px;\"><\/div>         <\/div>             <div class=\"kksr-star\" style=\"padding-right: 5px\">               <div class=\"kksr-icon\" style=\"width: 24px; height: 24px;\"><\/div>         <\/div>             <div class=\"kksr-star\" style=\"padding-right: 5px\">               <div class=\"kksr-icon\" style=\"width: 24px; height: 24px;\"><\/div>         <\/div>             <div class=\"kksr-star\" style=\"padding-right: 5px\">               <div class=\"kksr-icon\" style=\"width: 24px; height: 24px;\"><\/div>         <\/div>             <div class=\"kksr-star\" style=\"padding-right: 5px\">               <div class=\"kksr-icon\" style=\"width: 24px; height: 24px;\"><\/div>         <\/div>     <\/div> <\/div>                   <div class=\"kksr-legend\" style=\"font-size: 19.2px;\">             4,6\/5 - (24 votos)    <\/div>     <\/div>  <p class=\"translation-block\">El molino Raymond es adecuado para la preparaci\u00f3n de varios polvos minerales y polvo de carb\u00f3n, como el procesamiento de polvo fino de mineral crudo, mineral de yeso, carb\u00f3n vegetal y otros materiales. En la f\u00e1brica de maquinaria WOOD, equipamos un molino Raymond para la <a href=\"https:\/\/bestcharcoalmachine.com\/es\/shisha-charcoal-production-line\/\">l\u00ednea de producci\u00f3n de carb\u00f3n para shisha<\/a>, el prop\u00f3sito es pulverizar el polvo de carb\u00f3n a su estado m\u00e1s ideal, para que el carb\u00f3n para shisha producido tenga una mayor densidad y mejor calidad.<\/p>    <h2 class=\"wp-block-heading\">Materias primas del molino Raymond<\/h2>    <p>La m\u00e1quina trituradora de polvo de carb\u00f3n es ampliamente utilizada en carb\u00f3n, metalurgia, materiales de construcci\u00f3n, industria qu\u00edmica, miner\u00eda y otros campos. El molino Raymond triturar\u00e1 los materiales, la dureza de los materiales no debe exceder el nivel 7 de dureza Mohs y la humedad no debe exceder 6%. Los materiales espec\u00edficos incluyen carb\u00f3n, yeso, talco, piedra caliza, m\u00e1rmol, feldespato pot\u00e1sico, barita, dolomita, granito, caol\u00edn, piedra medicinal, mineral de hierro, etc.<\/p>    <p>La finura est\u00e1 entre 0,613 mm y 0,044 mm. Mediante la acci\u00f3n combinada del analizador y el ventilador, el molino Raymond puede satisfacer los requisitos de diferentes usuarios.<\/p>    <div class=\"wp-block-image\"><figure class=\"aligncenter size-full\"><img loading=\"lazy\" decoding=\"async\" width=\"720\" height=\"540\" src=\"https:\/\/bestcharcoalmachine.com\/wp-content\/uploads\/2021\/12\/Raw-materials-of-Raymond-mill-21.jpg\" alt=\"Materias primas del molino Raymond \" class=\"wp-image-2899\"\/><figcaption>Materias primas del molino Raymond <\/figcaption><\/figure><\/div>    <h2 class=\"wp-block-heading\" id=\"h-advantages-of-charcoal-powder-grinding-machine\">Ventajas de la m\u00e1quina trituradora de polvo de carb\u00f3n<\/h2>    <p>Hoy en d\u00eda, a medida que aumenta la demanda de polvo s\u00faper fino por parte de la industria, las trituradoras tambi\u00e9n han marcado el comienzo de un impulso de recuperaci\u00f3n. Como representante m\u00e1s utilizado, el pulverizador Raymond tiene muchas ventajas sobresalientes que son las razones por las que el pulverizador Raymond es tan popular.<\/p>    <ul class=\"wp-block-list\"><li>Esta m\u00e1quina se ha mejorado sobre la base de un gran equipo de trituraci\u00f3n ultrafino. Tiene las funciones de alimentaci\u00f3n y molienda \u00fanica, alimentaci\u00f3n y descarga continua, y la finura se controla mediante un ventilador y un analizador.<\/li><li>Hay m\u00e1s de 300 tipos de materiales adecuados para el procesamiento del molino Raymond, por lo que se utilizan ampliamente en las industrias de miner\u00eda, metalurgia, materiales de construcci\u00f3n, carb\u00f3n y metales no ferrosos.<\/li><li>La finura adecuada para el procesamiento de molienda Raymond se puede ajustar entre malla 50 y 400, lo que satisface las diferentes demandas de los clientes.<\/li><li>La m\u00e1quina ocupa un \u00e1rea peque\u00f1a, bajo consumo de energ\u00eda, instalaci\u00f3n sencilla, operaci\u00f3n y mantenimiento convenientes.<\/li><\/ul>    <h2 class=\"wp-block-heading\">Estructuras del molino Raymond.<\/h2>    <p>Toda la estructura del pulverizador Raymond se compone de un motor principal, un ventilador, una m\u00e1quina de an\u00e1lisis y un sistema de eliminaci\u00f3n de polvo de la tuber\u00eda. Seg\u00fan las necesidades del usuario, puede equiparse con trituradoras, polipastos, contenedores de almacenamiento, alimentadores vibratorios electromagn\u00e9ticos, gabinetes de control el\u00e9ctrico, etc. Despu\u00e9s de que la trituradora tritura el material, el material se env\u00eda al contenedor de almacenamiento mediante un elevador y luego el El material triturado se env\u00eda de manera uniforme y continua a la c\u00e1mara de molienda principal mediante el alimentador vibratorio electromagn\u00e9tico para su molienda.<\/p>    <div class=\"wp-block-image\"><figure class=\"aligncenter size-full\"><img decoding=\"async\" src=\"https:\/\/bestcharcoalmachine.com\/wp-content\/uploads\/2021\/12\/raymon-mill-for-fine-crushing.jpg\" alt=\"molino raymon para trituracion fina\" class=\"wp-image-1589\"\/><figcaption>Molino Raymond para trituraci\u00f3n fina<\/figcaption><\/figure><\/div>    <h2 class=\"wp-block-heading\" id=\"h-main-factors-affecting-the-output-of-raymond-mill\">Principales factores que afectan la producci\u00f3n del molino Raymond<\/h2>    <p class=\"translation-block\">Los <strong>factores que afectar\u00e1n la producci\u00f3n del molino Raymond<\/strong> son muchos. La dureza del material afectar\u00e1 la producci\u00f3n del molino Raymond. Cuanto m\u00e1s duro sea el material, m\u00e1s dif\u00edcil ser\u00e1 pulverizarlo y mayor ser\u00e1 el desgaste del equipo. La humedad del material tambi\u00e9n afectar\u00e1 la producci\u00f3n. Es decir, cuando el contenido de agua en el material es grande, el material es f\u00e1cil de adherir en el molino Raymond, y tambi\u00e9n es f\u00e1cil de bloquear durante el proceso de alimentaci\u00f3n y transporte, lo que hace que la capacidad de Raymond disminuya.<\/p>    <h2 class=\"wp-block-heading\">Par\u00e1metros del molino Raymond<\/h2>    <figure class=\"wp-block-table\"><table><tbody><tr><td>Modelo<\/td><td>WD-RM3R1410<\/td><td>WD-RM3R1815<\/td><td>WD-RM3R2215<\/td><\/tr><tr><td>Longitud (mm)<\/td><td>3340<\/td><td>2300<\/td><td>3500<\/td><\/tr><tr><td>Ancho (mm)<\/td><td>3865<\/td><td>2860<\/td><td>4280<\/td><\/tr><tr><td>Alto (mm)<\/td><td>4500<\/td><td>2800<\/td><td>4900<\/td><\/tr><\/tbody><\/table><\/figure>    <h2 class=\"wp-block-heading\" id=\"h-factory-stock-of-coal-powder-grinding-machine\">Stock de f\u00e1brica de m\u00e1quina trituradora de polvo de carb\u00f3n<\/h2>    <p>Nuestro inventario es muy suficiente, despu\u00e9s de su consulta, el gerente de ventas le recomendar\u00e1 el modelo de molino Raymond apropiado seg\u00fan sus necesidades, bienvenido a contactarnos.<\/p>    <figure class=\"wp-block-gallery has-nested-images columns-default is-cropped wp-block-gallery-2 is-layout-flex wp-block-gallery-is-layout-flex\"> <figure class=\"wp-block-image size-large\"><img loading=\"lazy\" decoding=\"async\" width=\"720\" height=\"540\" data-id=\"2904\" src=\"https:\/\/bestcharcoalmachine.com\/wp-content\/uploads\/2021\/12\/raymond-mill-1.jpg\" alt=\"\" class=\"wp-image-2904\"\/><\/figure>    <figure class=\"wp-block-image size-large\"><img loading=\"lazy\" decoding=\"async\" width=\"720\" height=\"540\" data-id=\"2905\" src=\"https:\/\/bestcharcoalmachine.com\/wp-content\/uploads\/2021\/12\/raymond-mill-machine.jpg\" alt=\"\" class=\"wp-image-2905\"\/><\/figure> <\/figure>    <figure class=\"wp-block-gallery has-nested-images columns-default is-cropped wp-block-gallery-3 is-layout-flex wp-block-gallery-is-layout-flex\"> <figure class=\"wp-block-image size-large\"><img loading=\"lazy\" decoding=\"async\" width=\"720\" height=\"540\" data-id=\"2906\" src=\"https:\/\/bestcharcoalmachine.com\/wp-content\/uploads\/2021\/12\/raymond.jpg\" alt=\"\" class=\"wp-image-2906\"\/><\/figure>    <figure class=\"wp-block-image size-large\"><img loading=\"lazy\" decoding=\"async\" width=\"720\" height=\"540\" data-id=\"2907\" src=\"https:\/\/bestcharcoalmachine.com\/wp-content\/uploads\/2021\/12\/coal-crusher-1.jpg\" alt=\"\" class=\"wp-image-2907\"\/><\/figure> <\/figure>    <h2 class=\"wp-block-heading\" id=\"h-raymond-mill-precautions-maitainence\">Precauciones y mantenimiento del molino Raymond <\/h2>    <ul class=\"wp-block-list\"><li>Antes de instalar la m\u00e1quina trituradora de carb\u00f3n en polvo, el operador debe tener la capacitaci\u00f3n t\u00e9cnica relevante y estar familiarizado con los procedimientos operativos. Durante el uso del molino Raymond, debe haber una persona fija responsable de cuidarlo.<\/li><li>Despu\u00e9s de que el molino Raymond se haya utilizado durante un per\u00edodo de tiempo, se debe revisar. Al mismo tiempo, se deben reparar y reemplazar las piezas de desgaste, como rodillos de molienda, anillos de molienda y cuchillas. <\/li><li>Los pernos y tuercas de conexi\u00f3n del dispositivo de rodillo abrasivo deben revisarse cuidadosamente antes y despu\u00e9s de su uso. Verifique si hay alguna holgura y si se ha agregado suficiente aceite lubricante.<\/li><li>El tiempo de uso del dispositivo del rodillo abrasivo supera las 500 horas y es necesario reemplazar el rodillo abrasivo. Al sustituir los rodillos abrasivos es necesario limpiar los cojinetes. Mientras tanto, las piezas da\u00f1adas deben sustituirse a tiempo. Las herramientas de engrase se pueden utilizar con bombas de engrase manuales y pistolas de engrase.<\/li><\/ul>","protected":false},"excerpt":{"rendered":"<p>Raymond mill is suitable for the preparation of various mineral powder and coal powder, such as the fine powder processing of raw material ore, gypsum ore, charcoal and other materials. In the WOOD machinery factory, we equipped a Raymond mill for the hookah charcoal production line, the purpose is to pulverize the charcoal powder to [&hellip;]<\/p>\n","protected":false},"author":1,"featured_media":2104,"parent":0,"template":"","tags":[],"product-type":[48],"class_list":["post-1709","product","type-product","status-publish","has-post-thumbnail","hentry","product-type-grinder-and-mixer"],"_links":{"self":[{"href":"https:\/\/bestcharcoalmachine.com\/es\/wp-json\/wp\/v2\/product\/1709","targetHints":{"allow":["GET"]}}],"collection":[{"href":"https:\/\/bestcharcoalmachine.com\/es\/wp-json\/wp\/v2\/product"}],"about":[{"href":"https:\/\/bestcharcoalmachine.com\/es\/wp-json\/wp\/v2\/types\/product"}],"author":[{"embeddable":true,"href":"https:\/\/bestcharcoalmachine.com\/es\/wp-json\/wp\/v2\/users\/1"}],"wp:featuredmedia":[{"embeddable":true,"href":"https:\/\/bestcharcoalmachine.com\/es\/wp-json\/wp\/v2\/media\/2104"}],"wp:attachment":[{"href":"https:\/\/bestcharcoalmachine.com\/es\/wp-json\/wp\/v2\/media?parent=1709"}],"wp:term":[{"taxonomy":"post_tag","embeddable":true,"href":"https:\/\/bestcharcoalmachine.com\/es\/wp-json\/wp\/v2\/tags?post=1709"},{"taxonomy":"product-type","embeddable":true,"href":"https:\/\/bestcharcoalmachine.com\/es\/wp-json\/wp\/v2\/product-type?post=1709"}],"curies":[{"name":"wp","href":"https:\/\/api.w.org\/{rel}","templated":true}]}}