{"id":1706,"date":"2021-12-21T08:53:15","date_gmt":"2021-12-21T08:53:15","guid":{"rendered":"https:\/\/bestcharcoalmachine.com\/?p=1706"},"modified":"2022-03-04T06:54:38","modified_gmt":"2022-03-04T06:54:38","slug":"charcoal-wheel-grinding-mill","status":"publish","type":"product","link":"https:\/\/bestcharcoalmachine.com\/es\/product\/charcoal-wheel-grinding-mill\/","title":{"rendered":"Molino de rueda de carb\u00f3n | Mezclador de carb\u00f3n en polvo"},"content":{"rendered":"<div class=\"kk-star-ratings kksr-auto kksr-align-left kksr-valign-top\"     data-payload='{&quot;align&quot;:&quot;left&quot;,&quot;id&quot;:&quot;1706&quot;,&quot;slug&quot;:&quot;default&quot;,&quot;valign&quot;:&quot;top&quot;,&quot;ignore&quot;:&quot;&quot;,&quot;reference&quot;:&quot;auto&quot;,&quot;class&quot;:&quot;&quot;,&quot;count&quot;:&quot;5&quot;,&quot;legendonly&quot;:&quot;&quot;,&quot;readonly&quot;:&quot;&quot;,&quot;score&quot;:&quot;4.7&quot;,&quot;starsonly&quot;:&quot;&quot;,&quot;best&quot;:&quot;5&quot;,&quot;gap&quot;:&quot;5&quot;,&quot;greet&quot;:&quot;Rate this product&quot;,&quot;legend&quot;:&quot;4.7\\\/5 - (5 votos)&quot;,&quot;size&quot;:&quot;24&quot;,&quot;title&quot;:&quot;Charcoal Wheel Grinding Mill | Charcoal Powder Mixer&quot;,&quot;width&quot;:&quot;133.8&quot;,&quot;_legend&quot;:&quot;{score}\\\/{best} - ({count} {votes})&quot;,&quot;font_factor&quot;:&quot;1.25&quot;}'>              <div class=\"kksr-stars\">      <div class=\"kksr-stars-inactive\">             <div class=\"kksr-star\" data-star=\"1\" style=\"padding-right: 5px\">               <div class=\"kksr-icon\" style=\"width: 24px; height: 24px;\"><\/div>         <\/div>             <div class=\"kksr-star\" data-star=\"2\" style=\"padding-right: 5px\">               <div class=\"kksr-icon\" style=\"width: 24px; height: 24px;\"><\/div>         <\/div>             <div class=\"kksr-star\" data-star=\"3\" style=\"padding-right: 5px\">               <div class=\"kksr-icon\" style=\"width: 24px; height: 24px;\"><\/div>         <\/div>             <div class=\"kksr-star\" data-star=\"4\" style=\"padding-right: 5px\">               <div class=\"kksr-icon\" style=\"width: 24px; height: 24px;\"><\/div>         <\/div>             <div class=\"kksr-star\" data-star=\"5\" style=\"padding-right: 5px\">               <div class=\"kksr-icon\" style=\"width: 24px; height: 24px;\"><\/div>         <\/div>     <\/div>      <div class=\"kksr-stars-active\" style=\"width: 133.8px;\">             <div class=\"kksr-star\" style=\"padding-right: 5px\">               <div class=\"kksr-icon\" style=\"width: 24px; height: 24px;\"><\/div>         <\/div>             <div class=\"kksr-star\" style=\"padding-right: 5px\">               <div class=\"kksr-icon\" style=\"width: 24px; height: 24px;\"><\/div>         <\/div>             <div class=\"kksr-star\" style=\"padding-right: 5px\">               <div class=\"kksr-icon\" style=\"width: 24px; height: 24px;\"><\/div>         <\/div>             <div class=\"kksr-star\" style=\"padding-right: 5px\">               <div class=\"kksr-icon\" style=\"width: 24px; height: 24px;\"><\/div>         <\/div>             <div class=\"kksr-star\" style=\"padding-right: 5px\">               <div class=\"kksr-icon\" style=\"width: 24px; height: 24px;\"><\/div>         <\/div>     <\/div> <\/div>                   <div class=\"kksr-legend\" style=\"font-size: 19.2px;\">             4,7\/5 - (5 votos)    <\/div>     <\/div>  <p class=\"translation-block\">El molino de molienda de rueda de carb\u00f3n, tambi\u00e9n conocido como la mezcla de polvo de carb\u00f3n, es la m\u00e1quina auxiliar de la planta de briquetas de carb\u00f3n y es el equipo de procesamiento principal de la l\u00ednea de producci\u00f3n de carb\u00f3n. Se utiliza para mezclar y prensar polvo de carb\u00f3n, aglutinante y agua para que los materiales con una peque\u00f1a gravedad espec\u00edfica puedan integrarse completamente. Debido a que la densidad del material aumenta, el material puede formarse mejor despu\u00e9s de ingresar a la m\u00e1quina de carb\u00f3n para hookah. Es un dispositivo necesario para <a href=\"https:\/\/bestcharcoalmachine.com\/es\/shisha-charcoal-production-line\/\">l\u00edneas de producci\u00f3n de carb\u00f3n para hookah<\/a> y varios tipos de <a href=\"https:\/\/bestcharcoalmachine.com\/es\/barbecue-charcoal-production-line\/\">l\u00edneas de producci\u00f3n de carb\u00f3n<\/a>.<\/p>    <div class=\"wp-block-image\"><figure class=\"aligncenter size-full\"><img loading=\"lazy\" decoding=\"async\" width=\"720\" height=\"540\" src=\"https:\/\/bestcharcoalmachine.com\/wp-content\/uploads\/2021\/12\/charcoal-wheel-grinding-mill-1.jpg\" alt=\"\" class=\"wp-image-1859\" srcset=\"https:\/\/bestcharcoalmachine.com\/wp-content\/uploads\/2021\/12\/charcoal-wheel-grinding-mill-1.jpg 720w, https:\/\/bestcharcoalmachine.com\/wp-content\/uploads\/2021\/12\/charcoal-wheel-grinding-mill-1-300x225.jpg 300w\" sizes=\"auto, (max-width: 720px) 100vw, 720px\" \/><figcaption>Mezclador de carb\u00f3n en polvo<\/figcaption><\/figure><\/div>    <h2 class=\"wp-block-heading\" id=\"h-why-is-charcoal-powder-mixer-so-important\">\u00bfPor qu\u00e9 es tan importante la mezcladora de carb\u00f3n en polvo?<\/h2>    <p id=\"h-\">El molinillo de carb\u00f3n es uno de los equipos auxiliares importantes para la l\u00ednea de producci\u00f3n de carb\u00f3n para barbacoa y carb\u00f3n para narguile. Para producir carb\u00f3n vegetal acabado de alta calidad, un paso indispensable es premezclar y prensar el carb\u00f3n en polvo.<\/p>    <p>En primer lugar, la simple agitaci\u00f3n manual tiene baja eficiencia, una gran cantidad de ingenier\u00eda y baja presi\u00f3n, lo que no puede eliminar eficazmente el aire entre las part\u00edculas del material y aumentar la densidad del polvo de carb\u00f3n. En segundo lugar, si la mezcla no es fina, la humedad y el aglutinante no se pueden mezclar completamente con el carb\u00f3n en polvo y el carb\u00f3n para narguile posterior no funcionar\u00e1 bien, lo que afectar\u00e1 el efecto de uso.<\/p>    <figure class=\"wp-block-gallery has-nested-images columns-default is-cropped wp-block-gallery-2 is-layout-flex wp-block-gallery-is-layout-flex\"> <figure class=\"wp-block-image size-large\"><img loading=\"lazy\" decoding=\"async\" width=\"360\" height=\"270\" data-id=\"2939\" src=\"https:\/\/bestcharcoalmachine.com\/wp-content\/uploads\/2021\/12\/charcoal-grinding.jpg\" alt=\"molienda de carb\u00f3n\" class=\"wp-image-2939\"\/><figcaption>molienda de carb\u00f3n<\/figcaption><\/figure>    <figure class=\"wp-block-image size-large\"><img loading=\"lazy\" decoding=\"async\" width=\"360\" height=\"270\" data-id=\"2940\" src=\"https:\/\/bestcharcoalmachine.com\/wp-content\/uploads\/2021\/12\/coal-powder.jpg\" alt=\"polvo de carb\u00f3n\" class=\"wp-image-2940\"\/><figcaption>polvo de carb\u00f3n<\/figcaption><\/figure> <\/figure>    <h2 class=\"wp-block-heading\" id=\"h-working-principle-of-charcoal-grinder\">Principio de funcionamiento del molinillo de carb\u00f3n.<\/h2>    <p>El polvo de carb\u00f3n, el aglutinante y el agua se mezclan en el molino y la mezcla de los materiales se completa en aproximadamente 20 minutos despu\u00e9s de que las ruedas del molino presionan el material de manera uniforme. El material mezclado se descargar\u00e1 por el puerto de descarga. Durante el proceso de mezcla, existen funciones de agitaci\u00f3n y extrusi\u00f3n. En primer lugar, se puede eliminar mejor el aire entre las part\u00edculas de material y se puede aumentar la densidad del polvo de carb\u00f3n. En segundo lugar, el contenido de humedad del material de lodo mezclado es uniforme, la superficie de las part\u00edculas est\u00e1 completamente humedecida y el efecto de mezcla final es bueno.<\/p>    <h2 class=\"wp-block-heading\" id=\"h-charcoal-powder-mixer-details-feature\">Detalles de la mezcladora de carb\u00f3n en polvo<\/h2>    <div class=\"wp-block-media-text is-stacked-on-mobile\"><figure class=\"wp-block-media-text__media\"><img loading=\"lazy\" decoding=\"async\" width=\"720\" height=\"540\" src=\"https:\/\/bestcharcoalmachine.com\/wp-content\/uploads\/2021\/11\/wheels-inside-the-mill.jpg\" alt=\"ruedas-dentro-del-molino\" class=\"wp-image-2206 size-full\" srcset=\"https:\/\/bestcharcoalmachine.com\/wp-content\/uploads\/2021\/11\/wheels-inside-the-mill.jpg 720w, https:\/\/bestcharcoalmachine.com\/wp-content\/uploads\/2021\/11\/wheels-inside-the-mill-300x225.jpg 300w\" sizes=\"auto, (max-width: 720px) 100vw, 720px\" \/><\/figure><div class=\"wp-block-media-text__content\"> <p>El material de los rodillos es duro, con alta resistencia a \u00e1cidos y \u00e1lcalis y al desgaste, por lo que la vida \u00fatil es relativamente larga.<\/p> <\/div><\/div>    <div class=\"wp-block-media-text has-media-on-the-right is-stacked-on-mobile\"><figure class=\"wp-block-media-text__media\"><img loading=\"lazy\" decoding=\"async\" width=\"522\" height=\"351\" src=\"https:\/\/bestcharcoalmachine.com\/wp-content\/uploads\/2021\/12\/charcoal-grinder-motor.png\" alt=\"motor para molinillo de carbon\" class=\"wp-image-2936 size-full\"\/><\/figure><div class=\"wp-block-media-text__content\"> <p>Utilizamos un motor de cobre puro, que tiene suficiente potencia y s\u00f3lo puede ser reemplazado pero no reparado durante el per\u00edodo de garant\u00eda.<\/p> <\/div><\/div>    <h2 class=\"wp-block-heading\" id=\"h-advantages-of-charcoal-wheel-grinder-mill\">Ventajas del molino triturador de ruedas de carb\u00f3n<\/h2>    <ul class=\"wp-block-list\"><li>El uso de un molinillo de carb\u00f3n puede hacer que el polvo de carb\u00f3n, el agua y el aglutinante se mezclen de manera m\u00e1s uniforme, ahorrando el tiempo de fusi\u00f3n de los materiales;<\/li><li>El mezclador de carb\u00f3n en polvo puede ahorrar mucha mano de obra y productos terminados. Generalmente, la producci\u00f3n de carb\u00f3n vegetal en una f\u00e1brica es muy grande. Es una opci\u00f3n que ahorra tiempo y mano de obra reemplazar la mano de obra por m\u00e1quinas.<\/li><li>Despu\u00e9s de que el material se procesa inicialmente en la m\u00e1quina de carb\u00f3n para narguile o en la prensa de bolas, tambi\u00e9n se puede reducir el desgaste de las partes vulnerables de la m\u00e1quina y se puede prolongar la vida \u00fatil de la m\u00e1quina.<\/li><\/ul>    <h2 class=\"wp-block-heading\" id=\"h-parameters-of-powder-mixer\">Par\u00e1metros del mezclador de polvo.<\/h2>    <figure class=\"wp-block-table\"><table><tbody><tr><td>Modelo<\/td><td>WD-CG1<\/td><td>WD-CG2<\/td><td>WD-CG3<\/td><td>WD-CG4<\/td><td>WD-CG5<\/td><td>WD-CG6<\/td><td>WD-CG7<\/td><td>WD-CG8<\/td><\/tr><tr><td>Di\u00e1metro (mm)<\/td><td>1000<\/td><td>1200<\/td><td>1500<\/td><td>1600<\/td><td>1800<\/td><td>2000<\/td><td>2500<\/td><td>3000<\/td><\/tr><tr><td>Cantidad de alimentaci\u00f3n (Kg\/h)<\/td><td>110<\/td><td>150<\/td><td>3500<\/td><td>350<\/td><td>550<\/td><td>900<\/td><td>1700<\/td><td>2000<\/td><\/tr><tr><td>Tiempo de mezcla (min)<\/td><td>3-8<\/td><td>3-5<\/td><td>3-5<\/td><td>3-5<\/td><td>3-5<\/td><td>2-5<\/td><td>2-5<\/td><td>2-5<\/td><\/tr><tr><td>Velocidad (r\/min)<\/td><td>41<\/td><td>41<\/td><td>37<\/td><td>37<\/td><td>36.1<\/td><td>35<\/td><td>30<\/td><td>30<\/td><\/tr><tr><td>Potencia (kilovatios)<\/td><td>5.5<\/td><td>7.5<\/td><td>15<\/td><td>18.5<\/td><td>22<\/td><td>22<\/td><td>30<\/td><td>37<\/td><\/tr><tr><td>Capacidad(t\/h)<\/td><td>1.5-2.5<\/td><td>1.5-3<\/td><td>7<\/td><td>9<\/td><td>13<\/td><td>18<\/td><td>30<\/td><td>40<\/td><\/tr><\/tbody><\/table><\/figure>    <h2 class=\"wp-block-heading\">Precauciones de uso del molinillo de carb\u00f3n<\/h2>    <ul class=\"wp-block-list\"><li>Primero encienda la trituradora de carb\u00f3n y luego descargue el material;<\/li><li>No agregue demasiado material y la altura en el cilindro no puede exceder la mitad de la altura del rodillo;<\/li><li>El tiempo de mezcla es de 10 a 15 minutos. Cuando el material se agita hasta que se vuelve grumoso, indica que el material y el aglutinante est\u00e1n completamente integrados y que el puerto de descarga se puede abrir para descargar el material. Una vez descargado el material, se puede agitar el siguiente lote.<\/li><\/ul>    <h2 class=\"wp-block-heading\" id=\"h-charcoal-grinder-application-in-production-line\">Aplicaci\u00f3n de molinillo de carb\u00f3n en l\u00ednea de producci\u00f3n.<\/h2>    <h3 class=\"wp-block-heading\">L\u00ednea de producci\u00f3n de carb\u00f3n para shisha<\/h3>    <p class=\"translation-block\"><a href=\"https:\/\/bestcharcoalmachine.com\/es\/product-line\/shisha-charcoal-production-line-1-3\/\">Los<\/a> pasos de producci\u00f3n de carb\u00f3n para shisha incluyen: carbonizaci\u00f3n de materias primas \u2014 trituraci\u00f3n de materiales carbonizados \u2014 mezcla de polvo de carb\u00f3n, agua y adhesivo \u2014 formaci\u00f3n de carb\u00f3n para hookah \u2014 secado \u2014 embalaje.<\/p>    <div class=\"wp-block-media-text has-media-on-the-right is-stacked-on-mobile\"><figure class=\"wp-block-media-text__media\"><img loading=\"lazy\" decoding=\"async\" width=\"720\" height=\"540\" src=\"https:\/\/bestcharcoalmachine.com\/wp-content\/uploads\/2022\/01\/rotary-shisha-charcoal-machine.jpg\" alt=\"maquina rotativa de carbon para shisha\" class=\"wp-image-2376 size-full\"\/><\/figure><div class=\"wp-block-media-text__content\"> <p class=\"translation-block\">La <a href=\"https:\/\/bestcharcoalmachine.com\/es\/product\/rotary-shisha-charcoal-machine\/attachment\/rotary-shisha-charcoal-machine\/\">m\u00e1quina de carb\u00f3n para hookah<\/a> utiliza carb\u00f3n finamente molido para hacer bloques de carb\u00f3n para hookah. <\/p> <\/div><\/div>    <h3 class=\"wp-block-heading\">Proyecto de briquetas de carb\u00f3n para barbacoa.<\/h3>    <p class=\"translation-block\">La <a href=\"https:\/\/bestcharcoalmachine.com\/es\/product-line\/barbecue-charcoal-production-line\/\">l\u00ednea de producci\u00f3n de carb\u00f3n para barbacoa<\/a> es una l\u00ednea de procesamiento de briquetas de barbacoa automatizada dise\u00f1ada independientemente por la f\u00e1brica WOOD. El proyecto de briquetas de carb\u00f3n BBQ incluye principalmente un horno de carbonizaci\u00f3n, un triturador de carb\u00f3n, transportadores de tornillo, un molinillo de carb\u00f3n, una m\u00e1quina formadora de carb\u00f3n, un secador de briquetas y una m\u00e1quina de embalaje de carb\u00f3n para barbacoa.<\/p>    <div class=\"wp-block-media-text is-stacked-on-mobile\"><figure class=\"wp-block-media-text__media\"><img loading=\"lazy\" decoding=\"async\" width=\"720\" height=\"540\" src=\"https:\/\/bestcharcoalmachine.com\/wp-content\/uploads\/2021\/12\/Charcoal-Ball-Press-Machine.jpg\" alt=\"M\u00e1quina-prensadora-de-bolas-de-carb\u00f3n\" class=\"wp-image-1825 size-full\" srcset=\"https:\/\/bestcharcoalmachine.com\/wp-content\/uploads\/2021\/12\/Charcoal-Ball-Press-Machine.jpg 720w, https:\/\/bestcharcoalmachine.com\/wp-content\/uploads\/2021\/12\/Charcoal-Ball-Press-Machine-300x225.jpg 300w\" sizes=\"auto, (max-width: 720px) 100vw, 720px\" \/><\/figure><div class=\"wp-block-media-text__content\"> <p class=\"translation-block\">La <a href=\"https:\/\/bestcharcoalmachine.com\/es\/charcoal-briquette-machine\/charcoal-ball-press-machine\/\">charcoal press machine<\/a> es el equipo independiente de toda la l\u00ednea de producci\u00f3n. La calidad de eso decidir\u00e1 la calidad de las bolas de carb\u00f3n.<\/p> <\/div><\/div>    <h2 class=\"wp-block-heading\" id=\"h-charcoal-wheel-grinding-mill-in-stock\">Molino de rueda de carb\u00f3n en stock<\/h2>    <p>Disponemos de stock suficiente de molinillos de carb\u00f3n. Le invitamos a consultar y comprar en cualquier momento. Nuestro gerente de ventas seleccionar\u00e1 el modelo apropiado y le enviar\u00e1 una cotizaci\u00f3n lo antes posible despu\u00e9s de recibir su consulta.<\/p>    <figure class=\"wp-block-gallery has-nested-images columns-default is-cropped wp-block-gallery-3 is-layout-flex wp-block-gallery-is-layout-flex\"> <figure class=\"wp-block-image size-large\"><img decoding=\"async\" data-id=\"1718\" src=\"https:\/\/bestcharcoalmachine.com\/wp-content\/uploads\/2021\/12\/charcoal-wheel-grinding-mill-in-stock.jpg\" alt=\"\" class=\"wp-image-1718\"\/><figcaption>molino de rueda de carb\u00f3n en stock<\/figcaption><\/figure>    <figure class=\"wp-block-image size-large\"><img decoding=\"async\" data-id=\"1719\" src=\"https:\/\/bestcharcoalmachine.com\/wp-content\/uploads\/2021\/12\/brand-new-machines-in-factory.jpg\" alt=\"m\u00e1quinas nuevas en f\u00e1brica\" class=\"wp-image-1719\"\/><figcaption>m\u00e1quinas nuevas en f\u00e1brica<\/figcaption><\/figure> <\/figure>    <h2 class=\"wp-block-heading\" id=\"h-loading-and-delivery-of-charcoal-grinder\">Carga y entrega de molinillo de carb\u00f3n.<\/h2>    <p>Un cliente en Malasia compr\u00f3 una m\u00e1quina para su planta de procesamiento de carb\u00f3n para shisha, que ahora est\u00e1 en uso, y el cliente inform\u00f3 que la m\u00e1quina aument\u00f3 la densidad de la materia prima, lo que permiti\u00f3 que el carb\u00f3n para shisha producido se quemara por m\u00e1s tiempo.<\/p>    <figure class=\"wp-block-gallery has-nested-images columns-default is-cropped wp-block-gallery-4 is-layout-flex wp-block-gallery-is-layout-flex\"> <figure class=\"wp-block-image size-large\"><img decoding=\"async\" data-id=\"1714\" src=\"https:\/\/bestcharcoalmachine.com\/wp-content\/uploads\/2021\/12\/loading-and-delivery-1.jpg\" alt=\"\" class=\"wp-image-1714\"\/><figcaption>carga y entrega<\/figcaption><\/figure>    <figure class=\"wp-block-image size-large\"><img decoding=\"async\" data-id=\"1716\" src=\"https:\/\/bestcharcoalmachine.com\/wp-content\/uploads\/2021\/12\/packing-picture.jpg\" alt=\"imagen de embalaje\" class=\"wp-image-1716\"\/><figcaption>imagen de embalaje<\/figcaption><\/figure>    <figure class=\"wp-block-image size-large\"><img decoding=\"async\" data-id=\"1717\" src=\"https:\/\/bestcharcoalmachine.com\/wp-content\/uploads\/2021\/12\/delivery.jpg\" alt=\"entrega\" class=\"wp-image-1717\"\/><figcaption>entrega<\/figcaption><\/figure> <\/figure>","protected":false},"excerpt":{"rendered":"<p>The charcoal wheel grinding mill, also known as the charcoal powder mix, is the auxiliary machine of the charcoal briquette plant and is the primary processing equipment of the charcoal production line. It is used to mix and press charcoal powder, binder and water so that materials with a small specific gravity can be fully [&hellip;]<\/p>\n","protected":false},"author":1,"featured_media":1860,"parent":0,"template":"","tags":[],"product-type":[48],"class_list":["post-1706","product","type-product","status-publish","has-post-thumbnail","hentry","product-type-grinder-and-mixer"],"_links":{"self":[{"href":"https:\/\/bestcharcoalmachine.com\/es\/wp-json\/wp\/v2\/product\/1706","targetHints":{"allow":["GET"]}}],"collection":[{"href":"https:\/\/bestcharcoalmachine.com\/es\/wp-json\/wp\/v2\/product"}],"about":[{"href":"https:\/\/bestcharcoalmachine.com\/es\/wp-json\/wp\/v2\/types\/product"}],"author":[{"embeddable":true,"href":"https:\/\/bestcharcoalmachine.com\/es\/wp-json\/wp\/v2\/users\/1"}],"wp:featuredmedia":[{"embeddable":true,"href":"https:\/\/bestcharcoalmachine.com\/es\/wp-json\/wp\/v2\/media\/1860"}],"wp:attachment":[{"href":"https:\/\/bestcharcoalmachine.com\/es\/wp-json\/wp\/v2\/media?parent=1706"}],"wp:term":[{"taxonomy":"post_tag","embeddable":true,"href":"https:\/\/bestcharcoalmachine.com\/es\/wp-json\/wp\/v2\/tags?post=1706"},{"taxonomy":"product-type","embeddable":true,"href":"https:\/\/bestcharcoalmachine.com\/es\/wp-json\/wp\/v2\/product-type?post=1706"}],"curies":[{"name":"wp","href":"https:\/\/api.w.org\/{rel}","templated":true}]}}