{"id":1673,"date":"2021-12-21T01:38:40","date_gmt":"2021-12-21T01:38:40","guid":{"rendered":"https:\/\/bestcharcoalmachine.com\/?p=1673"},"modified":"2022-12-26T17:34:20","modified_gmt":"2022-12-26T09:34:20","slug":"charcoal-briquette-packing-machine-2","status":"publish","type":"product","link":"https:\/\/bestcharcoalmachine.com\/es\/product\/charcoal-briquette-packing-machine-2\/","title":{"rendered":"Empaquetadora de briquetas de carb\u00f3n | M\u00e1quina envasadora de carb\u00f3n para narguile"},"content":{"rendered":"<div class=\"kk-star-ratings kksr-auto kksr-align-left kksr-valign-top\"     data-payload='{&quot;align&quot;:&quot;left&quot;,&quot;id&quot;:&quot;1673&quot;,&quot;slug&quot;:&quot;default&quot;,&quot;valign&quot;:&quot;top&quot;,&quot;ignore&quot;:&quot;&quot;,&quot;reference&quot;:&quot;auto&quot;,&quot;class&quot;:&quot;&quot;,&quot;count&quot;:&quot;27&quot;,&quot;legendonly&quot;:&quot;&quot;,&quot;readonly&quot;:&quot;&quot;,&quot;score&quot;:&quot;4.8&quot;,&quot;starsonly&quot;:&quot;&quot;,&quot;best&quot;:&quot;5&quot;,&quot;gap&quot;:&quot;5&quot;,&quot;greet&quot;:&quot;Rate this product&quot;,&quot;legend&quot;:&quot;4.8\\\/5 - (27 votos)&quot;,&quot;size&quot;:&quot;24&quot;,&quot;title&quot;:&quot;Charcoal Briquette Packing Machine |  Hookah Coal Packaging Machine&quot;,&quot;width&quot;:&quot;136.7&quot;,&quot;_legend&quot;:&quot;{score}\\\/{best} - ({count} {votes})&quot;,&quot;font_factor&quot;:&quot;1.25&quot;}'>              <div class=\"kksr-stars\">      <div class=\"kksr-stars-inactive\">             <div class=\"kksr-star\" data-star=\"1\" style=\"padding-right: 5px\">               <div class=\"kksr-icon\" style=\"width: 24px; height: 24px;\"><\/div>         <\/div>             <div class=\"kksr-star\" data-star=\"2\" style=\"padding-right: 5px\">               <div class=\"kksr-icon\" style=\"width: 24px; height: 24px;\"><\/div>         <\/div>             <div class=\"kksr-star\" data-star=\"3\" style=\"padding-right: 5px\">               <div class=\"kksr-icon\" style=\"width: 24px; height: 24px;\"><\/div>         <\/div>             <div class=\"kksr-star\" data-star=\"4\" style=\"padding-right: 5px\">               <div class=\"kksr-icon\" style=\"width: 24px; height: 24px;\"><\/div>         <\/div>             <div class=\"kksr-star\" data-star=\"5\" style=\"padding-right: 5px\">               <div class=\"kksr-icon\" style=\"width: 24px; height: 24px;\"><\/div>         <\/div>     <\/div>      <div class=\"kksr-stars-active\" style=\"width: 136.7px;\">             <div class=\"kksr-star\" style=\"padding-right: 5px\">               <div class=\"kksr-icon\" style=\"width: 24px; height: 24px;\"><\/div>         <\/div>             <div class=\"kksr-star\" style=\"padding-right: 5px\">               <div class=\"kksr-icon\" style=\"width: 24px; height: 24px;\"><\/div>         <\/div>             <div class=\"kksr-star\" style=\"padding-right: 5px\">               <div class=\"kksr-icon\" style=\"width: 24px; height: 24px;\"><\/div>         <\/div>             <div class=\"kksr-star\" style=\"padding-right: 5px\">               <div class=\"kksr-icon\" style=\"width: 24px; height: 24px;\"><\/div>         <\/div>             <div class=\"kksr-star\" style=\"padding-right: 5px\">               <div class=\"kksr-icon\" style=\"width: 24px; height: 24px;\"><\/div>         <\/div>     <\/div> <\/div>                   <div class=\"kksr-legend\" style=\"font-size: 19.2px;\">             4,8\/5 - (27 votos)    <\/div>     <\/div>  <p>La m\u00e1quina empacadora de briquetas de carb\u00f3n se utiliza principalmente para empacar carb\u00f3n vegetal, carb\u00f3n para narguile, carb\u00f3n para ignici\u00f3n, carb\u00f3n para barbacoa, varillas de biomasa, carb\u00f3n limpio y otros productos. Despu\u00e9s del embalaje, la apariencia es exquisita y hermosa, conveniente para el almacenamiento y transporte, y r\u00e1pida y c\u00f3moda de usar. WOOD Machinery tiene un proyecto maduro de envasado autom\u00e1tico. La m\u00e1quina empacadora autom\u00e1tica empaca bloques r\u00e1pidos y tiene una alta eficiencia de trabajo. Simplemente d\u00edganos las materias primas que desea empacar y podremos personalizar la soluci\u00f3n de empaque de carb\u00f3n vegetal o carb\u00f3n para narguile adecuada para usted.<\/p>    <h2 class=\"wp-block-heading\">Breve introducci\u00f3n de la m\u00e1quina empacadora de briquetas de carb\u00f3n.<\/h2>    <p>WOOD Machinery se compromete a proporcionar a los clientes m\u00e1quinas envasadoras de carb\u00f3n vegetal de la m\u00e1s alta calidad. Para satisfacer las necesidades de los usuarios, producimos tres tipos de m\u00e1quinas empacadoras de carb\u00f3n, incluyendo m\u00e1quinas empacadoras de carb\u00f3n para narguile, m\u00e1quinas empacadoras cuantitativas y m\u00e1quinas empacadoras retr\u00e1ctiles. Los clientes pueden elegir diferentes m\u00e1quinas empacadoras de briquetas de carb\u00f3n seg\u00fan sus materias primas.<\/p>    <h2 class=\"wp-block-heading\" id=\"h-shisha-charcoal-packing-machine\">Empaquetadora de carb\u00f3n para shisha<\/h2>    <h3 class=\"wp-block-heading\">Embalaje de carb\u00f3n shisha redondo<\/h3>    <p class=\"translation-block\">Las briquetas de hookah hechas por una <a href=\"https:\/\/bestcharcoalmachine.com\/es\/shisha-charcoal-machine\/\">m\u00e1quina de carb\u00f3n para shisha<\/a> se pueden envolver bien en este paso.<\/p>    <figure class=\"wp-block-image aligncenter size-full\"><img loading=\"lazy\" decoding=\"async\" width=\"720\" height=\"540\" src=\"https:\/\/bestcharcoalmachine.com\/wp-content\/uploads\/2021\/12\/round-briquettes-of-shisha-charcoal-production-line.jpg\" alt=\"L\u00ednea-de-producci\u00f3n-de-briquetas-redondas-de-carb\u00f3n-para-shisha\" class=\"wp-image-2112\" srcset=\"https:\/\/bestcharcoalmachine.com\/wp-content\/uploads\/2021\/12\/round-briquettes-of-shisha-charcoal-production-line.jpg 720w, https:\/\/bestcharcoalmachine.com\/wp-content\/uploads\/2021\/12\/round-briquettes-of-shisha-charcoal-production-line-300x225.jpg 300w\" sizes=\"auto, (max-width: 720px) 100vw, 720px\" \/><figcaption class=\"wp-element-caption\">briquetas-redondas-de-<a href=\"https:\/\/en.wikipedia.org\/wiki\/Shisha\" target=\"_blank\" rel=\"noopener\">shisha<\/a>-l\u00ednea-de-producci\u00f3n-de-carb\u00f3n<\/figcaption><\/figure>    <figure class=\"wp-block-image aligncenter size-full\"><img loading=\"lazy\" decoding=\"async\" width=\"720\" height=\"540\" src=\"https:\/\/bestcharcoalmachine.com\/wp-content\/uploads\/2021\/12\/The-shisha-packing-machine-is-working.jpg\" alt=\"La empaquetadora de shisha est\u00e1 funcionando.\" class=\"wp-image-1768\" srcset=\"https:\/\/bestcharcoalmachine.com\/wp-content\/uploads\/2021\/12\/The-shisha-packing-machine-is-working.jpg 720w, https:\/\/bestcharcoalmachine.com\/wp-content\/uploads\/2021\/12\/The-shisha-packing-machine-is-working-300x225.jpg 300w\" sizes=\"auto, (max-width: 720px) 100vw, 720px\" \/><figcaption class=\"wp-element-caption\">La empaquetadora de shisha est\u00e1 funcionando.<\/figcaption><\/figure>    <h4 class=\"wp-block-heading\">Caracter\u00edsticas estructurales de la m\u00e1quina envasadora de briquetas de carb\u00f3n.<\/h4>    <ul class=\"wp-block-list\"> <li>Esta m\u00e1quina empacadora de briquetas de carb\u00f3n adopta un control de pantalla t\u00e1ctil, el circuito de control principal adopta un chip inteligente, medici\u00f3n precisa, configuraci\u00f3n de par\u00e1metros conveniente y r\u00e1pida, operaci\u00f3n simple y ajuste conveniente.<\/li>    <li>La funci\u00f3n de autodiagn\u00f3stico de fallas, la visualizaci\u00f3n de fallas es clara de un vistazo.<\/li>    <li>Ingrese digitalmente la posici\u00f3n de sellado y corte para que la posici\u00f3n de sellado y corte sea m\u00e1s precisa.<\/li>    <li>Control PID independiente de temperatura, m\u00e1s adecuado para diversos materiales de embalaje.<\/li>    <li>El sistema de transmisi\u00f3n es sencillo, de f\u00e1cil mantenimiento, menor desgaste y larga vida \u00fatil.<\/li>    <li>El rendimiento de sellado es bueno, el efecto de empaque es hermoso y la fecha de producci\u00f3n, el inflado y el \u00e1ngulo de plegado tridimensional se pueden imprimir simult\u00e1neamente.<\/li> <\/ul>    <h2 class=\"wp-block-heading\" id=\"h-more-details-of-hookah-packing-machine\">M\u00e1s detalles de la m\u00e1quina empacadora de narguile<\/h2>    <div class=\"wp-block-media-text is-stacked-on-mobile\"><figure class=\"wp-block-media-text__media\"><img loading=\"lazy\" decoding=\"async\" width=\"720\" height=\"540\" src=\"https:\/\/bestcharcoalmachine.com\/wp-content\/uploads\/2021\/12\/conveyor-of-the-packing-device-1.jpg\" alt=\"transportador del dispositivo de embalaje\" class=\"wp-image-1769 size-full\" srcset=\"https:\/\/bestcharcoalmachine.com\/wp-content\/uploads\/2021\/12\/conveyor-of-the-packing-device-1.jpg 720w, https:\/\/bestcharcoalmachine.com\/wp-content\/uploads\/2021\/12\/conveyor-of-the-packing-device-1-300x225.jpg 300w\" sizes=\"auto, (max-width: 720px) 100vw, 720px\" \/><\/figure><div class=\"wp-block-media-text__content\"> <p>La cinta transportadora es muy ancha y la velocidad de transporte es ajustable, lo que puede transportar continuamente una gran cantidad de carb\u00f3n para narguile, lo que ahorra en gran medida costos de mano de obra y al mismo tiempo garantiza la forma completa del carb\u00f3n para narguile.<\/p> <\/div><\/div>    <div class=\"wp-block-media-text has-media-on-the-right is-stacked-on-mobile\"><div class=\"wp-block-media-text__content\"> <p>El equipo de distribuci\u00f3n de material divide el carb\u00f3n de narguile enviado por la cinta transportadora en grupos, la cantidad de cada grupo es generalmente 10 y la cantidad tambi\u00e9n se puede personalizar. <\/p>    <p>El dispositivo de distribuci\u00f3n puede agrupar los bloques de carbono de forma r\u00e1pida y precisa, lo que mejora la eficiencia del envasado.<\/p> <\/div><figure class=\"wp-block-media-text__media\"><img loading=\"lazy\" decoding=\"async\" width=\"720\" height=\"540\" src=\"https:\/\/bestcharcoalmachine.com\/wp-content\/uploads\/2021\/12\/packing-machine-1.jpg\" alt=\"\" class=\"wp-image-2069 size-full\" srcset=\"https:\/\/bestcharcoalmachine.com\/wp-content\/uploads\/2021\/12\/packing-machine-1.jpg 720w, https:\/\/bestcharcoalmachine.com\/wp-content\/uploads\/2021\/12\/packing-machine-1-300x225.jpg 300w\" sizes=\"auto, (max-width: 720px) 100vw, 720px\" \/><\/figure><\/div>    <div class=\"wp-block-media-text is-stacked-on-mobile\"><figure class=\"wp-block-media-text__media\"><img loading=\"lazy\" decoding=\"async\" width=\"720\" height=\"540\" src=\"https:\/\/bestcharcoalmachine.com\/wp-content\/uploads\/2021\/12\/details-1.jpg\" alt=\"\" class=\"wp-image-1907 size-full\" srcset=\"https:\/\/bestcharcoalmachine.com\/wp-content\/uploads\/2021\/12\/details-1.jpg 720w, https:\/\/bestcharcoalmachine.com\/wp-content\/uploads\/2021\/12\/details-1-300x225.jpg 300w\" sizes=\"auto, (max-width: 720px) 100vw, 720px\" \/><\/figure><div class=\"wp-block-media-text__content\"> <p>Utilice la pantalla biling\u00fce para configurar f\u00e1cilmente par\u00e1metros y funciones, y utilice el carrete de pel\u00edcula multienlace para tirar suavemente.<\/p> <\/div><\/div>    <h2 class=\"wp-block-heading\" id=\"h-video-of-packing-round-shisha-charcoal\">V\u00eddeo de embalaje de carb\u00f3n para shisha redondo<\/h2>    <figure class=\"wp-block-embed is-type-video is-provider-youtube wp-block-embed-youtube wp-embed-aspect-16-9 wp-has-aspect-ratio\"><div class=\"wp-block-embed__wrapper\"> <iframe loading=\"lazy\" title=\"M\u00e1quina empacadora de carb\u00f3n shisha a la venta\" width=\"500\" height=\"281\" src=\"https:\/\/www.youtube.com\/embed\/mpClag14eF4?start=2&#038;feature=oembed\" frameborder=\"0\" allow=\"accelerometer; autoplay; clipboard-write; encrypted-media; gyroscope; picture-in-picture; web-share\" referrerpolicy=\"strict-origin-when-cross-origin\" allowfullscreen><\/iframe> <\/div><\/figure>    <h2 class=\"wp-block-heading\">Par\u00e1metros de la m\u00e1quina empacadora de briquetas de carb\u00f3n.<\/h2>    <figure class=\"wp-block-table\"><table><tbody><tr><td>Tipo<\/td><td>WD-HP 280<\/td><td>&nbsp;Observaci\u00f3n<\/td><\/tr><tr><td>Ancho de la pel\u00edcula de embalaje<\/td><td>100-280 mm<\/td><td>&nbsp;<\/td><\/tr><tr><td>Longitud del saco<\/td><td>80-300 mm<\/td><td>&nbsp;<\/td><\/tr><tr><td>Altura del embalaje<\/td><td>5-60 mm<\/td><td>&nbsp;Por encima de 60 mm se puede personalizar seg\u00fan los requisitos del cliente.<\/td><\/tr><tr><td>Di\u00e1metro del rollo de pel\u00edcula<\/td><td>\u2264320 mm<\/td><\/tr><tr><td>Capacidad<\/td><td>120\u00a0bolsas\/min<\/td><td>&nbsp;<\/td><\/tr><tr><td>Fuerza<\/td><td>220V50HZ 3.55kw<\/td><td> <\/td><\/tr><tr><td>Tama\u00f1o<\/td><td>(Largo)4000\u00d7(Ancho)900\u00d7(Alto)1500mm<\/td><td>&nbsp;<\/td><\/tr><tr><td>Peso<\/td><td>500 kilos<\/td><td><\/td><\/tr><\/tbody><\/table><\/figure>    <h3 class=\"gb-headline gb-headline-7b051e28 gb-headline-text\">V\u00eddeo del embalaje de carb\u00f3n para cachimba en forma de cubo.<\/h3>    <p>Empacar carb\u00f3n para shisha c\u00fabico es un poco diferente a empacar carb\u00f3n redondo; si est\u00e1 interesado, bienvenido a consultarnos y dejar sus comentarios y demandas al final de la p\u00e1gina. Nuestro gerente de ventas le enviar\u00e1 detalles relacionados.<\/p>    <figure class=\"wp-block-embed is-type-video is-provider-youtube wp-block-embed-youtube wp-embed-aspect-16-9 wp-has-aspect-ratio\"><div class=\"wp-block-embed__wrapper\"> <iframe loading=\"lazy\" title=\"\u00bfC\u00f3mo se empaquetar\u00e1 el cubo de carb\u00f3n para shisha? Empaquetadora de carb\u00f3n para narguile\" width=\"500\" height=\"281\" src=\"https:\/\/www.youtube.com\/embed\/Ij1GaNTI-Og?start=37&#038;feature=oembed\" frameborder=\"0\" allow=\"accelerometer; autoplay; clipboard-write; encrypted-media; gyroscope; picture-in-picture; web-share\" referrerpolicy=\"strict-origin-when-cross-origin\" allowfullscreen><\/iframe> <\/div><\/figure>    <h2 class=\"wp-block-heading\">Empaquetadora cuantitativa de carb\u00f3n para barbacoa<\/h2>    <h3 class=\"wp-block-heading\">Introducci\u00f3n de la m\u00e1quina empacadora de briquetas de carb\u00f3n.<\/h3>    <p class=\"translation-block\">Una m\u00e1quina de embalaje cuantitativa se utiliza para empaquetar briquetas de barbacoa hechas por una <a href=\"https:\/\/bestcharcoalmachine.com\/es\/charcoal-ball-press-machine\/\">m\u00e1quina de prensado de carb\u00f3n BBQ<\/a>. Est\u00e1 compuesta principalmente por cuatro partes: dispositivo de pesaje autom\u00e1tico, dispositivo de transporte, dispositivo de costura y control por computadora. La m\u00e1quina de embalaje de briquetas de carb\u00f3n es adecuada para el embalaje cuantitativo autom\u00e1tico de varios tipos de carbono, briquetas, part\u00edculas biol\u00f3gicas, materiales granulares (piensos, arena de cuarzo), fertilizantes org\u00e1nicos, part\u00edculas en polvo, materiales mezclados, materiales en escamas y materiales irregulares. Tiene las caracter\u00edsticas de una estructura razonable, un aspecto hermoso, operaci\u00f3n estable, ahorro de energ\u00eda y electricidad, operaci\u00f3n conveniente y pesaje preciso.<\/p>    <figure class=\"wp-block-gallery has-nested-images columns-default is-cropped wp-block-gallery-2 is-layout-flex wp-block-gallery-is-layout-flex\"> <figure class=\"wp-block-image size-large\"><img decoding=\"async\" data-id=\"1689\" src=\"https:\/\/bestcharcoalmachine.com\/wp-content\/uploads\/2021\/12\/quantitative-charcoal-packing-machine.jpg\" alt=\"empaquetadora cuantitativa de carb\u00f3n vegetal\" class=\"wp-image-1689\"\/><figcaption class=\"wp-element-caption\">empaquetadora cuantitativa de carb\u00f3n vegetal<\/figcaption><\/figure>    <figure class=\"wp-block-image size-large\"><img decoding=\"async\" data-id=\"1698\" src=\"https:\/\/bestcharcoalmachine.com\/wp-content\/uploads\/2021\/12\/packaged-BBQ-briquettes.jpg\" alt=\"briquetas de barbacoa envasadas\" class=\"wp-image-1698\"\/><figcaption class=\"wp-element-caption\">briquetas de barbacoa envasadas<\/figcaption><\/figure> <\/figure>    <h3 class=\"wp-block-heading\">Caracter\u00edsticas de la m\u00e1quina empacadora de briquetas de carb\u00f3n para barbacoa<\/h3>    <ul class=\"wp-block-list\"> <li>Utilizando el proceso de producci\u00f3n de acero al carbono.<\/li>    <li>El equipo adopta un balde de pesaje, un sensor de suspensi\u00f3n independiente y un convertidor de frecuencia para controlar la velocidad del motor, y la transmisi\u00f3n de la se\u00f1al es estable para garantizar la velocidad de pesaje.<\/li>    <li>Alimentaci\u00f3n por correa, sin da\u00f1os al material por extrusi\u00f3n.<\/li>    <li>La m\u00e1quina principal adopta una alimentaci\u00f3n de tres velocidades r\u00e1pida, media y lenta para garantizar la precisi\u00f3n y velocidad de la medici\u00f3n.<\/li> <\/ul>    <figure class=\"wp-block-gallery has-nested-images columns-default is-cropped wp-block-gallery-3 is-layout-flex wp-block-gallery-is-layout-flex\"> <figure class=\"wp-block-image size-large\"><img decoding=\"async\" data-id=\"1690\" src=\"https:\/\/bestcharcoalmachine.com\/wp-content\/uploads\/2021\/12\/BBQ-briquette-packing-machine.jpg\" alt=\"M\u00e1quina empacadora de briquetas para barbacoa\" class=\"wp-image-1690\"\/><figcaption class=\"wp-element-caption\">M\u00e1quina empacadora de briquetas para barbacoa<\/figcaption><\/figure>    <figure class=\"wp-block-image size-large\"><img decoding=\"async\" data-id=\"1694\" src=\"https:\/\/bestcharcoalmachine.com\/wp-content\/uploads\/2021\/12\/controller.jpg\" alt=\"controlador\" class=\"wp-image-1694\"\/><figcaption class=\"wp-element-caption\">controlador<\/figcaption><\/figure> <\/figure>    <h3 class=\"wp-block-heading\">\u00bfC\u00f3mo ajustar el peso del producto?<\/h3>    <ol class=\"wp-block-list\"> <li>Encienda la m\u00e1quina.<\/li>    <li>Establezca los datos de destino y luego haga clic en \"confirmar\".<\/li>    <li>Establecer ventaja (el embalaje se ralentiza al final).<\/li>    <li>Mantenga presionado \"revisar\", cuelgue un peso con un peso conocido, ingrese el peso y confirme.<\/li> <\/ol>    <h2 class=\"wp-block-heading\" id=\"h-parameters-of-bbq-charcoal-briquette-packing-machine\">Par\u00e1metros de la m\u00e1quina empacadora de briquetas de carb\u00f3n para barbacoa<\/h2>    <figure class=\"wp-block-table\"><table><tbody><tr><td>Modelo<\/td><td>WD-BP<\/td><\/tr><tr><td>Peso del embalaje<\/td><td>20-50 kg\/bolsa<\/td><\/tr><tr><td>Velocidad de embalaje<\/td><td>300-400 bolsas\/h<\/td><\/tr><tr><td>Fuerza<\/td><td>1,7 kw<\/td><\/tr><tr><td>Dimensi\u00f3n<\/td><td>3000*1150*2550mm<\/td><\/tr><\/tbody><\/table><\/figure>    <h2 class=\"wp-block-heading\">M\u00e1quina de envasado retr\u00e1ctil<\/h2>    <h3 class=\"wp-block-heading\">Introducci\u00f3n de la m\u00e1quina envasadora retr\u00e1ctil.<\/h3>    <p class=\"translation-block\">La m\u00e1quina de sellado y corte es una m\u00e1quina de embalaje autom\u00e1tica y sin intervenci\u00f3n humana, que se utiliza ampliamente en la producci\u00f3n y embalaje en masa, con alta eficiencia de trabajo, alimentaci\u00f3n autom\u00e1tica de pel\u00edcula y perforaci\u00f3n, y sellado y corte autom\u00e1tico de pel\u00edcula. Se puede usar con una <a href=\"https:\/\/bestcharcoalmachine.com\/es\/charcoal-briquette-production-line\/\">l\u00ednea de producci\u00f3n de briquetas de carb\u00f3n<\/a> o una <a href=\"https:\/\/bestcharcoalmachine.com\/es\/coal-briquette-processing-plant\/\">planta de procesamiento de briquetas de carb\u00f3n<\/a>. Es la primera opci\u00f3n para el sellado de carb\u00f3n y el embalaje retr\u00e1ctil.<\/p>    <figure class=\"wp-block-image aligncenter size-large\"><img decoding=\"async\" src=\"https:\/\/bestcharcoalmachine.com\/wp-content\/uploads\/2021\/12\/Sealing-and-cutting-machine-3.jpg\" alt=\"m\u00e1quina de sellado y corte\" class=\"wp-image-1695\"\/><figcaption class=\"wp-element-caption\">m\u00e1quina de sellado y corte<\/figcaption><\/figure>    <h3 class=\"wp-block-heading\">Efecto de embalaje de la m\u00e1quina envasadora de briquetas de carb\u00f3n.<\/h3>    <figure class=\"wp-block-gallery has-nested-images columns-default is-cropped wp-block-gallery-4 is-layout-flex wp-block-gallery-is-layout-flex\"> <figure class=\"wp-block-image size-large\"><img loading=\"lazy\" decoding=\"async\" width=\"720\" height=\"540\" data-id=\"3555\" src=\"https:\/\/bestcharcoalmachine.com\/wp-content\/uploads\/2021\/11\/packed-bio-briquettes.jpg\" alt=\"biobriquetas envasadas\" class=\"wp-image-3555\"\/><figcaption class=\"wp-element-caption\">biobriquetas envasadas<\/figcaption><\/figure>    <figure class=\"wp-block-image size-large\"><img loading=\"lazy\" decoding=\"async\" width=\"720\" height=\"540\" data-id=\"3557\" src=\"https:\/\/bestcharcoalmachine.com\/wp-content\/uploads\/2021\/11\/sawdust-briquettes.jpg\" alt=\"briquetas de aserr\u00edn empaquetadas\" class=\"wp-image-3557\"\/><figcaption class=\"wp-element-caption\">briquetas de aserr\u00edn empaquetadas<\/figcaption><\/figure> <\/figure>    <figure class=\"wp-block-gallery has-nested-images columns-default is-cropped wp-block-gallery-5 is-layout-flex wp-block-gallery-is-layout-flex\"> <figure class=\"wp-block-image size-large\"><img loading=\"lazy\" decoding=\"async\" width=\"720\" height=\"540\" data-id=\"3559\" src=\"https:\/\/bestcharcoalmachine.com\/wp-content\/uploads\/2021\/11\/sawdust-briquette.jpg\" alt=\"\" class=\"wp-image-3559\"\/><\/figure>    <figure class=\"wp-block-image size-large\"><img loading=\"lazy\" decoding=\"async\" width=\"720\" height=\"540\" data-id=\"2065\" src=\"https:\/\/bestcharcoalmachine.com\/wp-content\/uploads\/2021\/12\/packaged-honeycomb-coal.jpg\" alt=\"carb\u00f3n-envasado-en forma de panal\" class=\"wp-image-2065\" srcset=\"https:\/\/bestcharcoalmachine.com\/wp-content\/uploads\/2021\/12\/packaged-honeycomb-coal.jpg 720w, https:\/\/bestcharcoalmachine.com\/wp-content\/uploads\/2021\/12\/packaged-honeycomb-coal-300x225.jpg 300w\" sizes=\"auto, (max-width: 720px) 100vw, 720px\" \/><figcaption class=\"wp-element-caption\">carb\u00f3n-envasado-en forma de panal<\/figcaption><\/figure> <\/figure>    <h3 class=\"wp-block-heading\">Video de trabajo de la m\u00e1quina empacadora de briquetas de carb\u00f3n.<\/h3>    <figure class=\"wp-block-embed is-type-video is-provider-youtube wp-block-embed-youtube wp-embed-aspect-16-9 wp-has-aspect-ratio\"><div class=\"wp-block-embed__wrapper\"> <iframe loading=\"lazy\" title=\"M\u00e1quina envasadora de briquetas de carb\u00f3n | \u00bfC\u00f3mo envasar briquetas de aserr\u00edn autom\u00e1ticamente?\" width=\"500\" height=\"281\" src=\"https:\/\/www.youtube.com\/embed\/EcaYnJMTlE0?start=21&#038;feature=oembed\" frameborder=\"0\" allow=\"accelerometer; autoplay; clipboard-write; encrypted-media; gyroscope; picture-in-picture; web-share\" referrerpolicy=\"strict-origin-when-cross-origin\" allowfullscreen><\/iframe> <\/div><\/figure>    <h3 class=\"wp-block-heading\" id=\"h-features-of-shrink-packing-machine\">Caracter\u00edsticas de la m\u00e1quina envasadora retr\u00e1ctil.<\/h3>    <ul class=\"wp-block-list\"> <li>La m\u00e1quina envasadora tiene un alto grado de automatizaci\u00f3n y es f\u00e1cil de operar, solo es necesario configurar los par\u00e1metros en el panel de control.<\/li>    <li>El producto terminado empaquetado tiene un sello plano y se usa ampliamente, y puede usarse para envasar alimentos, bebidas, panales, art\u00edculos de primera necesidad, productos electr\u00f3nicos, etc.<\/li>    <li>Hay un lugar especial debajo de la m\u00e1quina para reciclar el exceso de pel\u00edcula que se corta para asegurar que el taller est\u00e9 limpio.<\/li> <\/ul>    <h2 class=\"wp-block-heading\" id=\"h-shrink-packing-machine-parameters\">Par\u00e1metros de la m\u00e1quina empacadora de briquetas de carb\u00f3n retr\u00e1ctil<\/h2>    <figure class=\"wp-block-table\"><table><tbody><tr><td>Modelo<\/td><td>WD-SP<\/td><\/tr><tr><td>Voltaje<\/td><td>220V\/50-60HZ, 2.2KW<\/td><\/tr><tr><td>Capacidad de embalaje<\/td><td>0-30 unidades\/minuto<\/td><\/tr><tr><td>M\u00e1x. Tama\u00f1o del sellador<\/td><td>Largo+2H\u2264550mm, Ancho+Al\u226435mm, Alto\u2264140mm<\/td><\/tr><tr><td>Temperatura de sellado<\/td><td>140\u2103-180\u2103<\/td><\/tr><tr><td>Espesor de la pel\u00edcula<\/td><td>0,015-0,1 mm<\/td><\/tr><tr><td>Film retr\u00e1ctil<\/td><td>POF, PVC, PE<\/td><\/tr><tr><td>Tama\u00f1o de la m\u00e1quina<\/td><td>1760*900*1580mm<\/td><\/tr><\/tbody><\/table><\/figure>","protected":false},"excerpt":{"rendered":"<p>The charcoal briquette packing machine is mainly used for the packaging of charcoal, hookah charcoal, ignition charcoal, barbecue charcoal, biomass rods, clean coal, and other products. After packaging, the appearance is exquisite and beautiful, convenient for storage and transportation, and quick and convenient to use. WOOD Machinery has a mature automatic packaging project. The automatic [&hellip;]<\/p>\n","protected":false},"author":1,"featured_media":1765,"parent":0,"template":"","tags":[],"product-type":[2],"class_list":["post-1673","product","type-product","status-publish","has-post-thumbnail","hentry","product-type-briquettes-packing-machine"],"_links":{"self":[{"href":"https:\/\/bestcharcoalmachine.com\/es\/wp-json\/wp\/v2\/product\/1673","targetHints":{"allow":["GET"]}}],"collection":[{"href":"https:\/\/bestcharcoalmachine.com\/es\/wp-json\/wp\/v2\/product"}],"about":[{"href":"https:\/\/bestcharcoalmachine.com\/es\/wp-json\/wp\/v2\/types\/product"}],"author":[{"embeddable":true,"href":"https:\/\/bestcharcoalmachine.com\/es\/wp-json\/wp\/v2\/users\/1"}],"wp:featuredmedia":[{"embeddable":true,"href":"https:\/\/bestcharcoalmachine.com\/es\/wp-json\/wp\/v2\/media\/1765"}],"wp:attachment":[{"href":"https:\/\/bestcharcoalmachine.com\/es\/wp-json\/wp\/v2\/media?parent=1673"}],"wp:term":[{"taxonomy":"post_tag","embeddable":true,"href":"https:\/\/bestcharcoalmachine.com\/es\/wp-json\/wp\/v2\/tags?post=1673"},{"taxonomy":"product-type","embeddable":true,"href":"https:\/\/bestcharcoalmachine.com\/es\/wp-json\/wp\/v2\/product-type?post=1673"}],"curies":[{"name":"wp","href":"https:\/\/api.w.org\/{rel}","templated":true}]}}