{"id":1459,"date":"2021-12-08T09:48:39","date_gmt":"2021-12-08T09:48:39","guid":{"rendered":"https:\/\/bestcharcoalmachine.com\/?p=1459"},"modified":"2023-01-04T16:03:36","modified_gmt":"2023-01-04T08:03:36","slug":"honeycomb-coal-briquette-machine","status":"publish","type":"product","link":"https:\/\/bestcharcoalmachine.com\/es\/product\/honeycomb-coal-briquette-machine\/","title":{"rendered":"M\u00e1quina de briquetas de carb\u00f3n en forma de panal | M\u00e1quina de prensa de carb\u00f3n"},"content":{"rendered":"<div class=\"kk-star-ratings kksr-auto kksr-align-left kksr-valign-top\"     data-payload='{&quot;align&quot;:&quot;left&quot;,&quot;id&quot;:&quot;1459&quot;,&quot;slug&quot;:&quot;default&quot;,&quot;valign&quot;:&quot;top&quot;,&quot;ignore&quot;:&quot;&quot;,&quot;reference&quot;:&quot;auto&quot;,&quot;class&quot;:&quot;&quot;,&quot;count&quot;:&quot;6&quot;,&quot;legendonly&quot;:&quot;&quot;,&quot;readonly&quot;:&quot;&quot;,&quot;score&quot;:&quot;4.6&quot;,&quot;starsonly&quot;:&quot;&quot;,&quot;best&quot;:&quot;5&quot;,&quot;gap&quot;:&quot;5&quot;,&quot;greet&quot;:&quot;Rate this product&quot;,&quot;legend&quot;:&quot;4.6\\\/5 - (6 votos)&quot;,&quot;size&quot;:&quot;24&quot;,&quot;title&quot;:&quot;Honeycomb Coal Briquette Machine | Charcoal Press Machine&quot;,&quot;width&quot;:&quot;130.9&quot;,&quot;_legend&quot;:&quot;{score}\\\/{best} - ({count} {votes})&quot;,&quot;font_factor&quot;:&quot;1.25&quot;}'>              <div class=\"kksr-stars\">      <div class=\"kksr-stars-inactive\">             <div class=\"kksr-star\" data-star=\"1\" style=\"padding-right: 5px\">               <div class=\"kksr-icon\" style=\"width: 24px; height: 24px;\"><\/div>         <\/div>             <div class=\"kksr-star\" data-star=\"2\" style=\"padding-right: 5px\">               <div class=\"kksr-icon\" style=\"width: 24px; height: 24px;\"><\/div>         <\/div>             <div class=\"kksr-star\" data-star=\"3\" style=\"padding-right: 5px\">               <div class=\"kksr-icon\" style=\"width: 24px; height: 24px;\"><\/div>         <\/div>             <div class=\"kksr-star\" data-star=\"4\" style=\"padding-right: 5px\">               <div class=\"kksr-icon\" style=\"width: 24px; height: 24px;\"><\/div>         <\/div>             <div class=\"kksr-star\" data-star=\"5\" style=\"padding-right: 5px\">               <div class=\"kksr-icon\" style=\"width: 24px; height: 24px;\"><\/div>         <\/div>     <\/div>      <div class=\"kksr-stars-active\" style=\"width: 130.9px;\">             <div class=\"kksr-star\" style=\"padding-right: 5px\">               <div class=\"kksr-icon\" style=\"width: 24px; height: 24px;\"><\/div>         <\/div>             <div class=\"kksr-star\" style=\"padding-right: 5px\">               <div class=\"kksr-icon\" style=\"width: 24px; height: 24px;\"><\/div>         <\/div>             <div class=\"kksr-star\" style=\"padding-right: 5px\">               <div class=\"kksr-icon\" style=\"width: 24px; height: 24px;\"><\/div>         <\/div>             <div class=\"kksr-star\" style=\"padding-right: 5px\">               <div class=\"kksr-icon\" style=\"width: 24px; height: 24px;\"><\/div>         <\/div>             <div class=\"kksr-star\" style=\"padding-right: 5px\">               <div class=\"kksr-icon\" style=\"width: 24px; height: 24px;\"><\/div>         <\/div>     <\/div> <\/div>                   <div class=\"kksr-legend\" style=\"font-size: 19.2px;\">             4,6\/5 - (6 votos)    <\/div>     <\/div>  <p class=\"translation-block\">La m\u00e1quina briquetadora de carb\u00f3n en panal tambi\u00e9n se conoce como m\u00e1quina de prensa de carb\u00f3n en panal. Es una m\u00e1quina briquetadora que tritura carb\u00f3n crudo o tamiza polvo de carb\u00f3n y polvo de coque, a\u00f1adiendo aditivos en una proporci\u00f3n determinada, y lo comprime en una forma de briqueta. Se pueden fabricar varias formas cambiando los moldes de distintas formas. Ampl\u00eda en gran medida las funciones de la m\u00e1quina de briquetas y es muy apreciada por la mayor\u00eda de los usuarios. Es un producto ideal de m\u00e1quina de briquetas para emprendedores. WOOD Machinery ofrece una l\u00ednea de producci\u00f3n de carb\u00f3n completa para nuestros clientes, si est\u00e1 interesado, bienvenido a consultarnos en cualquier momento.<\/p>    <figure class=\"wp-block-gallery has-nested-images columns-default is-cropped wp-block-gallery-2 is-layout-flex wp-block-gallery-is-layout-flex\"> <figure class=\"wp-block-image size-large\"><img loading=\"lazy\" decoding=\"async\" width=\"720\" height=\"540\" data-id=\"2796\" src=\"https:\/\/bestcharcoalmachine.com\/wp-content\/uploads\/2021\/12\/Honeycomb-coal-briquette-machine-2.jpg\" alt=\"\" class=\"wp-image-2796\"\/><figcaption class=\"wp-element-caption\">M\u00e1quina de briquetas de carb\u00f3n en forma de panal<\/figcaption><\/figure>    <figure class=\"wp-block-image size-large\"><img loading=\"lazy\" decoding=\"async\" width=\"720\" height=\"540\" data-id=\"2797\" src=\"https:\/\/bestcharcoalmachine.com\/wp-content\/uploads\/2021\/12\/Charcoal-press-machine-1.jpg\" alt=\"M\u00e1quina prensadora de carb\u00f3n\" class=\"wp-image-2797\"\/><figcaption class=\"wp-element-caption\">M\u00e1quina prensadora de carb\u00f3n<\/figcaption><\/figure> <\/figure>    <h2 class=\"wp-block-heading\" id=\"h-raw-materials-of-honeycomb-briquette-press-machine\">Materias primas de la m\u00e1quina prensadora de briquetas de panal.<\/h2>    <p>La materia prima de las briquetas es carb\u00f3n en polvo, carb\u00f3n en polvo y arcilla. Por un lado, la arcilla puede actuar como aglutinante y la briqueta no se dispersa f\u00e1cilmente despu\u00e9s de quemarse. Por otro lado, agregar loess puede aumentar las ganancias del producto terminado. Adem\u00e1s, el polvo de hierba y el polvo de saed tambi\u00e9n se pueden prensar hasta formar un panal.<\/p>    <figure class=\"wp-block-image aligncenter size-full\"><img loading=\"lazy\" decoding=\"async\" width=\"720\" height=\"540\" src=\"https:\/\/bestcharcoalmachine.com\/wp-content\/uploads\/2021\/12\/raw-materials-of-honeycomb-briquetting-machine1.jpg\" alt=\"Materias primas de la m\u00e1quina briquetadora de panal.\" class=\"wp-image-2804\"\/><figcaption class=\"wp-element-caption\">Materias primas de la m\u00e1quina briquetadora de panal.<\/figcaption><\/figure>    <h2 class=\"wp-block-heading\" id=\"products-display-of-honeycomb-coal-briquette-machine\">Exhibici\u00f3n de productos de la m\u00e1quina de briquetas de carb\u00f3n en forma de panal.<\/h2>    <p>Las briquetas de carb\u00f3n alveolar se utilizan principalmente para calefacci\u00f3n y incendios dom\u00e9sticos. El di\u00e1metro de producci\u00f3n de las briquetas es de 12 cm a 16 cm. La m\u00e1quina de briquetas de carb\u00f3n alveolar puede intercambiar moldes f\u00e1cilmente. Las funciones de la m\u00e1quina de briquetas se pueden ampliar enormemente reemplazando los moldes de diferentes formas, que son muy populares entre los usuarios.<\/p>    <figure class=\"wp-block-image aligncenter size-full\"><img decoding=\"async\" src=\"https:\/\/bestcharcoalmachine.com\/wp-content\/uploads\/2021\/12\/honeycomb-coal-briquettes-of-many-shapes.jpg\" alt=\"briquetas de carb\u00f3n en forma de panal de muchas formas\" class=\"wp-image-1493\"\/><figcaption class=\"wp-element-caption\">briquetas de carb\u00f3n en forma de panal de muchas formas<\/figcaption><\/figure>    <figure class=\"wp-block-image aligncenter size-full\"><img decoding=\"async\" src=\"https:\/\/bestcharcoalmachine.com\/wp-content\/uploads\/2021\/12\/honeycomb-coal-display.jpg\" alt=\"exhibici\u00f3n de carb\u00f3n en forma de panal\" class=\"wp-image-1506\"\/><figcaption class=\"wp-element-caption\">exhibici\u00f3n de carb\u00f3n en forma de panal<\/figcaption><\/figure>    <figure class=\"wp-block-image aligncenter size-full\"><img decoding=\"async\" src=\"https:\/\/bestcharcoalmachine.com\/wp-content\/uploads\/2021\/12\/Hexagonal-coal.jpg\" alt=\"Carb\u00f3n hexagonal\" class=\"wp-image-1507\"\/><figcaption class=\"wp-element-caption\">Carb\u00f3n hexagonal<\/figcaption><\/figure>    <h2 class=\"wp-block-heading\">Video de trabajo de la m\u00e1quina briquetadora.<\/h2>    <figure class=\"wp-block-embed is-type-video is-provider-youtube wp-block-embed-youtube wp-embed-aspect-16-9 wp-has-aspect-ratio\"><div class=\"wp-block-embed__wrapper\"> <iframe loading=\"lazy\" title=\"\u00bfQu\u00e9 productos puede fabricar la m\u00e1quina de briquetas de carb\u00f3n? | La mejor m\u00e1quina prensadora de briquetas para usted\" width=\"500\" height=\"281\" src=\"https:\/\/www.youtube.com\/embed\/kQ_0RebwF4o?feature=oembed\" frameborder=\"0\" allow=\"accelerometer; autoplay; clipboard-write; encrypted-media; gyroscope; picture-in-picture; web-share\" referrerpolicy=\"strict-origin-when-cross-origin\" allowfullscreen><\/iframe> <\/div><\/figure>    <h2 class=\"wp-block-heading\" id=\"structures-of-honeycomb-coal-briquette-machine\">Estructuras de la m\u00e1quina de briquetas de carb\u00f3n en forma de panal. <\/h2>    <p>La estructura de la m\u00e1quina de carb\u00f3n alveolar es simple, todas las piezas cooperan entre s\u00ed y la operaci\u00f3n es coordinada y estable. La m\u00e1quina de carb\u00f3n alveolar tiene una estructura simple y est\u00e1 dividida en cinco partes: cuerpo, transmisi\u00f3n, alimentaci\u00f3n, punzonado y transporte.<\/p>    <ul class=\"wp-block-list\"> <li>Parte del cuerpo: Est\u00e1 compuesta por una platina y una base como entidad esquel\u00e9tica de la m\u00e1quina.<\/li>    <li>Parte de transmisi\u00f3n: Se compone de motor, polea, engranaje, eje de transmisi\u00f3n y otros componentes. El motor impulsa la polea para hacer girar el eje del engranaje y lo transmite al eje impulsor a trav\u00e9s de dos engranajes.<\/li>    <li>Parte de alimentaci\u00f3n: Est\u00e1 compuesta por eje giratorio, tolva y agitador. Es impulsado por un engranaje axial para agitar el carb\u00f3n en el cilindro del molde.<\/li>    <li>La parte de estampado se compone principalmente de cuatro varillas deslizantes, vigas deslizantes, punzones, asientos de punzones, punzones, placas de presi\u00f3n m\u00f3viles, fondos de matrices m\u00f3viles y resortes.<\/li>    <li>La parte transportadora se compone de un bastidor transportador, una polea para correa, un soporte y una cinta transportadora. La cinta transportadora gira aleatoriamente para enviar el carb\u00f3n formado fuera del cuerpo de la m\u00e1quina, y los tornillos ajustables en el marco del transportador pueden ajustar la tensi\u00f3n de la cinta transportadora.<\/li> <\/ul>    <figure class=\"wp-block-gallery has-nested-images columns-default is-cropped wp-block-gallery-3 is-layout-flex wp-block-gallery-is-layout-flex\"> <figure class=\"wp-block-image size-large\"><img decoding=\"async\" data-id=\"1499\" src=\"https:\/\/bestcharcoalmachine.com\/wp-content\/uploads\/2021\/12\/pressing-device.jpg\" alt=\"dispositivo de prensado\" class=\"wp-image-1499\"\/><figcaption class=\"wp-element-caption\">dispositivo de prensado<\/figcaption><\/figure>    <figure class=\"wp-block-image size-large\"><img decoding=\"async\" data-id=\"1500\" src=\"https:\/\/bestcharcoalmachine.com\/wp-content\/uploads\/2021\/12\/movable-mold-bottom.jpg\" alt=\"fondo de molde m\u00f3vil\" class=\"wp-image-1500\"\/><figcaption class=\"wp-element-caption\">fondo de molde m\u00f3vil<\/figcaption><\/figure>    <figure class=\"wp-block-image size-large\"><img decoding=\"async\" data-id=\"1503\" src=\"https:\/\/bestcharcoalmachine.com\/wp-content\/uploads\/2021\/12\/Structures-of-honeycomb-coal-briquette-machine-2.jpg\" alt=\"Estructuras de la m\u00e1quina de briquetas de carb\u00f3n en forma de panal.\" class=\"wp-image-1503\"\/><figcaption class=\"wp-element-caption\">Estructuras de la m\u00e1quina de briquetas de carb\u00f3n en forma de panal.<\/figcaption><\/figure> <\/figure>    <h2 class=\"wp-block-heading\" id=\"working-principle-of-briquette-machine\">Principio de funcionamiento de la m\u00e1quina de briquetas.<\/h2>    <p>El principio de funcionamiento de la m\u00e1quina es que el motor o motor diesel acciona la polea de la correa para accionar el balanc\u00edn de la m\u00e1quina, y el molde se coloca en la placa del molde para ingresar a la primera precompresi\u00f3n de la aguja de punzonado y a la segunda formaci\u00f3n de la aguja de punzonado. . El modo de potencia de la m\u00e1quina puede ser un motor el\u00e9ctrico y un motor di\u00e9sel.<\/p>    <figure class=\"wp-block-gallery has-nested-images columns-default is-cropped wp-block-gallery-4 is-layout-flex wp-block-gallery-is-layout-flex\"> <figure class=\"wp-block-image size-large\"><img decoding=\"async\" data-id=\"1494\" src=\"https:\/\/bestcharcoalmachine.com\/wp-content\/uploads\/2021\/12\/honeycomb-charcoal-briquette-machine-working-scene.jpg\" alt=\"escena de trabajo de la m\u00e1quina de briquetas de carb\u00f3n vegetal en forma de panal\" class=\"wp-image-1494\"\/><figcaption class=\"wp-element-caption\">escena de trabajo de la m\u00e1quina de briquetas de carb\u00f3n vegetal en forma de panal<\/figcaption><\/figure>    <figure class=\"wp-block-image size-large\"><img loading=\"lazy\" decoding=\"async\" width=\"720\" height=\"540\" data-id=\"2234\" src=\"https:\/\/bestcharcoalmachine.com\/wp-content\/uploads\/2021\/11\/working-scene.jpg\" alt=\"escena de trabajo\" class=\"wp-image-2234\" srcset=\"https:\/\/bestcharcoalmachine.com\/wp-content\/uploads\/2021\/11\/working-scene.jpg 720w, https:\/\/bestcharcoalmachine.com\/wp-content\/uploads\/2021\/11\/working-scene-300x225.jpg 300w\" sizes=\"auto, (max-width: 720px) 100vw, 720px\" \/><figcaption class=\"wp-element-caption\">escena de trabajo<\/figcaption><\/figure> <\/figure>    <h2 class=\"wp-block-heading\" id=\"h-features-of-honeycomb-coal-briquette-machine\">Caracter\u00edsticas de la m\u00e1quina de briquetas de carb\u00f3n en forma de panal<\/h2>    <ul class=\"wp-block-list\"> <li>Las briquetas alveolares se precomprimen y luego se forman. El producto terminado tiene alta densidad y no es f\u00e1cil de romper.<\/li>    <li>La m\u00e1quina es de buena calidad, no se da\u00f1a f\u00e1cilmente, no tiene accesorios, es muy conveniente para el mantenimiento de la m\u00e1quina y tiene una larga vida \u00fatil. El punto de mantenimiento es muy sencillo, a\u00f1adiendo mantequilla a los engranajes internos de la cinta transportadora y a\u00f1adiendo aceite a los rodamientos una vez por semana. Luego agregue aceite nuevamente durante 10 d\u00edas y 15 d\u00edas para mantenimiento.<\/li> <\/ul>    <h2 class=\"wp-block-heading\" id=\"h-honeycomb-coal-press-machine-factory-stock\">Stock de f\u00e1brica de m\u00e1quinas de prensa de carb\u00f3n en forma de panal<\/h2>    <figure class=\"wp-block-image aligncenter size-full\"><img loading=\"lazy\" decoding=\"async\" width=\"720\" height=\"540\" src=\"https:\/\/bestcharcoalmachine.com\/wp-content\/uploads\/2021\/12\/honeycomb-coal-briquette-machines-in-factory1.jpg\" alt=\"M\u00e1quinas de briquetas de carb\u00f3n en forma de panal en f\u00e1brica\" class=\"wp-image-2802\"\/><figcaption class=\"wp-element-caption\">M\u00e1quinas de briquetas de carb\u00f3n en forma de panal en f\u00e1brica<\/figcaption><\/figure>    <figure class=\"wp-block-image aligncenter size-full\"><img loading=\"lazy\" decoding=\"async\" width=\"720\" height=\"540\" src=\"https:\/\/bestcharcoalmachine.com\/wp-content\/uploads\/2021\/12\/honeycomb-charcoal-briquette-machine1.jpg\" alt=\"m\u00e1quina de briquetas de carb\u00f3n vegetal en forma de panal\" class=\"wp-image-2803\"\/><figcaption class=\"wp-element-caption\">m\u00e1quina de briquetas de carb\u00f3n vegetal en forma de panal<\/figcaption><\/figure>    <h2 class=\"wp-block-heading\" id=\"parameters-of-honeycomb-charcoal-press-machine\">Par\u00e1metros de la m\u00e1quina prensadora de carb\u00f3n en forma de panal<\/h2>    <figure class=\"wp-block-table\"><table><tbody><tr><td>Modelo<\/td><td>Fuerza<\/td><td>Di\u00e1metro m\u00e1ximo del carb\u00f3n<\/td><td>Capacidad<\/td><\/tr><tr><td>WD-HC120<\/td><td>5,5 kw<\/td><td>120mm<\/td><td>45 PC\/tiempo<\/td><\/tr><tr><td>WD-HC140<\/td><td>7,5 kw<\/td><td>140mm<\/td><td>45 PC\/tiempo <\/td><\/tr><tr><td>WD-HC160<\/td><td>11kw<\/td><td>160mm<\/td><td>45 PC\/tiempo <\/td><\/tr><tr><td>WD-HC220<\/td><td>11kw<\/td><td>220 mm<\/td><td>45 PC\/tiempo <\/td><\/tr><\/tbody><\/table><\/figure>    <p>El modelo lleva el nombre del di\u00e1metro m\u00e1ximo del carb\u00f3n. Por ejemplo, la m\u00e1quina cuyo di\u00e1metro de producto es de 120 mm, ese tipo se llama WD-HC 120. <\/p>    <h2 class=\"wp-block-heading\" id=\"customer-case-of-honeycomb-charcoal-briquette-machine\">Caso del cliente de m\u00e1quina briquetadora de carb\u00f3n vegetal en forma de panal<\/h2>    <p>Los clientes de Indonesia tienen la intenci\u00f3n de invertir en una peque\u00f1a planta de carb\u00f3n vegetal para diversificar sus productos. Eligieron nuestra m\u00e1quina briquetadora, el modelo es WD-HC120, la producci\u00f3n es peque\u00f1a y el riesgo es peque\u00f1o, lo cual es muy adecuado para su inversi\u00f3n inicial.<\/p>    <figure class=\"wp-block-gallery has-nested-images columns-default is-cropped wp-block-gallery-5 is-layout-flex wp-block-gallery-is-layout-flex\"> <figure class=\"wp-block-image size-large\"><img loading=\"lazy\" decoding=\"async\" width=\"720\" height=\"540\" data-id=\"2798\" src=\"https:\/\/bestcharcoalmachine.com\/wp-content\/uploads\/2021\/12\/packing-machine-components.jpg\" alt=\"componentes de la m\u00e1quina de embalaje\" class=\"wp-image-2798\"\/><figcaption class=\"wp-element-caption\">componentes de la m\u00e1quina de embalaje<\/figcaption><\/figure>    <figure class=\"wp-block-image size-large\"><img loading=\"lazy\" decoding=\"async\" width=\"720\" height=\"540\" data-id=\"2799\" src=\"https:\/\/bestcharcoalmachine.com\/wp-content\/uploads\/2021\/12\/packing-honeycomb-charcoal-briquette-machine.jpg\" alt=\"M\u00e1quina de briquetas de carb\u00f3n de panal de embalaje\" class=\"wp-image-2799\"\/><figcaption class=\"wp-element-caption\">M\u00e1quina de briquetas de carb\u00f3n de panal de embalaje<\/figcaption><\/figure>    <figure class=\"wp-block-image size-large\"><img loading=\"lazy\" decoding=\"async\" width=\"720\" height=\"540\" data-id=\"2800\" src=\"https:\/\/bestcharcoalmachine.com\/wp-content\/uploads\/2021\/12\/honeycomb-charcoal-briquette-machine.jpg\" alt=\"m\u00e1quina de briquetas de carb\u00f3n vegetal en forma de panal\" class=\"wp-image-2800\"\/><figcaption class=\"wp-element-caption\">m\u00e1quina de briquetas de carb\u00f3n vegetal en forma de panal<\/figcaption><\/figure> <\/figure>","protected":false},"excerpt":{"rendered":"<p>Honeycomb coal briquette machine is also called honeycomb charcoal press machine.It is a briquette machine equipment that crushes raw coal or sieving coal powder and coke powder, adding additives in a certain proportion, and punching it into a briquette shape. Various shapes can be made by changing molds of different shapes. It greatly expands the [&hellip;]<\/p>\n","protected":false},"author":1,"featured_media":1993,"parent":0,"template":"","tags":[],"product-type":[46],"class_list":["post-1459","product","type-product","status-publish","has-post-thumbnail","hentry","product-type-charcoal-briquette-machine"],"_links":{"self":[{"href":"https:\/\/bestcharcoalmachine.com\/es\/wp-json\/wp\/v2\/product\/1459","targetHints":{"allow":["GET"]}}],"collection":[{"href":"https:\/\/bestcharcoalmachine.com\/es\/wp-json\/wp\/v2\/product"}],"about":[{"href":"https:\/\/bestcharcoalmachine.com\/es\/wp-json\/wp\/v2\/types\/product"}],"author":[{"embeddable":true,"href":"https:\/\/bestcharcoalmachine.com\/es\/wp-json\/wp\/v2\/users\/1"}],"wp:featuredmedia":[{"embeddable":true,"href":"https:\/\/bestcharcoalmachine.com\/es\/wp-json\/wp\/v2\/media\/1993"}],"wp:attachment":[{"href":"https:\/\/bestcharcoalmachine.com\/es\/wp-json\/wp\/v2\/media?parent=1459"}],"wp:term":[{"taxonomy":"post_tag","embeddable":true,"href":"https:\/\/bestcharcoalmachine.com\/es\/wp-json\/wp\/v2\/tags?post=1459"},{"taxonomy":"product-type","embeddable":true,"href":"https:\/\/bestcharcoalmachine.com\/es\/wp-json\/wp\/v2\/product-type?post=1459"}],"curies":[{"name":"wp","href":"https:\/\/api.w.org\/{rel}","templated":true}]}}