{"id":1280,"date":"2021-12-02T07:30:33","date_gmt":"2021-12-02T07:30:33","guid":{"rendered":"https:\/\/bestcharcoalmachine.com\/?p=1280"},"modified":"2025-08-21T18:10:18","modified_gmt":"2025-08-21T10:10:18","slug":"horizontal-carbonization-furnace","status":"publish","type":"product","link":"https:\/\/bestcharcoalmachine.com\/es\/product\/horizontal-carbonization-furnace\/","title":{"rendered":"Horno de carbonizaci\u00f3n horizontal | Horno de carb\u00f3n de le\u00f1a"},"content":{"rendered":"<div class=\"kk-star-ratings kksr-auto kksr-align-left kksr-valign-top\"     data-payload='{&quot;align&quot;:&quot;left&quot;,&quot;id&quot;:&quot;1280&quot;,&quot;slug&quot;:&quot;default&quot;,&quot;valign&quot;:&quot;top&quot;,&quot;ignore&quot;:&quot;&quot;,&quot;reference&quot;:&quot;auto&quot;,&quot;class&quot;:&quot;&quot;,&quot;count&quot;:&quot;7&quot;,&quot;legendonly&quot;:&quot;&quot;,&quot;readonly&quot;:&quot;&quot;,&quot;score&quot;:&quot;4.9&quot;,&quot;starsonly&quot;:&quot;&quot;,&quot;best&quot;:&quot;5&quot;,&quot;gap&quot;:&quot;5&quot;,&quot;greet&quot;:&quot;Rate this product&quot;,&quot;legend&quot;:&quot;4.9\\\/5 - (7 votos)&quot;,&quot;size&quot;:&quot;24&quot;,&quot;title&quot;:&quot;Horizontal Carbonization Furnace | Hardwood Charcoal Furnace&quot;,&quot;width&quot;:&quot;139.6&quot;,&quot;_legend&quot;:&quot;{score}\\\/{best} - ({count} {votes})&quot;,&quot;font_factor&quot;:&quot;1.25&quot;}'>              <div class=\"kksr-stars\">      <div class=\"kksr-stars-inactive\">             <div class=\"kksr-star\" data-star=\"1\" style=\"padding-right: 5px\">               <div class=\"kksr-icon\" style=\"width: 24px; height: 24px;\"><\/div>         <\/div>             <div class=\"kksr-star\" data-star=\"2\" style=\"padding-right: 5px\">               <div class=\"kksr-icon\" style=\"width: 24px; height: 24px;\"><\/div>         <\/div>             <div class=\"kksr-star\" data-star=\"3\" style=\"padding-right: 5px\">               <div class=\"kksr-icon\" style=\"width: 24px; height: 24px;\"><\/div>         <\/div>             <div class=\"kksr-star\" data-star=\"4\" style=\"padding-right: 5px\">               <div class=\"kksr-icon\" style=\"width: 24px; height: 24px;\"><\/div>         <\/div>             <div class=\"kksr-star\" data-star=\"5\" style=\"padding-right: 5px\">               <div class=\"kksr-icon\" style=\"width: 24px; height: 24px;\"><\/div>         <\/div>     <\/div>      <div class=\"kksr-stars-active\" style=\"width: 139.6px;\">             <div class=\"kksr-star\" style=\"padding-right: 5px\">               <div class=\"kksr-icon\" style=\"width: 24px; height: 24px;\"><\/div>         <\/div>             <div class=\"kksr-star\" style=\"padding-right: 5px\">               <div class=\"kksr-icon\" style=\"width: 24px; height: 24px;\"><\/div>         <\/div>             <div class=\"kksr-star\" style=\"padding-right: 5px\">               <div class=\"kksr-icon\" style=\"width: 24px; height: 24px;\"><\/div>         <\/div>             <div class=\"kksr-star\" style=\"padding-right: 5px\">               <div class=\"kksr-icon\" style=\"width: 24px; height: 24px;\"><\/div>         <\/div>             <div class=\"kksr-star\" style=\"padding-right: 5px\">               <div class=\"kksr-icon\" style=\"width: 24px; height: 24px;\"><\/div>         <\/div>     <\/div> <\/div>                   <div class=\"kksr-legend\" style=\"font-size: 19.2px;\">             4,9\/5 - (7 votos)    <\/div>     <\/div>  <p>El horno de carbonizaci\u00f3n horizontal procesa carb\u00f3n y puede manejar varias materias primas, como bamb\u00fa, troncos, palos de biomasa de una m\u00e1quina de briquetas de aserr\u00edn, c\u00e1scaras de coco y otros materiales relativamente grandes.<\/p>    <p>Presenta calentamiento interno, donde el gas combustible generado por la combusti\u00f3n de la madera se reutiliza para completar el proceso de carbonizaci\u00f3n. Adem\u00e1s, est\u00e1 equipado con equipo de purificaci\u00f3n de humo para reducir las emisiones de humo residual. <\/p>    <p>El horno tiene una capacidad de 900\u20133000 kg cada 12\u201314 horas, lo que lo hace adecuado para la producci\u00f3n de carb\u00f3n de tama\u00f1o medio a grande.<\/p>    <figure class=\"wp-block-embed is-type-video is-provider-youtube wp-block-embed-youtube wp-embed-aspect-16-9 wp-has-aspect-ratio\"><div class=\"wp-block-embed__wrapper\"> <iframe loading=\"lazy\" title=\"Eficiente y ecol\u00f3gico: Dentro del Horno de Carbonizaci\u00f3n Horizontal #carb\u00f3n #ecofriendly\" width=\"500\" height=\"281\" src=\"https:\/\/www.youtube.com\/embed\/6Rpev7oJoeo?feature=oembed\" frameborder=\"0\" allow=\"accelerometer; autoplay; clipboard-write; encrypted-media; gyroscope; picture-in-picture; web-share\" referrerpolicy=\"strict-origin-when-cross-origin\" allowfullscreen><\/iframe> <\/div><figcaption class=\"wp-element-caption\">Video de trabajo de la Carbonizaci\u00f3n Horizontal<\/figcaption><\/figure>    <h2 class=\"wp-block-heading\" id=\"raw-materials\">Materias primas del horno de carbonizaci\u00f3n horizontal.<\/h2>    <p>El horno de carbonizaci\u00f3n horizontal es muy vers\u00e1til en cuanto a materias primas, siendo adecuado para una amplia gama de insumos a base de biomasa y madera. Los materiales com\u00fanmente procesados incluyen bamb\u00fa, troncos, c\u00e1scaras de coco, briquetas de aserr\u00edn, virutas de madera, huesos de fruta y otros residuos agr\u00edcolas o forestales. <\/p>    <p>Su capacidad para manejar materiales crudos de gran tama\u00f1o e irregulares permite a las empresas aprovechar de forma eficiente los productos residuales, convirti\u00e9ndolos en carb\u00f3n de alta calidad. Esta flexibilidad no solo reduce los costos de materia prima, sino que tambi\u00e9n apoya una producci\u00f3n sostenible al reciclar residuos org\u00e1nicos en valiosos recursos energ\u00e9ticos.<\/p>    <figure class=\"wp-block-gallery has-nested-images columns-default is-cropped wp-block-gallery-2 is-layout-flex wp-block-gallery-is-layout-flex\"> <figure class=\"wp-block-image size-large\"><img loading=\"lazy\" decoding=\"async\" width=\"720\" height=\"540\" data-id=\"2663\" src=\"https:\/\/bestcharcoalmachine.com\/wp-content\/uploads\/2021\/12\/bamboo.jpg\" alt=\"bamb\u00fa\" class=\"wp-image-2663\"\/><figcaption class=\"wp-element-caption\">bamb\u00fa<\/figcaption><\/figure>    <figure class=\"wp-block-image size-large\"><img loading=\"lazy\" decoding=\"async\" width=\"720\" height=\"540\" data-id=\"2664\" src=\"https:\/\/bestcharcoalmachine.com\/wp-content\/uploads\/2021\/12\/logs-1.jpg\" alt=\"registros\" class=\"wp-image-2664\"\/><figcaption class=\"wp-element-caption\">registros<\/figcaption><\/figure> <\/figure>    <figure class=\"wp-block-gallery has-nested-images columns-default is-cropped wp-block-gallery-3 is-layout-flex wp-block-gallery-is-layout-flex\"> <figure class=\"wp-block-image size-large\"><img loading=\"lazy\" decoding=\"async\" width=\"720\" height=\"540\" data-id=\"2666\" src=\"https:\/\/bestcharcoalmachine.com\/wp-content\/uploads\/2021\/12\/biomass-sticks-1.jpg\" alt=\"palos de biomasa\" class=\"wp-image-2666\"\/><figcaption class=\"wp-element-caption\">palos de biomasa<\/figcaption><\/figure>    <figure class=\"wp-block-image size-large\"><img loading=\"lazy\" decoding=\"async\" width=\"720\" height=\"540\" data-id=\"2667\" src=\"https:\/\/bestcharcoalmachine.com\/wp-content\/uploads\/2021\/12\/waste-wood-blocks.jpg\" alt=\"bloques de madera de desecho\" class=\"wp-image-2667\"\/><figcaption class=\"wp-element-caption\">bloques de madera de desecho<\/figcaption><\/figure> <\/figure>    <h2 class=\"wp-block-heading\" id=\"h-application-of-biomass-carbonization-furnace\">Aplicaci\u00f3n del horno de carbonizaci\u00f3n de biomasa. <\/h2>    <p>Un horno de carbonizaci\u00f3n horizontal es una especie de horno de carbonizaci\u00f3n de biomasa, que se utiliza para carbonizar materiales de biomasa como ramas, bloques de madera, bamb\u00fa, bloques de caparazones de coco, piezas de desecho en f\u00e1bricas de muebles, etc. <\/p>    <p>El material puede carbonizarse directamente, o puede triturarse primero con una astilladora de madera o una trituradora de madera, y luego carbonizarse despu\u00e9s de hacerse en palitos de madera biol\u00f3gica con una m\u00e1quina de briquetas de aserr\u00edn.<\/p>    <figure class=\"wp-block-image is-style-default\"><img loading=\"lazy\" decoding=\"async\" width=\"720\" height=\"540\" src=\"https:\/\/bestcharcoalmachine.com\/wp-content\/uploads\/2021\/12\/hardwood-charcoal-furnace-2.jpg\" alt=\"horno de carb\u00f3n de le\u00f1a\" class=\"wp-image-2669\"\/><figcaption class=\"wp-element-caption\">horno de carb\u00f3n de le\u00f1a<\/figcaption><\/figure>    <h2 class=\"wp-block-heading\" id=\"h-features-of-horizontal-carbonization-furnace\">Caracter\u00edsticas del horno de carbonizaci\u00f3n horizontal. <\/h2>    <div class=\"wp-block-media-text is-stacked-on-mobile\"><figure class=\"wp-block-media-text__media\"><img decoding=\"async\" src=\"https:\/\/bestcharcoalmachine.com\/wp-content\/uploads\/2021\/12\/high-temperature-resistance-mineral-wool.jpg\" alt=\"lana mineral resistente a altas temperaturas\" class=\"wp-image-1322 size-full\"\/><\/figure><div class=\"wp-block-media-text__content\"> <p><strong>La estufa de carbonizaci\u00f3n est\u00e1 equipada con materiales aislantes<\/strong><\/p>    <p>La estufa de carbonizaci\u00f3n horizontal de bamb\u00fa adopta un proceso de fabricaci\u00f3n horizontal con una estructura de doble capa en el interior. <\/p>    <p>En el medio de la intercalaci\u00f3n hay un material aislante ligero de alta temperatura, que puede mantener la temperatura en la caldera sin disiparse.<\/p> <\/div><\/div>    <div class=\"wp-block-media-text has-media-on-the-right is-stacked-on-mobile\"><div class=\"wp-block-media-text__content\"> <p><strong>El horno de carbonizaci\u00f3n horizontal tiene un buen sellado<\/strong><\/p>    <p>La puerta del horno est\u00e1 sellada con lana de roca de alta temperatura procedente del embalaje de la caldera, no entrar\u00e1 aire y la tasa de producci\u00f3n de carb\u00f3n es mucho mayor que la del horno de carbonizaci\u00f3n convencional.<\/p> <\/div><figure class=\"wp-block-media-text__media\"><img loading=\"lazy\" decoding=\"async\" width=\"720\" height=\"540\" src=\"https:\/\/bestcharcoalmachine.com\/wp-content\/uploads\/2021\/12\/horizontal-carbonization-furnace-1.jpg\" alt=\"horno de carbonizaci\u00f3n horizontal\" class=\"wp-image-2668 size-full\"\/><\/figure><\/div>    <div class=\"wp-block-media-text is-stacked-on-mobile\"><figure class=\"wp-block-media-text__media\"><img loading=\"lazy\" decoding=\"async\" width=\"720\" height=\"540\" src=\"https:\/\/bestcharcoalmachine.com\/wp-content\/uploads\/2021\/12\/Using-a-cart-makes-it-easier-to-put-and-load-charcoals..jpg\" alt=\"El uso de un carro facilita la colocaci\u00f3n y carga del carb\u00f3n.\" class=\"wp-image-2163 size-full\" srcset=\"https:\/\/bestcharcoalmachine.com\/wp-content\/uploads\/2021\/12\/Using-a-cart-makes-it-easier-to-put-and-load-charcoals..jpg 720w, https:\/\/bestcharcoalmachine.com\/wp-content\/uploads\/2021\/12\/Using-a-cart-makes-it-easier-to-put-and-load-charcoals.-300x225.jpg 300w\" sizes=\"auto, (max-width: 720px) 100vw, 720px\" \/><\/figure><div class=\"wp-block-media-text__content\"> <p><strong>El horno de carb\u00f3n de biomasa de madera dura ahorra combustible<\/strong><\/p>    <p>Durante la carbonizaci\u00f3n de los materiales, se producir\u00e1 una gran cantidad de gas combustibles de color amarillo claro. <\/p>    <p>Estos gases pueden desviarse hacia la zona de combusti\u00f3n de la caldera de carbonizaci\u00f3n a trav\u00e9s de las tuber\u00edas de las estufas de carbonizaci\u00f3n para un encendido y calentamiento secundario, lo que es m\u00e1s respetuoso con el medio ambiente y ahorra combustible.<\/p> <\/div><\/div>    <div class=\"wp-block-media-text has-media-on-the-right is-stacked-on-mobile\"><div class=\"wp-block-media-text__content\"> <p><strong>Alimentaci\u00f3n y descarga convenientes<\/strong><\/p>    <p>El horno de carbonizaci\u00f3n horizontal est\u00e1 equipado con rieles y carros, que pueden aprovechar al m\u00e1ximo el espacio en el horno, lo que es m\u00e1s conveniente de usar y reduce la intensidad de mano de obra de los trabajadores.<\/p> <\/div><figure class=\"wp-block-media-text__media\"><img loading=\"lazy\" decoding=\"async\" width=\"720\" height=\"540\" src=\"https:\/\/bestcharcoalmachine.com\/wp-content\/uploads\/2021\/12\/The-carbonization-furnace-is-equipped-with-rails-and-carts.jpg\" alt=\"El horno de carbonizaci\u00f3n est\u00e1 equipado con carriles y carros.\" class=\"wp-image-2164 size-full\" srcset=\"https:\/\/bestcharcoalmachine.com\/wp-content\/uploads\/2021\/12\/The-carbonization-furnace-is-equipped-with-rails-and-carts.jpg 720w, https:\/\/bestcharcoalmachine.com\/wp-content\/uploads\/2021\/12\/The-carbonization-furnace-is-equipped-with-rails-and-carts-300x225.jpg 300w\" sizes=\"auto, (max-width: 720px) 100vw, 720px\" \/><\/figure><\/div>    <h2 class=\"wp-block-heading\" id=\"h-2-horizontal-carbonization-furnace-has-good-sealing\">Proceso de trabajo de la m\u00e1quina horizontal de fabricaci\u00f3n de carb\u00f3n<\/h2>    <div class=\"wp-block-media-text is-stacked-on-mobile\"><figure class=\"wp-block-media-text__media\"><img decoding=\"async\" src=\"https:\/\/bestcharcoalmachine.com\/wp-content\/uploads\/2021\/12\/horizontal-charcoal-furnace.jpg\" alt=\"horno de carb\u00f3n horizontal\" class=\"wp-image-1330 size-full\"\/><\/figure><div class=\"wp-block-media-text__content\"> <ul class=\"wp-block-list\"> <li>Encuentra una \u00e1rea plana y coloca la caldera de carbonizaci\u00f3n horizontal sobre ella.<\/li>    <li>Abre la puerta de la caldera y carga las materias primas para la carbonizaci\u00f3n, llenando la caldera tanto como sea posible.<\/li>    <li>Utiliza madera para encender el fuego.<\/li>    <li>Cuando la temperatura llegue a 150\u2013200\u00b0C, el gas combustible se encender\u00e1 autom\u00e1ticamente a trav\u00e9s de la tuber\u00eda.<\/li> <\/ul> <\/div><\/div>    <div class=\"wp-block-media-text has-media-on-the-right is-stacked-on-mobile\"><div class=\"wp-block-media-text__content\"> <ul class=\"wp-block-list\"> <li>Permite que la carbonizaci\u00f3n contin\u00fae durante unas 5 horas; las llamas disminuir\u00e1n gradualmente a medida que se consuma el gas interno.<\/li>    <li>Una vez que el fuego se apaga, la carbonizaci\u00f3n est\u00e1 completa.<\/li>    <li>No abras la caldera de inmediato, ya que los materiales en su interior est\u00e1n extremadamente calientes y pueden prenderse espont\u00e1neamente.<\/li>    <li>Utiliza el sistema de pulverizaci\u00f3n de la caldera para verter agua o espera hasta que la temperatura de la superficie caiga por debajo de 50\u00b0C antes de abrir la puerta.<\/li> <\/ul> <\/div><figure class=\"wp-block-media-text__media\"><img loading=\"lazy\" decoding=\"async\" width=\"720\" height=\"540\" src=\"https:\/\/bestcharcoalmachine.com\/wp-content\/uploads\/2023\/12\/commercial-horizontal-carbonization-furnace.webp\" alt=\"horno de carbonizaci\u00f3n horizontal comercial\" class=\"wp-image-3826 size-full\" srcset=\"https:\/\/bestcharcoalmachine.com\/wp-content\/uploads\/2023\/12\/commercial-horizontal-carbonization-furnace.webp 720w, https:\/\/bestcharcoalmachine.com\/wp-content\/uploads\/2023\/12\/commercial-horizontal-carbonization-furnace-300x225.webp 300w\" sizes=\"auto, (max-width: 720px) 100vw, 720px\" \/><\/figure><\/div>    <h2 class=\"wp-block-heading\" id=\"horizontal-carbonization-furnace-products\">Productos de horno de carbonizaci\u00f3n de bamb\u00fa horizontal.<\/h2>    <figure class=\"wp-block-gallery has-nested-images columns-default is-cropped wp-block-gallery-4 is-layout-flex wp-block-gallery-is-layout-flex\"> <figure class=\"wp-block-image size-large\"><img decoding=\"async\" data-id=\"1325\" src=\"https:\/\/bestcharcoalmachine.com\/wp-content\/uploads\/2021\/12\/products-made-by-the-horizontal-carbonization-furnace.jpg\" alt=\"Productos elaborados por el horno de carbonizaci\u00f3n horizontal.\" class=\"wp-image-1325\"\/><figcaption class=\"wp-element-caption\">Productos elaborados por el horno de carbonizaci\u00f3n horizontal.<\/figcaption><\/figure>    <figure class=\"wp-block-image size-large\"><img loading=\"lazy\" decoding=\"async\" width=\"720\" height=\"540\" data-id=\"2161\" src=\"https:\/\/bestcharcoalmachine.com\/wp-content\/uploads\/2021\/12\/wood-charcoals.jpg\" alt=\"carbones de madera\" class=\"wp-image-2161\" srcset=\"https:\/\/bestcharcoalmachine.com\/wp-content\/uploads\/2021\/12\/wood-charcoals.jpg 720w, https:\/\/bestcharcoalmachine.com\/wp-content\/uploads\/2021\/12\/wood-charcoals-300x225.jpg 300w\" sizes=\"auto, (max-width: 720px) 100vw, 720px\" \/><figcaption class=\"wp-element-caption\">carbones de madera<\/figcaption><\/figure> <\/figure>    <figure class=\"wp-block-gallery has-nested-images columns-default is-cropped wp-block-gallery-5 is-layout-flex wp-block-gallery-is-layout-flex\"> <figure class=\"wp-block-image size-large\"><img loading=\"lazy\" decoding=\"async\" width=\"720\" height=\"540\" data-id=\"2677\" src=\"https:\/\/bestcharcoalmachine.com\/wp-content\/uploads\/2021\/12\/carbonized-waste-wood-blocks.jpg\" alt=\"bloques de madera de desecho carbonizados\" class=\"wp-image-2677\"\/><figcaption class=\"wp-element-caption\">bloques de madera de desecho carbonizados<\/figcaption><\/figure>    <figure class=\"wp-block-image size-large\"><img loading=\"lazy\" decoding=\"async\" width=\"720\" height=\"540\" data-id=\"2676\" src=\"https:\/\/bestcharcoalmachine.com\/wp-content\/uploads\/2021\/12\/carbonized-bamboo.jpg\" alt=\"\" class=\"wp-image-2676\"\/><figcaption class=\"wp-element-caption\">bamb\u00fa carbonizado<\/figcaption><\/figure> <\/figure>    <h2 class=\"wp-block-heading\" id=\"h-parameters-of-hardwood-charcoal-furnace\">Par\u00e1metros del horno de carb\u00f3n de le\u00f1a.<\/h2>    <figure class=\"wp-block-table\"><table><tbody><tr><td>Tipo<\/td><td>Capacidad<\/td><td>Peso<\/td><td>Tama\u00f1o <\/td><\/tr><tr><td>WD-HC1300&nbsp;&nbsp;<\/td><td>900-1200kg\/12-14h<\/td><td>2500 kilos<\/td><td>3*1,7*2,2 m<\/td><\/tr><tr><td>WD-HC1500&nbsp;<\/td><td>1500-2000kg\/12-14h<\/td><td>4000 kilos<\/td><td>4,5*1,9*2,3 m<\/td><\/tr><tr><td>WD-HC1900&nbsp;&nbsp;<\/td><td>2500-3000kg\/12-14h<\/td><td>5500 kilos<\/td><td>5*2,3*2,5 m<\/td><\/tr><\/tbody><\/table><figcaption class=\"wp-element-caption\">Par\u00e1metros de la Carbonizaci\u00f3n Horizontal<\/figcaption><\/figure>    <p>Una m\u00e1quina horizontal para fabricar carb\u00f3n vegetal necesita de 12 a 14 horas para carbonizar materiales; el tiempo de carbonizaci\u00f3n espec\u00edfico tendr\u00e1 alguna desviaci\u00f3n debido a las diferentes materias primas. <\/p>    <h2 class=\"wp-block-heading\" id=\"h-further-processing-of-horizontal-carbonizing-furnace-product\">Procesamiento adicional del producto del horno de carbonizaci\u00f3n horizontal. <\/h2>    <p class=\"translation-block\">Despu\u00e9s de carbonizar varias materias primas, muchos clientes optan por procesar a\u00fan m\u00e1s el carb\u00f3n. Por ejemplo, primero, pulverizar el carb\u00f3n en polvo fino, a\u00f1adir un aglutinante y mezclar uniformemente, luego usar m\u00e1quinas profesionales para hacer <a href=\"https:\/\/bestcharcoalmachine.com\/es\/product-line\/barbecue-charcoal-production-line\/\">bolas de carb\u00f3n para barbacoa<\/a> o <a href=\"https:\/\/bestcharcoalmachine.com\/es\/product-line\/shisha-charcoal-production-line-1-3\/\">carb\u00f3n para shisha<\/a>. <\/p>    <p>Dise\u00f1amos y proporcionamos varias l\u00edneas completas de producci\u00f3n de carb\u00f3n, nuestro gerente de ventas recomendar\u00e1 m\u00e1quinas relacionadas seg\u00fan su demanda.<\/p>    <figure class=\"wp-block-image size-full\"><img loading=\"lazy\" decoding=\"async\" width=\"720\" height=\"540\" src=\"https:\/\/bestcharcoalmachine.com\/wp-content\/uploads\/2021\/12\/Shisha-Charcoal-Production-Line-1-1.jpg\" alt=\"L\u00ednea de producci\u00f3n de carb\u00f3n para shisha a la venta\" class=\"wp-image-2134\" srcset=\"https:\/\/bestcharcoalmachine.com\/wp-content\/uploads\/2021\/12\/Shisha-Charcoal-Production-Line-1-1.jpg 720w, https:\/\/bestcharcoalmachine.com\/wp-content\/uploads\/2021\/12\/Shisha-Charcoal-Production-Line-1-1-300x225.jpg 300w\" sizes=\"auto, (max-width: 720px) 100vw, 720px\" \/><figcaption class=\"wp-element-caption\">L\u00ednea de producci\u00f3n de carb\u00f3n para shisha a la venta<\/figcaption><\/figure>    <h2 class=\"wp-block-heading\" id=\"h-loading-and-delivery-of-horizontal-charcoal-making-machine\">Conclusi\u00f3n<\/h2>    <p class=\"translation-block\">Con su capacidad para manejar una amplia gama de materias primas, calentamiento interno eficiente y sistema de purificaci\u00f3n de humo incorporado, la <a href=\"https:\/\/en.wikipedia.org\/wiki\/Furnace\" data-type=\"link\" data-id=\"https:\/\/en.wikipedia.org\/wiki\/Furnace\" target=\"_blank\" rel=\"noopener\">horno<\/a> de carbonizaci\u00f3n horizontal ofrece una soluci\u00f3n fiable y respetuosa con el medio ambiente para la producci\u00f3n de carb\u00f3n. <\/p>    <p>Su alta capacidad, rendimiento estable y caracter\u00edsticas de seguridad lo convierten en una opci\u00f3n ideal para empresas que buscan producir carb\u00f3n de alta calidad de manera eficiente y sostenible.<\/p>    <figure class=\"wp-block-gallery has-nested-images columns-default is-cropped wp-block-gallery-6 is-layout-flex wp-block-gallery-is-layout-flex\"> <figure class=\"wp-block-image size-large\"><img loading=\"lazy\" decoding=\"async\" width=\"720\" height=\"540\" data-id=\"2671\" src=\"https:\/\/bestcharcoalmachine.com\/wp-content\/uploads\/2021\/12\/charcoal-making-machine.jpg\" alt=\"m\u00e1quina para hacer carb\u00f3n\" class=\"wp-image-2671\"\/><figcaption class=\"wp-element-caption\">m\u00e1quina para hacer carb\u00f3n<\/figcaption><\/figure>    <figure class=\"wp-block-image size-large\"><img loading=\"lazy\" decoding=\"async\" width=\"720\" height=\"540\" data-id=\"2672\" src=\"https:\/\/bestcharcoalmachine.com\/wp-content\/uploads\/2021\/12\/carbonizing-machine.jpg\" alt=\"m\u00e1quina para hacer carb\u00f3n\" class=\"wp-image-2672\"\/><figcaption class=\"wp-element-caption\">m\u00e1quina para hacer carb\u00f3n<\/figcaption><\/figure> <\/figure>    <figure class=\"wp-block-gallery has-nested-images columns-default is-cropped wp-block-gallery-7 is-layout-flex wp-block-gallery-is-layout-flex\"> <figure class=\"wp-block-image size-large\"><img loading=\"lazy\" decoding=\"async\" width=\"720\" height=\"540\" data-id=\"2673\" src=\"https:\/\/bestcharcoalmachine.com\/wp-content\/uploads\/2021\/12\/loading.jpg\" alt=\"\" class=\"wp-image-2673\"\/><figcaption class=\"wp-element-caption\">horno de carbonizaci\u00f3n horizontal de carga<\/figcaption><\/figure>    <figure class=\"wp-block-image size-large\"><img loading=\"lazy\" decoding=\"async\" width=\"720\" height=\"540\" data-id=\"2674\" src=\"https:\/\/bestcharcoalmachine.com\/wp-content\/uploads\/2021\/12\/machine-delivery.jpg\" alt=\"entrega de la m\u00e1quina\" class=\"wp-image-2674\"\/><figcaption class=\"wp-element-caption\">entrega del horno de carbonizaci\u00f3n horizontal<\/figcaption><\/figure> <\/figure>","protected":false},"excerpt":{"rendered":"<p>El horno de carbonizaci\u00f3n horizontal procesa carb\u00f3n y puede manejar varias materias primas, como bamb\u00fa, troncos, palos de biomasa de una m\u00e1quina de briquetas de aserr\u00edn, c\u00e1scaras de coco y otros materiales relativamente grandes.<\/p>","protected":false},"author":1,"featured_media":1999,"parent":0,"template":"","tags":[94],"product-type":[47],"class_list":["post-1280","product","type-product","status-publish","has-post-thumbnail","hentry","tag-horizontal-carbonization-furnace","product-type-carbonization-furnace"],"_links":{"self":[{"href":"https:\/\/bestcharcoalmachine.com\/es\/wp-json\/wp\/v2\/product\/1280","targetHints":{"allow":["GET"]}}],"collection":[{"href":"https:\/\/bestcharcoalmachine.com\/es\/wp-json\/wp\/v2\/product"}],"about":[{"href":"https:\/\/bestcharcoalmachine.com\/es\/wp-json\/wp\/v2\/types\/product"}],"author":[{"embeddable":true,"href":"https:\/\/bestcharcoalmachine.com\/es\/wp-json\/wp\/v2\/users\/1"}],"wp:featuredmedia":[{"embeddable":true,"href":"https:\/\/bestcharcoalmachine.com\/es\/wp-json\/wp\/v2\/media\/1999"}],"wp:attachment":[{"href":"https:\/\/bestcharcoalmachine.com\/es\/wp-json\/wp\/v2\/media?parent=1280"}],"wp:term":[{"taxonomy":"post_tag","embeddable":true,"href":"https:\/\/bestcharcoalmachine.com\/es\/wp-json\/wp\/v2\/tags?post=1280"},{"taxonomy":"product-type","embeddable":true,"href":"https:\/\/bestcharcoalmachine.com\/es\/wp-json\/wp\/v2\/product-type?post=1280"}],"curies":[{"name":"wp","href":"https:\/\/api.w.org\/{rel}","templated":true}]}}