{"id":1259,"date":"2021-12-02T01:47:10","date_gmt":"2021-12-02T01:47:10","guid":{"rendered":"https:\/\/bestcharcoalmachine.com\/?p=1259"},"modified":"2025-07-03T18:24:59","modified_gmt":"2025-07-03T10:24:59","slug":"hoist-carbonization-furnace","status":"publish","type":"product","link":"https:\/\/bestcharcoalmachine.com\/es\/product\/hoist-carbonization-furnace\/","title":{"rendered":"Horno de carbonizaci\u00f3n de elevaci\u00f3n | M\u00e1quina de carb\u00f3n de madera con flujo de aire vertical"},"content":{"rendered":"<div class=\"kk-star-ratings kksr-auto kksr-align-left kksr-valign-top\"     data-payload='{&quot;align&quot;:&quot;left&quot;,&quot;id&quot;:&quot;1259&quot;,&quot;slug&quot;:&quot;default&quot;,&quot;valign&quot;:&quot;top&quot;,&quot;ignore&quot;:&quot;&quot;,&quot;reference&quot;:&quot;auto&quot;,&quot;class&quot;:&quot;&quot;,&quot;count&quot;:&quot;6&quot;,&quot;legendonly&quot;:&quot;&quot;,&quot;readonly&quot;:&quot;&quot;,&quot;score&quot;:&quot;4.8&quot;,&quot;starsonly&quot;:&quot;&quot;,&quot;best&quot;:&quot;5&quot;,&quot;gap&quot;:&quot;5&quot;,&quot;greet&quot;:&quot;Rate this product&quot;,&quot;legend&quot;:&quot;4.8\\\/5 - (6 votos)&quot;,&quot;size&quot;:&quot;24&quot;,&quot;title&quot;:&quot;Hoist Carbonization Furnace | Vertical Airflow Wood Charcoal Machine&quot;,&quot;width&quot;:&quot;136.7&quot;,&quot;_legend&quot;:&quot;{score}\\\/{best} - ({count} {votes})&quot;,&quot;font_factor&quot;:&quot;1.25&quot;}'>              <div class=\"kksr-stars\">      <div class=\"kksr-stars-inactive\">             <div class=\"kksr-star\" data-star=\"1\" style=\"padding-right: 5px\">               <div class=\"kksr-icon\" style=\"width: 24px; height: 24px;\"><\/div>         <\/div>             <div class=\"kksr-star\" data-star=\"2\" style=\"padding-right: 5px\">               <div class=\"kksr-icon\" style=\"width: 24px; height: 24px;\"><\/div>         <\/div>             <div class=\"kksr-star\" data-star=\"3\" style=\"padding-right: 5px\">               <div class=\"kksr-icon\" style=\"width: 24px; height: 24px;\"><\/div>         <\/div>             <div class=\"kksr-star\" data-star=\"4\" style=\"padding-right: 5px\">               <div class=\"kksr-icon\" style=\"width: 24px; height: 24px;\"><\/div>         <\/div>             <div class=\"kksr-star\" data-star=\"5\" style=\"padding-right: 5px\">               <div class=\"kksr-icon\" style=\"width: 24px; height: 24px;\"><\/div>         <\/div>     <\/div>      <div class=\"kksr-stars-active\" style=\"width: 136.7px;\">             <div class=\"kksr-star\" style=\"padding-right: 5px\">               <div class=\"kksr-icon\" style=\"width: 24px; height: 24px;\"><\/div>         <\/div>             <div class=\"kksr-star\" style=\"padding-right: 5px\">               <div class=\"kksr-icon\" style=\"width: 24px; height: 24px;\"><\/div>         <\/div>             <div class=\"kksr-star\" style=\"padding-right: 5px\">               <div class=\"kksr-icon\" style=\"width: 24px; height: 24px;\"><\/div>         <\/div>             <div class=\"kksr-star\" style=\"padding-right: 5px\">               <div class=\"kksr-icon\" style=\"width: 24px; height: 24px;\"><\/div>         <\/div>             <div class=\"kksr-star\" style=\"padding-right: 5px\">               <div class=\"kksr-icon\" style=\"width: 24px; height: 24px;\"><\/div>         <\/div>     <\/div> <\/div>                   <div class=\"kksr-legend\" style=\"font-size: 19.2px;\">             4,8\/5 - (6 votos)    <\/div>     <\/div>  <p class=\"translation-block\">El <strong>Horno de Carbonizaci\u00f3n con Polipasto<\/strong>, dise\u00f1ado con una estructura de elevaci\u00f3n vertical, este modelo simplifica la carga y descarga al tiempo que permite la carbonizaci\u00f3n por lotes con tanques internos intercambiables. Es muy adecuado para procesar una amplia gama de materiales de biomasa como madera, c\u00e1scaras de coco y briquetas de serr\u00edn. <\/p>    <p class=\"translation-block\">Con una producci\u00f3n diaria de <strong>hasta 3000 kg de carb\u00f3n vegetal<\/strong>, el horno admite operaciones de gran volumen sin comprometer la eficiencia. Su robusta construcci\u00f3n, que presenta una <strong>carcasa exterior de 6 mm de grosor<\/strong> y un tanque interior de generosas dimensiones, garantiza la durabilidad bajo un uso continuo. <\/p>    <p class=\"translation-block\">Equipado con un sistema de reciclaje de gas y una unidad de purificaci\u00f3n de humos, no solo reduce el consumo de combustible, sino que tambi\u00e9n cumple con las normas de emisiones ambientales, lo que lo convierte en una opci\u00f3n ideal para los productores de carb\u00f3n vegetal que buscan tanto <strong>alta producci\u00f3n como ecoeficiencia<\/strong>.<\/p>    <figure class=\"wp-block-embed is-type-video is-provider-youtube wp-block-embed-youtube wp-embed-aspect-16-9 wp-has-aspect-ratio\"><div class=\"wp-block-embed__wrapper\"> <iframe loading=\"lazy\" title=\"M\u00e1quina de fabricaci\u00f3n de carb\u00f3n de alta eficiencia | Horno de madera de flujo de aire vertical #carbonizaci\u00f3n #carb\u00f3n\" width=\"500\" height=\"281\" src=\"https:\/\/www.youtube.com\/embed\/ACqN_uBc-GA?feature=oembed\" frameborder=\"0\" allow=\"accelerometer; autoplay; clipboard-write; encrypted-media; gyroscope; picture-in-picture; web-share\" referrerpolicy=\"strict-origin-when-cross-origin\" allowfullscreen><\/iframe> <\/div><figcaption class=\"wp-element-caption\">Video de trabajo del horno de carbonizaci\u00f3n de elevaci\u00f3n<\/figcaption><\/figure>    <h2 class=\"wp-block-heading\" id=\"h-applications-of-hoist-carbonization-furnace\">\u00bfQu\u00e9 materias primas son adecuadas para el horno de carbonizaci\u00f3n de elevaci\u00f3n?<\/h2>    <p class=\"translation-block\">La m\u00e1quina de carb\u00f3n vegetal de madera utiliza altas temperaturas para carbonizar troncos, ramas grandes, maderas duras, c\u00e1scaras de coco, c\u00e1scaras, c\u00e1scaras de palma, bamb\u00fa, etc. La m\u00e1quina de carb\u00f3n vegetal de madera con flujo de aire tambi\u00e9n puede carbonizar varillas de biomasa hechas por la<a href=\"https:\/\/bestcharcoalmachine.com\/es\/sawdust-briquette-machine\ufeff-wood-briquettes-making-machine\/\">m\u00e1quina de briquetas de aserr\u00edn<\/a>. Los productos terminados pueden usarse como combustible o ser procesados adicionalmente en otras formas de bloques de carbono. <\/p>    <p class=\"translation-block\">Un horno de carbonizaci\u00f3n con polipasto juega un papel muy importante en el proceso de <a href=\"https:\/\/bestcharcoalmachine.com\/es\/product-line\/barbecue-charcoal-production-line\/\">fabricaci\u00f3n de briquetas de carb\u00f3n vegetal<\/a>. Los troncos, ramas y bamb\u00fa carbonizados se pueden triturar hasta convertirlos en polvo de carb\u00f3n, luego agregar agua y aglutinantes apropiados. El polvo de carb\u00f3n se formar\u00e1 en diversas formas de bloques de carb\u00f3n.<\/p>    <figure class=\"wp-block-image aligncenter size-full\"><img decoding=\"async\" src=\"https:\/\/bestcharcoalmachine.com\/wp-content\/uploads\/2021\/12\/products-made-by-vertical-carbonization-furnace-display.jpg\" alt=\"Aplicaciones del horno de carbonizaci\u00f3n de elevaci\u00f3n.\" class=\"wp-image-1307\"\/><figcaption class=\"wp-element-caption\">Aplicaciones del horno de carbonizaci\u00f3n de elevaci\u00f3n.<\/figcaption><\/figure>    <h2 class=\"wp-block-heading\" id=\"structures-of-wood-charcoal-machine\">Estructura del horno de carbonizaci\u00f3n de elevaci\u00f3n<\/h2>    <div class=\"wp-block-media-text is-stacked-on-mobile\"><figure class=\"wp-block-media-text__media\"><img loading=\"lazy\" decoding=\"async\" width=\"720\" height=\"540\" src=\"https:\/\/bestcharcoalmachine.com\/wp-content\/uploads\/2021\/12\/wood-charcoal-machine.jpg\" alt=\"m\u00e1quina de carb\u00f3n de madera\" class=\"wp-image-2653 size-full\"\/><\/figure><div class=\"wp-block-media-text__content\"> <ul class=\"wp-block-list\"> <li>El horno est\u00e1 compuesto principalmente por un estante, tanque exterior, horno interior, tubos de ventilaci\u00f3n y un sistema de purificaci\u00f3n de humo.<\/li>    <li>El horno interior sirve como la c\u00e1mara principal de carbonizaci\u00f3n donde se carbonizan los materiales de biomasa.<\/li>    <li>Se instala una tapa en el tanque interior, formando una estructura sellada con el borde superior del tanque exterior para asegurar un funcionamiento herm\u00e9tico.<\/li> <\/ul> <\/div><\/div>    <div class=\"wp-block-media-text has-media-on-the-right is-stacked-on-mobile\"><div class=\"wp-block-media-text__content\"> <ul class=\"wp-block-list\"> <li>Las orejas colgantes en el tanque interior y la tapa permiten un f\u00e1cil levantamiento y separaci\u00f3n de la carcasa exterior.<\/li>    <li>La c\u00e1mara de combusti\u00f3n est\u00e1 separada de la unidad principal de carbonizaci\u00f3n para una operaci\u00f3n m\u00e1s segura y controlada.<\/li>    <li>Los revestimientos de carbonizaci\u00f3n m\u00f3viles permiten una producci\u00f3n continua sin precalentamiento entre lotes.<\/li>    <li>El proceso de enfriamiento es independiente del cuerpo del horno, lo que hace que la estructura sea simple, segura y f\u00e1cil de operar.<\/li> <\/ul> <\/div><figure class=\"wp-block-media-text__media\"><img loading=\"lazy\" decoding=\"async\" width=\"720\" height=\"540\" src=\"https:\/\/bestcharcoalmachine.com\/wp-content\/uploads\/2021\/12\/carbonizing-furnace.jpg\" alt=\"horno de carbonizaci\u00f3n\" class=\"wp-image-2659 size-full\"\/><\/figure><\/div>    <h2 class=\"wp-block-heading\" id=\"hoist-carbonization-furnace-working-principle\">\u00bfC\u00f3mo funciona el horno de carbonizaci\u00f3n de elevaci\u00f3n?<\/h2>    <div class=\"wp-block-media-text is-stacked-on-mobile\"><figure class=\"wp-block-media-text__media\"><img decoding=\"async\" src=\"https:\/\/bestcharcoalmachine.com\/wp-content\/uploads\/2021\/12\/inner-brick-wall-and-pipes.jpg\" alt=\"pared de ladrillo interior y tuber\u00edas\" class=\"wp-image-1306 size-full\"\/><\/figure><div class=\"wp-block-media-text__content\"> <ul class=\"wp-block-list\"> <li>El tanque interior se eleva dentro de la carcasa exterior.<\/li>    <li>El combustible se quema en la c\u00e1mara de combusti\u00f3n en la parte inferior.<\/li>    <li>A medida que la madera se quema en el horno, se genera gas combustible.<\/li>    <li>Estos gases circulan y se calientan en el tubo perforado.<\/li>    <li>No es necesario repostar cuando se agota el combustible.<\/li>    <li>Observe el tubo en la c\u00e1mara de combusti\u00f3n.<\/li>    <li>La carbonizaci\u00f3n termina cuando el agujero en el tubo ya no echa fuego.<\/li> <\/ul> <\/div><\/div>    <h2 class=\"wp-block-heading\" id=\"h-operation-steps-of-hoist-carbonization-furnace\">Proceso de carbonizaci\u00f3n del carb\u00f3n.<\/h2>    <div class=\"wp-block-media-text has-media-on-the-right is-stacked-on-mobile\"><div class=\"wp-block-media-text__content\"> <ul class=\"wp-block-list\"> <li>Abra la tapa del horno de carbonizaci\u00f3n.<\/li>    <li>Levante el horno y col\u00f3quelo en el \u00e1rea de carga de carb\u00f3n.<\/li>    <li>Abra la tapa del tanque interior, incline el horno e instale las varillas.<\/li>    <li>Despu\u00e9s de instalar la varilla, cubra la tapa del horno y cuelgue el horno en el tanque exterior.<\/li>    <li>Abra las salidas de humos del cuerpo del horno a su vez, cubra bien la tapa del horno y comience la carbonizaci\u00f3n.<\/li> <\/ul> <\/div><figure class=\"wp-block-media-text__media\"><img decoding=\"async\" src=\"https:\/\/bestcharcoalmachine.com\/wp-content\/uploads\/2021\/12\/inside-structure-of-the-inner-tank.jpg\" alt=\"Estructura interior del tanque interior.\" class=\"wp-image-1305 size-full\"\/><\/figure><\/div>    <h2 class=\"wp-block-heading\" id=\"advantages-of-airflow-wood-charcoal-machine\">Ventajas del horno de carbonizaci\u00f3n de elevaci\u00f3n<\/h2>    <div class=\"wp-block-media-text is-stacked-on-mobile\"><figure class=\"wp-block-media-text__media\"><img loading=\"lazy\" decoding=\"async\" width=\"720\" height=\"540\" src=\"https:\/\/bestcharcoalmachine.com\/wp-content\/uploads\/2021\/12\/wood-charcoal-machine1.jpg\" alt=\"m\u00e1quina de carb\u00f3n de madera\" class=\"wp-image-3638 size-full\"\/><\/figure><div class=\"wp-block-media-text__content\"> <ul class=\"wp-block-list\"> <li>El horno tiene una estructura de soporte fuerte, soportando m\u00e1s de 2 toneladas y requiriendo un mantenimiento m\u00ednimo.<\/li>    <li>El gas combustible se recicla durante la operaci\u00f3n, eliminando la necesidad de reabastecimiento constante y reduciendo la mano de obra.<\/li>    <li>Tanto la carcasa exterior como el tanque interior est\u00e1n hechos de acero Q245 con revestimiento refractario, lo que garantiza durabilidad y resistencia al colapso.<\/li> <\/ul> <\/div><\/div>    <div class=\"wp-block-media-text has-media-on-the-right is-stacked-on-mobile\"><div class=\"wp-block-media-text__content\"> <ul class=\"wp-block-list\"> <li>El dise\u00f1o compacto con elevaci\u00f3n controlada a distancia hace que la operaci\u00f3n sea m\u00e1s segura y eficiente en mano de obra.<\/li>    <li>Equipado con tres tanques interiores, el sistema permite la carbonizaci\u00f3n continua sin esperar a que se enfr\u00ede o se precaliente.<\/li>    <li>La estructura separada del horno y la c\u00e1mara de combusti\u00f3n, junto con los revestimientos m\u00f3viles, mejora la productividad y la flexibilidad.<\/li> <\/ul> <\/div><figure class=\"wp-block-media-text__media\"><img loading=\"lazy\" decoding=\"async\" width=\"720\" height=\"540\" src=\"https:\/\/bestcharcoalmachine.com\/wp-content\/uploads\/2021\/12\/furnace.jpg\" alt=\"horno\" class=\"wp-image-2654 size-full\"\/><\/figure><\/div>    <h2 class=\"wp-block-heading\" id=\"h-carbonizing-furnace-gallery\">Aplicaci\u00f3n de los productos del horno de carbonizaci\u00f3n<\/h2>    <p>Despu\u00e9s de la carbonizaci\u00f3n, los palos de madera de biomasa se pueden utilizar directamente como combustible para barbacoas, calefacci\u00f3n en el hogar, etc. Despu\u00e9s de que el bamb\u00fa, los troncos o las ramas son carbonizados, la estructura es relativamente suelta y el valor calor\u00edfico no es alto. Es un poco derrochador utilizarlos directamente como combustible. <\/p>    <p class=\"translation-block\">Recomendamos combinarlo con una <a href=\"https:\/\/bestcharcoalmachine.com\/es\/product-line\/barbecue-charcoal-production-line\/\">l\u00ednea de producci\u00f3n de carb\u00f3n vegetal<\/a>. En la l\u00ednea de producci\u00f3n, pulverizamos el carb\u00f3n vegetal, lo mezclamos con un aglutinante y utilizamos diferentes m\u00e1quinas profesionales para fabricar briquetas de carb\u00f3n vegetal. Estas formas de carb\u00f3n vegetal son regulares, duras y densas, lo que las convierte en bloques de carb\u00f3n vegetal de alta calidad.<\/p>    <figure class=\"wp-block-gallery has-nested-images columns-default is-cropped wp-block-gallery-2 is-layout-flex wp-block-gallery-is-layout-flex\"> <figure class=\"wp-block-image size-large\"><img decoding=\"async\" data-id=\"1303\" src=\"https:\/\/bestcharcoalmachine.com\/wp-content\/uploads\/2021\/12\/ourter-shell-of-the-carbonizing-furnace.jpg\" alt=\"Carcasa exterior del horno de carbonizaci\u00f3n.\" class=\"wp-image-1303\"\/><figcaption class=\"wp-element-caption\">Carcasa exterior del horno de carbonizaci\u00f3n.<\/figcaption><\/figure>    <figure class=\"wp-block-image size-large\"><img loading=\"lazy\" decoding=\"async\" width=\"720\" height=\"540\" data-id=\"2155\" src=\"https:\/\/bestcharcoalmachine.com\/wp-content\/uploads\/2021\/12\/three-inner-tanks-for-continuously-working.jpg\" alt=\"Tres tanques internos para trabajar continuamente.\" class=\"wp-image-2155\" srcset=\"https:\/\/bestcharcoalmachine.com\/wp-content\/uploads\/2021\/12\/three-inner-tanks-for-continuously-working.jpg 720w, https:\/\/bestcharcoalmachine.com\/wp-content\/uploads\/2021\/12\/three-inner-tanks-for-continuously-working-300x225.jpg 300w\" sizes=\"auto, (max-width: 720px) 100vw, 720px\" \/><figcaption class=\"wp-element-caption\">Tres tanques internos para trabajar continuamente.<\/figcaption><\/figure> <\/figure>    <h2 class=\"wp-block-heading\" id=\"h-hoist-wood-charcoal-machine-parameters\">Par\u00e1metros de la m\u00e1quina de carb\u00f3n de le\u00f1a<\/h2>    <figure class=\"wp-block-table\"><table><tbody><tr><td>Modelo<\/td><td>WD-C1500<\/td><\/tr><tr><td>Dimensi\u00f3n<\/td><td>1940mm*1900mm*1900mm<\/td><\/tr><tr><td>Tama\u00f1o del tanque interior<\/td><td>1500mm*1500mm<\/td><\/tr><tr><td>Grosor de la vejiga exterior<\/td><td>6mm<\/td><\/tr><tr><td>Capacidad de salida<\/td><td>2500-3000kg\/24 horas<\/td><\/tr><tr><td>Capacidad de carga<\/td><td>2600-3000kg\/por 8 horas<\/td><\/tr><tr><td>Peso<\/td><td>2,8 toneladas<\/td><\/tr><\/tbody><\/table><figcaption class=\"wp-element-caption\">Par\u00e1metros del Horno de Carbonizaci\u00f3n de Elevaci\u00f3n<\/figcaption><\/figure>    <p>El modelo de horno de carbonizaci\u00f3n de carb\u00f3n lleva el nombre del di\u00e1metro del tanque interior. Cuanto mayor sea el di\u00e1metro del horno de carbonizaci\u00f3n, mayor ser\u00e1 el volumen y se podr\u00e1n carbonizar m\u00e1s materias primas.<\/p>    <figure class=\"wp-block-image size-large\"><img loading=\"lazy\" decoding=\"async\" width=\"720\" height=\"540\" src=\"https:\/\/bestcharcoalmachine.com\/wp-content\/uploads\/2021\/12\/charcoal-machines.jpg\" alt=\"m\u00e1quinas de carb\u00f3n\" class=\"wp-image-2655\"\/><figcaption class=\"wp-element-caption\">m\u00e1quinas de carb\u00f3n<\/figcaption><\/figure>    <h2 class=\"wp-block-heading\" id=\"faq-of-hoist-carbonizing-furnace\">Preguntas frecuentes sobre el horno de carbonizaci\u00f3n con elevador <\/h2>   <div id=\"rank-math-faq\" class=\"rank-math-block\"> <div class=\"rank-math-list\"> <div id=\"faq-question-1751532472503\" class=\"rank-math-list-item\"> <h3 class=\"rank-math-question\"><strong>\u00bfQu\u00e9 tipo de combustible se utiliza en la c\u00e1mara de combusti\u00f3n del horno de carbonizaci\u00f3n?<\/strong><\/h3> <div class=\"rank-math-answer\">  <p>Los materiales de desecho y la madera, c\u00e1scara de coco, carb\u00f3n y pellets de madera se pueden utilizar (se requiere un quemador).<\/p>  <\/div> <\/div> <div id=\"faq-question-1751532484478\" class=\"rank-math-list-item\"> <h3 class=\"rank-math-question\"><strong>\u00bfCu\u00e1l es la densidad del carb\u00f3n terminado?<\/strong><\/h3> <div class=\"rank-math-answer\">  <p>La densidad de las barras de madera es de aproximadamente 1 a 1,3 toneladas de metros c\u00fabicos, y el carb\u00f3n vegetal m\u00e1s denso es m\u00e1s resistente a la combusti\u00f3n.<\/p>  <\/div> <\/div> <div id=\"faq-question-1751532486028\" class=\"rank-math-list-item\"> <h3 class=\"rank-math-question\"><strong>\u00bfEl humo residual y los gases de escape producidos por el horno de carbonizaci\u00f3n del polipasto causar\u00e1n contaminaci\u00f3n ambiental?<\/strong><\/h3> <div class=\"rank-math-answer\">  <p>La m\u00e1quina est\u00e1 equipada con equipo de extracci\u00f3n. Tambi\u00e9n disponemos de equipos de purificaci\u00f3n electrost\u00e1tica de alto voltaje, si los requisitos son altos, que pueden maximizar la reducci\u00f3n de emisiones de humo.<\/p>  <\/div> <\/div> <div id=\"faq-question-1751532542685\" class=\"rank-math-list-item\"> <h3 class=\"rank-math-question\"><strong>\u00bfSe puede utilizar el orujo de aceituna en un horno de carbonizaci\u00f3n vertical?<\/strong><\/h3> <div class=\"rank-math-answer\">  <p class=\"translation-block\">No, la m\u00e1quina carboniza todos los materiales duros. Si tiene que usarlo, se recomienda utilizar una <a href=\"https:\/\/bestcharcoalmachine.com\/es\/product\/sawdust-briquette-machines\/\" data-type=\"link\" data-id=\"https:\/\/bestcharcoalmachine.com\/product\/sawdust-briquette-machines\/\">m\u00e1quina briquetadora de serr\u00edn<\/a> para convertir el orujo de aceituna en una varilla de biomasa dura y luego usar un horno de carbonizaci\u00f3n con polipasto para carbonizarlo.<\/p>  <\/div> <\/div> <div id=\"faq-question-1751532543464\" class=\"rank-math-list-item\"> <h3 class=\"rank-math-question\"><strong>\u00bfC\u00f3mo colocar las materias primas en la entrada de alimento?<\/strong><\/h3> <div class=\"rank-math-answer\">  <p>Configure la gr\u00faa de hilera, coloque las materias primas en el tanque interior primero, use la gr\u00faa de hilera para levantar el tanque interior y col\u00f3quelo en el tanque exterior, y luego qu\u00e9melo.<\/p>  <\/div> <\/div> <div id=\"faq-question-1751532573328\" class=\"rank-math-list-item\"> <h3 class=\"rank-math-question\"><strong>\u00bfCu\u00e1l es la producci\u00f3n del horno de carbonizaci\u00f3n?<\/strong><\/h3> <div class=\"rank-math-answer\">  <p>Nuestro horno de carbonizaci\u00f3n tiene tres modelos, la producci\u00f3n es de 300kg\/4-6 horas; 600 kg\/6-8 horas; 1000 kg\/8-10 horas. Entre ellos, \u00e9ste con 1000kg\/8-10 horas es el m\u00e1s popular.<\/p>  <\/div> <\/div> <div id=\"faq-question-1751532574032\" class=\"rank-math-list-item\"> <h3 class=\"rank-math-question\"><strong>\u00bfPor qu\u00e9 el carb\u00f3n obtenido tras quemarse es menor que la materia prima?<\/strong><\/h3> <div class=\"rank-math-answer\">  <p>Debido a que el agua de la madera se evapora, la lignina se combina y se convierte en carbono, y de 3 a 4 toneladas de materias primas se pueden convertir en 1 tonelada de carbono.<\/p>  <\/div> <\/div> <div id=\"faq-question-1751532575064\" class=\"rank-math-list-item\"> <h3 class=\"rank-math-question\"><strong>\u00bfHabr\u00e1 subproductos?<\/strong><\/h3> <div class=\"rank-math-answer\">  <p>Durante el proceso de carbonizaci\u00f3n se producir\u00e1 una peque\u00f1a cantidad de alquitr\u00e1n de madera y vinagre de madera. Se obtienen por enfriamiento natural y licuefacci\u00f3n del humo emitido durante la quema de madera para convertirla en carb\u00f3n vegetal.<\/p>  <\/div> <\/div> <\/div> <\/div>   <figure class=\"wp-block-image size-large\"><img loading=\"lazy\" decoding=\"async\" width=\"720\" height=\"540\" src=\"https:\/\/bestcharcoalmachine.com\/wp-content\/uploads\/2021\/12\/charcoal-machine.jpg\" alt=\"precio del horno de carbonizaci\u00f3n de elevaci\u00f3n\" class=\"wp-image-2657\"\/><figcaption class=\"wp-element-caption\">precio del horno de carbonizaci\u00f3n de elevaci\u00f3n<\/figcaption><\/figure>    <h2 class=\"wp-block-heading\">Conclusi\u00f3n<\/h2>    <p class=\"translation-block\">Con su construcci\u00f3n duradera, dise\u00f1o de ahorro de energ\u00eda y capacidad para operar continuamente con m\u00faltiples tanques internos, el <strong>Horno de <a href=\"https:\/\/en.wikipedia.org\/wiki\/Carbonization\" data-type=\"link\" data-id=\"https:\/\/en.wikipedia.org\/wiki\/Carbonization\" target=\"_blank\" rel=\"noopener\">Carbonizaci\u00f3n<\/a> con Polipasto<\/strong> ofrece una soluci\u00f3n ideal para una producci\u00f3n de carb\u00f3n vegetal eficiente y a gran escala. <\/p>    <p>Ya sea que busques reducir costos laborales, mejorar la producci\u00f3n o cambiar a un m\u00e9todo de producci\u00f3n m\u00e1s ecol\u00f3gico, esta m\u00e1quina cumple en todos los aspectos. <\/p>    <p class=\"translation-block\">Si est\u00e1 listo para mejorar su l\u00ednea de producci\u00f3n de carb\u00f3n vegetal, <strong>cont\u00e1ctenos hoy<\/strong> para una soluci\u00f3n personalizada adaptada a sus necesidades.<\/p>    <figure class=\"wp-block-image size-large\"><img loading=\"lazy\" decoding=\"async\" width=\"720\" height=\"540\" src=\"https:\/\/bestcharcoalmachine.com\/wp-content\/uploads\/2021\/12\/carbonization-furnace-2.jpg\" alt=\"horno de carbonizaci\u00f3n de elevaci\u00f3n\" class=\"wp-image-2658\"\/><figcaption class=\"wp-element-caption\">horno de carbonizaci\u00f3n de elevaci\u00f3n<\/figcaption><\/figure>","protected":false},"excerpt":{"rendered":"<p>El Horno de Carbonizaci\u00f3n Hoist, dise\u00f1ado con una estructura de elevaci\u00f3n vertical, simplifica la carga y descarga mientras permite la carbonizaci\u00f3n por lotes con tanques internos intercambiables.<\/p>","protected":false},"author":1,"featured_media":1973,"parent":0,"template":"","tags":[93],"product-type":[47],"class_list":["post-1259","product","type-product","status-publish","has-post-thumbnail","hentry","tag-hoist-carbonization-furnace","product-type-carbonization-furnace"],"_links":{"self":[{"href":"https:\/\/bestcharcoalmachine.com\/es\/wp-json\/wp\/v2\/product\/1259","targetHints":{"allow":["GET"]}}],"collection":[{"href":"https:\/\/bestcharcoalmachine.com\/es\/wp-json\/wp\/v2\/product"}],"about":[{"href":"https:\/\/bestcharcoalmachine.com\/es\/wp-json\/wp\/v2\/types\/product"}],"author":[{"embeddable":true,"href":"https:\/\/bestcharcoalmachine.com\/es\/wp-json\/wp\/v2\/users\/1"}],"wp:featuredmedia":[{"embeddable":true,"href":"https:\/\/bestcharcoalmachine.com\/es\/wp-json\/wp\/v2\/media\/1973"}],"wp:attachment":[{"href":"https:\/\/bestcharcoalmachine.com\/es\/wp-json\/wp\/v2\/media?parent=1259"}],"wp:term":[{"taxonomy":"post_tag","embeddable":true,"href":"https:\/\/bestcharcoalmachine.com\/es\/wp-json\/wp\/v2\/tags?post=1259"},{"taxonomy":"product-type","embeddable":true,"href":"https:\/\/bestcharcoalmachine.com\/es\/wp-json\/wp\/v2\/product-type?post=1259"}],"curies":[{"name":"wp","href":"https:\/\/api.w.org\/{rel}","templated":true}]}}