{"id":1180,"date":"2021-11-30T09:26:21","date_gmt":"2021-11-30T09:26:21","guid":{"rendered":"https:\/\/bestcharcoalmachine.com\/?p=1180"},"modified":"2025-06-12T18:25:25","modified_gmt":"2025-06-12T10:25:25","slug":"industry-biomass-rotary-dryer","status":"publish","type":"product","link":"https:\/\/bestcharcoalmachine.com\/es\/product\/industry-biomass-rotary-dryer\/","title":{"rendered":"Secador rotatorio de biomasa industrial | Secador de aserr\u00edn"},"content":{"rendered":"<div class=\"kk-star-ratings kksr-auto kksr-align-left kksr-valign-top\"     data-payload='{&quot;align&quot;:&quot;left&quot;,&quot;id&quot;:&quot;1180&quot;,&quot;slug&quot;:&quot;default&quot;,&quot;valign&quot;:&quot;top&quot;,&quot;ignore&quot;:&quot;&quot;,&quot;reference&quot;:&quot;auto&quot;,&quot;class&quot;:&quot;&quot;,&quot;count&quot;:&quot;11&quot;,&quot;legendonly&quot;:&quot;&quot;,&quot;readonly&quot;:&quot;&quot;,&quot;score&quot;:&quot;4.7&quot;,&quot;starsonly&quot;:&quot;&quot;,&quot;best&quot;:&quot;5&quot;,&quot;gap&quot;:&quot;5&quot;,&quot;greet&quot;:&quot;Rate this product&quot;,&quot;legend&quot;:&quot;4.7\\\/5 - (11 votos)&quot;,&quot;size&quot;:&quot;24&quot;,&quot;title&quot;:&quot;Industry Biomass Rotary Dryer | Sawdust Dryer&quot;,&quot;width&quot;:&quot;133.8&quot;,&quot;_legend&quot;:&quot;{score}\\\/{best} - ({count} {votes})&quot;,&quot;font_factor&quot;:&quot;1.25&quot;}'>              <div class=\"kksr-stars\">      <div class=\"kksr-stars-inactive\">             <div class=\"kksr-star\" data-star=\"1\" style=\"padding-right: 5px\">               <div class=\"kksr-icon\" style=\"width: 24px; height: 24px;\"><\/div>         <\/div>             <div class=\"kksr-star\" data-star=\"2\" style=\"padding-right: 5px\">               <div class=\"kksr-icon\" style=\"width: 24px; height: 24px;\"><\/div>         <\/div>             <div class=\"kksr-star\" data-star=\"3\" style=\"padding-right: 5px\">               <div class=\"kksr-icon\" style=\"width: 24px; height: 24px;\"><\/div>         <\/div>             <div class=\"kksr-star\" data-star=\"4\" style=\"padding-right: 5px\">               <div class=\"kksr-icon\" style=\"width: 24px; height: 24px;\"><\/div>         <\/div>             <div class=\"kksr-star\" data-star=\"5\" style=\"padding-right: 5px\">               <div class=\"kksr-icon\" style=\"width: 24px; height: 24px;\"><\/div>         <\/div>     <\/div>      <div class=\"kksr-stars-active\" style=\"width: 133.8px;\">             <div class=\"kksr-star\" style=\"padding-right: 5px\">               <div class=\"kksr-icon\" style=\"width: 24px; height: 24px;\"><\/div>         <\/div>             <div class=\"kksr-star\" style=\"padding-right: 5px\">               <div class=\"kksr-icon\" style=\"width: 24px; height: 24px;\"><\/div>         <\/div>             <div class=\"kksr-star\" style=\"padding-right: 5px\">               <div class=\"kksr-icon\" style=\"width: 24px; height: 24px;\"><\/div>         <\/div>             <div class=\"kksr-star\" style=\"padding-right: 5px\">               <div class=\"kksr-icon\" style=\"width: 24px; height: 24px;\"><\/div>         <\/div>             <div class=\"kksr-star\" style=\"padding-right: 5px\">               <div class=\"kksr-icon\" style=\"width: 24px; height: 24px;\"><\/div>         <\/div>     <\/div> <\/div>                   <div class=\"kksr-legend\" style=\"font-size: 19.2px;\">             4,7\/5 - (11 votos)    <\/div>     <\/div>  <p>El secador rotativo de biomasa industrial es una m\u00e1quina de secado de alta eficiencia dise\u00f1ada para reducir el contenido de humedad de materiales como astillas de madera y c\u00e1scaras de arroz al 8%\u201312%, con capacidades que van de 400 a 2000 kg\/h. <\/p>    <p class=\"translation-block\">Ofrecemos dos tipos de secadores de biomasa: el <strong>secador rotativo<\/strong>, ideal para operaciones a gran escala, y el <strong>secador de aserr\u00edn por flujo de aire<\/strong>, adecuado para necesidades de secado m\u00e1s peque\u00f1as y r\u00e1pidas. Ambos son ampliamente utilizados en la producci\u00f3n de carb\u00f3n, procesamiento de madera y fabricaci\u00f3n de papel, ayudando a preparar materias primas para briquetas, pellets, muebles y m\u00e1s. <\/p>    <figure class=\"wp-block-embed is-type-video is-provider-youtube wp-block-embed-youtube wp-embed-aspect-16-9 wp-has-aspect-ratio\"><div class=\"wp-block-embed__wrapper\"> <iframe loading=\"lazy\" title=\"\u00a1Secador rotatorio de biomasa que ahorra energ\u00eda en venta! #secador #biomasa #carb\u00f3n #aserr\u00edn\" width=\"500\" height=\"281\" src=\"https:\/\/www.youtube.com\/embed\/feozM1BGRpI?feature=oembed\" frameborder=\"0\" allow=\"accelerometer; autoplay; clipboard-write; encrypted-media; gyroscope; picture-in-picture; web-share\" referrerpolicy=\"strict-origin-when-cross-origin\" allowfullscreen><\/iframe> <\/div><figcaption class=\"wp-element-caption\">proceso de trabajo del secador industrial de carb\u00f3n<\/figcaption><\/figure>    <h2 class=\"wp-block-heading\">Materias primas para la secadora rotativa de biomasa industrial<\/h2>    <p>El secador rotativo de biomasa industrial est\u00e1 dise\u00f1ado para procesar una amplia gama de materiales de biomasa com\u00fanmente utilizados en la producci\u00f3n de briquetas. Los materiales crudos adecuados incluyen astillas de madera, c\u00e1scaras de arroz, c\u00e1scaras de coco, paja de trigo y otros residuos agr\u00edcolas o forestales. <\/p>    <p class=\"translation-block\">Una vez secados, estos materiales alcanzan el nivel de humedad ideal para la alimentaci\u00f3n directa en <a href=\"https:\/\/bestcharcoalmachine.com\/es\/product\/sawdust-briquette-machines\/\" data-type=\"link\" data-id=\"https:\/\/bestcharcoalmachine.com\/product\/sawdust-briquette-machines\/\">m\u00e1quinas de briquetas de aserr\u00edn<\/a>, mejorando el rendimiento de combusti\u00f3n y la calidad de formaci\u00f3n. Esto convierte al secador rotativo de biomasa industrial en un componente clave en la producci\u00f3n sostenible de combustible de biomasa.<\/p>    <figure class=\"wp-block-image\"><img loading=\"lazy\" decoding=\"async\" width=\"720\" height=\"540\" src=\"https:\/\/bestcharcoalmachine.com\/wp-content\/uploads\/2021\/11\/raw-materials-of-Industry-Biomass-Rotary-Dryer.jpg\" alt=\"Materias primas del secador rotatorio de biomasa industrial.\" class=\"wp-image-2914\"\/><figcaption class=\"wp-element-caption\">Materias primas del secador rotatorio de biomasa industrial.<\/figcaption><\/figure>    <h2 class=\"wp-block-heading\" id=\"h-structure-of-industry-rice-husk-drying-machine\">Estructura del secador rotativo de biomasa industrial<\/h2>    <div class=\"wp-block-media-text is-stacked-on-mobile\"><figure class=\"wp-block-media-text__media\"><img loading=\"lazy\" decoding=\"async\" width=\"720\" height=\"540\" src=\"https:\/\/bestcharcoalmachine.com\/wp-content\/uploads\/2021\/11\/inside-structure-of-industry-biomass-rotary-dryer.jpg\" alt=\"Estructura interior del secador rotativo de biomasa industrial.\" class=\"wp-image-2252 size-full\" srcset=\"https:\/\/bestcharcoalmachine.com\/wp-content\/uploads\/2021\/11\/inside-structure-of-industry-biomass-rotary-dryer.jpg 720w, https:\/\/bestcharcoalmachine.com\/wp-content\/uploads\/2021\/11\/inside-structure-of-industry-biomass-rotary-dryer-300x225.jpg 300w\" sizes=\"auto, (max-width: 720px) 100vw, 720px\" \/><\/figure><div class=\"wp-block-media-text__content\"> <ul class=\"wp-block-list\"> <li>Componentes principales. Incluye cilindro de secado, tuber\u00edas de conexi\u00f3n, horno de calefacci\u00f3n (instalado por el cliente), ventiladores, sistemas de alimentaci\u00f3n y descarga.<\/li>    <li>Dise\u00f1o del barril. El tambor est\u00e1 inclinado para hacer rodar los materiales y lograr un mejor contacto con el aire caliente y un secado eficiente.<\/li>    <li>Sistema de alimentaci\u00f3n y descarga. Equipado con partes de entrada y salida, adem\u00e1s de placas de sellado para prevenir fugas de material.<\/li>    <li>Soporte para el horno de calefacci\u00f3n. El fabricante puede ayudar con el dise\u00f1o y proporcionar dibujos de instalaci\u00f3n.<\/li>    <li>Equipo de enfriamiento opcional. Se puede a\u00f1adir para necesidades de alta producci\u00f3n para apoyar un procesamiento adicional.<\/li> <\/ul> <\/div><\/div>    <h2 class=\"wp-block-heading\">\u00bfC\u00f3mo funciona el secador rotativo de biomasa industrial?<\/h2>    <div class=\"wp-block-media-text has-media-on-the-right is-stacked-on-mobile\"><div class=\"wp-block-media-text__content\"> <ul class=\"wp-block-list\"> <li>Fuente de calor. El horno de calefacci\u00f3n genera aire caliente como suministro de calor principal.<\/li>    <li>Circulaci\u00f3n de aire. Un ventilador entrega el aire caliente del horno al barril de la secadora.<\/li>    <li>Movimiento del material. La biomasa h\u00fameda entra en el tambor y avanza a trav\u00e9s de una correa dentada densamente empaquetada.<\/li> <\/ul> <\/div><figure class=\"wp-block-media-text__media\"><img loading=\"lazy\" decoding=\"async\" width=\"720\" height=\"540\" src=\"https:\/\/bestcharcoalmachine.com\/wp-content\/uploads\/2021\/11\/Rotary-dryer-machine-factory.jpg\" alt=\"F\u00e1brica de m\u00e1quinas secadoras rotativas\" class=\"wp-image-2254 size-full\" srcset=\"https:\/\/bestcharcoalmachine.com\/wp-content\/uploads\/2021\/11\/Rotary-dryer-machine-factory.jpg 720w, https:\/\/bestcharcoalmachine.com\/wp-content\/uploads\/2021\/11\/Rotary-dryer-machine-factory-300x225.jpg 300w\" sizes=\"auto, (max-width: 720px) 100vw, 720px\" \/><\/figure><\/div>    <div class=\"wp-block-media-text is-stacked-on-mobile\"><figure class=\"wp-block-media-text__media\"><img loading=\"lazy\" decoding=\"async\" width=\"720\" height=\"540\" src=\"https:\/\/bestcharcoalmachine.com\/wp-content\/uploads\/2021\/11\/sawdust-dryer.jpg\" alt=\"secador de aserr\u00edn\" class=\"wp-image-2256 size-full\" srcset=\"https:\/\/bestcharcoalmachine.com\/wp-content\/uploads\/2021\/11\/sawdust-dryer.jpg 720w, https:\/\/bestcharcoalmachine.com\/wp-content\/uploads\/2021\/11\/sawdust-dryer-300x225.jpg 300w\" sizes=\"auto, (max-width: 720px) 100vw, 720px\" \/><\/figure><div class=\"wp-block-media-text__content\"> <ul class=\"wp-block-list\"> <li>Proceso de secado. El material se expone a un flujo de aire a alta temperatura durante el movimiento para una eliminaci\u00f3n efectiva de la humedad.<\/li>    <li>Temperatura de descarga. El material seco sale a aproximadamente 40\u201350\u00b0C.<\/li>    <li>Opci\u00f3n de enfriamiento. Las m\u00e1quinas m\u00e1s grandes pueden estar equipadas con sistemas de enfriamiento para reducir la temperatura del producto final.<\/li> <\/ul> <\/div><\/div>    <h2 class=\"wp-block-heading\">ventajas del secador rotativo de biomasa industrial<\/h2>    <div class=\"wp-block-media-text has-media-on-the-right is-stacked-on-mobile\"><div class=\"wp-block-media-text__content\"> <ul class=\"wp-block-list\"> <li><strong>Alta capacidad de procesamiento<\/strong>. Soporta secado a gran escala con bajo consumo de combustible y costos operativos reducidos.<\/li>    <li><strong>Estructura duradera<\/strong>. El dise\u00f1o de remolque central ajustable y anillo rodante reduce el desgaste y ahorra energ\u00eda.<\/li>    <li><strong>Operaci\u00f3n estable<\/strong>. Equipado con una estructura de rueda de bloque para minimizar el empuje horizontal y mejorar la estabilidad del equipo.<\/li>    <li><strong>Secado r\u00e1pido<\/strong>. Maneja flujo de aire a alta temperatura para una eliminaci\u00f3n eficiente de la humedad.<\/li> <\/ul> <\/div><figure class=\"wp-block-media-text__media\"><img loading=\"lazy\" decoding=\"async\" width=\"720\" height=\"540\" src=\"https:\/\/bestcharcoalmachine.com\/wp-content\/uploads\/2021\/11\/commercial-Industry-Biomass-Rotary-Dryer.webp\" alt=\"Secador rotativo de biomasa para la industria comercial\" class=\"wp-image-4160 size-full\" srcset=\"https:\/\/bestcharcoalmachine.com\/wp-content\/uploads\/2021\/11\/commercial-Industry-Biomass-Rotary-Dryer.webp 720w, https:\/\/bestcharcoalmachine.com\/wp-content\/uploads\/2021\/11\/commercial-Industry-Biomass-Rotary-Dryer-300x225.webp 300w, https:\/\/bestcharcoalmachine.com\/wp-content\/uploads\/2021\/11\/commercial-Industry-Biomass-Rotary-Dryer-16x12.webp 16w\" sizes=\"auto, (max-width: 720px) 100vw, 720px\" \/><\/figure><\/div>    <div class=\"wp-block-media-text is-stacked-on-mobile\"><figure class=\"wp-block-media-text__media\"><img loading=\"lazy\" decoding=\"async\" width=\"720\" height=\"540\" src=\"https:\/\/bestcharcoalmachine.com\/wp-content\/uploads\/2021\/11\/Industry-Biomass-Rotary-Dryer-price.webp\" alt=\"precio del secador rotativo de biomasa para la industria\" class=\"wp-image-4161 size-full\" srcset=\"https:\/\/bestcharcoalmachine.com\/wp-content\/uploads\/2021\/11\/Industry-Biomass-Rotary-Dryer-price.webp 720w, https:\/\/bestcharcoalmachine.com\/wp-content\/uploads\/2021\/11\/Industry-Biomass-Rotary-Dryer-price-300x225.webp 300w, https:\/\/bestcharcoalmachine.com\/wp-content\/uploads\/2021\/11\/Industry-Biomass-Rotary-Dryer-price-16x12.webp 16w\" sizes=\"auto, (max-width: 720px) 100vw, 720px\" \/><\/figure><div class=\"wp-block-media-text__content\"> <ul class=\"wp-block-list\"> <li><strong>Escalabilidad flexible<\/strong>. Dise\u00f1ado con margen de expansi\u00f3n\u2014no es necesario reemplazar el equipo para aumentos moderados en la producci\u00f3n.<\/li>    <li><strong>Uso eficiente del calor<\/strong>. La disposici\u00f3n optimizada de las placas de elevaci\u00f3n asegura un secado uniforme y alta eficiencia t\u00e9rmica.<\/li>    <li><strong>Bajo mantenimiento<\/strong>. Menos limpiezas de material y f\u00e1cil mantenimiento.<\/li> <\/ul> <\/div><\/div>    <h2 class=\"wp-block-heading\" id=\"h-video-of-industry-biomass-rotary-dryer\">Video del secador rotatorio de biomasa industrial<\/h2>    <figure class=\"wp-block-embed is-type-video is-provider-youtube wp-block-embed-youtube wp-embed-aspect-16-9 wp-has-aspect-ratio\"><div class=\"wp-block-embed__wrapper\"> <iframe loading=\"lazy\" title=\"Secador de Biomasa Rotativo en Venta \u2013 Alta Capacidad y Bajo Consumo Energ\u00e9tico #biomasa #secador #carb\u00f3n #aserr\u00edn\" width=\"500\" height=\"281\" src=\"https:\/\/www.youtube.com\/embed\/Kq0JoS7BLj0?feature=oembed\" frameborder=\"0\" allow=\"accelerometer; autoplay; clipboard-write; encrypted-media; gyroscope; picture-in-picture; web-share\" referrerpolicy=\"strict-origin-when-cross-origin\" allowfullscreen><\/iframe> <\/div><figcaption class=\"wp-element-caption\">Video de trabajo del secador rotatorio de biomasa industrial<\/figcaption><\/figure>    <h2 class=\"wp-block-heading\">Par\u00e1metros del secador rotatorio de biomasa industrial<\/h2>    <figure class=\"wp-block-table\"><table><tbody><tr><td>Modelo<\/td><td>Capacidad<\/td><td>Fuerza<\/td><td>Di\u00e1metro rotatorio<\/td><\/tr><tr><td>WD-RD800<\/td><td>400-600kg\/hora<\/td><td>4kW<\/td><td>0,8 m de di\u00e1metro, longitud 8 m<\/td><\/tr><tr><td>WD-RD1000<\/td><td>800-1000kg\/h<\/td><td>5,5+5,5 kw<\/td><td>1m de di\u00e1metro, longitud 10m<\/td><\/tr><tr><td>WD-RD1200<\/td><td>1000-1200kg\/hora<\/td><td>7,5+7,5 kw<\/td><td>1,2 m de di\u00e1metro, longitud 12 m<\/td><\/tr><tr><td>WD-RD1500<\/td><td>1500-2000kg\/h<\/td><td>15+15kw<\/td><td>1,5 m de di\u00e1metro, longitud 12 m<\/td><\/tr><\/tbody><\/table><figcaption class=\"wp-element-caption\">Par\u00e1metros del secador rotatorio de biomasa industrial<\/figcaption><\/figure>    <h2 class=\"wp-block-heading\">Secador de aserr\u00edn por flujo de aire en venta<\/h2>    <p>El secador de aserr\u00edn por flujo de aire es una soluci\u00f3n de secado rentable que utiliza flujo de aire a alta temperatura para reducir r\u00e1pidamente el contenido de humedad en las materias primas. La biomasa h\u00fameda, como la c\u00e1scara de arroz o el aserr\u00edn, se mezcla con aire caliente y se seca durante el transporte a trav\u00e9s del tubo de secado. <\/p>    <p>Un separador elimina la humedad del material de manera eficiente. Ideal para industrias como el procesamiento de madera, piensos, productos qu\u00edmicos y farmac\u00e9uticos, este secador maneja materiales con humedad por debajo del 30% y es ampliamente utilizado debido a su estructura simple y precio asequible.<\/p>    <figure class=\"wp-block-image aligncenter size-full\"><img loading=\"lazy\" decoding=\"async\" width=\"720\" height=\"540\" src=\"https:\/\/bestcharcoalmachine.com\/wp-content\/uploads\/2021\/11\/airflow-dryer.jpg\" alt=\"secador de flujo de aire\" class=\"wp-image-2255\" srcset=\"https:\/\/bestcharcoalmachine.com\/wp-content\/uploads\/2021\/11\/airflow-dryer.jpg 720w, https:\/\/bestcharcoalmachine.com\/wp-content\/uploads\/2021\/11\/airflow-dryer-300x225.jpg 300w\" sizes=\"auto, (max-width: 720px) 100vw, 720px\" \/><figcaption class=\"wp-element-caption\">secador de flujo de aire<\/figcaption><\/figure>    <h2 class=\"wp-block-heading\">\u00bfC\u00f3mo funciona el flujo de aire de aserr\u00edn? <a href=\"https:\/\/en.wikipedia.org\/wiki\/Dryer\" data-type=\"link\" data-id=\"https:\/\/en.wikipedia.org\/wiki\/Dryer\" target=\"_blank\" rel=\"noopener\">secadora<\/a> \u00bftrabajo de m\u00e1quina?<\/h2>    <div class=\"wp-block-media-text is-stacked-on-mobile\"><figure class=\"wp-block-media-text__media\"><img loading=\"lazy\" decoding=\"async\" width=\"720\" height=\"540\" src=\"https:\/\/bestcharcoalmachine.com\/wp-content\/uploads\/2021\/11\/airflow-drying-machine.webp\" alt=\"m\u00e1quina de secado por flujo de aire\" class=\"wp-image-4164 size-full\" srcset=\"https:\/\/bestcharcoalmachine.com\/wp-content\/uploads\/2021\/11\/airflow-drying-machine.webp 720w, https:\/\/bestcharcoalmachine.com\/wp-content\/uploads\/2021\/11\/airflow-drying-machine-300x225.webp 300w, https:\/\/bestcharcoalmachine.com\/wp-content\/uploads\/2021\/11\/airflow-drying-machine-16x12.webp 16w\" sizes=\"auto, (max-width: 720px) 100vw, 720px\" \/><\/figure><div class=\"wp-block-media-text__content\"> <ul class=\"wp-block-list\"> <li><strong>Preparaci\u00f3n de materiales<\/strong>. Los materiales de biomasa como madera, bamb\u00fa o paja deben ser triturados en aserr\u00edn (\u22645mm) antes del secado.<\/li>    <li><strong>Generaci\u00f3n de aire caliente<\/strong>. Un horno de encendido de frente produce un flujo de aire a alta temperatura, similar a un sistema de secado rotativo.<\/li>    <li><strong>Alimentaci\u00f3n de material<\/strong>La aserr\u00edn h\u00famedo se introduce en el tubo de secado por la fuerza de succi\u00f3n del ventilador.<\/li>    <li><strong>Proceso de secado<\/strong>. A medida que el material gira y se mueve a trav\u00e9s de los tubos, entra en contacto completo con el aire caliente, lo que permite una r\u00e1pida evaporaci\u00f3n de la humedad.<\/li>    <li><strong>Descarga<\/strong>. Las part\u00edculas secas salen a trav\u00e9s del colector de polvo, completando el proceso de secado.<\/li> <\/ul> <\/div><\/div>    <h2 class=\"wp-block-heading\">Ventajas de la m\u00e1quina de secado por flujo de aire<\/h2>    <div class=\"wp-block-media-text has-media-on-the-right is-stacked-on-mobile\"><div class=\"wp-block-media-text__content\"> <ul class=\"wp-block-list\"> <li><strong>Requisitos de materia prima<\/strong>. Adecuado para materiales granulares como c\u00e1scara de arroz, aserr\u00edn, virutas y ramas trituradas (\u22643mm de di\u00e1metro, \u22645mm de longitud).<\/li>    <li><strong>Eficiencia de secado<\/strong>. Seca el material del 35% al 10% de humedad con aire caliente a \u2265180\u00b0C; temperatura de descarga: 40\u201350\u00b0C.<\/li>    <li><strong>Opciones de combustible<\/strong>. Compatible con astillas de madera, carb\u00f3n, vapor, electricidad o calefacci\u00f3n a gas.<\/li>    <li><strong>Alto rendimiento<\/strong>. Presenta una fuerte capacidad de secado, tama\u00f1o compacto, baja inversi\u00f3n y operaci\u00f3n r\u00e1pida (2\u201310 segundos).<\/li>    <li><strong>Calidad del producto<\/strong>. M\u00ednimo impacto t\u00e9rmico en el material, asegurando menos contaminaci\u00f3n y mejor calidad.<\/li>    <li><strong>Configuraci\u00f3n flexible<\/strong>. Soporta m\u00faltiples m\u00e9todos de calefacci\u00f3n para adaptarse a diferentes condiciones del sitio y necesidades de procesamiento.<\/li> <\/ul> <\/div><figure class=\"wp-block-media-text__media\"><img loading=\"lazy\" decoding=\"async\" width=\"720\" height=\"540\" src=\"https:\/\/bestcharcoalmachine.com\/wp-content\/uploads\/2021\/11\/airflow-sawdust-dryer.webp\" alt=\"secador de aserr\u00edn por flujo de aire\" class=\"wp-image-4165 size-full\" srcset=\"https:\/\/bestcharcoalmachine.com\/wp-content\/uploads\/2021\/11\/airflow-sawdust-dryer.webp 720w, https:\/\/bestcharcoalmachine.com\/wp-content\/uploads\/2021\/11\/airflow-sawdust-dryer-300x225.webp 300w, https:\/\/bestcharcoalmachine.com\/wp-content\/uploads\/2021\/11\/airflow-sawdust-dryer-16x12.webp 16w\" sizes=\"auto, (max-width: 720px) 100vw, 720px\" \/><\/figure><\/div>    <h2 class=\"wp-block-heading\">Par\u00e1metros de la secadora de c\u00e1scara de arroz con flujo de aire<\/h2>    <figure class=\"wp-block-table\"><table><tbody><tr><td>Tipo<\/td><td>Capacidad<\/td><td>Fuerza<\/td><\/tr><tr><td>WD-AD320<\/td><td>500-600kg\/hora<\/td><td>7,5 kw<\/td><\/tr><tr><td>WD-AD219<\/td><td>300-400kg\/h <\/td><td>5,5 kw<\/td><\/tr><\/tbody><\/table><figcaption class=\"wp-element-caption\">par\u00e1metros de la m\u00e1quina de secado por flujo de aire<\/figcaption><\/figure>    <figure class=\"wp-block-image size-large\"><img loading=\"lazy\" decoding=\"async\" width=\"720\" height=\"540\" src=\"https:\/\/bestcharcoalmachine.com\/wp-content\/uploads\/2021\/11\/airflow-drying-machine-for-sale.jpg\" alt=\"secadora de flujo de aire a la venta\" class=\"wp-image-2257\" srcset=\"https:\/\/bestcharcoalmachine.com\/wp-content\/uploads\/2021\/11\/airflow-drying-machine-for-sale.jpg 720w, https:\/\/bestcharcoalmachine.com\/wp-content\/uploads\/2021\/11\/airflow-drying-machine-for-sale-300x225.jpg 300w\" sizes=\"auto, (max-width: 720px) 100vw, 720px\" \/><figcaption class=\"wp-element-caption\">secadora de flujo de aire a la venta<\/figcaption><\/figure>    <h2 class=\"wp-block-heading\">Aplicaci\u00f3n de secadoras en l\u00edneas de producci\u00f3n. <\/h2>    <p>Una vez que el aserr\u00edn se seca y se elimina la humedad, se vuelve adecuado para un procesamiento adicional en varias l\u00edneas de producci\u00f3n de biomasa. Ofrecemos dos soluciones principales:<\/p>    <ul class=\"wp-block-list\"> <li><strong>L\u00ednea de producci\u00f3n de bloques de paletas de madera.<\/strong>. Esta l\u00ednea incluye una trituradora de madera, una m\u00e1quina de secado, un mezclador de pegamento y una m\u00e1quina formadora de bloques, ideal para crear bloques de palets duraderos a partir de biomasa seca.<\/li>    <li><strong>l\u00ednea de producci\u00f3n de briquetas de biomasa<\/strong>Aqu\u00ed, el aserr\u00edn seco se introduce en una prensa de briquetas de aserr\u00edn, que lo comprime en briquetas de combustible para calefacci\u00f3n o uso energ\u00e9tico.<\/li> <\/ul>    <div class=\"wp-block-media-text is-stacked-on-mobile\"><figure class=\"wp-block-media-text__media\"><img loading=\"lazy\" decoding=\"async\" width=\"720\" height=\"540\" src=\"https:\/\/bestcharcoalmachine.com\/wp-content\/uploads\/2022\/02\/wood-block-machine.jpg\" alt=\"m\u00e1quina de bloques de madera\" class=\"wp-image-2710 size-full\"\/><\/figure><div class=\"wp-block-media-text__content\"> <p><strong>Fabricaci\u00f3n de bloques de palets de madera.<\/strong><\/p>    <p class=\"translation-block\">Coloque las materias primas mezcladas en la <a href=\"https:\/\/bestcharcoalmachine.com\/es\/product\/wood-block-machine\/attachment\/wood-block-machine\/\">m\u00e1quina de fabricaci\u00f3n de ladrillos de aserr\u00edn<\/a>, y el aserr\u00edn se presiona en varillas de madera mediante alta temperatura y alta presi\u00f3n.<\/p>    <p>Estas barras tienen alta densidad y alta dureza. Despu\u00e9s del corte, se pueden utilizar como pilares para paletas de madera.<\/p> <\/div><\/div>    <div class=\"wp-block-media-text alignwide has-media-on-the-right is-stacked-on-mobile\"><div class=\"wp-block-media-text__content\"> <p><strong>Hacer briquetas de aserr\u00edn<\/strong><\/p>    <p class=\"translation-block\">Una <a href=\"https:\/\/bestcharcoalmachine.com\/es\/biomass-briquette-machine\/sawdust-briquette-machines\/\">m\u00e1quina de briquetas de aserr\u00edn<\/a> puede presionar las astillas de madera trituradas en varillas de biomasa a trav\u00e9s de alta temperatura. <\/p> <\/div><figure class=\"wp-block-media-text__media\"><img decoding=\"async\" src=\"https:\/\/bestcharcoalmachine.com\/wp-content\/uploads\/2021\/11\/sawdust-briquette-machine.jpg\" alt=\"m\u00e1quina-briquetas-de-aserr\u00edn\" class=\"wp-image-2542 size-full\"\/><\/figure><\/div>    <p>Cada l\u00ednea maximiza el valor de los materiales secos para una fabricaci\u00f3n ecol\u00f3gica.<\/p>    <h2 class=\"wp-block-heading\">Conclusi\u00f3n<\/h2>    <p>Con su alta eficiencia de secado, amplia adaptabilidad de materiales y configuraciones personalizables, el secador rotativo de biomasa industrial es una soluci\u00f3n ideal para proyectos de procesamiento de biomasa a gran escala. <\/p>    <p>Ya sea utilizado en la producci\u00f3n de briquetas, fabricaci\u00f3n de pellets o preparaci\u00f3n de materiales a base de madera, este secador garantiza un control de humedad constante y aumenta la eficiencia general de producci\u00f3n. Cont\u00e1ctenos hoy para obtener soluciones personalizadas para sus necesidades de secado de biomasa.<\/p>","protected":false},"excerpt":{"rendered":"<p>El secador rotatorio de biomasa industrial es una m\u00e1quina especializada para secar materiales de biomasa como astillas de madera y c\u00e1scaras de arroz, reduciendo su humedad al 8%-12% para una producci\u00f3n eficiente de carb\u00f3n.<\/p>","protected":false},"author":1,"featured_media":2250,"parent":0,"template":"","tags":[92],"product-type":[49],"class_list":["post-1180","product","type-product","status-publish","has-post-thumbnail","hentry","tag-industry-biomass-rotary-dryer","product-type-drying-machine"],"_links":{"self":[{"href":"https:\/\/bestcharcoalmachine.com\/es\/wp-json\/wp\/v2\/product\/1180","targetHints":{"allow":["GET"]}}],"collection":[{"href":"https:\/\/bestcharcoalmachine.com\/es\/wp-json\/wp\/v2\/product"}],"about":[{"href":"https:\/\/bestcharcoalmachine.com\/es\/wp-json\/wp\/v2\/types\/product"}],"author":[{"embeddable":true,"href":"https:\/\/bestcharcoalmachine.com\/es\/wp-json\/wp\/v2\/users\/1"}],"wp:featuredmedia":[{"embeddable":true,"href":"https:\/\/bestcharcoalmachine.com\/es\/wp-json\/wp\/v2\/media\/2250"}],"wp:attachment":[{"href":"https:\/\/bestcharcoalmachine.com\/es\/wp-json\/wp\/v2\/media?parent=1180"}],"wp:term":[{"taxonomy":"post_tag","embeddable":true,"href":"https:\/\/bestcharcoalmachine.com\/es\/wp-json\/wp\/v2\/tags?post=1180"},{"taxonomy":"product-type","embeddable":true,"href":"https:\/\/bestcharcoalmachine.com\/es\/wp-json\/wp\/v2\/product-type?post=1180"}],"curies":[{"name":"wp","href":"https:\/\/api.w.org\/{rel}","templated":true}]}}