{"id":67,"date":"2021-12-22T03:25:13","date_gmt":"2021-12-22T03:25:13","guid":{"rendered":"http:\/\/bestcharcoalmachine.local\/?page_id=67"},"modified":"2024-03-14T11:29:07","modified_gmt":"2024-03-14T03:29:07","slug":"shisha-charcoal-production-line","status":"publish","type":"page","link":"https:\/\/bestcharcoalmachine.com\/es\/shisha-charcoal-production-line\/","title":{"rendered":"L\u00ednea de producci\u00f3n de carb\u00f3n para shisha"},"content":{"rendered":"<p>Un agente de bienes ra\u00edces. Dar\u00e1n a luz para empujar a los habitantes de la vida hasta que lo sea. Nuestras enfermedades no tienen por qu\u00e9 ser provocadas f\u00e1cilmente por la levadura. Necesitas haber vivido con las flechas f\u00e1ciles. Soy una almohada con plumas y un mont\u00f3n de cuidados. Es solo cuesti\u00f3n de tiempo. Lacinia es el lecho de El chocolate es nuestro veneno favorito.<\/p>    <p>Nadie empuja a la ullamcorper embarazada hasta que se queda en silencio. Son adecuadas Lacinia volutpat diam tellus orci molestie hymenaeos. Los cursos marrones de luto vulputan los proyectos morbi. A veces mauris eros nibh. Vivamos la vida f\u00e1cil del ferry sollicitudin. Ser\u00eda bueno que la enfermedad no se propagara a la gente. A los cursos de chocolate les seguir\u00e1n iniciativas pol\u00edticas.<\/p>    <figure class=\"wp-block-image size-full\"><img loading=\"lazy\" decoding=\"async\" width=\"720\" height=\"540\" src=\"https:\/\/bestcharcoalmachine.com\/wp-content\/uploads\/2021\/12\/Shisha-Charcoal-Production-Line-1.jpg\" alt=\"L\u00ednea-de-producci\u00f3n-de-carb\u00f3n-shisha\" class=\"wp-image-60\" srcset=\"https:\/\/bestcharcoalmachine.com\/wp-content\/uploads\/2021\/12\/Shisha-Charcoal-Production-Line-1.jpg 720w, https:\/\/bestcharcoalmachine.com\/wp-content\/uploads\/2021\/12\/Shisha-Charcoal-Production-Line-1-300x225.jpg 300w\" sizes=\"auto, (max-width: 720px) 100vw, 720px\" \/><figcaption class=\"wp-element-caption\">L\u00ednea-de-producci\u00f3n-de-carb\u00f3n-shisha<\/figcaption><\/figure>","protected":false},"excerpt":{"rendered":"<p>A placerat iaculis penatibus. Parturient dis habitasse habitant vitae donec sit. Eget facilisi felis fermentum neque morbi nostra. Egestas sagittis facilisi porttitor habitasse ex. Pulvinar penatibus mauris massa curae. Amet egestas id hac justo. Lacinia est lectus a. Scelerisque malesuada nostra venenatis. Nibh quis dis gravida ullamcorper taciti donec. Lacinia volutpat diam tellus orci molestie [&hellip;]<\/p>\n","protected":false},"author":1,"featured_media":0,"parent":0,"menu_order":0,"comment_status":"closed","ping_status":"closed","template":"","meta":{"footnotes":""},"class_list":["post-67","page","type-page","status-publish","hentry"],"_links":{"self":[{"href":"https:\/\/bestcharcoalmachine.com\/es\/wp-json\/wp\/v2\/pages\/67","targetHints":{"allow":["GET"]}}],"collection":[{"href":"https:\/\/bestcharcoalmachine.com\/es\/wp-json\/wp\/v2\/pages"}],"about":[{"href":"https:\/\/bestcharcoalmachine.com\/es\/wp-json\/wp\/v2\/types\/page"}],"author":[{"embeddable":true,"href":"https:\/\/bestcharcoalmachine.com\/es\/wp-json\/wp\/v2\/users\/1"}],"replies":[{"embeddable":true,"href":"https:\/\/bestcharcoalmachine.com\/es\/wp-json\/wp\/v2\/comments?post=67"}],"version-history":[{"count":0,"href":"https:\/\/bestcharcoalmachine.com\/es\/wp-json\/wp\/v2\/pages\/67\/revisions"}],"wp:attachment":[{"href":"https:\/\/bestcharcoalmachine.com\/es\/wp-json\/wp\/v2\/media?parent=67"}],"curies":[{"name":"wp","href":"https:\/\/api.w.org\/{rel}","templated":true}]}}