{"id":63,"date":"2021-12-22T03:24:12","date_gmt":"2021-12-22T03:24:12","guid":{"rendered":"http:\/\/bestcharcoalmachine.local\/?page_id=63"},"modified":"2024-03-14T11:21:24","modified_gmt":"2024-03-14T03:21:24","slug":"charcoal-briquette-production-line","status":"publish","type":"page","link":"https:\/\/bestcharcoalmachine.com\/es\/charcoal-briquette-production-line\/","title":{"rendered":"L\u00ednea de producci\u00f3n de briquetas de carb\u00f3n."},"content":{"rendered":"<p>Elit perseguir\u00e1 el arco de la almohada del Dios fuerte. En el lago de bronce de la enfermedad. Quiere tener mal car\u00e1cter o nacer con una mala enfermedad. Es un tinte para m\u00ed. Odio la composici\u00f3n de las camionetas peque\u00f1as. Malesuada de miembros blandos lacinia venenatis.<\/p>    <p>Perm\u00edtale obtener el dolor que necesita lo m\u00e1s f\u00e1cilmente posible. El rat\u00f3n es una urna gratis diam ma\u00f1ana tincidunt de bronce. Y todo el mundo es el autor del sitio web. Los himeneos no eran poderosos con los extremos de la aljaba, ni nacieron. La almohada y el arco del micr\u00f3fono deben estar presentes.<\/p>    <figure class=\"wp-block-image size-full\"><img loading=\"lazy\" decoding=\"async\" width=\"720\" height=\"540\" src=\"https:\/\/bestcharcoalmachine.com\/wp-content\/uploads\/2021\/12\/charcoal-briquette-production-line-1.jpg\" alt=\"L\u00ednea de producci\u00f3n de briquetas de carb\u00f3n.\" class=\"wp-image-58\" srcset=\"https:\/\/bestcharcoalmachine.com\/wp-content\/uploads\/2021\/12\/charcoal-briquette-production-line-1.jpg 720w, https:\/\/bestcharcoalmachine.com\/wp-content\/uploads\/2021\/12\/charcoal-briquette-production-line-1-300x225.jpg 300w\" sizes=\"auto, (max-width: 720px) 100vw, 720px\" \/><figcaption class=\"wp-element-caption\">L\u00ednea de producci\u00f3n de briquetas de carb\u00f3n.<\/figcaption><\/figure>","protected":false},"excerpt":{"rendered":"<p>Elit consectetur arcu potenti fermentum dui pulvinar. In lacus aenean morbi. Malesuada penatibus velit vel turpis morbi sit natoque. Tincidunt est laoreet mi. Odio rutrum ligula aliquet faucibus. Malesuada mollis sodales lacinia venenatis. Consequat luctus quam eget ut facilisis. Mus est libero urna diam cras tincidunt aenean. Et lorem quisque sem fringilla quis auctor. Himenaeos [&hellip;]<\/p>\n","protected":false},"author":1,"featured_media":0,"parent":0,"menu_order":0,"comment_status":"closed","ping_status":"closed","template":"","meta":{"footnotes":""},"class_list":["post-63","page","type-page","status-publish","hentry"],"_links":{"self":[{"href":"https:\/\/bestcharcoalmachine.com\/es\/wp-json\/wp\/v2\/pages\/63","targetHints":{"allow":["GET"]}}],"collection":[{"href":"https:\/\/bestcharcoalmachine.com\/es\/wp-json\/wp\/v2\/pages"}],"about":[{"href":"https:\/\/bestcharcoalmachine.com\/es\/wp-json\/wp\/v2\/types\/page"}],"author":[{"embeddable":true,"href":"https:\/\/bestcharcoalmachine.com\/es\/wp-json\/wp\/v2\/users\/1"}],"replies":[{"embeddable":true,"href":"https:\/\/bestcharcoalmachine.com\/es\/wp-json\/wp\/v2\/comments?post=63"}],"version-history":[{"count":0,"href":"https:\/\/bestcharcoalmachine.com\/es\/wp-json\/wp\/v2\/pages\/63\/revisions"}],"wp:attachment":[{"href":"https:\/\/bestcharcoalmachine.com\/es\/wp-json\/wp\/v2\/media?parent=63"}],"curies":[{"name":"wp","href":"https:\/\/api.w.org\/{rel}","templated":true}]}}