{"id":30,"date":"2021-12-21T08:48:35","date_gmt":"2021-12-21T08:48:35","guid":{"rendered":"http:\/\/bestcharcoalmachine.local\/?page_id=30"},"modified":"2023-09-22T16:15:17","modified_gmt":"2023-09-22T08:15:17","slug":"contact-us","status":"publish","type":"page","link":"https:\/\/bestcharcoalmachine.com\/es\/contact-us\/","title":{"rendered":"Cont\u00e1ctenos"},"content":{"rendered":"<div class=\"wp-block-columns is-layout-flex wp-container-core-columns-is-layout-28f84493 wp-block-columns-is-layout-flex\"> <div class=\"wp-block-column is-layout-flow wp-block-column-is-layout-flow\"> <p>Si est\u00e1 interesado en alguna de nuestras m\u00e1quinas o servicios de carb\u00f3n, le invitamos a consultarnos libremente para obtener m\u00e1s informaci\u00f3n sobre las m\u00e1quinas de carb\u00f3n y podremos analizar sus necesidades y demandas \u00fanicas. <\/p>    <p>Enviamos invitaciones a todos los clientes potenciales para que visiten nuestra f\u00e1brica e inspeccionen personalmente nuestros equipos de m\u00e1quinas de carb\u00f3n. Puede ver c\u00f3mo funcionan nuestras m\u00e1quinas en el sitio y discutir con nuestros t\u00e9cnicos c\u00f3mo operar el equipo correctamente en persona. <\/p> <\/div>    <div class=\"wp-block-column is-layout-flow wp-block-column-is-layout-flow\"> <ul class=\"wp-block-list\"> <li><strong>Correo electr\u00f3nico:<\/strong>\u00a0info@bestcharcoalmachine.com<\/li> <\/ul>    <ul class=\"wp-block-list\"> <li><strong>WhatsApp:\u00a0<\/strong><a href=\"https:\/\/wa.me\/+8617329326135\" data-type=\"link\" data-id=\"https:\/\/wa.me\/+8617329326135\" target=\"_blank\" rel=\"noopener\">+8617329326135<\/a><\/li> <\/ul>    <ul class=\"wp-block-list\"> <li><strong>Tel\u00e9fono:<\/strong>\u00a0+86 17329326135<\/li> <\/ul> <\/div> <\/div>","protected":false},"excerpt":{"rendered":"<p>If you are interested in any of our charcoal machines or services, welcome to consult for more information freely about charcoal machines and we can discuss your unique needs and demand. We send out invitations to all potential customers to visit our factory and personally inspect our charcoal machine equipment. You can watch our machines [&hellip;]<\/p>\n","protected":false},"author":1,"featured_media":0,"parent":0,"menu_order":0,"comment_status":"closed","ping_status":"closed","template":"","meta":{"footnotes":""},"class_list":["post-30","page","type-page","status-publish","hentry"],"_links":{"self":[{"href":"https:\/\/bestcharcoalmachine.com\/es\/wp-json\/wp\/v2\/pages\/30","targetHints":{"allow":["GET"]}}],"collection":[{"href":"https:\/\/bestcharcoalmachine.com\/es\/wp-json\/wp\/v2\/pages"}],"about":[{"href":"https:\/\/bestcharcoalmachine.com\/es\/wp-json\/wp\/v2\/types\/page"}],"author":[{"embeddable":true,"href":"https:\/\/bestcharcoalmachine.com\/es\/wp-json\/wp\/v2\/users\/1"}],"replies":[{"embeddable":true,"href":"https:\/\/bestcharcoalmachine.com\/es\/wp-json\/wp\/v2\/comments?post=30"}],"version-history":[{"count":0,"href":"https:\/\/bestcharcoalmachine.com\/es\/wp-json\/wp\/v2\/pages\/30\/revisions"}],"wp:attachment":[{"href":"https:\/\/bestcharcoalmachine.com\/es\/wp-json\/wp\/v2\/media?parent=30"}],"curies":[{"name":"wp","href":"https:\/\/api.w.org\/{rel}","templated":true}]}}